{"id":11084,"date":"2021-12-10T19:06:23","date_gmt":"2021-12-10T19:06:23","guid":{"rendered":"https:\/\/www.lymphoma.ca\/?page_id=11084"},"modified":"2021-12-15T16:23:38","modified_gmt":"2021-12-15T16:23:38","slug":"gouverneur-honoraire-paul-henderson","status":"publish","type":"page","link":"https:\/\/www.lymphoma.ca\/fr\/gouverneur-honoraire-paul-henderson\/","title":{"rendered":"Lymphome Canada annonce la nomination d\u2019une l\u00e9gende du hockey, Paul Henderson, au poste de gouverneur honoraire"},"content":{"rendered":"[vc_row type=\u00a0\u00bbin_container\u00a0\u00bb full_screen_row_position=\u00a0\u00bbmiddle\u00a0\u00bb column_margin=\u00a0\u00bbdefault\u00a0\u00bb column_direction=\u00a0\u00bbdefault\u00a0\u00bb column_direction_tablet=\u00a0\u00bbdefault\u00a0\u00bb column_direction_phone=\u00a0\u00bbdefault\u00a0\u00bb scene_position=\u00a0\u00bbcenter\u00a0\u00bb text_color=\u00a0\u00bbdark\u00a0\u00bb text_align=\u00a0\u00bbleft\u00a0\u00bb row_border_radius=\u00a0\u00bbnone\u00a0\u00bb row_border_radius_applies=\u00a0\u00bbbg\u00a0\u00bb overlay_strength=\u00a0\u00bb0.3&Prime; gradient_direction=\u00a0\u00bbleft_to_right\u00a0\u00bb shape_divider_position=\u00a0\u00bbbottom\u00a0\u00bb bg_image_animation=\u00a0\u00bbnone\u00a0\u00bb][vc_column column_padding=\u00a0\u00bbno-extra-padding\u00a0\u00bb column_padding_tablet=\u00a0\u00bbinherit\u00a0\u00bb column_padding_phone=\u00a0\u00bbinherit\u00a0\u00bb column_padding_position=\u00a0\u00bball\u00a0\u00bb background_color_opacity=\u00a0\u00bb1&Prime; background_hover_color_opacity=\u00a0\u00bb1&Prime; column_shadow=\u00a0\u00bbnone\u00a0\u00bb column_border_radius=\u00a0\u00bbnone\u00a0\u00bb column_link_target=\u00a0\u00bb_self\u00a0\u00bb gradient_direction=\u00a0\u00bbleft_to_right\u00a0\u00bb overlay_strength=\u00a0\u00bb0.3&Prime; width=\u00a0\u00bb1\/2&Prime; tablet_width_inherit=\u00a0\u00bbdefault\u00a0\u00bb tablet_text_alignment=\u00a0\u00bbdefault\u00a0\u00bb phone_text_alignment=\u00a0\u00bbdefault\u00a0\u00bb column_border_width=\u00a0\u00bbnone\u00a0\u00bb column_border_style=\u00a0\u00bbsolid\u00a0\u00bb bg_image_animation=\u00a0\u00bbnone\u00a0\u00bb][image_with_animation image_url=\u00a0\u00bb11089&Prime; animation=\u00a0\u00bbFade In\u00a0\u00bb hover_animation=\u00a0\u00bbnone\u00a0\u00bb alignment=\u00a0\u00bbcenter\u00a0\u00bb border_radius=\u00a0\u00bbnone\u00a0\u00bb box_shadow=\u00a0\u00bbnone\u00a0\u00bb image_loading=\u00a0\u00bbdefault\u00a0\u00bb max_width=\u00a0\u00bb100%\u00a0\u00bb max_width_mobile=\u00a0\u00bbdefault\u00a0\u00bb][vc_column_text]<em>La photo de Paul Henderson appara\u00eet avec l&rsquo;aimable autorisation de William Brock.<\/em>[\/vc_column_text][\/vc_column][vc_column column_padding=\u00a0\u00bbno-extra-padding\u00a0\u00bb column_padding_tablet=\u00a0\u00bbinherit\u00a0\u00bb column_padding_phone=\u00a0\u00bbinherit\u00a0\u00bb column_padding_position=\u00a0\u00bball\u00a0\u00bb background_color_opacity=\u00a0\u00bb1&Prime; background_hover_color_opacity=\u00a0\u00bb1&Prime; column_shadow=\u00a0\u00bbnone\u00a0\u00bb column_border_radius=\u00a0\u00bbnone\u00a0\u00bb column_link_target=\u00a0\u00bb_self\u00a0\u00bb gradient_direction=\u00a0\u00bbleft_to_right\u00a0\u00bb overlay_strength=\u00a0\u00bb0.3&Prime; width=\u00a0\u00bb1\/2&Prime; tablet_width_inherit=\u00a0\u00bbdefault\u00a0\u00bb tablet_text_alignment=\u00a0\u00bbdefault\u00a0\u00bb phone_text_alignment=\u00a0\u00bbdefault\u00a0\u00bb column_border_width=\u00a0\u00bbnone\u00a0\u00bb column_border_style=\u00a0\u00bbsolid\u00a0\u00bb bg_image_animation=\u00a0\u00bbnone\u00a0\u00bb][vc_column_text]MISSISSAUGA, ONTARIO<span style=\"color: #000000;\">, le 16 d\u00e9cembre 2021.<\/span> &#8211; Lymphome Canada a annonc\u00e9 aujourd&rsquo;hui la nomination de Paul Henderson au poste de gouverneur honoraire. M. Henderson a \u00e9t\u00e9 ambassadeur de Lymphome Canada pendant plus de huit ans. Avec sa nomination, le nombre de <a href=\"https:\/\/www.lymphoma.ca\/fr\/a-notre-propos\/notre-equipe\/conseil-dadministration\/\" target=\"_blank\" rel=\"noopener\"><u>gouverneurs honoraires<\/u><\/a> de Lymphome Canada atteint douze membres.<\/p>\n<p>\u00ab\u00a0Nous sommes heureux d&rsquo;accueillir Paul Henderson parmi nos gouverneurs honoraires, a d\u00e9clar\u00e9 Antonella Rizza, chef de la direction de Lymphome Canada. La vaste exp\u00e9rience philanthropique de Paul, qui repose sur les collectes de fonds et la sensibilisation au lymphome, joue un r\u00f4le inestimable dans la fa\u00e7on dont nous poursuivons notre mission et dont nous servons les patients.\u00a0\u00bb<\/p>\n<p>Paul Henderson est surtout connu pour avoir men\u00e9 l&rsquo;\u00c9quipe Canada \u00e0 la victoire en 1972, lors de la S\u00e9rie du si\u00e8cle contre l&rsquo;ancienne Union sovi\u00e9tique. Il vit avec une leuc\u00e9mie lymphocytaire chronique (LLC), diagnostiqu\u00e9e en 2009. La LLC est une forme de cancer du sang qui affecte la moelle osseuse et les globules blancs. Chaque ann\u00e9e, plus de 2 200 Canadiennes et Canadiens re\u00e7oivent un diagnostic de LLC.[\/vc_column_text][\/vc_column][\/vc_row][vc_row type=\u00a0\u00bbin_container\u00a0\u00bb full_screen_row_position=\u00a0\u00bbmiddle\u00a0\u00bb column_margin=\u00a0\u00bbdefault\u00a0\u00bb column_direction=\u00a0\u00bbdefault\u00a0\u00bb column_direction_tablet=\u00a0\u00bbdefault\u00a0\u00bb column_direction_phone=\u00a0\u00bbdefault\u00a0\u00bb scene_position=\u00a0\u00bbcenter\u00a0\u00bb text_color=\u00a0\u00bbdark\u00a0\u00bb text_align=\u00a0\u00bbleft\u00a0\u00bb row_border_radius=\u00a0\u00bbnone\u00a0\u00bb row_border_radius_applies=\u00a0\u00bbbg\u00a0\u00bb overlay_strength=\u00a0\u00bb0.3&Prime; gradient_direction=\u00a0\u00bbleft_to_right\u00a0\u00bb shape_divider_position=\u00a0\u00bbbottom\u00a0\u00bb bg_image_animation=\u00a0\u00bbnone\u00a0\u00bb][vc_column column_padding=\u00a0\u00bbno-extra-padding\u00a0\u00bb column_padding_tablet=\u00a0\u00bbinherit\u00a0\u00bb column_padding_phone=\u00a0\u00bbinherit\u00a0\u00bb column_padding_position=\u00a0\u00bball\u00a0\u00bb background_color_opacity=\u00a0\u00bb1&Prime; background_hover_color_opacity=\u00a0\u00bb1&Prime; column_shadow=\u00a0\u00bbnone\u00a0\u00bb column_border_radius=\u00a0\u00bbnone\u00a0\u00bb column_link_target=\u00a0\u00bb_self\u00a0\u00bb gradient_direction=\u00a0\u00bbleft_to_right\u00a0\u00bb overlay_strength=\u00a0\u00bb0.3&Prime; width=\u00a0\u00bb1\/1&Prime; tablet_width_inherit=\u00a0\u00bbdefault\u00a0\u00bb tablet_text_alignment=\u00a0\u00bbdefault\u00a0\u00bb phone_text_alignment=\u00a0\u00bbdefault\u00a0\u00bb column_border_width=\u00a0\u00bbnone\u00a0\u00bb column_border_style=\u00a0\u00bbsolid\u00a0\u00bb bg_image_animation=\u00a0\u00bbnone\u00a0\u00bb][vc_column_text]M. Henderson a \u00e9t\u00e9 intronis\u00e9 \u00e0 deux reprises au Temple de la renomm\u00e9e des sports du Canada, d&rsquo;abord \u00e0 titre individuel en 1995, puis dix ans plus tard, avec ses co\u00e9quipiers de la S\u00e9rie du si\u00e8cle de 1972. Son \u00e9quipe obtient alors une \u00e9toile sur l&rsquo;All\u00e9e des c\u00e9l\u00e9brit\u00e9s canadiennes. Puis en 1997, M. Henderson devient membre du Temple de la renomm\u00e9e des sports de l&rsquo;Ontario et, en 2013, du Temple de la renomm\u00e9e de la F\u00e9d\u00e9ration internationale de hockey sur glace (IIHF). En 2013, Hockey Canada l\u2019honore \u00e9galement de l&rsquo;Ordre du hockey au Canada. En d\u00e9cembre 2012, il devient membre de l&rsquo;Ordre du Canada en reconnaissance de \u00ab son engagement \u00e0 l\u2019\u00e9gard de diverses causes sociales et caritatives \u00bb ainsi que de ses succ\u00e8s au hockey. Enfin, en 2014, il re\u00e7oit la plus haute distinction civile, l&rsquo;Ordre de l&rsquo;Ontario.<\/p>\n<p>En partenariat avec Lymphome Canada, M. Henderson \u0153uvre depuis longtemps \u00e0 promouvoir l&rsquo;autonomie des patients atteints de lymphome. Outre son r\u00f4le d\u2019ambassadeur vedette \u00e0 l&rsquo;\u00e9dition 2017 de la Classique Creighton<em> Par for the Cure<\/em>, il a racont\u00e9 son histoire comme patient dans un envoi postal pancanadien afin de recueillir des fonds pour la recherche sur le lymphome. Ce philanthrope a \u00e9galement particip\u00e9 \u00e0 des efforts pour inciter le gouvernement de l&rsquo;Ontario \u00e0 contribuer au financement des m\u00e9dicaments contre le cancer, pris \u00e0 la maison pour les patients atteints d\u2019un lymphome.<\/p>\n<p>\u00ab\u00a0Je suis honor\u00e9 de jouer un r\u00f4le encore plus actif au sein de Lymphome Canada, a d\u00e9clar\u00e9 Paul Henderson. L&rsquo;organisme en a tellement fait pour les personnes atteintes de la maladie, et j&rsquo;esp\u00e8re l&rsquo;aider \u00e0 poursuivre son action.\u00a0\u00bb<\/p>\n<p>Nous nous r\u00e9jouissons \u00e0 la perspective de renforcer notre partenariat avec Paul, dans le cadre de ses fonctions de membre des gouverneurs honoraires de Lymphome Canada.[\/vc_column_text][vc_column_text]Pour plus de d\u00e9tails sur l\u2019exp\u00e9rience de Paul Henderson avec la LLC, visitez :<span style=\"color: #5c13b0;\"> <a style=\"color: #5c13b0;\" href=\"https:\/\/www.lymphoma.ca\/paulhenderson\">https:\/\/www.lymphoma.ca\/paulhenderson<\/a><\/span><\/p>\n<p>&nbsp;<\/p>\n<p>Pour toute question ou demande, communiquez avec Lymphome Canada<\/p>\n<p>Antonella Rizza: <span style=\"color: #5c13b0;\"><a style=\"color: #5c13b0;\" href=\"mailto:antonella@lymphoma.ca\">antonella@lymphoma.ca<\/a><\/span><\/p>\n<p>905 858-5967, poste 226[\/vc_column_text][\/vc_column][\/vc_row][vc_row type=\u00a0\u00bbin_container\u00a0\u00bb full_screen_row_position=\u00a0\u00bbmiddle\u00a0\u00bb column_margin=\u00a0\u00bbdefault\u00a0\u00bb column_direction=\u00a0\u00bbdefault\u00a0\u00bb column_direction_tablet=\u00a0\u00bbdefault\u00a0\u00bb column_direction_phone=\u00a0\u00bbdefault\u00a0\u00bb scene_position=\u00a0\u00bbcenter\u00a0\u00bb text_color=\u00a0\u00bbdark\u00a0\u00bb text_align=\u00a0\u00bbleft\u00a0\u00bb row_border_radius=\u00a0\u00bbnone\u00a0\u00bb row_border_radius_applies=\u00a0\u00bbbg\u00a0\u00bb overlay_strength=\u00a0\u00bb0.3&Prime; gradient_direction=\u00a0\u00bbleft_to_right\u00a0\u00bb shape_divider_position=\u00a0\u00bbbottom\u00a0\u00bb bg_image_animation=\u00a0\u00bbnone\u00a0\u00bb][vc_column column_padding=\u00a0\u00bbno-extra-padding\u00a0\u00bb column_padding_tablet=\u00a0\u00bbinherit\u00a0\u00bb column_padding_phone=\u00a0\u00bbinherit\u00a0\u00bb column_padding_position=\u00a0\u00bball\u00a0\u00bb background_color_opacity=\u00a0\u00bb1&Prime; background_hover_color_opacity=\u00a0\u00bb1&Prime; column_shadow=\u00a0\u00bbnone\u00a0\u00bb column_border_radius=\u00a0\u00bbnone\u00a0\u00bb column_link_target=\u00a0\u00bb_self\u00a0\u00bb gradient_direction=\u00a0\u00bbleft_to_right\u00a0\u00bb overlay_strength=\u00a0\u00bb0.3&Prime; width=\u00a0\u00bb1\/1&Prime; tablet_width_inherit=\u00a0\u00bbdefault\u00a0\u00bb tablet_text_alignment=\u00a0\u00bbdefault\u00a0\u00bb phone_text_alignment=\u00a0\u00bbdefault\u00a0\u00bb column_border_width=\u00a0\u00bbnone\u00a0\u00bb column_border_style=\u00a0\u00bbsolid\u00a0\u00bb bg_image_animation=\u00a0\u00bbnone\u00a0\u00bb][vc_column_text]\n<h2><strong>Lymphome Canada est heureux d&rsquo;accueillir la l\u00e9gende du hockey, Paul Henderson, au sein de ses gouverneurs honoraires.<\/strong><\/h2>\n[\/vc_column_text][\/vc_column][\/vc_row]\n","protected":false},"excerpt":{"rendered":"<p>[vc_row type=\u00a0\u00bbin_container\u00a0\u00bb full_screen_row_position=\u00a0\u00bbmiddle\u00a0\u00bb column_margin=\u00a0\u00bbdefault\u00a0\u00bb column_direction=\u00a0\u00bbdefault\u00a0\u00bb column_direction_tablet=\u00a0\u00bbdefault\u00a0\u00bb column_direction_phone=\u00a0\u00bbdefault\u00a0\u00bb scene_position=\u00a0\u00bbcenter\u00a0\u00bb text_color=\u00a0\u00bbdark\u00a0\u00bb text_align=\u00a0\u00bbleft\u00a0\u00bb row_border_radius=\u00a0\u00bbnone\u00a0\u00bb row_border_radius_applies=\u00a0\u00bbbg\u00a0\u00bb overlay_strength=\u00a0\u00bb0.3&Prime; gradient_direction=\u00a0\u00bbleft_to_right\u00a0\u00bb shape_divider_position=\u00a0\u00bbbottom\u00a0\u00bb bg_image_animation=\u00a0\u00bbnone\u00a0\u00bb][vc_column column_padding=\u00a0\u00bbno-extra-padding\u00a0\u00bb column_padding_tablet=\u00a0\u00bbinherit\u00a0\u00bb column_padding_phone=\u00a0\u00bbinherit\u00a0\u00bb column_padding_position=\u00a0\u00bball\u00a0\u00bb background_color_opacity=\u00a0\u00bb1&Prime; background_hover_color_opacity=\u00a0\u00bb1&Prime; column_shadow=\u00a0\u00bbnone\u00a0\u00bb column_border_radius=\u00a0\u00bbnone\u00a0\u00bb column_link_target=\u00a0\u00bb_self\u00a0\u00bb gradient_direction=\u00a0\u00bbleft_to_right\u00a0\u00bb overlay_strength=\u00a0\u00bb0.3&Prime; width=\u00a0\u00bb1\/2&Prime; tablet_width_inherit=\u00a0\u00bbdefault\u00a0\u00bb tablet_text_alignment=\u00a0\u00bbdefault\u00a0\u00bb&#8230;<\/p>\n","protected":false},"author":35,"featured_media":11089,"parent":0,"menu_order":40,"comment_status":"closed","ping_status":"closed","template":"","meta":{"_acf_changed":false,"footnotes":""},"categories":[],"tags":[],"class_list":["post-11084","page","type-page","status-publish","has-post-thumbnail"],"acf":[],"yoast_head":"<!-- This site is optimized with the Yoast SEO plugin v26.7 - https:\/\/yoast.com\/wordpress\/plugins\/seo\/ -->\n<title>Gouverneur Honoraire - Paul Henderson - Lymphoma Canada<\/title>\n<meta name=\"description\" content=\"Lymphome Canada annonce la nomination d\u2019une l\u00e9gende du hockey, Paul Henderson, au poste de gouverneur honoraire\" \/>\n<meta name=\"robots\" content=\"index, follow, max-snippet:-1, max-image-preview:large, max-video-preview:-1\" \/>\n<link rel=\"canonical\" href=\"https:\/\/www.lymphoma.ca\/fr\/gouverneur-honoraire-paul-henderson\/\" \/>\n<meta property=\"og:locale\" content=\"fr_FR\" \/>\n<meta property=\"og:type\" content=\"article\" \/>\n<meta property=\"og:title\" content=\"Gouverneur Honoraire - Paul Henderson - Lymphoma Canada\" \/>\n<meta property=\"og:description\" content=\"Lymphome Canada annonce la nomination d\u2019une l\u00e9gende du hockey, Paul Henderson, au poste de gouverneur honoraire\" \/>\n<meta property=\"og:url\" content=\"https:\/\/www.lymphoma.ca\/fr\/gouverneur-honoraire-paul-henderson\/\" \/>\n<meta property=\"og:site_name\" content=\"Lymphoma Canada\" \/>\n<meta property=\"article:publisher\" content=\"https:\/\/www.facebook.com\/LymphomaCanada\" \/>\n<meta property=\"article:modified_time\" content=\"2021-12-15T16:23:38+00:00\" \/>\n<meta property=\"og:image\" content=\"https:\/\/www.lymphoma.ca\/wp-content\/uploads\/2021\/12\/Screen-Shot-2021-12-10-at-1.50.00-PM.jpg\" \/>\n\t<meta property=\"og:image:width\" content=\"818\" \/>\n\t<meta property=\"og:image:height\" content=\"596\" \/>\n\t<meta property=\"og:image:type\" content=\"image\/jpeg\" \/>\n<meta name=\"twitter:card\" content=\"summary_large_image\" \/>\n<meta name=\"twitter:site\" content=\"@lymphomacanada\" \/>\n<meta name=\"twitter:label1\" content=\"Dur\u00e9e de lecture estim\u00e9e\" \/>\n\t<meta name=\"twitter:data1\" content=\"3 minutes\" \/>\n<script type=\"application\/ld+json\" class=\"yoast-schema-graph\">{\"@context\":\"https:\/\/schema.org\",\"@graph\":[{\"@type\":\"WebPage\",\"@id\":\"https:\/\/www.lymphoma.ca\/fr\/gouverneur-honoraire-paul-henderson\/\",\"url\":\"https:\/\/www.lymphoma.ca\/fr\/gouverneur-honoraire-paul-henderson\/\",\"name\":\"Gouverneur Honoraire - Paul Henderson - Lymphoma Canada\",\"isPartOf\":{\"@id\":\"https:\/\/www.lymphoma.ca\/fr\/#website\"},\"primaryImageOfPage\":{\"@id\":\"https:\/\/www.lymphoma.ca\/fr\/gouverneur-honoraire-paul-henderson\/#primaryimage\"},\"image\":{\"@id\":\"https:\/\/www.lymphoma.ca\/fr\/gouverneur-honoraire-paul-henderson\/#primaryimage\"},\"thumbnailUrl\":\"https:\/\/www.lymphoma.ca\/wp-content\/uploads\/2021\/12\/Screen-Shot-2021-12-10-at-1.50.00-PM.jpg\",\"datePublished\":\"2021-12-10T19:06:23+00:00\",\"dateModified\":\"2021-12-15T16:23:38+00:00\",\"description\":\"Lymphome Canada annonce la nomination d\u2019une l\u00e9gende du hockey, Paul Henderson, au poste de gouverneur honoraire\",\"breadcrumb\":{\"@id\":\"https:\/\/www.lymphoma.ca\/fr\/gouverneur-honoraire-paul-henderson\/#breadcrumb\"},\"inLanguage\":\"fr-FR\",\"potentialAction\":[{\"@type\":\"ReadAction\",\"target\":[\"https:\/\/www.lymphoma.ca\/fr\/gouverneur-honoraire-paul-henderson\/\"]}]},{\"@type\":\"ImageObject\",\"inLanguage\":\"fr-FR\",\"@id\":\"https:\/\/www.lymphoma.ca\/fr\/gouverneur-honoraire-paul-henderson\/#primaryimage\",\"url\":\"https:\/\/www.lymphoma.ca\/wp-content\/uploads\/2021\/12\/Screen-Shot-2021-12-10-at-1.50.00-PM.jpg\",\"contentUrl\":\"https:\/\/www.lymphoma.ca\/wp-content\/uploads\/2021\/12\/Screen-Shot-2021-12-10-at-1.50.00-PM.jpg\",\"width\":818,\"height\":596,\"caption\":\"Lymphome Canada annonce la nomination d\u2019une l\u00e9gende du hockey, Paul Henderson, au poste de gouverneur honoraire\"},{\"@type\":\"BreadcrumbList\",\"@id\":\"https:\/\/www.lymphoma.ca\/fr\/gouverneur-honoraire-paul-henderson\/#breadcrumb\",\"itemListElement\":[{\"@type\":\"ListItem\",\"position\":1,\"name\":\"Home\",\"item\":\"https:\/\/www.lymphoma.ca\/fr\/\"},{\"@type\":\"ListItem\",\"position\":2,\"name\":\"Lymphome Canada annonce la nomination d\u2019une l\u00e9gende du hockey, Paul Henderson, au poste de gouverneur honoraire\"}]},{\"@type\":\"WebSite\",\"@id\":\"https:\/\/www.lymphoma.ca\/fr\/#website\",\"url\":\"https:\/\/www.lymphoma.ca\/fr\/\",\"name\":\"Lymphoma Canada\",\"description\":\"Information. Help. Hope.\",\"publisher\":{\"@id\":\"https:\/\/www.lymphoma.ca\/fr\/#organization\"},\"potentialAction\":[{\"@type\":\"SearchAction\",\"target\":{\"@type\":\"EntryPoint\",\"urlTemplate\":\"https:\/\/www.lymphoma.ca\/fr\/?s={search_term_string}\"},\"query-input\":{\"@type\":\"PropertyValueSpecification\",\"valueRequired\":true,\"valueName\":\"search_term_string\"}}],\"inLanguage\":\"fr-FR\"},{\"@type\":\"Organization\",\"@id\":\"https:\/\/www.lymphoma.ca\/fr\/#organization\",\"name\":\"Lymphoma Canada\",\"url\":\"https:\/\/www.lymphoma.ca\/fr\/\",\"logo\":{\"@type\":\"ImageObject\",\"inLanguage\":\"fr-FR\",\"@id\":\"https:\/\/www.lymphoma.ca\/fr\/#\/schema\/logo\/image\/\",\"url\":\"https:\/\/www.lymphoma.ca\/wp-content\/uploads\/2023\/05\/logo-lymphoma.jpg\",\"contentUrl\":\"https:\/\/www.lymphoma.ca\/wp-content\/uploads\/2023\/05\/logo-lymphoma.jpg\",\"width\":343,\"height\":343,\"caption\":\"Lymphoma Canada\"},\"image\":{\"@id\":\"https:\/\/www.lymphoma.ca\/fr\/#\/schema\/logo\/image\/\"},\"sameAs\":[\"https:\/\/www.facebook.com\/LymphomaCanada\",\"https:\/\/x.com\/lymphomacanada\",\"https:\/\/www.linkedin.com\/company\/lymphoma-canada\/\",\"http:\/\/instagram.com\/lymphomacanada\",\"http:\/\/www.youtube.com\/user\/LymphomaTV\"]}]}<\/script>\n<!-- \/ Yoast SEO plugin. -->","yoast_head_json":{"title":"Gouverneur Honoraire - Paul Henderson - Lymphoma Canada","description":"Lymphome Canada annonce la nomination d\u2019une l\u00e9gende du hockey, Paul Henderson, au poste de gouverneur honoraire","robots":{"index":"index","follow":"follow","max-snippet":"max-snippet:-1","max-image-preview":"max-image-preview:large","max-video-preview":"max-video-preview:-1"},"canonical":"https:\/\/www.lymphoma.ca\/fr\/gouverneur-honoraire-paul-henderson\/","og_locale":"fr_FR","og_type":"article","og_title":"Gouverneur Honoraire - Paul Henderson - Lymphoma Canada","og_description":"Lymphome Canada annonce la nomination d\u2019une l\u00e9gende du hockey, Paul Henderson, au poste de gouverneur honoraire","og_url":"https:\/\/www.lymphoma.ca\/fr\/gouverneur-honoraire-paul-henderson\/","og_site_name":"Lymphoma Canada","article_publisher":"https:\/\/www.facebook.com\/LymphomaCanada","article_modified_time":"2021-12-15T16:23:38+00:00","og_image":[{"width":818,"height":596,"url":"https:\/\/www.lymphoma.ca\/wp-content\/uploads\/2021\/12\/Screen-Shot-2021-12-10-at-1.50.00-PM.jpg","type":"image\/jpeg"}],"twitter_card":"summary_large_image","twitter_site":"@lymphomacanada","twitter_misc":{"Dur\u00e9e de lecture estim\u00e9e":"3 minutes"},"schema":{"@context":"https:\/\/schema.org","@graph":[{"@type":"WebPage","@id":"https:\/\/www.lymphoma.ca\/fr\/gouverneur-honoraire-paul-henderson\/","url":"https:\/\/www.lymphoma.ca\/fr\/gouverneur-honoraire-paul-henderson\/","name":"Gouverneur Honoraire - Paul Henderson - Lymphoma Canada","isPartOf":{"@id":"https:\/\/www.lymphoma.ca\/fr\/#website"},"primaryImageOfPage":{"@id":"https:\/\/www.lymphoma.ca\/fr\/gouverneur-honoraire-paul-henderson\/#primaryimage"},"image":{"@id":"https:\/\/www.lymphoma.ca\/fr\/gouverneur-honoraire-paul-henderson\/#primaryimage"},"thumbnailUrl":"https:\/\/www.lymphoma.ca\/wp-content\/uploads\/2021\/12\/Screen-Shot-2021-12-10-at-1.50.00-PM.jpg","datePublished":"2021-12-10T19:06:23+00:00","dateModified":"2021-12-15T16:23:38+00:00","description":"Lymphome Canada annonce la nomination d\u2019une l\u00e9gende du hockey, Paul Henderson, au poste de gouverneur honoraire","breadcrumb":{"@id":"https:\/\/www.lymphoma.ca\/fr\/gouverneur-honoraire-paul-henderson\/#breadcrumb"},"inLanguage":"fr-FR","potentialAction":[{"@type":"ReadAction","target":["https:\/\/www.lymphoma.ca\/fr\/gouverneur-honoraire-paul-henderson\/"]}]},{"@type":"ImageObject","inLanguage":"fr-FR","@id":"https:\/\/www.lymphoma.ca\/fr\/gouverneur-honoraire-paul-henderson\/#primaryimage","url":"https:\/\/www.lymphoma.ca\/wp-content\/uploads\/2021\/12\/Screen-Shot-2021-12-10-at-1.50.00-PM.jpg","contentUrl":"https:\/\/www.lymphoma.ca\/wp-content\/uploads\/2021\/12\/Screen-Shot-2021-12-10-at-1.50.00-PM.jpg","width":818,"height":596,"caption":"Lymphome Canada annonce la nomination d\u2019une l\u00e9gende du hockey, Paul Henderson, au poste de gouverneur honoraire"},{"@type":"BreadcrumbList","@id":"https:\/\/www.lymphoma.ca\/fr\/gouverneur-honoraire-paul-henderson\/#breadcrumb","itemListElement":[{"@type":"ListItem","position":1,"name":"Home","item":"https:\/\/www.lymphoma.ca\/fr\/"},{"@type":"ListItem","position":2,"name":"Lymphome Canada annonce la nomination d\u2019une l\u00e9gende du hockey, Paul Henderson, au poste de gouverneur honoraire"}]},{"@type":"WebSite","@id":"https:\/\/www.lymphoma.ca\/fr\/#website","url":"https:\/\/www.lymphoma.ca\/fr\/","name":"Lymphoma Canada","description":"Information. Help. Hope.","publisher":{"@id":"https:\/\/www.lymphoma.ca\/fr\/#organization"},"potentialAction":[{"@type":"SearchAction","target":{"@type":"EntryPoint","urlTemplate":"https:\/\/www.lymphoma.ca\/fr\/?s={search_term_string}"},"query-input":{"@type":"PropertyValueSpecification","valueRequired":true,"valueName":"search_term_string"}}],"inLanguage":"fr-FR"},{"@type":"Organization","@id":"https:\/\/www.lymphoma.ca\/fr\/#organization","name":"Lymphoma Canada","url":"https:\/\/www.lymphoma.ca\/fr\/","logo":{"@type":"ImageObject","inLanguage":"fr-FR","@id":"https:\/\/www.lymphoma.ca\/fr\/#\/schema\/logo\/image\/","url":"https:\/\/www.lymphoma.ca\/wp-content\/uploads\/2023\/05\/logo-lymphoma.jpg","contentUrl":"https:\/\/www.lymphoma.ca\/wp-content\/uploads\/2023\/05\/logo-lymphoma.jpg","width":343,"height":343,"caption":"Lymphoma Canada"},"image":{"@id":"https:\/\/www.lymphoma.ca\/fr\/#\/schema\/logo\/image\/"},"sameAs":["https:\/\/www.facebook.com\/LymphomaCanada","https:\/\/x.com\/lymphomacanada","https:\/\/www.linkedin.com\/company\/lymphoma-canada\/","http:\/\/instagram.com\/lymphomacanada","http:\/\/www.youtube.com\/user\/LymphomaTV"]}]}},"_links":{"self":[{"href":"https:\/\/www.lymphoma.ca\/fr\/wp-json\/wp\/v2\/pages\/11084","targetHints":{"allow":["GET"]}}],"collection":[{"href":"https:\/\/www.lymphoma.ca\/fr\/wp-json\/wp\/v2\/pages"}],"about":[{"href":"https:\/\/www.lymphoma.ca\/fr\/wp-json\/wp\/v2\/types\/page"}],"author":[{"embeddable":true,"href":"https:\/\/www.lymphoma.ca\/fr\/wp-json\/wp\/v2\/users\/35"}],"replies":[{"embeddable":true,"href":"https:\/\/www.lymphoma.ca\/fr\/wp-json\/wp\/v2\/comments?post=11084"}],"version-history":[{"count":15,"href":"https:\/\/www.lymphoma.ca\/fr\/wp-json\/wp\/v2\/pages\/11084\/revisions"}],"predecessor-version":[{"id":11113,"href":"https:\/\/www.lymphoma.ca\/fr\/wp-json\/wp\/v2\/pages\/11084\/revisions\/11113"}],"wp:featuredmedia":[{"embeddable":true,"href":"https:\/\/www.lymphoma.ca\/fr\/wp-json\/wp\/v2\/media\/11089"}],"wp:attachment":[{"href":"https:\/\/www.lymphoma.ca\/fr\/wp-json\/wp\/v2\/media?parent=11084"}],"wp:term":[{"taxonomy":"category","embeddable":true,"href":"https:\/\/www.lymphoma.ca\/fr\/wp-json\/wp\/v2\/categories?post=11084"},{"taxonomy":"post_tag","embeddable":true,"href":"https:\/\/www.lymphoma.ca\/fr\/wp-json\/wp\/v2\/tags?post=11084"}],"curies":[{"name":"wp","href":"https:\/\/api.w.org\/{rel}","templated":true}]}}