{"id":12820,"date":"2023-02-06T00:15:22","date_gmt":"2023-02-06T00:15:22","guid":{"rendered":"https:\/\/www.lymphoma.ca\/?page_id=12820"},"modified":"2023-02-06T06:12:01","modified_gmt":"2023-02-06T06:12:01","slug":"notre-histoire","status":"publish","type":"page","link":"https:\/\/www.lymphoma.ca\/fr\/le-25e-anniversaire\/notre-histoire\/","title":{"rendered":"Notre Histoire"},"content":{"rendered":"[vc_row type=\u00a0\u00bbin_container\u00a0\u00bb full_screen_row_position=\u00a0\u00bbmiddle\u00a0\u00bb column_margin=\u00a0\u00bbdefault\u00a0\u00bb column_direction=\u00a0\u00bbdefault\u00a0\u00bb column_direction_tablet=\u00a0\u00bbdefault\u00a0\u00bb column_direction_phone=\u00a0\u00bbdefault\u00a0\u00bb scene_position=\u00a0\u00bbcenter\u00a0\u00bb text_color=\u00a0\u00bbdark\u00a0\u00bb text_align=\u00a0\u00bbleft\u00a0\u00bb row_border_radius=\u00a0\u00bbnone\u00a0\u00bb row_border_radius_applies=\u00a0\u00bbbg\u00a0\u00bb overlay_strength=\u00a0\u00bb0.3&Prime; gradient_direction=\u00a0\u00bbleft_to_right\u00a0\u00bb shape_divider_position=\u00a0\u00bbbottom\u00a0\u00bb bg_image_animation=\u00a0\u00bbnone\u00a0\u00bb][vc_column column_padding=\u00a0\u00bbno-extra-padding\u00a0\u00bb column_padding_tablet=\u00a0\u00bbinherit\u00a0\u00bb column_padding_phone=\u00a0\u00bbinherit\u00a0\u00bb column_padding_position=\u00a0\u00bball\u00a0\u00bb background_color_opacity=\u00a0\u00bb1&Prime; background_hover_color_opacity=\u00a0\u00bb1&Prime; column_shadow=\u00a0\u00bbnone\u00a0\u00bb column_border_radius=\u00a0\u00bbnone\u00a0\u00bb column_link_target=\u00a0\u00bb_self\u00a0\u00bb gradient_direction=\u00a0\u00bbleft_to_right\u00a0\u00bb overlay_strength=\u00a0\u00bb0.3&Prime; width=\u00a0\u00bb1\/1&Prime; tablet_width_inherit=\u00a0\u00bbdefault\u00a0\u00bb tablet_text_alignment=\u00a0\u00bbdefault\u00a0\u00bb phone_text_alignment=\u00a0\u00bbdefault\u00a0\u00bb column_border_width=\u00a0\u00bbnone\u00a0\u00bb column_border_style=\u00a0\u00bbsolid\u00a0\u00bb bg_image_animation=\u00a0\u00bbnone\u00a0\u00bb][vc_column_text]En 1998, dans des provinces \u00e9loign\u00e9es l\u2019une de l\u2019autre, Patricia Manson et Debora Sterritt ont voulu passer \u00e0 l\u2019action apr\u00e8s avoir constat\u00e9 qu&rsquo;aucun organisme canadien n\u2019offrait des ressources et des services de soutien aux patients canadiens atteints d\u2019un lymphome. Ainsi, l\u2019une a fond\u00e9 la Fondation canadienne de recherche sur le lymphome (FCRL) \u00e0 Vancouver, et l\u2019autre, la Fondation canadienne sur le lymphome (FCL) \u00e0 Toronto. Ces organismes ont finalement fusionn\u00e9 pour former Lymphome Canada, tel qu\u2019on le conna\u00eet aujourd&rsquo;hui.<\/p>\n<h2>La Fondation canadienne de recherche sur le lymphome (FCRL)<\/h2>\n<p>En 1997, apr\u00e8s avoir re\u00e7u un diagnostic de lymphome non hodgkinien, Patricia Manson a cherch\u00e9 en vain un organisme canadien de recherche sur le lymphome. Rapidement, elle a r\u00e9alis\u00e9 qu&rsquo;il n&rsquo;en existait aucun qui facilitait la distribution d&rsquo;informations pertinentes aux patients atteints d\u2019un lymphome. C&rsquo;est ainsi que le 6 f\u00e9vrier 1998, avec l&rsquo;aide des docteurs Connors et Hegele et l&rsquo;assistance juridique du cabinet Russell &amp; DuMoulin, Patricia Manson a fond\u00e9, \u00e0 Vancouver, la Fondation canadienne de recherche sur le lymphome (FCRL).<\/p>\n<p>En cr\u00e9ant la FCRL, Mme Manson a fait preuve d&rsquo;une grande r\u00e9silience face \u00e0 un cancer agressif. Elle est devenue une femme plus grande que nature aux yeux de ses amis et de sa famille \u2013 notamment aux yeux de son mari et de ses cinq enfants. Mais apr\u00e8s seulement quelques mois \u00e0 la pr\u00e9sidence de la FCRL, Mme Manson est d\u00e9c\u00e9d\u00e9e le 29 mai 1998. Lymphome Canada a permis de perp\u00e9tuer sa vision de la FCRL comme organisme susceptible d\u2019aider d&rsquo;autres personnes atteintes d\u2019un lymphome.[\/vc_column_text][vc_column_text]\n<h2>La Fondation canadienne sur le lymphome (FCL)<\/h2>\n<p>En 1998, \u00e0 Toronto, Deborah Sterritt fondait, \u00e0 son tour, la Fondation canadienne du lymphome (FCL) avec l&rsquo;aide du Dr Zanke, de Terry Creighton et de Jane Mingay. La motivation de Deborah concernant la cr\u00e9ation de cette fondation remonte \u00e0 1995, o\u00f9 l\u2019on avait d\u00e9couvert chez elle une forme indolente de lymphome non hodgkinien. Durant ses tentatives de prendre une d\u00e9cision \u00e9clair\u00e9e au sujet du traitement de son cancer, elle a d\u00e9couvert qu&rsquo;il n&rsquo;existait aucun groupe au Canada apte \u00e0 fournir aux patients l&rsquo;information dont ils avaient besoin pour lutter contre le lymphome. Apr\u00e8s avoir assist\u00e9 \u00e0 une conf\u00e9rence \u00e9ducative organis\u00e9e par la Lymphoma Foundation, \u00e0 New York , Deborah est devenue d\u00e9termin\u00e9e \u00e0 ce que les patients canadiens dans sa situation re\u00e7oivent le soutien et les renseignements informatifs auxquels ils avaient droit. Et c\u2019est ainsi qu\u2019est n\u00e9 la FCL.[\/vc_column_text][\/vc_column][\/vc_row][vc_row type=\u00a0\u00bbin_container\u00a0\u00bb full_screen_row_position=\u00a0\u00bbmiddle\u00a0\u00bb column_margin=\u00a0\u00bbdefault\u00a0\u00bb column_direction=\u00a0\u00bbdefault\u00a0\u00bb column_direction_tablet=\u00a0\u00bbdefault\u00a0\u00bb column_direction_phone=\u00a0\u00bbdefault\u00a0\u00bb scene_position=\u00a0\u00bbcenter\u00a0\u00bb text_color=\u00a0\u00bbdark\u00a0\u00bb text_align=\u00a0\u00bbleft\u00a0\u00bb row_border_radius=\u00a0\u00bbnone\u00a0\u00bb row_border_radius_applies=\u00a0\u00bbbg\u00a0\u00bb overlay_strength=\u00a0\u00bb0.3&Prime; gradient_direction=\u00a0\u00bbleft_to_right\u00a0\u00bb shape_divider_position=\u00a0\u00bbbottom\u00a0\u00bb bg_image_animation=\u00a0\u00bbnone\u00a0\u00bb][vc_column column_padding=\u00a0\u00bbno-extra-padding\u00a0\u00bb column_padding_tablet=\u00a0\u00bbinherit\u00a0\u00bb column_padding_phone=\u00a0\u00bbinherit\u00a0\u00bb column_padding_position=\u00a0\u00bball\u00a0\u00bb background_color_opacity=\u00a0\u00bb1&Prime; background_hover_color_opacity=\u00a0\u00bb1&Prime; column_shadow=\u00a0\u00bbnone\u00a0\u00bb column_border_radius=\u00a0\u00bbnone\u00a0\u00bb column_link_target=\u00a0\u00bb_self\u00a0\u00bb gradient_direction=\u00a0\u00bbleft_to_right\u00a0\u00bb overlay_strength=\u00a0\u00bb0.3&Prime; width=\u00a0\u00bb1\/1&Prime; tablet_width_inherit=\u00a0\u00bbdefault\u00a0\u00bb tablet_text_alignment=\u00a0\u00bbdefault\u00a0\u00bb phone_text_alignment=\u00a0\u00bbdefault\u00a0\u00bb column_border_width=\u00a0\u00bbnone\u00a0\u00bb column_border_style=\u00a0\u00bbsolid\u00a0\u00bb bg_image_animation=\u00a0\u00bbnone\u00a0\u00bb][vc_column_text]\n<h2>Cr\u00e9ation de Lymphome Canada<\/h2>\n<blockquote><p><em>\u00ab La collaboration est essentielle lorsqu&rsquo;il s&rsquo;agit de questions li\u00e9es aux soins de sant\u00e9. \u00bb \u2013 <\/em>\u00a0Deborah Sterritt<\/p><\/blockquote>\n<p>La FCRL et la FCL ont toutes deux permis de d\u00e9finir le besoin d&rsquo;une forte pr\u00e9sence \u00e0 l\u2019\u00e9chelle nationale, capable de fournir efficacement aux patients canadiens atteints d\u2019un lymphome l&rsquo;information et le soutien dont ils ont besoin. En 2000, ils fusionnent pour former la Fondation Lymphome Canada afin de mieux servir la communaut\u00e9 nationale du lymphome. En 2019, la Fondation Lymphome Canada devient Lymphome Canada.<\/p>\n<p><strong>Depuis sa cr\u00e9ation sous les noms de FCRL et de FCL, Lymphome Canada est rest\u00e9 fid\u00e8le \u00e0 sa mission d&rsquo;habiliter les patients et la communaut\u00e9 du lymphome par l&rsquo;\u00e9ducation, les services de soutien, la d\u00e9fense des droits et la recherche.<\/strong><\/p>\n<p>Lymphome Canada fournit gratuitement des ressources \u00e9ducatives aux h\u00f4pitaux et aux patients de tout le pays. Toute l&rsquo;ann\u00e9e, nous organisons des webinaires couvrant une vari\u00e9t\u00e9 de sujets sur le lymphome. L&rsquo;organisme d\u00e9fend continuellement les int\u00e9r\u00eats des patients atteints d\u2019un lymphome et sensibilise la population \u00e0 ce type de cancer gr\u00e2ce \u00e0 diff\u00e9rentes initiatives de d\u00e9fense des droits et de sensibilisation. Chaque ann\u00e9e, les subventions de recherche de Lymphome Canada sont attribu\u00e9es \u00e0 des recherches canadiennes prometteuses, qui ont le potentiel de g\u00e9n\u00e9rer des r\u00e9sultats positifs pour les patients atteints de cette maladie.<\/p>\n<p>Les 25 derni\u00e8res ann\u00e9es n&rsquo;auraient pas \u00e9t\u00e9 possibles sans l\u2019apport g\u00e9n\u00e9reux de nos sympathisants sous forme de subventions, de commandites et de dons.<\/p>\n<p>Nous sommes reconnaissants \u00e0 tous ceux qui nous ont soutenus et aid\u00e9s \u00e0 remplir notre mission : donner des moyens d\u2019action aux patients et \u00e0 la communaut\u00e9 du lymphome par l&rsquo;\u00e9ducation, les services de soutien, la d\u00e9fense des droits et la recherche.<\/p>\n<p>Nous tenons \u00e9galement \u00e0 souligner la contribution de nos b\u00e9n\u00e9voles, notamment ceux qui composent notre conseil d&rsquo;administration et notre conseil scientifique.[\/vc_column_text][vc_column_text]\n<h2>Les 25 prochaines ann\u00e9es<\/h2>\n<p>Tourn\u00e9 vers l&rsquo;avenir, Lymphome Canada est convaincu de pouvoir demeurer fid\u00e8le \u00e0 sa mission. Nous continuerons \u00e0 fournir des ressources et des services de soutien aux patients canadiens atteints d\u2019un lymphome et \u00e0 leurs proches. Nos subventions de recherche financeront des \u00e9tudes prometteuses susceptibles de cr\u00e9er des r\u00e9sultats positifs pour les patients. Nous continuerons \u00e9galement \u00e0 pr\u00e9coniser des options de traitement pour permettre aux patients de vivre leur vie malgr\u00e9 leur lymphome.[\/vc_column_text][\/vc_column][\/vc_row][vc_row type=\u00a0\u00bbin_container\u00a0\u00bb full_screen_row_position=\u00a0\u00bbmiddle\u00a0\u00bb column_margin=\u00a0\u00bbdefault\u00a0\u00bb column_direction=\u00a0\u00bbdefault\u00a0\u00bb column_direction_tablet=\u00a0\u00bbdefault\u00a0\u00bb column_direction_phone=\u00a0\u00bbdefault\u00a0\u00bb scene_position=\u00a0\u00bbcenter\u00a0\u00bb text_color=\u00a0\u00bbdark\u00a0\u00bb text_align=\u00a0\u00bbleft\u00a0\u00bb row_border_radius=\u00a0\u00bbnone\u00a0\u00bb row_border_radius_applies=\u00a0\u00bbbg\u00a0\u00bb overlay_strength=\u00a0\u00bb0.3&Prime; gradient_direction=\u00a0\u00bbleft_to_right\u00a0\u00bb shape_divider_position=\u00a0\u00bbbottom\u00a0\u00bb bg_image_animation=\u00a0\u00bbnone\u00a0\u00bb][vc_column column_padding=\u00a0\u00bbno-extra-padding\u00a0\u00bb column_padding_tablet=\u00a0\u00bbinherit\u00a0\u00bb column_padding_phone=\u00a0\u00bbinherit\u00a0\u00bb column_padding_position=\u00a0\u00bball\u00a0\u00bb background_color_opacity=\u00a0\u00bb1&Prime; background_hover_color_opacity=\u00a0\u00bb1&Prime; column_shadow=\u00a0\u00bbnone\u00a0\u00bb column_border_radius=\u00a0\u00bbnone\u00a0\u00bb column_link_target=\u00a0\u00bb_self\u00a0\u00bb gradient_direction=\u00a0\u00bbleft_to_right\u00a0\u00bb overlay_strength=\u00a0\u00bb0.3&Prime; width=\u00a0\u00bb1\/1&Prime; tablet_width_inherit=\u00a0\u00bbdefault\u00a0\u00bb tablet_text_alignment=\u00a0\u00bbdefault\u00a0\u00bb phone_text_alignment=\u00a0\u00bbdefault\u00a0\u00bb column_border_width=\u00a0\u00bbnone\u00a0\u00bb column_border_style=\u00a0\u00bbsolid\u00a0\u00bb bg_image_animation=\u00a0\u00bbnone\u00a0\u00bb][vc_column_text]\n<hr \/>\n<h2 style=\"text-align: left;\">Faites une contribution pour nous aider \u00e0 poursuivre notre mission.<\/h2>\n<p>Lymphome Canada compte sur la g\u00e9n\u00e9rosit\u00e9 de donateurs comme vous pour poursuivre sa mission : donner des moyens d\u2019action aux patients et \u00e0 la communaut\u00e9 canadienne du lymphome par le biais de l&rsquo;\u00e9ducation, des services de soutien, de la d\u00e9fense des droits et de la recherche.[\/vc_column_text][nectar_btn size=\u00a0\u00bblarge\u00a0\u00bb open_new_tab=\u00a0\u00bbtrue\u00a0\u00bb button_style=\u00a0\u00bbregular\u00a0\u00bb button_color_2=\u00a0\u00bbAccent-Color\u00a0\u00bb icon_family=\u00a0\u00bbnone\u00a0\u00bb text=\u00a0\u00bbFAITES UN DON\u00a0\u00bb url=\u00a0\u00bbhttps:\/\/secure.e2rm.com\/registrant\/startup.aspx?eventid=381927&amp;LangPref=fr-CA\u00a0\u00bb][\/vc_column][\/vc_row]\n","protected":false},"excerpt":{"rendered":"<p>[vc_row type=\u00a0\u00bbin_container\u00a0\u00bb full_screen_row_position=\u00a0\u00bbmiddle\u00a0\u00bb column_margin=\u00a0\u00bbdefault\u00a0\u00bb column_direction=\u00a0\u00bbdefault\u00a0\u00bb column_direction_tablet=\u00a0\u00bbdefault\u00a0\u00bb column_direction_phone=\u00a0\u00bbdefault\u00a0\u00bb scene_position=\u00a0\u00bbcenter\u00a0\u00bb text_color=\u00a0\u00bbdark\u00a0\u00bb text_align=\u00a0\u00bbleft\u00a0\u00bb row_border_radius=\u00a0\u00bbnone\u00a0\u00bb row_border_radius_applies=\u00a0\u00bbbg\u00a0\u00bb overlay_strength=\u00a0\u00bb0.3&Prime; gradient_direction=\u00a0\u00bbleft_to_right\u00a0\u00bb shape_divider_position=\u00a0\u00bbbottom\u00a0\u00bb bg_image_animation=\u00a0\u00bbnone\u00a0\u00bb][vc_column column_padding=\u00a0\u00bbno-extra-padding\u00a0\u00bb column_padding_tablet=\u00a0\u00bbinherit\u00a0\u00bb column_padding_phone=\u00a0\u00bbinherit\u00a0\u00bb column_padding_position=\u00a0\u00bball\u00a0\u00bb background_color_opacity=\u00a0\u00bb1&Prime; background_hover_color_opacity=\u00a0\u00bb1&Prime; column_shadow=\u00a0\u00bbnone\u00a0\u00bb column_border_radius=\u00a0\u00bbnone\u00a0\u00bb column_link_target=\u00a0\u00bb_self\u00a0\u00bb gradient_direction=\u00a0\u00bbleft_to_right\u00a0\u00bb overlay_strength=\u00a0\u00bb0.3&Prime; width=\u00a0\u00bb1\/1&Prime; tablet_width_inherit=\u00a0\u00bbdefault\u00a0\u00bb tablet_text_alignment=\u00a0\u00bbdefault\u00a0\u00bb&#8230;<\/p>\n","protected":false},"author":35,"featured_media":0,"parent":12819,"menu_order":4,"comment_status":"closed","ping_status":"closed","template":"","meta":{"_acf_changed":false,"footnotes":""},"categories":[],"tags":[],"class_list":["post-12820","page","type-page","status-publish"],"acf":[],"yoast_head":"<!-- This site is optimized with the Yoast SEO plugin v26.7 - https:\/\/yoast.com\/wordpress\/plugins\/seo\/ -->\n<title>Notre Histoire - Lymphoma Canada<\/title>\n<meta name=\"description\" content=\"En 1998, dans des provinces \u00e9loign\u00e9es l\u2019une de l\u2019autre, Patricia Manson et Debora Sterritt ont voulu passer \u00e0 l\u2019action apr\u00e8s avoir constat\u00e9 qu&#039;aucun organisme canadien n\u2019offrait des ressources et des services de soutien aux patients canadiens atteints d\u2019un lymphome. Ainsi, l\u2019une a fond\u00e9 la Fondation canadienne de recherche sur le lymphome (FCRL) \u00e0 Vancouver, et l\u2019autre, la Fondation canadienne sur le lymphome (FCL) \u00e0 Toronto. Ces organismes ont finalement fusionn\u00e9 pour former Lymphome Canada, tel qu\u2019on le conna\u00eet aujourd&#039;hui.\" \/>\n<meta name=\"robots\" content=\"index, follow, max-snippet:-1, max-image-preview:large, max-video-preview:-1\" \/>\n<link rel=\"canonical\" href=\"https:\/\/www.lymphoma.ca\/fr\/le-25e-anniversaire\/notre-histoire\/\" \/>\n<meta property=\"og:locale\" content=\"fr_FR\" \/>\n<meta property=\"og:type\" content=\"article\" \/>\n<meta property=\"og:title\" content=\"Notre Histoire - Lymphoma Canada\" \/>\n<meta property=\"og:description\" content=\"En 1998, dans des provinces \u00e9loign\u00e9es l\u2019une de l\u2019autre, Patricia Manson et Debora Sterritt ont voulu passer \u00e0 l\u2019action apr\u00e8s avoir constat\u00e9 qu&#039;aucun organisme canadien n\u2019offrait des ressources et des services de soutien aux patients canadiens atteints d\u2019un lymphome. Ainsi, l\u2019une a fond\u00e9 la Fondation canadienne de recherche sur le lymphome (FCRL) \u00e0 Vancouver, et l\u2019autre, la Fondation canadienne sur le lymphome (FCL) \u00e0 Toronto. Ces organismes ont finalement fusionn\u00e9 pour former Lymphome Canada, tel qu\u2019on le conna\u00eet aujourd&#039;hui.\" \/>\n<meta property=\"og:url\" content=\"https:\/\/www.lymphoma.ca\/fr\/le-25e-anniversaire\/notre-histoire\/\" \/>\n<meta property=\"og:site_name\" content=\"Lymphoma Canada\" \/>\n<meta property=\"article:publisher\" content=\"https:\/\/www.facebook.com\/LymphomaCanada\" \/>\n<meta property=\"article:modified_time\" content=\"2023-02-06T06:12:01+00:00\" \/>\n<meta name=\"twitter:card\" content=\"summary_large_image\" \/>\n<meta name=\"twitter:site\" content=\"@lymphomacanada\" \/>\n<meta name=\"twitter:label1\" content=\"Dur\u00e9e de lecture estim\u00e9e\" \/>\n\t<meta name=\"twitter:data1\" content=\"5 minutes\" \/>\n<script type=\"application\/ld+json\" class=\"yoast-schema-graph\">{\"@context\":\"https:\/\/schema.org\",\"@graph\":[{\"@type\":\"WebPage\",\"@id\":\"https:\/\/www.lymphoma.ca\/fr\/le-25e-anniversaire\/notre-histoire\/\",\"url\":\"https:\/\/www.lymphoma.ca\/fr\/le-25e-anniversaire\/notre-histoire\/\",\"name\":\"Notre Histoire - Lymphoma Canada\",\"isPartOf\":{\"@id\":\"https:\/\/www.lymphoma.ca\/fr\/#website\"},\"datePublished\":\"2023-02-06T00:15:22+00:00\",\"dateModified\":\"2023-02-06T06:12:01+00:00\",\"description\":\"En 1998, dans des provinces \u00e9loign\u00e9es l\u2019une de l\u2019autre, Patricia Manson et Debora Sterritt ont voulu passer \u00e0 l\u2019action apr\u00e8s avoir constat\u00e9 qu'aucun organisme canadien n\u2019offrait des ressources et des services de soutien aux patients canadiens atteints d\u2019un lymphome. Ainsi, l\u2019une a fond\u00e9 la Fondation canadienne de recherche sur le lymphome (FCRL) \u00e0 Vancouver, et l\u2019autre, la Fondation canadienne sur le lymphome (FCL) \u00e0 Toronto. Ces organismes ont finalement fusionn\u00e9 pour former Lymphome Canada, tel qu\u2019on le conna\u00eet aujourd'hui.\",\"breadcrumb\":{\"@id\":\"https:\/\/www.lymphoma.ca\/fr\/le-25e-anniversaire\/notre-histoire\/#breadcrumb\"},\"inLanguage\":\"fr-FR\",\"potentialAction\":[{\"@type\":\"ReadAction\",\"target\":[\"https:\/\/www.lymphoma.ca\/fr\/le-25e-anniversaire\/notre-histoire\/\"]}]},{\"@type\":\"BreadcrumbList\",\"@id\":\"https:\/\/www.lymphoma.ca\/fr\/le-25e-anniversaire\/notre-histoire\/#breadcrumb\",\"itemListElement\":[{\"@type\":\"ListItem\",\"position\":1,\"name\":\"Home\",\"item\":\"https:\/\/www.lymphoma.ca\/fr\/\"},{\"@type\":\"ListItem\",\"position\":2,\"name\":\"Les 25 ans de Lymphome Canada\",\"item\":\"https:\/\/www.lymphoma.ca\/fr\/le-25e-anniversaire\/\"},{\"@type\":\"ListItem\",\"position\":3,\"name\":\"Notre Histoire\"}]},{\"@type\":\"WebSite\",\"@id\":\"https:\/\/www.lymphoma.ca\/fr\/#website\",\"url\":\"https:\/\/www.lymphoma.ca\/fr\/\",\"name\":\"Lymphoma Canada\",\"description\":\"Information. Help. Hope.\",\"publisher\":{\"@id\":\"https:\/\/www.lymphoma.ca\/fr\/#organization\"},\"potentialAction\":[{\"@type\":\"SearchAction\",\"target\":{\"@type\":\"EntryPoint\",\"urlTemplate\":\"https:\/\/www.lymphoma.ca\/fr\/?s={search_term_string}\"},\"query-input\":{\"@type\":\"PropertyValueSpecification\",\"valueRequired\":true,\"valueName\":\"search_term_string\"}}],\"inLanguage\":\"fr-FR\"},{\"@type\":\"Organization\",\"@id\":\"https:\/\/www.lymphoma.ca\/fr\/#organization\",\"name\":\"Lymphoma Canada\",\"url\":\"https:\/\/www.lymphoma.ca\/fr\/\",\"logo\":{\"@type\":\"ImageObject\",\"inLanguage\":\"fr-FR\",\"@id\":\"https:\/\/www.lymphoma.ca\/fr\/#\/schema\/logo\/image\/\",\"url\":\"https:\/\/www.lymphoma.ca\/wp-content\/uploads\/2023\/05\/logo-lymphoma.jpg\",\"contentUrl\":\"https:\/\/www.lymphoma.ca\/wp-content\/uploads\/2023\/05\/logo-lymphoma.jpg\",\"width\":343,\"height\":343,\"caption\":\"Lymphoma Canada\"},\"image\":{\"@id\":\"https:\/\/www.lymphoma.ca\/fr\/#\/schema\/logo\/image\/\"},\"sameAs\":[\"https:\/\/www.facebook.com\/LymphomaCanada\",\"https:\/\/x.com\/lymphomacanada\",\"https:\/\/www.linkedin.com\/company\/lymphoma-canada\/\",\"http:\/\/instagram.com\/lymphomacanada\",\"http:\/\/www.youtube.com\/user\/LymphomaTV\"]}]}<\/script>\n<!-- \/ Yoast SEO plugin. -->","yoast_head_json":{"title":"Notre Histoire - Lymphoma Canada","description":"En 1998, dans des provinces \u00e9loign\u00e9es l\u2019une de l\u2019autre, Patricia Manson et Debora Sterritt ont voulu passer \u00e0 l\u2019action apr\u00e8s avoir constat\u00e9 qu'aucun organisme canadien n\u2019offrait des ressources et des services de soutien aux patients canadiens atteints d\u2019un lymphome. Ainsi, l\u2019une a fond\u00e9 la Fondation canadienne de recherche sur le lymphome (FCRL) \u00e0 Vancouver, et l\u2019autre, la Fondation canadienne sur le lymphome (FCL) \u00e0 Toronto. Ces organismes ont finalement fusionn\u00e9 pour former Lymphome Canada, tel qu\u2019on le conna\u00eet aujourd'hui.","robots":{"index":"index","follow":"follow","max-snippet":"max-snippet:-1","max-image-preview":"max-image-preview:large","max-video-preview":"max-video-preview:-1"},"canonical":"https:\/\/www.lymphoma.ca\/fr\/le-25e-anniversaire\/notre-histoire\/","og_locale":"fr_FR","og_type":"article","og_title":"Notre Histoire - Lymphoma Canada","og_description":"En 1998, dans des provinces \u00e9loign\u00e9es l\u2019une de l\u2019autre, Patricia Manson et Debora Sterritt ont voulu passer \u00e0 l\u2019action apr\u00e8s avoir constat\u00e9 qu'aucun organisme canadien n\u2019offrait des ressources et des services de soutien aux patients canadiens atteints d\u2019un lymphome. Ainsi, l\u2019une a fond\u00e9 la Fondation canadienne de recherche sur le lymphome (FCRL) \u00e0 Vancouver, et l\u2019autre, la Fondation canadienne sur le lymphome (FCL) \u00e0 Toronto. Ces organismes ont finalement fusionn\u00e9 pour former Lymphome Canada, tel qu\u2019on le conna\u00eet aujourd'hui.","og_url":"https:\/\/www.lymphoma.ca\/fr\/le-25e-anniversaire\/notre-histoire\/","og_site_name":"Lymphoma Canada","article_publisher":"https:\/\/www.facebook.com\/LymphomaCanada","article_modified_time":"2023-02-06T06:12:01+00:00","twitter_card":"summary_large_image","twitter_site":"@lymphomacanada","twitter_misc":{"Dur\u00e9e de lecture estim\u00e9e":"5 minutes"},"schema":{"@context":"https:\/\/schema.org","@graph":[{"@type":"WebPage","@id":"https:\/\/www.lymphoma.ca\/fr\/le-25e-anniversaire\/notre-histoire\/","url":"https:\/\/www.lymphoma.ca\/fr\/le-25e-anniversaire\/notre-histoire\/","name":"Notre Histoire - Lymphoma Canada","isPartOf":{"@id":"https:\/\/www.lymphoma.ca\/fr\/#website"},"datePublished":"2023-02-06T00:15:22+00:00","dateModified":"2023-02-06T06:12:01+00:00","description":"En 1998, dans des provinces \u00e9loign\u00e9es l\u2019une de l\u2019autre, Patricia Manson et Debora Sterritt ont voulu passer \u00e0 l\u2019action apr\u00e8s avoir constat\u00e9 qu'aucun organisme canadien n\u2019offrait des ressources et des services de soutien aux patients canadiens atteints d\u2019un lymphome. Ainsi, l\u2019une a fond\u00e9 la Fondation canadienne de recherche sur le lymphome (FCRL) \u00e0 Vancouver, et l\u2019autre, la Fondation canadienne sur le lymphome (FCL) \u00e0 Toronto. Ces organismes ont finalement fusionn\u00e9 pour former Lymphome Canada, tel qu\u2019on le conna\u00eet aujourd'hui.","breadcrumb":{"@id":"https:\/\/www.lymphoma.ca\/fr\/le-25e-anniversaire\/notre-histoire\/#breadcrumb"},"inLanguage":"fr-FR","potentialAction":[{"@type":"ReadAction","target":["https:\/\/www.lymphoma.ca\/fr\/le-25e-anniversaire\/notre-histoire\/"]}]},{"@type":"BreadcrumbList","@id":"https:\/\/www.lymphoma.ca\/fr\/le-25e-anniversaire\/notre-histoire\/#breadcrumb","itemListElement":[{"@type":"ListItem","position":1,"name":"Home","item":"https:\/\/www.lymphoma.ca\/fr\/"},{"@type":"ListItem","position":2,"name":"Les 25 ans de Lymphome Canada","item":"https:\/\/www.lymphoma.ca\/fr\/le-25e-anniversaire\/"},{"@type":"ListItem","position":3,"name":"Notre Histoire"}]},{"@type":"WebSite","@id":"https:\/\/www.lymphoma.ca\/fr\/#website","url":"https:\/\/www.lymphoma.ca\/fr\/","name":"Lymphoma Canada","description":"Information. Help. Hope.","publisher":{"@id":"https:\/\/www.lymphoma.ca\/fr\/#organization"},"potentialAction":[{"@type":"SearchAction","target":{"@type":"EntryPoint","urlTemplate":"https:\/\/www.lymphoma.ca\/fr\/?s={search_term_string}"},"query-input":{"@type":"PropertyValueSpecification","valueRequired":true,"valueName":"search_term_string"}}],"inLanguage":"fr-FR"},{"@type":"Organization","@id":"https:\/\/www.lymphoma.ca\/fr\/#organization","name":"Lymphoma Canada","url":"https:\/\/www.lymphoma.ca\/fr\/","logo":{"@type":"ImageObject","inLanguage":"fr-FR","@id":"https:\/\/www.lymphoma.ca\/fr\/#\/schema\/logo\/image\/","url":"https:\/\/www.lymphoma.ca\/wp-content\/uploads\/2023\/05\/logo-lymphoma.jpg","contentUrl":"https:\/\/www.lymphoma.ca\/wp-content\/uploads\/2023\/05\/logo-lymphoma.jpg","width":343,"height":343,"caption":"Lymphoma Canada"},"image":{"@id":"https:\/\/www.lymphoma.ca\/fr\/#\/schema\/logo\/image\/"},"sameAs":["https:\/\/www.facebook.com\/LymphomaCanada","https:\/\/x.com\/lymphomacanada","https:\/\/www.linkedin.com\/company\/lymphoma-canada\/","http:\/\/instagram.com\/lymphomacanada","http:\/\/www.youtube.com\/user\/LymphomaTV"]}]}},"_links":{"self":[{"href":"https:\/\/www.lymphoma.ca\/fr\/wp-json\/wp\/v2\/pages\/12820","targetHints":{"allow":["GET"]}}],"collection":[{"href":"https:\/\/www.lymphoma.ca\/fr\/wp-json\/wp\/v2\/pages"}],"about":[{"href":"https:\/\/www.lymphoma.ca\/fr\/wp-json\/wp\/v2\/types\/page"}],"author":[{"embeddable":true,"href":"https:\/\/www.lymphoma.ca\/fr\/wp-json\/wp\/v2\/users\/35"}],"replies":[{"embeddable":true,"href":"https:\/\/www.lymphoma.ca\/fr\/wp-json\/wp\/v2\/comments?post=12820"}],"version-history":[{"count":3,"href":"https:\/\/www.lymphoma.ca\/fr\/wp-json\/wp\/v2\/pages\/12820\/revisions"}],"predecessor-version":[{"id":12823,"href":"https:\/\/www.lymphoma.ca\/fr\/wp-json\/wp\/v2\/pages\/12820\/revisions\/12823"}],"up":[{"embeddable":true,"href":"https:\/\/www.lymphoma.ca\/fr\/wp-json\/wp\/v2\/pages\/12819"}],"wp:attachment":[{"href":"https:\/\/www.lymphoma.ca\/fr\/wp-json\/wp\/v2\/media?parent=12820"}],"wp:term":[{"taxonomy":"category","embeddable":true,"href":"https:\/\/www.lymphoma.ca\/fr\/wp-json\/wp\/v2\/categories?post=12820"},{"taxonomy":"post_tag","embeddable":true,"href":"https:\/\/www.lymphoma.ca\/fr\/wp-json\/wp\/v2\/tags?post=12820"}],"curies":[{"name":"wp","href":"https:\/\/api.w.org\/{rel}","templated":true}]}}