{"id":12824,"date":"2023-02-06T01:16:12","date_gmt":"2023-02-06T01:16:12","guid":{"rendered":"https:\/\/www.lymphoma.ca\/?page_id=12824"},"modified":"2023-02-15T17:46:32","modified_gmt":"2023-02-15T17:46:32","slug":"racontez-votre-histoire","status":"publish","type":"page","link":"https:\/\/www.lymphoma.ca\/fr\/le-25e-anniversaire\/racontez-votre-histoire\/","title":{"rendered":"Racontez Votre Histoire"},"content":{"rendered":"[vc_row type=\u00a0\u00bbin_container\u00a0\u00bb full_screen_row_position=\u00a0\u00bbmiddle\u00a0\u00bb column_margin=\u00a0\u00bbdefault\u00a0\u00bb column_direction=\u00a0\u00bbdefault\u00a0\u00bb column_direction_tablet=\u00a0\u00bbdefault\u00a0\u00bb column_direction_phone=\u00a0\u00bbdefault\u00a0\u00bb scene_position=\u00a0\u00bbcenter\u00a0\u00bb text_color=\u00a0\u00bbdark\u00a0\u00bb text_align=\u00a0\u00bbleft\u00a0\u00bb row_border_radius=\u00a0\u00bbnone\u00a0\u00bb row_border_radius_applies=\u00a0\u00bbbg\u00a0\u00bb overlay_strength=\u00a0\u00bb0.3&Prime; gradient_direction=\u00a0\u00bbleft_to_right\u00a0\u00bb shape_divider_position=\u00a0\u00bbbottom\u00a0\u00bb bg_image_animation=\u00a0\u00bbnone\u00a0\u00bb][vc_column column_padding=\u00a0\u00bbno-extra-padding\u00a0\u00bb column_padding_tablet=\u00a0\u00bbinherit\u00a0\u00bb column_padding_phone=\u00a0\u00bbinherit\u00a0\u00bb column_padding_position=\u00a0\u00bball\u00a0\u00bb background_color_opacity=\u00a0\u00bb1&Prime; background_hover_color_opacity=\u00a0\u00bb1&Prime; column_shadow=\u00a0\u00bbnone\u00a0\u00bb column_border_radius=\u00a0\u00bbnone\u00a0\u00bb column_link_target=\u00a0\u00bb_self\u00a0\u00bb gradient_direction=\u00a0\u00bbleft_to_right\u00a0\u00bb overlay_strength=\u00a0\u00bb0.3&Prime; width=\u00a0\u00bb1\/1&Prime; tablet_width_inherit=\u00a0\u00bbdefault\u00a0\u00bb tablet_text_alignment=\u00a0\u00bbdefault\u00a0\u00bb phone_text_alignment=\u00a0\u00bbdefault\u00a0\u00bb column_border_width=\u00a0\u00bbnone\u00a0\u00bb column_border_style=\u00a0\u00bbsolid\u00a0\u00bb bg_image_animation=\u00a0\u00bbnone\u00a0\u00bb][vc_column_text]\n<h1>Nous voulons conna\u00eetre votre histoire.<\/h1>\n[\/vc_column_text][\/vc_column][\/vc_row][vc_row type=\u00a0\u00bbin_container\u00a0\u00bb full_screen_row_position=\u00a0\u00bbmiddle\u00a0\u00bb column_margin=\u00a0\u00bbdefault\u00a0\u00bb column_direction=\u00a0\u00bbdefault\u00a0\u00bb column_direction_tablet=\u00a0\u00bbdefault\u00a0\u00bb column_direction_phone=\u00a0\u00bbdefault\u00a0\u00bb scene_position=\u00a0\u00bbcenter\u00a0\u00bb text_color=\u00a0\u00bbdark\u00a0\u00bb text_align=\u00a0\u00bbleft\u00a0\u00bb row_border_radius=\u00a0\u00bbnone\u00a0\u00bb row_border_radius_applies=\u00a0\u00bbbg\u00a0\u00bb overlay_strength=\u00a0\u00bb0.3&Prime; gradient_direction=\u00a0\u00bbleft_to_right\u00a0\u00bb shape_divider_position=\u00a0\u00bbbottom\u00a0\u00bb bg_image_animation=\u00a0\u00bbnone\u00a0\u00bb][vc_column column_padding=\u00a0\u00bbno-extra-padding\u00a0\u00bb column_padding_tablet=\u00a0\u00bbinherit\u00a0\u00bb column_padding_phone=\u00a0\u00bbinherit\u00a0\u00bb column_padding_position=\u00a0\u00bball\u00a0\u00bb background_color_opacity=\u00a0\u00bb1&Prime; background_hover_color_opacity=\u00a0\u00bb1&Prime; column_shadow=\u00a0\u00bbnone\u00a0\u00bb column_border_radius=\u00a0\u00bbnone\u00a0\u00bb column_link_target=\u00a0\u00bb_self\u00a0\u00bb gradient_direction=\u00a0\u00bbleft_to_right\u00a0\u00bb overlay_strength=\u00a0\u00bb0.3&Prime; width=\u00a0\u00bb1\/1&Prime; tablet_width_inherit=\u00a0\u00bbdefault\u00a0\u00bb tablet_text_alignment=\u00a0\u00bbdefault\u00a0\u00bb phone_text_alignment=\u00a0\u00bbdefault\u00a0\u00bb column_border_width=\u00a0\u00bbnone\u00a0\u00bb column_border_style=\u00a0\u00bbsolid\u00a0\u00bb bg_image_animation=\u00a0\u00bbnone\u00a0\u00bb][vc_column_text]Ce ann\u00e9e-ci marque le 25e anniversaire de la cr\u00e9ation de Lymphome Canada. Nous voulons c\u00e9l\u00e9brer cette \u00e9tape importante en rendant hommage aux membres de la communaut\u00e9 du lymphome. Que vous soyez un patient ou un sympathisant, nous aimerions conna\u00eetre votre exp\u00e9rience du lymphome.<\/p>\n<p><strong>En racontant votre histoire, vous contribuerez \u00e0 sensibiliser le public au lymphome et \u00e0 r\u00e9conforter les personnes qui vivent une exp\u00e9rience semblable \u00e0 la v\u00f4tre.<\/strong><\/p>\n<p>Mais libre \u00e0 vous si vous n&rsquo;\u00eates pas \u00e0 l&rsquo;aise de raconter votre histoire. Il y a de nombreuses fa\u00e7ons de participer et de soutenir Lymphome Canada pour notre anniversaire. Continuez \u00e0 nous lire pour savoir comment vous pouvez participer \u00e0 notre \u00e9v\u00e9nement.[\/vc_column_text][\/vc_column][\/vc_row][vc_row type=\u00a0\u00bbin_container\u00a0\u00bb full_screen_row_position=\u00a0\u00bbmiddle\u00a0\u00bb column_margin=\u00a0\u00bbdefault\u00a0\u00bb column_direction=\u00a0\u00bbdefault\u00a0\u00bb column_direction_tablet=\u00a0\u00bbdefault\u00a0\u00bb column_direction_phone=\u00a0\u00bbdefault\u00a0\u00bb scene_position=\u00a0\u00bbcenter\u00a0\u00bb text_color=\u00a0\u00bbdark\u00a0\u00bb text_align=\u00a0\u00bbleft\u00a0\u00bb row_border_radius=\u00a0\u00bbnone\u00a0\u00bb row_border_radius_applies=\u00a0\u00bbbg\u00a0\u00bb overlay_strength=\u00a0\u00bb0.3&Prime; gradient_direction=\u00a0\u00bbleft_to_right\u00a0\u00bb shape_divider_position=\u00a0\u00bbbottom\u00a0\u00bb bg_image_animation=\u00a0\u00bbnone\u00a0\u00bb][vc_column column_padding=\u00a0\u00bbno-extra-padding\u00a0\u00bb column_padding_tablet=\u00a0\u00bbinherit\u00a0\u00bb column_padding_phone=\u00a0\u00bbinherit\u00a0\u00bb column_padding_position=\u00a0\u00bball\u00a0\u00bb background_color_opacity=\u00a0\u00bb1&Prime; background_hover_color_opacity=\u00a0\u00bb1&Prime; column_shadow=\u00a0\u00bbnone\u00a0\u00bb column_border_radius=\u00a0\u00bbnone\u00a0\u00bb column_link_target=\u00a0\u00bb_self\u00a0\u00bb gradient_direction=\u00a0\u00bbleft_to_right\u00a0\u00bb overlay_strength=\u00a0\u00bb0.3&Prime; width=\u00a0\u00bb1\/1&Prime; tablet_width_inherit=\u00a0\u00bbdefault\u00a0\u00bb tablet_text_alignment=\u00a0\u00bbdefault\u00a0\u00bb phone_text_alignment=\u00a0\u00bbdefault\u00a0\u00bb column_border_width=\u00a0\u00bbnone\u00a0\u00bb column_border_style=\u00a0\u00bbsolid\u00a0\u00bb bg_image_animation=\u00a0\u00bbnone\u00a0\u00bb][vc_row_inner column_margin=\u00a0\u00bbdefault\u00a0\u00bb column_direction=\u00a0\u00bbdefault\u00a0\u00bb column_direction_tablet=\u00a0\u00bbdefault\u00a0\u00bb column_direction_phone=\u00a0\u00bbdefault\u00a0\u00bb text_align=\u00a0\u00bbleft\u00a0\u00bb][vc_column_inner column_padding=\u00a0\u00bbno-extra-padding\u00a0\u00bb column_padding_tablet=\u00a0\u00bbinherit\u00a0\u00bb column_padding_phone=\u00a0\u00bbinherit\u00a0\u00bb column_padding_position=\u00a0\u00bball\u00a0\u00bb background_color_opacity=\u00a0\u00bb1&Prime; background_hover_color_opacity=\u00a0\u00bb1&Prime; column_shadow=\u00a0\u00bbnone\u00a0\u00bb column_border_radius=\u00a0\u00bbnone\u00a0\u00bb column_link_target=\u00a0\u00bb_self\u00a0\u00bb gradient_direction=\u00a0\u00bbleft_to_right\u00a0\u00bb overlay_strength=\u00a0\u00bb0.3&Prime; width=\u00a0\u00bb1\/2&Prime; tablet_width_inherit=\u00a0\u00bbdefault\u00a0\u00bb column_border_width=\u00a0\u00bbnone\u00a0\u00bb column_border_style=\u00a0\u00bbsolid\u00a0\u00bb bg_image_animation=\u00a0\u00bbnone\u00a0\u00bb][image_with_animation image_url=\u00a0\u00bb12263&Prime; animation=\u00a0\u00bbFade In\u00a0\u00bb hover_animation=\u00a0\u00bbnone\u00a0\u00bb alignment=\u00a0\u00bb\u00a0\u00bb border_radius=\u00a0\u00bbnone\u00a0\u00bb box_shadow=\u00a0\u00bbnone\u00a0\u00bb image_loading=\u00a0\u00bbdefault\u00a0\u00bb max_width=\u00a0\u00bb100%\u00a0\u00bb max_width_mobile=\u00a0\u00bbdefault\u00a0\u00bb][\/vc_column_inner][vc_column_inner column_padding=\u00a0\u00bbno-extra-padding\u00a0\u00bb column_padding_tablet=\u00a0\u00bbinherit\u00a0\u00bb column_padding_phone=\u00a0\u00bbinherit\u00a0\u00bb column_padding_position=\u00a0\u00bball\u00a0\u00bb background_color_opacity=\u00a0\u00bb1&Prime; background_hover_color_opacity=\u00a0\u00bb1&Prime; column_shadow=\u00a0\u00bbnone\u00a0\u00bb column_border_radius=\u00a0\u00bbnone\u00a0\u00bb column_link_target=\u00a0\u00bb_self\u00a0\u00bb gradient_direction=\u00a0\u00bbleft_to_right\u00a0\u00bb overlay_strength=\u00a0\u00bb0.3&Prime; width=\u00a0\u00bb1\/2&Prime; tablet_width_inherit=\u00a0\u00bbdefault\u00a0\u00bb column_border_width=\u00a0\u00bbnone\u00a0\u00bb column_border_style=\u00a0\u00bbsolid\u00a0\u00bb bg_image_animation=\u00a0\u00bbnone\u00a0\u00bb][vc_column_text]\n<h2>L\u2019histoire des patients<\/h2>\n<p>Les patients nous disent souvent que le fait de pouvoir raconter leur histoire et d\u2019entendre celle des autres est un \u00e9l\u00e9ment important de leur exp\u00e9rience du lymphome. M\u00eame si la situation d&rsquo;un patient varie d\u2019une personne \u00e0 l\u2019autre, il y a toujours des le\u00e7ons \u00e0 tirer de l\u2019exp\u00e9rience des autres. Lorsque vous racontez votre histoire, vous aidez d&rsquo;autres personnes qui vivent une exp\u00e9rience semblable \u00e0 la v\u00f4tre. Cliquez sur le bouton ci-dessous pour raconter votre histoire maintenant.[\/vc_column_text][nectar_btn size=\u00a0\u00bbsmall\u00a0\u00bb open_new_tab=\u00a0\u00bbtrue\u00a0\u00bb button_style=\u00a0\u00bbregular\u00a0\u00bb button_color_2=\u00a0\u00bbAccent-Color\u00a0\u00bb icon_family=\u00a0\u00bbnone\u00a0\u00bb button_id=\u00a0\u00bbPatient Stories Button &#8211; Anniversary\u00a0\u00bb text=\u00a0\u00bbSoumettez l\u2019histoire d\u2019un patient\u00a0\u00bb url=\u00a0\u00bbhttps:\/\/fr.surveymonkey.com\/r\/3HMJ3Z7&Prime;][\/vc_column_inner][\/vc_row_inner][vc_row_inner column_margin=\u00a0\u00bbdefault\u00a0\u00bb column_direction=\u00a0\u00bbdefault\u00a0\u00bb column_direction_tablet=\u00a0\u00bbdefault\u00a0\u00bb column_direction_phone=\u00a0\u00bbdefault\u00a0\u00bb text_align=\u00a0\u00bbleft\u00a0\u00bb][vc_column_inner column_padding=\u00a0\u00bbno-extra-padding\u00a0\u00bb column_padding_tablet=\u00a0\u00bbinherit\u00a0\u00bb column_padding_phone=\u00a0\u00bbinherit\u00a0\u00bb column_padding_position=\u00a0\u00bball\u00a0\u00bb background_color_opacity=\u00a0\u00bb1&Prime; background_hover_color_opacity=\u00a0\u00bb1&Prime; column_shadow=\u00a0\u00bbnone\u00a0\u00bb column_border_radius=\u00a0\u00bbnone\u00a0\u00bb column_link_target=\u00a0\u00bb_self\u00a0\u00bb gradient_direction=\u00a0\u00bbleft_to_right\u00a0\u00bb overlay_strength=\u00a0\u00bb0.3&Prime; width=\u00a0\u00bb1\/2&Prime; tablet_width_inherit=\u00a0\u00bbdefault\u00a0\u00bb column_border_width=\u00a0\u00bbnone\u00a0\u00bb column_border_style=\u00a0\u00bbsolid\u00a0\u00bb bg_image_animation=\u00a0\u00bbnone\u00a0\u00bb][vc_column_text]\n<h2>Histoires des sympathisants<\/h2>\n<p>Lymphome Canada ne pourrait fournir ses services d&rsquo;aide et ses ressources \u00e0 la communaut\u00e9 du lymphome sans des sympathisants comme vous.<\/p>\n<p>Nous vous invitons \u00e0 partager votre histoire si :<\/p>\n<ul>\n<li>vous avez ou avez eu un proche qui a re\u00e7u un diagnostic de lymphome;<br \/>\nvous nous avez aid\u00e9s \u00e0 informer la communaut\u00e9 du lymphome (chercheurs, conf\u00e9renciers lors de nos forum \u00e9ducatifs ou autres);<\/li>\n<li>vous contribuez \u00e0 sensibiliser le public au lymphome;<\/li>\n<li>vous avez particip\u00e9, parrain\u00e9 ou organis\u00e9 des \u00e9v\u00e9nements pour Lymphome Canada;<\/li>\n<li>vous avez fait un don \u00e0 Lymphome Canada<\/li>\n<\/ul>\n[\/vc_column_text][nectar_btn size=\u00a0\u00bbsmall\u00a0\u00bb open_new_tab=\u00a0\u00bbtrue\u00a0\u00bb button_style=\u00a0\u00bbregular\u00a0\u00bb button_color_2=\u00a0\u00bbAccent-Color\u00a0\u00bb icon_family=\u00a0\u00bbnone\u00a0\u00bb button_id=\u00a0\u00bbSubmit Supporter Story &#8211; Anniversary\u00a0\u00bb text=\u00a0\u00bbSoumettez l\u2019histoire d\u2019un sympathisant\u00a0\u00bb url=\u00a0\u00bbhttps:\/\/fr.surveymonkey.com\/r\/9FHSWVH\u00a0\u00bb][\/vc_column_inner][vc_column_inner column_padding=\u00a0\u00bbno-extra-padding\u00a0\u00bb column_padding_tablet=\u00a0\u00bbinherit\u00a0\u00bb column_padding_phone=\u00a0\u00bbinherit\u00a0\u00bb column_padding_position=\u00a0\u00bball\u00a0\u00bb background_color_opacity=\u00a0\u00bb1&Prime; background_hover_color_opacity=\u00a0\u00bb1&Prime; column_shadow=\u00a0\u00bbnone\u00a0\u00bb column_border_radius=\u00a0\u00bbnone\u00a0\u00bb column_link_target=\u00a0\u00bb_self\u00a0\u00bb gradient_direction=\u00a0\u00bbleft_to_right\u00a0\u00bb overlay_strength=\u00a0\u00bb0.3&Prime; width=\u00a0\u00bb1\/2&Prime; tablet_width_inherit=\u00a0\u00bbdefault\u00a0\u00bb column_border_width=\u00a0\u00bbnone\u00a0\u00bb column_border_style=\u00a0\u00bbsolid\u00a0\u00bb bg_image_animation=\u00a0\u00bbnone\u00a0\u00bb][image_with_animation image_url=\u00a0\u00bb12619&Prime; animation=\u00a0\u00bbFade In\u00a0\u00bb hover_animation=\u00a0\u00bbnone\u00a0\u00bb alignment=\u00a0\u00bb\u00a0\u00bb border_radius=\u00a0\u00bbnone\u00a0\u00bb box_shadow=\u00a0\u00bbnone\u00a0\u00bb image_loading=\u00a0\u00bbdefault\u00a0\u00bb max_width=\u00a0\u00bb100%\u00a0\u00bb max_width_mobile=\u00a0\u00bbdefault\u00a0\u00bb][\/vc_column_inner][\/vc_row_inner][vc_column_text]\n<h2>Vous ne voulez pas raconter votre histoire ?<\/h2>\n<p>Il existe de nombreuses fa\u00e7ons de soutenir Lymphome Canada \u00e0 l&rsquo;occasion de son 25e anniversaire. Vous pouvez <a href=\"https:\/\/www.lymphoma.ca\/fr\/participez\/\">vous impliquer<\/a> en <a href=\"https:\/\/www.lymphoma.ca\/fr\/participez\/benevoles\/\">faisant du b\u00e9n\u00e9volat<\/a>, en faisant <a href=\"https:\/\/secure.e2rm.com\/registrant\/startup.aspx?eventid=381927\">un don<\/a> ou en <a href=\"https:\/\/www.lymphoma.ca\/fr\/participez\/organisation-dun-evenement-benefice\/\">organisant une collecte de fonds<\/a>. Pour en savoir davantage sur la fa\u00e7on dont vous pouvez soutenir les patients atteints d\u2019un lymphome et sensibiliser le public, cliquez <a href=\"https:\/\/www.lymphoma.ca\/fr\/participez\/\">ici<\/a> contactez-nous \u00e0 l&rsquo;adresse <a href=\"mailto:info@lymphoma.ca\">info@lymphoma.ca<\/a> ou appelez-nous au 1.866.659.5556<\/p>\n<hr \/>\n<h2>Faites une contribution pour nous aider \u00e0 poursuivre notre mission.<\/h2>\n<p>Lymphome Canada compte sur la g\u00e9n\u00e9rosit\u00e9 de donateurs comme vous pour poursuivre sa mission : donner des moyens d\u2019action aux patients et \u00e0 la communaut\u00e9 canadienne du lymphome par le biais de l\u2019\u00e9ducation, des services de soutien, de la d\u00e9fense des droits et de la recherche.[\/vc_column_text][nectar_btn size=\u00a0\u00bbsmall\u00a0\u00bb open_new_tab=\u00a0\u00bbtrue\u00a0\u00bb button_style=\u00a0\u00bbregular\u00a0\u00bb button_color_2=\u00a0\u00bbAccent-Color\u00a0\u00bb icon_family=\u00a0\u00bbnone\u00a0\u00bb text=\u00a0\u00bbFAITES UN DON\u00a0\u00bb url=\u00a0\u00bbhttps:\/\/secure.e2rm.com\/registrant\/startup.aspx?eventid=381927&amp;LangPref=fr-CA\u00a0\u00bb][\/vc_column][\/vc_row]\n","protected":false},"excerpt":{"rendered":"<p>[vc_row type=\u00a0\u00bbin_container\u00a0\u00bb full_screen_row_position=\u00a0\u00bbmiddle\u00a0\u00bb column_margin=\u00a0\u00bbdefault\u00a0\u00bb column_direction=\u00a0\u00bbdefault\u00a0\u00bb column_direction_tablet=\u00a0\u00bbdefault\u00a0\u00bb column_direction_phone=\u00a0\u00bbdefault\u00a0\u00bb scene_position=\u00a0\u00bbcenter\u00a0\u00bb text_color=\u00a0\u00bbdark\u00a0\u00bb text_align=\u00a0\u00bbleft\u00a0\u00bb row_border_radius=\u00a0\u00bbnone\u00a0\u00bb row_border_radius_applies=\u00a0\u00bbbg\u00a0\u00bb overlay_strength=\u00a0\u00bb0.3&Prime; gradient_direction=\u00a0\u00bbleft_to_right\u00a0\u00bb shape_divider_position=\u00a0\u00bbbottom\u00a0\u00bb bg_image_animation=\u00a0\u00bbnone\u00a0\u00bb][vc_column column_padding=\u00a0\u00bbno-extra-padding\u00a0\u00bb column_padding_tablet=\u00a0\u00bbinherit\u00a0\u00bb column_padding_phone=\u00a0\u00bbinherit\u00a0\u00bb column_padding_position=\u00a0\u00bball\u00a0\u00bb background_color_opacity=\u00a0\u00bb1&Prime; background_hover_color_opacity=\u00a0\u00bb1&Prime; column_shadow=\u00a0\u00bbnone\u00a0\u00bb column_border_radius=\u00a0\u00bbnone\u00a0\u00bb column_link_target=\u00a0\u00bb_self\u00a0\u00bb gradient_direction=\u00a0\u00bbleft_to_right\u00a0\u00bb overlay_strength=\u00a0\u00bb0.3&Prime; width=\u00a0\u00bb1\/1&Prime; tablet_width_inherit=\u00a0\u00bbdefault\u00a0\u00bb tablet_text_alignment=\u00a0\u00bbdefault\u00a0\u00bb&#8230;<\/p>\n","protected":false},"author":35,"featured_media":0,"parent":12819,"menu_order":0,"comment_status":"closed","ping_status":"closed","template":"","meta":{"_acf_changed":false,"footnotes":""},"categories":[],"tags":[],"class_list":["post-12824","page","type-page","status-publish"],"acf":[],"yoast_head":"<!-- This site is optimized with the Yoast SEO plugin v26.7 - https:\/\/yoast.com\/wordpress\/plugins\/seo\/ -->\n<title>Racontez Votre Histoire - Lymphoma Canada<\/title>\n<meta name=\"description\" content=\"Que vous soyez un patient ou un sympathisant, nous aimerions conna\u00eetre votre exp\u00e9rience du lymphome.\" \/>\n<meta name=\"robots\" content=\"index, follow, max-snippet:-1, max-image-preview:large, max-video-preview:-1\" \/>\n<link rel=\"canonical\" href=\"https:\/\/www.lymphoma.ca\/fr\/le-25e-anniversaire\/racontez-votre-histoire\/\" \/>\n<meta property=\"og:locale\" content=\"fr_FR\" \/>\n<meta property=\"og:type\" content=\"article\" \/>\n<meta property=\"og:title\" content=\"Racontez Votre Histoire - Lymphoma Canada\" \/>\n<meta property=\"og:description\" content=\"Que vous soyez un patient ou un sympathisant, nous aimerions conna\u00eetre votre exp\u00e9rience du lymphome.\" \/>\n<meta property=\"og:url\" content=\"https:\/\/www.lymphoma.ca\/fr\/le-25e-anniversaire\/racontez-votre-histoire\/\" \/>\n<meta property=\"og:site_name\" content=\"Lymphoma Canada\" \/>\n<meta property=\"article:publisher\" content=\"https:\/\/www.facebook.com\/LymphomaCanada\" \/>\n<meta property=\"article:modified_time\" content=\"2023-02-15T17:46:32+00:00\" \/>\n<meta name=\"twitter:card\" content=\"summary_large_image\" \/>\n<meta name=\"twitter:site\" content=\"@lymphomacanada\" \/>\n<meta name=\"twitter:label1\" content=\"Dur\u00e9e de lecture estim\u00e9e\" \/>\n\t<meta name=\"twitter:data1\" content=\"3 minutes\" \/>\n<script type=\"application\/ld+json\" class=\"yoast-schema-graph\">{\"@context\":\"https:\/\/schema.org\",\"@graph\":[{\"@type\":\"WebPage\",\"@id\":\"https:\/\/www.lymphoma.ca\/fr\/le-25e-anniversaire\/racontez-votre-histoire\/\",\"url\":\"https:\/\/www.lymphoma.ca\/fr\/le-25e-anniversaire\/racontez-votre-histoire\/\",\"name\":\"Racontez Votre Histoire - Lymphoma Canada\",\"isPartOf\":{\"@id\":\"https:\/\/www.lymphoma.ca\/fr\/#website\"},\"datePublished\":\"2023-02-06T01:16:12+00:00\",\"dateModified\":\"2023-02-15T17:46:32+00:00\",\"description\":\"Que vous soyez un patient ou un sympathisant, nous aimerions conna\u00eetre votre exp\u00e9rience du lymphome.\",\"breadcrumb\":{\"@id\":\"https:\/\/www.lymphoma.ca\/fr\/le-25e-anniversaire\/racontez-votre-histoire\/#breadcrumb\"},\"inLanguage\":\"fr-FR\",\"potentialAction\":[{\"@type\":\"ReadAction\",\"target\":[\"https:\/\/www.lymphoma.ca\/fr\/le-25e-anniversaire\/racontez-votre-histoire\/\"]}]},{\"@type\":\"BreadcrumbList\",\"@id\":\"https:\/\/www.lymphoma.ca\/fr\/le-25e-anniversaire\/racontez-votre-histoire\/#breadcrumb\",\"itemListElement\":[{\"@type\":\"ListItem\",\"position\":1,\"name\":\"Home\",\"item\":\"https:\/\/www.lymphoma.ca\/fr\/\"},{\"@type\":\"ListItem\",\"position\":2,\"name\":\"Les 25 ans de Lymphome Canada\",\"item\":\"https:\/\/www.lymphoma.ca\/fr\/le-25e-anniversaire\/\"},{\"@type\":\"ListItem\",\"position\":3,\"name\":\"Racontez Votre Histoire\"}]},{\"@type\":\"WebSite\",\"@id\":\"https:\/\/www.lymphoma.ca\/fr\/#website\",\"url\":\"https:\/\/www.lymphoma.ca\/fr\/\",\"name\":\"Lymphoma Canada\",\"description\":\"Information. Help. Hope.\",\"publisher\":{\"@id\":\"https:\/\/www.lymphoma.ca\/fr\/#organization\"},\"potentialAction\":[{\"@type\":\"SearchAction\",\"target\":{\"@type\":\"EntryPoint\",\"urlTemplate\":\"https:\/\/www.lymphoma.ca\/fr\/?s={search_term_string}\"},\"query-input\":{\"@type\":\"PropertyValueSpecification\",\"valueRequired\":true,\"valueName\":\"search_term_string\"}}],\"inLanguage\":\"fr-FR\"},{\"@type\":\"Organization\",\"@id\":\"https:\/\/www.lymphoma.ca\/fr\/#organization\",\"name\":\"Lymphoma Canada\",\"url\":\"https:\/\/www.lymphoma.ca\/fr\/\",\"logo\":{\"@type\":\"ImageObject\",\"inLanguage\":\"fr-FR\",\"@id\":\"https:\/\/www.lymphoma.ca\/fr\/#\/schema\/logo\/image\/\",\"url\":\"https:\/\/www.lymphoma.ca\/wp-content\/uploads\/2023\/05\/logo-lymphoma.jpg\",\"contentUrl\":\"https:\/\/www.lymphoma.ca\/wp-content\/uploads\/2023\/05\/logo-lymphoma.jpg\",\"width\":343,\"height\":343,\"caption\":\"Lymphoma Canada\"},\"image\":{\"@id\":\"https:\/\/www.lymphoma.ca\/fr\/#\/schema\/logo\/image\/\"},\"sameAs\":[\"https:\/\/www.facebook.com\/LymphomaCanada\",\"https:\/\/x.com\/lymphomacanada\",\"https:\/\/www.linkedin.com\/company\/lymphoma-canada\/\",\"http:\/\/instagram.com\/lymphomacanada\",\"http:\/\/www.youtube.com\/user\/LymphomaTV\"]}]}<\/script>\n<!-- \/ Yoast SEO plugin. -->","yoast_head_json":{"title":"Racontez Votre Histoire - Lymphoma Canada","description":"Que vous soyez un patient ou un sympathisant, nous aimerions conna\u00eetre votre exp\u00e9rience du lymphome.","robots":{"index":"index","follow":"follow","max-snippet":"max-snippet:-1","max-image-preview":"max-image-preview:large","max-video-preview":"max-video-preview:-1"},"canonical":"https:\/\/www.lymphoma.ca\/fr\/le-25e-anniversaire\/racontez-votre-histoire\/","og_locale":"fr_FR","og_type":"article","og_title":"Racontez Votre Histoire - Lymphoma Canada","og_description":"Que vous soyez un patient ou un sympathisant, nous aimerions conna\u00eetre votre exp\u00e9rience du lymphome.","og_url":"https:\/\/www.lymphoma.ca\/fr\/le-25e-anniversaire\/racontez-votre-histoire\/","og_site_name":"Lymphoma Canada","article_publisher":"https:\/\/www.facebook.com\/LymphomaCanada","article_modified_time":"2023-02-15T17:46:32+00:00","twitter_card":"summary_large_image","twitter_site":"@lymphomacanada","twitter_misc":{"Dur\u00e9e de lecture estim\u00e9e":"3 minutes"},"schema":{"@context":"https:\/\/schema.org","@graph":[{"@type":"WebPage","@id":"https:\/\/www.lymphoma.ca\/fr\/le-25e-anniversaire\/racontez-votre-histoire\/","url":"https:\/\/www.lymphoma.ca\/fr\/le-25e-anniversaire\/racontez-votre-histoire\/","name":"Racontez Votre Histoire - Lymphoma Canada","isPartOf":{"@id":"https:\/\/www.lymphoma.ca\/fr\/#website"},"datePublished":"2023-02-06T01:16:12+00:00","dateModified":"2023-02-15T17:46:32+00:00","description":"Que vous soyez un patient ou un sympathisant, nous aimerions conna\u00eetre votre exp\u00e9rience du lymphome.","breadcrumb":{"@id":"https:\/\/www.lymphoma.ca\/fr\/le-25e-anniversaire\/racontez-votre-histoire\/#breadcrumb"},"inLanguage":"fr-FR","potentialAction":[{"@type":"ReadAction","target":["https:\/\/www.lymphoma.ca\/fr\/le-25e-anniversaire\/racontez-votre-histoire\/"]}]},{"@type":"BreadcrumbList","@id":"https:\/\/www.lymphoma.ca\/fr\/le-25e-anniversaire\/racontez-votre-histoire\/#breadcrumb","itemListElement":[{"@type":"ListItem","position":1,"name":"Home","item":"https:\/\/www.lymphoma.ca\/fr\/"},{"@type":"ListItem","position":2,"name":"Les 25 ans de Lymphome Canada","item":"https:\/\/www.lymphoma.ca\/fr\/le-25e-anniversaire\/"},{"@type":"ListItem","position":3,"name":"Racontez Votre Histoire"}]},{"@type":"WebSite","@id":"https:\/\/www.lymphoma.ca\/fr\/#website","url":"https:\/\/www.lymphoma.ca\/fr\/","name":"Lymphoma Canada","description":"Information. Help. Hope.","publisher":{"@id":"https:\/\/www.lymphoma.ca\/fr\/#organization"},"potentialAction":[{"@type":"SearchAction","target":{"@type":"EntryPoint","urlTemplate":"https:\/\/www.lymphoma.ca\/fr\/?s={search_term_string}"},"query-input":{"@type":"PropertyValueSpecification","valueRequired":true,"valueName":"search_term_string"}}],"inLanguage":"fr-FR"},{"@type":"Organization","@id":"https:\/\/www.lymphoma.ca\/fr\/#organization","name":"Lymphoma Canada","url":"https:\/\/www.lymphoma.ca\/fr\/","logo":{"@type":"ImageObject","inLanguage":"fr-FR","@id":"https:\/\/www.lymphoma.ca\/fr\/#\/schema\/logo\/image\/","url":"https:\/\/www.lymphoma.ca\/wp-content\/uploads\/2023\/05\/logo-lymphoma.jpg","contentUrl":"https:\/\/www.lymphoma.ca\/wp-content\/uploads\/2023\/05\/logo-lymphoma.jpg","width":343,"height":343,"caption":"Lymphoma Canada"},"image":{"@id":"https:\/\/www.lymphoma.ca\/fr\/#\/schema\/logo\/image\/"},"sameAs":["https:\/\/www.facebook.com\/LymphomaCanada","https:\/\/x.com\/lymphomacanada","https:\/\/www.linkedin.com\/company\/lymphoma-canada\/","http:\/\/instagram.com\/lymphomacanada","http:\/\/www.youtube.com\/user\/LymphomaTV"]}]}},"_links":{"self":[{"href":"https:\/\/www.lymphoma.ca\/fr\/wp-json\/wp\/v2\/pages\/12824","targetHints":{"allow":["GET"]}}],"collection":[{"href":"https:\/\/www.lymphoma.ca\/fr\/wp-json\/wp\/v2\/pages"}],"about":[{"href":"https:\/\/www.lymphoma.ca\/fr\/wp-json\/wp\/v2\/types\/page"}],"author":[{"embeddable":true,"href":"https:\/\/www.lymphoma.ca\/fr\/wp-json\/wp\/v2\/users\/35"}],"replies":[{"embeddable":true,"href":"https:\/\/www.lymphoma.ca\/fr\/wp-json\/wp\/v2\/comments?post=12824"}],"version-history":[{"count":5,"href":"https:\/\/www.lymphoma.ca\/fr\/wp-json\/wp\/v2\/pages\/12824\/revisions"}],"predecessor-version":[{"id":12874,"href":"https:\/\/www.lymphoma.ca\/fr\/wp-json\/wp\/v2\/pages\/12824\/revisions\/12874"}],"up":[{"embeddable":true,"href":"https:\/\/www.lymphoma.ca\/fr\/wp-json\/wp\/v2\/pages\/12819"}],"wp:attachment":[{"href":"https:\/\/www.lymphoma.ca\/fr\/wp-json\/wp\/v2\/media?parent=12824"}],"wp:term":[{"taxonomy":"category","embeddable":true,"href":"https:\/\/www.lymphoma.ca\/fr\/wp-json\/wp\/v2\/categories?post=12824"},{"taxonomy":"post_tag","embeddable":true,"href":"https:\/\/www.lymphoma.ca\/fr\/wp-json\/wp\/v2\/tags?post=12824"}],"curies":[{"name":"wp","href":"https:\/\/api.w.org\/{rel}","templated":true}]}}