{"id":15009,"date":"2023-09-15T16:24:33","date_gmt":"2023-09-15T16:24:33","guid":{"rendered":"https:\/\/www.lymphoma.ca\/?page_id=15009"},"modified":"2023-09-20T14:30:47","modified_gmt":"2023-09-20T14:30:47","slug":"les-effets-psychosociaux-du-lymphome","status":"publish","type":"page","link":"https:\/\/www.lymphoma.ca\/fr\/le-25e-anniversaire\/les-effets-psychosociaux-du-lymphome\/","title":{"rendered":"les effets psychosociaux du lymphome"},"content":{"rendered":"[vc_row type=\u00a0\u00bbin_container\u00a0\u00bb full_screen_row_position=\u00a0\u00bbmiddle\u00a0\u00bb column_margin=\u00a0\u00bbdefault\u00a0\u00bb column_direction=\u00a0\u00bbdefault\u00a0\u00bb column_direction_tablet=\u00a0\u00bbdefault\u00a0\u00bb column_direction_phone=\u00a0\u00bbdefault\u00a0\u00bb scene_position=\u00a0\u00bbcenter\u00a0\u00bb text_color=\u00a0\u00bbdark\u00a0\u00bb text_align=\u00a0\u00bbleft\u00a0\u00bb row_border_radius=\u00a0\u00bbnone\u00a0\u00bb row_border_radius_applies=\u00a0\u00bbbg\u00a0\u00bb overlay_strength=\u00a0\u00bb0.3&Prime; gradient_direction=\u00a0\u00bbleft_to_right\u00a0\u00bb shape_divider_position=\u00a0\u00bbbottom\u00a0\u00bb bg_image_animation=\u00a0\u00bbnone\u00a0\u00bb][vc_column column_padding=\u00a0\u00bbno-extra-padding\u00a0\u00bb column_padding_tablet=\u00a0\u00bbinherit\u00a0\u00bb column_padding_phone=\u00a0\u00bbinherit\u00a0\u00bb column_padding_position=\u00a0\u00bball\u00a0\u00bb background_color_opacity=\u00a0\u00bb1&Prime; background_hover_color_opacity=\u00a0\u00bb1&Prime; column_shadow=\u00a0\u00bbnone\u00a0\u00bb column_border_radius=\u00a0\u00bbnone\u00a0\u00bb column_link_target=\u00a0\u00bb_self\u00a0\u00bb gradient_direction=\u00a0\u00bbleft_to_right\u00a0\u00bb overlay_strength=\u00a0\u00bb0.3&Prime; width=\u00a0\u00bb1\/1&Prime; tablet_width_inherit=\u00a0\u00bbdefault\u00a0\u00bb tablet_text_alignment=\u00a0\u00bbdefault\u00a0\u00bb phone_text_alignment=\u00a0\u00bbdefault\u00a0\u00bb column_border_width=\u00a0\u00bbnone\u00a0\u00bb column_border_style=\u00a0\u00bbsolid\u00a0\u00bb bg_image_animation=\u00a0\u00bbnone\u00a0\u00bb][vc_column_text]\n<h1>25 ans de soutien aux patients aux prises avec les effets psychosociaux du lymphome<\/h1>\n<p>Depuis les 25 derni\u00e8res ann\u00e9es, Lymphome Canada sensibilise la population au lymphome, \u00e0 ses sympt\u00f4mes, \u00e0 son diagnostic et \u00e0 ses traitements. Mais le lymphome a \u00e9galement des r\u00e9percussions sur les patients non seulement physiques, mais aussi psychologiques et sociales. Il est important que les Canadiens reconnaissent les effets du lymphome et sachent comment recevoir du soutien.<\/p>\n<p>Lymphome Canada offre gratuitement des ressources et l&rsquo;acc\u00e8s \u00e0 des groupes de soutien pour aider plus de 100 000 Canadiens qui vivent actuellement avec les impacts de la maladie.[\/vc_column_text][vc_column_text]\n<h1>Le saviez-vous?<\/h1>\n<ul>\n<li>Saviez-vous que la peur et l&rsquo;anxi\u00e9t\u00e9 li\u00e9es aux effets du lymphome et de ses traitements ainsi qu\u2019\u00e0 la qualit\u00e9 de vie apr\u00e8s le diagnostic sont des pr\u00e9occupations communes aux patients \u00e0 chaque phase de leur cheminement, du diagnostic au traitement, au suivi et m\u00eame jusqu\u2019\u00e0 la r\u00e9mission?<\/li>\n<li>Saviez-vous que la peur de la r\u00e9cidive \u00e9tait le principal impact psychosocial ressenti par les patients atteints d\u2019un lymphome tout au long de leur cheminement?<\/li>\n<li>Saviez-vous que la fatigue est un effet secondaire courant des traitements contre le lymphome?<\/li>\n<li>Saviez-vous que les sympt\u00f4mes (comme la fatigue), que ressentent les patients atteints d\u2019un lymphome, ont un impact sur leur capacit\u00e9 \u00e0 effectuer des activit\u00e9s quotidiennes et \u00e0 avoir une vie sociale normale?<\/li>\n<li>Saviez-vous que les soignants des patients atteints d\u2019un lymphome s&rsquo;inqui\u00e8tent (en silence) des cons\u00e9quences financi\u00e8res d\u2019un arr\u00eat de travail pour s&rsquo;occuper de leur proche?<\/li>\n<li>Saviez-vous que les adolescents et les jeunes adultes (AJA) atteints d\u2019un lymphome ont des besoins m\u00e9dicaux et psychosociaux particuliers, notamment la pr\u00e9servation de la fertilit\u00e9, la minimisation des effets \u00e0 long terme des traitements et la r\u00e9duction de l&rsquo;impact d&rsquo;un diagnostic pendant leurs \u00e9tudes ou en d\u00e9but de carri\u00e8re?<\/li>\n<\/ul>\n[\/vc_column_text][\/vc_column][\/vc_row][vc_row type=\u00a0\u00bbin_container\u00a0\u00bb full_screen_row_position=\u00a0\u00bbmiddle\u00a0\u00bb column_margin=\u00a0\u00bbdefault\u00a0\u00bb column_direction=\u00a0\u00bbdefault\u00a0\u00bb column_direction_tablet=\u00a0\u00bbdefault\u00a0\u00bb column_direction_phone=\u00a0\u00bbdefault\u00a0\u00bb scene_position=\u00a0\u00bbcenter\u00a0\u00bb text_color=\u00a0\u00bbdark\u00a0\u00bb text_align=\u00a0\u00bbleft\u00a0\u00bb row_border_radius=\u00a0\u00bbnone\u00a0\u00bb row_border_radius_applies=\u00a0\u00bbbg\u00a0\u00bb overlay_strength=\u00a0\u00bb0.3&Prime; gradient_direction=\u00a0\u00bbleft_to_right\u00a0\u00bb shape_divider_position=\u00a0\u00bbbottom\u00a0\u00bb bg_image_animation=\u00a0\u00bbnone\u00a0\u00bb][vc_column column_padding=\u00a0\u00bbno-extra-padding\u00a0\u00bb column_padding_tablet=\u00a0\u00bbinherit\u00a0\u00bb column_padding_phone=\u00a0\u00bbinherit\u00a0\u00bb column_padding_position=\u00a0\u00bball\u00a0\u00bb background_color_opacity=\u00a0\u00bb1&Prime; background_hover_color_opacity=\u00a0\u00bb1&Prime; column_shadow=\u00a0\u00bbnone\u00a0\u00bb column_border_radius=\u00a0\u00bbnone\u00a0\u00bb column_link_target=\u00a0\u00bb_self\u00a0\u00bb gradient_direction=\u00a0\u00bbleft_to_right\u00a0\u00bb overlay_strength=\u00a0\u00bb0.3&Prime; width=\u00a0\u00bb1\/1&Prime; tablet_width_inherit=\u00a0\u00bbdefault\u00a0\u00bb tablet_text_alignment=\u00a0\u00bbdefault\u00a0\u00bb phone_text_alignment=\u00a0\u00bbdefault\u00a0\u00bb column_border_width=\u00a0\u00bbnone\u00a0\u00bb column_border_style=\u00a0\u00bbsolid\u00a0\u00bb bg_image_animation=\u00a0\u00bbnone\u00a0\u00bb][vc_column_text]\n<h1>Aidez Lymphome Canada \u00e0 sensibiliser la population canadienne au lymphome.<\/h1>\n<p>Faites votre part pour sensibiliser la population aux r\u00e9percussions psychosociales du lymphome au Canada en partageant les ressources pr\u00e9sent\u00e9es par les m\u00e9dias sociaux ci-dessous avec votre r\u00e9seau. Cliquez sur les boutons de t\u00e9l\u00e9chargement ci-dessous pour sauvegarder les images sur votre appareil. Puis, ouvrez la plateforme de m\u00e9dia social sur laquelle vous voulez publier pour partager l&rsquo;image avec vos amis et votre famille. N&rsquo;oubliez pas de marquer Lymphome Canada sur Facebook, Instagram, LinkedIn et Twitter.[\/vc_column_text][vc_column_text]\n<h2>Images pour les m\u00e9dias sociaux<\/h2>\n[\/vc_column_text]<div class=\"iwithtext\"><div class=\"iwt-icon\"> <i class=\"icon-default-style fa fa-arrow-circle-o-down accent-color\"><\/i> <\/div><div class=\"iwt-text\"> <a href=\"https:\/\/www.lymphoma.ca\/wp-content\/uploads\/2023\/09\/September-FRSquare.zip\">T\u00e9l\u00e9chargez les ressources pour les m\u00e9dias sociaux (images carr\u00e9es).<\/a> <\/div><div class=\"clear\"><\/div><\/div><div class=\"iwithtext\"><div class=\"iwt-icon\"> <i class=\"icon-default-style fa fa-arrow-circle-o-down accent-color\"><\/i> <\/div><div class=\"iwt-text\"> <a href=\"https:\/\/www.lymphoma.ca\/wp-content\/uploads\/2023\/09\/September-FRStory.zip\">T\u00e9l\u00e9chargez les ressources pour les m\u00e9dias sociaux concernant les histoires sur Facebook et Instagram.<\/a> <\/div><div class=\"clear\"><\/div><\/div>[vc_gallery type=\u00a0\u00bbimage_grid\u00a0\u00bb images=\u00a0\u00bb15045,15047,15049,15051,15053,15055&Prime; layout=\u00a0\u00bb4&Prime; item_spacing=\u00a0\u00bbdefault\u00a0\u00bb gallery_style=\u00a0\u00bb7&Prime; load_in_animation=\u00a0\u00bbnone\u00a0\u00bb img_size=\u00a0\u00bb1080&#215;1080&Prime;][\/vc_column][\/vc_row][vc_row type=\u00a0\u00bbin_container\u00a0\u00bb full_screen_row_position=\u00a0\u00bbmiddle\u00a0\u00bb column_margin=\u00a0\u00bbdefault\u00a0\u00bb column_direction=\u00a0\u00bbdefault\u00a0\u00bb column_direction_tablet=\u00a0\u00bbdefault\u00a0\u00bb column_direction_phone=\u00a0\u00bbdefault\u00a0\u00bb scene_position=\u00a0\u00bbcenter\u00a0\u00bb text_color=\u00a0\u00bbdark\u00a0\u00bb text_align=\u00a0\u00bbleft\u00a0\u00bb row_border_radius=\u00a0\u00bbnone\u00a0\u00bb row_border_radius_applies=\u00a0\u00bbbg\u00a0\u00bb overlay_strength=\u00a0\u00bb0.3&Prime; gradient_direction=\u00a0\u00bbleft_to_right\u00a0\u00bb shape_divider_position=\u00a0\u00bbbottom\u00a0\u00bb bg_image_animation=\u00a0\u00bbnone\u00a0\u00bb][vc_column column_padding=\u00a0\u00bbno-extra-padding\u00a0\u00bb column_padding_tablet=\u00a0\u00bbinherit\u00a0\u00bb column_padding_phone=\u00a0\u00bbinherit\u00a0\u00bb column_padding_position=\u00a0\u00bball\u00a0\u00bb background_color_opacity=\u00a0\u00bb1&Prime; background_hover_color_opacity=\u00a0\u00bb1&Prime; column_shadow=\u00a0\u00bbnone\u00a0\u00bb column_border_radius=\u00a0\u00bbnone\u00a0\u00bb column_link_target=\u00a0\u00bb_self\u00a0\u00bb gradient_direction=\u00a0\u00bbleft_to_right\u00a0\u00bb overlay_strength=\u00a0\u00bb0.3&Prime; width=\u00a0\u00bb1\/1&Prime; tablet_width_inherit=\u00a0\u00bbdefault\u00a0\u00bb tablet_text_alignment=\u00a0\u00bbdefault\u00a0\u00bb phone_text_alignment=\u00a0\u00bbdefault\u00a0\u00bb column_border_width=\u00a0\u00bbnone\u00a0\u00bb column_border_style=\u00a0\u00bbsolid\u00a0\u00bb bg_image_animation=\u00a0\u00bbnone\u00a0\u00bb][vc_column_text]\n<hr \/>\n<h2 style=\"text-align: left;\">Contribuez pour nous aider \u00e0 poursuivre notre mission<\/h2>\n<p>Lymphome Canada compte sur la g\u00e9n\u00e9rosit\u00e9 de sympathisants comme vous pour poursuivre sa mission d&rsquo;autonomisation des patients et de la communaut\u00e9 canadienne du lymphome par le biais de ses activit\u00e9s \u00e9ducatives, de ses services de soutien, de la d\u00e9fense des droits et de la recherche.[\/vc_column_text][nectar_btn size=\u00a0\u00bblarge\u00a0\u00bb open_new_tab=\u00a0\u00bbtrue\u00a0\u00bb button_style=\u00a0\u00bbregular\u00a0\u00bb button_color_2=\u00a0\u00bbAccent-Color\u00a0\u00bb icon_family=\u00a0\u00bbnone\u00a0\u00bb text=\u00a0\u00bbFAITES UN DON\u00a0\u00bb url=\u00a0\u00bbhttps:\/\/secure.e2rm.com\/registrant\/startup.aspx?eventid=381927&amp;LangPref=fr-CA\u00a0\u00bb][\/vc_column][\/vc_row]\n","protected":false},"excerpt":{"rendered":"<p>[vc_row type=\u00a0\u00bbin_container\u00a0\u00bb full_screen_row_position=\u00a0\u00bbmiddle\u00a0\u00bb column_margin=\u00a0\u00bbdefault\u00a0\u00bb column_direction=\u00a0\u00bbdefault\u00a0\u00bb column_direction_tablet=\u00a0\u00bbdefault\u00a0\u00bb column_direction_phone=\u00a0\u00bbdefault\u00a0\u00bb scene_position=\u00a0\u00bbcenter\u00a0\u00bb text_color=\u00a0\u00bbdark\u00a0\u00bb text_align=\u00a0\u00bbleft\u00a0\u00bb row_border_radius=\u00a0\u00bbnone\u00a0\u00bb row_border_radius_applies=\u00a0\u00bbbg\u00a0\u00bb overlay_strength=\u00a0\u00bb0.3&Prime; gradient_direction=\u00a0\u00bbleft_to_right\u00a0\u00bb shape_divider_position=\u00a0\u00bbbottom\u00a0\u00bb bg_image_animation=\u00a0\u00bbnone\u00a0\u00bb][vc_column column_padding=\u00a0\u00bbno-extra-padding\u00a0\u00bb column_padding_tablet=\u00a0\u00bbinherit\u00a0\u00bb column_padding_phone=\u00a0\u00bbinherit\u00a0\u00bb column_padding_position=\u00a0\u00bball\u00a0\u00bb background_color_opacity=\u00a0\u00bb1&Prime; background_hover_color_opacity=\u00a0\u00bb1&Prime; column_shadow=\u00a0\u00bbnone\u00a0\u00bb column_border_radius=\u00a0\u00bbnone\u00a0\u00bb column_link_target=\u00a0\u00bb_self\u00a0\u00bb gradient_direction=\u00a0\u00bbleft_to_right\u00a0\u00bb overlay_strength=\u00a0\u00bb0.3&Prime; width=\u00a0\u00bb1\/1&Prime; tablet_width_inherit=\u00a0\u00bbdefault\u00a0\u00bb tablet_text_alignment=\u00a0\u00bbdefault\u00a0\u00bb&#8230;<\/p>\n","protected":false},"author":6,"featured_media":15081,"parent":12819,"menu_order":7,"comment_status":"closed","ping_status":"closed","template":"","meta":{"_acf_changed":false,"footnotes":""},"categories":[194],"tags":[201,202],"class_list":{"0":"post-15009","1":"page","2":"type-page","3":"status-publish","4":"has-post-thumbnail","6":"category-les-25-ans-de-lymphome-canada","7":"tag-25-years-of-lymphoma-canada-fr","8":"tag-25th-anniversary-fr"},"acf":[],"yoast_head":"<!-- This site is optimized with the Yoast SEO plugin v26.7 - https:\/\/yoast.com\/wordpress\/plugins\/seo\/ -->\n<title>les effets psychosociaux du lymphome - Lymphoma Canada<\/title>\n<meta name=\"description\" content=\"Depuis 25 ans, Lymphome Canada sensibilise la population au lymphome, \u00e0 ses sympt\u00f4mes, \u00e0 son diagnostic et aux traitements disponibles. Il est donc important que les Canadiens sachent en reconna\u00eetre les signes et qu\u2019ils comprennent \u00e0 quel point cette maladie est r\u00e9pandue.\" \/>\n<meta name=\"robots\" content=\"index, follow, max-snippet:-1, max-image-preview:large, max-video-preview:-1\" \/>\n<link rel=\"canonical\" href=\"https:\/\/www.lymphoma.ca\/fr\/le-25e-anniversaire\/les-effets-psychosociaux-du-lymphome\/\" \/>\n<meta property=\"og:locale\" content=\"fr_FR\" \/>\n<meta property=\"og:type\" content=\"article\" \/>\n<meta property=\"og:title\" content=\"les effets psychosociaux du lymphome - Lymphoma Canada\" \/>\n<meta property=\"og:description\" content=\"Depuis 25 ans, Lymphome Canada sensibilise la population au lymphome, \u00e0 ses sympt\u00f4mes, \u00e0 son diagnostic et aux traitements disponibles. Il est donc important que les Canadiens sachent en reconna\u00eetre les signes et qu\u2019ils comprennent \u00e0 quel point cette maladie est r\u00e9pandue.\" \/>\n<meta property=\"og:url\" content=\"https:\/\/www.lymphoma.ca\/fr\/le-25e-anniversaire\/les-effets-psychosociaux-du-lymphome\/\" \/>\n<meta property=\"og:site_name\" content=\"Lymphoma Canada\" \/>\n<meta property=\"article:publisher\" content=\"https:\/\/www.facebook.com\/LymphomaCanada\" \/>\n<meta property=\"article:modified_time\" content=\"2023-09-20T14:30:47+00:00\" \/>\n<meta property=\"og:image\" content=\"https:\/\/www.lymphoma.ca\/wp-content\/uploads\/2023\/09\/iStock-1567352037.jpg\" \/>\n\t<meta property=\"og:image:width\" content=\"2024\" \/>\n\t<meta property=\"og:image:height\" content=\"1481\" \/>\n\t<meta property=\"og:image:type\" content=\"image\/jpeg\" \/>\n<meta name=\"twitter:card\" content=\"summary_large_image\" \/>\n<meta name=\"twitter:site\" content=\"@lymphomacanada\" \/>\n<meta name=\"twitter:label1\" content=\"Dur\u00e9e de lecture estim\u00e9e\" \/>\n\t<meta name=\"twitter:data1\" content=\"3 minutes\" \/>\n<script type=\"application\/ld+json\" class=\"yoast-schema-graph\">{\"@context\":\"https:\/\/schema.org\",\"@graph\":[{\"@type\":\"WebPage\",\"@id\":\"https:\/\/www.lymphoma.ca\/fr\/le-25e-anniversaire\/les-effets-psychosociaux-du-lymphome\/\",\"url\":\"https:\/\/www.lymphoma.ca\/fr\/le-25e-anniversaire\/les-effets-psychosociaux-du-lymphome\/\",\"name\":\"les effets psychosociaux du lymphome - Lymphoma Canada\",\"isPartOf\":{\"@id\":\"https:\/\/www.lymphoma.ca\/fr\/#website\"},\"primaryImageOfPage\":{\"@id\":\"https:\/\/www.lymphoma.ca\/fr\/le-25e-anniversaire\/les-effets-psychosociaux-du-lymphome\/#primaryimage\"},\"image\":{\"@id\":\"https:\/\/www.lymphoma.ca\/fr\/le-25e-anniversaire\/les-effets-psychosociaux-du-lymphome\/#primaryimage\"},\"thumbnailUrl\":\"https:\/\/www.lymphoma.ca\/wp-content\/uploads\/2023\/09\/iStock-1567352037.jpg\",\"datePublished\":\"2023-09-15T16:24:33+00:00\",\"dateModified\":\"2023-09-20T14:30:47+00:00\",\"description\":\"Depuis 25 ans, Lymphome Canada sensibilise la population au lymphome, \u00e0 ses sympt\u00f4mes, \u00e0 son diagnostic et aux traitements disponibles. Il est donc important que les Canadiens sachent en reconna\u00eetre les signes et qu\u2019ils comprennent \u00e0 quel point cette maladie est r\u00e9pandue.\",\"breadcrumb\":{\"@id\":\"https:\/\/www.lymphoma.ca\/fr\/le-25e-anniversaire\/les-effets-psychosociaux-du-lymphome\/#breadcrumb\"},\"inLanguage\":\"fr-FR\",\"potentialAction\":[{\"@type\":\"ReadAction\",\"target\":[\"https:\/\/www.lymphoma.ca\/fr\/le-25e-anniversaire\/les-effets-psychosociaux-du-lymphome\/\"]}]},{\"@type\":\"ImageObject\",\"inLanguage\":\"fr-FR\",\"@id\":\"https:\/\/www.lymphoma.ca\/fr\/le-25e-anniversaire\/les-effets-psychosociaux-du-lymphome\/#primaryimage\",\"url\":\"https:\/\/www.lymphoma.ca\/wp-content\/uploads\/2023\/09\/iStock-1567352037.jpg\",\"contentUrl\":\"https:\/\/www.lymphoma.ca\/wp-content\/uploads\/2023\/09\/iStock-1567352037.jpg\",\"width\":2024,\"height\":1481,\"caption\":\"Portrait of a worried patient listening to his doctor in office in clinic. Two businesspeople, or a student and teacher, sit together at an office to plan and cooperate for a successful meeting.\"},{\"@type\":\"BreadcrumbList\",\"@id\":\"https:\/\/www.lymphoma.ca\/fr\/le-25e-anniversaire\/les-effets-psychosociaux-du-lymphome\/#breadcrumb\",\"itemListElement\":[{\"@type\":\"ListItem\",\"position\":1,\"name\":\"Home\",\"item\":\"https:\/\/www.lymphoma.ca\/fr\/\"},{\"@type\":\"ListItem\",\"position\":2,\"name\":\"Les 25 ans de Lymphome Canada\",\"item\":\"https:\/\/www.lymphoma.ca\/fr\/le-25e-anniversaire\/\"},{\"@type\":\"ListItem\",\"position\":3,\"name\":\"les effets psychosociaux du lymphome\"}]},{\"@type\":\"WebSite\",\"@id\":\"https:\/\/www.lymphoma.ca\/fr\/#website\",\"url\":\"https:\/\/www.lymphoma.ca\/fr\/\",\"name\":\"Lymphoma Canada\",\"description\":\"Information. Help. Hope.\",\"publisher\":{\"@id\":\"https:\/\/www.lymphoma.ca\/fr\/#organization\"},\"potentialAction\":[{\"@type\":\"SearchAction\",\"target\":{\"@type\":\"EntryPoint\",\"urlTemplate\":\"https:\/\/www.lymphoma.ca\/fr\/?s={search_term_string}\"},\"query-input\":{\"@type\":\"PropertyValueSpecification\",\"valueRequired\":true,\"valueName\":\"search_term_string\"}}],\"inLanguage\":\"fr-FR\"},{\"@type\":\"Organization\",\"@id\":\"https:\/\/www.lymphoma.ca\/fr\/#organization\",\"name\":\"Lymphoma Canada\",\"url\":\"https:\/\/www.lymphoma.ca\/fr\/\",\"logo\":{\"@type\":\"ImageObject\",\"inLanguage\":\"fr-FR\",\"@id\":\"https:\/\/www.lymphoma.ca\/fr\/#\/schema\/logo\/image\/\",\"url\":\"https:\/\/www.lymphoma.ca\/wp-content\/uploads\/2023\/05\/logo-lymphoma.jpg\",\"contentUrl\":\"https:\/\/www.lymphoma.ca\/wp-content\/uploads\/2023\/05\/logo-lymphoma.jpg\",\"width\":343,\"height\":343,\"caption\":\"Lymphoma Canada\"},\"image\":{\"@id\":\"https:\/\/www.lymphoma.ca\/fr\/#\/schema\/logo\/image\/\"},\"sameAs\":[\"https:\/\/www.facebook.com\/LymphomaCanada\",\"https:\/\/x.com\/lymphomacanada\",\"https:\/\/www.linkedin.com\/company\/lymphoma-canada\/\",\"http:\/\/instagram.com\/lymphomacanada\",\"http:\/\/www.youtube.com\/user\/LymphomaTV\"]}]}<\/script>\n<!-- \/ Yoast SEO plugin. -->","yoast_head_json":{"title":"les effets psychosociaux du lymphome - Lymphoma Canada","description":"Depuis 25 ans, Lymphome Canada sensibilise la population au lymphome, \u00e0 ses sympt\u00f4mes, \u00e0 son diagnostic et aux traitements disponibles. Il est donc important que les Canadiens sachent en reconna\u00eetre les signes et qu\u2019ils comprennent \u00e0 quel point cette maladie est r\u00e9pandue.","robots":{"index":"index","follow":"follow","max-snippet":"max-snippet:-1","max-image-preview":"max-image-preview:large","max-video-preview":"max-video-preview:-1"},"canonical":"https:\/\/www.lymphoma.ca\/fr\/le-25e-anniversaire\/les-effets-psychosociaux-du-lymphome\/","og_locale":"fr_FR","og_type":"article","og_title":"les effets psychosociaux du lymphome - Lymphoma Canada","og_description":"Depuis 25 ans, Lymphome Canada sensibilise la population au lymphome, \u00e0 ses sympt\u00f4mes, \u00e0 son diagnostic et aux traitements disponibles. Il est donc important que les Canadiens sachent en reconna\u00eetre les signes et qu\u2019ils comprennent \u00e0 quel point cette maladie est r\u00e9pandue.","og_url":"https:\/\/www.lymphoma.ca\/fr\/le-25e-anniversaire\/les-effets-psychosociaux-du-lymphome\/","og_site_name":"Lymphoma Canada","article_publisher":"https:\/\/www.facebook.com\/LymphomaCanada","article_modified_time":"2023-09-20T14:30:47+00:00","og_image":[{"width":2024,"height":1481,"url":"https:\/\/www.lymphoma.ca\/wp-content\/uploads\/2023\/09\/iStock-1567352037.jpg","type":"image\/jpeg"}],"twitter_card":"summary_large_image","twitter_site":"@lymphomacanada","twitter_misc":{"Dur\u00e9e de lecture estim\u00e9e":"3 minutes"},"schema":{"@context":"https:\/\/schema.org","@graph":[{"@type":"WebPage","@id":"https:\/\/www.lymphoma.ca\/fr\/le-25e-anniversaire\/les-effets-psychosociaux-du-lymphome\/","url":"https:\/\/www.lymphoma.ca\/fr\/le-25e-anniversaire\/les-effets-psychosociaux-du-lymphome\/","name":"les effets psychosociaux du lymphome - Lymphoma Canada","isPartOf":{"@id":"https:\/\/www.lymphoma.ca\/fr\/#website"},"primaryImageOfPage":{"@id":"https:\/\/www.lymphoma.ca\/fr\/le-25e-anniversaire\/les-effets-psychosociaux-du-lymphome\/#primaryimage"},"image":{"@id":"https:\/\/www.lymphoma.ca\/fr\/le-25e-anniversaire\/les-effets-psychosociaux-du-lymphome\/#primaryimage"},"thumbnailUrl":"https:\/\/www.lymphoma.ca\/wp-content\/uploads\/2023\/09\/iStock-1567352037.jpg","datePublished":"2023-09-15T16:24:33+00:00","dateModified":"2023-09-20T14:30:47+00:00","description":"Depuis 25 ans, Lymphome Canada sensibilise la population au lymphome, \u00e0 ses sympt\u00f4mes, \u00e0 son diagnostic et aux traitements disponibles. Il est donc important que les Canadiens sachent en reconna\u00eetre les signes et qu\u2019ils comprennent \u00e0 quel point cette maladie est r\u00e9pandue.","breadcrumb":{"@id":"https:\/\/www.lymphoma.ca\/fr\/le-25e-anniversaire\/les-effets-psychosociaux-du-lymphome\/#breadcrumb"},"inLanguage":"fr-FR","potentialAction":[{"@type":"ReadAction","target":["https:\/\/www.lymphoma.ca\/fr\/le-25e-anniversaire\/les-effets-psychosociaux-du-lymphome\/"]}]},{"@type":"ImageObject","inLanguage":"fr-FR","@id":"https:\/\/www.lymphoma.ca\/fr\/le-25e-anniversaire\/les-effets-psychosociaux-du-lymphome\/#primaryimage","url":"https:\/\/www.lymphoma.ca\/wp-content\/uploads\/2023\/09\/iStock-1567352037.jpg","contentUrl":"https:\/\/www.lymphoma.ca\/wp-content\/uploads\/2023\/09\/iStock-1567352037.jpg","width":2024,"height":1481,"caption":"Portrait of a worried patient listening to his doctor in office in clinic. Two businesspeople, or a student and teacher, sit together at an office to plan and cooperate for a successful meeting."},{"@type":"BreadcrumbList","@id":"https:\/\/www.lymphoma.ca\/fr\/le-25e-anniversaire\/les-effets-psychosociaux-du-lymphome\/#breadcrumb","itemListElement":[{"@type":"ListItem","position":1,"name":"Home","item":"https:\/\/www.lymphoma.ca\/fr\/"},{"@type":"ListItem","position":2,"name":"Les 25 ans de Lymphome Canada","item":"https:\/\/www.lymphoma.ca\/fr\/le-25e-anniversaire\/"},{"@type":"ListItem","position":3,"name":"les effets psychosociaux du lymphome"}]},{"@type":"WebSite","@id":"https:\/\/www.lymphoma.ca\/fr\/#website","url":"https:\/\/www.lymphoma.ca\/fr\/","name":"Lymphoma Canada","description":"Information. Help. Hope.","publisher":{"@id":"https:\/\/www.lymphoma.ca\/fr\/#organization"},"potentialAction":[{"@type":"SearchAction","target":{"@type":"EntryPoint","urlTemplate":"https:\/\/www.lymphoma.ca\/fr\/?s={search_term_string}"},"query-input":{"@type":"PropertyValueSpecification","valueRequired":true,"valueName":"search_term_string"}}],"inLanguage":"fr-FR"},{"@type":"Organization","@id":"https:\/\/www.lymphoma.ca\/fr\/#organization","name":"Lymphoma Canada","url":"https:\/\/www.lymphoma.ca\/fr\/","logo":{"@type":"ImageObject","inLanguage":"fr-FR","@id":"https:\/\/www.lymphoma.ca\/fr\/#\/schema\/logo\/image\/","url":"https:\/\/www.lymphoma.ca\/wp-content\/uploads\/2023\/05\/logo-lymphoma.jpg","contentUrl":"https:\/\/www.lymphoma.ca\/wp-content\/uploads\/2023\/05\/logo-lymphoma.jpg","width":343,"height":343,"caption":"Lymphoma Canada"},"image":{"@id":"https:\/\/www.lymphoma.ca\/fr\/#\/schema\/logo\/image\/"},"sameAs":["https:\/\/www.facebook.com\/LymphomaCanada","https:\/\/x.com\/lymphomacanada","https:\/\/www.linkedin.com\/company\/lymphoma-canada\/","http:\/\/instagram.com\/lymphomacanada","http:\/\/www.youtube.com\/user\/LymphomaTV"]}]}},"_links":{"self":[{"href":"https:\/\/www.lymphoma.ca\/fr\/wp-json\/wp\/v2\/pages\/15009","targetHints":{"allow":["GET"]}}],"collection":[{"href":"https:\/\/www.lymphoma.ca\/fr\/wp-json\/wp\/v2\/pages"}],"about":[{"href":"https:\/\/www.lymphoma.ca\/fr\/wp-json\/wp\/v2\/types\/page"}],"author":[{"embeddable":true,"href":"https:\/\/www.lymphoma.ca\/fr\/wp-json\/wp\/v2\/users\/6"}],"replies":[{"embeddable":true,"href":"https:\/\/www.lymphoma.ca\/fr\/wp-json\/wp\/v2\/comments?post=15009"}],"version-history":[{"count":5,"href":"https:\/\/www.lymphoma.ca\/fr\/wp-json\/wp\/v2\/pages\/15009\/revisions"}],"predecessor-version":[{"id":15080,"href":"https:\/\/www.lymphoma.ca\/fr\/wp-json\/wp\/v2\/pages\/15009\/revisions\/15080"}],"up":[{"embeddable":true,"href":"https:\/\/www.lymphoma.ca\/fr\/wp-json\/wp\/v2\/pages\/12819"}],"wp:featuredmedia":[{"embeddable":true,"href":"https:\/\/www.lymphoma.ca\/fr\/wp-json\/wp\/v2\/media\/15081"}],"wp:attachment":[{"href":"https:\/\/www.lymphoma.ca\/fr\/wp-json\/wp\/v2\/media?parent=15009"}],"wp:term":[{"taxonomy":"category","embeddable":true,"href":"https:\/\/www.lymphoma.ca\/fr\/wp-json\/wp\/v2\/categories?post=15009"},{"taxonomy":"post_tag","embeddable":true,"href":"https:\/\/www.lymphoma.ca\/fr\/wp-json\/wp\/v2\/tags?post=15009"}],"curies":[{"name":"wp","href":"https:\/\/api.w.org\/{rel}","templated":true}]}}