{"id":15816,"date":"2023-12-18T17:15:57","date_gmt":"2023-12-18T17:15:57","guid":{"rendered":"https:\/\/www.lymphoma.ca\/?page_id=15816"},"modified":"2023-12-18T19:14:15","modified_gmt":"2023-12-18T19:14:15","slug":"feuille-de-route","status":"publish","type":"page","link":"https:\/\/www.lymphoma.ca\/fr\/le-25e-anniversaire\/feuille-de-route\/","title":{"rendered":"Feuille de route pour l\u2019avenir de Lymphome Canada"},"content":{"rendered":"[vc_row type=\u00a0\u00bbin_container\u00a0\u00bb full_screen_row_position=\u00a0\u00bbmiddle\u00a0\u00bb column_margin=\u00a0\u00bbdefault\u00a0\u00bb column_direction=\u00a0\u00bbdefault\u00a0\u00bb column_direction_tablet=\u00a0\u00bbdefault\u00a0\u00bb column_direction_phone=\u00a0\u00bbdefault\u00a0\u00bb scene_position=\u00a0\u00bbcenter\u00a0\u00bb text_color=\u00a0\u00bbdark\u00a0\u00bb text_align=\u00a0\u00bbleft\u00a0\u00bb row_border_radius=\u00a0\u00bbnone\u00a0\u00bb row_border_radius_applies=\u00a0\u00bbbg\u00a0\u00bb overlay_strength=\u00a0\u00bb0.3&Prime; gradient_direction=\u00a0\u00bbleft_to_right\u00a0\u00bb shape_divider_position=\u00a0\u00bbbottom\u00a0\u00bb bg_image_animation=\u00a0\u00bbnone\u00a0\u00bb][vc_column column_padding=\u00a0\u00bbno-extra-padding\u00a0\u00bb column_padding_tablet=\u00a0\u00bbinherit\u00a0\u00bb column_padding_phone=\u00a0\u00bbinherit\u00a0\u00bb column_padding_position=\u00a0\u00bball\u00a0\u00bb background_color_opacity=\u00a0\u00bb1&Prime; background_hover_color_opacity=\u00a0\u00bb1&Prime; column_shadow=\u00a0\u00bbnone\u00a0\u00bb column_border_radius=\u00a0\u00bbnone\u00a0\u00bb column_link_target=\u00a0\u00bb_self\u00a0\u00bb gradient_direction=\u00a0\u00bbleft_to_right\u00a0\u00bb overlay_strength=\u00a0\u00bb0.3&Prime; width=\u00a0\u00bb1\/1&Prime; tablet_width_inherit=\u00a0\u00bbdefault\u00a0\u00bb tablet_text_alignment=\u00a0\u00bbdefault\u00a0\u00bb phone_text_alignment=\u00a0\u00bbdefault\u00a0\u00bb column_border_width=\u00a0\u00bbnone\u00a0\u00bb column_border_style=\u00a0\u00bbsolid\u00a0\u00bb bg_image_animation=\u00a0\u00bbnone\u00a0\u00bb][vc_column_text]\n<h1 style=\"text-align: left;\">Feuille de route pour l\u2019avenir de Lymphome Canada<\/h1>\n[\/vc_column_text][vc_column_text]Alors que nous c\u00e9l\u00e9brons une \u00e9tape importante de notre parcours, soit 25 ans de services d\u00e9vou\u00e9s et d&rsquo;engagement aux personnes touch\u00e9es par le lymphome, c&rsquo;est avec beaucoup d&rsquo;enthousiasme que je partage notre vision de l&rsquo;avenir.<span style=\"color: #800080;\"><strong> Ce dernier quart de si\u00e8cle t\u00e9moigne de notre d\u00e9vouement in\u00e9branlable \u00e0 l&rsquo;am\u00e9lioration de la vie des personnes touch\u00e9es par un lymphome<\/strong>.<\/span> Mais notre parcours est loin d&rsquo;\u00eatre termin\u00e9; ce n&rsquo;est qu\u2019un d\u00e9but.<\/p>\n<p>\u00c0 Lymphome Canada, <span style=\"color: #800080;\"><strong>notre vision<\/strong><\/span> a toujours \u00e9t\u00e9 claire : une vie non limit\u00e9e par un lymphome. Au cours des 25 prochaines ann\u00e9es, cette vision demeurera notre fil conducteur, nous guidant vers un avenir, <span style=\"color: #800080;\"><strong>o\u00f9 l&rsquo;autonomisation des patients et de la communaut\u00e9 du lymphome par les activit\u00e9s \u00e9ducatives, les services de soutien, la d\u00e9fense des int\u00e9r\u00eats des patients et la recherche<\/strong><\/span>, continuera d&rsquo;alimenter nos efforts.[\/vc_column_text][vc_column_text]\n<h2><strong>Des valeurs pour autonomiser les patients <\/strong><\/h2>\n<p>Notre mission s&rsquo;appuie sur ces valeurs fondamentales :<\/p>\n<p style=\"padding-left: 40px;\">\u2022 <span style=\"color: #800080;\"><strong>La compassion<\/strong> <\/span>: Notre travail repose sur l&#8217;empathie, le respect et la gentillesse.<\/p>\n<p style=\"padding-left: 40px;\">\u2022 <span style=\"color: #800080;\"><strong>L\u2019int\u00e9grit\u00e9<\/strong> <\/span>: Nous faisons preuve d\u2019honn\u00eatet\u00e9 et de transparence, et nous adh\u00e9rons \u00e0 des normes \u00e9thiques \u00e9lev\u00e9es, \u00e0 l&rsquo;\u00e9galit\u00e9 et \u00e0 l&rsquo;\u00e9quit\u00e9.<\/p>\n<p style=\"padding-left: 40px;\">\u2022<span style=\"color: #800080;\"> <strong>L\u2019excellence<\/strong><\/span> : Nous sommes engag\u00e9s avec passion et d\u00e9termination \u00e0 \u00eatre hautement efficaces et efficients.<\/p>\n<p style=\"padding-left: 40px;\">\u2022<span style=\"color: #800080;\"><strong> L\u2019influence<\/strong><\/span> : Cr\u00e9dibles et professionnels, nous nous engageons \u00e0 faire une r\u00e9elle diff\u00e9rence fond\u00e9e sur des preuves dignes d&rsquo;\u00eatre transmise.<\/p>\n<p style=\"padding-left: 40px;\">\u2022<span style=\"color: #800080;\"> <strong>L\u2019innovation<\/strong><\/span> : Nous sommes ing\u00e9nieux, autonomes et progressistes. Nous obtenons des r\u00e9sultats gr\u00e2ce \u00e0 notre travail d&rsquo;\u00e9quipe.<\/p>\n<p style=\"padding-left: 40px;\">\u2022<span style=\"color: #800080;\"> <strong>L\u2019inclusivit\u00e9<\/strong> <\/span>: Nous respectons l&rsquo;\u00e9galit\u00e9, la diversit\u00e9 et l&rsquo;accessibilit\u00e9 dans le cadre de nos programmes et de nos activit\u00e9s.<\/p>\n[\/vc_column_text][\/vc_column][\/vc_row][vc_row type=\u00a0\u00bbin_container\u00a0\u00bb full_screen_row_position=\u00a0\u00bbmiddle\u00a0\u00bb column_margin=\u00a0\u00bbdefault\u00a0\u00bb column_direction=\u00a0\u00bbdefault\u00a0\u00bb column_direction_tablet=\u00a0\u00bbdefault\u00a0\u00bb column_direction_phone=\u00a0\u00bbdefault\u00a0\u00bb scene_position=\u00a0\u00bbcenter\u00a0\u00bb text_color=\u00a0\u00bbdark\u00a0\u00bb text_align=\u00a0\u00bbleft\u00a0\u00bb row_border_radius=\u00a0\u00bbnone\u00a0\u00bb row_border_radius_applies=\u00a0\u00bbbg\u00a0\u00bb overlay_strength=\u00a0\u00bb0.3&Prime; gradient_direction=\u00a0\u00bbleft_to_right\u00a0\u00bb shape_divider_position=\u00a0\u00bbbottom\u00a0\u00bb bg_image_animation=\u00a0\u00bbnone\u00a0\u00bb][vc_column column_padding=\u00a0\u00bbno-extra-padding\u00a0\u00bb column_padding_tablet=\u00a0\u00bbinherit\u00a0\u00bb column_padding_phone=\u00a0\u00bbinherit\u00a0\u00bb column_padding_position=\u00a0\u00bball\u00a0\u00bb background_color_opacity=\u00a0\u00bb1&Prime; background_hover_color_opacity=\u00a0\u00bb1&Prime; column_shadow=\u00a0\u00bbnone\u00a0\u00bb column_border_radius=\u00a0\u00bbnone\u00a0\u00bb column_link_target=\u00a0\u00bb_self\u00a0\u00bb gradient_direction=\u00a0\u00bbleft_to_right\u00a0\u00bb overlay_strength=\u00a0\u00bb0.3&Prime; width=\u00a0\u00bb1\/1&Prime; tablet_width_inherit=\u00a0\u00bbdefault\u00a0\u00bb tablet_text_alignment=\u00a0\u00bbdefault\u00a0\u00bb phone_text_alignment=\u00a0\u00bbdefault\u00a0\u00bb column_border_width=\u00a0\u00bbnone\u00a0\u00bb column_border_style=\u00a0\u00bbsolid\u00a0\u00bb bg_image_animation=\u00a0\u00bbnone\u00a0\u00bb][vc_column_text]\n<h2><strong>Le chemin \u00e0 parcourir<\/strong><\/h2>\n<p>Nous envisageons un avenir o\u00f9 chaque personne touch\u00e9e par un lymphome se <span style=\"color: #800080;\"><strong>sentira soutenue, inform\u00e9e et autonomis\u00e9e<\/strong><\/span>. Notre engagement en faveur de <span style=\"color: #800080;\"><strong>l&rsquo;\u00e9ducation<\/strong><\/span> continuera \u00e0 doter notre communaut\u00e9 de connaissances qui lui permettront de suivre son parcours en toute confiance. La<span style=\"color: #800080;\"><strong> d\u00e9fense des int\u00e9r\u00eats des patients<\/strong><\/span> demeure un pilier de notre travail. Nous d\u00e9fendrons sans rel\u00e2che les besoins des patients et des soignants en veillant \u00e0 ce que leur voix soit entendue et leurs droits respect\u00e9s. La <span style=\"color: #800080;\"><strong>recherche<\/strong> <\/span>alimente l&rsquo;espoir. Notre engagement \u00e0 faire progresser les efforts de recherche se poursuivra, nous rapprochant des d\u00e9couvertes et de l&rsquo;am\u00e9lioration dans les traitements des lymphomes.[\/vc_column_text][vc_column_text]\n<h2><strong>Notre impact<\/strong><\/h2>\n<p>Notre engagement strat\u00e9gique envers un changement positif nous incite \u00e0 viser plusieurs r\u00e9sultats importants :<\/p>\n<p style=\"padding-left: 40px;\"><span style=\"color: #800080;\"><strong>\u00c9largissement de notre champ d\u2019action<\/strong><\/span> : Nous aspirons \u00e0 mieux sensibiliser la population et \u00e0 servir un plus grand nombre de Canadiennes et de Canadiens touch\u00e9s par un lymphome.<\/p>\n<p style=\"padding-left: 40px;\"><span style=\"color: #800080;\"><strong>Services \u00e9ducatifs am\u00e9lior\u00e9s<\/strong><\/span> : Nous souhaitons voir une augmentation de la participation \u00e0 ces services dans tout le Canada pour que davantage de personnes aient acc\u00e8s \u00e0 des ressources \u00e9ducatives essentielles sur les lymphomes.<\/p>\n<p style=\"padding-left: 40px;\"><span style=\"color: #800080;\"><strong>Meilleur acc\u00e8s aux th\u00e9rapies<\/strong><\/span> : Gr\u00e2ce \u00e0 la d\u00e9fense des int\u00e9r\u00eats des patients et aux services de soutien, nous nous effor\u00e7ons d&rsquo;accro\u00eetre l&rsquo;acc\u00e8s aux nouvelles th\u00e9rapies afin que les patients re\u00e7oivent des traitements de pointe.<\/p>\n<p style=\"padding-left: 40px;\"><span style=\"color: #800080;\"><strong>Progr\u00e8s de la recherche<\/strong><\/span> : Notre objectif est de faciliter l&rsquo;attribution de bourses de recherche en encourageant l&rsquo;innovation et les progr\u00e8s dans le traitement des lymphomes.<\/p>\n[\/vc_column_text][vc_column_text]Alors que nous entamons ce parcours ambitieux, je tiens \u00e0 exprimer notre vive gratitude \u00e0 la <span style=\"color: #800080;\"><strong>communaut\u00e9 du lymphome, dont la r\u00e9silience et le dynamisme constituent la force motrice de notre existence<\/strong><\/span>, ainsi qu&rsquo;\u00e0 nos<span style=\"color: #800080;\"> <strong>partenaires, sympathisants, donateurs et \u00e0 notre \u00e9quipe<\/strong><\/span>, dont le d\u00e9vouement in\u00e9branlable alimente notre passion et notre engagement pour la cause.<\/p>\n<p>Ensemble, nous continuerons \u00e0 aller de l&rsquo;avant pour faire de notre vision une r\u00e9alit\u00e9.<\/p>\n<p>&nbsp;<\/p>\n<p><span style=\"color: #333333;\"><strong>Claudio Grossi<\/strong><\/span><\/p>\n<p><span style=\"color: #333333;\"><strong>Pr\u00e9sident du conseil d\u2019administration<\/strong><\/span><br \/>\n<span style=\"color: #333333;\"><strong>Lymphome Canada<\/strong><\/span>[\/vc_column_text][divider line_type=\u00a0\u00bbFull Width Line\u00a0\u00bb line_thickness=\u00a0\u00bb1&Prime; divider_color=\u00a0\u00bbdefault\u00a0\u00bb custom_height=\u00a0\u00bb35&Prime;][vc_column_text]\n<h2>Contribuez pour nous aider \u00e0 poursuivre notre mission<\/h2>\n<p>Lymphome Canada compte sur la g\u00e9n\u00e9rosit\u00e9 de sympathisants comme vous pour poursuivre sa mission d&rsquo;autonomisation des patients et de la communaut\u00e9 canadienne du lymphome par le biais de ses activit\u00e9s \u00e9ducatives, de ses services de soutien, de la d\u00e9fense des droits et de la recherche.[\/vc_column_text][nectar_btn size=\u00a0\u00bblarge\u00a0\u00bb open_new_tab=\u00a0\u00bbtrue\u00a0\u00bb button_style=\u00a0\u00bbregular\u00a0\u00bb button_color_2=\u00a0\u00bbAccent-Color\u00a0\u00bb icon_family=\u00a0\u00bbnone\u00a0\u00bb url=\u00a0\u00bbhttps:\/\/secure.e2rm.com\/registrant\/startup.aspx?eventid=381927&amp;LangPref=fr-CA\u00a0\u00bb text=\u00a0\u00bbFAITES UN DON\u00a0\u00bb][\/vc_column][\/vc_row]\n","protected":false},"excerpt":{"rendered":"<p>[vc_row type=\u00a0\u00bbin_container\u00a0\u00bb full_screen_row_position=\u00a0\u00bbmiddle\u00a0\u00bb column_margin=\u00a0\u00bbdefault\u00a0\u00bb column_direction=\u00a0\u00bbdefault\u00a0\u00bb column_direction_tablet=\u00a0\u00bbdefault\u00a0\u00bb column_direction_phone=\u00a0\u00bbdefault\u00a0\u00bb scene_position=\u00a0\u00bbcenter\u00a0\u00bb text_color=\u00a0\u00bbdark\u00a0\u00bb text_align=\u00a0\u00bbleft\u00a0\u00bb row_border_radius=\u00a0\u00bbnone\u00a0\u00bb row_border_radius_applies=\u00a0\u00bbbg\u00a0\u00bb overlay_strength=\u00a0\u00bb0.3&Prime; gradient_direction=\u00a0\u00bbleft_to_right\u00a0\u00bb shape_divider_position=\u00a0\u00bbbottom\u00a0\u00bb bg_image_animation=\u00a0\u00bbnone\u00a0\u00bb][vc_column column_padding=\u00a0\u00bbno-extra-padding\u00a0\u00bb column_padding_tablet=\u00a0\u00bbinherit\u00a0\u00bb column_padding_phone=\u00a0\u00bbinherit\u00a0\u00bb column_padding_position=\u00a0\u00bball\u00a0\u00bb background_color_opacity=\u00a0\u00bb1&Prime; background_hover_color_opacity=\u00a0\u00bb1&Prime; column_shadow=\u00a0\u00bbnone\u00a0\u00bb column_border_radius=\u00a0\u00bbnone\u00a0\u00bb column_link_target=\u00a0\u00bb_self\u00a0\u00bb gradient_direction=\u00a0\u00bbleft_to_right\u00a0\u00bb overlay_strength=\u00a0\u00bb0.3&Prime; width=\u00a0\u00bb1\/1&Prime; tablet_width_inherit=\u00a0\u00bbdefault\u00a0\u00bb tablet_text_alignment=\u00a0\u00bbdefault\u00a0\u00bb&#8230;<\/p>\n","protected":false},"author":6,"featured_media":15847,"parent":12819,"menu_order":10,"comment_status":"closed","ping_status":"closed","template":"","meta":{"_acf_changed":false,"footnotes":""},"categories":[194],"tags":[],"class_list":{"0":"post-15816","1":"page","2":"type-page","3":"status-publish","4":"has-post-thumbnail","6":"category-les-25-ans-de-lymphome-canada"},"acf":[],"yoast_head":"<!-- This site is optimized with the Yoast SEO plugin v26.7 - https:\/\/yoast.com\/wordpress\/plugins\/seo\/ -->\n<title>Feuille de route pour l\u2019avenir de Lymphome Canada - Lymphoma Canada<\/title>\n<meta name=\"description\" content=\"Alors que nous c\u00e9l\u00e9brons une \u00e9tape importante de notre parcours, soit 25 ans de services d\u00e9vou\u00e9s et d&#039;engagement aux personnes touch\u00e9es par le lymphome, c&#039;est avec beaucoup d&#039;enthousiasme que je partage notre vision de l&#039;avenir. Ce dernier quart de si\u00e8cle t\u00e9moigne de notre d\u00e9vouement in\u00e9branlable \u00e0 l&#039;am\u00e9lioration de la vie des personnes touch\u00e9es par un lymphome.\" \/>\n<meta name=\"robots\" content=\"index, follow, max-snippet:-1, max-image-preview:large, max-video-preview:-1\" \/>\n<link rel=\"canonical\" href=\"https:\/\/www.lymphoma.ca\/fr\/le-25e-anniversaire\/feuille-de-route\/\" \/>\n<meta property=\"og:locale\" content=\"fr_FR\" \/>\n<meta property=\"og:type\" content=\"article\" \/>\n<meta property=\"og:title\" content=\"Feuille de route pour l\u2019avenir de Lymphome Canada - Lymphoma Canada\" \/>\n<meta property=\"og:description\" content=\"Alors que nous c\u00e9l\u00e9brons une \u00e9tape importante de notre parcours, soit 25 ans de services d\u00e9vou\u00e9s et d&#039;engagement aux personnes touch\u00e9es par le lymphome, c&#039;est avec beaucoup d&#039;enthousiasme que je partage notre vision de l&#039;avenir. Ce dernier quart de si\u00e8cle t\u00e9moigne de notre d\u00e9vouement in\u00e9branlable \u00e0 l&#039;am\u00e9lioration de la vie des personnes touch\u00e9es par un lymphome.\" \/>\n<meta property=\"og:url\" content=\"https:\/\/www.lymphoma.ca\/fr\/le-25e-anniversaire\/feuille-de-route\/\" \/>\n<meta property=\"og:site_name\" content=\"Lymphoma Canada\" \/>\n<meta property=\"article:publisher\" content=\"https:\/\/www.facebook.com\/LymphomaCanada\" \/>\n<meta property=\"article:modified_time\" content=\"2023-12-18T19:14:15+00:00\" \/>\n<meta property=\"og:image\" content=\"https:\/\/www.lymphoma.ca\/wp-content\/uploads\/2023\/12\/Ver2ThumbFinalFR1.jpg\" \/>\n\t<meta property=\"og:image:width\" content=\"1080\" \/>\n\t<meta property=\"og:image:height\" content=\"1080\" \/>\n\t<meta property=\"og:image:type\" content=\"image\/jpeg\" \/>\n<meta name=\"twitter:card\" content=\"summary_large_image\" \/>\n<meta name=\"twitter:site\" content=\"@lymphomacanada\" \/>\n<meta name=\"twitter:label1\" content=\"Dur\u00e9e de lecture estim\u00e9e\" \/>\n\t<meta name=\"twitter:data1\" content=\"4 minutes\" \/>\n<script type=\"application\/ld+json\" class=\"yoast-schema-graph\">{\"@context\":\"https:\/\/schema.org\",\"@graph\":[{\"@type\":\"WebPage\",\"@id\":\"https:\/\/www.lymphoma.ca\/fr\/le-25e-anniversaire\/feuille-de-route\/\",\"url\":\"https:\/\/www.lymphoma.ca\/fr\/le-25e-anniversaire\/feuille-de-route\/\",\"name\":\"Feuille de route pour l\u2019avenir de Lymphome Canada - Lymphoma Canada\",\"isPartOf\":{\"@id\":\"https:\/\/www.lymphoma.ca\/fr\/#website\"},\"primaryImageOfPage\":{\"@id\":\"https:\/\/www.lymphoma.ca\/fr\/le-25e-anniversaire\/feuille-de-route\/#primaryimage\"},\"image\":{\"@id\":\"https:\/\/www.lymphoma.ca\/fr\/le-25e-anniversaire\/feuille-de-route\/#primaryimage\"},\"thumbnailUrl\":\"https:\/\/www.lymphoma.ca\/wp-content\/uploads\/2023\/12\/Ver2ThumbFinalFR1.jpg\",\"datePublished\":\"2023-12-18T17:15:57+00:00\",\"dateModified\":\"2023-12-18T19:14:15+00:00\",\"description\":\"Alors que nous c\u00e9l\u00e9brons une \u00e9tape importante de notre parcours, soit 25 ans de services d\u00e9vou\u00e9s et d'engagement aux personnes touch\u00e9es par le lymphome, c'est avec beaucoup d'enthousiasme que je partage notre vision de l'avenir. Ce dernier quart de si\u00e8cle t\u00e9moigne de notre d\u00e9vouement in\u00e9branlable \u00e0 l'am\u00e9lioration de la vie des personnes touch\u00e9es par un lymphome.\",\"breadcrumb\":{\"@id\":\"https:\/\/www.lymphoma.ca\/fr\/le-25e-anniversaire\/feuille-de-route\/#breadcrumb\"},\"inLanguage\":\"fr-FR\",\"potentialAction\":[{\"@type\":\"ReadAction\",\"target\":[\"https:\/\/www.lymphoma.ca\/fr\/le-25e-anniversaire\/feuille-de-route\/\"]}]},{\"@type\":\"ImageObject\",\"inLanguage\":\"fr-FR\",\"@id\":\"https:\/\/www.lymphoma.ca\/fr\/le-25e-anniversaire\/feuille-de-route\/#primaryimage\",\"url\":\"https:\/\/www.lymphoma.ca\/wp-content\/uploads\/2023\/12\/Ver2ThumbFinalFR1.jpg\",\"contentUrl\":\"https:\/\/www.lymphoma.ca\/wp-content\/uploads\/2023\/12\/Ver2ThumbFinalFR1.jpg\",\"width\":1080,\"height\":1080},{\"@type\":\"BreadcrumbList\",\"@id\":\"https:\/\/www.lymphoma.ca\/fr\/le-25e-anniversaire\/feuille-de-route\/#breadcrumb\",\"itemListElement\":[{\"@type\":\"ListItem\",\"position\":1,\"name\":\"Home\",\"item\":\"https:\/\/www.lymphoma.ca\/fr\/\"},{\"@type\":\"ListItem\",\"position\":2,\"name\":\"Les 25 ans de Lymphome Canada\",\"item\":\"https:\/\/www.lymphoma.ca\/fr\/le-25e-anniversaire\/\"},{\"@type\":\"ListItem\",\"position\":3,\"name\":\"Feuille de route pour l\u2019avenir de Lymphome Canada\"}]},{\"@type\":\"WebSite\",\"@id\":\"https:\/\/www.lymphoma.ca\/fr\/#website\",\"url\":\"https:\/\/www.lymphoma.ca\/fr\/\",\"name\":\"Lymphoma Canada\",\"description\":\"Information. Help. Hope.\",\"publisher\":{\"@id\":\"https:\/\/www.lymphoma.ca\/fr\/#organization\"},\"potentialAction\":[{\"@type\":\"SearchAction\",\"target\":{\"@type\":\"EntryPoint\",\"urlTemplate\":\"https:\/\/www.lymphoma.ca\/fr\/?s={search_term_string}\"},\"query-input\":{\"@type\":\"PropertyValueSpecification\",\"valueRequired\":true,\"valueName\":\"search_term_string\"}}],\"inLanguage\":\"fr-FR\"},{\"@type\":\"Organization\",\"@id\":\"https:\/\/www.lymphoma.ca\/fr\/#organization\",\"name\":\"Lymphoma Canada\",\"url\":\"https:\/\/www.lymphoma.ca\/fr\/\",\"logo\":{\"@type\":\"ImageObject\",\"inLanguage\":\"fr-FR\",\"@id\":\"https:\/\/www.lymphoma.ca\/fr\/#\/schema\/logo\/image\/\",\"url\":\"https:\/\/www.lymphoma.ca\/wp-content\/uploads\/2023\/05\/logo-lymphoma.jpg\",\"contentUrl\":\"https:\/\/www.lymphoma.ca\/wp-content\/uploads\/2023\/05\/logo-lymphoma.jpg\",\"width\":343,\"height\":343,\"caption\":\"Lymphoma Canada\"},\"image\":{\"@id\":\"https:\/\/www.lymphoma.ca\/fr\/#\/schema\/logo\/image\/\"},\"sameAs\":[\"https:\/\/www.facebook.com\/LymphomaCanada\",\"https:\/\/x.com\/lymphomacanada\",\"https:\/\/www.linkedin.com\/company\/lymphoma-canada\/\",\"http:\/\/instagram.com\/lymphomacanada\",\"http:\/\/www.youtube.com\/user\/LymphomaTV\"]}]}<\/script>\n<!-- \/ Yoast SEO plugin. -->","yoast_head_json":{"title":"Feuille de route pour l\u2019avenir de Lymphome Canada - Lymphoma Canada","description":"Alors que nous c\u00e9l\u00e9brons une \u00e9tape importante de notre parcours, soit 25 ans de services d\u00e9vou\u00e9s et d'engagement aux personnes touch\u00e9es par le lymphome, c'est avec beaucoup d'enthousiasme que je partage notre vision de l'avenir. Ce dernier quart de si\u00e8cle t\u00e9moigne de notre d\u00e9vouement in\u00e9branlable \u00e0 l'am\u00e9lioration de la vie des personnes touch\u00e9es par un lymphome.","robots":{"index":"index","follow":"follow","max-snippet":"max-snippet:-1","max-image-preview":"max-image-preview:large","max-video-preview":"max-video-preview:-1"},"canonical":"https:\/\/www.lymphoma.ca\/fr\/le-25e-anniversaire\/feuille-de-route\/","og_locale":"fr_FR","og_type":"article","og_title":"Feuille de route pour l\u2019avenir de Lymphome Canada - Lymphoma Canada","og_description":"Alors que nous c\u00e9l\u00e9brons une \u00e9tape importante de notre parcours, soit 25 ans de services d\u00e9vou\u00e9s et d'engagement aux personnes touch\u00e9es par le lymphome, c'est avec beaucoup d'enthousiasme que je partage notre vision de l'avenir. Ce dernier quart de si\u00e8cle t\u00e9moigne de notre d\u00e9vouement in\u00e9branlable \u00e0 l'am\u00e9lioration de la vie des personnes touch\u00e9es par un lymphome.","og_url":"https:\/\/www.lymphoma.ca\/fr\/le-25e-anniversaire\/feuille-de-route\/","og_site_name":"Lymphoma Canada","article_publisher":"https:\/\/www.facebook.com\/LymphomaCanada","article_modified_time":"2023-12-18T19:14:15+00:00","og_image":[{"width":1080,"height":1080,"url":"https:\/\/www.lymphoma.ca\/wp-content\/uploads\/2023\/12\/Ver2ThumbFinalFR1.jpg","type":"image\/jpeg"}],"twitter_card":"summary_large_image","twitter_site":"@lymphomacanada","twitter_misc":{"Dur\u00e9e de lecture estim\u00e9e":"4 minutes"},"schema":{"@context":"https:\/\/schema.org","@graph":[{"@type":"WebPage","@id":"https:\/\/www.lymphoma.ca\/fr\/le-25e-anniversaire\/feuille-de-route\/","url":"https:\/\/www.lymphoma.ca\/fr\/le-25e-anniversaire\/feuille-de-route\/","name":"Feuille de route pour l\u2019avenir de Lymphome Canada - Lymphoma Canada","isPartOf":{"@id":"https:\/\/www.lymphoma.ca\/fr\/#website"},"primaryImageOfPage":{"@id":"https:\/\/www.lymphoma.ca\/fr\/le-25e-anniversaire\/feuille-de-route\/#primaryimage"},"image":{"@id":"https:\/\/www.lymphoma.ca\/fr\/le-25e-anniversaire\/feuille-de-route\/#primaryimage"},"thumbnailUrl":"https:\/\/www.lymphoma.ca\/wp-content\/uploads\/2023\/12\/Ver2ThumbFinalFR1.jpg","datePublished":"2023-12-18T17:15:57+00:00","dateModified":"2023-12-18T19:14:15+00:00","description":"Alors que nous c\u00e9l\u00e9brons une \u00e9tape importante de notre parcours, soit 25 ans de services d\u00e9vou\u00e9s et d'engagement aux personnes touch\u00e9es par le lymphome, c'est avec beaucoup d'enthousiasme que je partage notre vision de l'avenir. Ce dernier quart de si\u00e8cle t\u00e9moigne de notre d\u00e9vouement in\u00e9branlable \u00e0 l'am\u00e9lioration de la vie des personnes touch\u00e9es par un lymphome.","breadcrumb":{"@id":"https:\/\/www.lymphoma.ca\/fr\/le-25e-anniversaire\/feuille-de-route\/#breadcrumb"},"inLanguage":"fr-FR","potentialAction":[{"@type":"ReadAction","target":["https:\/\/www.lymphoma.ca\/fr\/le-25e-anniversaire\/feuille-de-route\/"]}]},{"@type":"ImageObject","inLanguage":"fr-FR","@id":"https:\/\/www.lymphoma.ca\/fr\/le-25e-anniversaire\/feuille-de-route\/#primaryimage","url":"https:\/\/www.lymphoma.ca\/wp-content\/uploads\/2023\/12\/Ver2ThumbFinalFR1.jpg","contentUrl":"https:\/\/www.lymphoma.ca\/wp-content\/uploads\/2023\/12\/Ver2ThumbFinalFR1.jpg","width":1080,"height":1080},{"@type":"BreadcrumbList","@id":"https:\/\/www.lymphoma.ca\/fr\/le-25e-anniversaire\/feuille-de-route\/#breadcrumb","itemListElement":[{"@type":"ListItem","position":1,"name":"Home","item":"https:\/\/www.lymphoma.ca\/fr\/"},{"@type":"ListItem","position":2,"name":"Les 25 ans de Lymphome Canada","item":"https:\/\/www.lymphoma.ca\/fr\/le-25e-anniversaire\/"},{"@type":"ListItem","position":3,"name":"Feuille de route pour l\u2019avenir de Lymphome Canada"}]},{"@type":"WebSite","@id":"https:\/\/www.lymphoma.ca\/fr\/#website","url":"https:\/\/www.lymphoma.ca\/fr\/","name":"Lymphoma Canada","description":"Information. Help. Hope.","publisher":{"@id":"https:\/\/www.lymphoma.ca\/fr\/#organization"},"potentialAction":[{"@type":"SearchAction","target":{"@type":"EntryPoint","urlTemplate":"https:\/\/www.lymphoma.ca\/fr\/?s={search_term_string}"},"query-input":{"@type":"PropertyValueSpecification","valueRequired":true,"valueName":"search_term_string"}}],"inLanguage":"fr-FR"},{"@type":"Organization","@id":"https:\/\/www.lymphoma.ca\/fr\/#organization","name":"Lymphoma Canada","url":"https:\/\/www.lymphoma.ca\/fr\/","logo":{"@type":"ImageObject","inLanguage":"fr-FR","@id":"https:\/\/www.lymphoma.ca\/fr\/#\/schema\/logo\/image\/","url":"https:\/\/www.lymphoma.ca\/wp-content\/uploads\/2023\/05\/logo-lymphoma.jpg","contentUrl":"https:\/\/www.lymphoma.ca\/wp-content\/uploads\/2023\/05\/logo-lymphoma.jpg","width":343,"height":343,"caption":"Lymphoma Canada"},"image":{"@id":"https:\/\/www.lymphoma.ca\/fr\/#\/schema\/logo\/image\/"},"sameAs":["https:\/\/www.facebook.com\/LymphomaCanada","https:\/\/x.com\/lymphomacanada","https:\/\/www.linkedin.com\/company\/lymphoma-canada\/","http:\/\/instagram.com\/lymphomacanada","http:\/\/www.youtube.com\/user\/LymphomaTV"]}]}},"_links":{"self":[{"href":"https:\/\/www.lymphoma.ca\/fr\/wp-json\/wp\/v2\/pages\/15816","targetHints":{"allow":["GET"]}}],"collection":[{"href":"https:\/\/www.lymphoma.ca\/fr\/wp-json\/wp\/v2\/pages"}],"about":[{"href":"https:\/\/www.lymphoma.ca\/fr\/wp-json\/wp\/v2\/types\/page"}],"author":[{"embeddable":true,"href":"https:\/\/www.lymphoma.ca\/fr\/wp-json\/wp\/v2\/users\/6"}],"replies":[{"embeddable":true,"href":"https:\/\/www.lymphoma.ca\/fr\/wp-json\/wp\/v2\/comments?post=15816"}],"version-history":[{"count":4,"href":"https:\/\/www.lymphoma.ca\/fr\/wp-json\/wp\/v2\/pages\/15816\/revisions"}],"predecessor-version":[{"id":15842,"href":"https:\/\/www.lymphoma.ca\/fr\/wp-json\/wp\/v2\/pages\/15816\/revisions\/15842"}],"up":[{"embeddable":true,"href":"https:\/\/www.lymphoma.ca\/fr\/wp-json\/wp\/v2\/pages\/12819"}],"wp:featuredmedia":[{"embeddable":true,"href":"https:\/\/www.lymphoma.ca\/fr\/wp-json\/wp\/v2\/media\/15847"}],"wp:attachment":[{"href":"https:\/\/www.lymphoma.ca\/fr\/wp-json\/wp\/v2\/media?parent=15816"}],"wp:term":[{"taxonomy":"category","embeddable":true,"href":"https:\/\/www.lymphoma.ca\/fr\/wp-json\/wp\/v2\/categories?post=15816"},{"taxonomy":"post_tag","embeddable":true,"href":"https:\/\/www.lymphoma.ca\/fr\/wp-json\/wp\/v2\/tags?post=15816"}],"curies":[{"name":"wp","href":"https:\/\/api.w.org\/{rel}","templated":true}]}}