{"id":309,"date":"2010-04-29T04:00:00","date_gmt":"2010-04-29T04:00:00","guid":{"rendered":"https:\/\/www.lymphoma.ca\/?page_id=309"},"modified":"2020-02-25T20:19:12","modified_gmt":"2020-02-25T20:19:12","slug":"symptomes-du-lymphome","status":"publish","type":"page","link":"https:\/\/www.lymphoma.ca\/fr\/le-lymphome\/les-differents-types-de-lymphomes-non-hodgkiniens\/symptomes-du-lymphome\/","title":{"rendered":"Sympt\u00f4mes du lymphome"},"content":{"rendered":"<p>Les sympt\u00f4mes du lymphome sont similaires \u00e0 ceux d\u2019autres maladies et affections. Le sympt\u00f4me le plus fr\u00e9quent est un gonflement indolore d\u2019un ganglion lymphatique (appel\u00e9 lymphad\u00e9nopathie). Les gens vont souvent consulter le m\u00e9decin en premier lieu parce qu\u2019ils pensent avoir un rhume ou une infection respiratoire qui ne veut pas passer. Le cou et les aisselles sont des zones que l\u2019on remarque fr\u00e9quemment en premier, mais le gonflement peut appara\u00eetre sur d\u2019autres parties du corps, dont l\u2019aine (ce qui peut entra\u00eener un gonflement des jambes ou des chevilles) ou l\u2019abdomen (ce qui peut provoquer des crampes et des ballonnements). Certains patients atteints de lymphome ne remarquent aucun gonflement du tout et d\u2019autres se plaignent de sueurs nocturnes, de perte de poids, de frissons, de manque d\u2019\u00e9nergie et de d\u00e9mangeaisons. Le lymphome, notamment lorsqu\u2019il s\u2019agit du stade pr\u00e9coce de d\u00e9veloppement, n\u2019entra\u00eene pas de douleurs.<\/p>\n<p>La plupart des gens qui ne pr\u00e9sentent pas ce genre de sympt\u00f4mes sp\u00e9cifiques n\u2019ont pas de lymphome. Toutefois, il est important pour toute personne pr\u00e9sentant des sympt\u00f4mes qui persistent de consulter un m\u00e9decin afin de confirmer l\u2019absence de lymphome ou de maladie grave. Le m\u00e9decin effectuera un examen physique complet et v\u00e9rifiera qu\u2019il n\u2019y a pas de ganglions lymphatiques gonfl\u00e9s sous le menton, dans le cou et dans la zone des amygdales, sur les \u00e9paules et sur les coudes, sous les aisselles et \u00e0 l\u2019aine. Le m\u00e9decin examinera \u00e9galement les autres parties du corps afin de voir s\u2019il y a un gonflement ou du liquide dans votre poitrine ou votre abdomen qui pourraient \u00eatre caus\u00e9s par des ganglions lymphatiques gonfl\u00e9s.<\/p>\n<p>On vous demandera si vous ressentez de la douleur et on v\u00e9rifiera que vous n\u2019avez aucune faiblesse ou paralysie qui pourrait \u00eatre le r\u00e9sultat d\u2019un ganglion lymphatique hypertrophi\u00e9 qui est comprim\u00e9 contre les nerfs ou la moelle \u00e9pini\u00e8re. On examinera votre abdomen pour voir si aucun organe interne n\u2019est hypertrophi\u00e9, notamment la rate. Si le m\u00e9decin suspecte un lymphome, il vous prescrira une batterie de tests suppl\u00e9mentaires dont une biopsie, des analyses de sang, des radiographies et peut-\u00eatre une \u00e9valuation de la moelle osseuse.<\/p>\n<h2>Liste de v\u00e9rification d\u2019alerte aux sympt\u00f4mes<\/h2>\n<p>Les sympt\u00f4mes du lymphome sont fr\u00e9quemment constat\u00e9s dans d\u2019autres maladies moins graves telles que la grippe ou toute autre infection virale. Ces sympt\u00f4mes sont souvent n\u00e9glig\u00e9s, mais dans les cas de maladies moins graves, ils ne durent pas tr\u00e8s longtemps. Dans le cas d\u2019un lymphome, ces sympt\u00f4mes persistent dans le temps et ne trouvent pas d\u2019explications dans une infection ou une autre maladie. La liste de v\u00e9rification ci-dessous dresse la liste des sympt\u00f4mes de lymphome les plus communs.<\/p>\n<p>Du fait de la nature commune de ces sympt\u00f4mes et parce que les sympt\u00f4mes du lymphome n\u2019apparaissent pas dans tous les cas, le diagnostic est souvent probl\u00e9matique.<\/p>\n<p>Si vous avez des doutes et que vous pensez que vous, un membre de votre famille, un ami ou un \u00eatre cher \u00eates peut-\u00eatre atteint d\u2019un lymphome, <strong> consultez votre m\u00e9decin ou un professionnel de la sant\u00e9 qualifi\u00e9 d\u00e8s que possible.<\/strong> Un diagnostic pr\u00e9coce se r\u00e9percute sur le traitement et son r\u00e9sultat.<\/p>\n<h2>Les premiers sympt\u00f4mes d\u2019un lymphome<\/h2>\n<p>Gonflement indolore des ganglions lymphatiques de la partie sup\u00e9rieure du corps, c\u2019est-\u00e0-dire le cou, la r\u00e9gion des clavicules, les aisselles ou l\u2019aine. (Un ganglion lymphatique gonfl\u00e9 n\u2019est normalement PAS aussi douloureux qu\u2019un ganglion lymphatique infect\u00e9, qui est plus fr\u00e9quent et qui peut \u00eatre douloureux). La liste de v\u00e9rification ci-dessous dresse la liste des sympt\u00f4mes de lymphome les plus communs.<\/p>\n<ul>\n<li>Frissons\/Changements de temp\u00e9rature corporelle<\/li>\n<li>Fi\u00e8vres (surtout la nuit)<\/li>\n<li>Perte de poids inexpliqu\u00e9e<\/li>\n<li>Perte d\u2019app\u00e9tit<\/li>\n<li>Fatigue inhabituelle\/Manque d\u2019\u00e9nergie<\/li>\n<li>Toux persistante<\/li>\n<li>Essoufflement<\/li>\n<li>D\u00e9mangeaison persistante sur tout le corps sans cause apparente ni rougeurs<\/li>\n<li>Fatigue g\u00e9n\u00e9rale<\/li>\n<li>Amygdales hypertrophi\u00e9es<\/li>\n<li>Maux de t\u00eate<\/li>\n<\/ul>\n<h2>Les sympt\u00f4mes d\u2019un lymphome de stade avanc\u00e9<\/h2>\n<p>Un lymphome \u00e0 un stade plus avanc\u00e9 peut \u00eatre accompagn\u00e9 des sympt\u00f4mes suivants&nbsp;:<\/p>\n<ul>\n<li>Dans certains cas, les personnes atteintes ressentent une douleur dans les ganglions lymphatiques apr\u00e8s avoir consomm\u00e9 de l\u2019alcool.<\/li>\n<li>Si le lymphome touche des tissus lymphatiques \u00e0 l\u2019int\u00e9rieur de l\u2019abdomen, des intestins ou de l\u2019estomac, un liquide peut s\u2019accumuler et entra\u00eener un gonflement \u00e0 proximit\u00e9 des intestins, provoquant potentiellement des sensations de pression et de douleurs abdominales ainsi que des diarrh\u00e9es et\/ou des indigestions.<\/li>\n<li>Le ganglion lymphatique hypertrophi\u00e9 provoque parfois d\u2019autres sympt\u00f4mes en comprimant une veine (ce qui entra\u00eene un gonflement d\u2019un bras ou d\u2019une jambe) ou contre un nerf (ce qui entra\u00eene des douleurs, des engourdissements, des fourmis dans une jambe ou un bras).<\/li>\n<li>Certaines personnes souffrent de douleurs inexpliqu\u00e9es dans le bas du dos. On pense que ces douleurs sont dues \u00e0 des ganglions lymphatiques qui se sont \u00e9largis et qui sont comprim\u00e9s contre les nerfs.<\/li>\n<li>\u00c0 mesure que le lymphome \u00e9volue et que les lymphocytes canc\u00e9reux se propagent au-del\u00e0 du syst\u00e8me lymphatique, le corps perd de sa capacit\u00e9 \u00e0 combattre les infections. Les sympt\u00f4mes g\u00e9n\u00e9ralis\u00e9s qui se d\u00e9veloppent peuvent \u00eatre confondus avec des signes de la grippe, de la tuberculose et d\u2019autres infections comme la mononucl\u00e9ose infectieuse ou d\u2019autres cancers.<\/li>\n<\/ul>\n<p>&nbsp;<\/p>\n","protected":false},"excerpt":{"rendered":"<p>Les sympt\u00f4mes du lymphome sont similaires \u00e0 ceux d\u2019autres maladies et affections. Le sympt\u00f4me le plus fr\u00e9quent est un gonflement indolore d\u2019un ganglion lymphatique (appel\u00e9 lymphad\u00e9nopathie). Les gens vont souvent&#8230;<\/p>\n","protected":false},"author":6,"featured_media":10979,"parent":351,"menu_order":7,"comment_status":"closed","ping_status":"closed","template":"page-sidebar.php","meta":{"_acf_changed":false,"footnotes":""},"categories":[],"tags":[],"class_list":["post-309","page","type-page","status-publish","has-post-thumbnail"],"acf":[],"yoast_head":"<!-- This site is optimized with the Yoast SEO plugin v26.7 - https:\/\/yoast.com\/wordpress\/plugins\/seo\/ -->\n<title>Sympt\u00f4mes du lymphome - Lymphoma Canada<\/title>\n<meta name=\"robots\" content=\"index, follow, max-snippet:-1, max-image-preview:large, max-video-preview:-1\" \/>\n<link rel=\"canonical\" href=\"https:\/\/www.lymphoma.ca\/fr\/le-lymphome\/les-differents-types-de-lymphomes-non-hodgkiniens\/symptomes-du-lymphome\/\" \/>\n<meta property=\"og:locale\" content=\"fr_FR\" \/>\n<meta property=\"og:type\" content=\"article\" \/>\n<meta property=\"og:title\" content=\"Sympt\u00f4mes du lymphome - Lymphoma Canada\" \/>\n<meta property=\"og:description\" content=\"Les sympt\u00f4mes du lymphome sont similaires \u00e0 ceux d\u2019autres maladies et affections. Le sympt\u00f4me le plus fr\u00e9quent est un gonflement indolore d\u2019un ganglion lymphatique (appel\u00e9 lymphad\u00e9nopathie). Les gens vont souvent...\" \/>\n<meta property=\"og:url\" content=\"https:\/\/www.lymphoma.ca\/fr\/le-lymphome\/les-differents-types-de-lymphomes-non-hodgkiniens\/symptomes-du-lymphome\/\" \/>\n<meta property=\"og:site_name\" content=\"Lymphoma Canada\" \/>\n<meta property=\"article:publisher\" content=\"https:\/\/www.facebook.com\/LymphomaCanada\" \/>\n<meta property=\"article:modified_time\" content=\"2020-02-25T20:19:12+00:00\" \/>\n<meta property=\"og:image\" content=\"https:\/\/www.lymphoma.ca\/wp-content\/uploads\/2021\/11\/masthead_ph_rocks_0-1.jpg\" \/>\n\t<meta property=\"og:image:width\" content=\"700\" \/>\n\t<meta property=\"og:image:height\" content=\"300\" \/>\n\t<meta property=\"og:image:type\" content=\"image\/jpeg\" \/>\n<meta name=\"twitter:card\" content=\"summary_large_image\" \/>\n<meta name=\"twitter:site\" content=\"@lymphomacanada\" \/>\n<meta name=\"twitter:label1\" content=\"Dur\u00e9e de lecture estim\u00e9e\" \/>\n\t<meta name=\"twitter:data1\" content=\"5 minutes\" \/>\n<script type=\"application\/ld+json\" class=\"yoast-schema-graph\">{\"@context\":\"https:\/\/schema.org\",\"@graph\":[{\"@type\":\"WebPage\",\"@id\":\"https:\/\/www.lymphoma.ca\/fr\/le-lymphome\/les-differents-types-de-lymphomes-non-hodgkiniens\/symptomes-du-lymphome\/\",\"url\":\"https:\/\/www.lymphoma.ca\/fr\/le-lymphome\/les-differents-types-de-lymphomes-non-hodgkiniens\/symptomes-du-lymphome\/\",\"name\":\"Sympt\u00f4mes du lymphome - Lymphoma Canada\",\"isPartOf\":{\"@id\":\"https:\/\/www.lymphoma.ca\/fr\/#website\"},\"primaryImageOfPage\":{\"@id\":\"https:\/\/www.lymphoma.ca\/fr\/le-lymphome\/les-differents-types-de-lymphomes-non-hodgkiniens\/symptomes-du-lymphome\/#primaryimage\"},\"image\":{\"@id\":\"https:\/\/www.lymphoma.ca\/fr\/le-lymphome\/les-differents-types-de-lymphomes-non-hodgkiniens\/symptomes-du-lymphome\/#primaryimage\"},\"thumbnailUrl\":\"https:\/\/www.lymphoma.ca\/wp-content\/uploads\/2021\/11\/masthead_ph_rocks_0-1.jpg\",\"datePublished\":\"2010-04-29T04:00:00+00:00\",\"dateModified\":\"2020-02-25T20:19:12+00:00\",\"breadcrumb\":{\"@id\":\"https:\/\/www.lymphoma.ca\/fr\/le-lymphome\/les-differents-types-de-lymphomes-non-hodgkiniens\/symptomes-du-lymphome\/#breadcrumb\"},\"inLanguage\":\"fr-FR\",\"potentialAction\":[{\"@type\":\"ReadAction\",\"target\":[\"https:\/\/www.lymphoma.ca\/fr\/le-lymphome\/les-differents-types-de-lymphomes-non-hodgkiniens\/symptomes-du-lymphome\/\"]}]},{\"@type\":\"ImageObject\",\"inLanguage\":\"fr-FR\",\"@id\":\"https:\/\/www.lymphoma.ca\/fr\/le-lymphome\/les-differents-types-de-lymphomes-non-hodgkiniens\/symptomes-du-lymphome\/#primaryimage\",\"url\":\"https:\/\/www.lymphoma.ca\/wp-content\/uploads\/2021\/11\/masthead_ph_rocks_0-1.jpg\",\"contentUrl\":\"https:\/\/www.lymphoma.ca\/wp-content\/uploads\/2021\/11\/masthead_ph_rocks_0-1.jpg\",\"width\":700,\"height\":300,\"caption\":\"types of lymphoma\"},{\"@type\":\"BreadcrumbList\",\"@id\":\"https:\/\/www.lymphoma.ca\/fr\/le-lymphome\/les-differents-types-de-lymphomes-non-hodgkiniens\/symptomes-du-lymphome\/#breadcrumb\",\"itemListElement\":[{\"@type\":\"ListItem\",\"position\":1,\"name\":\"Home\",\"item\":\"https:\/\/www.lymphoma.ca\/fr\/\"},{\"@type\":\"ListItem\",\"position\":2,\"name\":\"Lymphome\",\"item\":\"https:\/\/www.lymphoma.ca\/fr\/le-lymphome\/\"},{\"@type\":\"ListItem\",\"position\":3,\"name\":\"Les diff\u00e9rents types de lymphomes non hodgkiniens\",\"item\":\"https:\/\/www.lymphoma.ca\/fr\/le-lymphome\/les-differents-types-de-lymphomes-non-hodgkiniens\/\"},{\"@type\":\"ListItem\",\"position\":4,\"name\":\"Sympt\u00f4mes du lymphome\"}]},{\"@type\":\"WebSite\",\"@id\":\"https:\/\/www.lymphoma.ca\/fr\/#website\",\"url\":\"https:\/\/www.lymphoma.ca\/fr\/\",\"name\":\"Lymphoma Canada\",\"description\":\"Information. Help. Hope.\",\"publisher\":{\"@id\":\"https:\/\/www.lymphoma.ca\/fr\/#organization\"},\"potentialAction\":[{\"@type\":\"SearchAction\",\"target\":{\"@type\":\"EntryPoint\",\"urlTemplate\":\"https:\/\/www.lymphoma.ca\/fr\/?s={search_term_string}\"},\"query-input\":{\"@type\":\"PropertyValueSpecification\",\"valueRequired\":true,\"valueName\":\"search_term_string\"}}],\"inLanguage\":\"fr-FR\"},{\"@type\":\"Organization\",\"@id\":\"https:\/\/www.lymphoma.ca\/fr\/#organization\",\"name\":\"Lymphoma Canada\",\"url\":\"https:\/\/www.lymphoma.ca\/fr\/\",\"logo\":{\"@type\":\"ImageObject\",\"inLanguage\":\"fr-FR\",\"@id\":\"https:\/\/www.lymphoma.ca\/fr\/#\/schema\/logo\/image\/\",\"url\":\"https:\/\/www.lymphoma.ca\/wp-content\/uploads\/2023\/05\/logo-lymphoma.jpg\",\"contentUrl\":\"https:\/\/www.lymphoma.ca\/wp-content\/uploads\/2023\/05\/logo-lymphoma.jpg\",\"width\":343,\"height\":343,\"caption\":\"Lymphoma Canada\"},\"image\":{\"@id\":\"https:\/\/www.lymphoma.ca\/fr\/#\/schema\/logo\/image\/\"},\"sameAs\":[\"https:\/\/www.facebook.com\/LymphomaCanada\",\"https:\/\/x.com\/lymphomacanada\",\"https:\/\/www.linkedin.com\/company\/lymphoma-canada\/\",\"http:\/\/instagram.com\/lymphomacanada\",\"http:\/\/www.youtube.com\/user\/LymphomaTV\"]}]}<\/script>\n<!-- \/ Yoast SEO plugin. -->","yoast_head_json":{"title":"Sympt\u00f4mes du lymphome - Lymphoma Canada","robots":{"index":"index","follow":"follow","max-snippet":"max-snippet:-1","max-image-preview":"max-image-preview:large","max-video-preview":"max-video-preview:-1"},"canonical":"https:\/\/www.lymphoma.ca\/fr\/le-lymphome\/les-differents-types-de-lymphomes-non-hodgkiniens\/symptomes-du-lymphome\/","og_locale":"fr_FR","og_type":"article","og_title":"Sympt\u00f4mes du lymphome - Lymphoma Canada","og_description":"Les sympt\u00f4mes du lymphome sont similaires \u00e0 ceux d\u2019autres maladies et affections. Le sympt\u00f4me le plus fr\u00e9quent est un gonflement indolore d\u2019un ganglion lymphatique (appel\u00e9 lymphad\u00e9nopathie). Les gens vont souvent...","og_url":"https:\/\/www.lymphoma.ca\/fr\/le-lymphome\/les-differents-types-de-lymphomes-non-hodgkiniens\/symptomes-du-lymphome\/","og_site_name":"Lymphoma Canada","article_publisher":"https:\/\/www.facebook.com\/LymphomaCanada","article_modified_time":"2020-02-25T20:19:12+00:00","og_image":[{"width":700,"height":300,"url":"https:\/\/www.lymphoma.ca\/wp-content\/uploads\/2021\/11\/masthead_ph_rocks_0-1.jpg","type":"image\/jpeg"}],"twitter_card":"summary_large_image","twitter_site":"@lymphomacanada","twitter_misc":{"Dur\u00e9e de lecture estim\u00e9e":"5 minutes"},"schema":{"@context":"https:\/\/schema.org","@graph":[{"@type":"WebPage","@id":"https:\/\/www.lymphoma.ca\/fr\/le-lymphome\/les-differents-types-de-lymphomes-non-hodgkiniens\/symptomes-du-lymphome\/","url":"https:\/\/www.lymphoma.ca\/fr\/le-lymphome\/les-differents-types-de-lymphomes-non-hodgkiniens\/symptomes-du-lymphome\/","name":"Sympt\u00f4mes du lymphome - Lymphoma Canada","isPartOf":{"@id":"https:\/\/www.lymphoma.ca\/fr\/#website"},"primaryImageOfPage":{"@id":"https:\/\/www.lymphoma.ca\/fr\/le-lymphome\/les-differents-types-de-lymphomes-non-hodgkiniens\/symptomes-du-lymphome\/#primaryimage"},"image":{"@id":"https:\/\/www.lymphoma.ca\/fr\/le-lymphome\/les-differents-types-de-lymphomes-non-hodgkiniens\/symptomes-du-lymphome\/#primaryimage"},"thumbnailUrl":"https:\/\/www.lymphoma.ca\/wp-content\/uploads\/2021\/11\/masthead_ph_rocks_0-1.jpg","datePublished":"2010-04-29T04:00:00+00:00","dateModified":"2020-02-25T20:19:12+00:00","breadcrumb":{"@id":"https:\/\/www.lymphoma.ca\/fr\/le-lymphome\/les-differents-types-de-lymphomes-non-hodgkiniens\/symptomes-du-lymphome\/#breadcrumb"},"inLanguage":"fr-FR","potentialAction":[{"@type":"ReadAction","target":["https:\/\/www.lymphoma.ca\/fr\/le-lymphome\/les-differents-types-de-lymphomes-non-hodgkiniens\/symptomes-du-lymphome\/"]}]},{"@type":"ImageObject","inLanguage":"fr-FR","@id":"https:\/\/www.lymphoma.ca\/fr\/le-lymphome\/les-differents-types-de-lymphomes-non-hodgkiniens\/symptomes-du-lymphome\/#primaryimage","url":"https:\/\/www.lymphoma.ca\/wp-content\/uploads\/2021\/11\/masthead_ph_rocks_0-1.jpg","contentUrl":"https:\/\/www.lymphoma.ca\/wp-content\/uploads\/2021\/11\/masthead_ph_rocks_0-1.jpg","width":700,"height":300,"caption":"types of lymphoma"},{"@type":"BreadcrumbList","@id":"https:\/\/www.lymphoma.ca\/fr\/le-lymphome\/les-differents-types-de-lymphomes-non-hodgkiniens\/symptomes-du-lymphome\/#breadcrumb","itemListElement":[{"@type":"ListItem","position":1,"name":"Home","item":"https:\/\/www.lymphoma.ca\/fr\/"},{"@type":"ListItem","position":2,"name":"Lymphome","item":"https:\/\/www.lymphoma.ca\/fr\/le-lymphome\/"},{"@type":"ListItem","position":3,"name":"Les diff\u00e9rents types de lymphomes non hodgkiniens","item":"https:\/\/www.lymphoma.ca\/fr\/le-lymphome\/les-differents-types-de-lymphomes-non-hodgkiniens\/"},{"@type":"ListItem","position":4,"name":"Sympt\u00f4mes du lymphome"}]},{"@type":"WebSite","@id":"https:\/\/www.lymphoma.ca\/fr\/#website","url":"https:\/\/www.lymphoma.ca\/fr\/","name":"Lymphoma Canada","description":"Information. Help. Hope.","publisher":{"@id":"https:\/\/www.lymphoma.ca\/fr\/#organization"},"potentialAction":[{"@type":"SearchAction","target":{"@type":"EntryPoint","urlTemplate":"https:\/\/www.lymphoma.ca\/fr\/?s={search_term_string}"},"query-input":{"@type":"PropertyValueSpecification","valueRequired":true,"valueName":"search_term_string"}}],"inLanguage":"fr-FR"},{"@type":"Organization","@id":"https:\/\/www.lymphoma.ca\/fr\/#organization","name":"Lymphoma Canada","url":"https:\/\/www.lymphoma.ca\/fr\/","logo":{"@type":"ImageObject","inLanguage":"fr-FR","@id":"https:\/\/www.lymphoma.ca\/fr\/#\/schema\/logo\/image\/","url":"https:\/\/www.lymphoma.ca\/wp-content\/uploads\/2023\/05\/logo-lymphoma.jpg","contentUrl":"https:\/\/www.lymphoma.ca\/wp-content\/uploads\/2023\/05\/logo-lymphoma.jpg","width":343,"height":343,"caption":"Lymphoma Canada"},"image":{"@id":"https:\/\/www.lymphoma.ca\/fr\/#\/schema\/logo\/image\/"},"sameAs":["https:\/\/www.facebook.com\/LymphomaCanada","https:\/\/x.com\/lymphomacanada","https:\/\/www.linkedin.com\/company\/lymphoma-canada\/","http:\/\/instagram.com\/lymphomacanada","http:\/\/www.youtube.com\/user\/LymphomaTV"]}]}},"_links":{"self":[{"href":"https:\/\/www.lymphoma.ca\/fr\/wp-json\/wp\/v2\/pages\/309","targetHints":{"allow":["GET"]}}],"collection":[{"href":"https:\/\/www.lymphoma.ca\/fr\/wp-json\/wp\/v2\/pages"}],"about":[{"href":"https:\/\/www.lymphoma.ca\/fr\/wp-json\/wp\/v2\/types\/page"}],"author":[{"embeddable":true,"href":"https:\/\/www.lymphoma.ca\/fr\/wp-json\/wp\/v2\/users\/6"}],"replies":[{"embeddable":true,"href":"https:\/\/www.lymphoma.ca\/fr\/wp-json\/wp\/v2\/comments?post=309"}],"version-history":[{"count":1,"href":"https:\/\/www.lymphoma.ca\/fr\/wp-json\/wp\/v2\/pages\/309\/revisions"}],"predecessor-version":[{"id":4657,"href":"https:\/\/www.lymphoma.ca\/fr\/wp-json\/wp\/v2\/pages\/309\/revisions\/4657"}],"up":[{"embeddable":true,"href":"https:\/\/www.lymphoma.ca\/fr\/wp-json\/wp\/v2\/pages\/351"}],"wp:featuredmedia":[{"embeddable":true,"href":"https:\/\/www.lymphoma.ca\/fr\/wp-json\/wp\/v2\/media\/10979"}],"wp:attachment":[{"href":"https:\/\/www.lymphoma.ca\/fr\/wp-json\/wp\/v2\/media?parent=309"}],"wp:term":[{"taxonomy":"category","embeddable":true,"href":"https:\/\/www.lymphoma.ca\/fr\/wp-json\/wp\/v2\/categories?post=309"},{"taxonomy":"post_tag","embeddable":true,"href":"https:\/\/www.lymphoma.ca\/fr\/wp-json\/wp\/v2\/tags?post=309"}],"curies":[{"name":"wp","href":"https:\/\/api.w.org\/{rel}","templated":true}]}}