{"id":312,"date":"2010-04-29T04:00:00","date_gmt":"2010-04-29T04:00:00","guid":{"rendered":"https:\/\/www.lymphoma.ca\/?page_id=312"},"modified":"2020-04-27T16:19:11","modified_gmt":"2020-04-27T16:19:11","slug":"numeration-globulaire","status":"publish","type":"page","link":"https:\/\/www.lymphoma.ca\/fr\/le-lymphome\/lymphome-101\/numeration-globulaire\/","title":{"rendered":"Num\u00e9ration globulaire"},"content":{"rendered":"<p>La moelle osseuse est \u00ab\u00a0l\u2019usine de fabrication\u00a0\u00bb des cellules sanguines. Elle contient des cellules immatures qui deviennent trois\u00a0types de cellules sanguines principales\u00a0: les globules rouges, les globules blancs et les plaquettes.<\/p>\n<p><strong>Les globules blancs\u00a0:<\/strong> Ces cellules aident votre corps \u00e0 combattre les infections. Les cellules qui combattent les infections portent le nom de neutrophiles et de lymphocytes.<\/p>\n<p><strong>Les globules rouges\u00a0:<\/strong> Les globules rouges contiennent de l\u2019h\u00e9moglobine, qui transporte l\u2019oxyg\u00e8ne des poumons vers les tissus et les cellules. Votre corps a besoin d\u2019oxyg\u00e8ne pour survivre et pour avoir de l\u2019\u00e9nergie.<\/p>\n<p><strong>Les plaquettes\u00a0:<\/strong> Les plaquettes aident votre sang \u00e0 se coaguler lorsque vous vous coupez et elles arr\u00eatent l\u2019h\u00e9morragie.<\/p>\n<p><img loading=\"lazy\" decoding=\"async\" class=\" size-full wp-image-311\" title=\" Les globules rouges, les globules blancs et les plaquettes.\" src=\"https:\/\/www.lymphoma.ca\/wp-content\/uploads\/2010\/04\/01_fr_0.jpg\" alt=\"La moelle osseuse contient des cellules immatures qui deviennent trois types de cellules sanguines principales : les globules rouges, les globules blancs et les plaquettes.\" width=\"304\" height=\"250\" srcset=\"https:\/\/www.lymphoma.ca\/wp-content\/uploads\/2010\/04\/01_fr_0.jpg 600w, https:\/\/www.lymphoma.ca\/wp-content\/uploads\/2010\/04\/01_fr_0-300x247.jpg 300w\" sizes=\"auto, (max-width: 304px) 100vw, 304px\" \/><\/p>\n<p>La moelle osseuse contient des cellules immatures qui deviennent trois\u00a0types de cellules sanguines principales\u00a0: les globules rouges, les globules blancs et les plaquettes.<\/p>\n<h2>Les cancers du sang et de la moelle osseuse<\/h2>\n<p>Les cancers du sang et de la moelle osseuse, tels que le lymphome ou la leuc\u00e9mie, attaquent diff\u00e9rentes parties de votre moelle osseuse. Les cellules canc\u00e9reuses peuvent d\u00e9placer les autres cellules de votre moelle osseuse, rendant la production de cellules sanguines n\u00e9cessaires \u00e0 votre corps difficile pour votre moelle osseuse. C\u2019est comme si elle \u00e9tait surpopul\u00e9e et qu\u2019il n\u2019y avait plus assez de place pour les cellules normales.<\/p>\n<p>Une faible num\u00e9ration globulaire est un effet secondaire commun de la chimioth\u00e9rapie et peut entra\u00eener de s\u00e9rieuses complications qui peuvent retarder la s\u00e9ance suivante de votre traitement. Votre \u00e9quipe de professionnels de la sant\u00e9 vous apprendra comment d\u00e9tecter les signes d\u2019une num\u00e9ration globulaire faible. Votre \u00e9quipe de professionnels de la sant\u00e9 v\u00e9rifiera votre num\u00e9ration globulaire de mani\u00e8re r\u00e9guli\u00e8re.<\/p>\n","protected":false},"excerpt":{"rendered":"<p>La moelle osseuse est \u00ab\u00a0l\u2019usine de fabrication\u00a0\u00bb des cellules sanguines. Elle contient des cellules immatures qui deviennent trois\u00a0types de cellules sanguines principales\u00a0: les globules rouges, les globules blancs et les&#8230;<\/p>\n","protected":false},"author":6,"featured_media":0,"parent":485,"menu_order":2,"comment_status":"closed","ping_status":"closed","template":"page-sidebar.php","meta":{"_acf_changed":false,"footnotes":""},"categories":[],"tags":[],"class_list":["post-312","page","type-page","status-publish"],"acf":[],"yoast_head":"<!-- This site is optimized with the Yoast SEO plugin v26.7 - https:\/\/yoast.com\/wordpress\/plugins\/seo\/ -->\n<title>Num\u00e9ration globulaire - Lymphoma Canada<\/title>\n<meta name=\"robots\" content=\"index, follow, max-snippet:-1, max-image-preview:large, max-video-preview:-1\" \/>\n<link rel=\"canonical\" href=\"https:\/\/www.lymphoma.ca\/lymphoma\/overview\/blood-bone-marrow\/\" \/>\n<meta property=\"og:locale\" content=\"fr_FR\" \/>\n<meta property=\"og:type\" content=\"article\" \/>\n<meta property=\"og:title\" content=\"Num\u00e9ration globulaire - Lymphoma Canada\" \/>\n<meta property=\"og:description\" content=\"La moelle osseuse est \u00ab\u00a0l\u2019usine de fabrication\u00a0\u00bb des cellules sanguines. Elle contient des cellules immatures qui deviennent trois\u00a0types de cellules sanguines principales\u00a0: les globules rouges, les globules blancs et les...\" \/>\n<meta property=\"og:url\" content=\"https:\/\/www.lymphoma.ca\/lymphoma\/overview\/blood-bone-marrow\/\" \/>\n<meta property=\"og:site_name\" content=\"Lymphoma Canada\" \/>\n<meta property=\"article:publisher\" content=\"https:\/\/www.facebook.com\/LymphomaCanada\" \/>\n<meta property=\"article:modified_time\" content=\"2020-04-27T16:19:11+00:00\" \/>\n<meta property=\"og:image\" content=\"https:\/\/www.lymphoma.ca\/wp-content\/uploads\/2010\/04\/01_fr_0.jpg\" \/>\n<meta name=\"twitter:card\" content=\"summary_large_image\" \/>\n<meta name=\"twitter:site\" content=\"@lymphomacanada\" \/>\n<meta name=\"twitter:label1\" content=\"Dur\u00e9e de lecture estim\u00e9e\" \/>\n\t<meta name=\"twitter:data1\" content=\"1 minute\" \/>\n<script type=\"application\/ld+json\" class=\"yoast-schema-graph\">{\"@context\":\"https:\/\/schema.org\",\"@graph\":[{\"@type\":\"WebPage\",\"@id\":\"https:\/\/www.lymphoma.ca\/lymphoma\/overview\/blood-bone-marrow\/\",\"url\":\"https:\/\/www.lymphoma.ca\/lymphoma\/overview\/blood-bone-marrow\/\",\"name\":\"Num\u00e9ration globulaire - Lymphoma Canada\",\"isPartOf\":{\"@id\":\"https:\/\/www.lymphoma.ca\/fr\/#website\"},\"primaryImageOfPage\":{\"@id\":\"https:\/\/www.lymphoma.ca\/lymphoma\/overview\/blood-bone-marrow\/#primaryimage\"},\"image\":{\"@id\":\"https:\/\/www.lymphoma.ca\/lymphoma\/overview\/blood-bone-marrow\/#primaryimage\"},\"thumbnailUrl\":\"https:\/\/www.lymphoma.ca\/wp-content\/uploads\/2010\/04\/01_fr_0.jpg\",\"datePublished\":\"2010-04-29T04:00:00+00:00\",\"dateModified\":\"2020-04-27T16:19:11+00:00\",\"breadcrumb\":{\"@id\":\"https:\/\/www.lymphoma.ca\/lymphoma\/overview\/blood-bone-marrow\/#breadcrumb\"},\"inLanguage\":\"fr-FR\",\"potentialAction\":[{\"@type\":\"ReadAction\",\"target\":[\"https:\/\/www.lymphoma.ca\/lymphoma\/overview\/blood-bone-marrow\/\"]}]},{\"@type\":\"ImageObject\",\"inLanguage\":\"fr-FR\",\"@id\":\"https:\/\/www.lymphoma.ca\/lymphoma\/overview\/blood-bone-marrow\/#primaryimage\",\"url\":\"https:\/\/www.lymphoma.ca\/wp-content\/uploads\/2010\/04\/01_fr_0.jpg\",\"contentUrl\":\"https:\/\/www.lymphoma.ca\/wp-content\/uploads\/2010\/04\/01_fr_0.jpg\"},{\"@type\":\"BreadcrumbList\",\"@id\":\"https:\/\/www.lymphoma.ca\/lymphoma\/overview\/blood-bone-marrow\/#breadcrumb\",\"itemListElement\":[{\"@type\":\"ListItem\",\"position\":1,\"name\":\"Home\",\"item\":\"https:\/\/www.lymphoma.ca\/fr\/\"},{\"@type\":\"ListItem\",\"position\":2,\"name\":\"Lymphome\",\"item\":\"https:\/\/www.lymphoma.ca\/fr\/le-lymphome\/\"},{\"@type\":\"ListItem\",\"position\":3,\"name\":\"Lymphome 101\",\"item\":\"https:\/\/www.lymphoma.ca\/fr\/le-lymphome\/lymphome-101\/\"},{\"@type\":\"ListItem\",\"position\":4,\"name\":\"Num\u00e9ration globulaire\"}]},{\"@type\":\"WebSite\",\"@id\":\"https:\/\/www.lymphoma.ca\/fr\/#website\",\"url\":\"https:\/\/www.lymphoma.ca\/fr\/\",\"name\":\"Lymphoma Canada\",\"description\":\"Information. Help. Hope.\",\"publisher\":{\"@id\":\"https:\/\/www.lymphoma.ca\/fr\/#organization\"},\"potentialAction\":[{\"@type\":\"SearchAction\",\"target\":{\"@type\":\"EntryPoint\",\"urlTemplate\":\"https:\/\/www.lymphoma.ca\/fr\/?s={search_term_string}\"},\"query-input\":{\"@type\":\"PropertyValueSpecification\",\"valueRequired\":true,\"valueName\":\"search_term_string\"}}],\"inLanguage\":\"fr-FR\"},{\"@type\":\"Organization\",\"@id\":\"https:\/\/www.lymphoma.ca\/fr\/#organization\",\"name\":\"Lymphoma Canada\",\"url\":\"https:\/\/www.lymphoma.ca\/fr\/\",\"logo\":{\"@type\":\"ImageObject\",\"inLanguage\":\"fr-FR\",\"@id\":\"https:\/\/www.lymphoma.ca\/fr\/#\/schema\/logo\/image\/\",\"url\":\"https:\/\/www.lymphoma.ca\/wp-content\/uploads\/2023\/05\/logo-lymphoma.jpg\",\"contentUrl\":\"https:\/\/www.lymphoma.ca\/wp-content\/uploads\/2023\/05\/logo-lymphoma.jpg\",\"width\":343,\"height\":343,\"caption\":\"Lymphoma Canada\"},\"image\":{\"@id\":\"https:\/\/www.lymphoma.ca\/fr\/#\/schema\/logo\/image\/\"},\"sameAs\":[\"https:\/\/www.facebook.com\/LymphomaCanada\",\"https:\/\/x.com\/lymphomacanada\",\"https:\/\/www.linkedin.com\/company\/lymphoma-canada\/\",\"http:\/\/instagram.com\/lymphomacanada\",\"http:\/\/www.youtube.com\/user\/LymphomaTV\"]}]}<\/script>\n<!-- \/ Yoast SEO plugin. -->","yoast_head_json":{"title":"Num\u00e9ration globulaire - Lymphoma Canada","robots":{"index":"index","follow":"follow","max-snippet":"max-snippet:-1","max-image-preview":"max-image-preview:large","max-video-preview":"max-video-preview:-1"},"canonical":"https:\/\/www.lymphoma.ca\/lymphoma\/overview\/blood-bone-marrow\/","og_locale":"fr_FR","og_type":"article","og_title":"Num\u00e9ration globulaire - Lymphoma Canada","og_description":"La moelle osseuse est \u00ab\u00a0l\u2019usine de fabrication\u00a0\u00bb des cellules sanguines. Elle contient des cellules immatures qui deviennent trois\u00a0types de cellules sanguines principales\u00a0: les globules rouges, les globules blancs et les...","og_url":"https:\/\/www.lymphoma.ca\/lymphoma\/overview\/blood-bone-marrow\/","og_site_name":"Lymphoma Canada","article_publisher":"https:\/\/www.facebook.com\/LymphomaCanada","article_modified_time":"2020-04-27T16:19:11+00:00","og_image":[{"url":"https:\/\/www.lymphoma.ca\/wp-content\/uploads\/2010\/04\/01_fr_0.jpg","type":"","width":"","height":""}],"twitter_card":"summary_large_image","twitter_site":"@lymphomacanada","twitter_misc":{"Dur\u00e9e de lecture estim\u00e9e":"1 minute"},"schema":{"@context":"https:\/\/schema.org","@graph":[{"@type":"WebPage","@id":"https:\/\/www.lymphoma.ca\/lymphoma\/overview\/blood-bone-marrow\/","url":"https:\/\/www.lymphoma.ca\/lymphoma\/overview\/blood-bone-marrow\/","name":"Num\u00e9ration globulaire - Lymphoma Canada","isPartOf":{"@id":"https:\/\/www.lymphoma.ca\/fr\/#website"},"primaryImageOfPage":{"@id":"https:\/\/www.lymphoma.ca\/lymphoma\/overview\/blood-bone-marrow\/#primaryimage"},"image":{"@id":"https:\/\/www.lymphoma.ca\/lymphoma\/overview\/blood-bone-marrow\/#primaryimage"},"thumbnailUrl":"https:\/\/www.lymphoma.ca\/wp-content\/uploads\/2010\/04\/01_fr_0.jpg","datePublished":"2010-04-29T04:00:00+00:00","dateModified":"2020-04-27T16:19:11+00:00","breadcrumb":{"@id":"https:\/\/www.lymphoma.ca\/lymphoma\/overview\/blood-bone-marrow\/#breadcrumb"},"inLanguage":"fr-FR","potentialAction":[{"@type":"ReadAction","target":["https:\/\/www.lymphoma.ca\/lymphoma\/overview\/blood-bone-marrow\/"]}]},{"@type":"ImageObject","inLanguage":"fr-FR","@id":"https:\/\/www.lymphoma.ca\/lymphoma\/overview\/blood-bone-marrow\/#primaryimage","url":"https:\/\/www.lymphoma.ca\/wp-content\/uploads\/2010\/04\/01_fr_0.jpg","contentUrl":"https:\/\/www.lymphoma.ca\/wp-content\/uploads\/2010\/04\/01_fr_0.jpg"},{"@type":"BreadcrumbList","@id":"https:\/\/www.lymphoma.ca\/lymphoma\/overview\/blood-bone-marrow\/#breadcrumb","itemListElement":[{"@type":"ListItem","position":1,"name":"Home","item":"https:\/\/www.lymphoma.ca\/fr\/"},{"@type":"ListItem","position":2,"name":"Lymphome","item":"https:\/\/www.lymphoma.ca\/fr\/le-lymphome\/"},{"@type":"ListItem","position":3,"name":"Lymphome 101","item":"https:\/\/www.lymphoma.ca\/fr\/le-lymphome\/lymphome-101\/"},{"@type":"ListItem","position":4,"name":"Num\u00e9ration globulaire"}]},{"@type":"WebSite","@id":"https:\/\/www.lymphoma.ca\/fr\/#website","url":"https:\/\/www.lymphoma.ca\/fr\/","name":"Lymphoma Canada","description":"Information. Help. Hope.","publisher":{"@id":"https:\/\/www.lymphoma.ca\/fr\/#organization"},"potentialAction":[{"@type":"SearchAction","target":{"@type":"EntryPoint","urlTemplate":"https:\/\/www.lymphoma.ca\/fr\/?s={search_term_string}"},"query-input":{"@type":"PropertyValueSpecification","valueRequired":true,"valueName":"search_term_string"}}],"inLanguage":"fr-FR"},{"@type":"Organization","@id":"https:\/\/www.lymphoma.ca\/fr\/#organization","name":"Lymphoma Canada","url":"https:\/\/www.lymphoma.ca\/fr\/","logo":{"@type":"ImageObject","inLanguage":"fr-FR","@id":"https:\/\/www.lymphoma.ca\/fr\/#\/schema\/logo\/image\/","url":"https:\/\/www.lymphoma.ca\/wp-content\/uploads\/2023\/05\/logo-lymphoma.jpg","contentUrl":"https:\/\/www.lymphoma.ca\/wp-content\/uploads\/2023\/05\/logo-lymphoma.jpg","width":343,"height":343,"caption":"Lymphoma Canada"},"image":{"@id":"https:\/\/www.lymphoma.ca\/fr\/#\/schema\/logo\/image\/"},"sameAs":["https:\/\/www.facebook.com\/LymphomaCanada","https:\/\/x.com\/lymphomacanada","https:\/\/www.linkedin.com\/company\/lymphoma-canada\/","http:\/\/instagram.com\/lymphomacanada","http:\/\/www.youtube.com\/user\/LymphomaTV"]}]}},"_links":{"self":[{"href":"https:\/\/www.lymphoma.ca\/fr\/wp-json\/wp\/v2\/pages\/312","targetHints":{"allow":["GET"]}}],"collection":[{"href":"https:\/\/www.lymphoma.ca\/fr\/wp-json\/wp\/v2\/pages"}],"about":[{"href":"https:\/\/www.lymphoma.ca\/fr\/wp-json\/wp\/v2\/types\/page"}],"author":[{"embeddable":true,"href":"https:\/\/www.lymphoma.ca\/fr\/wp-json\/wp\/v2\/users\/6"}],"replies":[{"embeddable":true,"href":"https:\/\/www.lymphoma.ca\/fr\/wp-json\/wp\/v2\/comments?post=312"}],"version-history":[{"count":3,"href":"https:\/\/www.lymphoma.ca\/fr\/wp-json\/wp\/v2\/pages\/312\/revisions"}],"predecessor-version":[{"id":6800,"href":"https:\/\/www.lymphoma.ca\/fr\/wp-json\/wp\/v2\/pages\/312\/revisions\/6800"}],"up":[{"embeddable":true,"href":"https:\/\/www.lymphoma.ca\/fr\/wp-json\/wp\/v2\/pages\/485"}],"wp:attachment":[{"href":"https:\/\/www.lymphoma.ca\/fr\/wp-json\/wp\/v2\/media?parent=312"}],"wp:term":[{"taxonomy":"category","embeddable":true,"href":"https:\/\/www.lymphoma.ca\/fr\/wp-json\/wp\/v2\/categories?post=312"},{"taxonomy":"post_tag","embeddable":true,"href":"https:\/\/www.lymphoma.ca\/fr\/wp-json\/wp\/v2\/tags?post=312"}],"curies":[{"name":"wp","href":"https:\/\/api.w.org\/{rel}","templated":true}]}}