{"id":339,"date":"2010-05-17T04:00:00","date_gmt":"2010-05-17T04:00:00","guid":{"rendered":"https:\/\/www.lymphoma.ca\/?page_id=339"},"modified":"2021-10-06T17:09:51","modified_gmt":"2021-10-06T17:09:51","slug":"connaitre-les-signes-et-les-symptomes-du-lymphome","status":"publish","type":"page","link":"https:\/\/www.lymphoma.ca\/fr\/ganglions-101\/connaitre-les-signes-et-les-symptomes-du-lymphome\/","title":{"rendered":"Conna\u00eetre les signes et les sympt\u00f4mes du lymphome"},"content":{"rendered":"<p>Bien que le nombre de personnes diagnostiqu\u00e9es chaque ann\u00e9e avec un lymphome augmente, beaucoup ne connaissent toujours pas cette forme de cancer mettant en jeu le pronostic vital. Conna\u00eetre les signes et les sympt\u00f4mes du lymphome.<\/p>\n<p>Il est important que tous les Canadiens connaissent les signes et les sympt\u00f4mes du lymphome, car cela peut sauver leur vie. Les signes et les sympt\u00f4mes peuvent ressembler \u00e0 ceux d\u2019autres maladies moins graves, ce qui rend le diagnostic parfois difficile. Le lymphome est souvent diagnostiqu\u00e9 comme une grippe ou une fatigue. Pourtant, un diagnostic pr\u00e9coce est important, car s\u2019ils ne sont pas trait\u00e9s, certains types de lymphomes peuvent \u00eatre mortels en peu de temps.<\/p>\n<p>En connaissant vos ganglions, vous comprendrez mieux votre syst\u00e8me lymphatique et conna\u00eetrez mieux les signes et les sympt\u00f4mes du lymphome. Si les signes et les sympt\u00f4mes sont d\u00e9tect\u00e9s rapidement, il y a plus de chance d\u2019obtenir un diagnostic pr\u00e9coce et un traitement rapide, et de survivre de fa\u00e7on g\u00e9n\u00e9rale.<\/p>\n<p><strong>Conna\u00eetre les signes et les sympt\u00f4mes du lymphome<\/strong><\/p>\n<ul>\n<li>Tum\u00e9faction non douloureuse des ganglions lymphatiques de la partie sup\u00e9rieure du corps, qui peut \u00eatre ressentie par exemple au cou, dans la r\u00e9gion de la clavicule, dans les creux axillaires ou \u00e0 l\u2019aine<\/li>\n<li>Fi\u00e8vres, particuli\u00e8rement la nuit<\/li>\n<li>Frissons ou variations de temp\u00e9rature<\/li>\n<li>Perte de poids inexpliqu\u00e9e<\/li>\n<li>Perte d\u2019app\u00e9tit<\/li>\n<li>Fatigue inhabituelle ou manque anormal d\u2019\u00e9nergie<\/li>\n<li>Toux persistante<\/li>\n<li>Essoufflement<\/li>\n<li>D\u00e9mangeaison persistante sur tout le corps sans cause apparente ni rougeurs<\/li>\n<li>Fatigue g\u00e9n\u00e9rale<\/li>\n<li>Amygdales hypertrophi\u00e9es<\/li>\n<li>Maux de t\u00eate.<\/li>\n<\/ul>\n<p>De nombreuses personnes se plaignant de ces maux n\u2019ont pas de lymphomes. Toutefois, il est important que toute personne dont les sympt\u00f4mes persistent consulte son m\u00e9decin pour confirmer qu\u2019il ne s\u2019agit pas d\u2019un lymphome ou d\u2019une maladie grave.<\/p>\n<p>Si vous pensez que vous-m\u00eame, un membre de votre famille, un ami ou un \u00eatre cher avez peut-\u00eatre un lymphome, consultez votre m\u00e9decin d\u00e8s que possible. Un diagnostic pr\u00e9coce se r\u00e9percute sur le traitement et son r\u00e9sultat.<\/p>\n<p>&nbsp;<\/p>\n<p>Vous croyez savoir de tes ganglions ?<a href=\"https:\/\/www.lymphoma.ca\/fr\/ganglions-101\/ganglions-101-quiz\/\">R\u00e9pondez au quiz Ganglions 101.\u00a0<\/a><\/p>\n","protected":false},"excerpt":{"rendered":"<p>Bien que le nombre de personnes diagnostiqu\u00e9es chaque ann\u00e9e avec un lymphome augmente, beaucoup ne connaissent toujours pas cette forme de cancer mettant en jeu le pronostic vital. Conna\u00eetre les&#8230;<\/p>\n","protected":false},"author":6,"featured_media":10695,"parent":4232,"menu_order":4,"comment_status":"closed","ping_status":"closed","template":"","meta":{"_acf_changed":false,"footnotes":""},"categories":[],"tags":[],"class_list":["post-339","page","type-page","status-publish","has-post-thumbnail"],"acf":[],"yoast_head":"<!-- This site is optimized with the Yoast SEO plugin v26.7 - https:\/\/yoast.com\/wordpress\/plugins\/seo\/ -->\n<title>Conna\u00eetre les signes et les sympt\u00f4mes du lymphome - Lymphoma Canada<\/title>\n<meta name=\"description\" content=\"Il est important que tous les Canadiens connaissent les signes et les sympt\u00f4mes du lymphome, car cela peut sauver leur vie.\" \/>\n<meta name=\"robots\" content=\"index, follow, max-snippet:-1, max-image-preview:large, max-video-preview:-1\" \/>\n<link rel=\"canonical\" href=\"https:\/\/www.lymphoma.ca\/fr\/ganglions-101\/connaitre-les-signes-et-les-symptomes-du-lymphome\/\" \/>\n<meta property=\"og:locale\" content=\"fr_FR\" \/>\n<meta property=\"og:type\" content=\"article\" \/>\n<meta property=\"og:title\" content=\"Conna\u00eetre les signes et les sympt\u00f4mes du lymphome - Lymphoma Canada\" \/>\n<meta property=\"og:description\" content=\"Il est important que tous les Canadiens connaissent les signes et les sympt\u00f4mes du lymphome, car cela peut sauver leur vie.\" \/>\n<meta property=\"og:url\" content=\"https:\/\/www.lymphoma.ca\/fr\/ganglions-101\/connaitre-les-signes-et-les-symptomes-du-lymphome\/\" \/>\n<meta property=\"og:site_name\" content=\"Lymphoma Canada\" \/>\n<meta property=\"article:publisher\" content=\"https:\/\/www.facebook.com\/LymphomaCanada\" \/>\n<meta property=\"article:modified_time\" content=\"2021-10-06T17:09:51+00:00\" \/>\n<meta property=\"og:image\" content=\"https:\/\/www.lymphoma.ca\/wp-content\/uploads\/2021\/10\/iStock-1070981126.jpg\" \/>\n\t<meta property=\"og:image:width\" content=\"1663\" \/>\n\t<meta property=\"og:image:height\" content=\"631\" \/>\n\t<meta property=\"og:image:type\" content=\"image\/jpeg\" \/>\n<meta name=\"twitter:card\" content=\"summary_large_image\" \/>\n<meta name=\"twitter:site\" content=\"@lymphomacanada\" \/>\n<meta name=\"twitter:label1\" content=\"Dur\u00e9e de lecture estim\u00e9e\" \/>\n\t<meta name=\"twitter:data1\" content=\"2 minutes\" \/>\n<script type=\"application\/ld+json\" class=\"yoast-schema-graph\">{\"@context\":\"https:\/\/schema.org\",\"@graph\":[{\"@type\":\"WebPage\",\"@id\":\"https:\/\/www.lymphoma.ca\/fr\/ganglions-101\/connaitre-les-signes-et-les-symptomes-du-lymphome\/\",\"url\":\"https:\/\/www.lymphoma.ca\/fr\/ganglions-101\/connaitre-les-signes-et-les-symptomes-du-lymphome\/\",\"name\":\"Conna\u00eetre les signes et les sympt\u00f4mes du lymphome - Lymphoma Canada\",\"isPartOf\":{\"@id\":\"https:\/\/www.lymphoma.ca\/fr\/#website\"},\"primaryImageOfPage\":{\"@id\":\"https:\/\/www.lymphoma.ca\/fr\/ganglions-101\/connaitre-les-signes-et-les-symptomes-du-lymphome\/#primaryimage\"},\"image\":{\"@id\":\"https:\/\/www.lymphoma.ca\/fr\/ganglions-101\/connaitre-les-signes-et-les-symptomes-du-lymphome\/#primaryimage\"},\"thumbnailUrl\":\"https:\/\/www.lymphoma.ca\/wp-content\/uploads\/2021\/10\/iStock-1070981126.jpg\",\"datePublished\":\"2010-05-17T04:00:00+00:00\",\"dateModified\":\"2021-10-06T17:09:51+00:00\",\"description\":\"Il est important que tous les Canadiens connaissent les signes et les sympt\u00f4mes du lymphome, car cela peut sauver leur vie.\",\"breadcrumb\":{\"@id\":\"https:\/\/www.lymphoma.ca\/fr\/ganglions-101\/connaitre-les-signes-et-les-symptomes-du-lymphome\/#breadcrumb\"},\"inLanguage\":\"fr-FR\",\"potentialAction\":[{\"@type\":\"ReadAction\",\"target\":[\"https:\/\/www.lymphoma.ca\/fr\/ganglions-101\/connaitre-les-signes-et-les-symptomes-du-lymphome\/\"]}]},{\"@type\":\"ImageObject\",\"inLanguage\":\"fr-FR\",\"@id\":\"https:\/\/www.lymphoma.ca\/fr\/ganglions-101\/connaitre-les-signes-et-les-symptomes-du-lymphome\/#primaryimage\",\"url\":\"https:\/\/www.lymphoma.ca\/wp-content\/uploads\/2021\/10\/iStock-1070981126.jpg\",\"contentUrl\":\"https:\/\/www.lymphoma.ca\/wp-content\/uploads\/2021\/10\/iStock-1070981126.jpg\",\"width\":1663,\"height\":631,\"caption\":\"Female doctor giving encouragement to elderly patient by holding her hands\"},{\"@type\":\"BreadcrumbList\",\"@id\":\"https:\/\/www.lymphoma.ca\/fr\/ganglions-101\/connaitre-les-signes-et-les-symptomes-du-lymphome\/#breadcrumb\",\"itemListElement\":[{\"@type\":\"ListItem\",\"position\":1,\"name\":\"Home\",\"item\":\"https:\/\/www.lymphoma.ca\/fr\/\"},{\"@type\":\"ListItem\",\"position\":2,\"name\":\"Ganglions 101\",\"item\":\"https:\/\/www.lymphoma.ca\/fr\/ganglions-101\/\"},{\"@type\":\"ListItem\",\"position\":3,\"name\":\"Conna\u00eetre les signes et les sympt\u00f4mes du lymphome\"}]},{\"@type\":\"WebSite\",\"@id\":\"https:\/\/www.lymphoma.ca\/fr\/#website\",\"url\":\"https:\/\/www.lymphoma.ca\/fr\/\",\"name\":\"Lymphoma Canada\",\"description\":\"Information. Help. Hope.\",\"publisher\":{\"@id\":\"https:\/\/www.lymphoma.ca\/fr\/#organization\"},\"potentialAction\":[{\"@type\":\"SearchAction\",\"target\":{\"@type\":\"EntryPoint\",\"urlTemplate\":\"https:\/\/www.lymphoma.ca\/fr\/?s={search_term_string}\"},\"query-input\":{\"@type\":\"PropertyValueSpecification\",\"valueRequired\":true,\"valueName\":\"search_term_string\"}}],\"inLanguage\":\"fr-FR\"},{\"@type\":\"Organization\",\"@id\":\"https:\/\/www.lymphoma.ca\/fr\/#organization\",\"name\":\"Lymphoma Canada\",\"url\":\"https:\/\/www.lymphoma.ca\/fr\/\",\"logo\":{\"@type\":\"ImageObject\",\"inLanguage\":\"fr-FR\",\"@id\":\"https:\/\/www.lymphoma.ca\/fr\/#\/schema\/logo\/image\/\",\"url\":\"https:\/\/www.lymphoma.ca\/wp-content\/uploads\/2023\/05\/logo-lymphoma.jpg\",\"contentUrl\":\"https:\/\/www.lymphoma.ca\/wp-content\/uploads\/2023\/05\/logo-lymphoma.jpg\",\"width\":343,\"height\":343,\"caption\":\"Lymphoma Canada\"},\"image\":{\"@id\":\"https:\/\/www.lymphoma.ca\/fr\/#\/schema\/logo\/image\/\"},\"sameAs\":[\"https:\/\/www.facebook.com\/LymphomaCanada\",\"https:\/\/x.com\/lymphomacanada\",\"https:\/\/www.linkedin.com\/company\/lymphoma-canada\/\",\"http:\/\/instagram.com\/lymphomacanada\",\"http:\/\/www.youtube.com\/user\/LymphomaTV\"]}]}<\/script>\n<!-- \/ Yoast SEO plugin. -->","yoast_head_json":{"title":"Conna\u00eetre les signes et les sympt\u00f4mes du lymphome - Lymphoma Canada","description":"Il est important que tous les Canadiens connaissent les signes et les sympt\u00f4mes du lymphome, car cela peut sauver leur vie.","robots":{"index":"index","follow":"follow","max-snippet":"max-snippet:-1","max-image-preview":"max-image-preview:large","max-video-preview":"max-video-preview:-1"},"canonical":"https:\/\/www.lymphoma.ca\/fr\/ganglions-101\/connaitre-les-signes-et-les-symptomes-du-lymphome\/","og_locale":"fr_FR","og_type":"article","og_title":"Conna\u00eetre les signes et les sympt\u00f4mes du lymphome - Lymphoma Canada","og_description":"Il est important que tous les Canadiens connaissent les signes et les sympt\u00f4mes du lymphome, car cela peut sauver leur vie.","og_url":"https:\/\/www.lymphoma.ca\/fr\/ganglions-101\/connaitre-les-signes-et-les-symptomes-du-lymphome\/","og_site_name":"Lymphoma Canada","article_publisher":"https:\/\/www.facebook.com\/LymphomaCanada","article_modified_time":"2021-10-06T17:09:51+00:00","og_image":[{"width":1663,"height":631,"url":"https:\/\/www.lymphoma.ca\/wp-content\/uploads\/2021\/10\/iStock-1070981126.jpg","type":"image\/jpeg"}],"twitter_card":"summary_large_image","twitter_site":"@lymphomacanada","twitter_misc":{"Dur\u00e9e de lecture estim\u00e9e":"2 minutes"},"schema":{"@context":"https:\/\/schema.org","@graph":[{"@type":"WebPage","@id":"https:\/\/www.lymphoma.ca\/fr\/ganglions-101\/connaitre-les-signes-et-les-symptomes-du-lymphome\/","url":"https:\/\/www.lymphoma.ca\/fr\/ganglions-101\/connaitre-les-signes-et-les-symptomes-du-lymphome\/","name":"Conna\u00eetre les signes et les sympt\u00f4mes du lymphome - Lymphoma Canada","isPartOf":{"@id":"https:\/\/www.lymphoma.ca\/fr\/#website"},"primaryImageOfPage":{"@id":"https:\/\/www.lymphoma.ca\/fr\/ganglions-101\/connaitre-les-signes-et-les-symptomes-du-lymphome\/#primaryimage"},"image":{"@id":"https:\/\/www.lymphoma.ca\/fr\/ganglions-101\/connaitre-les-signes-et-les-symptomes-du-lymphome\/#primaryimage"},"thumbnailUrl":"https:\/\/www.lymphoma.ca\/wp-content\/uploads\/2021\/10\/iStock-1070981126.jpg","datePublished":"2010-05-17T04:00:00+00:00","dateModified":"2021-10-06T17:09:51+00:00","description":"Il est important que tous les Canadiens connaissent les signes et les sympt\u00f4mes du lymphome, car cela peut sauver leur vie.","breadcrumb":{"@id":"https:\/\/www.lymphoma.ca\/fr\/ganglions-101\/connaitre-les-signes-et-les-symptomes-du-lymphome\/#breadcrumb"},"inLanguage":"fr-FR","potentialAction":[{"@type":"ReadAction","target":["https:\/\/www.lymphoma.ca\/fr\/ganglions-101\/connaitre-les-signes-et-les-symptomes-du-lymphome\/"]}]},{"@type":"ImageObject","inLanguage":"fr-FR","@id":"https:\/\/www.lymphoma.ca\/fr\/ganglions-101\/connaitre-les-signes-et-les-symptomes-du-lymphome\/#primaryimage","url":"https:\/\/www.lymphoma.ca\/wp-content\/uploads\/2021\/10\/iStock-1070981126.jpg","contentUrl":"https:\/\/www.lymphoma.ca\/wp-content\/uploads\/2021\/10\/iStock-1070981126.jpg","width":1663,"height":631,"caption":"Female doctor giving encouragement to elderly patient by holding her hands"},{"@type":"BreadcrumbList","@id":"https:\/\/www.lymphoma.ca\/fr\/ganglions-101\/connaitre-les-signes-et-les-symptomes-du-lymphome\/#breadcrumb","itemListElement":[{"@type":"ListItem","position":1,"name":"Home","item":"https:\/\/www.lymphoma.ca\/fr\/"},{"@type":"ListItem","position":2,"name":"Ganglions 101","item":"https:\/\/www.lymphoma.ca\/fr\/ganglions-101\/"},{"@type":"ListItem","position":3,"name":"Conna\u00eetre les signes et les sympt\u00f4mes du lymphome"}]},{"@type":"WebSite","@id":"https:\/\/www.lymphoma.ca\/fr\/#website","url":"https:\/\/www.lymphoma.ca\/fr\/","name":"Lymphoma Canada","description":"Information. Help. Hope.","publisher":{"@id":"https:\/\/www.lymphoma.ca\/fr\/#organization"},"potentialAction":[{"@type":"SearchAction","target":{"@type":"EntryPoint","urlTemplate":"https:\/\/www.lymphoma.ca\/fr\/?s={search_term_string}"},"query-input":{"@type":"PropertyValueSpecification","valueRequired":true,"valueName":"search_term_string"}}],"inLanguage":"fr-FR"},{"@type":"Organization","@id":"https:\/\/www.lymphoma.ca\/fr\/#organization","name":"Lymphoma Canada","url":"https:\/\/www.lymphoma.ca\/fr\/","logo":{"@type":"ImageObject","inLanguage":"fr-FR","@id":"https:\/\/www.lymphoma.ca\/fr\/#\/schema\/logo\/image\/","url":"https:\/\/www.lymphoma.ca\/wp-content\/uploads\/2023\/05\/logo-lymphoma.jpg","contentUrl":"https:\/\/www.lymphoma.ca\/wp-content\/uploads\/2023\/05\/logo-lymphoma.jpg","width":343,"height":343,"caption":"Lymphoma Canada"},"image":{"@id":"https:\/\/www.lymphoma.ca\/fr\/#\/schema\/logo\/image\/"},"sameAs":["https:\/\/www.facebook.com\/LymphomaCanada","https:\/\/x.com\/lymphomacanada","https:\/\/www.linkedin.com\/company\/lymphoma-canada\/","http:\/\/instagram.com\/lymphomacanada","http:\/\/www.youtube.com\/user\/LymphomaTV"]}]}},"_links":{"self":[{"href":"https:\/\/www.lymphoma.ca\/fr\/wp-json\/wp\/v2\/pages\/339","targetHints":{"allow":["GET"]}}],"collection":[{"href":"https:\/\/www.lymphoma.ca\/fr\/wp-json\/wp\/v2\/pages"}],"about":[{"href":"https:\/\/www.lymphoma.ca\/fr\/wp-json\/wp\/v2\/types\/page"}],"author":[{"embeddable":true,"href":"https:\/\/www.lymphoma.ca\/fr\/wp-json\/wp\/v2\/users\/6"}],"replies":[{"embeddable":true,"href":"https:\/\/www.lymphoma.ca\/fr\/wp-json\/wp\/v2\/comments?post=339"}],"version-history":[{"count":5,"href":"https:\/\/www.lymphoma.ca\/fr\/wp-json\/wp\/v2\/pages\/339\/revisions"}],"predecessor-version":[{"id":10697,"href":"https:\/\/www.lymphoma.ca\/fr\/wp-json\/wp\/v2\/pages\/339\/revisions\/10697"}],"up":[{"embeddable":true,"href":"https:\/\/www.lymphoma.ca\/fr\/wp-json\/wp\/v2\/pages\/4232"}],"wp:featuredmedia":[{"embeddable":true,"href":"https:\/\/www.lymphoma.ca\/fr\/wp-json\/wp\/v2\/media\/10695"}],"wp:attachment":[{"href":"https:\/\/www.lymphoma.ca\/fr\/wp-json\/wp\/v2\/media?parent=339"}],"wp:term":[{"taxonomy":"category","embeddable":true,"href":"https:\/\/www.lymphoma.ca\/fr\/wp-json\/wp\/v2\/categories?post=339"},{"taxonomy":"post_tag","embeddable":true,"href":"https:\/\/www.lymphoma.ca\/fr\/wp-json\/wp\/v2\/tags?post=339"}],"curies":[{"name":"wp","href":"https:\/\/api.w.org\/{rel}","templated":true}]}}