{"id":342,"date":"2010-05-11T04:00:00","date_gmt":"2010-05-11T04:00:00","guid":{"rendered":"https:\/\/www.lymphoma.ca\/?page_id=342"},"modified":"2023-05-05T19:01:26","modified_gmt":"2023-05-05T19:01:26","slug":"liens-utiles","status":"publish","type":"page","link":"https:\/\/www.lymphoma.ca\/fr\/ressources\/liens-utiles\/","title":{"rendered":"Liens utiles"},"content":{"rendered":"<p>Remarque\u00a0: Lymphome Canada n\u2019est pas responsable de la v\u00e9rification de l\u2019exactitude des renseignements contenus dans ces sites.<\/p>\n<h2>Cancer<\/h2>\n<p>Canadian Cancer Society (soci\u00e9t\u00e9 canadienne du cancer)\u00a0: <a href=\"http:\/\/www.cancer.ca\" target=\"_blank\" rel=\"noopener noreferrer\">www.cancer.ca<\/a><br \/>\nStatistiques canadiennes sur le cancer\u00a0: <a href=\"https:\/\/www.cancer.ca\/fr-ca\/cancer-information\/cancer-101\/canadian-cancer-statistics\" target=\"_blank\" rel=\"noopener noreferrer\">https:\/\/www.cancer.ca\/fr-ca\/cancer-information\/cancer-101\/canadian-cancer-statistics<\/a><br \/>\nSoutien pendant le cancer\u00a0: <a href=\"http:\/\/www.cancerbackup.org\" target=\"_blank\" rel=\"noopener noreferrer\">www.cancerbackup.org<\/a><br \/>\nNational Cancer Institute (institut national du cancer)\u00a0: <a href=\"http:\/\/www.cancer.gov\" target=\"_blank\" rel=\"noopener noreferrer\">www.cancer.gov<\/a><br \/>\nThe Canadian Association of Psychosocial Oncology (association canadienne d\u2019oncologie psychosociale)\u00a0: <a href=\"http:\/\/www.capo.ca\" target=\"_blank\" rel=\"noopener noreferrer\">www.capo.ca<\/a><\/p>\n<h2>Adultes et lymphome de Hodgkin<\/h2>\n<p>Renseignements sur le lymphome de Hodgkin\u00a0: <a href=\"http:\/\/www.hodgkinsdisease.org\" target=\"_blank\" rel=\"noopener noreferrer\">www.hodgkinsdisease.org<\/a><br \/>\nRenseignements sur le cancer pour le R.-U.\u00a0: <a href=\"http:\/\/www.macmillan.org.uk\" target=\"_blank\" rel=\"noopener noreferrer\">www.macmillan.org.uk<\/a><br \/>\nNational Cancer Institute (institut national du cancer, \u00c9.-U.)\u00a0: <a href=\"http:\/\/www.cancer.gov\/cancertopics\/types\/hodgkin\" target=\"_blank\" rel=\"noopener noreferrer\">www.cancer.gov\/cancertopics\/types\/hodgkin<\/a><br \/>\nR\u00e9seau de renseignements sur le lymphome\u00a0: <a href=\"http:\/\/www.lymphomainfo.net\/hodgkins\" target=\"_blank\" rel=\"noopener noreferrer\">www.lymphomainfo.net\/hodgkins<\/a><br \/>\nLymphoma Research Foundation (fondation de recherche sur le lymphome)\u00a0: <a href=\"http:\/\/www.lymphoma.org\" target=\"_blank\" rel=\"noopener noreferrer\">www.lymphoma.org<\/a><\/p>\n<h2>Jeunes adultes et lymphome<\/h2>\n<p>Chasing Rainbows\u00a0: <a href=\"http:\/\/www.chasingrainbowsproduction.com\" target=\"_blank\" rel=\"noopener noreferrer\">http:\/\/www.chasingrainbowsproduction.com<\/a><br \/>\nAssociation sur le lymphome au R.-U.\u00a0: <a href=\"http:\/\/www.lymphomas.org.uk\/info\/living-with-lymphoma.asp\" target=\"_blank\" rel=\"noopener noreferrer\">www.lymphomas.org.uk\/info\/living-with-lymphoma.asp<\/a><br \/>\nLymphoma Research Foundation (fondation de recherche sur le lymphome)\u00a0: <a href=\"http:\/\/www.lymphoma.org\" target=\"_blank\" rel=\"noopener noreferrer\">www.lymphoma.org<\/a><br \/>\nYoung Adult Cancer Canada\u00a0: <a href=\"http:\/\/www.youngadultcancer.ca\" target=\"_blank\" rel=\"noopener noreferrer\">www.youngadultcancer.ca<\/a><br \/>\nFondation Lance Armstrong\u00a0: <a href=\"http:\/\/www.youtube.com\/user\/livestrongarmy\" target=\"_blank\" rel=\"noopener noreferrer\">www.youtube.com\/user\/livestrongarmy<\/a><br \/>\nCancerCare\u00a0: <a href=\"http:\/\/www.cancercare.org\/get_help\/special_progs\/young_adults.php\" target=\"_blank\" rel=\"noopener noreferrer\">www.cancercare.org\/get_help\/special_progs\/young_adults.php<\/a><br \/>\nLeukaemia Foundation of Australia (fondation de la leuc\u00e9mie en Australie)\u00a0: <a href=\"http:\/\/www.leukaemia.org.au\" target=\"_blank\" rel=\"noopener noreferrer\">www.leukaemia.org.au<\/a><\/p>\n<h2>Enfants et lymphome de Hodgkin<\/h2>\n<p>R\u00e9seau de renseignements sur le lymphome\u00a0: <a href=\"http:\/\/www.lymphomainfo.net\/childhood\/hodgkins.html\" target=\"_blank\" rel=\"noopener noreferrer\">www.lymphomainfo.net\/childhood\/hodgkins.html<\/a><br \/>\nRenseignements sur le cancer au R.-U.\u00a0: <a href=\"http:\/\/www.macmillan.org.uk\" target=\"_blank\" rel=\"noopener noreferrer\">www.macmillan.org.uk<\/a><br \/>\nSite Web sur le cancer infantile (\u00c9.-U.)\u00a0: <a href=\"http:\/\/www.cancerindex.org\/ccw\/guide2h.htm\" target=\"_blank\" rel=\"noopener noreferrer\">www.cancerindex.org\/ccw\/guide2h.htm<\/a><br \/>\nCandlelighters Childhood Cancer Foundation\u00a0: <a href=\"http:\/\/www.candlelighters.ca\" target=\"_blank\" rel=\"noopener noreferrer\">www.candlelighters.ca<\/a><br \/>\nCamp Quality\u00a0: <a href=\"http:\/\/www.campquality.com\" target=\"_blank\" rel=\"noopener noreferrer\">www.campquality.com<\/a><br \/>\nCamp Trillium\u00a0: <a href=\"http:\/\/www.camptrillium.com\" target=\"_blank\" rel=\"noopener noreferrer\">www.camptrillium.com<\/a><br \/>\nKids Cancer Care Foundation of Alberta (fondation des enfants atteints d\u2019un cancer en Alberta)\u00a0: <a href=\"http:\/\/www.kidscancercare.ab.ca\" target=\"_blank\" rel=\"noopener noreferrer\">www.kidscancercare.ab.ca<\/a><br \/>\nCancer Kids.com\u00a0: <a href=\"http:\/\/www.cancerkids.com\/index.html\" target=\"_blank\" rel=\"noopener noreferrer\">www.cancerkids.com\/index.html<\/a><br \/>\nKids Health for Parents (sant\u00e9 infantile pour les parents, \u00c9.-U.)\u00a0: <a href=\"http:\/\/kidshealth.org\/parent\/medical\/cancer\/cancer.html\" target=\"_blank\" rel=\"noopener noreferrer\">kidshealth.org\/parent\/medical\/cancer\/cancer.html<\/a><br \/>\nNational Pediatric Cancer Foundation US (NCCF\/fondation nationale de lutte contre le cancer infantile, \u00c9.-U.) : <a href=\"https:\/\/nationalpcf.org\/facts-about-childhood-cancer\/\" target=\"_blank\" rel=\"noopener noreferrer\">www.nationalpcg.org<\/a><br \/>\nCD-ROM Cope with cancer (surmonter le cancer)\u00a0: <a href=\"http:\/\/www.digitalrain.com\/cope\/static\/whatis.htm\" target=\"_blank\" rel=\"noopener noreferrer\">www.digitalrain.com\/cope\/static\/whatis.htm<\/a><\/p>\n<h2>Adultes et lymphome non hodgkinien<\/h2>\n<p>Lymphoma Research Foundation (fondation de recherche sur le lymphome)\u00a0: <a href=\"http:\/\/www.lymphoma.org\" target=\"_blank\" rel=\"noopener noreferrer\">www.lymphoma.org<\/a><br \/>\nNHL Cyber Family\u00a0: <a href=\"http:\/\/www.nhlcyberfamily.org\" target=\"_blank\" rel=\"noopener noreferrer\">www.nhlcyberfamily.org<\/a><br \/>\nRenseignements sur la greffe de moelle osseuse\u00a0: <a href=\"https:\/\/bethematch.org\/patients-and-families\/about-transplant\/what-is-a-bone-marrow-transplant-\/\" target=\"_blank\" rel=\"noopener noreferrer\">www.bethematch.org<\/a><br \/>\nHealthtalk Lymphoma Education\u00a0: <a href=\"http:\/\/www2.healthtalk.com\/go\/cancer\/lymphoma\" target=\"_blank\" rel=\"noopener noreferrer\">www2.healthtalk.com\/go\/cancer\/lymphoma<\/a><br \/>\nRenseignements sur le lymphome\u00a0: <a href=\"http:\/\/www.lymphomation.org\" target=\"_blank\" rel=\"noopener noreferrer\">www.lymphomation.org<\/a><br \/>\nR\u00e9seau de renseignements sur le lymphome\u00a0: <a href=\"http:\/\/www.lymphomainfo.net\" target=\"_blank\" rel=\"noopener noreferrer\">www.lymphomainfo.net<\/a><br \/>\nLymphoma.com\u00a0: <a href=\"http:\/\/www.lymphoma.com\" target=\"_blank\" rel=\"noopener noreferrer\">www.lymphoma.com<\/a><br \/>\nLymphoma Focus\u00a0: <a href=\"http:\/\/www.lymphomafocus.com\" target=\"_blank\" rel=\"noopener noreferrer\">www.lymphomafocus.com<\/a><br \/>\nNational Cancer Survivorship\u00a0: <a href=\"http:\/\/www.canceradvocacy.org\" target=\"_blank\" rel=\"noopener noreferrer\">www.canceradvocacy.org<\/a><br \/>\nAmerican Society of Hematology (ASH\/soci\u00e9t\u00e9 am\u00e9ricaine d\u2019h\u00e9matologie) (comprenant des r\u00e9sum\u00e9s d\u2019articles r\u00e9cents de la r\u00e9union annuelle)\u00a0: <a href=\"http:\/\/www.hematology.org\" target=\"_blank\" rel=\"noopener noreferrer\">www.hematology.org<\/a><br \/>\nSelected Non-Hodgkin&rsquo;s Lymphoma abstracts from the American Society of Hematology (ASH) 2010 convention in Orlando Florida: <a href=\"http:\/\/www.nhlcyberfamily.org\/downloads\/ash2010.htm\">http:\/\/www.nhlcyberfamily.org\/downloads\/ash2010.htm<\/a><br \/>\nLaughing Lymphercise (exercices sur la lymphe par le rire)\/professeur de yoga <a href=\"http:\/\/www.rosemarykelly.ca\" target=\"_blank\" rel=\"noopener noreferrer\">www.rosemarykelly.ca<\/a><\/p>\n<h2>Prise en charge<\/h2>\n<p>Centres de prise en charge du cancer de Wellspring\u00a0: <a href=\"http:\/\/www.wellspring.ca\" target=\"_blank\" rel=\"noopener noreferrer\">www.wellspring.ca<\/a><br \/>\nOneMatch\u00a0: <a href=\"http:\/\/www.onematch.ca\" target=\"_blank\" rel=\"noopener noreferrer\">www.onematch.ca<\/a><br \/>\nCentre de prise en charge du cancer de Hopespring\u00a0: Waterloo, Ontario\u00a0: <a href=\"http:\/\/www.hopespring.ca\" target=\"_blank\" rel=\"noopener noreferrer\">www.hopespring.ca<\/a><br \/>\nCentre de prise en charge du cancer de Hearth Place\u00a0: Oshawa, Ontario\u00a0: <a href=\"http:\/\/www.hearthplace.org\" target=\"_blank\" rel=\"noopener noreferrer\">www.hearthplace.org<\/a><br \/>\nCanadian Cancer Society (soci\u00e9t\u00e9 canadienne sur le cancer)\u00a0: cherchez des services de prise en charge dans votre r\u00e9gion sur <a href=\"https:\/\/www.cancer.ca\/fr-ca\/support-and-services\/support-services\/find-services-in-your-area\" target=\"_blank\" rel=\"noopener noreferrer\">https:\/\/www.cancer.ca\/fr-ca\/support-and-services\/support-services\/find-services-in-your-area<\/a><br \/>\nLymphoma Survival\u00a0: <a href=\"http:\/\/www.lymphomasurvival.com\/\" target=\"_blank\" rel=\"noopener noreferrer\">http:\/\/www.lymphomasurvival.com\/<\/a><span id=\"result_box\" class=\"short_text\" lang=\"fr\"><span class=\"hps\">La Fondation<\/span> <span class=\"hps\">maladie de Waldenstr\u00f6m<\/span> <span class=\"hps\">du Canada <a href=\"http:\/\/wmfc.ca\/\">www.wmfc.ca\/<\/a><br \/>\n<\/span><\/span><\/p>\n<h2>Renseignements sur les traitements<\/h2>\n<p>Protocoles de chimioth\u00e9rapie contre le cancer en C.-B.\u00a0: <a href=\"http:\/\/www.bccancer.bc.ca\/HPI\/ChemotherapyProtocols\/default.htm\" target=\"_blank\" rel=\"noopener noreferrer\">www.bccancer.bc.ca\/HPI\/ChemotherapyProtocols\/default.htm<\/a><br \/>\nEffets secondaires de la chimioth\u00e9rapie\u00a0: <a href=\"http:\/\/www.chemotherapysideeffects.com\/\" target=\"_blank\" rel=\"noopener noreferrer\">www.chemotherapysideeffects.com\/<\/a><br \/>\nRenseignements sur les essais cliniques en Ontario\u00a0: <a href=\"http:\/\/www.ontario.canadiancancertrials.ca\" target=\"_blank\" rel=\"noopener noreferrer\">www.ontario.canadiancancertrials.ca<\/a><br \/>\nEssais cliniques (\u00c9.-U.)\u00a0: <a href=\"http:\/\/www.clinicaltrials.gov\/ct2\/results?term=lymphoma\" target=\"_blank\" rel=\"noopener noreferrer\">http:\/\/www.clinicaltrials.gov\/ct2\/results?term=lymphoma<\/a><\/p>\n<h2>Soci\u00e9t\u00e9s pharmaceutiques<\/h2>\n<p>Hoffmann-La Roche\u00a0: <a href=\"https:\/\/www.rochecanada.com\/fr.html\" target=\"_blank\" rel=\"noopener noreferrer\">www.rochecanada.html<\/a><br \/>\nAmgen\u00a0: <a href=\"http:\/\/www.amgen.com\" target=\"_blank\" rel=\"noopener noreferrer\">www.amgen.com<\/a><br \/>\nBayer Canada\u00a0: <a href=\"http:\/\/www.bayer.ca\" target=\"_blank\" rel=\"noopener noreferrer\">www.bayer.ca<\/a><\/p>\n<h2>Enfants et lymphome non hodgkinien<\/h2>\n<p>Candlelighters Childhood Cancer Foundation\u00a0: <a href=\"http:\/\/www.candlelighters.org\" target=\"_blank\" rel=\"noopener noreferrer\">www.candlelighters.org<\/a><br \/>\nR\u00e9seau de renseignements sur les lymphomes non hodgkiniens infantiles (\u00c9.-U)\u00a0: <a href=\"http:\/\/www.lymphomainfo.net\/childhood\/lymphoma.html\" target=\"_blank\" rel=\"noopener noreferrer\">www.lymphomainfo.net\/childhood\/lymphoma.html<\/a><br \/>\nFondation nationale du cancer infantile (\u00c9.-U.)\u00a0: <a href=\"http:\/\/www.nccf.org\" target=\"_blank\" rel=\"noopener noreferrer\">www.nccf.org<\/a><\/p>\n","protected":false},"excerpt":{"rendered":"<p>Remarque\u00a0: Lymphome Canada n\u2019est pas responsable de la v\u00e9rification de l\u2019exactitude des renseignements contenus dans ces sites. Cancer Canadian Cancer Society (soci\u00e9t\u00e9 canadienne du cancer)\u00a0: www.cancer.ca Statistiques canadiennes sur le&#8230;<\/p>\n","protected":false},"author":6,"featured_media":0,"parent":464,"menu_order":5,"comment_status":"closed","ping_status":"closed","template":"page-sidebar.php","meta":{"_acf_changed":false,"footnotes":""},"categories":[],"tags":[],"class_list":["post-342","page","type-page","status-publish"],"acf":[],"yoast_head":"<!-- This site is optimized with the Yoast SEO plugin v26.7 - https:\/\/yoast.com\/wordpress\/plugins\/seo\/ -->\n<title>Liens utiles - Lymphoma Canada<\/title>\n<meta name=\"robots\" content=\"index, follow, max-snippet:-1, max-image-preview:large, max-video-preview:-1\" \/>\n<link rel=\"canonical\" href=\"https:\/\/www.lymphoma.ca\/fr\/ressources\/liens-utiles\/\" \/>\n<meta property=\"og:locale\" content=\"fr_FR\" \/>\n<meta property=\"og:type\" content=\"article\" \/>\n<meta property=\"og:title\" content=\"Liens utiles - Lymphoma Canada\" \/>\n<meta property=\"og:description\" content=\"Remarque\u00a0: Lymphome Canada n\u2019est pas responsable de la v\u00e9rification de l\u2019exactitude des renseignements contenus dans ces sites. Cancer Canadian Cancer Society (soci\u00e9t\u00e9 canadienne du cancer)\u00a0: www.cancer.ca Statistiques canadiennes sur le...\" \/>\n<meta property=\"og:url\" content=\"https:\/\/www.lymphoma.ca\/fr\/ressources\/liens-utiles\/\" \/>\n<meta property=\"og:site_name\" content=\"Lymphoma Canada\" \/>\n<meta property=\"article:publisher\" content=\"https:\/\/www.facebook.com\/LymphomaCanada\" \/>\n<meta property=\"article:modified_time\" content=\"2023-05-05T19:01:26+00:00\" \/>\n<meta name=\"twitter:card\" content=\"summary_large_image\" \/>\n<meta name=\"twitter:site\" content=\"@lymphomacanada\" \/>\n<meta name=\"twitter:label1\" content=\"Dur\u00e9e de lecture estim\u00e9e\" \/>\n\t<meta name=\"twitter:data1\" content=\"3 minutes\" \/>\n<script type=\"application\/ld+json\" class=\"yoast-schema-graph\">{\"@context\":\"https:\/\/schema.org\",\"@graph\":[{\"@type\":\"WebPage\",\"@id\":\"https:\/\/www.lymphoma.ca\/fr\/ressources\/liens-utiles\/\",\"url\":\"https:\/\/www.lymphoma.ca\/fr\/ressources\/liens-utiles\/\",\"name\":\"Liens utiles - Lymphoma Canada\",\"isPartOf\":{\"@id\":\"https:\/\/www.lymphoma.ca\/fr\/#website\"},\"datePublished\":\"2010-05-11T04:00:00+00:00\",\"dateModified\":\"2023-05-05T19:01:26+00:00\",\"breadcrumb\":{\"@id\":\"https:\/\/www.lymphoma.ca\/fr\/ressources\/liens-utiles\/#breadcrumb\"},\"inLanguage\":\"fr-FR\",\"potentialAction\":[{\"@type\":\"ReadAction\",\"target\":[\"https:\/\/www.lymphoma.ca\/fr\/ressources\/liens-utiles\/\"]}]},{\"@type\":\"BreadcrumbList\",\"@id\":\"https:\/\/www.lymphoma.ca\/fr\/ressources\/liens-utiles\/#breadcrumb\",\"itemListElement\":[{\"@type\":\"ListItem\",\"position\":1,\"name\":\"Home\",\"item\":\"https:\/\/www.lymphoma.ca\/fr\/\"},{\"@type\":\"ListItem\",\"position\":2,\"name\":\"Ressources\",\"item\":\"https:\/\/www.lymphoma.ca\/fr\/ressources\/\"},{\"@type\":\"ListItem\",\"position\":3,\"name\":\"Liens utiles\"}]},{\"@type\":\"WebSite\",\"@id\":\"https:\/\/www.lymphoma.ca\/fr\/#website\",\"url\":\"https:\/\/www.lymphoma.ca\/fr\/\",\"name\":\"Lymphoma Canada\",\"description\":\"Information. Help. Hope.\",\"publisher\":{\"@id\":\"https:\/\/www.lymphoma.ca\/fr\/#organization\"},\"potentialAction\":[{\"@type\":\"SearchAction\",\"target\":{\"@type\":\"EntryPoint\",\"urlTemplate\":\"https:\/\/www.lymphoma.ca\/fr\/?s={search_term_string}\"},\"query-input\":{\"@type\":\"PropertyValueSpecification\",\"valueRequired\":true,\"valueName\":\"search_term_string\"}}],\"inLanguage\":\"fr-FR\"},{\"@type\":\"Organization\",\"@id\":\"https:\/\/www.lymphoma.ca\/fr\/#organization\",\"name\":\"Lymphoma Canada\",\"url\":\"https:\/\/www.lymphoma.ca\/fr\/\",\"logo\":{\"@type\":\"ImageObject\",\"inLanguage\":\"fr-FR\",\"@id\":\"https:\/\/www.lymphoma.ca\/fr\/#\/schema\/logo\/image\/\",\"url\":\"https:\/\/www.lymphoma.ca\/wp-content\/uploads\/2023\/05\/logo-lymphoma.jpg\",\"contentUrl\":\"https:\/\/www.lymphoma.ca\/wp-content\/uploads\/2023\/05\/logo-lymphoma.jpg\",\"width\":343,\"height\":343,\"caption\":\"Lymphoma Canada\"},\"image\":{\"@id\":\"https:\/\/www.lymphoma.ca\/fr\/#\/schema\/logo\/image\/\"},\"sameAs\":[\"https:\/\/www.facebook.com\/LymphomaCanada\",\"https:\/\/x.com\/lymphomacanada\",\"https:\/\/www.linkedin.com\/company\/lymphoma-canada\/\",\"http:\/\/instagram.com\/lymphomacanada\",\"http:\/\/www.youtube.com\/user\/LymphomaTV\"]}]}<\/script>\n<!-- \/ Yoast SEO plugin. -->","yoast_head_json":{"title":"Liens utiles - Lymphoma Canada","robots":{"index":"index","follow":"follow","max-snippet":"max-snippet:-1","max-image-preview":"max-image-preview:large","max-video-preview":"max-video-preview:-1"},"canonical":"https:\/\/www.lymphoma.ca\/fr\/ressources\/liens-utiles\/","og_locale":"fr_FR","og_type":"article","og_title":"Liens utiles - Lymphoma Canada","og_description":"Remarque\u00a0: Lymphome Canada n\u2019est pas responsable de la v\u00e9rification de l\u2019exactitude des renseignements contenus dans ces sites. Cancer Canadian Cancer Society (soci\u00e9t\u00e9 canadienne du cancer)\u00a0: www.cancer.ca Statistiques canadiennes sur le...","og_url":"https:\/\/www.lymphoma.ca\/fr\/ressources\/liens-utiles\/","og_site_name":"Lymphoma Canada","article_publisher":"https:\/\/www.facebook.com\/LymphomaCanada","article_modified_time":"2023-05-05T19:01:26+00:00","twitter_card":"summary_large_image","twitter_site":"@lymphomacanada","twitter_misc":{"Dur\u00e9e de lecture estim\u00e9e":"3 minutes"},"schema":{"@context":"https:\/\/schema.org","@graph":[{"@type":"WebPage","@id":"https:\/\/www.lymphoma.ca\/fr\/ressources\/liens-utiles\/","url":"https:\/\/www.lymphoma.ca\/fr\/ressources\/liens-utiles\/","name":"Liens utiles - Lymphoma Canada","isPartOf":{"@id":"https:\/\/www.lymphoma.ca\/fr\/#website"},"datePublished":"2010-05-11T04:00:00+00:00","dateModified":"2023-05-05T19:01:26+00:00","breadcrumb":{"@id":"https:\/\/www.lymphoma.ca\/fr\/ressources\/liens-utiles\/#breadcrumb"},"inLanguage":"fr-FR","potentialAction":[{"@type":"ReadAction","target":["https:\/\/www.lymphoma.ca\/fr\/ressources\/liens-utiles\/"]}]},{"@type":"BreadcrumbList","@id":"https:\/\/www.lymphoma.ca\/fr\/ressources\/liens-utiles\/#breadcrumb","itemListElement":[{"@type":"ListItem","position":1,"name":"Home","item":"https:\/\/www.lymphoma.ca\/fr\/"},{"@type":"ListItem","position":2,"name":"Ressources","item":"https:\/\/www.lymphoma.ca\/fr\/ressources\/"},{"@type":"ListItem","position":3,"name":"Liens utiles"}]},{"@type":"WebSite","@id":"https:\/\/www.lymphoma.ca\/fr\/#website","url":"https:\/\/www.lymphoma.ca\/fr\/","name":"Lymphoma Canada","description":"Information. Help. Hope.","publisher":{"@id":"https:\/\/www.lymphoma.ca\/fr\/#organization"},"potentialAction":[{"@type":"SearchAction","target":{"@type":"EntryPoint","urlTemplate":"https:\/\/www.lymphoma.ca\/fr\/?s={search_term_string}"},"query-input":{"@type":"PropertyValueSpecification","valueRequired":true,"valueName":"search_term_string"}}],"inLanguage":"fr-FR"},{"@type":"Organization","@id":"https:\/\/www.lymphoma.ca\/fr\/#organization","name":"Lymphoma Canada","url":"https:\/\/www.lymphoma.ca\/fr\/","logo":{"@type":"ImageObject","inLanguage":"fr-FR","@id":"https:\/\/www.lymphoma.ca\/fr\/#\/schema\/logo\/image\/","url":"https:\/\/www.lymphoma.ca\/wp-content\/uploads\/2023\/05\/logo-lymphoma.jpg","contentUrl":"https:\/\/www.lymphoma.ca\/wp-content\/uploads\/2023\/05\/logo-lymphoma.jpg","width":343,"height":343,"caption":"Lymphoma Canada"},"image":{"@id":"https:\/\/www.lymphoma.ca\/fr\/#\/schema\/logo\/image\/"},"sameAs":["https:\/\/www.facebook.com\/LymphomaCanada","https:\/\/x.com\/lymphomacanada","https:\/\/www.linkedin.com\/company\/lymphoma-canada\/","http:\/\/instagram.com\/lymphomacanada","http:\/\/www.youtube.com\/user\/LymphomaTV"]}]}},"_links":{"self":[{"href":"https:\/\/www.lymphoma.ca\/fr\/wp-json\/wp\/v2\/pages\/342","targetHints":{"allow":["GET"]}}],"collection":[{"href":"https:\/\/www.lymphoma.ca\/fr\/wp-json\/wp\/v2\/pages"}],"about":[{"href":"https:\/\/www.lymphoma.ca\/fr\/wp-json\/wp\/v2\/types\/page"}],"author":[{"embeddable":true,"href":"https:\/\/www.lymphoma.ca\/fr\/wp-json\/wp\/v2\/users\/6"}],"replies":[{"embeddable":true,"href":"https:\/\/www.lymphoma.ca\/fr\/wp-json\/wp\/v2\/comments?post=342"}],"version-history":[{"count":6,"href":"https:\/\/www.lymphoma.ca\/fr\/wp-json\/wp\/v2\/pages\/342\/revisions"}],"predecessor-version":[{"id":13211,"href":"https:\/\/www.lymphoma.ca\/fr\/wp-json\/wp\/v2\/pages\/342\/revisions\/13211"}],"up":[{"embeddable":true,"href":"https:\/\/www.lymphoma.ca\/fr\/wp-json\/wp\/v2\/pages\/464"}],"wp:attachment":[{"href":"https:\/\/www.lymphoma.ca\/fr\/wp-json\/wp\/v2\/media?parent=342"}],"wp:term":[{"taxonomy":"category","embeddable":true,"href":"https:\/\/www.lymphoma.ca\/fr\/wp-json\/wp\/v2\/categories?post=342"},{"taxonomy":"post_tag","embeddable":true,"href":"https:\/\/www.lymphoma.ca\/fr\/wp-json\/wp\/v2\/tags?post=342"}],"curies":[{"name":"wp","href":"https:\/\/api.w.org\/{rel}","templated":true}]}}