{"id":356,"date":"2010-05-03T04:00:00","date_gmt":"2010-05-03T04:00:00","guid":{"rendered":"https:\/\/www.lymphoma.ca\/?page_id=356"},"modified":"2020-06-19T14:54:58","modified_gmt":"2020-06-19T14:54:58","slug":"le-lymphome-de-hodgkin","status":"publish","type":"page","link":"https:\/\/www.lymphoma.ca\/fr\/le-lymphome\/le-lymphome-de-hodgkin\/","title":{"rendered":"Le lymphome de Hodgkin"},"content":{"rendered":"[vc_row type=\u00a0\u00bbin_container\u00a0\u00bb full_screen_row_position=\u00a0\u00bbmiddle\u00a0\u00bb column_margin=\u00a0\u00bbdefault\u00a0\u00bb scene_position=\u00a0\u00bbcenter\u00a0\u00bb text_color=\u00a0\u00bbdark\u00a0\u00bb text_align=\u00a0\u00bbleft\u00a0\u00bb overlay_strength=\u00a0\u00bb0.3&Prime; shape_divider_position=\u00a0\u00bbbottom\u00a0\u00bb bg_image_animation=\u00a0\u00bbnone\u00a0\u00bb][vc_column column_padding=\u00a0\u00bbno-extra-padding\u00a0\u00bb column_padding_position=\u00a0\u00bball\u00a0\u00bb background_color_opacity=\u00a0\u00bb1&Prime; background_hover_color_opacity=\u00a0\u00bb1&Prime; column_link_target=\u00a0\u00bb_self\u00a0\u00bb column_shadow=\u00a0\u00bbnone\u00a0\u00bb column_border_radius=\u00a0\u00bbnone\u00a0\u00bb width=\u00a0\u00bb1\/1&Prime; tablet_width_inherit=\u00a0\u00bbdefault\u00a0\u00bb tablet_text_alignment=\u00a0\u00bbdefault\u00a0\u00bb phone_text_alignment=\u00a0\u00bbdefault\u00a0\u00bb overlay_strength=\u00a0\u00bb0.3&Prime; column_border_width=\u00a0\u00bbnone\u00a0\u00bb column_border_style=\u00a0\u00bbsolid\u00a0\u00bb bg_image_animation=\u00a0\u00bbnone\u00a0\u00bb][vc_column_text]\n<h2>Description<\/h2>\n<p>Le lymphome de Hodgkin est typiquement caract\u00e9ris\u00e9 par la pr\u00e9sence de cellules anormales appel\u00e9es cellules de Reed-Sternberg. Toutefois, la seule pr\u00e9sence de ces cellules ne signifie pas qu\u2019une personne souffre du lymphome de Hodgkin. Pour que le diagnostic soit confirm\u00e9, l\u2019\u00e9chantillon de tissu lymphatique qui contient des cellules de Reed-Sternberg doit \u00e9galement \u00eatre peupl\u00e9 d\u2019un arri\u00e8re-plan d\u2019autres cellules et composants qui sont caract\u00e9ristiques du lymphome de Hodgkin.<\/p>\n<p>Le lymphome de Hodgkin n\u2019est pas contagieux et le patient ne repr\u00e9sente aucun risque pour les autres de quelque mani\u00e8re que ce soit. De nombreuses sources signalent que le diagnostic et le traitement du lymphome de Hodgkin se sont remarquablement am\u00e9lior\u00e9s dans les derni\u00e8res ann\u00e9es. Le lymphome de Hodgkin a d\u00e9sormais un taux de survie \u00e9lev\u00e9.<\/p>\n<h2>Le lymphome de Hodgkin est-il fr\u00e9quent?<\/h2>\n<p>Le lymphome de Hodgkin est un cancer relativement rare. De mani\u00e8re g\u00e9n\u00e9rale, il repr\u00e9sente environ 0,5\u00a0% des cancers et 15\u00a0% des lymphomes diagnostiqu\u00e9s. Chaque ann\u00e9e au Canada, on diagnostique le lymphome de Hodgkin chez environ 900\u00a0personnes. Le lymphome de Hodgkin se d\u00e9clare plus fr\u00e9quemment chez les hommes que chez les femmes, surtout au sein de deux tranches d\u2019\u00e2ge\u00a0: les jeunes adultes (de 15 \u00e0 39\u00a0ans) et les adultes d\u2019un certain \u00e2ge (apr\u00e8s 55\u00a0ans). Les fr\u00e8res et soeurs de patients atteints du lymphome de Hodgkin pr\u00e9sentent un risque sup\u00e9rieur \u00e0 la moyenne d&rsquo;\u00eatre atteints ce cancer, mais l&rsquo;importance du facteur familial comme cause principale reste inconnue.<\/p>\n<h2>Quels sont les facteurs de risque concernant le lymphome de Hodgkin?<\/h2>\n<p>Les facteurs de risque li\u00e9s aux autres cancers tels que le r\u00e9gime alimentaire, le tabac, l\u2019exposition non prot\u00e9g\u00e9e au soleil ou l\u2019exposition aux pesticides n\u2019ont pas d\u2019incidence sur le lymphome de Hodgkin. Il existe en r\u00e9alit\u00e9 tr\u00e8s peu de facteurs de risque qui ont un impact direct sur le d\u00e9veloppement du lymphome de Hodgkin.<\/p>\n<p><strong>Personne ne conna\u00eet exactement les causes du lymphome de Hodgkin.<\/strong> Le virus d\u2019Epstein-Barr (EBV), responsable de la mononucl\u00e9ose, peut entra\u00eener une augmentation du risque d&rsquo;\u00eatre atteint du lymphome de Hodgkin. L\u2019EBV est un virus qui infecte les lymphocytes\u00a0B et qui leur permet de se d\u00e9velopper et de vivre plus longtemps. Si la production corporelle de cellules\u00a0T est compromise, alors les cellules\u00a0B continuent de s\u2019accumuler, augmentant ainsi les chances de la maladie de se d\u00e9velopper. Toutefois, plus de la moiti\u00e9 de tous les patients atteints du lymphome de Hodgkin n\u2019ont aucune preuve d\u2019une infection pr\u00e9alable par l\u2019EBV, tout lien certain entre les deux n\u2019est donc pas clairement \u00e9tabli.<\/p>\n<p>Dans la majorit\u00e9 des cas, les personnes chez qui on a diagnostiqu\u00e9 le lymphome de Hodgkin n\u2019ont aucun ant\u00e9c\u00e9dent familial de la maladie. Certains cas comptent cependant des patients dont un fr\u00e8re ou une soeur a aussi \u00e9t\u00e9 atteint(e) du lymphome de Hodgkin, mais l&rsquo;importance du lien familial comme cause principale reste inconnue.<\/p>\n<h2>Comment le lymphome de Hodgkin se d\u00e9veloppe-t-il?<\/h2>\n<p>Le lymphome de Hodgkin est un cancer de lymphocytes anormaux (un type de globules blancs), qui infiltre et affecte les ganglions lymphatiques. Les tissus lymphatiques sont reli\u00e9s dans tout le corps, offrant ainsi une voie de circulation aux lymphocytes canc\u00e9reux. Par cons\u00e9quent, le lymphome de Hodgkin se propage souvent d\u2019un ganglion lymphatique \u00e0 un autre partout dans le corps. Contrairement aux autres lymphomes, le lymphome de Hodgkin s\u2019\u00e9tend d\u2019un ganglion lymphatique \u00e0 l\u2019autre dans l\u2019ordre, en omettant rarement une zone (ce qui est plus fr\u00e9quent dans le cas d\u2019un LNH). Le lymphome de Hodgkin peut \u00e9galement s\u2019\u00e9tendre \u00e0 d\u2019autres zones et \u00e0 d\u2019autres organes en dehors du syst\u00e8me lymphatique.<\/p>\n<h2>Le pronostic du lymphome de Hodgkin<\/h2>\n<p>La description des lymphomes de Hodgkin et non-hodgkiniens se fait \u00e0 partir du m\u00eame syst\u00e8me de classification par stade. Le stade du cancer d\u00e9pend de l\u2019\u00e9tendue de celui-ci dans le corps. Aux stades I et II, le cancer se limite \u00e0 une ou deux zones du corps (stade pr\u00e9coce). Aux stades III et IV, le cancer est plus \u00e9tendu (stade avanc\u00e9).<\/p>\n<p>En plus de la classification par stade, vous pouvez entendre parler des lettres A et B pour d\u00e9crire le stade du lymphome de Hodgkin dont vous \u00eates atteint(e). \u2018B signifie que vous pr\u00e9sentez un ou plusieurs des sympt\u00f4mes suivants\u00a0: perte de poids, fi\u00e8vres ou sueurs nocturnes. \u2018A signifie que ne vous ne pr\u00e9sentez pas ces sympt\u00f4mes.<\/p>\n<p>Il existe un Indice pronostique international pour le lymphome de Hodgkin qui est bas\u00e9 sur les r\u00e9sultats de diff\u00e9rents tests ainsi que sur votre \u00e2ge et le stade de votre maladie. Votre m\u00e9decin interpr\u00e9tera tous ces facteurs et vous communiquera ces renseignements si vous le d\u00e9sirez.<\/p>\n<h2>Le lymphome de Hodgkin en r\u00e9cidive<\/h2>\n<p>D\u00e9couvrir que votre cancer est revenu ou est en r\u00e9cidive peut \u00eatre d\u00e9vastateur. Si une r\u00e9cidive se produit, il existe g\u00e9n\u00e9ralement des moyens de reprendre le contr\u00f4le. Vous devrez peut-\u00eatre suivre de nouveau une chimioth\u00e9rapie ou avoir recours \u00e0 une chimioth\u00e9rapie plus intensive ou \u00e0 doses plus \u00e9lev\u00e9es et subir ensuite une transplantation de cellules souches. Il reste peut-\u00eatre toujours des options curatives disponibles pour vous. Cependant, si votre cancer est consid\u00e9r\u00e9 comme incurable, la chimioth\u00e9rapie et la radiation peuvent toujours \u00eatre utilis\u00e9es pour ralentir la croissance du cancer, emp\u00eacher la propagation et soulager les sympt\u00f4mes.<\/p>\n[\/vc_column_text][\/vc_column][\/vc_row][vc_row type=\u00a0\u00bbin_container\u00a0\u00bb full_screen_row_position=\u00a0\u00bbmiddle\u00a0\u00bb column_margin=\u00a0\u00bbdefault\u00a0\u00bb scene_position=\u00a0\u00bbcenter\u00a0\u00bb text_color=\u00a0\u00bbdark\u00a0\u00bb text_align=\u00a0\u00bbleft\u00a0\u00bb overlay_strength=\u00a0\u00bb0.3&Prime; shape_divider_position=\u00a0\u00bbbottom\u00a0\u00bb bg_image_animation=\u00a0\u00bbnone\u00a0\u00bb][vc_column column_padding=\u00a0\u00bbno-extra-padding\u00a0\u00bb column_padding_position=\u00a0\u00bball\u00a0\u00bb background_color_opacity=\u00a0\u00bb1&Prime; background_hover_color_opacity=\u00a0\u00bb1&Prime; column_link_target=\u00a0\u00bb_self\u00a0\u00bb column_shadow=\u00a0\u00bbnone\u00a0\u00bb column_border_radius=\u00a0\u00bbnone\u00a0\u00bb width=\u00a0\u00bb1\/1&Prime; tablet_width_inherit=\u00a0\u00bbdefault\u00a0\u00bb tablet_text_alignment=\u00a0\u00bbdefault\u00a0\u00bb phone_text_alignment=\u00a0\u00bbdefault\u00a0\u00bb overlay_strength=\u00a0\u00bb0.3&Prime; column_border_width=\u00a0\u00bbnone\u00a0\u00bb column_border_style=\u00a0\u00bbsolid\u00a0\u00bb bg_image_animation=\u00a0\u00bbnone\u00a0\u00bb][nectar_btn size=\u00a0\u00bblarge\u00a0\u00bb button_style=\u00a0\u00bbregular\u00a0\u00bb button_color_2=\u00a0\u00bbAccent-Color\u00a0\u00bb icon_family=\u00a0\u00bbnone\u00a0\u00bb url=\u00a0\u00bbhttps:\/\/www.lymphoma.ca\/wp-content\/uploads\/2010\/05\/44902_lymphoma_canada_french_prm_hl-web.pdf\u00a0\u00bb text=\u00a0\u00bbComprendre le LNH\u00a0\u00bb][\/vc_column][\/vc_row]\n","protected":false},"excerpt":{"rendered":"<p>[vc_row type=\u00a0\u00bbin_container\u00a0\u00bb full_screen_row_position=\u00a0\u00bbmiddle\u00a0\u00bb column_margin=\u00a0\u00bbdefault\u00a0\u00bb scene_position=\u00a0\u00bbcenter\u00a0\u00bb text_color=\u00a0\u00bbdark\u00a0\u00bb text_align=\u00a0\u00bbleft\u00a0\u00bb overlay_strength=\u00a0\u00bb0.3&Prime; shape_divider_position=\u00a0\u00bbbottom\u00a0\u00bb bg_image_animation=\u00a0\u00bbnone\u00a0\u00bb][vc_column column_padding=\u00a0\u00bbno-extra-padding\u00a0\u00bb column_padding_position=\u00a0\u00bball\u00a0\u00bb background_color_opacity=\u00a0\u00bb1&Prime; background_hover_color_opacity=\u00a0\u00bb1&Prime; column_link_target=\u00a0\u00bb_self\u00a0\u00bb column_shadow=\u00a0\u00bbnone\u00a0\u00bb column_border_radius=\u00a0\u00bbnone\u00a0\u00bb width=\u00a0\u00bb1\/1&Prime; tablet_width_inherit=\u00a0\u00bbdefault\u00a0\u00bb tablet_text_alignment=\u00a0\u00bbdefault\u00a0\u00bb phone_text_alignment=\u00a0\u00bbdefault\u00a0\u00bb overlay_strength=\u00a0\u00bb0.3&Prime; column_border_width=\u00a0\u00bbnone\u00a0\u00bb column_border_style=\u00a0\u00bbsolid\u00a0\u00bb bg_image_animation=\u00a0\u00bbnone\u00a0\u00bb][vc_column_text] Description Le lymphome de Hodgkin&#8230;<\/p>\n","protected":false},"author":6,"featured_media":0,"parent":424,"menu_order":3,"comment_status":"closed","ping_status":"closed","template":"page-sidebar.php","meta":{"_acf_changed":false,"footnotes":""},"categories":[],"tags":[],"class_list":["post-356","page","type-page","status-publish"],"acf":[],"yoast_head":"<!-- This site is optimized with the Yoast SEO plugin v26.7 - https:\/\/yoast.com\/wordpress\/plugins\/seo\/ -->\n<title>Le lymphome de Hodgkin - Lymphoma Canada<\/title>\n<meta name=\"robots\" content=\"index, follow, max-snippet:-1, max-image-preview:large, max-video-preview:-1\" \/>\n<link rel=\"canonical\" href=\"https:\/\/www.lymphoma.ca\/fr\/le-lymphome\/le-lymphome-de-hodgkin\/\" \/>\n<meta property=\"og:locale\" content=\"fr_FR\" \/>\n<meta property=\"og:type\" content=\"article\" \/>\n<meta property=\"og:title\" content=\"Le lymphome de Hodgkin - Lymphoma Canada\" \/>\n<meta property=\"og:description\" content=\"[vc_row type=\u00a0\u00bbin_container\u00a0\u00bb full_screen_row_position=\u00a0\u00bbmiddle\u00a0\u00bb column_margin=\u00a0\u00bbdefault\u00a0\u00bb scene_position=\u00a0\u00bbcenter\u00a0\u00bb text_color=\u00a0\u00bbdark\u00a0\u00bb text_align=\u00a0\u00bbleft\u00a0\u00bb overlay_strength=\u00a0\u00bb0.3&Prime; shape_divider_position=\u00a0\u00bbbottom\u00a0\u00bb bg_image_animation=\u00a0\u00bbnone\u00a0\u00bb][vc_column column_padding=\u00a0\u00bbno-extra-padding\u00a0\u00bb column_padding_position=\u00a0\u00bball\u00a0\u00bb background_color_opacity=\u00a0\u00bb1&Prime; background_hover_color_opacity=\u00a0\u00bb1&Prime; column_link_target=\u00a0\u00bb_self\u00a0\u00bb column_shadow=\u00a0\u00bbnone\u00a0\u00bb column_border_radius=\u00a0\u00bbnone\u00a0\u00bb width=\u00a0\u00bb1\/1&Prime; tablet_width_inherit=\u00a0\u00bbdefault\u00a0\u00bb tablet_text_alignment=\u00a0\u00bbdefault\u00a0\u00bb phone_text_alignment=\u00a0\u00bbdefault\u00a0\u00bb overlay_strength=\u00a0\u00bb0.3&Prime; column_border_width=\u00a0\u00bbnone\u00a0\u00bb column_border_style=\u00a0\u00bbsolid\u00a0\u00bb bg_image_animation=\u00a0\u00bbnone\u00a0\u00bb][vc_column_text] Description Le lymphome de Hodgkin...\" \/>\n<meta property=\"og:url\" content=\"https:\/\/www.lymphoma.ca\/fr\/le-lymphome\/le-lymphome-de-hodgkin\/\" \/>\n<meta property=\"og:site_name\" content=\"Lymphoma Canada\" \/>\n<meta property=\"article:publisher\" content=\"https:\/\/www.facebook.com\/LymphomaCanada\" \/>\n<meta property=\"article:modified_time\" content=\"2020-06-19T14:54:58+00:00\" \/>\n<meta name=\"twitter:card\" content=\"summary_large_image\" \/>\n<meta name=\"twitter:site\" content=\"@lymphomacanada\" \/>\n<meta name=\"twitter:label1\" content=\"Dur\u00e9e de lecture estim\u00e9e\" \/>\n\t<meta name=\"twitter:data1\" content=\"6 minutes\" \/>\n<script type=\"application\/ld+json\" class=\"yoast-schema-graph\">{\"@context\":\"https:\/\/schema.org\",\"@graph\":[{\"@type\":\"WebPage\",\"@id\":\"https:\/\/www.lymphoma.ca\/fr\/le-lymphome\/le-lymphome-de-hodgkin\/\",\"url\":\"https:\/\/www.lymphoma.ca\/fr\/le-lymphome\/le-lymphome-de-hodgkin\/\",\"name\":\"Le lymphome de Hodgkin - Lymphoma Canada\",\"isPartOf\":{\"@id\":\"https:\/\/www.lymphoma.ca\/fr\/#website\"},\"datePublished\":\"2010-05-03T04:00:00+00:00\",\"dateModified\":\"2020-06-19T14:54:58+00:00\",\"breadcrumb\":{\"@id\":\"https:\/\/www.lymphoma.ca\/fr\/le-lymphome\/le-lymphome-de-hodgkin\/#breadcrumb\"},\"inLanguage\":\"fr-FR\",\"potentialAction\":[{\"@type\":\"ReadAction\",\"target\":[\"https:\/\/www.lymphoma.ca\/fr\/le-lymphome\/le-lymphome-de-hodgkin\/\"]}]},{\"@type\":\"BreadcrumbList\",\"@id\":\"https:\/\/www.lymphoma.ca\/fr\/le-lymphome\/le-lymphome-de-hodgkin\/#breadcrumb\",\"itemListElement\":[{\"@type\":\"ListItem\",\"position\":1,\"name\":\"Home\",\"item\":\"https:\/\/www.lymphoma.ca\/fr\/\"},{\"@type\":\"ListItem\",\"position\":2,\"name\":\"Lymphome\",\"item\":\"https:\/\/www.lymphoma.ca\/fr\/le-lymphome\/\"},{\"@type\":\"ListItem\",\"position\":3,\"name\":\"Le lymphome de Hodgkin\"}]},{\"@type\":\"WebSite\",\"@id\":\"https:\/\/www.lymphoma.ca\/fr\/#website\",\"url\":\"https:\/\/www.lymphoma.ca\/fr\/\",\"name\":\"Lymphoma Canada\",\"description\":\"Information. Help. Hope.\",\"publisher\":{\"@id\":\"https:\/\/www.lymphoma.ca\/fr\/#organization\"},\"potentialAction\":[{\"@type\":\"SearchAction\",\"target\":{\"@type\":\"EntryPoint\",\"urlTemplate\":\"https:\/\/www.lymphoma.ca\/fr\/?s={search_term_string}\"},\"query-input\":{\"@type\":\"PropertyValueSpecification\",\"valueRequired\":true,\"valueName\":\"search_term_string\"}}],\"inLanguage\":\"fr-FR\"},{\"@type\":\"Organization\",\"@id\":\"https:\/\/www.lymphoma.ca\/fr\/#organization\",\"name\":\"Lymphoma Canada\",\"url\":\"https:\/\/www.lymphoma.ca\/fr\/\",\"logo\":{\"@type\":\"ImageObject\",\"inLanguage\":\"fr-FR\",\"@id\":\"https:\/\/www.lymphoma.ca\/fr\/#\/schema\/logo\/image\/\",\"url\":\"https:\/\/www.lymphoma.ca\/wp-content\/uploads\/2023\/05\/logo-lymphoma.jpg\",\"contentUrl\":\"https:\/\/www.lymphoma.ca\/wp-content\/uploads\/2023\/05\/logo-lymphoma.jpg\",\"width\":343,\"height\":343,\"caption\":\"Lymphoma Canada\"},\"image\":{\"@id\":\"https:\/\/www.lymphoma.ca\/fr\/#\/schema\/logo\/image\/\"},\"sameAs\":[\"https:\/\/www.facebook.com\/LymphomaCanada\",\"https:\/\/x.com\/lymphomacanada\",\"https:\/\/www.linkedin.com\/company\/lymphoma-canada\/\",\"http:\/\/instagram.com\/lymphomacanada\",\"http:\/\/www.youtube.com\/user\/LymphomaTV\"]}]}<\/script>\n<!-- \/ Yoast SEO plugin. -->","yoast_head_json":{"title":"Le lymphome de Hodgkin - Lymphoma Canada","robots":{"index":"index","follow":"follow","max-snippet":"max-snippet:-1","max-image-preview":"max-image-preview:large","max-video-preview":"max-video-preview:-1"},"canonical":"https:\/\/www.lymphoma.ca\/fr\/le-lymphome\/le-lymphome-de-hodgkin\/","og_locale":"fr_FR","og_type":"article","og_title":"Le lymphome de Hodgkin - Lymphoma Canada","og_description":"[vc_row type=\u00a0\u00bbin_container\u00a0\u00bb full_screen_row_position=\u00a0\u00bbmiddle\u00a0\u00bb column_margin=\u00a0\u00bbdefault\u00a0\u00bb scene_position=\u00a0\u00bbcenter\u00a0\u00bb text_color=\u00a0\u00bbdark\u00a0\u00bb text_align=\u00a0\u00bbleft\u00a0\u00bb overlay_strength=\u00a0\u00bb0.3&Prime; shape_divider_position=\u00a0\u00bbbottom\u00a0\u00bb bg_image_animation=\u00a0\u00bbnone\u00a0\u00bb][vc_column column_padding=\u00a0\u00bbno-extra-padding\u00a0\u00bb column_padding_position=\u00a0\u00bball\u00a0\u00bb background_color_opacity=\u00a0\u00bb1&Prime; background_hover_color_opacity=\u00a0\u00bb1&Prime; column_link_target=\u00a0\u00bb_self\u00a0\u00bb column_shadow=\u00a0\u00bbnone\u00a0\u00bb column_border_radius=\u00a0\u00bbnone\u00a0\u00bb width=\u00a0\u00bb1\/1&Prime; tablet_width_inherit=\u00a0\u00bbdefault\u00a0\u00bb tablet_text_alignment=\u00a0\u00bbdefault\u00a0\u00bb phone_text_alignment=\u00a0\u00bbdefault\u00a0\u00bb overlay_strength=\u00a0\u00bb0.3&Prime; column_border_width=\u00a0\u00bbnone\u00a0\u00bb column_border_style=\u00a0\u00bbsolid\u00a0\u00bb bg_image_animation=\u00a0\u00bbnone\u00a0\u00bb][vc_column_text] Description Le lymphome de Hodgkin...","og_url":"https:\/\/www.lymphoma.ca\/fr\/le-lymphome\/le-lymphome-de-hodgkin\/","og_site_name":"Lymphoma Canada","article_publisher":"https:\/\/www.facebook.com\/LymphomaCanada","article_modified_time":"2020-06-19T14:54:58+00:00","twitter_card":"summary_large_image","twitter_site":"@lymphomacanada","twitter_misc":{"Dur\u00e9e de lecture estim\u00e9e":"6 minutes"},"schema":{"@context":"https:\/\/schema.org","@graph":[{"@type":"WebPage","@id":"https:\/\/www.lymphoma.ca\/fr\/le-lymphome\/le-lymphome-de-hodgkin\/","url":"https:\/\/www.lymphoma.ca\/fr\/le-lymphome\/le-lymphome-de-hodgkin\/","name":"Le lymphome de Hodgkin - Lymphoma Canada","isPartOf":{"@id":"https:\/\/www.lymphoma.ca\/fr\/#website"},"datePublished":"2010-05-03T04:00:00+00:00","dateModified":"2020-06-19T14:54:58+00:00","breadcrumb":{"@id":"https:\/\/www.lymphoma.ca\/fr\/le-lymphome\/le-lymphome-de-hodgkin\/#breadcrumb"},"inLanguage":"fr-FR","potentialAction":[{"@type":"ReadAction","target":["https:\/\/www.lymphoma.ca\/fr\/le-lymphome\/le-lymphome-de-hodgkin\/"]}]},{"@type":"BreadcrumbList","@id":"https:\/\/www.lymphoma.ca\/fr\/le-lymphome\/le-lymphome-de-hodgkin\/#breadcrumb","itemListElement":[{"@type":"ListItem","position":1,"name":"Home","item":"https:\/\/www.lymphoma.ca\/fr\/"},{"@type":"ListItem","position":2,"name":"Lymphome","item":"https:\/\/www.lymphoma.ca\/fr\/le-lymphome\/"},{"@type":"ListItem","position":3,"name":"Le lymphome de Hodgkin"}]},{"@type":"WebSite","@id":"https:\/\/www.lymphoma.ca\/fr\/#website","url":"https:\/\/www.lymphoma.ca\/fr\/","name":"Lymphoma Canada","description":"Information. Help. Hope.","publisher":{"@id":"https:\/\/www.lymphoma.ca\/fr\/#organization"},"potentialAction":[{"@type":"SearchAction","target":{"@type":"EntryPoint","urlTemplate":"https:\/\/www.lymphoma.ca\/fr\/?s={search_term_string}"},"query-input":{"@type":"PropertyValueSpecification","valueRequired":true,"valueName":"search_term_string"}}],"inLanguage":"fr-FR"},{"@type":"Organization","@id":"https:\/\/www.lymphoma.ca\/fr\/#organization","name":"Lymphoma Canada","url":"https:\/\/www.lymphoma.ca\/fr\/","logo":{"@type":"ImageObject","inLanguage":"fr-FR","@id":"https:\/\/www.lymphoma.ca\/fr\/#\/schema\/logo\/image\/","url":"https:\/\/www.lymphoma.ca\/wp-content\/uploads\/2023\/05\/logo-lymphoma.jpg","contentUrl":"https:\/\/www.lymphoma.ca\/wp-content\/uploads\/2023\/05\/logo-lymphoma.jpg","width":343,"height":343,"caption":"Lymphoma Canada"},"image":{"@id":"https:\/\/www.lymphoma.ca\/fr\/#\/schema\/logo\/image\/"},"sameAs":["https:\/\/www.facebook.com\/LymphomaCanada","https:\/\/x.com\/lymphomacanada","https:\/\/www.linkedin.com\/company\/lymphoma-canada\/","http:\/\/instagram.com\/lymphomacanada","http:\/\/www.youtube.com\/user\/LymphomaTV"]}]}},"_links":{"self":[{"href":"https:\/\/www.lymphoma.ca\/fr\/wp-json\/wp\/v2\/pages\/356","targetHints":{"allow":["GET"]}}],"collection":[{"href":"https:\/\/www.lymphoma.ca\/fr\/wp-json\/wp\/v2\/pages"}],"about":[{"href":"https:\/\/www.lymphoma.ca\/fr\/wp-json\/wp\/v2\/types\/page"}],"author":[{"embeddable":true,"href":"https:\/\/www.lymphoma.ca\/fr\/wp-json\/wp\/v2\/users\/6"}],"replies":[{"embeddable":true,"href":"https:\/\/www.lymphoma.ca\/fr\/wp-json\/wp\/v2\/comments?post=356"}],"version-history":[{"count":4,"href":"https:\/\/www.lymphoma.ca\/fr\/wp-json\/wp\/v2\/pages\/356\/revisions"}],"predecessor-version":[{"id":7866,"href":"https:\/\/www.lymphoma.ca\/fr\/wp-json\/wp\/v2\/pages\/356\/revisions\/7866"}],"up":[{"embeddable":true,"href":"https:\/\/www.lymphoma.ca\/fr\/wp-json\/wp\/v2\/pages\/424"}],"wp:attachment":[{"href":"https:\/\/www.lymphoma.ca\/fr\/wp-json\/wp\/v2\/media?parent=356"}],"wp:term":[{"taxonomy":"category","embeddable":true,"href":"https:\/\/www.lymphoma.ca\/fr\/wp-json\/wp\/v2\/categories?post=356"},{"taxonomy":"post_tag","embeddable":true,"href":"https:\/\/www.lymphoma.ca\/fr\/wp-json\/wp\/v2\/tags?post=356"}],"curies":[{"name":"wp","href":"https:\/\/api.w.org\/{rel}","templated":true}]}}