{"id":357,"date":"2010-05-03T04:00:00","date_gmt":"2010-05-03T04:00:00","guid":{"rendered":"https:\/\/www.lymphoma.ca\/?page_id=357"},"modified":"2020-05-01T01:53:18","modified_gmt":"2020-05-01T01:53:18","slug":"diagnostics-et-tests","status":"publish","type":"page","link":"https:\/\/www.lymphoma.ca\/fr\/le-lymphome\/le-lymphome-de-hodgkin\/diagnostics-et-tests\/","title":{"rendered":"Diagnostics et tests"},"content":{"rendered":"<h2>Comment un lymphome est-il diagnostiqu\u00e9?<\/h2>\n<p>Pour confirmer le diagnostic, on effectue une biopsie. Le moyen le plus certain de confirmer le diagnostic d\u2019un lymphome de Hodgkin est d\u2019effectuer une biopsie-ex\u00e9r\u00e8se du ganglion lymphatique, qui consiste \u00e0 retirer tout le ganglion ou une section du tissu concern\u00e9.<\/p>\n<p>Le tissu est ensuite examin\u00e9 par un pathologiste et les cellules sont d\u00e9crites. On d\u00e9tecte chez beaucoup de patients atteints du lymphome de Hodgkin la pr\u00e9sence d\u2019une cat\u00e9gorie de cellules connues sous le nom de Reed-Sternberg et qui sont fr\u00e9quentes dans la plupart des sous-cat\u00e9gories de lymphomes de Hodgkin.<\/p>\n<p><strong>Les autres examens que votre \u00e9quipe m\u00e9dicale peut r\u00e9aliser apr\u00e8s confirmation par les r\u00e9sultats de la biopsie qu\u2019il s\u2019agit bien d\u2019un lymphome de Hodgkin (s\u2019ils ne sont pas d\u00e9j\u00e0 effectu\u00e9s) sont\u00a0:<\/strong><\/p>\n<ul>\n<li>Un historique m\u00e9dical complet avec les sympt\u00f4mes<\/li>\n<li>Un examen physique approfondi (ganglions lymphatiques y compris)<\/li>\n<li>Des analyses de sang dont une num\u00e9ration globulaire (on v\u00e9rifie le nombre de globules blancs, de globules rouges et de plaquettes), une chimie du sang et une vitesse de s\u00e9dimentation globulaire<\/li>\n<li>Un tomodensitogramme de tout le corps<\/li>\n<li>Une ponction de la moelle osseuse ainsi qu\u2019une biopsie pour savoir si la moelle osseuse a \u00e9t\u00e9 affect\u00e9e; on peut exclure cet examen chez les patients qui en sont au premier stade de la maladie, qui ont une num\u00e9ration globulaire normale et qui ne pr\u00e9sentent pas de sympt\u00f4mes cliniques<\/li>\n<li>Certains centres m\u00e9dicaux peuvent r\u00e9aliser une batterie de tests suppl\u00e9mentaires comme une tomographie par \u00e9mission de positrons ou un tomodensitogramme mais ils ne sont pas obligatoires et ne sont pas disponibles dans la plupart des centres au Canada.<\/li>\n<\/ul>\n","protected":false},"excerpt":{"rendered":"<p>Comment un lymphome est-il diagnostiqu\u00e9? Pour confirmer le diagnostic, on effectue une biopsie. Le moyen le plus certain de confirmer le diagnostic d\u2019un lymphome de Hodgkin est d\u2019effectuer une biopsie-ex\u00e9r\u00e8se&#8230;<\/p>\n","protected":false},"author":6,"featured_media":0,"parent":356,"menu_order":4,"comment_status":"closed","ping_status":"closed","template":"page-sidebar.php","meta":{"_acf_changed":false,"footnotes":""},"categories":[],"tags":[],"class_list":["post-357","page","type-page","status-publish"],"acf":[],"yoast_head":"<!-- This site is optimized with the Yoast SEO plugin v26.7 - https:\/\/yoast.com\/wordpress\/plugins\/seo\/ -->\n<title>Diagnostics et tests - Lymphoma Canada<\/title>\n<meta name=\"robots\" content=\"index, follow, max-snippet:-1, max-image-preview:large, max-video-preview:-1\" \/>\n<link rel=\"canonical\" href=\"https:\/\/www.lymphoma.ca\/fr\/le-lymphome\/le-lymphome-de-hodgkin\/diagnostics-et-tests\/\" \/>\n<meta property=\"og:locale\" content=\"fr_FR\" \/>\n<meta property=\"og:type\" content=\"article\" \/>\n<meta property=\"og:title\" content=\"Diagnostics et tests - Lymphoma Canada\" \/>\n<meta property=\"og:description\" content=\"Comment un lymphome est-il diagnostiqu\u00e9? Pour confirmer le diagnostic, on effectue une biopsie. Le moyen le plus certain de confirmer le diagnostic d\u2019un lymphome de Hodgkin est d\u2019effectuer une biopsie-ex\u00e9r\u00e8se...\" \/>\n<meta property=\"og:url\" content=\"https:\/\/www.lymphoma.ca\/fr\/le-lymphome\/le-lymphome-de-hodgkin\/diagnostics-et-tests\/\" \/>\n<meta property=\"og:site_name\" content=\"Lymphoma Canada\" \/>\n<meta property=\"article:publisher\" content=\"https:\/\/www.facebook.com\/LymphomaCanada\" \/>\n<meta property=\"article:modified_time\" content=\"2020-05-01T01:53:18+00:00\" \/>\n<meta name=\"twitter:card\" content=\"summary_large_image\" \/>\n<meta name=\"twitter:site\" content=\"@lymphomacanada\" \/>\n<meta name=\"twitter:label1\" content=\"Dur\u00e9e de lecture estim\u00e9e\" \/>\n\t<meta name=\"twitter:data1\" content=\"1 minute\" \/>\n<script type=\"application\/ld+json\" class=\"yoast-schema-graph\">{\"@context\":\"https:\/\/schema.org\",\"@graph\":[{\"@type\":\"WebPage\",\"@id\":\"https:\/\/www.lymphoma.ca\/fr\/le-lymphome\/le-lymphome-de-hodgkin\/diagnostics-et-tests\/\",\"url\":\"https:\/\/www.lymphoma.ca\/fr\/le-lymphome\/le-lymphome-de-hodgkin\/diagnostics-et-tests\/\",\"name\":\"Diagnostics et tests - Lymphoma Canada\",\"isPartOf\":{\"@id\":\"https:\/\/www.lymphoma.ca\/fr\/#website\"},\"datePublished\":\"2010-05-03T04:00:00+00:00\",\"dateModified\":\"2020-05-01T01:53:18+00:00\",\"breadcrumb\":{\"@id\":\"https:\/\/www.lymphoma.ca\/fr\/le-lymphome\/le-lymphome-de-hodgkin\/diagnostics-et-tests\/#breadcrumb\"},\"inLanguage\":\"fr-FR\",\"potentialAction\":[{\"@type\":\"ReadAction\",\"target\":[\"https:\/\/www.lymphoma.ca\/fr\/le-lymphome\/le-lymphome-de-hodgkin\/diagnostics-et-tests\/\"]}]},{\"@type\":\"BreadcrumbList\",\"@id\":\"https:\/\/www.lymphoma.ca\/fr\/le-lymphome\/le-lymphome-de-hodgkin\/diagnostics-et-tests\/#breadcrumb\",\"itemListElement\":[{\"@type\":\"ListItem\",\"position\":1,\"name\":\"Home\",\"item\":\"https:\/\/www.lymphoma.ca\/fr\/\"},{\"@type\":\"ListItem\",\"position\":2,\"name\":\"Lymphome\",\"item\":\"https:\/\/www.lymphoma.ca\/fr\/le-lymphome\/\"},{\"@type\":\"ListItem\",\"position\":3,\"name\":\"Le lymphome de Hodgkin\",\"item\":\"https:\/\/www.lymphoma.ca\/fr\/le-lymphome\/le-lymphome-de-hodgkin\/\"},{\"@type\":\"ListItem\",\"position\":4,\"name\":\"Diagnostics et tests\"}]},{\"@type\":\"WebSite\",\"@id\":\"https:\/\/www.lymphoma.ca\/fr\/#website\",\"url\":\"https:\/\/www.lymphoma.ca\/fr\/\",\"name\":\"Lymphoma Canada\",\"description\":\"Information. Help. Hope.\",\"publisher\":{\"@id\":\"https:\/\/www.lymphoma.ca\/fr\/#organization\"},\"potentialAction\":[{\"@type\":\"SearchAction\",\"target\":{\"@type\":\"EntryPoint\",\"urlTemplate\":\"https:\/\/www.lymphoma.ca\/fr\/?s={search_term_string}\"},\"query-input\":{\"@type\":\"PropertyValueSpecification\",\"valueRequired\":true,\"valueName\":\"search_term_string\"}}],\"inLanguage\":\"fr-FR\"},{\"@type\":\"Organization\",\"@id\":\"https:\/\/www.lymphoma.ca\/fr\/#organization\",\"name\":\"Lymphoma Canada\",\"url\":\"https:\/\/www.lymphoma.ca\/fr\/\",\"logo\":{\"@type\":\"ImageObject\",\"inLanguage\":\"fr-FR\",\"@id\":\"https:\/\/www.lymphoma.ca\/fr\/#\/schema\/logo\/image\/\",\"url\":\"https:\/\/www.lymphoma.ca\/wp-content\/uploads\/2023\/05\/logo-lymphoma.jpg\",\"contentUrl\":\"https:\/\/www.lymphoma.ca\/wp-content\/uploads\/2023\/05\/logo-lymphoma.jpg\",\"width\":343,\"height\":343,\"caption\":\"Lymphoma Canada\"},\"image\":{\"@id\":\"https:\/\/www.lymphoma.ca\/fr\/#\/schema\/logo\/image\/\"},\"sameAs\":[\"https:\/\/www.facebook.com\/LymphomaCanada\",\"https:\/\/x.com\/lymphomacanada\",\"https:\/\/www.linkedin.com\/company\/lymphoma-canada\/\",\"http:\/\/instagram.com\/lymphomacanada\",\"http:\/\/www.youtube.com\/user\/LymphomaTV\"]}]}<\/script>\n<!-- \/ Yoast SEO plugin. -->","yoast_head_json":{"title":"Diagnostics et tests - Lymphoma Canada","robots":{"index":"index","follow":"follow","max-snippet":"max-snippet:-1","max-image-preview":"max-image-preview:large","max-video-preview":"max-video-preview:-1"},"canonical":"https:\/\/www.lymphoma.ca\/fr\/le-lymphome\/le-lymphome-de-hodgkin\/diagnostics-et-tests\/","og_locale":"fr_FR","og_type":"article","og_title":"Diagnostics et tests - Lymphoma Canada","og_description":"Comment un lymphome est-il diagnostiqu\u00e9? Pour confirmer le diagnostic, on effectue une biopsie. Le moyen le plus certain de confirmer le diagnostic d\u2019un lymphome de Hodgkin est d\u2019effectuer une biopsie-ex\u00e9r\u00e8se...","og_url":"https:\/\/www.lymphoma.ca\/fr\/le-lymphome\/le-lymphome-de-hodgkin\/diagnostics-et-tests\/","og_site_name":"Lymphoma Canada","article_publisher":"https:\/\/www.facebook.com\/LymphomaCanada","article_modified_time":"2020-05-01T01:53:18+00:00","twitter_card":"summary_large_image","twitter_site":"@lymphomacanada","twitter_misc":{"Dur\u00e9e de lecture estim\u00e9e":"1 minute"},"schema":{"@context":"https:\/\/schema.org","@graph":[{"@type":"WebPage","@id":"https:\/\/www.lymphoma.ca\/fr\/le-lymphome\/le-lymphome-de-hodgkin\/diagnostics-et-tests\/","url":"https:\/\/www.lymphoma.ca\/fr\/le-lymphome\/le-lymphome-de-hodgkin\/diagnostics-et-tests\/","name":"Diagnostics et tests - Lymphoma Canada","isPartOf":{"@id":"https:\/\/www.lymphoma.ca\/fr\/#website"},"datePublished":"2010-05-03T04:00:00+00:00","dateModified":"2020-05-01T01:53:18+00:00","breadcrumb":{"@id":"https:\/\/www.lymphoma.ca\/fr\/le-lymphome\/le-lymphome-de-hodgkin\/diagnostics-et-tests\/#breadcrumb"},"inLanguage":"fr-FR","potentialAction":[{"@type":"ReadAction","target":["https:\/\/www.lymphoma.ca\/fr\/le-lymphome\/le-lymphome-de-hodgkin\/diagnostics-et-tests\/"]}]},{"@type":"BreadcrumbList","@id":"https:\/\/www.lymphoma.ca\/fr\/le-lymphome\/le-lymphome-de-hodgkin\/diagnostics-et-tests\/#breadcrumb","itemListElement":[{"@type":"ListItem","position":1,"name":"Home","item":"https:\/\/www.lymphoma.ca\/fr\/"},{"@type":"ListItem","position":2,"name":"Lymphome","item":"https:\/\/www.lymphoma.ca\/fr\/le-lymphome\/"},{"@type":"ListItem","position":3,"name":"Le lymphome de Hodgkin","item":"https:\/\/www.lymphoma.ca\/fr\/le-lymphome\/le-lymphome-de-hodgkin\/"},{"@type":"ListItem","position":4,"name":"Diagnostics et tests"}]},{"@type":"WebSite","@id":"https:\/\/www.lymphoma.ca\/fr\/#website","url":"https:\/\/www.lymphoma.ca\/fr\/","name":"Lymphoma Canada","description":"Information. Help. Hope.","publisher":{"@id":"https:\/\/www.lymphoma.ca\/fr\/#organization"},"potentialAction":[{"@type":"SearchAction","target":{"@type":"EntryPoint","urlTemplate":"https:\/\/www.lymphoma.ca\/fr\/?s={search_term_string}"},"query-input":{"@type":"PropertyValueSpecification","valueRequired":true,"valueName":"search_term_string"}}],"inLanguage":"fr-FR"},{"@type":"Organization","@id":"https:\/\/www.lymphoma.ca\/fr\/#organization","name":"Lymphoma Canada","url":"https:\/\/www.lymphoma.ca\/fr\/","logo":{"@type":"ImageObject","inLanguage":"fr-FR","@id":"https:\/\/www.lymphoma.ca\/fr\/#\/schema\/logo\/image\/","url":"https:\/\/www.lymphoma.ca\/wp-content\/uploads\/2023\/05\/logo-lymphoma.jpg","contentUrl":"https:\/\/www.lymphoma.ca\/wp-content\/uploads\/2023\/05\/logo-lymphoma.jpg","width":343,"height":343,"caption":"Lymphoma Canada"},"image":{"@id":"https:\/\/www.lymphoma.ca\/fr\/#\/schema\/logo\/image\/"},"sameAs":["https:\/\/www.facebook.com\/LymphomaCanada","https:\/\/x.com\/lymphomacanada","https:\/\/www.linkedin.com\/company\/lymphoma-canada\/","http:\/\/instagram.com\/lymphomacanada","http:\/\/www.youtube.com\/user\/LymphomaTV"]}]}},"_links":{"self":[{"href":"https:\/\/www.lymphoma.ca\/fr\/wp-json\/wp\/v2\/pages\/357","targetHints":{"allow":["GET"]}}],"collection":[{"href":"https:\/\/www.lymphoma.ca\/fr\/wp-json\/wp\/v2\/pages"}],"about":[{"href":"https:\/\/www.lymphoma.ca\/fr\/wp-json\/wp\/v2\/types\/page"}],"author":[{"embeddable":true,"href":"https:\/\/www.lymphoma.ca\/fr\/wp-json\/wp\/v2\/users\/6"}],"replies":[{"embeddable":true,"href":"https:\/\/www.lymphoma.ca\/fr\/wp-json\/wp\/v2\/comments?post=357"}],"version-history":[{"count":3,"href":"https:\/\/www.lymphoma.ca\/fr\/wp-json\/wp\/v2\/pages\/357\/revisions"}],"predecessor-version":[{"id":7517,"href":"https:\/\/www.lymphoma.ca\/fr\/wp-json\/wp\/v2\/pages\/357\/revisions\/7517"}],"up":[{"embeddable":true,"href":"https:\/\/www.lymphoma.ca\/fr\/wp-json\/wp\/v2\/pages\/356"}],"wp:attachment":[{"href":"https:\/\/www.lymphoma.ca\/fr\/wp-json\/wp\/v2\/media?parent=357"}],"wp:term":[{"taxonomy":"category","embeddable":true,"href":"https:\/\/www.lymphoma.ca\/fr\/wp-json\/wp\/v2\/categories?post=357"},{"taxonomy":"post_tag","embeddable":true,"href":"https:\/\/www.lymphoma.ca\/fr\/wp-json\/wp\/v2\/tags?post=357"}],"curies":[{"name":"wp","href":"https:\/\/api.w.org\/{rel}","templated":true}]}}