{"id":362,"date":"2010-05-03T04:00:00","date_gmt":"2010-05-03T04:00:00","guid":{"rendered":"https:\/\/www.lymphoma.ca\/?page_id=362"},"modified":"2020-02-26T17:57:00","modified_gmt":"2020-02-26T17:57:00","slug":"prise-en-charge-de-la-maladie","status":"publish","type":"page","link":"https:\/\/www.lymphoma.ca\/fr\/cheminement-du-patient\/prise-en-charge-de-la-maladie\/","title":{"rendered":"Prise en charge de la maladie"},"content":{"rendered":"<h2>Communication<\/h2>\n<p>Tout au cours de votre maladie, gardez une trace des questions qui vous viennent \u00e0 l\u2019esprit. \u00c9crivez-les quelque part, car peut-\u00eatre que vous, votre famille et vos amis voudrez des r\u00e9ponses. Les m\u00e9decins et infirmi\u00e8res n\u2019ayant g\u00e9n\u00e9ralement que peu de temps \u00e0 vous accorder, posez en priorit\u00e9 les deux ou trois questions les plus importantes de votre liste. Dressez \u00e9galement la liste de tout ce qui vous arrive, comprenant les sympt\u00f4mes, les sensations singuli\u00e8res ou tout ce que vous trouverez hors de l\u2019ordinaire. Veillez \u00e0 ce qu\u2019un membre de votre \u00e9quipe m\u00e9dicale lise bien toutes vos questions et vos pr\u00e9occupations, car il ou elle pourrait remarquer quelque chose d\u2019important que vous auriez laiss\u00e9 de c\u00f4t\u00e9.<\/p>\n<p>N\u2019h\u00e9sitez pas \u00e0 venir \u00e0 la clinique accompagn\u00e9(e) d\u2019un membre de votre famille ou d\u2019un ami pour aider \u00e0 poser vos questions et comprendre et m\u00e9moriser les r\u00e9ponses. Il peut \u00e9galement s\u2019av\u00e9rer utile d\u2019\u00e9crire les r\u00e9ponses \u00e0 vos <a href=\"https:\/\/www.lymphoma.ca\/fr\/cheminement-du-patient\/prise-en-charge-de-la-maladie\/questions-a-poser-a-votre-equipe-soignante\/\" title=\"Questions \u00e0 poser \u00e0 votre \u00e9quipe soignante\n\">questions<\/a>.<\/p>\n<h2>Participation \u00e0 vos soins<\/h2>\n<p>Ne sous-estimez jamais l\u2019importance de l\u2019attitude. Vous \u00eates un partenaire dans la r\u00e9alisation de votre traitement, n\u2019h\u00e9sitez pas \u00e0 vous exprimer! Travaillez en \u00e9troite collaboration avec votre m\u00e9decin, posez des questions et \u00e9tudiez toutes les possibilit\u00e9s. Si vous avez des soucis concernant votre m\u00e9decin, discutez-en ensemble. En l\u2019absence de solution, demandez \u00e0 changer de m\u00e9decin. De nombreuses personnes trouvent \u00e9galement utile de demander \u00e0 leur m\u00e9decin se elles peuvent parler avec ses anciens patients, afin d\u2019obtenir leurs impressions et savoir ce qu\u2019elles ont fait pour mieux supporter le traitement et la maladie.<\/p>\n<h2>Choisir un m\u00e9decin<\/h2>\n<p>Votre m\u00e9decin de famille vous adressera \u00e0 un sp\u00e9cialiste qui sera probablement un oncologue m\u00e9dical, un h\u00e9matologue ou un oncologue h\u00e9matologue. Avant d\u2019accepter un traitement par un m\u00e9decin ou dans une clinique, assurez-vous que vos besoins m\u00e9dicaux et personnels seront satisfaits. Avant d\u2019entamer un traitement, vous d\u00e9sirez peut-\u00eatre obtenir une deuxi\u00e8me opinion quant au diagnostic et au plan de traitement. Si vous optez pour une deuxi\u00e8me opinion, n\u2019oubliez pas d\u2019amener une copie compl\u00e8te de votre dossier m\u00e9dical (radiographies originales, pathologie, scintigraphies et rapports) au m\u00e9decin que vous consultez, de pr\u00e9f\u00e9rence avant votre rendez-vous. Il est g\u00e9n\u00e9ralement pr\u00e9f\u00e9rable d\u2019obtenir une copie du dossier et de le fournir vous-m\u00eame \u00e0 l\u2019autre m\u00e9decin. Une deuxi\u00e8me opinion n\u2019est pas ad\u00e9quate \u00e0 moins que l\u2019\u00e9chantillon de tumeur ne soit analys\u00e9 par un autre pathologiste sp\u00e9cialis\u00e9 dans les lymphomes. Votre m\u00e9decin peut souvent recommander de consulter un oncologue pour avoir une deuxi\u00e8me opinion.<\/p>\n<h2>Quels sont mes droits en tant que patient?<\/h2>\n<p>Vous avez le droit d\u2019avoir une deuxi\u00e8me opinion (ou plus). Et il existe de nombreuses bonnes raisons de le faire. Se sentir \u00e0 l\u2019aise avec son \u00e9quipe de soins et avoir l\u2019esprit tranquille peuvent \u00eatre les deux plus importantes raisons. Les m\u00e9decins interpr\u00e8tent les choses diff\u00e9remment et les communiquent \u00e9galement diff\u00e9remment \u00e0 leurs patients. M\u00eame si vous vous sentez tr\u00e8s \u00e0 l\u2019aise avec votre m\u00e9decin, il n\u2019y a pas de mal \u00e0 obtenir des r\u00e9sultats et opinions suppl\u00e9mentaires et rassurants, qui vous confirment que toutes les possibilit\u00e9s ont \u00e9t\u00e9 explor\u00e9es. Parfois, le diagnostic initial ne vous laisse que peu d\u2019espoir de r\u00e9tablissement. Dans ce cas, une autre opinion ne peut pas faire de mal et peut parfois am\u00e9liorer les choses. Les m\u00e9decins se sp\u00e9cialisent dans divers domaines et m\u00eame si vous voyez un sp\u00e9cialiste de votre type de cancer, demandez une autre opinion qualifi\u00e9e pour confirmer que le diagnostic est exact sous tous ses aspects. Une tumeur d\u00e9clar\u00e9e inop\u00e9rable par un chirurgien peut \u00eatre consid\u00e9r\u00e9e comme op\u00e9rable par un autre. Chaque m\u00e9decin a connu des r\u00e9ussites avec diff\u00e9rents traitements ou diff\u00e9rentes combinaisons de traitements. Les opinions m\u00e9dicales additionnelles peuvent proposer des options de traitements diff\u00e9rentes. Et avec les nouveaux traitements et essais cliniques constamment financ\u00e9s et approuv\u00e9s, vous pourriez trouver un m\u00e9decin qui fera toute la diff\u00e9rence pour votre pronostic.<\/p>\n<p><a href=\"https:\/\/www.lymphoma.ca\/fr\/lymphome\/essais-cliniques\/\" title=\"essais cliniques\">Cliquez ici pour obtenir plus de renseignements sur les essais cliniques et d\u2019autres options de traitement.<\/a><\/p>\n<p><a href=\"https:\/\/www.lymphoma.ca\/wp-content\/uploads\/2010\/05\/07_charte_des_patients.pdf\" title=\"charte des patients pdf\">Cliquez ici pour acc\u00e9der \u00e0 la Coalition Internationale Contre le Lymphome cr\u00e9\u00e9e par la Lymphoma Coalition.<\/a><\/p>\n","protected":false},"excerpt":{"rendered":"<p>Communication Tout au cours de votre maladie, gardez une trace des questions qui vous viennent \u00e0 l\u2019esprit. \u00c9crivez-les quelque part, car peut-\u00eatre que vous, votre famille et vos amis voudrez&#8230;<\/p>\n","protected":false},"author":6,"featured_media":0,"parent":354,"menu_order":3,"comment_status":"closed","ping_status":"closed","template":"page-sidebar.php","meta":{"_acf_changed":false,"footnotes":""},"categories":[],"tags":[],"class_list":["post-362","page","type-page","status-publish"],"acf":[],"yoast_head":"<!-- This site is optimized with the Yoast SEO plugin v26.7 - https:\/\/yoast.com\/wordpress\/plugins\/seo\/ -->\n<title>Prise en charge de la maladie - Lymphoma Canada<\/title>\n<meta name=\"robots\" content=\"index, follow, max-snippet:-1, max-image-preview:large, max-video-preview:-1\" \/>\n<link rel=\"canonical\" href=\"https:\/\/www.lymphoma.ca\/fr\/cheminement-du-patient\/prise-en-charge-de-la-maladie\/\" \/>\n<meta property=\"og:locale\" content=\"fr_FR\" \/>\n<meta property=\"og:type\" content=\"article\" \/>\n<meta property=\"og:title\" content=\"Prise en charge de la maladie - Lymphoma Canada\" \/>\n<meta property=\"og:description\" content=\"Communication Tout au cours de votre maladie, gardez une trace des questions qui vous viennent \u00e0 l\u2019esprit. \u00c9crivez-les quelque part, car peut-\u00eatre que vous, votre famille et vos amis voudrez...\" \/>\n<meta property=\"og:url\" content=\"https:\/\/www.lymphoma.ca\/fr\/cheminement-du-patient\/prise-en-charge-de-la-maladie\/\" \/>\n<meta property=\"og:site_name\" content=\"Lymphoma Canada\" \/>\n<meta property=\"article:publisher\" content=\"https:\/\/www.facebook.com\/LymphomaCanada\" \/>\n<meta property=\"article:modified_time\" content=\"2020-02-26T17:57:00+00:00\" \/>\n<meta name=\"twitter:card\" content=\"summary_large_image\" \/>\n<meta name=\"twitter:site\" content=\"@lymphomacanada\" \/>\n<meta name=\"twitter:label1\" content=\"Dur\u00e9e de lecture estim\u00e9e\" \/>\n\t<meta name=\"twitter:data1\" content=\"4 minutes\" \/>\n<script type=\"application\/ld+json\" class=\"yoast-schema-graph\">{\"@context\":\"https:\/\/schema.org\",\"@graph\":[{\"@type\":\"WebPage\",\"@id\":\"https:\/\/www.lymphoma.ca\/fr\/cheminement-du-patient\/prise-en-charge-de-la-maladie\/\",\"url\":\"https:\/\/www.lymphoma.ca\/fr\/cheminement-du-patient\/prise-en-charge-de-la-maladie\/\",\"name\":\"Prise en charge de la maladie - Lymphoma Canada\",\"isPartOf\":{\"@id\":\"https:\/\/www.lymphoma.ca\/fr\/#website\"},\"datePublished\":\"2010-05-03T04:00:00+00:00\",\"dateModified\":\"2020-02-26T17:57:00+00:00\",\"breadcrumb\":{\"@id\":\"https:\/\/www.lymphoma.ca\/fr\/cheminement-du-patient\/prise-en-charge-de-la-maladie\/#breadcrumb\"},\"inLanguage\":\"fr-FR\",\"potentialAction\":[{\"@type\":\"ReadAction\",\"target\":[\"https:\/\/www.lymphoma.ca\/fr\/cheminement-du-patient\/prise-en-charge-de-la-maladie\/\"]}]},{\"@type\":\"BreadcrumbList\",\"@id\":\"https:\/\/www.lymphoma.ca\/fr\/cheminement-du-patient\/prise-en-charge-de-la-maladie\/#breadcrumb\",\"itemListElement\":[{\"@type\":\"ListItem\",\"position\":1,\"name\":\"Home\",\"item\":\"https:\/\/www.lymphoma.ca\/fr\/\"},{\"@type\":\"ListItem\",\"position\":2,\"name\":\"Cheminement du patient\",\"item\":\"https:\/\/www.lymphoma.ca\/fr\/cheminement-du-patient\/\"},{\"@type\":\"ListItem\",\"position\":3,\"name\":\"Prise en charge de la maladie\"}]},{\"@type\":\"WebSite\",\"@id\":\"https:\/\/www.lymphoma.ca\/fr\/#website\",\"url\":\"https:\/\/www.lymphoma.ca\/fr\/\",\"name\":\"Lymphoma Canada\",\"description\":\"Information. Help. Hope.\",\"publisher\":{\"@id\":\"https:\/\/www.lymphoma.ca\/fr\/#organization\"},\"potentialAction\":[{\"@type\":\"SearchAction\",\"target\":{\"@type\":\"EntryPoint\",\"urlTemplate\":\"https:\/\/www.lymphoma.ca\/fr\/?s={search_term_string}\"},\"query-input\":{\"@type\":\"PropertyValueSpecification\",\"valueRequired\":true,\"valueName\":\"search_term_string\"}}],\"inLanguage\":\"fr-FR\"},{\"@type\":\"Organization\",\"@id\":\"https:\/\/www.lymphoma.ca\/fr\/#organization\",\"name\":\"Lymphoma Canada\",\"url\":\"https:\/\/www.lymphoma.ca\/fr\/\",\"logo\":{\"@type\":\"ImageObject\",\"inLanguage\":\"fr-FR\",\"@id\":\"https:\/\/www.lymphoma.ca\/fr\/#\/schema\/logo\/image\/\",\"url\":\"https:\/\/www.lymphoma.ca\/wp-content\/uploads\/2023\/05\/logo-lymphoma.jpg\",\"contentUrl\":\"https:\/\/www.lymphoma.ca\/wp-content\/uploads\/2023\/05\/logo-lymphoma.jpg\",\"width\":343,\"height\":343,\"caption\":\"Lymphoma Canada\"},\"image\":{\"@id\":\"https:\/\/www.lymphoma.ca\/fr\/#\/schema\/logo\/image\/\"},\"sameAs\":[\"https:\/\/www.facebook.com\/LymphomaCanada\",\"https:\/\/x.com\/lymphomacanada\",\"https:\/\/www.linkedin.com\/company\/lymphoma-canada\/\",\"http:\/\/instagram.com\/lymphomacanada\",\"http:\/\/www.youtube.com\/user\/LymphomaTV\"]}]}<\/script>\n<!-- \/ Yoast SEO plugin. -->","yoast_head_json":{"title":"Prise en charge de la maladie - Lymphoma Canada","robots":{"index":"index","follow":"follow","max-snippet":"max-snippet:-1","max-image-preview":"max-image-preview:large","max-video-preview":"max-video-preview:-1"},"canonical":"https:\/\/www.lymphoma.ca\/fr\/cheminement-du-patient\/prise-en-charge-de-la-maladie\/","og_locale":"fr_FR","og_type":"article","og_title":"Prise en charge de la maladie - Lymphoma Canada","og_description":"Communication Tout au cours de votre maladie, gardez une trace des questions qui vous viennent \u00e0 l\u2019esprit. \u00c9crivez-les quelque part, car peut-\u00eatre que vous, votre famille et vos amis voudrez...","og_url":"https:\/\/www.lymphoma.ca\/fr\/cheminement-du-patient\/prise-en-charge-de-la-maladie\/","og_site_name":"Lymphoma Canada","article_publisher":"https:\/\/www.facebook.com\/LymphomaCanada","article_modified_time":"2020-02-26T17:57:00+00:00","twitter_card":"summary_large_image","twitter_site":"@lymphomacanada","twitter_misc":{"Dur\u00e9e de lecture estim\u00e9e":"4 minutes"},"schema":{"@context":"https:\/\/schema.org","@graph":[{"@type":"WebPage","@id":"https:\/\/www.lymphoma.ca\/fr\/cheminement-du-patient\/prise-en-charge-de-la-maladie\/","url":"https:\/\/www.lymphoma.ca\/fr\/cheminement-du-patient\/prise-en-charge-de-la-maladie\/","name":"Prise en charge de la maladie - Lymphoma Canada","isPartOf":{"@id":"https:\/\/www.lymphoma.ca\/fr\/#website"},"datePublished":"2010-05-03T04:00:00+00:00","dateModified":"2020-02-26T17:57:00+00:00","breadcrumb":{"@id":"https:\/\/www.lymphoma.ca\/fr\/cheminement-du-patient\/prise-en-charge-de-la-maladie\/#breadcrumb"},"inLanguage":"fr-FR","potentialAction":[{"@type":"ReadAction","target":["https:\/\/www.lymphoma.ca\/fr\/cheminement-du-patient\/prise-en-charge-de-la-maladie\/"]}]},{"@type":"BreadcrumbList","@id":"https:\/\/www.lymphoma.ca\/fr\/cheminement-du-patient\/prise-en-charge-de-la-maladie\/#breadcrumb","itemListElement":[{"@type":"ListItem","position":1,"name":"Home","item":"https:\/\/www.lymphoma.ca\/fr\/"},{"@type":"ListItem","position":2,"name":"Cheminement du patient","item":"https:\/\/www.lymphoma.ca\/fr\/cheminement-du-patient\/"},{"@type":"ListItem","position":3,"name":"Prise en charge de la maladie"}]},{"@type":"WebSite","@id":"https:\/\/www.lymphoma.ca\/fr\/#website","url":"https:\/\/www.lymphoma.ca\/fr\/","name":"Lymphoma Canada","description":"Information. Help. Hope.","publisher":{"@id":"https:\/\/www.lymphoma.ca\/fr\/#organization"},"potentialAction":[{"@type":"SearchAction","target":{"@type":"EntryPoint","urlTemplate":"https:\/\/www.lymphoma.ca\/fr\/?s={search_term_string}"},"query-input":{"@type":"PropertyValueSpecification","valueRequired":true,"valueName":"search_term_string"}}],"inLanguage":"fr-FR"},{"@type":"Organization","@id":"https:\/\/www.lymphoma.ca\/fr\/#organization","name":"Lymphoma Canada","url":"https:\/\/www.lymphoma.ca\/fr\/","logo":{"@type":"ImageObject","inLanguage":"fr-FR","@id":"https:\/\/www.lymphoma.ca\/fr\/#\/schema\/logo\/image\/","url":"https:\/\/www.lymphoma.ca\/wp-content\/uploads\/2023\/05\/logo-lymphoma.jpg","contentUrl":"https:\/\/www.lymphoma.ca\/wp-content\/uploads\/2023\/05\/logo-lymphoma.jpg","width":343,"height":343,"caption":"Lymphoma Canada"},"image":{"@id":"https:\/\/www.lymphoma.ca\/fr\/#\/schema\/logo\/image\/"},"sameAs":["https:\/\/www.facebook.com\/LymphomaCanada","https:\/\/x.com\/lymphomacanada","https:\/\/www.linkedin.com\/company\/lymphoma-canada\/","http:\/\/instagram.com\/lymphomacanada","http:\/\/www.youtube.com\/user\/LymphomaTV"]}]}},"_links":{"self":[{"href":"https:\/\/www.lymphoma.ca\/fr\/wp-json\/wp\/v2\/pages\/362","targetHints":{"allow":["GET"]}}],"collection":[{"href":"https:\/\/www.lymphoma.ca\/fr\/wp-json\/wp\/v2\/pages"}],"about":[{"href":"https:\/\/www.lymphoma.ca\/fr\/wp-json\/wp\/v2\/types\/page"}],"author":[{"embeddable":true,"href":"https:\/\/www.lymphoma.ca\/fr\/wp-json\/wp\/v2\/users\/6"}],"replies":[{"embeddable":true,"href":"https:\/\/www.lymphoma.ca\/fr\/wp-json\/wp\/v2\/comments?post=362"}],"version-history":[{"count":5,"href":"https:\/\/www.lymphoma.ca\/fr\/wp-json\/wp\/v2\/pages\/362\/revisions"}],"predecessor-version":[{"id":5214,"href":"https:\/\/www.lymphoma.ca\/fr\/wp-json\/wp\/v2\/pages\/362\/revisions\/5214"}],"up":[{"embeddable":true,"href":"https:\/\/www.lymphoma.ca\/fr\/wp-json\/wp\/v2\/pages\/354"}],"wp:attachment":[{"href":"https:\/\/www.lymphoma.ca\/fr\/wp-json\/wp\/v2\/media?parent=362"}],"wp:term":[{"taxonomy":"category","embeddable":true,"href":"https:\/\/www.lymphoma.ca\/fr\/wp-json\/wp\/v2\/categories?post=362"},{"taxonomy":"post_tag","embeddable":true,"href":"https:\/\/www.lymphoma.ca\/fr\/wp-json\/wp\/v2\/tags?post=362"}],"curies":[{"name":"wp","href":"https:\/\/api.w.org\/{rel}","templated":true}]}}