{"id":363,"date":"2010-05-03T04:00:00","date_gmt":"2010-05-03T04:00:00","guid":{"rendered":"https:\/\/www.lymphoma.ca\/?page_id=363"},"modified":"2022-01-14T14:43:49","modified_gmt":"2022-01-14T14:43:49","slug":"jeunes-adultes","status":"publish","type":"page","link":"https:\/\/www.lymphoma.ca\/fr\/cheminement-du-patient\/jeunes-adultes\/","title":{"rendered":"Jeunes adultes"},"content":{"rendered":"<p>Vous voil\u00e0 dans cette situation et jamais, au grand jamais, vous n\u2019auriez pens\u00e9 devoir faire face \u00e0 quelque chose de pareil. Le cancer? Moi? Maintenant? C\u2019est impossible. Vous \u00eates si jeune, c\u2019est insens\u00e9. Ce n\u2019est pas juste!<\/p>\n<p>Le mot \u00ab\u00a0cancer\u00a0\u00bb est charg\u00e9 de lourdes connotations et c\u2019est comme une tonne de briques qui vous est tomb\u00e9e dessus au moment o\u00f9 vous avez entendu votre m\u00e9decin prononcer ce mot. Maintenant, vous luttez pour comprendre ce type de cancer, le lymphome, et ce que le lymphome va signifier dans tous les aspects de votre vie, les espoirs et les r\u00eaves vers lesquels vous \u00e9voluez depuis longtemps.<\/p>\n<p><strong>Ci-dessous figurent quelques \u00e9l\u00e9ments que vous avez besoin de conna\u00eetre avant toute chose\u00a0:<\/strong><\/p>\n<p><strong><em>1. Vous n\u2019\u00eates pas la seule personne \u00e0 vivre cette situation.<\/em><\/strong> De nombreuses personnes de votre \u00e2ge (15 \u00e0 39\u00a0ans) doivent aussi y faire face. Il est probable que la chose la plus importante \u00e0 faire consiste \u00e0 vous mettre en rapport avec certaines de ces personnes, au moyen du courrier \u00e9lectronique, de Facebook, de forums, du t\u00e9l\u00e9phone, des groupes de discussion; peu importe! Faites-le, c\u2019est tout. Appelez Lymphome Canada\u00a0 ou un centre anticanc\u00e9reux, ou demandez \u00e0 votre m\u00e9decin ou infirmi\u00e8re de quelle fa\u00e7on vous pouvez entrer en rapport avec des personnes de votre \u00e2ge. Entendre les autres raconter comment ils ont g\u00e9r\u00e9 cette situation fait une \u00e9norme diff\u00e9rence. Sans parler de ceux de votre \u00e2ge qui disent comment ils se sont attaqu\u00e9s au lymphome et ont gagn\u00e9. Vous devez entendre ces histoires.<\/p>\n<p><strong><em>2. De nombreuses ressources sont \u00e0 votre disposition.<\/em><\/strong><br \/>\nDes sites Web, des fichiers balados, des livres, des blogues, le manuel Lymphoma Patient Resource (ressources pour les patients atteints de lymphome), etc., des ressources qui peuvent vous donner les renseignements dont vous avez besoin maintenant et plus tard. Surtout, lorsque vous consulterez certains de ces sites, vous vous sentirez moins seul, parce que vous saurez qu\u2019il y a d\u2019autres personnes qui comprennent. Elles ont travers\u00e9 l\u2019\u00e9preuve ou ont aid\u00e9 d\u2019autres personnes \u00e0 le faire, et elles comprennent que des jeunes adultes vivant avec un cancer ont des pr\u00e9occupations compl\u00e8tement diff\u00e9rentes. Plus vite vous comprendrez comment naviguer au mieux parmi ces pr\u00e9occupations, plus vous ma\u00eetriserez votre situation.<\/p>\n<p><strong><em>3. Le fait de savoir vous donne du pouvoir.<\/em><\/strong><br \/>\nPlus vous en saurez sur le lymphome, y compris sur les options de traitement, les effets secondaires, les soins de suivi et les renseignements particuliers li\u00e9s \u00e0 votre type sp\u00e9cifique de lymphome, plus vous pourrez participer activement \u00e0 vos soins. Les connaissances que vous aurez vous permettront de prendre des d\u00e9cisions \u00e9clair\u00e9es et de vous sentir en contr\u00f4le de la situation. Ce site Web contient beaucoup de renseignements d\u00e9taill\u00e9s sur tous ces sujets. N\u2019oubliez pas de consulter les autres sections pour en apprendre autant que possible.<\/p>\n<h2>Par o\u00f9 commencer<\/h2>\n<p>Ce site Web constitue un excellent point de d\u00e9part et une ressource de grande valeur. Il est r\u00e9dig\u00e9 avec dans un langage vulgaris\u00e9 et vise \u00e0 renforcer la prise de pouvoir des patients atteints de lymphome en leur proposant les renseignements n\u00e9cessaires pour qu\u2019ils s\u2019attaquent \u00e0 ce cancer. Il vous aidera \u00e0 comprendre le lymphome en g\u00e9n\u00e9ral et \u00e0 faire la diff\u00e9rence entre les diff\u00e9rents types de lymphome de Hodgkin ou non hodgkiniens, en vous les expliquant en de simples termes. Certaines sections d\u00e9crivent \u00e9galement les traitements et les effets secondaires. De nombreux sch\u00e9mas et supports visuels facilitent la compr\u00e9hension des renseignements. Ce site Web vise \u00e0 renforcer la prise de pouvoir des personnes vivant avec un lymphome, au moyen de renseignements et de ressources. \u00c0 ce titre, certaines de ses sections sont pr\u00e9cis\u00e9ment consacr\u00e9es au renforcement de la prise de pouvoir des patients et aux ressources qui leur sont destin\u00e9es.<\/p>\n<h2>Prenez soin de vous<\/h2>\n<p>D\u2019abord et avant tout, prenez soin de vous. Consultez votre m\u00e9decin, pr\u00e9sentez-vous \u00e0 tous vos rendez-vous et traitements, gardez un suivi de tous les soins de sant\u00e9 que vous recevez, mangez correctement et restez actif dans la mesure du possible. <em>Prenez la responsabilit\u00e9 de vous occuper de vous-m\u00eame avec tout ce que vous avez<\/em>. Prenez le contr\u00f4le de votre sant\u00e9. Vous ne vous attendiez pas \u00e0 ce que \u00e7a vous arrive et non, ce n\u2019est pas juste (pas du tout). Mais pourtant c\u2019est l\u00e0, c\u2019est r\u00e9el et vous devez le combattre de toutes vos forces.<\/p>\n<h2>Conna\u00eetre les probl\u00e8mes<\/h2>\n<p>Lisez les principaux probl\u00e8mes et pr\u00e9occupations des personnes de votre \u00e2ge qui vivent avec un lymphome. Vous serez peut-\u00eatre mieux arm\u00e9s si vous \u00eates au courant de ces probl\u00e8mes d\u2019entr\u00e9e de jeu, au lieu d\u2019\u00eatre pris au d\u00e9pourvu en cours de route. Une fois que vous comprenez ces probl\u00e8mes, vous pourrez chercher les ressources qui vous aideront \u00e0 les att\u00e9nuer le cas \u00e9ch\u00e9ant.<\/p>\n<p>Lymphome Canada peut vous aider \u00e0 d\u00e9finir certains probl\u00e8mes ou \u00e0 discuter des meilleures \u00e9tapes suivantes \u00e0 suivre.<\/p>\n<p>Vous pouvez commencer par lire la liste suivante des principaux probl\u00e8mes et pr\u00e9occupations auxquels font face les jeunes adultes atteints d\u2019un lymphome, avec une br\u00e8ve explication pour chacun d\u2019entre eux. Suit \u00e9galement une liste de ressources que vous pouvez utiliser pour vous aider \u00e0 comprendre ces sujets.<\/p>\n<h2>Principaux probl\u00e8mes des jeunes adultes<\/h2>\n<p><strong><em>Ind\u00e9pendance<\/em><\/strong><\/p>\n<ul>\n<li>Alors que vous commencez \u00e0 devenir ind\u00e9pendant de votre famille et que vous vivez peut-\u00eatre loin de la maison (p. ex., \u00e0 l\u2019universit\u00e9, un travail loin de chez vous, etc.), vous risquez de devoir envisager de revenir \u00e0 la maison vu que vous aurez peut-\u00eatre besoin du soutien (physique, \u00e9motionnel et financier) de vos parents.<\/li>\n<\/ul>\n<p><strong><em>R\u00e9v\u00e9lation<\/em><\/strong><\/p>\n<ul>\n<li>D\u00e9cider s\u2019il faut \u00ab\u00a0faire le grand saut\u00a0\u00bb et annoncer la nouvelle aux amis et aux coll\u00e8gues, et \u00e0 quel moment, peut \u00eatre difficile.<\/li>\n<li>Une fois que les autres sont au courant, les choses peuvent changer, et il est important d\u2019essayer de garder un certain sens de la normalit\u00e9 dans votre vie.<\/li>\n<li>Toutefois, le fait d\u2019avoir des amis proches sur lesquels on peut compter dans ces moments peut \u00e9clipser le besoin de vie priv\u00e9e et\/ou de normalit\u00e9.<\/li>\n<li>Informer votre patron et\/ou vos coll\u00e8gues peut \u00e9galement \u00eatre probl\u00e9matique, car vous ne d\u00e9sirez pas que votre maladie affecte la fa\u00e7on dont on vous per\u00e7oit sur votre lieu de travail et vous ne d\u00e9sirez pas que votre carri\u00e8re et\/ou vos prestations de soins de sant\u00e9 ne soient mises en danger de quelque fa\u00e7on que ce soit.<\/li>\n<\/ul>\n<p><strong><em>Isolement<\/em><\/strong><\/p>\n<ul>\n<li>Il peut \u00eatre difficile de communiquer avec ses amis, leurs probl\u00e8mes semblant d\u00e9sormais bien futiles par rapport \u00e0 votre combat avec le cancer.<\/li>\n<li>Il peut \u00eatre difficile de savoir \u00e0 qui parler ou sur qui compter.<\/li>\n<li>Les personnes peuvent agir diff\u00e9remment envers vous une fois qu\u2019elles sont au courant.<\/li>\n<\/ul>\n<p><strong><em>Relations<\/em><\/strong><\/p>\n<ul>\n<li>Les relations sur tous les plans, famille, amis, partenaires, amoureux(se), peuvent se compliquer lorsque vous avez le cancer.<\/li>\n<li>Toutefois, maintenir des relations importantes dans votre vie est vital pour votre bien-\u00eatre et votre r\u00e9tablissement.<\/li>\n<li>Dites aux personnes de quelle fa\u00e7on elles peuvent faire partie de votre vie et vous aider, car elles n\u2019en ont peut-\u00eatre aucune id\u00e9e.<\/li>\n<li>Il faudra peut-\u00eatre du temps pour que vous trouviez un nouvel \u00e9quilibre dans ces relations, mais c\u2019est un aspect important et vous devez y mettre des efforts.<\/li>\n<li>Vous avez besoin plus que jamais des autres et de garder ceux que vous aimez tout pr\u00e8s de vous.<\/li>\n<\/ul>\n<p><strong><em>Apparence<\/em><\/strong><\/p>\n<ul>\n<li>Votre apparence peut changer au fur et \u00e0 mesure du cancer et de son traitement.<\/li>\n<li>Votre poids peut changer, la chimioth\u00e9rapie peut vous faire perdre vos cheveux.<\/li>\n<li>Vous n\u2019\u00eates pas vaniteux parce que vous vous pr\u00e9occupez de ces choses.<\/li>\n<\/ul>\n<p><strong><em>Emploi et assurance invalidit\u00e9 \u00e0 long terme<\/em><\/strong><\/p>\n<ul>\n<li>Une assurance invalidit\u00e9 peut remplacer une partie de votre salaire pendant les p\u00e9riodes o\u00f9 vous \u00eates malade et dans l\u2019incapacit\u00e9 de travailler.<\/li>\n<li>Toutefois, vous faites peut-\u00eatre face \u00e0 un probl\u00e8me si vous ne travaillez pas depuis tr\u00e8s longtemps, car les prestations d\u2019invalidit\u00e9 mettent du temps \u00e0 entre en vigueur.<\/li>\n<\/ul>\n<p><strong><em>Manque d\u2019exp\u00e9rience dans la prise de d\u00e9cisions m\u00e9dicales majeures<\/em><\/strong><\/p>\n<ul>\n<li>Vous pouvez trouver \u00e9prouvant de devoir prendre des d\u00e9cisions critiques concernant l\u2019\u00e9volution de votre traitement.<\/li>\n<li>Signer des formulaires de consentement mentionnant des effets secondaires effrayants peut \u00eatre d\u00e9courageant.<\/li>\n<\/ul>\n<p><strong><em>Interruption du cycle de vie<\/em><\/strong><\/p>\n<ul>\n<li>Vous aviez imagin\u00e9 le d\u00e9roulement de votre vie et la bataille contre un cancer n\u2019en faisait pas partie.<\/li>\n<li>Vous pouvez avoir l\u2019impression que vos objectifs de vie se sont faits voler et qu\u2019ils sont pris en otage par ce diagnostic.<\/li>\n<li>Continuer \u00e0 \u00e9tudier, travailler, mener une vie sociale et entretenir des relations peut devenir un vrai d\u00e9fi lorsque vous g\u00e9rez un cancer et les traitements associ\u00e9s.<\/li>\n<li>Il est important de modifier votre vie pour vous adapter \u00e0 ce nouvel objectif (traiter votre cancer et vous pr\u00e9parer \u00e0 la r\u00e9cup\u00e9ration) et de rendre le processus plus facile \u00e0 vivre.<\/li>\n<\/ul>\n<p><strong><em>Fertilit\u00e9<\/em><\/strong><\/p>\n<ul>\n<li>Les traitements anticanc\u00e9reux peuvent affecter votre capacit\u00e9 \u00e0 avoir des enfants.<\/li>\n<li>Bien que ce ne soit pas une chose \u00e0 laquelle vous \u00e9tiez pr\u00eat de penser, il peut \u00eatre important de songer \u00e0 conserver d\u00e8s maintenant votre sperme ou vos ovules pour pouvoir les utiliser ult\u00e9rieurement afin de concevoir un enfant.<\/li>\n<\/ul>\n<p><strong><em>Peur de la mort<\/em><\/strong><\/p>\n<ul>\n<li>In\u00e9vitablement, un diagnostic de cancer s\u2019accompagne de la peur de la mort.<\/li>\n<li>Il peut sembler inconcevable que vous ayez \u00e0 envisager la mort \u00e0 ce moment dans votre vie et \u00e9videmment, cette possibilit\u00e9 est terrifiante.<\/li>\n<li>Il faut savoir que tout diagnostic de cancer est diff\u00e9rent et qu\u2019il y a toujours des raisons d\u2019esp\u00e9rer.<\/li>\n<li>Tous les patients atteints de cancer ne meurent pas.<\/li>\n<\/ul>\n<p><strong><em>Survie<\/em><\/strong><\/p>\n<ul>\n<li>M\u00eame si le cancer est un pr\u00e9judice \u00e9vident, il porte avec lui de nombreuses occasions de recentrer votre vie et de provoquer des changements positifs.<\/li>\n<li>Vous devrez faire preuve de patience et d\u2019ouverture d\u2019esprit pour apprendre \u00e0 accepter une nouvelle d\u00e9finition de ce qui est \u201cnormal\u201d pour vous.<\/li>\n<\/ul>\n<h2>Lorsque le traitement est fini<\/h2>\n<p>Une fois les traitements anticanc\u00e9reux termin\u00e9s, assurez-vous de continuer vos soins m\u00e9dicaux. C\u2019est-\u00e0-dire que vous devez rester en rapport avec votre \u00e9quipe m\u00e9dicale et vous rendre \u00e0 vos visites de suivi, ce qui est crucial pour votre r\u00e9cup\u00e9ration et votre survie \u00e0 long terme. Les personnes de votre \u00e2ge ont tendance \u00e0 n\u00e9gliger leurs soins de suivi, ce qui peut entra\u00eener des effets nuisibles. Une fois encore, soyez responsable; occupez-vous de vous-m\u00eame pour demeurer bien avec tout ce que vous avez. Soyez proactif et faites v\u00e9rifier votre \u00e9tat de sant\u00e9 r\u00e9guli\u00e8rement.<\/p>\n<h2>Ressources pour les jeunes adultes atteints d\u2019un cancer<\/h2>\n<p><a href=\"http:\/\/www.lymphoma.ca\" target=\"_blank\" rel=\"noopener noreferrer\"><strong>Lymphome Canada :<\/strong><\/a><\/p>\n<ul>\n<li>offre des renseignements sp\u00e9cifiques au lymphome, y compris des renseignements g\u00e9n\u00e9raux sur le lymphome, le traitement et les effets secondaires, les ressources et le soutien, ainsi que des renseignements pour les patients qui ont r\u00e9cemment re\u00e7u un diagnostic.<\/li>\n<\/ul>\n<p><a href=\"http:\/\/www.lymphomas.org.uk\/info\/living-with-lymphoma.asp\" target=\"_blank\" rel=\"noopener noreferrer\"><strong>Lymphoma Association (association sur le lymphome) au Royaume-Uni\u00a0:<\/strong><\/a><\/p>\n<ul>\n<li>Ce lien vous dirige vers leur section Living with Lymphoma (Vivre avec un lymphome) \u00e0 partir de laquelle vous pouvez t\u00e9l\u00e9charger des documents sur divers aspects qui int\u00e9resseront les patients atteints d\u2019un lymphome (non sp\u00e9cifiques aux jeunes adultes).<\/li>\n<\/ul>\n<p><a href=\"http:\/\/www.lymphoma.org\" target=\"_blank\" rel=\"noopener noreferrer\"><strong>Lymphoma Research Foundation\u00a0:<\/strong><\/a><\/p>\n<ul>\n<li>offre des diffusions Web et des fichiers balados sur des sujets d\u2019int\u00e9r\u00eat comprenant les probl\u00e8mes li\u00e9s au lymphome (p. ex., le lymphome indolent, la vigilance), ainsi que des probl\u00e8mes plus g\u00e9n\u00e9raux pour les jeunes adultes atteints d\u2019un cancer, des ressources et des coordonn\u00e9es pour obtenir du soutien.<\/li>\n<li>La liste de ressources est une grande liste de ressources en ligne pour les jeunes adultes atteints d\u2019un cancer (renseignements des \u00c9tats-Unis).<\/li>\n<\/ul>\n<p><a href=\"http:\/\/www.youngadultcancer.ca\" target=\"_blank\" rel=\"noopener noreferrer\"><strong>Young Adult Cancer Canada\u00a0:<\/strong><\/a><\/p>\n<ul>\n<li>site canadien pour jeunes adultes comprenant des vid\u00e9os YouTube tr\u00e8s poignantes mettant en sc\u00e8ne de jeunes patients atteints d\u2019un cancer qui font face \u00e0 des probl\u00e8mes communs.<\/li>\n<li>Des retraites sont \u00e9galement organis\u00e9es pour les jeunes adultes atteints de cancer.<\/li>\n<\/ul>\n<p><a href=\"http:\/\/www.youtube.com\/user\/livestrongarmy\" target=\"_blank\" rel=\"noopener noreferrer\"><strong>Lance Armstrong Foundation\u00a0:<\/strong><\/a><\/p>\n<ul>\n<li>ce lien vous redirige vers la s\u00e9rie de balados Livestrong pour les jeunes adultes atteints d\u2019un cancer.<\/li>\n<li>Excellents fichiers balados traitant de divers sujets dont un grand nombre sont ceux mentionn\u00e9s ci-dessus, et mettant en sc\u00e8ne de jeunes patients atteints d\u2019un cancer (renseignements des \u00c9tats-Unis).<\/li>\n<\/ul>\n<p><a href=\"http:\/\/www.cancercare.org\/get_help\/special_progs\/young_adults.php\" target=\"_blank\" rel=\"noopener noreferrer\"><strong>CancerCare\u00a0:<\/strong><\/a><\/p>\n<ul>\n<li>le Young Adult Program (programme pour jeunes adultes) contient un lien vers des renseignements utiles pour les services-conseils, les groupes de soutien et des fichiers balados, et propose de t\u00e9l\u00e9charger des publications comprenant des fiches de renseignement sur divers sujets (renseignements des \u00c9tats-Unis).<\/li>\n<\/ul>\n<p><a href=\"http:\/\/www.leukaemia.org.au\" target=\"_blank\" rel=\"noopener noreferrer\"><strong>Leukaemia Foundation of Australia\u00a0:<\/strong><\/a><\/p>\n<ul>\n<li>offre des renseignements utiles sur les services-conseils et les groupes de soutien, ainsi que des fichiers balados et des publications t\u00e9l\u00e9chargeables (c.-\u00e0-d., des fiches de renseignements sur divers sujets).<\/li>\n<\/ul>\n<p>&nbsp;<\/p>\n","protected":false},"excerpt":{"rendered":"<p>Vous voil\u00e0 dans cette situation et jamais, au grand jamais, vous n\u2019auriez pens\u00e9 devoir faire face \u00e0 quelque chose de pareil. Le cancer? Moi? Maintenant? C\u2019est impossible. Vous \u00eates si&#8230;<\/p>\n","protected":false},"author":6,"featured_media":0,"parent":354,"menu_order":1,"comment_status":"closed","ping_status":"closed","template":"page-sidebar.php","meta":{"_acf_changed":false,"footnotes":""},"categories":[],"tags":[],"class_list":["post-363","page","type-page","status-publish"],"acf":[],"yoast_head":"<!-- This site is optimized with the Yoast SEO plugin v26.7 - https:\/\/yoast.com\/wordpress\/plugins\/seo\/ -->\n<title>Jeunes adultes - Lymphoma Canada - Lymphome Canada<\/title>\n<meta name=\"description\" content=\"pour les jeunes adultes Le mot &quot;cancer&quot; est lourd et c&#039;est comme une tonne de briques qui vous sont tomb\u00e9es dessus quand votre m\u00e9decin l&#039;a dit\" \/>\n<meta name=\"robots\" content=\"index, follow, max-snippet:-1, max-image-preview:large, max-video-preview:-1\" \/>\n<link rel=\"canonical\" href=\"https:\/\/www.lymphoma.ca\/fr\/cheminement-du-patient\/jeunes-adultes\/\" \/>\n<meta property=\"og:locale\" content=\"fr_FR\" \/>\n<meta property=\"og:type\" content=\"article\" \/>\n<meta property=\"og:title\" content=\"Jeunes adultes - Lymphoma Canada - Lymphome Canada\" \/>\n<meta property=\"og:description\" content=\"pour les jeunes adultes Le mot &quot;cancer&quot; est lourd et c&#039;est comme une tonne de briques qui vous sont tomb\u00e9es dessus quand votre m\u00e9decin l&#039;a dit\" \/>\n<meta property=\"og:url\" content=\"https:\/\/www.lymphoma.ca\/fr\/cheminement-du-patient\/jeunes-adultes\/\" \/>\n<meta property=\"og:site_name\" content=\"Lymphoma Canada\" \/>\n<meta property=\"article:publisher\" content=\"https:\/\/www.facebook.com\/LymphomaCanada\" \/>\n<meta property=\"article:modified_time\" content=\"2022-01-14T14:43:49+00:00\" \/>\n<meta name=\"twitter:card\" content=\"summary_large_image\" \/>\n<meta name=\"twitter:site\" content=\"@lymphomacanada\" \/>\n<meta name=\"twitter:label1\" content=\"Dur\u00e9e de lecture estim\u00e9e\" \/>\n\t<meta name=\"twitter:data1\" content=\"9 minutes\" \/>\n<script type=\"application\/ld+json\" class=\"yoast-schema-graph\">{\"@context\":\"https:\/\/schema.org\",\"@graph\":[{\"@type\":\"WebPage\",\"@id\":\"https:\/\/www.lymphoma.ca\/fr\/cheminement-du-patient\/jeunes-adultes\/\",\"url\":\"https:\/\/www.lymphoma.ca\/fr\/cheminement-du-patient\/jeunes-adultes\/\",\"name\":\"Jeunes adultes - Lymphoma Canada - Lymphome Canada\",\"isPartOf\":{\"@id\":\"https:\/\/www.lymphoma.ca\/fr\/#website\"},\"datePublished\":\"2010-05-03T04:00:00+00:00\",\"dateModified\":\"2022-01-14T14:43:49+00:00\",\"description\":\"pour les jeunes adultes Le mot \\\"cancer\\\" est lourd et c'est comme une tonne de briques qui vous sont tomb\u00e9es dessus quand votre m\u00e9decin l'a dit\",\"breadcrumb\":{\"@id\":\"https:\/\/www.lymphoma.ca\/fr\/cheminement-du-patient\/jeunes-adultes\/#breadcrumb\"},\"inLanguage\":\"fr-FR\",\"potentialAction\":[{\"@type\":\"ReadAction\",\"target\":[\"https:\/\/www.lymphoma.ca\/fr\/cheminement-du-patient\/jeunes-adultes\/\"]}]},{\"@type\":\"BreadcrumbList\",\"@id\":\"https:\/\/www.lymphoma.ca\/fr\/cheminement-du-patient\/jeunes-adultes\/#breadcrumb\",\"itemListElement\":[{\"@type\":\"ListItem\",\"position\":1,\"name\":\"Home\",\"item\":\"https:\/\/www.lymphoma.ca\/fr\/\"},{\"@type\":\"ListItem\",\"position\":2,\"name\":\"Cheminement du patient\",\"item\":\"https:\/\/www.lymphoma.ca\/fr\/cheminement-du-patient\/\"},{\"@type\":\"ListItem\",\"position\":3,\"name\":\"Jeunes adultes\"}]},{\"@type\":\"WebSite\",\"@id\":\"https:\/\/www.lymphoma.ca\/fr\/#website\",\"url\":\"https:\/\/www.lymphoma.ca\/fr\/\",\"name\":\"Lymphoma Canada\",\"description\":\"Information. Help. Hope.\",\"publisher\":{\"@id\":\"https:\/\/www.lymphoma.ca\/fr\/#organization\"},\"potentialAction\":[{\"@type\":\"SearchAction\",\"target\":{\"@type\":\"EntryPoint\",\"urlTemplate\":\"https:\/\/www.lymphoma.ca\/fr\/?s={search_term_string}\"},\"query-input\":{\"@type\":\"PropertyValueSpecification\",\"valueRequired\":true,\"valueName\":\"search_term_string\"}}],\"inLanguage\":\"fr-FR\"},{\"@type\":\"Organization\",\"@id\":\"https:\/\/www.lymphoma.ca\/fr\/#organization\",\"name\":\"Lymphoma Canada\",\"url\":\"https:\/\/www.lymphoma.ca\/fr\/\",\"logo\":{\"@type\":\"ImageObject\",\"inLanguage\":\"fr-FR\",\"@id\":\"https:\/\/www.lymphoma.ca\/fr\/#\/schema\/logo\/image\/\",\"url\":\"https:\/\/www.lymphoma.ca\/wp-content\/uploads\/2023\/05\/logo-lymphoma.jpg\",\"contentUrl\":\"https:\/\/www.lymphoma.ca\/wp-content\/uploads\/2023\/05\/logo-lymphoma.jpg\",\"width\":343,\"height\":343,\"caption\":\"Lymphoma Canada\"},\"image\":{\"@id\":\"https:\/\/www.lymphoma.ca\/fr\/#\/schema\/logo\/image\/\"},\"sameAs\":[\"https:\/\/www.facebook.com\/LymphomaCanada\",\"https:\/\/x.com\/lymphomacanada\",\"https:\/\/www.linkedin.com\/company\/lymphoma-canada\/\",\"http:\/\/instagram.com\/lymphomacanada\",\"http:\/\/www.youtube.com\/user\/LymphomaTV\"]}]}<\/script>\n<!-- \/ Yoast SEO plugin. -->","yoast_head_json":{"title":"Jeunes adultes - Lymphoma Canada - Lymphome Canada","description":"pour les jeunes adultes Le mot \"cancer\" est lourd et c'est comme une tonne de briques qui vous sont tomb\u00e9es dessus quand votre m\u00e9decin l'a dit","robots":{"index":"index","follow":"follow","max-snippet":"max-snippet:-1","max-image-preview":"max-image-preview:large","max-video-preview":"max-video-preview:-1"},"canonical":"https:\/\/www.lymphoma.ca\/fr\/cheminement-du-patient\/jeunes-adultes\/","og_locale":"fr_FR","og_type":"article","og_title":"Jeunes adultes - Lymphoma Canada - Lymphome Canada","og_description":"pour les jeunes adultes Le mot \"cancer\" est lourd et c'est comme une tonne de briques qui vous sont tomb\u00e9es dessus quand votre m\u00e9decin l'a dit","og_url":"https:\/\/www.lymphoma.ca\/fr\/cheminement-du-patient\/jeunes-adultes\/","og_site_name":"Lymphoma Canada","article_publisher":"https:\/\/www.facebook.com\/LymphomaCanada","article_modified_time":"2022-01-14T14:43:49+00:00","twitter_card":"summary_large_image","twitter_site":"@lymphomacanada","twitter_misc":{"Dur\u00e9e de lecture estim\u00e9e":"9 minutes"},"schema":{"@context":"https:\/\/schema.org","@graph":[{"@type":"WebPage","@id":"https:\/\/www.lymphoma.ca\/fr\/cheminement-du-patient\/jeunes-adultes\/","url":"https:\/\/www.lymphoma.ca\/fr\/cheminement-du-patient\/jeunes-adultes\/","name":"Jeunes adultes - Lymphoma Canada - Lymphome Canada","isPartOf":{"@id":"https:\/\/www.lymphoma.ca\/fr\/#website"},"datePublished":"2010-05-03T04:00:00+00:00","dateModified":"2022-01-14T14:43:49+00:00","description":"pour les jeunes adultes Le mot \"cancer\" est lourd et c'est comme une tonne de briques qui vous sont tomb\u00e9es dessus quand votre m\u00e9decin l'a dit","breadcrumb":{"@id":"https:\/\/www.lymphoma.ca\/fr\/cheminement-du-patient\/jeunes-adultes\/#breadcrumb"},"inLanguage":"fr-FR","potentialAction":[{"@type":"ReadAction","target":["https:\/\/www.lymphoma.ca\/fr\/cheminement-du-patient\/jeunes-adultes\/"]}]},{"@type":"BreadcrumbList","@id":"https:\/\/www.lymphoma.ca\/fr\/cheminement-du-patient\/jeunes-adultes\/#breadcrumb","itemListElement":[{"@type":"ListItem","position":1,"name":"Home","item":"https:\/\/www.lymphoma.ca\/fr\/"},{"@type":"ListItem","position":2,"name":"Cheminement du patient","item":"https:\/\/www.lymphoma.ca\/fr\/cheminement-du-patient\/"},{"@type":"ListItem","position":3,"name":"Jeunes adultes"}]},{"@type":"WebSite","@id":"https:\/\/www.lymphoma.ca\/fr\/#website","url":"https:\/\/www.lymphoma.ca\/fr\/","name":"Lymphoma Canada","description":"Information. Help. Hope.","publisher":{"@id":"https:\/\/www.lymphoma.ca\/fr\/#organization"},"potentialAction":[{"@type":"SearchAction","target":{"@type":"EntryPoint","urlTemplate":"https:\/\/www.lymphoma.ca\/fr\/?s={search_term_string}"},"query-input":{"@type":"PropertyValueSpecification","valueRequired":true,"valueName":"search_term_string"}}],"inLanguage":"fr-FR"},{"@type":"Organization","@id":"https:\/\/www.lymphoma.ca\/fr\/#organization","name":"Lymphoma Canada","url":"https:\/\/www.lymphoma.ca\/fr\/","logo":{"@type":"ImageObject","inLanguage":"fr-FR","@id":"https:\/\/www.lymphoma.ca\/fr\/#\/schema\/logo\/image\/","url":"https:\/\/www.lymphoma.ca\/wp-content\/uploads\/2023\/05\/logo-lymphoma.jpg","contentUrl":"https:\/\/www.lymphoma.ca\/wp-content\/uploads\/2023\/05\/logo-lymphoma.jpg","width":343,"height":343,"caption":"Lymphoma Canada"},"image":{"@id":"https:\/\/www.lymphoma.ca\/fr\/#\/schema\/logo\/image\/"},"sameAs":["https:\/\/www.facebook.com\/LymphomaCanada","https:\/\/x.com\/lymphomacanada","https:\/\/www.linkedin.com\/company\/lymphoma-canada\/","http:\/\/instagram.com\/lymphomacanada","http:\/\/www.youtube.com\/user\/LymphomaTV"]}]}},"_links":{"self":[{"href":"https:\/\/www.lymphoma.ca\/fr\/wp-json\/wp\/v2\/pages\/363","targetHints":{"allow":["GET"]}}],"collection":[{"href":"https:\/\/www.lymphoma.ca\/fr\/wp-json\/wp\/v2\/pages"}],"about":[{"href":"https:\/\/www.lymphoma.ca\/fr\/wp-json\/wp\/v2\/types\/page"}],"author":[{"embeddable":true,"href":"https:\/\/www.lymphoma.ca\/fr\/wp-json\/wp\/v2\/users\/6"}],"replies":[{"embeddable":true,"href":"https:\/\/www.lymphoma.ca\/fr\/wp-json\/wp\/v2\/comments?post=363"}],"version-history":[{"count":7,"href":"https:\/\/www.lymphoma.ca\/fr\/wp-json\/wp\/v2\/pages\/363\/revisions"}],"predecessor-version":[{"id":11262,"href":"https:\/\/www.lymphoma.ca\/fr\/wp-json\/wp\/v2\/pages\/363\/revisions\/11262"}],"up":[{"embeddable":true,"href":"https:\/\/www.lymphoma.ca\/fr\/wp-json\/wp\/v2\/pages\/354"}],"wp:attachment":[{"href":"https:\/\/www.lymphoma.ca\/fr\/wp-json\/wp\/v2\/media?parent=363"}],"wp:term":[{"taxonomy":"category","embeddable":true,"href":"https:\/\/www.lymphoma.ca\/fr\/wp-json\/wp\/v2\/categories?post=363"},{"taxonomy":"post_tag","embeddable":true,"href":"https:\/\/www.lymphoma.ca\/fr\/wp-json\/wp\/v2\/tags?post=363"}],"curies":[{"name":"wp","href":"https:\/\/api.w.org\/{rel}","templated":true}]}}