{"id":365,"date":"2010-05-03T04:00:00","date_gmt":"2010-05-03T04:00:00","guid":{"rendered":"https:\/\/www.lymphoma.ca\/?page_id=365"},"modified":"2020-02-25T20:33:29","modified_gmt":"2020-02-25T20:33:29","slug":"traitements-complementaires","status":"publish","type":"page","link":"https:\/\/www.lymphoma.ca\/fr\/le-lymphome\/les-differents-types-de-lymphomes-non-hodgkiniens\/traitement\/traitements-complementaires\/","title":{"rendered":"Traitements compl\u00e9mentaires"},"content":{"rendered":"<p>Les traitements compl\u00e9mentaires ne remplacent pas les soins m\u00e9dicaux dispens\u00e9s par des professionnels, mais ils sont recommand\u00e9s, car ils peuvent compl\u00e9ter votre traitement, soulager de nombreux sympt\u00f4mes et permettre une am\u00e9lioration de votre \u00e9tat de sant\u00e9 et de votre bien-\u00eatre g\u00e9n\u00e9raux. Le yoga, les massages, l\u2019acupuncture ainsi que l\u2019aromath\u00e9rapie font partie de ces traitements qui peuvent vous aider \u00e0 vous d\u00e9tendre, \u00e0 contr\u00f4ler votre stress et votre anxi\u00e9t\u00e9 et \u00e0 soulager vos douleurs et votre inconfort. Un hom\u00e9opathe ou un naturopathe peut \u00e9galement apaiser vos sympt\u00f4mes et favoriser une bonne sant\u00e9.<\/p>\n<p>Pour trouver un hom\u00e9opathe ou un naturopathe agr\u00e9\u00e9 au Canada, parlez-en avec votre m\u00e9decin ou visitez les sites <a href=\"http:\/\/www.naturopathicassoc.ca\" target=\"_blank\" rel=\"noopener noreferrer\">www.naturopathicassoc.ca<\/a>, <a href=\"http:\/\/www.nupath.org\" target=\"_blank\" rel=\"noopener noreferrer\">www.nupath.org<\/a> ou <a href=\"http:\/\/www.homeopathy.org\" target=\"_blank\" rel=\"noopener noreferrer\">www.homeopathy.org<\/a> pour consulter une liste des professionnels de votre r\u00e9gion.<\/p>\n<p>Peu importe votre choix de traitement, assurez-vous de bien informer votre m\u00e9decin principal de tous les traitements dont vous b\u00e9n\u00e9ficiez, en particulier si vous prenez des suppl\u00e9ments \u00e0 base de plantes, car ils peuvent \u00eatre contre-indiqu\u00e9s pour la prise de vos m\u00e9dicaments et\/ou peuvent aggraver vos sympt\u00f4mes.<\/p>\n<p>&nbsp;<\/p>\n","protected":false},"excerpt":{"rendered":"<p>Les traitements compl\u00e9mentaires ne remplacent pas les soins m\u00e9dicaux dispens\u00e9s par des professionnels, mais ils sont recommand\u00e9s, car ils peuvent compl\u00e9ter votre traitement, soulager de nombreux sympt\u00f4mes et permettre une&#8230;<\/p>\n","protected":false},"author":6,"featured_media":0,"parent":469,"menu_order":3,"comment_status":"closed","ping_status":"closed","template":"page-sidebar.php","meta":{"_acf_changed":false,"footnotes":""},"categories":[],"tags":[],"class_list":["post-365","page","type-page","status-publish"],"acf":[],"yoast_head":"<!-- This site is optimized with the Yoast SEO plugin v26.7 - https:\/\/yoast.com\/wordpress\/plugins\/seo\/ -->\n<title>Traitements compl\u00e9mentaires - Lymphoma Canada<\/title>\n<meta name=\"robots\" content=\"index, follow, max-snippet:-1, max-image-preview:large, max-video-preview:-1\" \/>\n<link rel=\"canonical\" href=\"https:\/\/www.lymphoma.ca\/fr\/le-lymphome\/les-differents-types-de-lymphomes-non-hodgkiniens\/traitement\/traitements-complementaires\/\" \/>\n<meta property=\"og:locale\" content=\"fr_FR\" \/>\n<meta property=\"og:type\" content=\"article\" \/>\n<meta property=\"og:title\" content=\"Traitements compl\u00e9mentaires - Lymphoma Canada\" \/>\n<meta property=\"og:description\" content=\"Les traitements compl\u00e9mentaires ne remplacent pas les soins m\u00e9dicaux dispens\u00e9s par des professionnels, mais ils sont recommand\u00e9s, car ils peuvent compl\u00e9ter votre traitement, soulager de nombreux sympt\u00f4mes et permettre une...\" \/>\n<meta property=\"og:url\" content=\"https:\/\/www.lymphoma.ca\/fr\/le-lymphome\/les-differents-types-de-lymphomes-non-hodgkiniens\/traitement\/traitements-complementaires\/\" \/>\n<meta property=\"og:site_name\" content=\"Lymphoma Canada\" \/>\n<meta property=\"article:publisher\" content=\"https:\/\/www.facebook.com\/LymphomaCanada\" \/>\n<meta property=\"article:modified_time\" content=\"2020-02-25T20:33:29+00:00\" \/>\n<meta name=\"twitter:card\" content=\"summary_large_image\" \/>\n<meta name=\"twitter:site\" content=\"@lymphomacanada\" \/>\n<meta name=\"twitter:label1\" content=\"Dur\u00e9e de lecture estim\u00e9e\" \/>\n\t<meta name=\"twitter:data1\" content=\"1 minute\" \/>\n<script type=\"application\/ld+json\" class=\"yoast-schema-graph\">{\"@context\":\"https:\/\/schema.org\",\"@graph\":[{\"@type\":\"WebPage\",\"@id\":\"https:\/\/www.lymphoma.ca\/fr\/le-lymphome\/les-differents-types-de-lymphomes-non-hodgkiniens\/traitement\/traitements-complementaires\/\",\"url\":\"https:\/\/www.lymphoma.ca\/fr\/le-lymphome\/les-differents-types-de-lymphomes-non-hodgkiniens\/traitement\/traitements-complementaires\/\",\"name\":\"Traitements compl\u00e9mentaires - Lymphoma Canada\",\"isPartOf\":{\"@id\":\"https:\/\/www.lymphoma.ca\/fr\/#website\"},\"datePublished\":\"2010-05-03T04:00:00+00:00\",\"dateModified\":\"2020-02-25T20:33:29+00:00\",\"breadcrumb\":{\"@id\":\"https:\/\/www.lymphoma.ca\/fr\/le-lymphome\/les-differents-types-de-lymphomes-non-hodgkiniens\/traitement\/traitements-complementaires\/#breadcrumb\"},\"inLanguage\":\"fr-FR\",\"potentialAction\":[{\"@type\":\"ReadAction\",\"target\":[\"https:\/\/www.lymphoma.ca\/fr\/le-lymphome\/les-differents-types-de-lymphomes-non-hodgkiniens\/traitement\/traitements-complementaires\/\"]}]},{\"@type\":\"BreadcrumbList\",\"@id\":\"https:\/\/www.lymphoma.ca\/fr\/le-lymphome\/les-differents-types-de-lymphomes-non-hodgkiniens\/traitement\/traitements-complementaires\/#breadcrumb\",\"itemListElement\":[{\"@type\":\"ListItem\",\"position\":1,\"name\":\"Home\",\"item\":\"https:\/\/www.lymphoma.ca\/fr\/\"},{\"@type\":\"ListItem\",\"position\":2,\"name\":\"Lymphome\",\"item\":\"https:\/\/www.lymphoma.ca\/fr\/le-lymphome\/\"},{\"@type\":\"ListItem\",\"position\":3,\"name\":\"Les diff\u00e9rents types de lymphomes non hodgkiniens\",\"item\":\"https:\/\/www.lymphoma.ca\/fr\/le-lymphome\/les-differents-types-de-lymphomes-non-hodgkiniens\/\"},{\"@type\":\"ListItem\",\"position\":4,\"name\":\"Traitement\",\"item\":\"https:\/\/www.lymphoma.ca\/fr\/le-lymphome\/les-differents-types-de-lymphomes-non-hodgkiniens\/traitement\/\"},{\"@type\":\"ListItem\",\"position\":5,\"name\":\"Traitements compl\u00e9mentaires\"}]},{\"@type\":\"WebSite\",\"@id\":\"https:\/\/www.lymphoma.ca\/fr\/#website\",\"url\":\"https:\/\/www.lymphoma.ca\/fr\/\",\"name\":\"Lymphoma Canada\",\"description\":\"Information. Help. Hope.\",\"publisher\":{\"@id\":\"https:\/\/www.lymphoma.ca\/fr\/#organization\"},\"potentialAction\":[{\"@type\":\"SearchAction\",\"target\":{\"@type\":\"EntryPoint\",\"urlTemplate\":\"https:\/\/www.lymphoma.ca\/fr\/?s={search_term_string}\"},\"query-input\":{\"@type\":\"PropertyValueSpecification\",\"valueRequired\":true,\"valueName\":\"search_term_string\"}}],\"inLanguage\":\"fr-FR\"},{\"@type\":\"Organization\",\"@id\":\"https:\/\/www.lymphoma.ca\/fr\/#organization\",\"name\":\"Lymphoma Canada\",\"url\":\"https:\/\/www.lymphoma.ca\/fr\/\",\"logo\":{\"@type\":\"ImageObject\",\"inLanguage\":\"fr-FR\",\"@id\":\"https:\/\/www.lymphoma.ca\/fr\/#\/schema\/logo\/image\/\",\"url\":\"https:\/\/www.lymphoma.ca\/wp-content\/uploads\/2023\/05\/logo-lymphoma.jpg\",\"contentUrl\":\"https:\/\/www.lymphoma.ca\/wp-content\/uploads\/2023\/05\/logo-lymphoma.jpg\",\"width\":343,\"height\":343,\"caption\":\"Lymphoma Canada\"},\"image\":{\"@id\":\"https:\/\/www.lymphoma.ca\/fr\/#\/schema\/logo\/image\/\"},\"sameAs\":[\"https:\/\/www.facebook.com\/LymphomaCanada\",\"https:\/\/x.com\/lymphomacanada\",\"https:\/\/www.linkedin.com\/company\/lymphoma-canada\/\",\"http:\/\/instagram.com\/lymphomacanada\",\"http:\/\/www.youtube.com\/user\/LymphomaTV\"]}]}<\/script>\n<!-- \/ Yoast SEO plugin. -->","yoast_head_json":{"title":"Traitements compl\u00e9mentaires - Lymphoma Canada","robots":{"index":"index","follow":"follow","max-snippet":"max-snippet:-1","max-image-preview":"max-image-preview:large","max-video-preview":"max-video-preview:-1"},"canonical":"https:\/\/www.lymphoma.ca\/fr\/le-lymphome\/les-differents-types-de-lymphomes-non-hodgkiniens\/traitement\/traitements-complementaires\/","og_locale":"fr_FR","og_type":"article","og_title":"Traitements compl\u00e9mentaires - Lymphoma Canada","og_description":"Les traitements compl\u00e9mentaires ne remplacent pas les soins m\u00e9dicaux dispens\u00e9s par des professionnels, mais ils sont recommand\u00e9s, car ils peuvent compl\u00e9ter votre traitement, soulager de nombreux sympt\u00f4mes et permettre une...","og_url":"https:\/\/www.lymphoma.ca\/fr\/le-lymphome\/les-differents-types-de-lymphomes-non-hodgkiniens\/traitement\/traitements-complementaires\/","og_site_name":"Lymphoma Canada","article_publisher":"https:\/\/www.facebook.com\/LymphomaCanada","article_modified_time":"2020-02-25T20:33:29+00:00","twitter_card":"summary_large_image","twitter_site":"@lymphomacanada","twitter_misc":{"Dur\u00e9e de lecture estim\u00e9e":"1 minute"},"schema":{"@context":"https:\/\/schema.org","@graph":[{"@type":"WebPage","@id":"https:\/\/www.lymphoma.ca\/fr\/le-lymphome\/les-differents-types-de-lymphomes-non-hodgkiniens\/traitement\/traitements-complementaires\/","url":"https:\/\/www.lymphoma.ca\/fr\/le-lymphome\/les-differents-types-de-lymphomes-non-hodgkiniens\/traitement\/traitements-complementaires\/","name":"Traitements compl\u00e9mentaires - Lymphoma Canada","isPartOf":{"@id":"https:\/\/www.lymphoma.ca\/fr\/#website"},"datePublished":"2010-05-03T04:00:00+00:00","dateModified":"2020-02-25T20:33:29+00:00","breadcrumb":{"@id":"https:\/\/www.lymphoma.ca\/fr\/le-lymphome\/les-differents-types-de-lymphomes-non-hodgkiniens\/traitement\/traitements-complementaires\/#breadcrumb"},"inLanguage":"fr-FR","potentialAction":[{"@type":"ReadAction","target":["https:\/\/www.lymphoma.ca\/fr\/le-lymphome\/les-differents-types-de-lymphomes-non-hodgkiniens\/traitement\/traitements-complementaires\/"]}]},{"@type":"BreadcrumbList","@id":"https:\/\/www.lymphoma.ca\/fr\/le-lymphome\/les-differents-types-de-lymphomes-non-hodgkiniens\/traitement\/traitements-complementaires\/#breadcrumb","itemListElement":[{"@type":"ListItem","position":1,"name":"Home","item":"https:\/\/www.lymphoma.ca\/fr\/"},{"@type":"ListItem","position":2,"name":"Lymphome","item":"https:\/\/www.lymphoma.ca\/fr\/le-lymphome\/"},{"@type":"ListItem","position":3,"name":"Les diff\u00e9rents types de lymphomes non hodgkiniens","item":"https:\/\/www.lymphoma.ca\/fr\/le-lymphome\/les-differents-types-de-lymphomes-non-hodgkiniens\/"},{"@type":"ListItem","position":4,"name":"Traitement","item":"https:\/\/www.lymphoma.ca\/fr\/le-lymphome\/les-differents-types-de-lymphomes-non-hodgkiniens\/traitement\/"},{"@type":"ListItem","position":5,"name":"Traitements compl\u00e9mentaires"}]},{"@type":"WebSite","@id":"https:\/\/www.lymphoma.ca\/fr\/#website","url":"https:\/\/www.lymphoma.ca\/fr\/","name":"Lymphoma Canada","description":"Information. Help. Hope.","publisher":{"@id":"https:\/\/www.lymphoma.ca\/fr\/#organization"},"potentialAction":[{"@type":"SearchAction","target":{"@type":"EntryPoint","urlTemplate":"https:\/\/www.lymphoma.ca\/fr\/?s={search_term_string}"},"query-input":{"@type":"PropertyValueSpecification","valueRequired":true,"valueName":"search_term_string"}}],"inLanguage":"fr-FR"},{"@type":"Organization","@id":"https:\/\/www.lymphoma.ca\/fr\/#organization","name":"Lymphoma Canada","url":"https:\/\/www.lymphoma.ca\/fr\/","logo":{"@type":"ImageObject","inLanguage":"fr-FR","@id":"https:\/\/www.lymphoma.ca\/fr\/#\/schema\/logo\/image\/","url":"https:\/\/www.lymphoma.ca\/wp-content\/uploads\/2023\/05\/logo-lymphoma.jpg","contentUrl":"https:\/\/www.lymphoma.ca\/wp-content\/uploads\/2023\/05\/logo-lymphoma.jpg","width":343,"height":343,"caption":"Lymphoma Canada"},"image":{"@id":"https:\/\/www.lymphoma.ca\/fr\/#\/schema\/logo\/image\/"},"sameAs":["https:\/\/www.facebook.com\/LymphomaCanada","https:\/\/x.com\/lymphomacanada","https:\/\/www.linkedin.com\/company\/lymphoma-canada\/","http:\/\/instagram.com\/lymphomacanada","http:\/\/www.youtube.com\/user\/LymphomaTV"]}]}},"_links":{"self":[{"href":"https:\/\/www.lymphoma.ca\/fr\/wp-json\/wp\/v2\/pages\/365","targetHints":{"allow":["GET"]}}],"collection":[{"href":"https:\/\/www.lymphoma.ca\/fr\/wp-json\/wp\/v2\/pages"}],"about":[{"href":"https:\/\/www.lymphoma.ca\/fr\/wp-json\/wp\/v2\/types\/page"}],"author":[{"embeddable":true,"href":"https:\/\/www.lymphoma.ca\/fr\/wp-json\/wp\/v2\/users\/6"}],"replies":[{"embeddable":true,"href":"https:\/\/www.lymphoma.ca\/fr\/wp-json\/wp\/v2\/comments?post=365"}],"version-history":[{"count":1,"href":"https:\/\/www.lymphoma.ca\/fr\/wp-json\/wp\/v2\/pages\/365\/revisions"}],"predecessor-version":[{"id":3289,"href":"https:\/\/www.lymphoma.ca\/fr\/wp-json\/wp\/v2\/pages\/365\/revisions\/3289"}],"up":[{"embeddable":true,"href":"https:\/\/www.lymphoma.ca\/fr\/wp-json\/wp\/v2\/pages\/469"}],"wp:attachment":[{"href":"https:\/\/www.lymphoma.ca\/fr\/wp-json\/wp\/v2\/media?parent=365"}],"wp:term":[{"taxonomy":"category","embeddable":true,"href":"https:\/\/www.lymphoma.ca\/fr\/wp-json\/wp\/v2\/categories?post=365"},{"taxonomy":"post_tag","embeddable":true,"href":"https:\/\/www.lymphoma.ca\/fr\/wp-json\/wp\/v2\/tags?post=365"}],"curies":[{"name":"wp","href":"https:\/\/api.w.org\/{rel}","templated":true}]}}