{"id":366,"date":"2010-05-05T04:00:00","date_gmt":"2010-05-05T04:00:00","guid":{"rendered":"https:\/\/www.lymphoma.ca\/?page_id=366"},"modified":"2020-02-26T15:42:01","modified_gmt":"2020-02-26T15:42:01","slug":"votre-equipe-soignante","status":"publish","type":"page","link":"https:\/\/www.lymphoma.ca\/fr\/cheminement-du-patient\/prise-en-charge-de-la-maladie\/votre-equipe-soignante\/","title":{"rendered":"Votre \u00e9quipe soignante"},"content":{"rendered":"<p>De nombreux professionnels de la sant\u00e9 vont intervenir dans vos soins pendant le traitement de votre lymphome. La collaboration entre les diff\u00e9rents professionnels de la sant\u00e9 est importante dans le traitement du cancer. En travaillant ensemble, ils peuvent partager des renseignements sur vos soins.<\/p>\n<p>Vous faites \u00e9galement partie de votre \u00e9quipe de soins. Vous en \u00eates le membre le plus important. Votre \u00e9quipe de soins fonctionne \u00e0 l\u2019unisson pour traiter votre cancer, mais vous renseigne \u00e9galement pour vous aider \u00e0 prendre des d\u00e9cisions quant \u00e0 votre traitement. Par ailleurs, elle vous soutient, vous et votre famille, avant, pendant et apr\u00e8s votre traitement.<\/p>\n<p>Votre \u00e9quipe de soins anticanc\u00e9reux vous recommandera des options de traitement et vous parlera des choix qui s\u2019offrent \u00e0 vous. Avant de d\u00e9cider d\u2019un traitement, elle tiendra compte&nbsp;:<\/p>\n<ul>\n<li>du type exact, du stade et du degr\u00e9 de diff\u00e9renciation de votre lymphome;<\/li>\n<li>de votre \u00e2ge;<\/li>\n<li>de votre \u00e9tat de sant\u00e9 g\u00e9n\u00e9ral;<\/li>\n<li>d\u2019autres probl\u00e8mes m\u00e9dicaux que vous avez peut-\u00eatre eus;<\/li>\n<li>de vos d\u00e9sirs personnels et de vos opinions.<\/li>\n<\/ul>\n<p>Ces renseignements sont importants pour d\u00e9cider de l\u2019option de traitement qui vous convient le mieux. Chaque praticien est d\u00e9crit ici pour vous aider \u00e0 comprendre son r\u00f4le unique, et de quelle fa\u00e7on il peut vous aider au mieux. Veuillez noter que toutes ces personnes ne feront pas forc\u00e9ment partie de votre \u00e9quipe de soins anticanc\u00e9reux, car chaque patient atteint d\u2019un cancer est un individu \u00e0 part enti\u00e8re. Les \u00e9quipes de soins ne sont pas les m\u00eames pour chaque patient atteint d\u2019un cancer.<\/p>\n<p>La chose \u00e0 ne pas oublier est que votre \u00e9quipe de soins est l\u00e0 pour vous aider. Vous d\u00e9couvrirez qu\u2019elle est votre meilleure source de renseignements. N\u2019ayez <strong>pas<\/strong> peur de poser aux membres de votre \u00e9quipe de soins <strong><em>toutes<\/em><\/strong> les questions que vous voulez. Ne croyez pas que l\u2019\u00e9quipe n\u2019aura pas le temps de vous r\u00e9pondre, au contraire, elle a le temps. N\u2019ayez pas peur de poser une question parce que vous pensez qu\u2019elle peut \u00eatre embarrassante. Elle ne l\u2019est pas. Chaque question est importante. N\u2019ayez jamais peur de poser une question parce que vous pensez que vous pourriez d\u00e9ranger quelqu\u2019un. Vous n\u2019ennuierez personne.<\/p>\n<p><strong>Votre \u00e9quipe de soins est constitu\u00e9e entre autres des membres suivants :<\/strong><\/p>\n<div id=\"section1\">\n<p><strong><em>M\u00e9decin de famille<\/em><\/strong><br \/> Votre m\u00e9decin de famille est un membre tr\u00e8s important de votre \u00e9quipe de soins. Votre m\u00e9decin de famille vous conna\u00eet ainsi que vos ant\u00e9c\u00e9dents, vraisemblablement mieux que bon nombre des autres professionnels de la sant\u00e9. Ces renseignements sont tr\u00e8s utiles pour la prise de d\u00e9cisions quant au traitement. Entre les visites \u00e0 l\u2019h\u00f4pital, vous continuerez souvent \u00e0 aller voir votre m\u00e9decin de famille qui pourra vous conseiller et vous donner des explications suppl\u00e9mentaires sur le traitement. Votre m\u00e9decin de famille travaille avec le reste de votre \u00e9quipe de soins pour s\u2019occuper de vous avant, pendant et apr\u00e8s vos traitements anticanc\u00e9reux.<\/p>\n<\/div>\n<div id=\"section2\">\n<p><strong><em>Canc\u00e9rologues (oncologues)<\/em><\/strong><br \/> Les oncologues sont les m\u00e9decins qui se sont longuement sp\u00e9cialis\u00e9s dans le traitement des cancers. Ils constituent souvent le principal soignant du patient atteint d\u2019un cancer et coordonnent les traitements propos\u00e9s par eux-m\u00eames et les autres sp\u00e9cialistes. Les patients atteints d\u2019un cancer verront souvent plus d\u2019un oncologue. Chaque oncologue est expert dans son propre domaine. Des exemples d\u2019oncologues comprennent&nbsp;:<\/p>\n<ul>\n<li><em>Oncologue m\u00e9dical&nbsp;:<\/em> m\u00e9decin sp\u00e9cialis\u00e9 dans le traitement du cancer avec des m\u00e9dicaments, tels que des m\u00e9dicaments chimioth\u00e9rapeutiques.<\/li>\n<li><em>H\u00e9matologue&nbsp;:<\/em> m\u00e9decin sp\u00e9cialis\u00e9 dans les maladies du sang comprenant les cancers tels que le lymphome. Les h\u00e9matologues sont \u00e9galement sp\u00e9cialistes du traitement du cancer par chimioth\u00e9rapie.<\/li>\n<li><em>Radio-oncologue&nbsp;:<\/em> m\u00e9decin sp\u00e9cialis\u00e9 dans l\u2019utilisation de la radiation pour traiter le cancer.<\/li>\n<\/ul>\n<\/div>\n<div id=\"section3\">\n<p><strong><em>Infirmi\u00e8res oncologues<\/em><\/strong><br \/> Les infirmi\u00e8res oncologues ont une formation et une expertise sp\u00e9cifiques aux soins des personnes atteintes d\u2019un cancer. Elles vous renseignent et vous soutiennent, vous et votre famille, et vous aident \u00e0 comprendre votre cancer et son traitement. Elles peuvent vous expliquer les options de traitement, vous administrer des traitements anticanc\u00e9reux, et\/ou vous aider \u00e0 g\u00e9rer tout effet secondaire que vous pourriez avoir. Vous pouvez avoir de nombreuses infirmi\u00e8res diff\u00e9rentes; toutefois, une seule sera votre principale r\u00e9f\u00e9rence.<\/p>\n<p><strong><em>Infirmi\u00e8re praticienne (infirmi\u00e8re de pratique avanc\u00e9e)<\/em><\/strong><br \/> Les infirmi\u00e8res praticiennes sont des infirmi\u00e8res de pratique avanc\u00e9e (autoris\u00e9es) qui ont suivi des cours suppl\u00e9mentaires et sp\u00e9cialis\u00e9s dans les soins du cancer. Elles participent en plus au diagnostic et au traitement des patients et peuvent \u00eatre un membre important de votre \u00e9quipe de soins.<\/p>\n<\/div>\n<p><strong><em>Infirmi\u00e8re Pivot en Oncologie (IPO; Qu\u00e9bec)<\/em><\/strong><br \/> L\u2019IPO est un type particulier d\u2019infirmi\u00e8re que l\u2019on ne rencontre qu\u2019au Qu\u00e9bec. Cette fonction a \u00e9t\u00e9 cr\u00e9\u00e9e par le gouvernement provincial. Les IPO sont des personnes ressources facilement accessibles qui sont sp\u00e9cialis\u00e9es dans le cancer et qui travaillent \u00e9troitement avec l\u2019\u00e9quipe interdisciplinaire. Elles travaillent avec le patient et l\u2019\u00e9quipe interdisciplinaire tout au long du parcours pour apprendre \u00e0 conna\u00eetre le patient et sa famille, pour identifier les syst\u00e8mes de soutien et renseigner le patient et sa famille sur le type de cancer et l\u2019impact qu\u2019ils auront sur leurs vies. Elles repr\u00e9sentent une ressource inestimable pour l\u2019\u00e9valuation en continu et la promotion de la sant\u00e9.<\/p>\n<p><strong><em>Chirurgien<\/em><\/strong><br \/> Les chirurgiens sont des m\u00e9decins qui r\u00e9parent ou enl\u00e8vent une partie du corps en op\u00e9rant un patient. La chirurgie n\u2019est pas un traitement courant du lymphome. Toutefois, dans certains cas, elle peut \u00eatre appropri\u00e9e. Les chirurgiens ex\u00e9cutent des proc\u00e9dures de biopsie qui sont tr\u00e8s importantes pour obtenir un diagnostic pr\u00e9cis du lymphome. Les oncologues chirurgicaux sont des chirurgiens qui ont suivi une formation sp\u00e9cifique dans l\u2019enl\u00e8vement de tumeurs canc\u00e9reuses de l\u2019organisme.<\/p>\n<p><strong><em>Pathologiste<\/em><\/strong><br \/> Les pathologistes examinent les cellules pr\u00e9lev\u00e9es sur la tumeur au cours de la proc\u00e9dure de biopsie. Ils examinent les cellules au microscope afin de d\u00e9terminer la pr\u00e9sence d\u2019un cancer, et son type le cas \u00e9ch\u00e9ant. Les h\u00e9matopathologistes sont des pathologistes sp\u00e9cialis\u00e9s dans les maladies du sang et peuvent intervenir dans vos soins.<\/p>\n<p><strong><em>Radiologues<\/em><\/strong><br \/> Les radiologues lisent et interpr\u00e8tent les radiographies et autres tests d\u2019imagerie. L\u2019imagerie et les radiographies sont importantes dans la proc\u00e9dure de diagnostic. Les radiologues, que l\u2019on appelle parfois radiologues interventionnels, peuvent \u00e9galement intervenir dans certaines proc\u00e9dures de biopsie qui mettent en jeu des \u00e9tudes d\u2019imagerie.<\/p>\n<p><strong><em>Radioth\u00e9rapeutes<\/em><\/strong><br \/> Ce sont les personnes qui vous donnent des traitements sous forme de th\u00e9rapie par radiation (si votre m\u00e9decin vous les a prescrites). Ils vous aident et vous soutiennent \u00e9galement tout au long des traitements.<\/p>\n<p><strong><em>Pharmaciens oncologues<\/em><\/strong><br \/> Les pharmaciens oncologues pr\u00e9parent et vous administrent (donnent) les m\u00e9dicaments sur ordonnance pour votre traitement contre le cancer. Les m\u00e9dicaments peuvent servir \u00e0 traiter votre cancer (chimioth\u00e9rapie) ou \u00e0 vous aider \u00e0 surmonter les effets secondaires de vos traitements anticanc\u00e9reux. Les pharmaciens peuvent \u00e9galement vous aider \u00e0 vous renseigner sur les m\u00e9dicaments, y compris le dosage, la fa\u00e7on de prendre le m\u00e9dicament, les effets secondaires et les pr\u00e9cautions.<\/p>\n<p><strong><em>Di\u00e9t\u00e9ticiens professionnels<\/em><\/strong><br \/> Les di\u00e9t\u00e9ticiens professionnels ont une formation particuli\u00e8re en nutrition adapt\u00e9e \u00e0 des maladies sp\u00e9cifiques telles que le cancer. Ils peuvent vous conseiller et vous donner des instructions sur votre alimentation.<\/p>\n<p><strong><em>Physioth\u00e9rapeutes<\/em><\/strong><br \/> Les physioth\u00e9rapeutes vous aident dans votre r\u00e9cup\u00e9ration physique. Ils peuvent vous aider \u00e0 retrouver votre niveau de sant\u00e9 et de forme d\u2019origine (avant votre cancer), et \u00e0 maintenir et am\u00e9liorer globalement votre forme et votre sant\u00e9.<\/p>\n<p><strong><em>Th\u00e9rapeutes occupationnels<\/em><\/strong><br \/> Les th\u00e9rapeutes occupationnels vous aident dans vos activit\u00e9s quotidiennes normales. Ils peuvent concevoir et proposer des dispositifs vous aidant \u00e0 regagner votre ind\u00e9pendance et \u00e0 am\u00e9liorer votre qualit\u00e9 de vie.<\/p>\n<p><strong><em>Psychologues et psychiatres<\/em><\/strong><br \/> Ces professionnels de la sant\u00e9 vous aident, vous et votre famille, \u00e0 g\u00e9rer et surmonter les effets \u00e9motifs de la vie avec le cancer (stress, anxi\u00e9t\u00e9, d\u00e9pression, etc.).<\/p>\n<p><strong><em>Travailleurs sociaux<\/em><\/strong><br \/> Les travailleurs sociaux vous soutiennent, vous conseillent et vous aident, vous et votre famille, \u00e0 g\u00e9rer le cancer et l\u2019impact qu\u2019il peut avoir sur vos vies. Ils apportent un soutien \u00e9motif. Ils peuvent \u00e9galement vous conseiller sur les probl\u00e8mes financiers.<\/p>\n<p><strong><em>Conseillers spirituels<\/em><\/strong><br \/> Les conseillers spirituels vous soutiennent, vous et votre famille, en vous donnant des conseils d\u2019ordre spirituel.<\/p>\n<p><strong><em>\u00c9quipe de soins palliatifs<\/em><\/strong><br \/> Ces professionnels travaillent avec des patients et des familles pour apporter le soutien et les soins associ\u00e9s \u00e0 la gestion de la douleur et des sympt\u00f4mes, ainsi que les soins en fin de vie. L\u2019\u00e9quipe est g\u00e9n\u00e9ralement compos\u00e9e de m\u00e9decins, infirmi\u00e8res, pharmaciens, travailleurs sociaux, di\u00e9t\u00e9ticiens, physioth\u00e9rapeutes et th\u00e9rapeutes occupationnels.<\/p>\n<p>Les gens pensent souvent que le soin palliatif ne s\u2019adresse qu\u2019aux patients atteints d\u2019un cancer et qui sont en train de mourir. Ce n\u2019est pas le cas. Les professionnels des soins palliatifs sont des personnes exp\u00e9riment\u00e9es et attentionn\u00e9es qui se concentrent sur les aspects du traitement anticanc\u00e9reux autres que la gu\u00e9rison. En d\u2019autres termes, ils traitent les sympt\u00f4mes du cancer (comme la douleur) et les effets secondaires du traitement anticanc\u00e9reux. Le r\u00f4le consiste \u00e0 vous prodiguer les meilleurs soins possibles pour s\u2019assurer que vous pouvez profiter de la plus grande diversit\u00e9 d\u2019activit\u00e9s possible pendant et apr\u00e8s votre traitement.<\/p>\n<p><strong><em>Interpr\u00e8tes (traducteurs) <\/em><\/strong><br \/> Si le fran\u00e7ais n\u2019est pas votre langue maternelle, votre \u00e9quipe de soins peut faire appel \u00e0 un interpr\u00e8te (traducteur) pour vous. N\u2019h\u00e9sitez <strong>pas<\/strong> \u00e0 demander ce service. Votre \u00e9quipe de soins se fera un plaisir de vous fournir ce service. Il est tr\u00e8s important que vous compreniez ce que votre \u00e9quipe vous dit sur votre traitement, et que vous compreniez bien toutes les instructions qu\u2019elle peut vous donner. Des interpr\u00e8tes du langage des signes sont \u00e9galement disponibles.<\/p>\n<p>&nbsp;<\/p>\n","protected":false},"excerpt":{"rendered":"<p>De nombreux professionnels de la sant\u00e9 vont intervenir dans vos soins pendant le traitement de votre lymphome. La collaboration entre les diff\u00e9rents professionnels de la sant\u00e9 est importante dans le&#8230;<\/p>\n","protected":false},"author":6,"featured_media":0,"parent":362,"menu_order":1,"comment_status":"closed","ping_status":"closed","template":"page-sidebar.php","meta":{"_acf_changed":false,"footnotes":""},"categories":[],"tags":[],"class_list":["post-366","page","type-page","status-publish"],"acf":[],"yoast_head":"<!-- This site is optimized with the Yoast SEO plugin v26.7 - https:\/\/yoast.com\/wordpress\/plugins\/seo\/ -->\n<title>Votre \u00e9quipe soignante - Lymphoma Canada<\/title>\n<meta name=\"robots\" content=\"index, follow, max-snippet:-1, max-image-preview:large, max-video-preview:-1\" \/>\n<link rel=\"canonical\" href=\"https:\/\/www.lymphoma.ca\/fr\/cheminement-du-patient\/prise-en-charge-de-la-maladie\/votre-equipe-soignante\/\" \/>\n<meta property=\"og:locale\" content=\"fr_FR\" \/>\n<meta property=\"og:type\" content=\"article\" \/>\n<meta property=\"og:title\" content=\"Votre \u00e9quipe soignante - Lymphoma Canada\" \/>\n<meta property=\"og:description\" content=\"De nombreux professionnels de la sant\u00e9 vont intervenir dans vos soins pendant le traitement de votre lymphome. La collaboration entre les diff\u00e9rents professionnels de la sant\u00e9 est importante dans le...\" \/>\n<meta property=\"og:url\" content=\"https:\/\/www.lymphoma.ca\/fr\/cheminement-du-patient\/prise-en-charge-de-la-maladie\/votre-equipe-soignante\/\" \/>\n<meta property=\"og:site_name\" content=\"Lymphoma Canada\" \/>\n<meta property=\"article:publisher\" content=\"https:\/\/www.facebook.com\/LymphomaCanada\" \/>\n<meta property=\"article:modified_time\" content=\"2020-02-26T15:42:01+00:00\" \/>\n<meta name=\"twitter:card\" content=\"summary_large_image\" \/>\n<meta name=\"twitter:site\" content=\"@lymphomacanada\" \/>\n<meta name=\"twitter:label1\" content=\"Dur\u00e9e de lecture estim\u00e9e\" \/>\n\t<meta name=\"twitter:data1\" content=\"9 minutes\" \/>\n<script type=\"application\/ld+json\" class=\"yoast-schema-graph\">{\"@context\":\"https:\/\/schema.org\",\"@graph\":[{\"@type\":\"WebPage\",\"@id\":\"https:\/\/www.lymphoma.ca\/fr\/cheminement-du-patient\/prise-en-charge-de-la-maladie\/votre-equipe-soignante\/\",\"url\":\"https:\/\/www.lymphoma.ca\/fr\/cheminement-du-patient\/prise-en-charge-de-la-maladie\/votre-equipe-soignante\/\",\"name\":\"Votre \u00e9quipe soignante - Lymphoma Canada\",\"isPartOf\":{\"@id\":\"https:\/\/www.lymphoma.ca\/fr\/#website\"},\"datePublished\":\"2010-05-05T04:00:00+00:00\",\"dateModified\":\"2020-02-26T15:42:01+00:00\",\"breadcrumb\":{\"@id\":\"https:\/\/www.lymphoma.ca\/fr\/cheminement-du-patient\/prise-en-charge-de-la-maladie\/votre-equipe-soignante\/#breadcrumb\"},\"inLanguage\":\"fr-FR\",\"potentialAction\":[{\"@type\":\"ReadAction\",\"target\":[\"https:\/\/www.lymphoma.ca\/fr\/cheminement-du-patient\/prise-en-charge-de-la-maladie\/votre-equipe-soignante\/\"]}]},{\"@type\":\"BreadcrumbList\",\"@id\":\"https:\/\/www.lymphoma.ca\/fr\/cheminement-du-patient\/prise-en-charge-de-la-maladie\/votre-equipe-soignante\/#breadcrumb\",\"itemListElement\":[{\"@type\":\"ListItem\",\"position\":1,\"name\":\"Home\",\"item\":\"https:\/\/www.lymphoma.ca\/fr\/\"},{\"@type\":\"ListItem\",\"position\":2,\"name\":\"Cheminement du patient\",\"item\":\"https:\/\/www.lymphoma.ca\/fr\/cheminement-du-patient\/\"},{\"@type\":\"ListItem\",\"position\":3,\"name\":\"Prise en charge de la maladie\",\"item\":\"https:\/\/www.lymphoma.ca\/fr\/cheminement-du-patient\/prise-en-charge-de-la-maladie\/\"},{\"@type\":\"ListItem\",\"position\":4,\"name\":\"Votre \u00e9quipe soignante\"}]},{\"@type\":\"WebSite\",\"@id\":\"https:\/\/www.lymphoma.ca\/fr\/#website\",\"url\":\"https:\/\/www.lymphoma.ca\/fr\/\",\"name\":\"Lymphoma Canada\",\"description\":\"Information. Help. Hope.\",\"publisher\":{\"@id\":\"https:\/\/www.lymphoma.ca\/fr\/#organization\"},\"potentialAction\":[{\"@type\":\"SearchAction\",\"target\":{\"@type\":\"EntryPoint\",\"urlTemplate\":\"https:\/\/www.lymphoma.ca\/fr\/?s={search_term_string}\"},\"query-input\":{\"@type\":\"PropertyValueSpecification\",\"valueRequired\":true,\"valueName\":\"search_term_string\"}}],\"inLanguage\":\"fr-FR\"},{\"@type\":\"Organization\",\"@id\":\"https:\/\/www.lymphoma.ca\/fr\/#organization\",\"name\":\"Lymphoma Canada\",\"url\":\"https:\/\/www.lymphoma.ca\/fr\/\",\"logo\":{\"@type\":\"ImageObject\",\"inLanguage\":\"fr-FR\",\"@id\":\"https:\/\/www.lymphoma.ca\/fr\/#\/schema\/logo\/image\/\",\"url\":\"https:\/\/www.lymphoma.ca\/wp-content\/uploads\/2023\/05\/logo-lymphoma.jpg\",\"contentUrl\":\"https:\/\/www.lymphoma.ca\/wp-content\/uploads\/2023\/05\/logo-lymphoma.jpg\",\"width\":343,\"height\":343,\"caption\":\"Lymphoma Canada\"},\"image\":{\"@id\":\"https:\/\/www.lymphoma.ca\/fr\/#\/schema\/logo\/image\/\"},\"sameAs\":[\"https:\/\/www.facebook.com\/LymphomaCanada\",\"https:\/\/x.com\/lymphomacanada\",\"https:\/\/www.linkedin.com\/company\/lymphoma-canada\/\",\"http:\/\/instagram.com\/lymphomacanada\",\"http:\/\/www.youtube.com\/user\/LymphomaTV\"]}]}<\/script>\n<!-- \/ Yoast SEO plugin. -->","yoast_head_json":{"title":"Votre \u00e9quipe soignante - Lymphoma Canada","robots":{"index":"index","follow":"follow","max-snippet":"max-snippet:-1","max-image-preview":"max-image-preview:large","max-video-preview":"max-video-preview:-1"},"canonical":"https:\/\/www.lymphoma.ca\/fr\/cheminement-du-patient\/prise-en-charge-de-la-maladie\/votre-equipe-soignante\/","og_locale":"fr_FR","og_type":"article","og_title":"Votre \u00e9quipe soignante - Lymphoma Canada","og_description":"De nombreux professionnels de la sant\u00e9 vont intervenir dans vos soins pendant le traitement de votre lymphome. La collaboration entre les diff\u00e9rents professionnels de la sant\u00e9 est importante dans le...","og_url":"https:\/\/www.lymphoma.ca\/fr\/cheminement-du-patient\/prise-en-charge-de-la-maladie\/votre-equipe-soignante\/","og_site_name":"Lymphoma Canada","article_publisher":"https:\/\/www.facebook.com\/LymphomaCanada","article_modified_time":"2020-02-26T15:42:01+00:00","twitter_card":"summary_large_image","twitter_site":"@lymphomacanada","twitter_misc":{"Dur\u00e9e de lecture estim\u00e9e":"9 minutes"},"schema":{"@context":"https:\/\/schema.org","@graph":[{"@type":"WebPage","@id":"https:\/\/www.lymphoma.ca\/fr\/cheminement-du-patient\/prise-en-charge-de-la-maladie\/votre-equipe-soignante\/","url":"https:\/\/www.lymphoma.ca\/fr\/cheminement-du-patient\/prise-en-charge-de-la-maladie\/votre-equipe-soignante\/","name":"Votre \u00e9quipe soignante - Lymphoma Canada","isPartOf":{"@id":"https:\/\/www.lymphoma.ca\/fr\/#website"},"datePublished":"2010-05-05T04:00:00+00:00","dateModified":"2020-02-26T15:42:01+00:00","breadcrumb":{"@id":"https:\/\/www.lymphoma.ca\/fr\/cheminement-du-patient\/prise-en-charge-de-la-maladie\/votre-equipe-soignante\/#breadcrumb"},"inLanguage":"fr-FR","potentialAction":[{"@type":"ReadAction","target":["https:\/\/www.lymphoma.ca\/fr\/cheminement-du-patient\/prise-en-charge-de-la-maladie\/votre-equipe-soignante\/"]}]},{"@type":"BreadcrumbList","@id":"https:\/\/www.lymphoma.ca\/fr\/cheminement-du-patient\/prise-en-charge-de-la-maladie\/votre-equipe-soignante\/#breadcrumb","itemListElement":[{"@type":"ListItem","position":1,"name":"Home","item":"https:\/\/www.lymphoma.ca\/fr\/"},{"@type":"ListItem","position":2,"name":"Cheminement du patient","item":"https:\/\/www.lymphoma.ca\/fr\/cheminement-du-patient\/"},{"@type":"ListItem","position":3,"name":"Prise en charge de la maladie","item":"https:\/\/www.lymphoma.ca\/fr\/cheminement-du-patient\/prise-en-charge-de-la-maladie\/"},{"@type":"ListItem","position":4,"name":"Votre \u00e9quipe soignante"}]},{"@type":"WebSite","@id":"https:\/\/www.lymphoma.ca\/fr\/#website","url":"https:\/\/www.lymphoma.ca\/fr\/","name":"Lymphoma Canada","description":"Information. Help. Hope.","publisher":{"@id":"https:\/\/www.lymphoma.ca\/fr\/#organization"},"potentialAction":[{"@type":"SearchAction","target":{"@type":"EntryPoint","urlTemplate":"https:\/\/www.lymphoma.ca\/fr\/?s={search_term_string}"},"query-input":{"@type":"PropertyValueSpecification","valueRequired":true,"valueName":"search_term_string"}}],"inLanguage":"fr-FR"},{"@type":"Organization","@id":"https:\/\/www.lymphoma.ca\/fr\/#organization","name":"Lymphoma Canada","url":"https:\/\/www.lymphoma.ca\/fr\/","logo":{"@type":"ImageObject","inLanguage":"fr-FR","@id":"https:\/\/www.lymphoma.ca\/fr\/#\/schema\/logo\/image\/","url":"https:\/\/www.lymphoma.ca\/wp-content\/uploads\/2023\/05\/logo-lymphoma.jpg","contentUrl":"https:\/\/www.lymphoma.ca\/wp-content\/uploads\/2023\/05\/logo-lymphoma.jpg","width":343,"height":343,"caption":"Lymphoma Canada"},"image":{"@id":"https:\/\/www.lymphoma.ca\/fr\/#\/schema\/logo\/image\/"},"sameAs":["https:\/\/www.facebook.com\/LymphomaCanada","https:\/\/x.com\/lymphomacanada","https:\/\/www.linkedin.com\/company\/lymphoma-canada\/","http:\/\/instagram.com\/lymphomacanada","http:\/\/www.youtube.com\/user\/LymphomaTV"]}]}},"_links":{"self":[{"href":"https:\/\/www.lymphoma.ca\/fr\/wp-json\/wp\/v2\/pages\/366","targetHints":{"allow":["GET"]}}],"collection":[{"href":"https:\/\/www.lymphoma.ca\/fr\/wp-json\/wp\/v2\/pages"}],"about":[{"href":"https:\/\/www.lymphoma.ca\/fr\/wp-json\/wp\/v2\/types\/page"}],"author":[{"embeddable":true,"href":"https:\/\/www.lymphoma.ca\/fr\/wp-json\/wp\/v2\/users\/6"}],"replies":[{"embeddable":true,"href":"https:\/\/www.lymphoma.ca\/fr\/wp-json\/wp\/v2\/comments?post=366"}],"version-history":[{"count":1,"href":"https:\/\/www.lymphoma.ca\/fr\/wp-json\/wp\/v2\/pages\/366\/revisions"}],"predecessor-version":[{"id":3262,"href":"https:\/\/www.lymphoma.ca\/fr\/wp-json\/wp\/v2\/pages\/366\/revisions\/3262"}],"up":[{"embeddable":true,"href":"https:\/\/www.lymphoma.ca\/fr\/wp-json\/wp\/v2\/pages\/362"}],"wp:attachment":[{"href":"https:\/\/www.lymphoma.ca\/fr\/wp-json\/wp\/v2\/media?parent=366"}],"wp:term":[{"taxonomy":"category","embeddable":true,"href":"https:\/\/www.lymphoma.ca\/fr\/wp-json\/wp\/v2\/categories?post=366"},{"taxonomy":"post_tag","embeddable":true,"href":"https:\/\/www.lymphoma.ca\/fr\/wp-json\/wp\/v2\/tags?post=366"}],"curies":[{"name":"wp","href":"https:\/\/api.w.org\/{rel}","templated":true}]}}