{"id":367,"date":"2010-05-05T04:00:00","date_gmt":"2010-05-05T04:00:00","guid":{"rendered":"https:\/\/www.lymphoma.ca\/?page_id=367"},"modified":"2020-02-26T18:49:00","modified_gmt":"2020-02-26T18:49:00","slug":"soutien-aux-aidants","status":"publish","type":"page","link":"https:\/\/www.lymphoma.ca\/fr\/cheminement-du-patient\/soutien-aux-aidants\/","title":{"rendered":"Soutien aux aidants"},"content":{"rendered":"<p>Si un de vos parents, amis ou partenaires est atteint d\u2019un lymphome, vous \u00eates au bon endroit pour commencer \u00e0 en savoir plus sur la maladie et sur la fa\u00e7on dont vous pouvez aider cette personne atteinte de la maladie. En apprenant des choses sur le lymphome et son traitement, les personnes atteintes d\u2019un lymphome pourront mieux faire face \u00e0 la maladie, car elles seront au courant de ce \u00e0 quoi elles doivent s\u2019attendre et sauront comment elles peuvent y faire face.<\/p>\n<p>Vous \u00eates consid\u00e9r\u00e9 comme aidant si vous vous occupez d\u2019un \u00eatre cher atteint d\u2019un lymphome qui ne peut plus le g\u00e9rer seul(e). Vous aidez peut-\u00eatre votre \u00eatre cher avec les besoins quotidiens, tels que la toilette ou l\u2019habillage, le paiement des factures et l\u2019accompagnement au cabinet du m\u00e9decin ou \u00e0 l\u2019\u00e9picerie. Vous \u00eates peut-\u00eatre un fils ou une fille, un mari ou une \u00e9pouse, un parent par alliance, un voisin ou un ami proche. Vous vivez peut-\u00eatre ensemble, dans la maison d\u2019\u00e0 c\u00f4t\u00e9, dans une autre ville ou \u00e0 l\u2019autre bout du pays. Si vous aidez r\u00e9guli\u00e8rement un patient atteint d\u2019un lymphome, vous \u00eates un aidant.<\/p>\n<p>La majeure partie de ce site Web a \u00e9t\u00e9 \u00e9crite pour les patients, mais tous les renseignements peuvent vous \u00eatre aussi tr\u00e8s utiles en tant qu\u2019aidant ou ami. Veuillez consulter les autres sections du site Web et les documents d\u2019accompagnement ainsi que cette section.<\/p>\n<h2>Je connais quelqu\u2019un atteint d\u2019un lymphome et je d\u00e9sire en savoir plus sur cette maladie<\/h2>\n<p>Si un ami, un parent ou une personne qui compte pour vous a re\u00e7u un diagnostic de lymphome, il est souvent difficile de savoir \u00e0 quoi vous attendre et comment les soutenir. C\u2019est d\u00e9j\u00e0 un bon d\u00e9but que d\u2019\u00eatre l\u00e0 pour eux et de prendre le temps de les \u00e9couter et de proposer un soutien pratique et \u00e9motif chaque fois qu\u2019ils en ont besoin.<\/p>\n<p>Le site Web de LC est un endroit o\u00f9 vous pouvez commencer \u00e0 apprendre ce que votre parent, ami ou partenaire devra affronter aux diff\u00e9rents stades de la maladie, ainsi que ce qu\u2019il peut faire pour y faire face. Ce type de connaissances peut vous permettre de commencer \u00e0 r\u00e9fl\u00e9chir sur ce que vous pouvez faire pour les soutenir, tant d\u2019un point de vue pratique qu\u2019\u00e9motif.<\/p>\n<p>Il est \u00e9galement important de se souvenir qu\u2019il y a beaucoup d\u2019aide disponible pour les personnes atteintes d\u2019un lymphome et leurs aidants. Leur \u00e9quipe de soins et les groupes locaux de soutien sont des sources inestimables de renseignements et de conseils.<\/p>\n<h2>Que dois-je faire ensuite si je m\u2019occupe de quelqu\u2019un atteint d\u2019un lymphome?<\/h2>\n<p>Si vous vous occupez de quelqu\u2019un atteint d\u2019un lymphome, apprendre \u00e0 conna\u00eetre la maladie et sa prise en charge constitue une bonne premi\u00e8re \u00e9tape pour vous aider \u00e0 comprendre ce que traverse votre partenaire, parent ou ami, et vous serez ainsi en mesure d\u2019\u00eatre aussi utile que possible pour eux. Toutefois, vous pouvez vous sentir d\u00e9courag\u00e9(e)&nbsp;: il y a tellement de choses auxquelles penser, et vous pouvez avoir l\u2019impression que votre t\u00e2che est double. Non seulement vous traitez les aspects pratiques des soins de quelqu\u2019un qui traverse une p\u00e9riode difficile et effrayante, mais en plus vous devez \u00eatre fort alors que vous pouvez vous sentir d\u00e9sempar\u00e9(e) et \u00e9motivement \u00e9puis\u00e9(e). C\u2019est pourquoi il est important que vous vous rappeliez que vous n\u2019\u00eates pas seul(e). Gardez \u00e0 l\u2019esprit que ce site Web sera toujours l\u00e0 comme source de renseignements, ne vous inqui\u00e9tez donc pas si vous ne vous souvenez pas de tout, tout de suite.<\/p>\n<p>&nbsp;<\/p>\n","protected":false},"excerpt":{"rendered":"<p>Si un de vos parents, amis ou partenaires est atteint d\u2019un lymphome, vous \u00eates au bon endroit pour commencer \u00e0 en savoir plus sur la maladie et sur la fa\u00e7on&#8230;<\/p>\n","protected":false},"author":6,"featured_media":0,"parent":354,"menu_order":2,"comment_status":"closed","ping_status":"closed","template":"page-sidebar.php","meta":{"_acf_changed":false,"footnotes":""},"categories":[],"tags":[],"class_list":["post-367","page","type-page","status-publish"],"acf":[],"yoast_head":"<!-- This site is optimized with the Yoast SEO plugin v26.7 - https:\/\/yoast.com\/wordpress\/plugins\/seo\/ -->\n<title>Soutien aux aidants - Lymphoma Canada<\/title>\n<meta name=\"robots\" content=\"index, follow, max-snippet:-1, max-image-preview:large, max-video-preview:-1\" \/>\n<link rel=\"canonical\" href=\"https:\/\/www.lymphoma.ca\/fr\/cheminement-du-patient\/soutien-aux-aidants\/\" \/>\n<meta property=\"og:locale\" content=\"fr_FR\" \/>\n<meta property=\"og:type\" content=\"article\" \/>\n<meta property=\"og:title\" content=\"Soutien aux aidants - Lymphoma Canada\" \/>\n<meta property=\"og:description\" content=\"Si un de vos parents, amis ou partenaires est atteint d\u2019un lymphome, vous \u00eates au bon endroit pour commencer \u00e0 en savoir plus sur la maladie et sur la fa\u00e7on...\" \/>\n<meta property=\"og:url\" content=\"https:\/\/www.lymphoma.ca\/fr\/cheminement-du-patient\/soutien-aux-aidants\/\" \/>\n<meta property=\"og:site_name\" content=\"Lymphoma Canada\" \/>\n<meta property=\"article:publisher\" content=\"https:\/\/www.facebook.com\/LymphomaCanada\" \/>\n<meta property=\"article:modified_time\" content=\"2020-02-26T18:49:00+00:00\" \/>\n<meta name=\"twitter:card\" content=\"summary_large_image\" \/>\n<meta name=\"twitter:site\" content=\"@lymphomacanada\" \/>\n<meta name=\"twitter:label1\" content=\"Dur\u00e9e de lecture estim\u00e9e\" \/>\n\t<meta name=\"twitter:data1\" content=\"3 minutes\" \/>\n<script type=\"application\/ld+json\" class=\"yoast-schema-graph\">{\"@context\":\"https:\/\/schema.org\",\"@graph\":[{\"@type\":\"WebPage\",\"@id\":\"https:\/\/www.lymphoma.ca\/fr\/cheminement-du-patient\/soutien-aux-aidants\/\",\"url\":\"https:\/\/www.lymphoma.ca\/fr\/cheminement-du-patient\/soutien-aux-aidants\/\",\"name\":\"Soutien aux aidants - Lymphoma Canada\",\"isPartOf\":{\"@id\":\"https:\/\/www.lymphoma.ca\/fr\/#website\"},\"datePublished\":\"2010-05-05T04:00:00+00:00\",\"dateModified\":\"2020-02-26T18:49:00+00:00\",\"breadcrumb\":{\"@id\":\"https:\/\/www.lymphoma.ca\/fr\/cheminement-du-patient\/soutien-aux-aidants\/#breadcrumb\"},\"inLanguage\":\"fr-FR\",\"potentialAction\":[{\"@type\":\"ReadAction\",\"target\":[\"https:\/\/www.lymphoma.ca\/fr\/cheminement-du-patient\/soutien-aux-aidants\/\"]}]},{\"@type\":\"BreadcrumbList\",\"@id\":\"https:\/\/www.lymphoma.ca\/fr\/cheminement-du-patient\/soutien-aux-aidants\/#breadcrumb\",\"itemListElement\":[{\"@type\":\"ListItem\",\"position\":1,\"name\":\"Home\",\"item\":\"https:\/\/www.lymphoma.ca\/fr\/\"},{\"@type\":\"ListItem\",\"position\":2,\"name\":\"Cheminement du patient\",\"item\":\"https:\/\/www.lymphoma.ca\/fr\/cheminement-du-patient\/\"},{\"@type\":\"ListItem\",\"position\":3,\"name\":\"Soutien aux aidants\"}]},{\"@type\":\"WebSite\",\"@id\":\"https:\/\/www.lymphoma.ca\/fr\/#website\",\"url\":\"https:\/\/www.lymphoma.ca\/fr\/\",\"name\":\"Lymphoma Canada\",\"description\":\"Information. Help. Hope.\",\"publisher\":{\"@id\":\"https:\/\/www.lymphoma.ca\/fr\/#organization\"},\"potentialAction\":[{\"@type\":\"SearchAction\",\"target\":{\"@type\":\"EntryPoint\",\"urlTemplate\":\"https:\/\/www.lymphoma.ca\/fr\/?s={search_term_string}\"},\"query-input\":{\"@type\":\"PropertyValueSpecification\",\"valueRequired\":true,\"valueName\":\"search_term_string\"}}],\"inLanguage\":\"fr-FR\"},{\"@type\":\"Organization\",\"@id\":\"https:\/\/www.lymphoma.ca\/fr\/#organization\",\"name\":\"Lymphoma Canada\",\"url\":\"https:\/\/www.lymphoma.ca\/fr\/\",\"logo\":{\"@type\":\"ImageObject\",\"inLanguage\":\"fr-FR\",\"@id\":\"https:\/\/www.lymphoma.ca\/fr\/#\/schema\/logo\/image\/\",\"url\":\"https:\/\/www.lymphoma.ca\/wp-content\/uploads\/2023\/05\/logo-lymphoma.jpg\",\"contentUrl\":\"https:\/\/www.lymphoma.ca\/wp-content\/uploads\/2023\/05\/logo-lymphoma.jpg\",\"width\":343,\"height\":343,\"caption\":\"Lymphoma Canada\"},\"image\":{\"@id\":\"https:\/\/www.lymphoma.ca\/fr\/#\/schema\/logo\/image\/\"},\"sameAs\":[\"https:\/\/www.facebook.com\/LymphomaCanada\",\"https:\/\/x.com\/lymphomacanada\",\"https:\/\/www.linkedin.com\/company\/lymphoma-canada\/\",\"http:\/\/instagram.com\/lymphomacanada\",\"http:\/\/www.youtube.com\/user\/LymphomaTV\"]}]}<\/script>\n<!-- \/ Yoast SEO plugin. -->","yoast_head_json":{"title":"Soutien aux aidants - Lymphoma Canada","robots":{"index":"index","follow":"follow","max-snippet":"max-snippet:-1","max-image-preview":"max-image-preview:large","max-video-preview":"max-video-preview:-1"},"canonical":"https:\/\/www.lymphoma.ca\/fr\/cheminement-du-patient\/soutien-aux-aidants\/","og_locale":"fr_FR","og_type":"article","og_title":"Soutien aux aidants - Lymphoma Canada","og_description":"Si un de vos parents, amis ou partenaires est atteint d\u2019un lymphome, vous \u00eates au bon endroit pour commencer \u00e0 en savoir plus sur la maladie et sur la fa\u00e7on...","og_url":"https:\/\/www.lymphoma.ca\/fr\/cheminement-du-patient\/soutien-aux-aidants\/","og_site_name":"Lymphoma Canada","article_publisher":"https:\/\/www.facebook.com\/LymphomaCanada","article_modified_time":"2020-02-26T18:49:00+00:00","twitter_card":"summary_large_image","twitter_site":"@lymphomacanada","twitter_misc":{"Dur\u00e9e de lecture estim\u00e9e":"3 minutes"},"schema":{"@context":"https:\/\/schema.org","@graph":[{"@type":"WebPage","@id":"https:\/\/www.lymphoma.ca\/fr\/cheminement-du-patient\/soutien-aux-aidants\/","url":"https:\/\/www.lymphoma.ca\/fr\/cheminement-du-patient\/soutien-aux-aidants\/","name":"Soutien aux aidants - Lymphoma Canada","isPartOf":{"@id":"https:\/\/www.lymphoma.ca\/fr\/#website"},"datePublished":"2010-05-05T04:00:00+00:00","dateModified":"2020-02-26T18:49:00+00:00","breadcrumb":{"@id":"https:\/\/www.lymphoma.ca\/fr\/cheminement-du-patient\/soutien-aux-aidants\/#breadcrumb"},"inLanguage":"fr-FR","potentialAction":[{"@type":"ReadAction","target":["https:\/\/www.lymphoma.ca\/fr\/cheminement-du-patient\/soutien-aux-aidants\/"]}]},{"@type":"BreadcrumbList","@id":"https:\/\/www.lymphoma.ca\/fr\/cheminement-du-patient\/soutien-aux-aidants\/#breadcrumb","itemListElement":[{"@type":"ListItem","position":1,"name":"Home","item":"https:\/\/www.lymphoma.ca\/fr\/"},{"@type":"ListItem","position":2,"name":"Cheminement du patient","item":"https:\/\/www.lymphoma.ca\/fr\/cheminement-du-patient\/"},{"@type":"ListItem","position":3,"name":"Soutien aux aidants"}]},{"@type":"WebSite","@id":"https:\/\/www.lymphoma.ca\/fr\/#website","url":"https:\/\/www.lymphoma.ca\/fr\/","name":"Lymphoma Canada","description":"Information. Help. Hope.","publisher":{"@id":"https:\/\/www.lymphoma.ca\/fr\/#organization"},"potentialAction":[{"@type":"SearchAction","target":{"@type":"EntryPoint","urlTemplate":"https:\/\/www.lymphoma.ca\/fr\/?s={search_term_string}"},"query-input":{"@type":"PropertyValueSpecification","valueRequired":true,"valueName":"search_term_string"}}],"inLanguage":"fr-FR"},{"@type":"Organization","@id":"https:\/\/www.lymphoma.ca\/fr\/#organization","name":"Lymphoma Canada","url":"https:\/\/www.lymphoma.ca\/fr\/","logo":{"@type":"ImageObject","inLanguage":"fr-FR","@id":"https:\/\/www.lymphoma.ca\/fr\/#\/schema\/logo\/image\/","url":"https:\/\/www.lymphoma.ca\/wp-content\/uploads\/2023\/05\/logo-lymphoma.jpg","contentUrl":"https:\/\/www.lymphoma.ca\/wp-content\/uploads\/2023\/05\/logo-lymphoma.jpg","width":343,"height":343,"caption":"Lymphoma Canada"},"image":{"@id":"https:\/\/www.lymphoma.ca\/fr\/#\/schema\/logo\/image\/"},"sameAs":["https:\/\/www.facebook.com\/LymphomaCanada","https:\/\/x.com\/lymphomacanada","https:\/\/www.linkedin.com\/company\/lymphoma-canada\/","http:\/\/instagram.com\/lymphomacanada","http:\/\/www.youtube.com\/user\/LymphomaTV"]}]}},"_links":{"self":[{"href":"https:\/\/www.lymphoma.ca\/fr\/wp-json\/wp\/v2\/pages\/367","targetHints":{"allow":["GET"]}}],"collection":[{"href":"https:\/\/www.lymphoma.ca\/fr\/wp-json\/wp\/v2\/pages"}],"about":[{"href":"https:\/\/www.lymphoma.ca\/fr\/wp-json\/wp\/v2\/types\/page"}],"author":[{"embeddable":true,"href":"https:\/\/www.lymphoma.ca\/fr\/wp-json\/wp\/v2\/users\/6"}],"replies":[{"embeddable":true,"href":"https:\/\/www.lymphoma.ca\/fr\/wp-json\/wp\/v2\/comments?post=367"}],"version-history":[{"count":1,"href":"https:\/\/www.lymphoma.ca\/fr\/wp-json\/wp\/v2\/pages\/367\/revisions"}],"predecessor-version":[{"id":5230,"href":"https:\/\/www.lymphoma.ca\/fr\/wp-json\/wp\/v2\/pages\/367\/revisions\/5230"}],"up":[{"embeddable":true,"href":"https:\/\/www.lymphoma.ca\/fr\/wp-json\/wp\/v2\/pages\/354"}],"wp:attachment":[{"href":"https:\/\/www.lymphoma.ca\/fr\/wp-json\/wp\/v2\/media?parent=367"}],"wp:term":[{"taxonomy":"category","embeddable":true,"href":"https:\/\/www.lymphoma.ca\/fr\/wp-json\/wp\/v2\/categories?post=367"},{"taxonomy":"post_tag","embeddable":true,"href":"https:\/\/www.lymphoma.ca\/fr\/wp-json\/wp\/v2\/tags?post=367"}],"curies":[{"name":"wp","href":"https:\/\/api.w.org\/{rel}","templated":true}]}}