{"id":368,"date":"2010-05-05T04:00:00","date_gmt":"2010-05-05T04:00:00","guid":{"rendered":"https:\/\/www.lymphoma.ca\/?page_id=368"},"modified":"2022-01-14T15:12:12","modified_gmt":"2022-01-14T15:12:12","slug":"postcure","status":"publish","type":"page","link":"https:\/\/www.lymphoma.ca\/fr\/le-lymphome\/les-differents-types-de-lymphomes-non-hodgkiniens\/traitement\/postcure\/","title":{"rendered":"Postcure"},"content":{"rendered":"<h2>Fatigue post-cancer<\/h2>\n<p>La fatigue accompagne souvent le cancer. La fatigue des patients atteints d\u2019un cancer peut \u00eatre due \u00e0 un certain nombre de choses comprenant les traitements, les m\u00e9dicaments, l\u2019\u00e9tat de sant\u00e9, les facteurs \u00e9motifs et le surmenage.<\/p>\n<p>La fatigue qui persiste apr\u00e8s un cancer qui est en r\u00e9mission et apr\u00e8s que votre m\u00e9decin ou \u00e9quipe m\u00e9dicale a \u00e9cart\u00e9 d\u2019autres causes de fatigue pouvant \u00eatre trait\u00e9es est appel\u00e9e la fatigue post-cancer. Vous ne devez jamais supposer que vous souffrez d\u2019une fatigue post-cancer; il est important de confirmer que cette fatigue n\u2019est pas le r\u00e9sultat d\u2019une faible num\u00e9ration globulaire ni d\u2019autres causes. Il est important que vous communiquiez en toute franchise et r\u00e9guli\u00e8rement avec votre m\u00e9decin, afin de vous assurer qu\u2019une fatigue qui peut \u00eatre trait\u00e9e est correctement diagnostiqu\u00e9e ou \u00e9cart\u00e9e, avant de rechercher des moyens de faire face \u00e0 la fatigue post-cancer.<\/p>\n<p>La communaut\u00e9 m\u00e9dicale n\u2019a pas d\u00e9termin\u00e9 pr\u00e9cis\u00e9ment la ou les causes de la fatigue post-cancer, mais pense qu\u2019elle peut \u00eatre due \u00e0 des modifications physiques de l\u2019organisme et\/ou de cellules de l\u2019organisme. La fatigue \u00e9tant difficile \u00e0 d\u00e9finir, ses causes sont \u00e9galement difficiles \u00e0 d\u00e9terminer.<\/p>\n<p>La fatigue a une incidence sur la vie quotidienne des survivants. Alors que mentalement vous vous attendez \u00e0 reprendre une vie normale, votre corps a chang\u00e9 et peut ne pas \u00eatre capable de trouver l\u2019\u00e9nergie qu\u2019il s\u2019attendait \u00e0 avoir. Bien que la t\u00eate veuille retrouver des horaires de vie normale, comme le sommeil et le travail, le corps renvoie des signaux indiquant que des choses ont chang\u00e9 et que l\u2019\u00e9nergie n\u2019est pas l\u00e0 quand vous en avez besoin. De nombreuses personnes ayant connu cette fatigue d\u00e9crivent cette situation comme le fait d\u2019avoir une quantit\u00e9 d\u2019\u00e9nergie entrepos\u00e9e, qui ne peut pas \u00eatre rapidement r\u00e9approvisionn\u00e9e; quand vous avez utilis\u00e9 votre \u00e9nergie quotidienne, elle a disparu et vous ne disposez pas d\u2019autres ressources dans lesquelles puiser.<\/p>\n<p>Certains patients et m\u00e9decins sugg\u00e8rent que le mieux \u00e0 faire reste \u00e0 \u00e9tablir \u00ab\u00a0ce qui est maintenant normal pour vous\u00a0\u00bb; une routine avec laquelle vous pouvez vivre et vous adapter \u00e0 votre nouveau niveau d\u2019\u00e9nergie.<\/p>\n<h2>Peur de la r\u00e9cidive<\/h2>\n<p>La peur de la r\u00e9cidive peut commencer pendant le traitement et durer longtemps pendant la r\u00e9mission. La question \u00e0 laquelle on ne peut r\u00e9pondre, \u00ab\u00a0pourquoi moi?\u00a0\u00bb, est permanente et demeure obscure avec la peur de la r\u00e9apparition de la maladie. Ces peurs sont normales, elles peuvent \u00eatre contr\u00f4l\u00e9es et elles vont diminuer avec le temps. Le lymphome est facilement traitable sous diverses formes, et de nouveaux traitements innovants prolongent les r\u00e9missions. D\u00e8s que vous aurez recueilli tous les faits m\u00e9dicaux, vous pourrez commencer \u00e0 \u00e9laborer votre propre m\u00e9thode pour surmonter l\u2019\u00e9preuve. De nombreux patients trouvent que s\u2019ouvrir aux amis et \u00e0 la famille, embrasser ses croyances et essayer diverses techniques de visualisation et de relaxation peuvent les aider. De la m\u00eame fa\u00e7on qu\u2019il est important d\u2019avoir un syst\u00e8me de soutien par les aidants lorsque l\u2019on re\u00e7oit un traitement, il est important d\u2019avoir un syst\u00e8me de soutien pour vous aider pendant une r\u00e9mission. Ouvrez-vous aux personnes autour de vous, y compris vos amis, votre famille et vos coll\u00e8gues. N\u2019oubliez pas que des professionnels de la sant\u00e9 sont \u00e9galement l\u00e0 pour vous aider. Comme personne n\u2019a mis en doute votre diagnostic, personne ne doit mettre en doute vos sentiments de crainte que le cancer r\u00e9cidive.<\/p>\n<p>Vous ne savez pas ce qu\u2019il faut faire apr\u00e8s une r\u00e9cidive? Consultez r\u00e9guli\u00e8rement la section <a href=\"https:\/\/www.lymphoma.ca\/fr\/nouvelles-et-evenements\/nouvelles-et-medias\/\" target=\"_blank\" rel=\"noopener\">Nouvelles et M\u00e9dias<\/a> pour de nouvelles informations sur les derni\u00e8res avanc\u00e9es en mati\u00e8re de traitement.<\/p>\n<h2>Qu\u2019est-ce que la r\u00e9mission?<\/h2>\n<p>La r\u00e9mission est une p\u00e9riode pendant laquelle le cancer r\u00e9pond au traitement, ou est consid\u00e9r\u00e9 sous contr\u00f4le parce que le cancer actif ne peut pas \u00eatre d\u00e9tect\u00e9 chez un patient. Les m\u00e9decins \u00e9valuent si le cancer est en r\u00e9mission ou comment il r\u00e9pond au traitement, en se fondant sur les ant\u00e9c\u00e9dents du patient, un examen physique et quelques tests radiologiques qui peuvent comprendre une tomodensitom\u00e9trie, une scintigraphie au gallium ou une TEP (tomographie par \u00e9mission de positons). Sept phrases diff\u00e9rentes servent normalement \u00e0 d\u00e9crire le degr\u00e9 de r\u00e9mission ou la r\u00e9ponse au traitement.<\/p>\n<p><strong>Gu\u00e9rison\u00a0:<\/strong> Lorsque tous les signes de la maladie ont disparu et qu\u2019aucun cancer ne peut \u00eatre d\u00e9tect\u00e9. Lorsqu\u2019il n\u2019y a aucune preuve de r\u00e9apparition du cancer apr\u00e8s une longue p\u00e9riode (en g\u00e9n\u00e9ral, cinq ans ou plus), les m\u00e9decins peuvent commencer \u00e0 utiliser le mot \u00ab\u00a0gu\u00e9rison\u00a0\u00bb, qui correspond \u00e0 une r\u00e9mission maintenue sur une longue p\u00e9riode. Une bonne partie des types agressifs de lymphome peuvent gu\u00e9rir, mais les vari\u00e9t\u00e9s indolentes peuvent r\u00e9appara\u00eetre, m\u00eame apr\u00e8s une p\u00e9riode de r\u00e9mission de nombreuses ann\u00e9es.<\/p>\n<p><strong>R\u00e9mission compl\u00e8te\u00a0:<\/strong> Elle signifie que tous les signes du cancer ont disparu, et qu\u2019aucun signe de cancer ne peut \u00eatre d\u00e9tect\u00e9 \u00e0 l\u2019aide des m\u00e9thodes actuelles de test. Parfois, vous entendrez \u00e9galement l\u2019expression \u00ab\u00a0absence de preuve de maladie\u00a0\u00bb ou NED (no evidence of disease).<\/p>\n<p><strong>R\u00e9mission partielle\u00a0:<\/strong> Elle signifie que toutes les tumeurs ont diminu\u00e9 de 50\u00a0% ou plus.<\/p>\n<p><strong>Am\u00e9lioration\u00a0:<\/strong> Les tumeurs ont diminu\u00e9, mais de moins de 50\u00a0%.<\/p>\n<p><strong>Maladie stable\u00a0:<\/strong> Le lymphome n\u2019a pas chang\u00e9.<\/p>\n<p><strong>Maladie \u00e9volutive\u00a0:<\/strong> Cancer en train de cro\u00eetre, de se propager ou de s\u2019aggraver.<\/p>\n<p><strong>R\u00e9fractaire\u00a0:<\/strong> Le cancer ne r\u00e9pond plus au traitement en cours.<\/p>\n","protected":false},"excerpt":{"rendered":"<p>Fatigue post-cancer La fatigue accompagne souvent le cancer. La fatigue des patients atteints d\u2019un cancer peut \u00eatre due \u00e0 un certain nombre de choses comprenant les traitements, les m\u00e9dicaments, l\u2019\u00e9tat&#8230;<\/p>\n","protected":false},"author":6,"featured_media":0,"parent":469,"menu_order":1,"comment_status":"closed","ping_status":"closed","template":"page-sidebar.php","meta":{"_acf_changed":false,"footnotes":""},"categories":[],"tags":[],"class_list":["post-368","page","type-page","status-publish"],"acf":[],"yoast_head":"<!-- This site is optimized with the Yoast SEO plugin v26.7 - https:\/\/yoast.com\/wordpress\/plugins\/seo\/ -->\n<title>Postcure - Lymphoma Canada<\/title>\n<meta name=\"robots\" content=\"index, follow, max-snippet:-1, max-image-preview:large, max-video-preview:-1\" \/>\n<link rel=\"canonical\" href=\"https:\/\/www.lymphoma.ca\/fr\/le-lymphome\/les-differents-types-de-lymphomes-non-hodgkiniens\/traitement\/postcure\/\" \/>\n<meta property=\"og:locale\" content=\"fr_FR\" \/>\n<meta property=\"og:type\" content=\"article\" \/>\n<meta property=\"og:title\" content=\"Postcure - Lymphoma Canada\" \/>\n<meta property=\"og:description\" content=\"Fatigue post-cancer La fatigue accompagne souvent le cancer. La fatigue des patients atteints d\u2019un cancer peut \u00eatre due \u00e0 un certain nombre de choses comprenant les traitements, les m\u00e9dicaments, l\u2019\u00e9tat...\" \/>\n<meta property=\"og:url\" content=\"https:\/\/www.lymphoma.ca\/fr\/le-lymphome\/les-differents-types-de-lymphomes-non-hodgkiniens\/traitement\/postcure\/\" \/>\n<meta property=\"og:site_name\" content=\"Lymphoma Canada\" \/>\n<meta property=\"article:publisher\" content=\"https:\/\/www.facebook.com\/LymphomaCanada\" \/>\n<meta property=\"article:modified_time\" content=\"2022-01-14T15:12:12+00:00\" \/>\n<meta name=\"twitter:card\" content=\"summary_large_image\" \/>\n<meta name=\"twitter:site\" content=\"@lymphomacanada\" \/>\n<meta name=\"twitter:label1\" content=\"Dur\u00e9e de lecture estim\u00e9e\" \/>\n\t<meta name=\"twitter:data1\" content=\"4 minutes\" \/>\n<script type=\"application\/ld+json\" class=\"yoast-schema-graph\">{\"@context\":\"https:\/\/schema.org\",\"@graph\":[{\"@type\":\"WebPage\",\"@id\":\"https:\/\/www.lymphoma.ca\/fr\/le-lymphome\/les-differents-types-de-lymphomes-non-hodgkiniens\/traitement\/postcure\/\",\"url\":\"https:\/\/www.lymphoma.ca\/fr\/le-lymphome\/les-differents-types-de-lymphomes-non-hodgkiniens\/traitement\/postcure\/\",\"name\":\"Postcure - Lymphoma Canada\",\"isPartOf\":{\"@id\":\"https:\/\/www.lymphoma.ca\/fr\/#website\"},\"datePublished\":\"2010-05-05T04:00:00+00:00\",\"dateModified\":\"2022-01-14T15:12:12+00:00\",\"breadcrumb\":{\"@id\":\"https:\/\/www.lymphoma.ca\/fr\/le-lymphome\/les-differents-types-de-lymphomes-non-hodgkiniens\/traitement\/postcure\/#breadcrumb\"},\"inLanguage\":\"fr-FR\",\"potentialAction\":[{\"@type\":\"ReadAction\",\"target\":[\"https:\/\/www.lymphoma.ca\/fr\/le-lymphome\/les-differents-types-de-lymphomes-non-hodgkiniens\/traitement\/postcure\/\"]}]},{\"@type\":\"BreadcrumbList\",\"@id\":\"https:\/\/www.lymphoma.ca\/fr\/le-lymphome\/les-differents-types-de-lymphomes-non-hodgkiniens\/traitement\/postcure\/#breadcrumb\",\"itemListElement\":[{\"@type\":\"ListItem\",\"position\":1,\"name\":\"Home\",\"item\":\"https:\/\/www.lymphoma.ca\/fr\/\"},{\"@type\":\"ListItem\",\"position\":2,\"name\":\"Lymphome\",\"item\":\"https:\/\/www.lymphoma.ca\/fr\/le-lymphome\/\"},{\"@type\":\"ListItem\",\"position\":3,\"name\":\"Les diff\u00e9rents types de lymphomes non hodgkiniens\",\"item\":\"https:\/\/www.lymphoma.ca\/fr\/le-lymphome\/les-differents-types-de-lymphomes-non-hodgkiniens\/\"},{\"@type\":\"ListItem\",\"position\":4,\"name\":\"Traitement\",\"item\":\"https:\/\/www.lymphoma.ca\/fr\/le-lymphome\/les-differents-types-de-lymphomes-non-hodgkiniens\/traitement\/\"},{\"@type\":\"ListItem\",\"position\":5,\"name\":\"Postcure\"}]},{\"@type\":\"WebSite\",\"@id\":\"https:\/\/www.lymphoma.ca\/fr\/#website\",\"url\":\"https:\/\/www.lymphoma.ca\/fr\/\",\"name\":\"Lymphoma Canada\",\"description\":\"Information. Help. Hope.\",\"publisher\":{\"@id\":\"https:\/\/www.lymphoma.ca\/fr\/#organization\"},\"potentialAction\":[{\"@type\":\"SearchAction\",\"target\":{\"@type\":\"EntryPoint\",\"urlTemplate\":\"https:\/\/www.lymphoma.ca\/fr\/?s={search_term_string}\"},\"query-input\":{\"@type\":\"PropertyValueSpecification\",\"valueRequired\":true,\"valueName\":\"search_term_string\"}}],\"inLanguage\":\"fr-FR\"},{\"@type\":\"Organization\",\"@id\":\"https:\/\/www.lymphoma.ca\/fr\/#organization\",\"name\":\"Lymphoma Canada\",\"url\":\"https:\/\/www.lymphoma.ca\/fr\/\",\"logo\":{\"@type\":\"ImageObject\",\"inLanguage\":\"fr-FR\",\"@id\":\"https:\/\/www.lymphoma.ca\/fr\/#\/schema\/logo\/image\/\",\"url\":\"https:\/\/www.lymphoma.ca\/wp-content\/uploads\/2023\/05\/logo-lymphoma.jpg\",\"contentUrl\":\"https:\/\/www.lymphoma.ca\/wp-content\/uploads\/2023\/05\/logo-lymphoma.jpg\",\"width\":343,\"height\":343,\"caption\":\"Lymphoma Canada\"},\"image\":{\"@id\":\"https:\/\/www.lymphoma.ca\/fr\/#\/schema\/logo\/image\/\"},\"sameAs\":[\"https:\/\/www.facebook.com\/LymphomaCanada\",\"https:\/\/x.com\/lymphomacanada\",\"https:\/\/www.linkedin.com\/company\/lymphoma-canada\/\",\"http:\/\/instagram.com\/lymphomacanada\",\"http:\/\/www.youtube.com\/user\/LymphomaTV\"]}]}<\/script>\n<!-- \/ Yoast SEO plugin. -->","yoast_head_json":{"title":"Postcure - Lymphoma Canada","robots":{"index":"index","follow":"follow","max-snippet":"max-snippet:-1","max-image-preview":"max-image-preview:large","max-video-preview":"max-video-preview:-1"},"canonical":"https:\/\/www.lymphoma.ca\/fr\/le-lymphome\/les-differents-types-de-lymphomes-non-hodgkiniens\/traitement\/postcure\/","og_locale":"fr_FR","og_type":"article","og_title":"Postcure - Lymphoma Canada","og_description":"Fatigue post-cancer La fatigue accompagne souvent le cancer. La fatigue des patients atteints d\u2019un cancer peut \u00eatre due \u00e0 un certain nombre de choses comprenant les traitements, les m\u00e9dicaments, l\u2019\u00e9tat...","og_url":"https:\/\/www.lymphoma.ca\/fr\/le-lymphome\/les-differents-types-de-lymphomes-non-hodgkiniens\/traitement\/postcure\/","og_site_name":"Lymphoma Canada","article_publisher":"https:\/\/www.facebook.com\/LymphomaCanada","article_modified_time":"2022-01-14T15:12:12+00:00","twitter_card":"summary_large_image","twitter_site":"@lymphomacanada","twitter_misc":{"Dur\u00e9e de lecture estim\u00e9e":"4 minutes"},"schema":{"@context":"https:\/\/schema.org","@graph":[{"@type":"WebPage","@id":"https:\/\/www.lymphoma.ca\/fr\/le-lymphome\/les-differents-types-de-lymphomes-non-hodgkiniens\/traitement\/postcure\/","url":"https:\/\/www.lymphoma.ca\/fr\/le-lymphome\/les-differents-types-de-lymphomes-non-hodgkiniens\/traitement\/postcure\/","name":"Postcure - Lymphoma Canada","isPartOf":{"@id":"https:\/\/www.lymphoma.ca\/fr\/#website"},"datePublished":"2010-05-05T04:00:00+00:00","dateModified":"2022-01-14T15:12:12+00:00","breadcrumb":{"@id":"https:\/\/www.lymphoma.ca\/fr\/le-lymphome\/les-differents-types-de-lymphomes-non-hodgkiniens\/traitement\/postcure\/#breadcrumb"},"inLanguage":"fr-FR","potentialAction":[{"@type":"ReadAction","target":["https:\/\/www.lymphoma.ca\/fr\/le-lymphome\/les-differents-types-de-lymphomes-non-hodgkiniens\/traitement\/postcure\/"]}]},{"@type":"BreadcrumbList","@id":"https:\/\/www.lymphoma.ca\/fr\/le-lymphome\/les-differents-types-de-lymphomes-non-hodgkiniens\/traitement\/postcure\/#breadcrumb","itemListElement":[{"@type":"ListItem","position":1,"name":"Home","item":"https:\/\/www.lymphoma.ca\/fr\/"},{"@type":"ListItem","position":2,"name":"Lymphome","item":"https:\/\/www.lymphoma.ca\/fr\/le-lymphome\/"},{"@type":"ListItem","position":3,"name":"Les diff\u00e9rents types de lymphomes non hodgkiniens","item":"https:\/\/www.lymphoma.ca\/fr\/le-lymphome\/les-differents-types-de-lymphomes-non-hodgkiniens\/"},{"@type":"ListItem","position":4,"name":"Traitement","item":"https:\/\/www.lymphoma.ca\/fr\/le-lymphome\/les-differents-types-de-lymphomes-non-hodgkiniens\/traitement\/"},{"@type":"ListItem","position":5,"name":"Postcure"}]},{"@type":"WebSite","@id":"https:\/\/www.lymphoma.ca\/fr\/#website","url":"https:\/\/www.lymphoma.ca\/fr\/","name":"Lymphoma Canada","description":"Information. Help. Hope.","publisher":{"@id":"https:\/\/www.lymphoma.ca\/fr\/#organization"},"potentialAction":[{"@type":"SearchAction","target":{"@type":"EntryPoint","urlTemplate":"https:\/\/www.lymphoma.ca\/fr\/?s={search_term_string}"},"query-input":{"@type":"PropertyValueSpecification","valueRequired":true,"valueName":"search_term_string"}}],"inLanguage":"fr-FR"},{"@type":"Organization","@id":"https:\/\/www.lymphoma.ca\/fr\/#organization","name":"Lymphoma Canada","url":"https:\/\/www.lymphoma.ca\/fr\/","logo":{"@type":"ImageObject","inLanguage":"fr-FR","@id":"https:\/\/www.lymphoma.ca\/fr\/#\/schema\/logo\/image\/","url":"https:\/\/www.lymphoma.ca\/wp-content\/uploads\/2023\/05\/logo-lymphoma.jpg","contentUrl":"https:\/\/www.lymphoma.ca\/wp-content\/uploads\/2023\/05\/logo-lymphoma.jpg","width":343,"height":343,"caption":"Lymphoma Canada"},"image":{"@id":"https:\/\/www.lymphoma.ca\/fr\/#\/schema\/logo\/image\/"},"sameAs":["https:\/\/www.facebook.com\/LymphomaCanada","https:\/\/x.com\/lymphomacanada","https:\/\/www.linkedin.com\/company\/lymphoma-canada\/","http:\/\/instagram.com\/lymphomacanada","http:\/\/www.youtube.com\/user\/LymphomaTV"]}]}},"_links":{"self":[{"href":"https:\/\/www.lymphoma.ca\/fr\/wp-json\/wp\/v2\/pages\/368","targetHints":{"allow":["GET"]}}],"collection":[{"href":"https:\/\/www.lymphoma.ca\/fr\/wp-json\/wp\/v2\/pages"}],"about":[{"href":"https:\/\/www.lymphoma.ca\/fr\/wp-json\/wp\/v2\/types\/page"}],"author":[{"embeddable":true,"href":"https:\/\/www.lymphoma.ca\/fr\/wp-json\/wp\/v2\/users\/6"}],"replies":[{"embeddable":true,"href":"https:\/\/www.lymphoma.ca\/fr\/wp-json\/wp\/v2\/comments?post=368"}],"version-history":[{"count":2,"href":"https:\/\/www.lymphoma.ca\/fr\/wp-json\/wp\/v2\/pages\/368\/revisions"}],"predecessor-version":[{"id":10413,"href":"https:\/\/www.lymphoma.ca\/fr\/wp-json\/wp\/v2\/pages\/368\/revisions\/10413"}],"up":[{"embeddable":true,"href":"https:\/\/www.lymphoma.ca\/fr\/wp-json\/wp\/v2\/pages\/469"}],"wp:attachment":[{"href":"https:\/\/www.lymphoma.ca\/fr\/wp-json\/wp\/v2\/media?parent=368"}],"wp:term":[{"taxonomy":"category","embeddable":true,"href":"https:\/\/www.lymphoma.ca\/fr\/wp-json\/wp\/v2\/categories?post=368"},{"taxonomy":"post_tag","embeddable":true,"href":"https:\/\/www.lymphoma.ca\/fr\/wp-json\/wp\/v2\/tags?post=368"}],"curies":[{"name":"wp","href":"https:\/\/api.w.org\/{rel}","templated":true}]}}