{"id":372,"date":"2010-05-11T04:00:00","date_gmt":"2010-05-11T04:00:00","guid":{"rendered":"https:\/\/www.lymphoma.ca\/?page_id=372"},"modified":"2020-06-22T17:18:57","modified_gmt":"2020-06-22T17:18:57","slug":"classification-des-lymphomes-non-hodgkiniens","status":"publish","type":"page","link":"https:\/\/www.lymphoma.ca\/fr\/le-lymphome\/les-differents-types-de-lymphomes-non-hodgkiniens\/classification-des-lymphomes-non-hodgkiniens\/","title":{"rendered":"Classification des lymphomes non hodgkiniens"},"content":{"rendered":"<p>Votre \u00e9quipe de professionnels de la sant\u00e9 doit d\u00e9terminer le type exact de LNH dont vous souffrez, ou sa classification, car c\u2019est un moyen pour les m\u00e9decins de choisir le traitement le plus appropri\u00e9 pour vous. Le LNH n&rsquo;est pas une seule maladie; il fait plut\u00f4t partie d\u2019un ensemble regroupant au moins 60 cancers \u00e9troitement li\u00e9s qui touchent le syst\u00e8me lymphatique. La proc\u00e9dure de biopsie est primordiale dans le processus de classification, car elle fournit des cellules pr\u00e9lev\u00e9es directement de la tumeur pour que les m\u00e9decins puissent \u00e9tablir \u00e0 partir de quel type de cellule la tumeur s&rsquo;est form\u00e9e (cellules B ou cellules T), ainsi que d\u2019autres renseignements importants concernant les cellules tumorales. Les lymphomes \u00e0 cellules B sont beaucoup plus fr\u00e9quents que les lymphomes \u00e0 cellule T. La proc\u00e9dure de biopsie est effectu\u00e9e par un chirurgien et les cellules sont observ\u00e9es au microscope par un pathologiste afin de d\u00e9terminer s\u2019il y a pr\u00e9sence ou non d\u2019un cancer. On donne souvent le nom de diagnostic des tissus \u00e0 la biopsie (le diagnostic est fait \u00e0 partir de l\u2019observation de tissus ou de cellules) et le cycle de traitement donn\u00e9 au patient est d\u00e9termin\u00e9 en fonction de ces r\u00e9sultats.<\/p>\n<p>Une fois que le chirurgien a effectu\u00e9 la biopsie et que le pathologiste a observ\u00e9 les tissus et enregistr\u00e9 les renseignements concernant les cellules tumorales, ils doivent utiliser ces renseignements pour d\u00e9terminer le type exact de LNH dont vous souffrez. Le processus de classification est compliqu\u00e9. De nombreuses organisations ont essay\u00e9 de simplifier le processus de classification et d&rsquo;\u00e9tablir un syst\u00e8me de classification international des LNH normalis\u00e9. Le syst\u00e8me le plus fr\u00e9quemment utilis\u00e9 est le syst\u00e8me de classification des lymphomes de l\u2019Organisation Mondiale de la Sant\u00e9. Il permet de classer les diff\u00e9rents types de LNH selon un mod\u00e8le normalis\u00e9 pour les m\u00e9decins de partout dans le monde.<\/p>\n<h2>La classification des lymphomes \u00e0 cellules\u00a0B et \u00e0 cellules\u00a0T de l\u2019Organisation Mondiale de la Sant\u00e9<\/h2>\n<p>La m\u00e9thode la plus fr\u00e9quemment utilis\u00e9e pour classer les LNH est la classification des malignit\u00e9s lympho\u00efdes de l\u2019Organisation Mondiale de la Sant\u00e9. Voici une liste des diff\u00e9rents types de LNH selon l\u2019Organisation Mondiale de la Sant\u00e9\u00a0:<\/p>\n<h2>Les lymphomes \u00e0 cellules\u00a0B<\/h2>\n<p><strong>Les lymphomes \u00e0 pr\u00e9curseurs des cellules\u00a0B<\/strong><\/p>\n<ul>\n<li>Le lymphome\/la leuc\u00e9mie lymphoblastique \u00e0 pr\u00e9curseurs des cellules\u00a0B<\/li>\n<\/ul>\n<p><strong>Les lymphomes \u00e0 cellules\u00a0B matures<\/strong><\/p>\n<ul>\n<li>Le lymphome folliculaire<\/li>\n<li>Le lymphome \u00e0 cellules du manteau<\/li>\n<li>Le lymphome diffus \u00e0 grandes cellules B\n<ul>\n<li>Le lymphome m\u00e9diastinal \u00e0 grandes cellules B<\/li>\n<\/ul>\n<\/li>\n<li>Le lymphome de Burkitt<\/li>\n<li>La leuc\u00e9mie lymphocytaire chronique \u00e0 cellules\u00a0B\/le lymphome lymphocytaire \u00e0 petits lymphocytes<\/li>\n<li>Le lymphome de la zone marginale\n<ul>\n<li>Le lymphome extra-ganglionnaire \u00e0 cellules\u00a0B de la zone marginale du type tissu lympho\u00efde associ\u00e9 aux muqueuses (MALT)<\/li>\n<li>Le lymphome \u00e0 cellules\u00a0B de la zone marginale spl\u00e9nique<\/li>\n<li>Le lymphome ganglionnaire de la zone marginale<\/li>\n<\/ul>\n<\/li>\n<li>Le lymphome lymphoplasmocytaire (la macroglobulin\u00e9mie de Waldenstr\u00f6m)<\/li>\n<\/ul>\n<p>&nbsp;<\/p>\n<h2>Les lymphomes \u00e0 cellules\u00a0T<\/h2>\n<p><strong>Les lymphomes \u00e0 pr\u00e9curseurs des cellules\u00a0T<\/strong><\/p>\n<ul>\n<li>Le lymphome\/la leuc\u00e9mie lymphoblastique \u00e0 pr\u00e9curseurs des cellules\u00a0T<\/li>\n<\/ul>\n<p><strong>Les lymphomes \u00e0 cellules\u00a0T matures<\/strong><\/p>\n<ul>\n<li>La leuc\u00e9mie-lymphome \u00e0 cellules T adultes<\/li>\n<li>Le lymphome anaplasique \u00e0 grandes cellules<\/li>\n<li>Le lymphome cutan\u00e9 \u00e0 cellules T (y compris la mycose fongo\u00efde et le syndrome de S\u00e9zary)<\/li>\n<li>Les lymphomes T p\u00e9riph\u00e9riques\u00a0:\n<ul>\n<li>Le lymphome T sous-cutan\u00e9 \u00e0 type de panniculite<\/li>\n<li>Le lymphome T h\u00e9patospl\u00e9nique gamma-delta<\/li>\n<li>Lymphome T intestinal de type ent\u00e9ropathique<\/li>\n<li>Le lymphome T extra-ganglionnaire de type nasal<\/li>\n<li>Le lymphome T angioimmunoblastique<\/li>\n<li>Le lymphome T p\u00e9riph\u00e9rique, non sp\u00e9cifi\u00e9<\/li>\n<\/ul>\n<\/li>\n<\/ul>\n<p>&nbsp;<\/p>\n<h2>Le classement clinique des LNH<\/h2>\n<p>Une fois que le type ou la classification du LHN a \u00e9t\u00e9 \u00e9tabli(e), il est important de d\u00e9terminer le stade et le degr\u00e9 de diff\u00e9renciation du LNH. Le degr\u00e9 de diff\u00e9renciation de la tumeur fournit des renseignements sur l\u2019agressivit\u00e9 de la tumeur et permet de pr\u00e9voir comment elle se comportera. Ces renseignements permettent de d\u00e9terminer l\u2019intensit\u00e9 de la strat\u00e9gie du traitement. Le degr\u00e9 de diff\u00e9renciation est \u00e9tabli gr\u00e2ce \u00e0 l\u2019apparence des cellules canc\u00e9reuses, leurs caract\u00e9ristiques uniques, leur fonctionnement et leur rapidit\u00e9 d\u2019\u00e9volution et de division. On parle de LNH mal diff\u00e9renci\u00e9s, mod\u00e9r\u00e9ment diff\u00e9renci\u00e9s ou bien diff\u00e9renci\u00e9s. Les LNH mal diff\u00e9renci\u00e9s sont souvent appel\u00e9s LNH indolents ou \u00e0 croisssance lente. Les LNH mod\u00e9r\u00e9ment diff\u00e9renci\u00e9s ou bien diff\u00e9renci\u00e9s sont souvent appel\u00e9s LNH agressifs ou \u00e0 croissance rapide.<\/p>\n<p>Le tableau suivant r\u00e9sume le processus de classification, d\u2019\u00e9tablissement du stade et de diff\u00e9renciation des LNH\u00a0:<\/p>\n<table>\n<tbody>\n<tr>\n<td style=\"font-weight: bold;\" width=\"25%\">Description du LNH<\/td>\n<td style=\"font-weight: bold;\" width=\"25%\">D\u00e9tails<\/td>\n<td width=\"50%\"><\/td>\n<\/tr>\n<tr>\n<td>Classification<\/td>\n<td>Type de LNH<\/td>\n<td><\/td>\n<\/tr>\n<tr>\n<td>Stade<\/td>\n<td>Ampleur de la propagation<\/td>\n<td><\/td>\n<\/tr>\n<tr>\n<td>Degr\u00e9 de diff\u00e9renciation<\/td>\n<td>Agressivit\u00e9<\/td>\n<td>\u2192 <strong> LNH indolent<\/strong> (mal diff\u00e9renci\u00e9s, \u00e0 croissance lente)<\/p>\n<p>\u2192 <strong>LNH agressifs<\/strong> (mod\u00e9r\u00e9ment et bien diff\u00e9renci\u00e9s, \u00e0 croissance rapide)<\/td>\n<\/tr>\n<\/tbody>\n<\/table>\n<p>&nbsp;<\/p>\n<h2>LNH indolents et agressifs<\/h2>\n<p>On parle souvent de LNH en les qualifiant d\u2019indolents ou d\u2019agressifs<\/p>\n<p><strong>Le LNH indolent<\/strong> est un LNH mal diff\u00e9renci\u00e9, c\u2019est-\u00e0-dire que la croissance de la tumeur est tr\u00e8s lente et souvent, les patients ne pr\u00e9sentent de sympt\u00f4mes qu\u2019\u00e0 un stade avanc\u00e9 de la maladie. Par cons\u00e9quent, au moment du diagnostic, le LNH indolents a tendance \u00e0 \u00eatre \u00e9tendu. Les patients chez qui on diagnostique un LNH indolent ne n\u00e9cessitent pas de traitement imm\u00e9diat, la m\u00e9thode employ\u00e9e est souvent d\u2019attendre tout en restant vigilant. Un traitement est finalement n\u00e9cessaire\u00a0: il est efficace pour ce qui est de r\u00e9duire les tumeurs et d\u2019offir au patient une p\u00e9riode sans maladie qu\u2019on appelle la r\u00e9mission. Toutefois, les LNH indolents peuvent r\u00e9appara\u00eetre et des cycles de traitement additionnels sont souvent n\u00e9cessaires. Le LNH indolent mal diff\u00e9renci\u00e9 se transforme parfois en lymphome mod\u00e9r\u00e9ment ou bien diff\u00e9renci\u00e9 (agressif), et \u00e0 ce stade le patient n\u00e9cessite un traitement plus urgent et intensif. Toutefois, les patients atteints de LNH indolent vivent souvent longtemps et b\u00e9n\u00e9ficient d\u2019une bonne qualit\u00e9 de vie, et certains patients peuvent ne jamais avoir besoin d\u2019un traitement. Le lymphome folliculaire, le lymphome lymphocytaire \u00e0 petits lymphocytes et le lymphome de type tissu lympho\u00efde associ\u00e9 aux muqueuses sont des exemples de LNH indolents.<\/p>\n<p>Les LNH mod\u00e9r\u00e9ment ou bien diff\u00e9renci\u00e9s ont g\u00e9n\u00e9ralement une croissance bien plus rapide que les lymphomes indolents, et c\u2019est pour cette raison qu\u2019on les qualifie de lymphomes <strong>agressifs<\/strong> ou \u00e0 croissance rapide. Contrairement aux lymphomes indolents, les LNH agressifs n\u00e9cessitent un traitement intensif d\u00e8s que le diagnostic est \u00e9tabli. M\u00eame si le mot agressif semble effrayant, les lymphomes agressifs r\u00e9agissent vraiment tr\u00e8s bien au traitement et les patients peuvent souvent gu\u00e9rir. Les lymphomes indolents qui se transforment en lymphomes agressifs peuvent \u00eatre plus difficiles \u00e0 traiter. Le tableau suivant vous donne un aper\u00e7u des diff\u00e9rences principales entre un LNH indolent et un LNH agressif. Une explication de tous les diff\u00e9rents types de LNH se trouve \u00e0 la suite.<\/p>\n<table>\n<tbody>\n<tr>\n<td width=\"34%\"><\/td>\n<td style=\"font-weight: bold;\" width=\"33%\">LNH indolent<\/td>\n<td style=\"font-weight: bold;\" width=\"33%\">LNH agressif<\/td>\n<\/tr>\n<tr>\n<td style=\"font-weight: bold;\">Proportion des cas de LNH<\/td>\n<td>40\u00a0%\u201350\u00a0%<\/td>\n<td>50\u00a0%\u201360\u00a0%<\/td>\n<\/tr>\n<tr>\n<td style=\"font-weight: bold;\">Rythme d\u2019\u00e9volution du cancer<\/td>\n<td>Lent<\/td>\n<td>Rapide<\/td>\n<\/tr>\n<tr>\n<td style=\"font-weight: bold;\">Sympt\u00f4mes<\/td>\n<td>Les patients ne pr\u00e9sentent g\u00e9n\u00e9ralement aucun sympt\u00f4me au moment du diagnostic.<\/td>\n<td>Les patients pr\u00e9sentent g\u00e9n\u00e9ralement des sympt\u00f4mes qui les incitent \u00e0 consulter un m\u00e9decin, lequel pose un diagnostic subs\u00e9quent.<\/td>\n<\/tr>\n<tr>\n<td style=\"font-weight: bold;\">D\u00e9but du traitement<\/td>\n<td>Souvent, les patients ne n\u00e9cessitent pas de traitement imm\u00e9diat. La m\u00e9thode employ\u00e9e dans ce cas est souvent d\u2019attendre tout en restant vigilant.<\/td>\n<td>Les patients peuvent n\u00e9cessiter un traitement imm\u00e9diat plus intensif.<\/td>\n<\/tr>\n<tr>\n<td style=\"font-weight: bold;\">Pronostic<\/td>\n<td>Bonne r\u00e9ponse au traitement. La r\u00e9cidive est fr\u00e9quente et un traitement subs\u00e9quent est souvent n\u00e9cessaire.<\/td>\n<td>Excellente r\u00e9ponse au traitement.<\/td>\n<\/tr>\n<\/tbody>\n<\/table>\n<p>Pour plus d&rsquo;informations sur chaque type de LNH, <a href=\"https:\/\/www.lymphoma.ca\/fr\/le-lymphome\/les-differents-types-de-lymphomes-non-hodgkiniens\/nhl-subtypes\/\">cliquez ici<\/a>.<\/p>\n","protected":false},"excerpt":{"rendered":"<p>Votre \u00e9quipe de professionnels de la sant\u00e9 doit d\u00e9terminer le type exact de LNH dont vous souffrez, ou sa classification, car c\u2019est un moyen pour les m\u00e9decins de choisir le&#8230;<\/p>\n","protected":false},"author":6,"featured_media":0,"parent":351,"menu_order":0,"comment_status":"closed","ping_status":"closed","template":"page-sidebar.php","meta":{"_acf_changed":false,"footnotes":""},"categories":[],"tags":[],"class_list":["post-372","page","type-page","status-publish"],"acf":[],"yoast_head":"<!-- This site is optimized with the Yoast SEO plugin v26.7 - https:\/\/yoast.com\/wordpress\/plugins\/seo\/ -->\n<title>Classification des lymphomes non hodgkiniens - Lymphoma Canada<\/title>\n<meta name=\"robots\" content=\"index, follow, max-snippet:-1, max-image-preview:large, max-video-preview:-1\" \/>\n<link rel=\"canonical\" href=\"https:\/\/www.lymphoma.ca\/fr\/le-lymphome\/les-differents-types-de-lymphomes-non-hodgkiniens\/classification-des-lymphomes-non-hodgkiniens\/\" \/>\n<meta property=\"og:locale\" content=\"fr_FR\" \/>\n<meta property=\"og:type\" content=\"article\" \/>\n<meta property=\"og:title\" content=\"Classification des lymphomes non hodgkiniens - Lymphoma Canada\" \/>\n<meta property=\"og:description\" content=\"Votre \u00e9quipe de professionnels de la sant\u00e9 doit d\u00e9terminer le type exact de LNH dont vous souffrez, ou sa classification, car c\u2019est un moyen pour les m\u00e9decins de choisir le...\" \/>\n<meta property=\"og:url\" content=\"https:\/\/www.lymphoma.ca\/fr\/le-lymphome\/les-differents-types-de-lymphomes-non-hodgkiniens\/classification-des-lymphomes-non-hodgkiniens\/\" \/>\n<meta property=\"og:site_name\" content=\"Lymphoma Canada\" \/>\n<meta property=\"article:publisher\" content=\"https:\/\/www.facebook.com\/LymphomaCanada\" \/>\n<meta property=\"article:modified_time\" content=\"2020-06-22T17:18:57+00:00\" \/>\n<meta name=\"twitter:card\" content=\"summary_large_image\" \/>\n<meta name=\"twitter:site\" content=\"@lymphomacanada\" \/>\n<meta name=\"twitter:label1\" content=\"Dur\u00e9e de lecture estim\u00e9e\" \/>\n\t<meta name=\"twitter:data1\" content=\"7 minutes\" \/>\n<script type=\"application\/ld+json\" class=\"yoast-schema-graph\">{\"@context\":\"https:\/\/schema.org\",\"@graph\":[{\"@type\":\"WebPage\",\"@id\":\"https:\/\/www.lymphoma.ca\/fr\/le-lymphome\/les-differents-types-de-lymphomes-non-hodgkiniens\/classification-des-lymphomes-non-hodgkiniens\/\",\"url\":\"https:\/\/www.lymphoma.ca\/fr\/le-lymphome\/les-differents-types-de-lymphomes-non-hodgkiniens\/classification-des-lymphomes-non-hodgkiniens\/\",\"name\":\"Classification des lymphomes non hodgkiniens - Lymphoma Canada\",\"isPartOf\":{\"@id\":\"https:\/\/www.lymphoma.ca\/fr\/#website\"},\"datePublished\":\"2010-05-11T04:00:00+00:00\",\"dateModified\":\"2020-06-22T17:18:57+00:00\",\"breadcrumb\":{\"@id\":\"https:\/\/www.lymphoma.ca\/fr\/le-lymphome\/les-differents-types-de-lymphomes-non-hodgkiniens\/classification-des-lymphomes-non-hodgkiniens\/#breadcrumb\"},\"inLanguage\":\"fr-FR\",\"potentialAction\":[{\"@type\":\"ReadAction\",\"target\":[\"https:\/\/www.lymphoma.ca\/fr\/le-lymphome\/les-differents-types-de-lymphomes-non-hodgkiniens\/classification-des-lymphomes-non-hodgkiniens\/\"]}]},{\"@type\":\"BreadcrumbList\",\"@id\":\"https:\/\/www.lymphoma.ca\/fr\/le-lymphome\/les-differents-types-de-lymphomes-non-hodgkiniens\/classification-des-lymphomes-non-hodgkiniens\/#breadcrumb\",\"itemListElement\":[{\"@type\":\"ListItem\",\"position\":1,\"name\":\"Home\",\"item\":\"https:\/\/www.lymphoma.ca\/fr\/\"},{\"@type\":\"ListItem\",\"position\":2,\"name\":\"Lymphome\",\"item\":\"https:\/\/www.lymphoma.ca\/fr\/le-lymphome\/\"},{\"@type\":\"ListItem\",\"position\":3,\"name\":\"Les diff\u00e9rents types de lymphomes non hodgkiniens\",\"item\":\"https:\/\/www.lymphoma.ca\/fr\/le-lymphome\/les-differents-types-de-lymphomes-non-hodgkiniens\/\"},{\"@type\":\"ListItem\",\"position\":4,\"name\":\"Classification des lymphomes non hodgkiniens\"}]},{\"@type\":\"WebSite\",\"@id\":\"https:\/\/www.lymphoma.ca\/fr\/#website\",\"url\":\"https:\/\/www.lymphoma.ca\/fr\/\",\"name\":\"Lymphoma Canada\",\"description\":\"Information. Help. Hope.\",\"publisher\":{\"@id\":\"https:\/\/www.lymphoma.ca\/fr\/#organization\"},\"potentialAction\":[{\"@type\":\"SearchAction\",\"target\":{\"@type\":\"EntryPoint\",\"urlTemplate\":\"https:\/\/www.lymphoma.ca\/fr\/?s={search_term_string}\"},\"query-input\":{\"@type\":\"PropertyValueSpecification\",\"valueRequired\":true,\"valueName\":\"search_term_string\"}}],\"inLanguage\":\"fr-FR\"},{\"@type\":\"Organization\",\"@id\":\"https:\/\/www.lymphoma.ca\/fr\/#organization\",\"name\":\"Lymphoma Canada\",\"url\":\"https:\/\/www.lymphoma.ca\/fr\/\",\"logo\":{\"@type\":\"ImageObject\",\"inLanguage\":\"fr-FR\",\"@id\":\"https:\/\/www.lymphoma.ca\/fr\/#\/schema\/logo\/image\/\",\"url\":\"https:\/\/www.lymphoma.ca\/wp-content\/uploads\/2023\/05\/logo-lymphoma.jpg\",\"contentUrl\":\"https:\/\/www.lymphoma.ca\/wp-content\/uploads\/2023\/05\/logo-lymphoma.jpg\",\"width\":343,\"height\":343,\"caption\":\"Lymphoma Canada\"},\"image\":{\"@id\":\"https:\/\/www.lymphoma.ca\/fr\/#\/schema\/logo\/image\/\"},\"sameAs\":[\"https:\/\/www.facebook.com\/LymphomaCanada\",\"https:\/\/x.com\/lymphomacanada\",\"https:\/\/www.linkedin.com\/company\/lymphoma-canada\/\",\"http:\/\/instagram.com\/lymphomacanada\",\"http:\/\/www.youtube.com\/user\/LymphomaTV\"]}]}<\/script>\n<!-- \/ Yoast SEO plugin. -->","yoast_head_json":{"title":"Classification des lymphomes non hodgkiniens - Lymphoma Canada","robots":{"index":"index","follow":"follow","max-snippet":"max-snippet:-1","max-image-preview":"max-image-preview:large","max-video-preview":"max-video-preview:-1"},"canonical":"https:\/\/www.lymphoma.ca\/fr\/le-lymphome\/les-differents-types-de-lymphomes-non-hodgkiniens\/classification-des-lymphomes-non-hodgkiniens\/","og_locale":"fr_FR","og_type":"article","og_title":"Classification des lymphomes non hodgkiniens - Lymphoma Canada","og_description":"Votre \u00e9quipe de professionnels de la sant\u00e9 doit d\u00e9terminer le type exact de LNH dont vous souffrez, ou sa classification, car c\u2019est un moyen pour les m\u00e9decins de choisir le...","og_url":"https:\/\/www.lymphoma.ca\/fr\/le-lymphome\/les-differents-types-de-lymphomes-non-hodgkiniens\/classification-des-lymphomes-non-hodgkiniens\/","og_site_name":"Lymphoma Canada","article_publisher":"https:\/\/www.facebook.com\/LymphomaCanada","article_modified_time":"2020-06-22T17:18:57+00:00","twitter_card":"summary_large_image","twitter_site":"@lymphomacanada","twitter_misc":{"Dur\u00e9e de lecture estim\u00e9e":"7 minutes"},"schema":{"@context":"https:\/\/schema.org","@graph":[{"@type":"WebPage","@id":"https:\/\/www.lymphoma.ca\/fr\/le-lymphome\/les-differents-types-de-lymphomes-non-hodgkiniens\/classification-des-lymphomes-non-hodgkiniens\/","url":"https:\/\/www.lymphoma.ca\/fr\/le-lymphome\/les-differents-types-de-lymphomes-non-hodgkiniens\/classification-des-lymphomes-non-hodgkiniens\/","name":"Classification des lymphomes non hodgkiniens - Lymphoma Canada","isPartOf":{"@id":"https:\/\/www.lymphoma.ca\/fr\/#website"},"datePublished":"2010-05-11T04:00:00+00:00","dateModified":"2020-06-22T17:18:57+00:00","breadcrumb":{"@id":"https:\/\/www.lymphoma.ca\/fr\/le-lymphome\/les-differents-types-de-lymphomes-non-hodgkiniens\/classification-des-lymphomes-non-hodgkiniens\/#breadcrumb"},"inLanguage":"fr-FR","potentialAction":[{"@type":"ReadAction","target":["https:\/\/www.lymphoma.ca\/fr\/le-lymphome\/les-differents-types-de-lymphomes-non-hodgkiniens\/classification-des-lymphomes-non-hodgkiniens\/"]}]},{"@type":"BreadcrumbList","@id":"https:\/\/www.lymphoma.ca\/fr\/le-lymphome\/les-differents-types-de-lymphomes-non-hodgkiniens\/classification-des-lymphomes-non-hodgkiniens\/#breadcrumb","itemListElement":[{"@type":"ListItem","position":1,"name":"Home","item":"https:\/\/www.lymphoma.ca\/fr\/"},{"@type":"ListItem","position":2,"name":"Lymphome","item":"https:\/\/www.lymphoma.ca\/fr\/le-lymphome\/"},{"@type":"ListItem","position":3,"name":"Les diff\u00e9rents types de lymphomes non hodgkiniens","item":"https:\/\/www.lymphoma.ca\/fr\/le-lymphome\/les-differents-types-de-lymphomes-non-hodgkiniens\/"},{"@type":"ListItem","position":4,"name":"Classification des lymphomes non hodgkiniens"}]},{"@type":"WebSite","@id":"https:\/\/www.lymphoma.ca\/fr\/#website","url":"https:\/\/www.lymphoma.ca\/fr\/","name":"Lymphoma Canada","description":"Information. Help. Hope.","publisher":{"@id":"https:\/\/www.lymphoma.ca\/fr\/#organization"},"potentialAction":[{"@type":"SearchAction","target":{"@type":"EntryPoint","urlTemplate":"https:\/\/www.lymphoma.ca\/fr\/?s={search_term_string}"},"query-input":{"@type":"PropertyValueSpecification","valueRequired":true,"valueName":"search_term_string"}}],"inLanguage":"fr-FR"},{"@type":"Organization","@id":"https:\/\/www.lymphoma.ca\/fr\/#organization","name":"Lymphoma Canada","url":"https:\/\/www.lymphoma.ca\/fr\/","logo":{"@type":"ImageObject","inLanguage":"fr-FR","@id":"https:\/\/www.lymphoma.ca\/fr\/#\/schema\/logo\/image\/","url":"https:\/\/www.lymphoma.ca\/wp-content\/uploads\/2023\/05\/logo-lymphoma.jpg","contentUrl":"https:\/\/www.lymphoma.ca\/wp-content\/uploads\/2023\/05\/logo-lymphoma.jpg","width":343,"height":343,"caption":"Lymphoma Canada"},"image":{"@id":"https:\/\/www.lymphoma.ca\/fr\/#\/schema\/logo\/image\/"},"sameAs":["https:\/\/www.facebook.com\/LymphomaCanada","https:\/\/x.com\/lymphomacanada","https:\/\/www.linkedin.com\/company\/lymphoma-canada\/","http:\/\/instagram.com\/lymphomacanada","http:\/\/www.youtube.com\/user\/LymphomaTV"]}]}},"_links":{"self":[{"href":"https:\/\/www.lymphoma.ca\/fr\/wp-json\/wp\/v2\/pages\/372","targetHints":{"allow":["GET"]}}],"collection":[{"href":"https:\/\/www.lymphoma.ca\/fr\/wp-json\/wp\/v2\/pages"}],"about":[{"href":"https:\/\/www.lymphoma.ca\/fr\/wp-json\/wp\/v2\/types\/page"}],"author":[{"embeddable":true,"href":"https:\/\/www.lymphoma.ca\/fr\/wp-json\/wp\/v2\/users\/6"}],"replies":[{"embeddable":true,"href":"https:\/\/www.lymphoma.ca\/fr\/wp-json\/wp\/v2\/comments?post=372"}],"version-history":[{"count":4,"href":"https:\/\/www.lymphoma.ca\/fr\/wp-json\/wp\/v2\/pages\/372\/revisions"}],"predecessor-version":[{"id":7898,"href":"https:\/\/www.lymphoma.ca\/fr\/wp-json\/wp\/v2\/pages\/372\/revisions\/7898"}],"up":[{"embeddable":true,"href":"https:\/\/www.lymphoma.ca\/fr\/wp-json\/wp\/v2\/pages\/351"}],"wp:attachment":[{"href":"https:\/\/www.lymphoma.ca\/fr\/wp-json\/wp\/v2\/media?parent=372"}],"wp:term":[{"taxonomy":"category","embeddable":true,"href":"https:\/\/www.lymphoma.ca\/fr\/wp-json\/wp\/v2\/categories?post=372"},{"taxonomy":"post_tag","embeddable":true,"href":"https:\/\/www.lymphoma.ca\/fr\/wp-json\/wp\/v2\/tags?post=372"}],"curies":[{"name":"wp","href":"https:\/\/api.w.org\/{rel}","templated":true}]}}