{"id":387,"date":"2010-05-14T04:00:00","date_gmt":"2010-05-14T04:00:00","guid":{"rendered":"https:\/\/www.lymphoma.ca\/?page_id=387"},"modified":"2020-02-26T18:42:38","modified_gmt":"2020-02-26T18:42:38","slug":"cancer-avance","status":"publish","type":"page","link":"https:\/\/www.lymphoma.ca\/fr\/cheminement-du-patient\/apercu-du-soutien\/cancer-avance\/","title":{"rendered":"Cancer avanc\u00e9"},"content":{"rendered":"<p>Les professionnels de la sant\u00e9 utilisent diff\u00e9rentes appellations pour d\u00e9crire le cancer qui a d\u00e9pass\u00e9 les stades pr\u00e9coces, ils parlent de cancer avanc\u00e9, secondaire, m\u00e9tastatique, terminal et progressif. Ces termes font r\u00e9f\u00e9rence au cancer qui a tr\u00e8s peu de chances d\u2019\u00eatre gu\u00e9ri.<\/p>\n<p>Lorsque vous apprenez cette nouvelle concernant votre lymphome, vous pouvez avoir l\u2019impression que vous n\u2019arrivez pas \u00e0 tout assimiler. Certaines personnes ont d\u00e9crit leur exp\u00e9rience comme suit&nbsp;: \u00ab&nbsp;Au d\u00e9but, c\u2019est tout simplement la paralysie compl\u00e8te et vous \u00eates incapable de penser. Et c\u2019est comme si tout tournait autour de vous.&nbsp;\u00bb Vous n\u2019avez pas besoin de faire comme si tout allait bien ou d\u2019essayer de cacher ce que vous ressentez. Ces sensations peuvent se manifester et aller de pair avec les sentiments suivants&nbsp;:<\/p>\n<p>&nbsp;<\/p>\n<ul>\n<li><strong>choc et incr\u00e9dulit\u00e9&nbsp;:<\/strong> ces r\u00e9actions fr\u00e9quentes peuvent vous donner l\u2019impression que le temps s\u2019est arr\u00eat\u00e9.<\/li>\n<li><strong>col\u00e8re&nbsp;:<\/strong> vous pouvez ressentir de la col\u00e8re contre vous-m\u00eame, votre famille, vos m\u00e9decins, le monde, Dieu ou contre votre destin. Ces sentiments peuvent na\u00eetre d\u2019une perte de contr\u00f4le sur votre vie et vous pousser \u00e0 vouloir trouver un coupable pour ce qui vous arrive.<\/li>\n<li><strong>anxi\u00e9t\u00e9 et peur&nbsp;:<\/strong> il est possible que vous ayez peur de mourir ou peur des effets du lymphome et de ses traitements.<\/li>\n<li><strong>tristesse et chagrin&nbsp;:<\/strong> il est possible que vous regrettiez ce que la maladie vous a enlev\u00e9 (ce que vous pouviez faire physiquement, un travail ou un voyage pr\u00e9vu). Vous pouvez \u00e9galement ressentir de la tristesse par anticipation&nbsp;: vous commencez \u00e0 porter le deuil avant que la mort n\u2019intervienne.<\/li>\n<li><strong>d\u00e9ni&nbsp;:<\/strong> il est possible que vous rejetiez le diagnostic ou ce que les m\u00e9decins vous disent \u00e0 propos de la maladie.<\/li>\n<li><strong>culpabilit\u00e9 et regret&nbsp;:<\/strong> il est possible que vous vous sentiez mal en pensant aux choses que vous auriez ou n\u2019auriez pas d\u00fb faire dans votre vie.<\/li>\n<li>Vous pouvez \u00e9galement vous sentir d\u00e9prim\u00e9(e)&nbsp;: vivre un sentiment de tristesse et de d\u00e9sespoir et une tendance \u00e0 pleurer constamment. Si ces sentiments s\u2019empirent, durent longtemps et prennent le dessus sur votre vie quotidienne, ils pourraient \u00eatre le signe d\u2019une d\u00e9pression clinique. La d\u00e9pression peut \u00eatre prise en charge.<\/li>\n<\/ul>\n<p>Avec le temps, vous allez peut-\u00eatre accepter ce qui vous arrive, accepter que le lymphome a peu de chances d\u2019\u00eatre gu\u00e9ri et qu\u2019il entra\u00eenera probablement la mort. Accepter ne veut pas dire laisser tomber. Au contraire, cela vous permet de prendre le contr\u00f4le de votre vie et de vous concentrer sur ce qui a de l\u2019importance pour vous.<\/p>\n<p>&nbsp;<\/p>\n","protected":false},"excerpt":{"rendered":"<p>Les professionnels de la sant\u00e9 utilisent diff\u00e9rentes appellations pour d\u00e9crire le cancer qui a d\u00e9pass\u00e9 les stades pr\u00e9coces, ils parlent de cancer avanc\u00e9, secondaire, m\u00e9tastatique, terminal et progressif. Ces termes&#8230;<\/p>\n","protected":false},"author":6,"featured_media":0,"parent":388,"menu_order":2,"comment_status":"closed","ping_status":"closed","template":"page-sidebar.php","meta":{"_acf_changed":false,"footnotes":""},"categories":[],"tags":[],"class_list":["post-387","page","type-page","status-publish"],"acf":[],"yoast_head":"<!-- This site is optimized with the Yoast SEO plugin v26.7 - https:\/\/yoast.com\/wordpress\/plugins\/seo\/ -->\n<title>Cancer avanc\u00e9 - Lymphoma Canada<\/title>\n<meta name=\"robots\" content=\"index, follow, max-snippet:-1, max-image-preview:large, max-video-preview:-1\" \/>\n<link rel=\"canonical\" href=\"https:\/\/www.lymphoma.ca\/fr\/cheminement-du-patient\/apercu-du-soutien\/cancer-avance\/\" \/>\n<meta property=\"og:locale\" content=\"fr_FR\" \/>\n<meta property=\"og:type\" content=\"article\" \/>\n<meta property=\"og:title\" content=\"Cancer avanc\u00e9 - Lymphoma Canada\" \/>\n<meta property=\"og:description\" content=\"Les professionnels de la sant\u00e9 utilisent diff\u00e9rentes appellations pour d\u00e9crire le cancer qui a d\u00e9pass\u00e9 les stades pr\u00e9coces, ils parlent de cancer avanc\u00e9, secondaire, m\u00e9tastatique, terminal et progressif. Ces termes...\" \/>\n<meta property=\"og:url\" content=\"https:\/\/www.lymphoma.ca\/fr\/cheminement-du-patient\/apercu-du-soutien\/cancer-avance\/\" \/>\n<meta property=\"og:site_name\" content=\"Lymphoma Canada\" \/>\n<meta property=\"article:publisher\" content=\"https:\/\/www.facebook.com\/LymphomaCanada\" \/>\n<meta property=\"article:modified_time\" content=\"2020-02-26T18:42:38+00:00\" \/>\n<meta name=\"twitter:card\" content=\"summary_large_image\" \/>\n<meta name=\"twitter:site\" content=\"@lymphomacanada\" \/>\n<meta name=\"twitter:label1\" content=\"Dur\u00e9e de lecture estim\u00e9e\" \/>\n\t<meta name=\"twitter:data1\" content=\"2 minutes\" \/>\n<script type=\"application\/ld+json\" class=\"yoast-schema-graph\">{\"@context\":\"https:\/\/schema.org\",\"@graph\":[{\"@type\":\"WebPage\",\"@id\":\"https:\/\/www.lymphoma.ca\/fr\/cheminement-du-patient\/apercu-du-soutien\/cancer-avance\/\",\"url\":\"https:\/\/www.lymphoma.ca\/fr\/cheminement-du-patient\/apercu-du-soutien\/cancer-avance\/\",\"name\":\"Cancer avanc\u00e9 - Lymphoma Canada\",\"isPartOf\":{\"@id\":\"https:\/\/www.lymphoma.ca\/fr\/#website\"},\"datePublished\":\"2010-05-14T04:00:00+00:00\",\"dateModified\":\"2020-02-26T18:42:38+00:00\",\"breadcrumb\":{\"@id\":\"https:\/\/www.lymphoma.ca\/fr\/cheminement-du-patient\/apercu-du-soutien\/cancer-avance\/#breadcrumb\"},\"inLanguage\":\"fr-FR\",\"potentialAction\":[{\"@type\":\"ReadAction\",\"target\":[\"https:\/\/www.lymphoma.ca\/fr\/cheminement-du-patient\/apercu-du-soutien\/cancer-avance\/\"]}]},{\"@type\":\"BreadcrumbList\",\"@id\":\"https:\/\/www.lymphoma.ca\/fr\/cheminement-du-patient\/apercu-du-soutien\/cancer-avance\/#breadcrumb\",\"itemListElement\":[{\"@type\":\"ListItem\",\"position\":1,\"name\":\"Home\",\"item\":\"https:\/\/www.lymphoma.ca\/fr\/\"},{\"@type\":\"ListItem\",\"position\":2,\"name\":\"Cheminement du patient\",\"item\":\"https:\/\/www.lymphoma.ca\/fr\/cheminement-du-patient\/\"},{\"@type\":\"ListItem\",\"position\":3,\"name\":\"Aper\u00e7u du soutien\",\"item\":\"https:\/\/www.lymphoma.ca\/fr\/cheminement-du-patient\/apercu-du-soutien\/\"},{\"@type\":\"ListItem\",\"position\":4,\"name\":\"Cancer avanc\u00e9\"}]},{\"@type\":\"WebSite\",\"@id\":\"https:\/\/www.lymphoma.ca\/fr\/#website\",\"url\":\"https:\/\/www.lymphoma.ca\/fr\/\",\"name\":\"Lymphoma Canada\",\"description\":\"Information. Help. Hope.\",\"publisher\":{\"@id\":\"https:\/\/www.lymphoma.ca\/fr\/#organization\"},\"potentialAction\":[{\"@type\":\"SearchAction\",\"target\":{\"@type\":\"EntryPoint\",\"urlTemplate\":\"https:\/\/www.lymphoma.ca\/fr\/?s={search_term_string}\"},\"query-input\":{\"@type\":\"PropertyValueSpecification\",\"valueRequired\":true,\"valueName\":\"search_term_string\"}}],\"inLanguage\":\"fr-FR\"},{\"@type\":\"Organization\",\"@id\":\"https:\/\/www.lymphoma.ca\/fr\/#organization\",\"name\":\"Lymphoma Canada\",\"url\":\"https:\/\/www.lymphoma.ca\/fr\/\",\"logo\":{\"@type\":\"ImageObject\",\"inLanguage\":\"fr-FR\",\"@id\":\"https:\/\/www.lymphoma.ca\/fr\/#\/schema\/logo\/image\/\",\"url\":\"https:\/\/www.lymphoma.ca\/wp-content\/uploads\/2023\/05\/logo-lymphoma.jpg\",\"contentUrl\":\"https:\/\/www.lymphoma.ca\/wp-content\/uploads\/2023\/05\/logo-lymphoma.jpg\",\"width\":343,\"height\":343,\"caption\":\"Lymphoma Canada\"},\"image\":{\"@id\":\"https:\/\/www.lymphoma.ca\/fr\/#\/schema\/logo\/image\/\"},\"sameAs\":[\"https:\/\/www.facebook.com\/LymphomaCanada\",\"https:\/\/x.com\/lymphomacanada\",\"https:\/\/www.linkedin.com\/company\/lymphoma-canada\/\",\"http:\/\/instagram.com\/lymphomacanada\",\"http:\/\/www.youtube.com\/user\/LymphomaTV\"]}]}<\/script>\n<!-- \/ Yoast SEO plugin. -->","yoast_head_json":{"title":"Cancer avanc\u00e9 - Lymphoma Canada","robots":{"index":"index","follow":"follow","max-snippet":"max-snippet:-1","max-image-preview":"max-image-preview:large","max-video-preview":"max-video-preview:-1"},"canonical":"https:\/\/www.lymphoma.ca\/fr\/cheminement-du-patient\/apercu-du-soutien\/cancer-avance\/","og_locale":"fr_FR","og_type":"article","og_title":"Cancer avanc\u00e9 - Lymphoma Canada","og_description":"Les professionnels de la sant\u00e9 utilisent diff\u00e9rentes appellations pour d\u00e9crire le cancer qui a d\u00e9pass\u00e9 les stades pr\u00e9coces, ils parlent de cancer avanc\u00e9, secondaire, m\u00e9tastatique, terminal et progressif. Ces termes...","og_url":"https:\/\/www.lymphoma.ca\/fr\/cheminement-du-patient\/apercu-du-soutien\/cancer-avance\/","og_site_name":"Lymphoma Canada","article_publisher":"https:\/\/www.facebook.com\/LymphomaCanada","article_modified_time":"2020-02-26T18:42:38+00:00","twitter_card":"summary_large_image","twitter_site":"@lymphomacanada","twitter_misc":{"Dur\u00e9e de lecture estim\u00e9e":"2 minutes"},"schema":{"@context":"https:\/\/schema.org","@graph":[{"@type":"WebPage","@id":"https:\/\/www.lymphoma.ca\/fr\/cheminement-du-patient\/apercu-du-soutien\/cancer-avance\/","url":"https:\/\/www.lymphoma.ca\/fr\/cheminement-du-patient\/apercu-du-soutien\/cancer-avance\/","name":"Cancer avanc\u00e9 - Lymphoma Canada","isPartOf":{"@id":"https:\/\/www.lymphoma.ca\/fr\/#website"},"datePublished":"2010-05-14T04:00:00+00:00","dateModified":"2020-02-26T18:42:38+00:00","breadcrumb":{"@id":"https:\/\/www.lymphoma.ca\/fr\/cheminement-du-patient\/apercu-du-soutien\/cancer-avance\/#breadcrumb"},"inLanguage":"fr-FR","potentialAction":[{"@type":"ReadAction","target":["https:\/\/www.lymphoma.ca\/fr\/cheminement-du-patient\/apercu-du-soutien\/cancer-avance\/"]}]},{"@type":"BreadcrumbList","@id":"https:\/\/www.lymphoma.ca\/fr\/cheminement-du-patient\/apercu-du-soutien\/cancer-avance\/#breadcrumb","itemListElement":[{"@type":"ListItem","position":1,"name":"Home","item":"https:\/\/www.lymphoma.ca\/fr\/"},{"@type":"ListItem","position":2,"name":"Cheminement du patient","item":"https:\/\/www.lymphoma.ca\/fr\/cheminement-du-patient\/"},{"@type":"ListItem","position":3,"name":"Aper\u00e7u du soutien","item":"https:\/\/www.lymphoma.ca\/fr\/cheminement-du-patient\/apercu-du-soutien\/"},{"@type":"ListItem","position":4,"name":"Cancer avanc\u00e9"}]},{"@type":"WebSite","@id":"https:\/\/www.lymphoma.ca\/fr\/#website","url":"https:\/\/www.lymphoma.ca\/fr\/","name":"Lymphoma Canada","description":"Information. Help. Hope.","publisher":{"@id":"https:\/\/www.lymphoma.ca\/fr\/#organization"},"potentialAction":[{"@type":"SearchAction","target":{"@type":"EntryPoint","urlTemplate":"https:\/\/www.lymphoma.ca\/fr\/?s={search_term_string}"},"query-input":{"@type":"PropertyValueSpecification","valueRequired":true,"valueName":"search_term_string"}}],"inLanguage":"fr-FR"},{"@type":"Organization","@id":"https:\/\/www.lymphoma.ca\/fr\/#organization","name":"Lymphoma Canada","url":"https:\/\/www.lymphoma.ca\/fr\/","logo":{"@type":"ImageObject","inLanguage":"fr-FR","@id":"https:\/\/www.lymphoma.ca\/fr\/#\/schema\/logo\/image\/","url":"https:\/\/www.lymphoma.ca\/wp-content\/uploads\/2023\/05\/logo-lymphoma.jpg","contentUrl":"https:\/\/www.lymphoma.ca\/wp-content\/uploads\/2023\/05\/logo-lymphoma.jpg","width":343,"height":343,"caption":"Lymphoma Canada"},"image":{"@id":"https:\/\/www.lymphoma.ca\/fr\/#\/schema\/logo\/image\/"},"sameAs":["https:\/\/www.facebook.com\/LymphomaCanada","https:\/\/x.com\/lymphomacanada","https:\/\/www.linkedin.com\/company\/lymphoma-canada\/","http:\/\/instagram.com\/lymphomacanada","http:\/\/www.youtube.com\/user\/LymphomaTV"]}]}},"_links":{"self":[{"href":"https:\/\/www.lymphoma.ca\/fr\/wp-json\/wp\/v2\/pages\/387","targetHints":{"allow":["GET"]}}],"collection":[{"href":"https:\/\/www.lymphoma.ca\/fr\/wp-json\/wp\/v2\/pages"}],"about":[{"href":"https:\/\/www.lymphoma.ca\/fr\/wp-json\/wp\/v2\/types\/page"}],"author":[{"embeddable":true,"href":"https:\/\/www.lymphoma.ca\/fr\/wp-json\/wp\/v2\/users\/6"}],"replies":[{"embeddable":true,"href":"https:\/\/www.lymphoma.ca\/fr\/wp-json\/wp\/v2\/comments?post=387"}],"version-history":[{"count":1,"href":"https:\/\/www.lymphoma.ca\/fr\/wp-json\/wp\/v2\/pages\/387\/revisions"}],"predecessor-version":[{"id":5227,"href":"https:\/\/www.lymphoma.ca\/fr\/wp-json\/wp\/v2\/pages\/387\/revisions\/5227"}],"up":[{"embeddable":true,"href":"https:\/\/www.lymphoma.ca\/fr\/wp-json\/wp\/v2\/pages\/388"}],"wp:attachment":[{"href":"https:\/\/www.lymphoma.ca\/fr\/wp-json\/wp\/v2\/media?parent=387"}],"wp:term":[{"taxonomy":"category","embeddable":true,"href":"https:\/\/www.lymphoma.ca\/fr\/wp-json\/wp\/v2\/categories?post=387"},{"taxonomy":"post_tag","embeddable":true,"href":"https:\/\/www.lymphoma.ca\/fr\/wp-json\/wp\/v2\/tags?post=387"}],"curies":[{"name":"wp","href":"https:\/\/api.w.org\/{rel}","templated":true}]}}