{"id":389,"date":"2010-05-07T04:00:00","date_gmt":"2010-05-07T04:00:00","guid":{"rendered":"https:\/\/www.lymphoma.ca\/?page_id=389"},"modified":"2026-02-09T15:49:37","modified_gmt":"2026-02-09T15:49:37","slug":"a-notre-propos","status":"publish","type":"page","link":"https:\/\/www.lymphoma.ca\/fr\/a-notre-propos\/","title":{"rendered":"\u00c0 notre propos"},"content":{"rendered":"<p>Lymphome Canada est un organisme enti\u00e8rement canadien. Toutes nos donn\u00e9es proviennent de statistiques canadiennes et fournissent uniquement des renseignements propres au Canada. Ce mat\u00e9riel est analys\u00e9 et approuv\u00e9 par notre Conseil scientifique consultatif compos\u00e9 de chercheurs et de cliniciens canadiens. Tous les membres de notre conseil d\u2019administration r\u00e9sident au Canada. En outre, Lymphome Canada finance uniquement les travaux des chercheurs canadiens.<\/p>\n<p><a title=\"Histoire de Lymphoma Canada\" href=\"https:\/\/www.lymphoma.ca\/fr\/histoire\/\">Histoire de Lymphome Canada<\/a>\u00a0 \u00a0 \u00a0 \u00a0 \u00a0\u00a0<a href=\"https:\/\/www.lymphoma.ca\/wp-content\/uploads\/2020\/04\/2020-2024-Strategic-Plan.pdf\">Plan strat\u00e9gique 2020-2024<\/a> \u00a0 \u00a0 \u00a0 \u00a0 \u00a0\u00a0<a href=\"https:\/\/www.lymphoma.ca\/wp-content\/uploads\/2026\/01\/2026-2030-Strategic-Plan_Sep.2025-FRENCH.pdf\" target=\"_blank\" rel=\"noopener\">Plan strat\u00e9gique 2026-2030<\/a><\/p>\n<h3>Notre mission<\/h3>\n<p>Conf\u00e9rer une plus grande autonomie aux patients atteints d\u2019un lymphome ainsi qu\u2019\u00e0 la communaut\u00e9 concern\u00e9e par la maladie au moyen d\u2019activit\u00e9s \u00e9ducatives, de services de soutien et de contributions \u00e0 la recherche.<\/p>\n<h3>Notre vision<\/h3>\n<p>Bien vivre en d\u00e9pit du lymphome.<\/p>\n<h3>Notre approche<\/h3>\n<p>Le lymphome a une incidence sur un grand nombre de personnes : patients, proches, personnel soignant, professionnels de la sant\u00e9 et chercheurs. Lymphome Canada relie les membres de cette communaut\u00e9 et leur donne les moyens de passer \u00e0 l\u2019action. Ensemble, nous favorisons le d\u00e9pistage pr\u00e9coce, nous d\u00e9couvrons de nouveaux et de meilleurs traitements, nous facilitons l\u2019acc\u00e8s des patients \u00e0 ces traitements, nous approfondissons nos connaissances sur les causes du lymphome, et ce, tout en recherchant un traitement curatif.<\/p>\n<p>Lymphome Canada fournit gratuitement et dans les deux langues officielles des documents \u00e9lectroniques ou imprim\u00e9s sur la maladie de Hodgkin, le lymphome non hodgkinien et la leuc\u00e9mie chronique lympho\u00efde. Ce mat\u00e9riel est offert aux patients, aux aidants et aux professionnels de la sant\u00e9. Outre le soutien par les pairs qu\u2019il offre aux patients et aux familles, l\u2019organisme organise des forums \u00e9ducatifs et se porte \u00e0 la d\u00e9fense des int\u00e9r\u00eats des patients. Lymphome Canada finance \u00e9galement la recherche men\u00e9e au Canada.<span style=\"font-size: 15px;\">\u00a0 \u00a0 \u00a0 \u00a0 \u00a0 \u00a0 \u00a0 \u00a0 \u00a0<\/span><\/p>\n<h3>Notre structure<\/h3>\n<p>Nous sommes le seul organisme au Canada enti\u00e8rement consacr\u00e9 \u00e0 la lutte contre le lymphome.<\/p>\n<p>En tant qu\u2019organisme de bienfaisance enregistr\u00e9, nous sommes gouvern\u00e9s par un <a href=\"https:\/\/www.lymphoma.ca\/fr\/a-notre-propos\/notre-equipe\/conseil-dadministration\/\"><span style=\"text-decoration: underline;\">conseil d\u2019administration<\/span><\/a> compos\u00e9 de membres de la communaut\u00e9 dot\u00e9s de diff\u00e9rentes comp\u00e9tences professionnelles ainsi que de patients atteints d\u2019un lymphome et de sp\u00e9cialistes du domaine m\u00e9dical. Notre petite \u00e9quipe d\u00e9vou\u00e9e met en commun son expertise en mati\u00e8re de programmes d\u2019\u00e9ducation et de soutien, de recherche et de r\u00e9daction m\u00e9dicales, de marketing, de communication et de collecte de fonds. Nous sommes guid\u00e9s par les membres chevronn\u00e9s d\u2019un <a href=\"https:\/\/www.lymphoma.ca\/fr\/a-notre-propos\/notre-equipe\/conseil-scientifique-consultatif\/\"><span style=\"text-decoration: underline;\">conseil scientifique consultatif<\/span><\/a> ainsi que par des patients et des aidants qui si\u00e8gent au conseil consultatif des patients. Issus de diff\u00e9rentes r\u00e9gions du pays, des b\u00e9n\u00e9voles touch\u00e9s par un lymphome contribuent \u00e0 organiser des <a href=\"https:\/\/www.lymphoma.ca\/fr\/nouvelles-et-evenements\/seances-educatives-et-webinaires\/\"><span style=\"text-decoration: underline;\">\u00e9v\u00e9nements \u00e9ducatifs<\/span><\/a>, \u00e0 former des <a href=\"https:\/\/www.lymphoma.ca\/fr\/ressources\/soutien\/groupes-dentraide-pour-patients\/\"><span style=\"text-decoration: underline;\">groupes de soutien<\/span><\/a> et \u00e0 cr\u00e9er des forums en ligne, auxquels ils participent.<\/p>\n<p>Lymphome Canada est un organisme de bienfaisance national qui fonctionne dans les deux langues officielles.<\/p>\n[vc_row_inner column_margin=\u00a0\u00bbdefault\u00a0\u00bb text_align=\u00a0\u00bbleft\u00a0\u00bb][vc_column_inner column_padding=\u00a0\u00bbno-extra-padding\u00a0\u00bb column_padding_position=\u00a0\u00bball\u00a0\u00bb background_color_opacity=\u00a0\u00bb1&Prime; background_hover_color_opacity=\u00a0\u00bb1&Prime; column_shadow=\u00a0\u00bbnone\u00a0\u00bb column_border_radius=\u00a0\u00bbnone\u00a0\u00bb column_link_target=\u00a0\u00bb_self\u00a0\u00bb width=\u00a0\u00bb1\/2&Prime; tablet_width_inherit=\u00a0\u00bbdefault\u00a0\u00bb overlay_strength=\u00a0\u00bb0.3&Prime; column_border_width=\u00a0\u00bbnone\u00a0\u00bb column_border_style=\u00a0\u00bbsolid\u00a0\u00bb bg_image_animation=\u00a0\u00bbnone\u00a0\u00bb][nectar_btn size=\u00a0\u00bblarge\u00a0\u00bb button_style=\u00a0\u00bbregular\u00a0\u00bb button_color_2=\u00a0\u00bbAccent-Color\u00a0\u00bb icon_family=\u00a0\u00bbnone\u00a0\u00bb url=\u00a0\u00bbhttps:\/\/www.lymphoma.ca\/fr\/a-notre-propos\/notre-equipe\/conseil-dadministration\/\u00a0\u00bb text=\u00a0\u00bbConseil d&rsquo;administration\u00a0\u00bb][\/vc_column_inner][vc_column_inner column_padding=\u00a0\u00bbno-extra-padding\u00a0\u00bb column_padding_position=\u00a0\u00bball\u00a0\u00bb background_color_opacity=\u00a0\u00bb1&Prime; background_hover_color_opacity=\u00a0\u00bb1&Prime; column_shadow=\u00a0\u00bbnone\u00a0\u00bb column_border_radius=\u00a0\u00bbnone\u00a0\u00bb column_link_target=\u00a0\u00bb_self\u00a0\u00bb width=\u00a0\u00bb1\/2&Prime; tablet_width_inherit=\u00a0\u00bbdefault\u00a0\u00bb overlay_strength=\u00a0\u00bb0.3&Prime; column_border_width=\u00a0\u00bbnone\u00a0\u00bb column_border_style=\u00a0\u00bbsolid\u00a0\u00bb bg_image_animation=\u00a0\u00bbnone\u00a0\u00bb][nectar_btn size=\u00a0\u00bblarge\u00a0\u00bb button_style=\u00a0\u00bbregular\u00a0\u00bb button_color_2=\u00a0\u00bbAccent-Color\u00a0\u00bb icon_family=\u00a0\u00bbnone\u00a0\u00bb url=\u00a0\u00bbhttps:\/\/www.lymphoma.ca\/fr\/a-notre-propos\/notre-equipe\/conseil-scientifique-consultatif\/\u00a0\u00bb text=\u00a0\u00bbConseil scientifique consultatif \u00ab\u00a0][\/vc_column_inner][\/vc_row_inner]\n","protected":false},"excerpt":{"rendered":"<p>Lymphome Canada est un organisme enti\u00e8rement canadien. Toutes nos donn\u00e9es proviennent de statistiques canadiennes et fournissent uniquement des renseignements propres au Canada. Ce mat\u00e9riel est analys\u00e9 et approuv\u00e9 par notre&#8230;<\/p>\n","protected":false},"author":6,"featured_media":0,"parent":0,"menu_order":56,"comment_status":"closed","ping_status":"closed","template":"page-sidebar.php","meta":{"_acf_changed":false,"footnotes":""},"categories":[],"tags":[],"class_list":["post-389","page","type-page","status-publish"],"acf":[],"yoast_head":"<!-- This site is optimized with the Yoast SEO plugin v26.7 - https:\/\/yoast.com\/wordpress\/plugins\/seo\/ -->\n<title>\u00c0 notre propos - Lymphoma Canada<\/title>\n<meta name=\"robots\" content=\"index, follow, max-snippet:-1, max-image-preview:large, max-video-preview:-1\" \/>\n<link rel=\"canonical\" href=\"https:\/\/www.lymphoma.ca\/fr\/a-notre-propos\/\" \/>\n<meta property=\"og:locale\" content=\"fr_FR\" \/>\n<meta property=\"og:type\" content=\"article\" \/>\n<meta property=\"og:title\" content=\"\u00c0 notre propos - Lymphoma Canada\" \/>\n<meta property=\"og:description\" content=\"Lymphome Canada est un organisme enti\u00e8rement canadien. Toutes nos donn\u00e9es proviennent de statistiques canadiennes et fournissent uniquement des renseignements propres au Canada. Ce mat\u00e9riel est analys\u00e9 et approuv\u00e9 par notre...\" \/>\n<meta property=\"og:url\" content=\"https:\/\/www.lymphoma.ca\/fr\/a-notre-propos\/\" \/>\n<meta property=\"og:site_name\" content=\"Lymphoma Canada\" \/>\n<meta property=\"article:publisher\" content=\"https:\/\/www.facebook.com\/LymphomaCanada\" \/>\n<meta property=\"article:modified_time\" content=\"2026-02-09T15:49:37+00:00\" \/>\n<meta name=\"twitter:card\" content=\"summary_large_image\" \/>\n<meta name=\"twitter:site\" content=\"@lymphomacanada\" \/>\n<meta name=\"twitter:label1\" content=\"Dur\u00e9e de lecture estim\u00e9e\" \/>\n\t<meta name=\"twitter:data1\" content=\"3 minutes\" \/>\n<script type=\"application\/ld+json\" class=\"yoast-schema-graph\">{\"@context\":\"https:\/\/schema.org\",\"@graph\":[{\"@type\":\"WebPage\",\"@id\":\"https:\/\/www.lymphoma.ca\/fr\/a-notre-propos\/\",\"url\":\"https:\/\/www.lymphoma.ca\/fr\/a-notre-propos\/\",\"name\":\"\u00c0 notre propos - Lymphoma Canada\",\"isPartOf\":{\"@id\":\"https:\/\/www.lymphoma.ca\/fr\/#website\"},\"datePublished\":\"2010-05-07T04:00:00+00:00\",\"dateModified\":\"2026-02-09T15:49:37+00:00\",\"breadcrumb\":{\"@id\":\"https:\/\/www.lymphoma.ca\/fr\/a-notre-propos\/#breadcrumb\"},\"inLanguage\":\"fr-FR\",\"potentialAction\":[{\"@type\":\"ReadAction\",\"target\":[\"https:\/\/www.lymphoma.ca\/fr\/a-notre-propos\/\"]}]},{\"@type\":\"BreadcrumbList\",\"@id\":\"https:\/\/www.lymphoma.ca\/fr\/a-notre-propos\/#breadcrumb\",\"itemListElement\":[{\"@type\":\"ListItem\",\"position\":1,\"name\":\"Home\",\"item\":\"https:\/\/www.lymphoma.ca\/fr\/\"},{\"@type\":\"ListItem\",\"position\":2,\"name\":\"\u00c0 notre propos\"}]},{\"@type\":\"WebSite\",\"@id\":\"https:\/\/www.lymphoma.ca\/fr\/#website\",\"url\":\"https:\/\/www.lymphoma.ca\/fr\/\",\"name\":\"Lymphoma Canada\",\"description\":\"Information. Help. Hope.\",\"publisher\":{\"@id\":\"https:\/\/www.lymphoma.ca\/fr\/#organization\"},\"potentialAction\":[{\"@type\":\"SearchAction\",\"target\":{\"@type\":\"EntryPoint\",\"urlTemplate\":\"https:\/\/www.lymphoma.ca\/fr\/?s={search_term_string}\"},\"query-input\":{\"@type\":\"PropertyValueSpecification\",\"valueRequired\":true,\"valueName\":\"search_term_string\"}}],\"inLanguage\":\"fr-FR\"},{\"@type\":\"Organization\",\"@id\":\"https:\/\/www.lymphoma.ca\/fr\/#organization\",\"name\":\"Lymphoma Canada\",\"url\":\"https:\/\/www.lymphoma.ca\/fr\/\",\"logo\":{\"@type\":\"ImageObject\",\"inLanguage\":\"fr-FR\",\"@id\":\"https:\/\/www.lymphoma.ca\/fr\/#\/schema\/logo\/image\/\",\"url\":\"https:\/\/www.lymphoma.ca\/wp-content\/uploads\/2023\/05\/logo-lymphoma.jpg\",\"contentUrl\":\"https:\/\/www.lymphoma.ca\/wp-content\/uploads\/2023\/05\/logo-lymphoma.jpg\",\"width\":343,\"height\":343,\"caption\":\"Lymphoma Canada\"},\"image\":{\"@id\":\"https:\/\/www.lymphoma.ca\/fr\/#\/schema\/logo\/image\/\"},\"sameAs\":[\"https:\/\/www.facebook.com\/LymphomaCanada\",\"https:\/\/x.com\/lymphomacanada\",\"https:\/\/www.linkedin.com\/company\/lymphoma-canada\/\",\"http:\/\/instagram.com\/lymphomacanada\",\"http:\/\/www.youtube.com\/user\/LymphomaTV\"]}]}<\/script>\n<!-- \/ Yoast SEO plugin. -->","yoast_head_json":{"title":"\u00c0 notre propos - Lymphoma Canada","robots":{"index":"index","follow":"follow","max-snippet":"max-snippet:-1","max-image-preview":"max-image-preview:large","max-video-preview":"max-video-preview:-1"},"canonical":"https:\/\/www.lymphoma.ca\/fr\/a-notre-propos\/","og_locale":"fr_FR","og_type":"article","og_title":"\u00c0 notre propos - Lymphoma Canada","og_description":"Lymphome Canada est un organisme enti\u00e8rement canadien. Toutes nos donn\u00e9es proviennent de statistiques canadiennes et fournissent uniquement des renseignements propres au Canada. Ce mat\u00e9riel est analys\u00e9 et approuv\u00e9 par notre...","og_url":"https:\/\/www.lymphoma.ca\/fr\/a-notre-propos\/","og_site_name":"Lymphoma Canada","article_publisher":"https:\/\/www.facebook.com\/LymphomaCanada","article_modified_time":"2026-02-09T15:49:37+00:00","twitter_card":"summary_large_image","twitter_site":"@lymphomacanada","twitter_misc":{"Dur\u00e9e de lecture estim\u00e9e":"3 minutes"},"schema":{"@context":"https:\/\/schema.org","@graph":[{"@type":"WebPage","@id":"https:\/\/www.lymphoma.ca\/fr\/a-notre-propos\/","url":"https:\/\/www.lymphoma.ca\/fr\/a-notre-propos\/","name":"\u00c0 notre propos - Lymphoma Canada","isPartOf":{"@id":"https:\/\/www.lymphoma.ca\/fr\/#website"},"datePublished":"2010-05-07T04:00:00+00:00","dateModified":"2026-02-09T15:49:37+00:00","breadcrumb":{"@id":"https:\/\/www.lymphoma.ca\/fr\/a-notre-propos\/#breadcrumb"},"inLanguage":"fr-FR","potentialAction":[{"@type":"ReadAction","target":["https:\/\/www.lymphoma.ca\/fr\/a-notre-propos\/"]}]},{"@type":"BreadcrumbList","@id":"https:\/\/www.lymphoma.ca\/fr\/a-notre-propos\/#breadcrumb","itemListElement":[{"@type":"ListItem","position":1,"name":"Home","item":"https:\/\/www.lymphoma.ca\/fr\/"},{"@type":"ListItem","position":2,"name":"\u00c0 notre propos"}]},{"@type":"WebSite","@id":"https:\/\/www.lymphoma.ca\/fr\/#website","url":"https:\/\/www.lymphoma.ca\/fr\/","name":"Lymphoma Canada","description":"Information. Help. Hope.","publisher":{"@id":"https:\/\/www.lymphoma.ca\/fr\/#organization"},"potentialAction":[{"@type":"SearchAction","target":{"@type":"EntryPoint","urlTemplate":"https:\/\/www.lymphoma.ca\/fr\/?s={search_term_string}"},"query-input":{"@type":"PropertyValueSpecification","valueRequired":true,"valueName":"search_term_string"}}],"inLanguage":"fr-FR"},{"@type":"Organization","@id":"https:\/\/www.lymphoma.ca\/fr\/#organization","name":"Lymphoma Canada","url":"https:\/\/www.lymphoma.ca\/fr\/","logo":{"@type":"ImageObject","inLanguage":"fr-FR","@id":"https:\/\/www.lymphoma.ca\/fr\/#\/schema\/logo\/image\/","url":"https:\/\/www.lymphoma.ca\/wp-content\/uploads\/2023\/05\/logo-lymphoma.jpg","contentUrl":"https:\/\/www.lymphoma.ca\/wp-content\/uploads\/2023\/05\/logo-lymphoma.jpg","width":343,"height":343,"caption":"Lymphoma Canada"},"image":{"@id":"https:\/\/www.lymphoma.ca\/fr\/#\/schema\/logo\/image\/"},"sameAs":["https:\/\/www.facebook.com\/LymphomaCanada","https:\/\/x.com\/lymphomacanada","https:\/\/www.linkedin.com\/company\/lymphoma-canada\/","http:\/\/instagram.com\/lymphomacanada","http:\/\/www.youtube.com\/user\/LymphomaTV"]}]}},"_links":{"self":[{"href":"https:\/\/www.lymphoma.ca\/fr\/wp-json\/wp\/v2\/pages\/389","targetHints":{"allow":["GET"]}}],"collection":[{"href":"https:\/\/www.lymphoma.ca\/fr\/wp-json\/wp\/v2\/pages"}],"about":[{"href":"https:\/\/www.lymphoma.ca\/fr\/wp-json\/wp\/v2\/types\/page"}],"author":[{"embeddable":true,"href":"https:\/\/www.lymphoma.ca\/fr\/wp-json\/wp\/v2\/users\/6"}],"replies":[{"embeddable":true,"href":"https:\/\/www.lymphoma.ca\/fr\/wp-json\/wp\/v2\/comments?post=389"}],"version-history":[{"count":17,"href":"https:\/\/www.lymphoma.ca\/fr\/wp-json\/wp\/v2\/pages\/389\/revisions"}],"predecessor-version":[{"id":19737,"href":"https:\/\/www.lymphoma.ca\/fr\/wp-json\/wp\/v2\/pages\/389\/revisions\/19737"}],"wp:attachment":[{"href":"https:\/\/www.lymphoma.ca\/fr\/wp-json\/wp\/v2\/media?parent=389"}],"wp:term":[{"taxonomy":"category","embeddable":true,"href":"https:\/\/www.lymphoma.ca\/fr\/wp-json\/wp\/v2\/categories?post=389"},{"taxonomy":"post_tag","embeddable":true,"href":"https:\/\/www.lymphoma.ca\/fr\/wp-json\/wp\/v2\/tags?post=389"}],"curies":[{"name":"wp","href":"https:\/\/api.w.org\/{rel}","templated":true}]}}