{"id":391,"date":"2010-05-07T04:00:00","date_gmt":"2010-05-07T04:00:00","guid":{"rendered":"https:\/\/www.lymphoma.ca\/?page_id=391"},"modified":"2026-02-09T15:57:03","modified_gmt":"2026-02-09T15:57:03","slug":"conseil-scientifique-consultatif","status":"publish","type":"page","link":"https:\/\/www.lymphoma.ca\/fr\/a-notre-propos\/notre-equipe\/conseil-scientifique-consultatif\/","title":{"rendered":"Conseil scientifique consultatif"},"content":{"rendered":"<p>Nous tenons \u00e0 remercier chaleureusement les membres de notre Comit\u00e9 consultatif scientifique de Lymphome Canada pour leur engagement continu envers la communaut\u00e9 touch\u00e9e par le lymphome. Leur collaboration contribue directement \u00e0 faire avancer la mission de Lymphome Canada : outiller les personnes atteintes et leurs proches aidants gr\u00e2ce \u00e0 l\u2019\u00e9ducation, au soutien, \u00e0 la d\u00e9fense des droits et \u00e0 la recherche.<\/p>\n<p><strong>Dr John Kuruvilla, M.D. F.R.C.P.C.<\/strong><br \/>\nPR\u00c9SIDENT, h\u00e9matologue \u00e0 la division d\u2019oncologie m\u00e9dicale et d\u2019h\u00e9matologie du Princess Margaret Hospital<\/p>\n<p><strong>Dr Graeme Fraser, M.D., F.R.C.P.C.<\/strong><br \/>\nProfesseur agr\u00e9g\u00e9 au d\u00e9partement d\u2019oncologie de l\u2019Universit\u00e9\u00a0 McMaster<\/p>\n<p><strong>Dr Kerry Savage, M.D.<\/strong><br \/>\nOncologue m\u00e9dical \u00e0 la BC Cancer Agency et professeur agr\u00e9g\u00e9 \u00e0 l\u2019Universit\u00e9 de la Colombie-Britannique<\/p>\n<p><strong>Dr David MacDonald, M.D. F.R.C.P.C.<\/strong><br \/>\nH\u00e9matologue, L&rsquo;H\u00f4pital d&rsquo;Ottawa<\/p>\n<p><strong>Dr. Mark Bosch<\/strong><br \/>\nDirecteur de l&rsquo;h\u00e9matologie \u00e0 la Saskatchewan Cancer Agency<\/p>\n<p><strong>Dr. Pamela Skrabek<\/strong><br \/>\nPr\u00e9sidente h\u00e9matologue du groupe des sites de maladies lymphoprolif\u00e9ratives de CancerCare Manitoba<\/p>\n<p>&nbsp;<\/p>\n<h3>Lymphome Canada ne pourrait pas r\u00e9aliser sa mission sans le soutien de ces remarquables professionnels de la sant\u00e9. Nous tenons \u00e0 remercier les personnes suivantes des services qu\u2019ils ont rendus dans le pass\u00e9 \u00e0 notre comit\u00e9 consultatif scientifique:<\/h3>\n<p><strong>Dr Joe Connors, ANCIEN PR\u00c9SIDENT; M.D.<\/strong> professeur clinicien \u00e0 l\u2019Universit\u00e9 de la Colombie-Britannique; pr\u00e9sident du Lymphoma Tumour Group et de la British Columbia Cancer Agency<\/p>\n<p><strong>Dre Isabelle Bence-Bruckler, M.D. F.R.C.P.C.<\/strong>, h\u00e9matologue, professeure agr\u00e9g\u00e9e de m\u00e9decine, membre du Programme de greffe de sang et de moelle osseuse de l\u2019H\u00f4pital d\u2019Ottawa (Campus g\u00e9n\u00e9ral)<\/p>\n<p><strong>Dr Spencer Gibson, Ph.D.<\/strong>, professeur agr\u00e9g\u00e9 \u00e0 l\u2019Institut de biologie cellulaire du Manitoba et au d\u00e9partement de biochimie et de g\u00e9n\u00e9tique m\u00e9dicale de l\u2019Universit\u00e9 du Manitoba<\/p>\n<p><strong>Dre Mary Gospodarowicz, M.D., F.R.C.P.C., F.R.C.R.<\/strong>, (Hon), professeure et pr\u00e9sidente du d\u00e9partement de radio-oncologie de l\u2019Universit\u00e9 de Toronto, chef du Radiation Medicine Program au Princess Margaret Hospital<\/p>\n<p><strong>Dr Kevin Imrie, M.D., F.R.C.P.C.<\/strong>, m\u00e9decin-chef au Sunnybrook Health Sciences Centre; vice-pr\u00e9sident des facult\u00e9s d\u2019\u00e9ducation et de m\u00e9decine de l\u2019Universit\u00e9 de Toronto; professeur de m\u00e9decine \u00e0 l\u2019Universit\u00e9 de Toronto<\/p>\n<p><strong>Dr Ralph M. Meyer, M.D., F.R.C.P.(C)<\/strong>, directeur de l\u2019Institut national du cancer du Canada (INCC) \u00a0et titulaire de la chaire Edith Eisenhauer en recherche clinique sur le cancer \u00e0 la Queen\u2019s University<\/p>\n<p><strong>Dr Diponkar Banerjee, MBChB, Ph.D., F.R.C.P.C.<\/strong>, professeur clinicien au d\u00e9partement de m\u00e9decine de laboratoire et de pathologie de l\u2019Universit\u00e9 de la Colombie-Britannique; directeur du d\u00e9partement de m\u00e9decine de laboratoire et de pathologie du Vancouver Cancer Centre; responsable du programme provincial du Cancer Pathology Program, BC Cancer<\/p>\n<p><strong>Dr Brent W. Zanke,<\/strong> vice-pr\u00e9sident de l\u2019OICR et directeur de l\u2019Ontario Tumour Bank<\/p>\n<p><strong>Dr David Hodgson, M.D., MPH, F.R.C.P.C.<\/strong><br \/>\nprofesseur agr\u00e9g\u00e9 au d\u00e9partement de radio-oncologie de l\u2019Universit\u00e9 de Toronto; radio-oncologue membre du personnel du Princess Margaret Hospital\/University Health Network<\/p>\n<p><strong>Dr Tony Reiman, M.D., SM, F.R.C.P.C.<\/strong><br \/>\noncologue m\u00e9dical \u00e0 l\u2019Institut de recherche de la Soci\u00e9t\u00e9 canadienne du cancer, pr\u00e9sident de l\u2019Universit\u00e9 du Nouveau-Brunswick et vice-doyen de la recherche \u00e0 Dalhousie Medicine New Brunswick<\/p>\n","protected":false},"excerpt":{"rendered":"<p>Nous tenons \u00e0 remercier chaleureusement les membres de notre Comit\u00e9 consultatif scientifique de Lymphome Canada pour leur engagement continu envers la communaut\u00e9 touch\u00e9e par le lymphome. Leur collaboration contribue directement&#8230;<\/p>\n","protected":false},"author":6,"featured_media":0,"parent":488,"menu_order":1,"comment_status":"closed","ping_status":"closed","template":"page-sidebar.php","meta":{"_acf_changed":false,"footnotes":""},"categories":[],"tags":[],"class_list":["post-391","page","type-page","status-publish"],"acf":[],"yoast_head":"<!-- This site is optimized with the Yoast SEO plugin v26.7 - https:\/\/yoast.com\/wordpress\/plugins\/seo\/ -->\n<title>Conseil scientifique consultatif - Lymphoma Canada<\/title>\n<meta name=\"robots\" content=\"index, follow, max-snippet:-1, max-image-preview:large, max-video-preview:-1\" \/>\n<link rel=\"canonical\" href=\"https:\/\/www.lymphoma.ca\/fr\/a-notre-propos\/notre-equipe\/conseil-scientifique-consultatif\/\" \/>\n<meta property=\"og:locale\" content=\"fr_FR\" \/>\n<meta property=\"og:type\" content=\"article\" \/>\n<meta property=\"og:title\" content=\"Conseil scientifique consultatif - Lymphoma Canada\" \/>\n<meta property=\"og:description\" content=\"Nous tenons \u00e0 remercier chaleureusement les membres de notre Comit\u00e9 consultatif scientifique de Lymphome Canada pour leur engagement continu envers la communaut\u00e9 touch\u00e9e par le lymphome. Leur collaboration contribue directement...\" \/>\n<meta property=\"og:url\" content=\"https:\/\/www.lymphoma.ca\/fr\/a-notre-propos\/notre-equipe\/conseil-scientifique-consultatif\/\" \/>\n<meta property=\"og:site_name\" content=\"Lymphoma Canada\" \/>\n<meta property=\"article:publisher\" content=\"https:\/\/www.facebook.com\/LymphomaCanada\" \/>\n<meta property=\"article:modified_time\" content=\"2026-02-09T15:57:03+00:00\" \/>\n<meta name=\"twitter:card\" content=\"summary_large_image\" \/>\n<meta name=\"twitter:site\" content=\"@lymphomacanada\" \/>\n<meta name=\"twitter:label1\" content=\"Dur\u00e9e de lecture estim\u00e9e\" \/>\n\t<meta name=\"twitter:data1\" content=\"3 minutes\" \/>\n<script type=\"application\/ld+json\" class=\"yoast-schema-graph\">{\"@context\":\"https:\/\/schema.org\",\"@graph\":[{\"@type\":\"WebPage\",\"@id\":\"https:\/\/www.lymphoma.ca\/fr\/a-notre-propos\/notre-equipe\/conseil-scientifique-consultatif\/\",\"url\":\"https:\/\/www.lymphoma.ca\/fr\/a-notre-propos\/notre-equipe\/conseil-scientifique-consultatif\/\",\"name\":\"Conseil scientifique consultatif - Lymphoma Canada\",\"isPartOf\":{\"@id\":\"https:\/\/www.lymphoma.ca\/fr\/#website\"},\"datePublished\":\"2010-05-07T04:00:00+00:00\",\"dateModified\":\"2026-02-09T15:57:03+00:00\",\"breadcrumb\":{\"@id\":\"https:\/\/www.lymphoma.ca\/fr\/a-notre-propos\/notre-equipe\/conseil-scientifique-consultatif\/#breadcrumb\"},\"inLanguage\":\"fr-FR\",\"potentialAction\":[{\"@type\":\"ReadAction\",\"target\":[\"https:\/\/www.lymphoma.ca\/fr\/a-notre-propos\/notre-equipe\/conseil-scientifique-consultatif\/\"]}]},{\"@type\":\"BreadcrumbList\",\"@id\":\"https:\/\/www.lymphoma.ca\/fr\/a-notre-propos\/notre-equipe\/conseil-scientifique-consultatif\/#breadcrumb\",\"itemListElement\":[{\"@type\":\"ListItem\",\"position\":1,\"name\":\"Home\",\"item\":\"https:\/\/www.lymphoma.ca\/fr\/\"},{\"@type\":\"ListItem\",\"position\":2,\"name\":\"\u00c0 notre propos\",\"item\":\"https:\/\/www.lymphoma.ca\/fr\/a-notre-propos\/\"},{\"@type\":\"ListItem\",\"position\":3,\"name\":\"Notre \u00e9quipe\",\"item\":\"https:\/\/www.lymphoma.ca\/fr\/a-notre-propos\/notre-equipe\/\"},{\"@type\":\"ListItem\",\"position\":4,\"name\":\"Conseil scientifique consultatif\"}]},{\"@type\":\"WebSite\",\"@id\":\"https:\/\/www.lymphoma.ca\/fr\/#website\",\"url\":\"https:\/\/www.lymphoma.ca\/fr\/\",\"name\":\"Lymphoma Canada\",\"description\":\"Information. Help. Hope.\",\"publisher\":{\"@id\":\"https:\/\/www.lymphoma.ca\/fr\/#organization\"},\"potentialAction\":[{\"@type\":\"SearchAction\",\"target\":{\"@type\":\"EntryPoint\",\"urlTemplate\":\"https:\/\/www.lymphoma.ca\/fr\/?s={search_term_string}\"},\"query-input\":{\"@type\":\"PropertyValueSpecification\",\"valueRequired\":true,\"valueName\":\"search_term_string\"}}],\"inLanguage\":\"fr-FR\"},{\"@type\":\"Organization\",\"@id\":\"https:\/\/www.lymphoma.ca\/fr\/#organization\",\"name\":\"Lymphoma Canada\",\"url\":\"https:\/\/www.lymphoma.ca\/fr\/\",\"logo\":{\"@type\":\"ImageObject\",\"inLanguage\":\"fr-FR\",\"@id\":\"https:\/\/www.lymphoma.ca\/fr\/#\/schema\/logo\/image\/\",\"url\":\"https:\/\/www.lymphoma.ca\/wp-content\/uploads\/2023\/05\/logo-lymphoma.jpg\",\"contentUrl\":\"https:\/\/www.lymphoma.ca\/wp-content\/uploads\/2023\/05\/logo-lymphoma.jpg\",\"width\":343,\"height\":343,\"caption\":\"Lymphoma Canada\"},\"image\":{\"@id\":\"https:\/\/www.lymphoma.ca\/fr\/#\/schema\/logo\/image\/\"},\"sameAs\":[\"https:\/\/www.facebook.com\/LymphomaCanada\",\"https:\/\/x.com\/lymphomacanada\",\"https:\/\/www.linkedin.com\/company\/lymphoma-canada\/\",\"http:\/\/instagram.com\/lymphomacanada\",\"http:\/\/www.youtube.com\/user\/LymphomaTV\"]}]}<\/script>\n<!-- \/ Yoast SEO plugin. -->","yoast_head_json":{"title":"Conseil scientifique consultatif - Lymphoma Canada","robots":{"index":"index","follow":"follow","max-snippet":"max-snippet:-1","max-image-preview":"max-image-preview:large","max-video-preview":"max-video-preview:-1"},"canonical":"https:\/\/www.lymphoma.ca\/fr\/a-notre-propos\/notre-equipe\/conseil-scientifique-consultatif\/","og_locale":"fr_FR","og_type":"article","og_title":"Conseil scientifique consultatif - Lymphoma Canada","og_description":"Nous tenons \u00e0 remercier chaleureusement les membres de notre Comit\u00e9 consultatif scientifique de Lymphome Canada pour leur engagement continu envers la communaut\u00e9 touch\u00e9e par le lymphome. Leur collaboration contribue directement...","og_url":"https:\/\/www.lymphoma.ca\/fr\/a-notre-propos\/notre-equipe\/conseil-scientifique-consultatif\/","og_site_name":"Lymphoma Canada","article_publisher":"https:\/\/www.facebook.com\/LymphomaCanada","article_modified_time":"2026-02-09T15:57:03+00:00","twitter_card":"summary_large_image","twitter_site":"@lymphomacanada","twitter_misc":{"Dur\u00e9e de lecture estim\u00e9e":"3 minutes"},"schema":{"@context":"https:\/\/schema.org","@graph":[{"@type":"WebPage","@id":"https:\/\/www.lymphoma.ca\/fr\/a-notre-propos\/notre-equipe\/conseil-scientifique-consultatif\/","url":"https:\/\/www.lymphoma.ca\/fr\/a-notre-propos\/notre-equipe\/conseil-scientifique-consultatif\/","name":"Conseil scientifique consultatif - Lymphoma Canada","isPartOf":{"@id":"https:\/\/www.lymphoma.ca\/fr\/#website"},"datePublished":"2010-05-07T04:00:00+00:00","dateModified":"2026-02-09T15:57:03+00:00","breadcrumb":{"@id":"https:\/\/www.lymphoma.ca\/fr\/a-notre-propos\/notre-equipe\/conseil-scientifique-consultatif\/#breadcrumb"},"inLanguage":"fr-FR","potentialAction":[{"@type":"ReadAction","target":["https:\/\/www.lymphoma.ca\/fr\/a-notre-propos\/notre-equipe\/conseil-scientifique-consultatif\/"]}]},{"@type":"BreadcrumbList","@id":"https:\/\/www.lymphoma.ca\/fr\/a-notre-propos\/notre-equipe\/conseil-scientifique-consultatif\/#breadcrumb","itemListElement":[{"@type":"ListItem","position":1,"name":"Home","item":"https:\/\/www.lymphoma.ca\/fr\/"},{"@type":"ListItem","position":2,"name":"\u00c0 notre propos","item":"https:\/\/www.lymphoma.ca\/fr\/a-notre-propos\/"},{"@type":"ListItem","position":3,"name":"Notre \u00e9quipe","item":"https:\/\/www.lymphoma.ca\/fr\/a-notre-propos\/notre-equipe\/"},{"@type":"ListItem","position":4,"name":"Conseil scientifique consultatif"}]},{"@type":"WebSite","@id":"https:\/\/www.lymphoma.ca\/fr\/#website","url":"https:\/\/www.lymphoma.ca\/fr\/","name":"Lymphoma Canada","description":"Information. Help. Hope.","publisher":{"@id":"https:\/\/www.lymphoma.ca\/fr\/#organization"},"potentialAction":[{"@type":"SearchAction","target":{"@type":"EntryPoint","urlTemplate":"https:\/\/www.lymphoma.ca\/fr\/?s={search_term_string}"},"query-input":{"@type":"PropertyValueSpecification","valueRequired":true,"valueName":"search_term_string"}}],"inLanguage":"fr-FR"},{"@type":"Organization","@id":"https:\/\/www.lymphoma.ca\/fr\/#organization","name":"Lymphoma Canada","url":"https:\/\/www.lymphoma.ca\/fr\/","logo":{"@type":"ImageObject","inLanguage":"fr-FR","@id":"https:\/\/www.lymphoma.ca\/fr\/#\/schema\/logo\/image\/","url":"https:\/\/www.lymphoma.ca\/wp-content\/uploads\/2023\/05\/logo-lymphoma.jpg","contentUrl":"https:\/\/www.lymphoma.ca\/wp-content\/uploads\/2023\/05\/logo-lymphoma.jpg","width":343,"height":343,"caption":"Lymphoma Canada"},"image":{"@id":"https:\/\/www.lymphoma.ca\/fr\/#\/schema\/logo\/image\/"},"sameAs":["https:\/\/www.facebook.com\/LymphomaCanada","https:\/\/x.com\/lymphomacanada","https:\/\/www.linkedin.com\/company\/lymphoma-canada\/","http:\/\/instagram.com\/lymphomacanada","http:\/\/www.youtube.com\/user\/LymphomaTV"]}]}},"_links":{"self":[{"href":"https:\/\/www.lymphoma.ca\/fr\/wp-json\/wp\/v2\/pages\/391","targetHints":{"allow":["GET"]}}],"collection":[{"href":"https:\/\/www.lymphoma.ca\/fr\/wp-json\/wp\/v2\/pages"}],"about":[{"href":"https:\/\/www.lymphoma.ca\/fr\/wp-json\/wp\/v2\/types\/page"}],"author":[{"embeddable":true,"href":"https:\/\/www.lymphoma.ca\/fr\/wp-json\/wp\/v2\/users\/6"}],"replies":[{"embeddable":true,"href":"https:\/\/www.lymphoma.ca\/fr\/wp-json\/wp\/v2\/comments?post=391"}],"version-history":[{"count":9,"href":"https:\/\/www.lymphoma.ca\/fr\/wp-json\/wp\/v2\/pages\/391\/revisions"}],"predecessor-version":[{"id":19738,"href":"https:\/\/www.lymphoma.ca\/fr\/wp-json\/wp\/v2\/pages\/391\/revisions\/19738"}],"up":[{"embeddable":true,"href":"https:\/\/www.lymphoma.ca\/fr\/wp-json\/wp\/v2\/pages\/488"}],"wp:attachment":[{"href":"https:\/\/www.lymphoma.ca\/fr\/wp-json\/wp\/v2\/media?parent=391"}],"wp:term":[{"taxonomy":"category","embeddable":true,"href":"https:\/\/www.lymphoma.ca\/fr\/wp-json\/wp\/v2\/categories?post=391"},{"taxonomy":"post_tag","embeddable":true,"href":"https:\/\/www.lymphoma.ca\/fr\/wp-json\/wp\/v2\/tags?post=391"}],"curies":[{"name":"wp","href":"https:\/\/api.w.org\/{rel}","templated":true}]}}