{"id":392,"date":"2010-05-07T04:00:00","date_gmt":"2010-05-07T04:00:00","guid":{"rendered":"https:\/\/www.lymphoma.ca\/?page_id=392"},"modified":"2010-05-07T04:00:00","modified_gmt":"2010-05-07T04:00:00","slug":"comite-consultatif-des-soins-de-sante","status":"publish","type":"page","link":"https:\/\/www.lymphoma.ca\/fr\/comite-consultatif-des-soins-de-sante\/","title":{"rendered":"Comit\u00e9 consultatif des soins de sant\u00e9"},"content":{"rendered":"<ul>\n<li>Dr Joe&nbsp;Connors<br \/>\n    BC Cancer Agency, Vancouver, Colombie-Britannique<\/li>\n<li>Dr Laurie&nbsp;Sehn<br \/>\n    BC Cancer Agency, Vancouver, Colombie-Britannique<\/li>\n<li>Dr Douglas&nbsp;Stewart<br \/>\n    Tom&nbsp;Baker Cancer Centre, Calgary, Alberta<\/li>\n<li>Dr John&nbsp;Kuruvilla<br \/>\n    Princess Margaret Hospital, Toronto, Ontario<\/li>\n<li>Dr Chaim&nbsp;Shustik<br \/>\n    H\u00f4pital Royal Victoria, Montr\u00e9al, Qu\u00e9bec<\/li>\n<\/ul>\n<p><\/p>\n<ul>\n<li>Chantal&nbsp;Cloutier<br \/>\n    H\u00f4pital g\u00e9n\u00e9ral juif, Montr\u00e9al, Qu\u00e9bec<\/li>\n<li>Wanda&nbsp;Ferguson<br \/>\n    Queen Elizabeth&nbsp;II Health Science Centre, Halifax, Nouvelle-\u00c9cosse<\/li>\n<li>Rosemary&nbsp;Cashman<br \/>\n    BC Cancer Agency, Vancouver, Colombie-Britannique<\/li>\n<\/ul>\n<p>$starRating <\/p>\n","protected":false},"excerpt":{"rendered":"<p>Dr Joe&nbsp;Connors BC Cancer Agency, Vancouver, Colombie-Britannique Dr Laurie&nbsp;Sehn BC Cancer Agency, Vancouver, Colombie-Britannique Dr Douglas&nbsp;Stewart Tom&nbsp;Baker Cancer Centre, Calgary, Alberta Dr John&nbsp;Kuruvilla Princess Margaret Hospital, Toronto, Ontario Dr Chaim&nbsp;Shustik&#8230;<\/p>\n","protected":false},"author":6,"featured_media":0,"parent":0,"menu_order":12,"comment_status":"closed","ping_status":"closed","template":"","meta":{"_acf_changed":false,"footnotes":""},"categories":[],"tags":[],"class_list":["post-392","page","type-page","status-publish"],"acf":[],"yoast_head":"<!-- This site is optimized with the Yoast SEO plugin v26.7 - https:\/\/yoast.com\/wordpress\/plugins\/seo\/ -->\n<title>Comit\u00e9 consultatif des soins de sant\u00e9 - Lymphoma Canada<\/title>\n<meta name=\"robots\" content=\"index, follow, max-snippet:-1, max-image-preview:large, max-video-preview:-1\" \/>\n<link rel=\"canonical\" href=\"https:\/\/www.lymphoma.ca\/fr\/comite-consultatif-des-soins-de-sante\/\" \/>\n<meta property=\"og:locale\" content=\"fr_FR\" \/>\n<meta property=\"og:type\" content=\"article\" \/>\n<meta property=\"og:title\" content=\"Comit\u00e9 consultatif des soins de sant\u00e9 - Lymphoma Canada\" \/>\n<meta property=\"og:description\" content=\"Dr Joe&nbsp;Connors BC Cancer Agency, Vancouver, Colombie-Britannique Dr Laurie&nbsp;Sehn BC Cancer Agency, Vancouver, Colombie-Britannique Dr Douglas&nbsp;Stewart Tom&nbsp;Baker Cancer Centre, Calgary, Alberta Dr John&nbsp;Kuruvilla Princess Margaret Hospital, Toronto, Ontario Dr Chaim&nbsp;Shustik...\" \/>\n<meta property=\"og:url\" content=\"https:\/\/www.lymphoma.ca\/fr\/comite-consultatif-des-soins-de-sante\/\" \/>\n<meta property=\"og:site_name\" content=\"Lymphoma Canada\" \/>\n<meta property=\"article:publisher\" content=\"https:\/\/www.facebook.com\/LymphomaCanada\" \/>\n<meta name=\"twitter:card\" content=\"summary_large_image\" \/>\n<meta name=\"twitter:site\" content=\"@lymphomacanada\" \/>\n<script type=\"application\/ld+json\" class=\"yoast-schema-graph\">{\"@context\":\"https:\/\/schema.org\",\"@graph\":[{\"@type\":\"WebPage\",\"@id\":\"https:\/\/www.lymphoma.ca\/fr\/comite-consultatif-des-soins-de-sante\/\",\"url\":\"https:\/\/www.lymphoma.ca\/fr\/comite-consultatif-des-soins-de-sante\/\",\"name\":\"Comit\u00e9 consultatif des soins de sant\u00e9 - Lymphoma Canada\",\"isPartOf\":{\"@id\":\"https:\/\/www.lymphoma.ca\/fr\/#website\"},\"datePublished\":\"2010-05-07T04:00:00+00:00\",\"breadcrumb\":{\"@id\":\"https:\/\/www.lymphoma.ca\/fr\/comite-consultatif-des-soins-de-sante\/#breadcrumb\"},\"inLanguage\":\"fr-FR\",\"potentialAction\":[{\"@type\":\"ReadAction\",\"target\":[\"https:\/\/www.lymphoma.ca\/fr\/comite-consultatif-des-soins-de-sante\/\"]}]},{\"@type\":\"BreadcrumbList\",\"@id\":\"https:\/\/www.lymphoma.ca\/fr\/comite-consultatif-des-soins-de-sante\/#breadcrumb\",\"itemListElement\":[{\"@type\":\"ListItem\",\"position\":1,\"name\":\"Home\",\"item\":\"https:\/\/www.lymphoma.ca\/fr\/\"},{\"@type\":\"ListItem\",\"position\":2,\"name\":\"Comit\u00e9 consultatif des soins de sant\u00e9\"}]},{\"@type\":\"WebSite\",\"@id\":\"https:\/\/www.lymphoma.ca\/fr\/#website\",\"url\":\"https:\/\/www.lymphoma.ca\/fr\/\",\"name\":\"Lymphoma Canada\",\"description\":\"Information. Help. Hope.\",\"publisher\":{\"@id\":\"https:\/\/www.lymphoma.ca\/fr\/#organization\"},\"potentialAction\":[{\"@type\":\"SearchAction\",\"target\":{\"@type\":\"EntryPoint\",\"urlTemplate\":\"https:\/\/www.lymphoma.ca\/fr\/?s={search_term_string}\"},\"query-input\":{\"@type\":\"PropertyValueSpecification\",\"valueRequired\":true,\"valueName\":\"search_term_string\"}}],\"inLanguage\":\"fr-FR\"},{\"@type\":\"Organization\",\"@id\":\"https:\/\/www.lymphoma.ca\/fr\/#organization\",\"name\":\"Lymphoma Canada\",\"url\":\"https:\/\/www.lymphoma.ca\/fr\/\",\"logo\":{\"@type\":\"ImageObject\",\"inLanguage\":\"fr-FR\",\"@id\":\"https:\/\/www.lymphoma.ca\/fr\/#\/schema\/logo\/image\/\",\"url\":\"https:\/\/www.lymphoma.ca\/wp-content\/uploads\/2023\/05\/logo-lymphoma.jpg\",\"contentUrl\":\"https:\/\/www.lymphoma.ca\/wp-content\/uploads\/2023\/05\/logo-lymphoma.jpg\",\"width\":343,\"height\":343,\"caption\":\"Lymphoma Canada\"},\"image\":{\"@id\":\"https:\/\/www.lymphoma.ca\/fr\/#\/schema\/logo\/image\/\"},\"sameAs\":[\"https:\/\/www.facebook.com\/LymphomaCanada\",\"https:\/\/x.com\/lymphomacanada\",\"https:\/\/www.linkedin.com\/company\/lymphoma-canada\/\",\"http:\/\/instagram.com\/lymphomacanada\",\"http:\/\/www.youtube.com\/user\/LymphomaTV\"]}]}<\/script>\n<!-- \/ Yoast SEO plugin. -->","yoast_head_json":{"title":"Comit\u00e9 consultatif des soins de sant\u00e9 - Lymphoma Canada","robots":{"index":"index","follow":"follow","max-snippet":"max-snippet:-1","max-image-preview":"max-image-preview:large","max-video-preview":"max-video-preview:-1"},"canonical":"https:\/\/www.lymphoma.ca\/fr\/comite-consultatif-des-soins-de-sante\/","og_locale":"fr_FR","og_type":"article","og_title":"Comit\u00e9 consultatif des soins de sant\u00e9 - Lymphoma Canada","og_description":"Dr Joe&nbsp;Connors BC Cancer Agency, Vancouver, Colombie-Britannique Dr Laurie&nbsp;Sehn BC Cancer Agency, Vancouver, Colombie-Britannique Dr Douglas&nbsp;Stewart Tom&nbsp;Baker Cancer Centre, Calgary, Alberta Dr John&nbsp;Kuruvilla Princess Margaret Hospital, Toronto, Ontario Dr Chaim&nbsp;Shustik...","og_url":"https:\/\/www.lymphoma.ca\/fr\/comite-consultatif-des-soins-de-sante\/","og_site_name":"Lymphoma Canada","article_publisher":"https:\/\/www.facebook.com\/LymphomaCanada","twitter_card":"summary_large_image","twitter_site":"@lymphomacanada","schema":{"@context":"https:\/\/schema.org","@graph":[{"@type":"WebPage","@id":"https:\/\/www.lymphoma.ca\/fr\/comite-consultatif-des-soins-de-sante\/","url":"https:\/\/www.lymphoma.ca\/fr\/comite-consultatif-des-soins-de-sante\/","name":"Comit\u00e9 consultatif des soins de sant\u00e9 - Lymphoma Canada","isPartOf":{"@id":"https:\/\/www.lymphoma.ca\/fr\/#website"},"datePublished":"2010-05-07T04:00:00+00:00","breadcrumb":{"@id":"https:\/\/www.lymphoma.ca\/fr\/comite-consultatif-des-soins-de-sante\/#breadcrumb"},"inLanguage":"fr-FR","potentialAction":[{"@type":"ReadAction","target":["https:\/\/www.lymphoma.ca\/fr\/comite-consultatif-des-soins-de-sante\/"]}]},{"@type":"BreadcrumbList","@id":"https:\/\/www.lymphoma.ca\/fr\/comite-consultatif-des-soins-de-sante\/#breadcrumb","itemListElement":[{"@type":"ListItem","position":1,"name":"Home","item":"https:\/\/www.lymphoma.ca\/fr\/"},{"@type":"ListItem","position":2,"name":"Comit\u00e9 consultatif des soins de sant\u00e9"}]},{"@type":"WebSite","@id":"https:\/\/www.lymphoma.ca\/fr\/#website","url":"https:\/\/www.lymphoma.ca\/fr\/","name":"Lymphoma Canada","description":"Information. Help. Hope.","publisher":{"@id":"https:\/\/www.lymphoma.ca\/fr\/#organization"},"potentialAction":[{"@type":"SearchAction","target":{"@type":"EntryPoint","urlTemplate":"https:\/\/www.lymphoma.ca\/fr\/?s={search_term_string}"},"query-input":{"@type":"PropertyValueSpecification","valueRequired":true,"valueName":"search_term_string"}}],"inLanguage":"fr-FR"},{"@type":"Organization","@id":"https:\/\/www.lymphoma.ca\/fr\/#organization","name":"Lymphoma Canada","url":"https:\/\/www.lymphoma.ca\/fr\/","logo":{"@type":"ImageObject","inLanguage":"fr-FR","@id":"https:\/\/www.lymphoma.ca\/fr\/#\/schema\/logo\/image\/","url":"https:\/\/www.lymphoma.ca\/wp-content\/uploads\/2023\/05\/logo-lymphoma.jpg","contentUrl":"https:\/\/www.lymphoma.ca\/wp-content\/uploads\/2023\/05\/logo-lymphoma.jpg","width":343,"height":343,"caption":"Lymphoma Canada"},"image":{"@id":"https:\/\/www.lymphoma.ca\/fr\/#\/schema\/logo\/image\/"},"sameAs":["https:\/\/www.facebook.com\/LymphomaCanada","https:\/\/x.com\/lymphomacanada","https:\/\/www.linkedin.com\/company\/lymphoma-canada\/","http:\/\/instagram.com\/lymphomacanada","http:\/\/www.youtube.com\/user\/LymphomaTV"]}]}},"_links":{"self":[{"href":"https:\/\/www.lymphoma.ca\/fr\/wp-json\/wp\/v2\/pages\/392","targetHints":{"allow":["GET"]}}],"collection":[{"href":"https:\/\/www.lymphoma.ca\/fr\/wp-json\/wp\/v2\/pages"}],"about":[{"href":"https:\/\/www.lymphoma.ca\/fr\/wp-json\/wp\/v2\/types\/page"}],"author":[{"embeddable":true,"href":"https:\/\/www.lymphoma.ca\/fr\/wp-json\/wp\/v2\/users\/6"}],"replies":[{"embeddable":true,"href":"https:\/\/www.lymphoma.ca\/fr\/wp-json\/wp\/v2\/comments?post=392"}],"version-history":[{"count":0,"href":"https:\/\/www.lymphoma.ca\/fr\/wp-json\/wp\/v2\/pages\/392\/revisions"}],"wp:attachment":[{"href":"https:\/\/www.lymphoma.ca\/fr\/wp-json\/wp\/v2\/media?parent=392"}],"wp:term":[{"taxonomy":"category","embeddable":true,"href":"https:\/\/www.lymphoma.ca\/fr\/wp-json\/wp\/v2\/categories?post=392"},{"taxonomy":"post_tag","embeddable":true,"href":"https:\/\/www.lymphoma.ca\/fr\/wp-json\/wp\/v2\/tags?post=392"}],"curies":[{"name":"wp","href":"https:\/\/api.w.org\/{rel}","templated":true}]}}