{"id":400,"date":"2010-05-07T04:00:00","date_gmt":"2010-05-07T04:00:00","guid":{"rendered":"https:\/\/www.lymphoma.ca\/?page_id=400"},"modified":"2026-02-09T18:22:47","modified_gmt":"2026-02-09T18:22:47","slug":"rapports-annuel","status":"publish","type":"page","link":"https:\/\/www.lymphoma.ca\/fr\/a-notre-propos\/rapports-annuel\/","title":{"rendered":"Rapports annuels et \u00e9tats financiers"},"content":{"rendered":"[vc_row type=\u00a0\u00bbin_container\u00a0\u00bb full_screen_row_position=\u00a0\u00bbmiddle\u00a0\u00bb column_margin=\u00a0\u00bbdefault\u00a0\u00bb column_direction=\u00a0\u00bbdefault\u00a0\u00bb column_direction_tablet=\u00a0\u00bbdefault\u00a0\u00bb column_direction_phone=\u00a0\u00bbdefault\u00a0\u00bb scene_position=\u00a0\u00bbcenter\u00a0\u00bb text_color=\u00a0\u00bbdark\u00a0\u00bb text_align=\u00a0\u00bbleft\u00a0\u00bb row_border_radius=\u00a0\u00bbnone\u00a0\u00bb row_border_radius_applies=\u00a0\u00bbbg\u00a0\u00bb overflow=\u00a0\u00bbvisible\u00a0\u00bb overlay_strength=\u00a0\u00bb0.3&Prime; gradient_direction=\u00a0\u00bbleft_to_right\u00a0\u00bb shape_divider_position=\u00a0\u00bbbottom\u00a0\u00bb bg_image_animation=\u00a0\u00bbnone\u00a0\u00bb][vc_column column_padding=\u00a0\u00bbno-extra-padding\u00a0\u00bb column_padding_tablet=\u00a0\u00bbinherit\u00a0\u00bb column_padding_phone=\u00a0\u00bbinherit\u00a0\u00bb column_padding_position=\u00a0\u00bball\u00a0\u00bb column_element_direction_desktop=\u00a0\u00bbdefault\u00a0\u00bb column_element_spacing=\u00a0\u00bbdefault\u00a0\u00bb desktop_text_alignment=\u00a0\u00bbdefault\u00a0\u00bb tablet_text_alignment=\u00a0\u00bbdefault\u00a0\u00bb phone_text_alignment=\u00a0\u00bbdefault\u00a0\u00bb background_color_opacity=\u00a0\u00bb1&Prime; background_hover_color_opacity=\u00a0\u00bb1&Prime; column_backdrop_filter=\u00a0\u00bbnone\u00a0\u00bb column_shadow=\u00a0\u00bbnone\u00a0\u00bb column_border_radius=\u00a0\u00bbnone\u00a0\u00bb column_link_target=\u00a0\u00bb_self\u00a0\u00bb column_position=\u00a0\u00bbdefault\u00a0\u00bb gradient_direction=\u00a0\u00bbleft_to_right\u00a0\u00bb overlay_strength=\u00a0\u00bb0.3&Prime; width=\u00a0\u00bb1\/1&Prime; tablet_width_inherit=\u00a0\u00bbdefault\u00a0\u00bb animation_type=\u00a0\u00bbdefault\u00a0\u00bb bg_image_animation=\u00a0\u00bbnone\u00a0\u00bb border_type=\u00a0\u00bbsimple\u00a0\u00bb column_border_width=\u00a0\u00bbnone\u00a0\u00bb column_border_style=\u00a0\u00bbsolid\u00a0\u00bb][vc_column_text css=\u00a0\u00bb\u00a0\u00bb text_direction=\u00a0\u00bbdefault\u00a0\u00bb]Gr\u00e2ce \u00e0 l&rsquo;aide infructueuse de nos donateurs, Lymphome Canada continue de fournir un soutien r\u00e9gulier \u00e0 ceux qui sont touch\u00e9s par le lymphome. Il habilite la communaut\u00e9 des lymphomes \u00e0 travers l&rsquo;\u00e9ducation, le soutien et la recherche. Un petit pourcentage des fonds recueillis concerne les frais administratifs et les frais g\u00e9n\u00e9raux. La plupart des revenus b\u00e9n\u00e9ficient directement \u00e0 la communaut\u00e9 des lymphomes.<\/p>\n<h4>Rapport Annuel<\/h4>\n<p><a href=\"https:\/\/www.lymphoma.ca\/wp-content\/uploads\/2025\/07\/20250715_AnnualReport_FR_WEB-Final_com.pdf\">Rapport annuel 2024<\/a><\/p>\n<p><a href=\"https:\/\/www.lymphoma.ca\/wp-content\/uploads\/2024\/06\/20240626_AnnualReport_FR_REVIEW2-1.pdf\">Rapport annuel 2023<\/a><\/p>\n<p><a href=\"https:\/\/www.lymphoma.ca\/wp-content\/uploads\/2023\/06\/20230620_AnnualReport_FR_REVIEW2.pdf\" target=\"_blank\" rel=\"noopener\">Rapport annuel 2022<\/a><\/p>\n<p><a href=\"https:\/\/www.lymphoma.ca\/wp-content\/uploads\/2022\/07\/LC-AnnualReport_-WEB-FR-Final.pdf\" target=\"_blank\" rel=\"noopener\">Rapport annuel 2021<\/a><\/p>\n<p><a href=\"https:\/\/www.lymphoma.ca\/wp-content\/uploads\/2021\/06\/20210607_AnnualReport_FR_FINAL.pdf\" target=\"_blank\" rel=\"noopener\">Rapport annuel 2020<\/a><\/p>\n<p><a href=\"https:\/\/www.lymphoma.ca\/wp-content\/uploads\/2020\/10\/LC-ANNUAL-REPORT-2019-French-FINAL.pdf\">Rapport annuel 2019<\/a><\/p>\n<p><a href=\"https:\/\/www.lymphoma.ca\/wp-content\/uploads\/2010\/05\/2018-lc-ar-web_-_fr_0.pdf\">Rapport annuel 2018<\/a><\/p>\n<p><a href=\"https:\/\/www.lymphoma.ca\/wp-content\/uploads\/2010\/05\/20180716-lc-ar-fr-web-spreads.pdf\">Rapport annuel 2017<\/a><\/p>\n<p><a href=\"https:\/\/www.lymphoma.ca\/wp-content\/uploads\/2010\/05\/20170711-lc-ar-fr-web-spreads.pdf\" target=\"_blank\" rel=\"noopener noreferrer\">Rapport annuel 2016<\/a><\/p>\n<p><a href=\"https:\/\/www.lymphoma.ca\/wp-content\/uploads\/2010\/05\/20170303-lc-ar-final-spreads.pdf\">Rapport annuel 2015<\/a>\u00a0(anglais seulement)<\/p>\n<p><a href=\"https:\/\/www.lymphoma.ca\/wp-content\/uploads\/2010\/05\/lc-annualreport2014-final.pdf\">Rapport annuel 2014<\/a>\u00a0(anglais seulement)<\/p>\n<p><a href=\"https:\/\/www.lymphoma.ca\/wp-content\/uploads\/2010\/05\/lc-annualreport2013-sept_15_2015-web.pdf\">Rapport annuel 2013<\/a>\u00a0(anglais seulement)<\/p>\n<p><span style=\"color: #8d8926; font-family: 'Montreal Serial', 'Helvetica Neue', Helvetica, Arial, sans-serif; font-size: 18px; text-transform: uppercase;\">\u00a0<\/span><\/p>\n<h4 id=\"tw-target-text\" class=\"tw-data-text tw-text-large tw-ta\" dir=\"ltr\" data-placeholder=\"Translation\"><span lang=\"fr\">\u00c9tats financiers audit\u00e9s<\/span><\/h4>\n<p><a href=\"https:\/\/www.lymphoma.ca\/wp-content\/uploads\/2025\/06\/FINAL-FS-Lymphoma-Canada-2024.pdf\">2024 \u00c9tats financiers audit\u00e9s<\/a> \u00a0(anglais seulement)<\/p>\n<p><a href=\"https:\/\/www.lymphoma.ca\/wp-content\/uploads\/2024\/06\/Lymphoma-Canada-FS-A23-FINAL54538.pdf\">2023 \u00c9tats financiers audit\u00e9s<\/a> \u00a0(anglais seulement)<\/p>\n<p><a href=\"https:\/\/www.lymphoma.ca\/wp-content\/uploads\/2023\/08\/Lymphoma-Canada-FS-A22-FINAL-Signed.pdf\" target=\"_blank\" rel=\"noopener\">2022 \u00c9tats financiers audit\u00e9s<\/a> \u00a0(anglais seulement)<\/p>\n<p><a href=\"https:\/\/www.lymphoma.ca\/wp-content\/uploads\/2022\/07\/Lymphoma-Canada-FS-A21-Final-signed.pdf\" target=\"_blank\" rel=\"noopener\">2021 \u00c9tats financiers audit\u00e9s<\/a> \u00a0(anglais seulement)<\/p>\n<p><a href=\"https:\/\/www.lymphoma.ca\/wp-content\/uploads\/2021\/06\/Lymphoma-Canada-FS-A20-Final.pdf\" target=\"_blank\" rel=\"noopener\">2020 \u00c9tats financiers audit\u00e9s<\/a> \u00a0(anglais seulement)<\/p>\n<p><a href=\"https:\/\/www.lymphoma.ca\/wp-content\/uploads\/2020\/07\/2019-Audited-Financial-Statements_Signed.pdf\" target=\"_blank\" rel=\"noopener\">2019 \u00c9tats financiers audit\u00e9s<\/a> \u00a0(anglais seulement)<\/p>\n<p><a href=\"https:\/\/www.lymphoma.ca\/wp-content\/uploads\/2010\/05\/2018_audited_financial_statements_signed.pdf\">2018 \u00c9tats financiers audit\u00e9s<\/a>\u00a0 (anglais seulement)<\/p>\n<p><a href=\"https:\/\/www.lymphoma.ca\/wp-content\/uploads\/2010\/05\/2017_audited_financial_statements_web.pdf\">2017 \u00c9tats financiers audit\u00e9s<\/a>\u00a0 (anglais seulement)<\/p>\n<p><a title=\"Audited Financial Statement 2016\" href=\"https:\/\/www.lymphoma.ca\/wp-content\/uploads\/2010\/05\/2016_audited_financial_statements.pdf\" target=\"_blank\" rel=\"noopener noreferrer\">2016 \u00c9tats financiers audit\u00e9s<\/a>\u00a0 (anglais seulement)<\/p>\n<p><a title=\"Audited Financial Statement 2015\" href=\"https:\/\/www.lymphoma.ca\/wp-content\/uploads\/2010\/05\/2015_audited_financial_statements-signed.pdf\" target=\"_blank\" rel=\"noopener noreferrer\">2015 \u00c9tats financiers audit\u00e9s<\/a>\u00a0 (anglais seulement)<\/p>\n<p><a title=\"2014 Audited Financial Statement\" href=\"https:\/\/www.lymphoma.ca\/wp-content\/uploads\/2010\/05\/2014_audited_financial_statements.pdf\" target=\"_blank\" rel=\"noopener noreferrer\">2014 \u00c9tats financiers audit\u00e9s<\/a>\u00a0 (anglais seulement)<\/p>\n<p><a title=\"2013 Audited Statements\" href=\"https:\/\/www.lymphoma.ca\/wp-content\/uploads\/2010\/05\/2013_audited_financial_statements.pdf\">2013 \u00c9tats financiers audit\u00e9s<\/a>\u00a0 (anglais seulement)<\/p>\n<p><a title=\"2012 Audited Financial Statments\" href=\"https:\/\/www.lymphoma.ca\/wp-content\/uploads\/2010\/05\/2012_audited_financial_statements.pdf\">2012 \u00c9tats financiers audit\u00e9s<\/a>\u00a0 (anglais seulement)<\/p>\n<p><a title=\"2011 Audited Financial Statments\" href=\"https:\/\/www.lymphoma.ca\/wp-content\/uploads\/2010\/05\/2011_audited_financial_statements.pdf\">2011 \u00c9tats financiers audit\u00e9s<\/a>\u00a0 (anglais seulement)<\/p>\n<p><a title=\"2010 Audited Financial Statments\" href=\"https:\/\/www.lymphoma.ca\/wp-content\/uploads\/2010\/05\/2010_audited_financial_statements.pdf\">2010 \u00c9tats financiers audit\u00e9s<\/a>\u00a0 (anglais seulement)<\/p>\n<p><a title=\"2009 Audited Financial Statments\" href=\"https:\/\/www.lymphoma.ca\/wp-content\/uploads\/2010\/05\/2009_audited_financial_statements.pdf\">2009 \u00c9tats financiers audit\u00e9s<\/a>\u00a0 (anglais seulement)[\/vc_column_text][\/vc_column][\/vc_row]\n","protected":false},"excerpt":{"rendered":"<p>[vc_row type=\u00a0\u00bbin_container\u00a0\u00bb full_screen_row_position=\u00a0\u00bbmiddle\u00a0\u00bb column_margin=\u00a0\u00bbdefault\u00a0\u00bb column_direction=\u00a0\u00bbdefault\u00a0\u00bb column_direction_tablet=\u00a0\u00bbdefault\u00a0\u00bb column_direction_phone=\u00a0\u00bbdefault\u00a0\u00bb scene_position=\u00a0\u00bbcenter\u00a0\u00bb text_color=\u00a0\u00bbdark\u00a0\u00bb text_align=\u00a0\u00bbleft\u00a0\u00bb row_border_radius=\u00a0\u00bbnone\u00a0\u00bb row_border_radius_applies=\u00a0\u00bbbg\u00a0\u00bb overflow=\u00a0\u00bbvisible\u00a0\u00bb overlay_strength=\u00a0\u00bb0.3&Prime; gradient_direction=\u00a0\u00bbleft_to_right\u00a0\u00bb shape_divider_position=\u00a0\u00bbbottom\u00a0\u00bb bg_image_animation=\u00a0\u00bbnone\u00a0\u00bb][vc_column column_padding=\u00a0\u00bbno-extra-padding\u00a0\u00bb column_padding_tablet=\u00a0\u00bbinherit\u00a0\u00bb column_padding_phone=\u00a0\u00bbinherit\u00a0\u00bb column_padding_position=\u00a0\u00bball\u00a0\u00bb column_element_direction_desktop=\u00a0\u00bbdefault\u00a0\u00bb column_element_spacing=\u00a0\u00bbdefault\u00a0\u00bb desktop_text_alignment=\u00a0\u00bbdefault\u00a0\u00bb tablet_text_alignment=\u00a0\u00bbdefault\u00a0\u00bb phone_text_alignment=\u00a0\u00bbdefault\u00a0\u00bb background_color_opacity=\u00a0\u00bb1&Prime; background_hover_color_opacity=\u00a0\u00bb1&Prime; column_backdrop_filter=\u00a0\u00bbnone\u00a0\u00bb column_shadow=\u00a0\u00bbnone\u00a0\u00bb&#8230;<\/p>\n","protected":false},"author":6,"featured_media":0,"parent":389,"menu_order":1,"comment_status":"closed","ping_status":"closed","template":"page-sidebar.php","meta":{"_acf_changed":false,"footnotes":""},"categories":[],"tags":[],"class_list":["post-400","page","type-page","status-publish"],"acf":[],"yoast_head":"<!-- This site is optimized with the Yoast SEO plugin v26.7 - https:\/\/yoast.com\/wordpress\/plugins\/seo\/ -->\n<title>Rapports annuels et \u00e9tats financiers - Lymphoma Canada<\/title>\n<meta name=\"robots\" content=\"index, follow, max-snippet:-1, max-image-preview:large, max-video-preview:-1\" \/>\n<link rel=\"canonical\" href=\"https:\/\/www.lymphoma.ca\/fr\/a-notre-propos\/rapports-annuel\/\" \/>\n<meta property=\"og:locale\" content=\"fr_FR\" \/>\n<meta property=\"og:type\" content=\"article\" \/>\n<meta property=\"og:title\" content=\"Rapports annuels et \u00e9tats financiers - Lymphoma Canada\" \/>\n<meta property=\"og:description\" content=\"[vc_row type=\u00a0\u00bbin_container\u00a0\u00bb full_screen_row_position=\u00a0\u00bbmiddle\u00a0\u00bb column_margin=\u00a0\u00bbdefault\u00a0\u00bb column_direction=\u00a0\u00bbdefault\u00a0\u00bb column_direction_tablet=\u00a0\u00bbdefault\u00a0\u00bb column_direction_phone=\u00a0\u00bbdefault\u00a0\u00bb scene_position=\u00a0\u00bbcenter\u00a0\u00bb text_color=\u00a0\u00bbdark\u00a0\u00bb text_align=\u00a0\u00bbleft\u00a0\u00bb row_border_radius=\u00a0\u00bbnone\u00a0\u00bb row_border_radius_applies=\u00a0\u00bbbg\u00a0\u00bb overflow=\u00a0\u00bbvisible\u00a0\u00bb overlay_strength=\u00a0\u00bb0.3&Prime; gradient_direction=\u00a0\u00bbleft_to_right\u00a0\u00bb shape_divider_position=\u00a0\u00bbbottom\u00a0\u00bb bg_image_animation=\u00a0\u00bbnone\u00a0\u00bb][vc_column column_padding=\u00a0\u00bbno-extra-padding\u00a0\u00bb column_padding_tablet=\u00a0\u00bbinherit\u00a0\u00bb column_padding_phone=\u00a0\u00bbinherit\u00a0\u00bb column_padding_position=\u00a0\u00bball\u00a0\u00bb column_element_direction_desktop=\u00a0\u00bbdefault\u00a0\u00bb column_element_spacing=\u00a0\u00bbdefault\u00a0\u00bb desktop_text_alignment=\u00a0\u00bbdefault\u00a0\u00bb tablet_text_alignment=\u00a0\u00bbdefault\u00a0\u00bb phone_text_alignment=\u00a0\u00bbdefault\u00a0\u00bb background_color_opacity=\u00a0\u00bb1&Prime; background_hover_color_opacity=\u00a0\u00bb1&Prime; column_backdrop_filter=\u00a0\u00bbnone\u00a0\u00bb column_shadow=\u00a0\u00bbnone\u00a0\u00bb...\" \/>\n<meta property=\"og:url\" content=\"https:\/\/www.lymphoma.ca\/fr\/a-notre-propos\/rapports-annuel\/\" \/>\n<meta property=\"og:site_name\" content=\"Lymphoma Canada\" \/>\n<meta property=\"article:publisher\" content=\"https:\/\/www.facebook.com\/LymphomaCanada\" \/>\n<meta property=\"article:modified_time\" content=\"2026-02-09T18:22:47+00:00\" \/>\n<meta name=\"twitter:card\" content=\"summary_large_image\" \/>\n<meta name=\"twitter:site\" content=\"@lymphomacanada\" \/>\n<meta name=\"twitter:label1\" content=\"Dur\u00e9e de lecture estim\u00e9e\" \/>\n\t<meta name=\"twitter:data1\" content=\"1 minute\" \/>\n<script type=\"application\/ld+json\" class=\"yoast-schema-graph\">{\"@context\":\"https:\/\/schema.org\",\"@graph\":[{\"@type\":\"WebPage\",\"@id\":\"https:\/\/www.lymphoma.ca\/fr\/a-notre-propos\/rapports-annuel\/\",\"url\":\"https:\/\/www.lymphoma.ca\/fr\/a-notre-propos\/rapports-annuel\/\",\"name\":\"Rapports annuels et \u00e9tats financiers - Lymphoma Canada\",\"isPartOf\":{\"@id\":\"https:\/\/www.lymphoma.ca\/fr\/#website\"},\"datePublished\":\"2010-05-07T04:00:00+00:00\",\"dateModified\":\"2026-02-09T18:22:47+00:00\",\"breadcrumb\":{\"@id\":\"https:\/\/www.lymphoma.ca\/fr\/a-notre-propos\/rapports-annuel\/#breadcrumb\"},\"inLanguage\":\"fr-FR\",\"potentialAction\":[{\"@type\":\"ReadAction\",\"target\":[\"https:\/\/www.lymphoma.ca\/fr\/a-notre-propos\/rapports-annuel\/\"]}]},{\"@type\":\"BreadcrumbList\",\"@id\":\"https:\/\/www.lymphoma.ca\/fr\/a-notre-propos\/rapports-annuel\/#breadcrumb\",\"itemListElement\":[{\"@type\":\"ListItem\",\"position\":1,\"name\":\"Home\",\"item\":\"https:\/\/www.lymphoma.ca\/fr\/\"},{\"@type\":\"ListItem\",\"position\":2,\"name\":\"\u00c0 notre propos\",\"item\":\"https:\/\/www.lymphoma.ca\/fr\/a-notre-propos\/\"},{\"@type\":\"ListItem\",\"position\":3,\"name\":\"Rapports annuels et \u00e9tats financiers\"}]},{\"@type\":\"WebSite\",\"@id\":\"https:\/\/www.lymphoma.ca\/fr\/#website\",\"url\":\"https:\/\/www.lymphoma.ca\/fr\/\",\"name\":\"Lymphoma Canada\",\"description\":\"Information. Help. Hope.\",\"publisher\":{\"@id\":\"https:\/\/www.lymphoma.ca\/fr\/#organization\"},\"potentialAction\":[{\"@type\":\"SearchAction\",\"target\":{\"@type\":\"EntryPoint\",\"urlTemplate\":\"https:\/\/www.lymphoma.ca\/fr\/?s={search_term_string}\"},\"query-input\":{\"@type\":\"PropertyValueSpecification\",\"valueRequired\":true,\"valueName\":\"search_term_string\"}}],\"inLanguage\":\"fr-FR\"},{\"@type\":\"Organization\",\"@id\":\"https:\/\/www.lymphoma.ca\/fr\/#organization\",\"name\":\"Lymphoma Canada\",\"url\":\"https:\/\/www.lymphoma.ca\/fr\/\",\"logo\":{\"@type\":\"ImageObject\",\"inLanguage\":\"fr-FR\",\"@id\":\"https:\/\/www.lymphoma.ca\/fr\/#\/schema\/logo\/image\/\",\"url\":\"https:\/\/www.lymphoma.ca\/wp-content\/uploads\/2023\/05\/logo-lymphoma.jpg\",\"contentUrl\":\"https:\/\/www.lymphoma.ca\/wp-content\/uploads\/2023\/05\/logo-lymphoma.jpg\",\"width\":343,\"height\":343,\"caption\":\"Lymphoma Canada\"},\"image\":{\"@id\":\"https:\/\/www.lymphoma.ca\/fr\/#\/schema\/logo\/image\/\"},\"sameAs\":[\"https:\/\/www.facebook.com\/LymphomaCanada\",\"https:\/\/x.com\/lymphomacanada\",\"https:\/\/www.linkedin.com\/company\/lymphoma-canada\/\",\"http:\/\/instagram.com\/lymphomacanada\",\"http:\/\/www.youtube.com\/user\/LymphomaTV\"]}]}<\/script>\n<!-- \/ Yoast SEO plugin. -->","yoast_head_json":{"title":"Rapports annuels et \u00e9tats financiers - Lymphoma Canada","robots":{"index":"index","follow":"follow","max-snippet":"max-snippet:-1","max-image-preview":"max-image-preview:large","max-video-preview":"max-video-preview:-1"},"canonical":"https:\/\/www.lymphoma.ca\/fr\/a-notre-propos\/rapports-annuel\/","og_locale":"fr_FR","og_type":"article","og_title":"Rapports annuels et \u00e9tats financiers - Lymphoma Canada","og_description":"[vc_row type=\u00a0\u00bbin_container\u00a0\u00bb full_screen_row_position=\u00a0\u00bbmiddle\u00a0\u00bb column_margin=\u00a0\u00bbdefault\u00a0\u00bb column_direction=\u00a0\u00bbdefault\u00a0\u00bb column_direction_tablet=\u00a0\u00bbdefault\u00a0\u00bb column_direction_phone=\u00a0\u00bbdefault\u00a0\u00bb scene_position=\u00a0\u00bbcenter\u00a0\u00bb text_color=\u00a0\u00bbdark\u00a0\u00bb text_align=\u00a0\u00bbleft\u00a0\u00bb row_border_radius=\u00a0\u00bbnone\u00a0\u00bb row_border_radius_applies=\u00a0\u00bbbg\u00a0\u00bb overflow=\u00a0\u00bbvisible\u00a0\u00bb overlay_strength=\u00a0\u00bb0.3&Prime; gradient_direction=\u00a0\u00bbleft_to_right\u00a0\u00bb shape_divider_position=\u00a0\u00bbbottom\u00a0\u00bb bg_image_animation=\u00a0\u00bbnone\u00a0\u00bb][vc_column column_padding=\u00a0\u00bbno-extra-padding\u00a0\u00bb column_padding_tablet=\u00a0\u00bbinherit\u00a0\u00bb column_padding_phone=\u00a0\u00bbinherit\u00a0\u00bb column_padding_position=\u00a0\u00bball\u00a0\u00bb column_element_direction_desktop=\u00a0\u00bbdefault\u00a0\u00bb column_element_spacing=\u00a0\u00bbdefault\u00a0\u00bb desktop_text_alignment=\u00a0\u00bbdefault\u00a0\u00bb tablet_text_alignment=\u00a0\u00bbdefault\u00a0\u00bb phone_text_alignment=\u00a0\u00bbdefault\u00a0\u00bb background_color_opacity=\u00a0\u00bb1&Prime; background_hover_color_opacity=\u00a0\u00bb1&Prime; column_backdrop_filter=\u00a0\u00bbnone\u00a0\u00bb column_shadow=\u00a0\u00bbnone\u00a0\u00bb...","og_url":"https:\/\/www.lymphoma.ca\/fr\/a-notre-propos\/rapports-annuel\/","og_site_name":"Lymphoma Canada","article_publisher":"https:\/\/www.facebook.com\/LymphomaCanada","article_modified_time":"2026-02-09T18:22:47+00:00","twitter_card":"summary_large_image","twitter_site":"@lymphomacanada","twitter_misc":{"Dur\u00e9e de lecture estim\u00e9e":"1 minute"},"schema":{"@context":"https:\/\/schema.org","@graph":[{"@type":"WebPage","@id":"https:\/\/www.lymphoma.ca\/fr\/a-notre-propos\/rapports-annuel\/","url":"https:\/\/www.lymphoma.ca\/fr\/a-notre-propos\/rapports-annuel\/","name":"Rapports annuels et \u00e9tats financiers - Lymphoma Canada","isPartOf":{"@id":"https:\/\/www.lymphoma.ca\/fr\/#website"},"datePublished":"2010-05-07T04:00:00+00:00","dateModified":"2026-02-09T18:22:47+00:00","breadcrumb":{"@id":"https:\/\/www.lymphoma.ca\/fr\/a-notre-propos\/rapports-annuel\/#breadcrumb"},"inLanguage":"fr-FR","potentialAction":[{"@type":"ReadAction","target":["https:\/\/www.lymphoma.ca\/fr\/a-notre-propos\/rapports-annuel\/"]}]},{"@type":"BreadcrumbList","@id":"https:\/\/www.lymphoma.ca\/fr\/a-notre-propos\/rapports-annuel\/#breadcrumb","itemListElement":[{"@type":"ListItem","position":1,"name":"Home","item":"https:\/\/www.lymphoma.ca\/fr\/"},{"@type":"ListItem","position":2,"name":"\u00c0 notre propos","item":"https:\/\/www.lymphoma.ca\/fr\/a-notre-propos\/"},{"@type":"ListItem","position":3,"name":"Rapports annuels et \u00e9tats financiers"}]},{"@type":"WebSite","@id":"https:\/\/www.lymphoma.ca\/fr\/#website","url":"https:\/\/www.lymphoma.ca\/fr\/","name":"Lymphoma Canada","description":"Information. Help. Hope.","publisher":{"@id":"https:\/\/www.lymphoma.ca\/fr\/#organization"},"potentialAction":[{"@type":"SearchAction","target":{"@type":"EntryPoint","urlTemplate":"https:\/\/www.lymphoma.ca\/fr\/?s={search_term_string}"},"query-input":{"@type":"PropertyValueSpecification","valueRequired":true,"valueName":"search_term_string"}}],"inLanguage":"fr-FR"},{"@type":"Organization","@id":"https:\/\/www.lymphoma.ca\/fr\/#organization","name":"Lymphoma Canada","url":"https:\/\/www.lymphoma.ca\/fr\/","logo":{"@type":"ImageObject","inLanguage":"fr-FR","@id":"https:\/\/www.lymphoma.ca\/fr\/#\/schema\/logo\/image\/","url":"https:\/\/www.lymphoma.ca\/wp-content\/uploads\/2023\/05\/logo-lymphoma.jpg","contentUrl":"https:\/\/www.lymphoma.ca\/wp-content\/uploads\/2023\/05\/logo-lymphoma.jpg","width":343,"height":343,"caption":"Lymphoma Canada"},"image":{"@id":"https:\/\/www.lymphoma.ca\/fr\/#\/schema\/logo\/image\/"},"sameAs":["https:\/\/www.facebook.com\/LymphomaCanada","https:\/\/x.com\/lymphomacanada","https:\/\/www.linkedin.com\/company\/lymphoma-canada\/","http:\/\/instagram.com\/lymphomacanada","http:\/\/www.youtube.com\/user\/LymphomaTV"]}]}},"_links":{"self":[{"href":"https:\/\/www.lymphoma.ca\/fr\/wp-json\/wp\/v2\/pages\/400","targetHints":{"allow":["GET"]}}],"collection":[{"href":"https:\/\/www.lymphoma.ca\/fr\/wp-json\/wp\/v2\/pages"}],"about":[{"href":"https:\/\/www.lymphoma.ca\/fr\/wp-json\/wp\/v2\/types\/page"}],"author":[{"embeddable":true,"href":"https:\/\/www.lymphoma.ca\/fr\/wp-json\/wp\/v2\/users\/6"}],"replies":[{"embeddable":true,"href":"https:\/\/www.lymphoma.ca\/fr\/wp-json\/wp\/v2\/comments?post=400"}],"version-history":[{"count":15,"href":"https:\/\/www.lymphoma.ca\/fr\/wp-json\/wp\/v2\/pages\/400\/revisions"}],"predecessor-version":[{"id":19744,"href":"https:\/\/www.lymphoma.ca\/fr\/wp-json\/wp\/v2\/pages\/400\/revisions\/19744"}],"up":[{"embeddable":true,"href":"https:\/\/www.lymphoma.ca\/fr\/wp-json\/wp\/v2\/pages\/389"}],"wp:attachment":[{"href":"https:\/\/www.lymphoma.ca\/fr\/wp-json\/wp\/v2\/media?parent=400"}],"wp:term":[{"taxonomy":"category","embeddable":true,"href":"https:\/\/www.lymphoma.ca\/fr\/wp-json\/wp\/v2\/categories?post=400"},{"taxonomy":"post_tag","embeddable":true,"href":"https:\/\/www.lymphoma.ca\/fr\/wp-json\/wp\/v2\/tags?post=400"}],"curies":[{"name":"wp","href":"https:\/\/api.w.org\/{rel}","templated":true}]}}