{"id":415,"date":"2010-05-07T04:00:00","date_gmt":"2010-05-07T04:00:00","guid":{"rendered":"https:\/\/www.lymphoma.ca\/?page_id=415"},"modified":"2026-02-10T19:48:17","modified_gmt":"2026-02-10T19:48:17","slug":"nos-sympathisants","status":"publish","type":"page","link":"https:\/\/www.lymphoma.ca\/fr\/a-notre-propos\/nos-sympathisants\/","title":{"rendered":"Nos sympathisants"},"content":{"rendered":"<h3>Les personnes qui nous appuient<\/h3>\n<p>Depuis\u00a01998, le soutien re\u00e7u et la recherche accomplie au sein de Lymphome Canada pour les patients atteints de lymphome n\u2019auraient pas \u00e9t\u00e9 possibles sans le d\u00e9vouement et l\u2019engagement de nombreuses personnes.<\/p>\n<h3>Les b\u00e9n\u00e9voles<\/h3>\n<p>Notre \u00e9quipe de b\u00e9n\u00e9voles des quatre coins du Canada aide LC de bien des mani\u00e8res. Les b\u00e9n\u00e9voles participent au tournoi de golf annuel, aux campagnes de financement et aux sessions \u00e9ducatives, et offrent une expertise professionnelle et du soutien.<\/p>\n<h3>Les membres de la communaut\u00e9<\/h3>\n<p>De nombreux membres de notre communaut\u00e9 savent par leur exp\u00e9rience personnelle \u00e0 quel point le soutien de la Fondation Lymphome Canada est pr\u00e9cieux, car la plupart d\u2019entre eux ont eux-m\u00eames \u00e9t\u00e9 touch\u00e9s par un probl\u00e8me li\u00e9 au syst\u00e8me sanguin ou lymphatique. Ces membres de la communaut\u00e9 font des dons, offrent soutien et renseignement aux autres et travaillent au sein de LC.<\/p>\n<h3>Soutien d\u2019entreprise<\/h3>\n<p>Les entreprises du monde des affaires du Canada continuent de veiller \u00e0 ce qu\u2019un maximum de fonds r\u00e9colt\u00e9s soit utilis\u00e9 conform\u00e9ment \u00e0 la mission de la Fondation. Le soutien d\u2019entreprise permet \u00e0 la fondation d\u2019\u00eatre une organisation plus efficace. En retour, la fondation aide les entreprises \u00e0 r\u00e9aliser leur vision, \u00e0 savoir donner \u00e0 leur tour \u00e0 la communaut\u00e9 qu\u2019ils desservent. Lymphome Canada b\u00e9n\u00e9ficie d\u2019un soutien important de la part de ses partisans cl\u00e9s, de l\u2019expertise de leurs unit\u00e9s d\u2019entreprise et du d\u00e9vouement des personnes qui y travaillent.<\/p>\n<h3><\/h3>\n<h3>Partenaires communautaires<\/h3>\n<p><a href=\"https:\/\/www.cancertaintyforall.ca\/francais\" target=\"_blank\" rel=\"noopener noreferrer\"><strong><img loading=\"lazy\" decoding=\"async\" class=\" size-full wp-image-177\" title=\"Cancertainty\" src=\"https:\/\/www.lymphoma.ca\/wp-content\/uploads\/2010\/05\/cancertainty.png\" alt=\"Cancertainty logo\" width=\"250\" height=\"144\" srcset=\"https:\/\/www.lymphoma.ca\/wp-content\/uploads\/2010\/05\/cancertainty.png 1024w, https:\/\/www.lymphoma.ca\/wp-content\/uploads\/2010\/05\/cancertainty-300x173.png 300w, https:\/\/www.lymphoma.ca\/wp-content\/uploads\/2010\/05\/cancertainty-768x443.png 768w\" sizes=\"auto, (max-width: 250px) 100vw, 250px\" \/><\/strong><\/a><\/p>\n<p><a href=\"http:\/\/www.bestmedicines.ca\/\" target=\"_blank\" rel=\"noopener noreferrer\"><img loading=\"lazy\" decoding=\"async\" class=\" size-full wp-image-179\" title=\"Best Medicines Coalition\" src=\"https:\/\/www.lymphoma.ca\/wp-content\/uploads\/2010\/05\/best-med.png\" alt=\"Best Medicines Coalition logo\" width=\"300\" height=\"110\" srcset=\"https:\/\/www.lymphoma.ca\/wp-content\/uploads\/2010\/05\/best-med.png 800w, https:\/\/www.lymphoma.ca\/wp-content\/uploads\/2010\/05\/best-med-300x110.png 300w, https:\/\/www.lymphoma.ca\/wp-content\/uploads\/2010\/05\/best-med-768x280.png 768w\" sizes=\"auto, (max-width: 300px) 100vw, 300px\" \/><\/a><\/p>\n<p><a href=\"https:\/\/www.facebook.com\/Canadian-Cancer-Action-Network-CCAN-322970508083\/\" target=\"_blank\" rel=\"noopener noreferrer\"><img loading=\"lazy\" decoding=\"async\" class=\" size-full wp-image-181\" title=\"CCAN \" src=\"https:\/\/www.lymphoma.ca\/wp-content\/uploads\/2010\/05\/ccan.png\" alt=\"CCAN logo\" width=\"300\" height=\"113\" srcset=\"https:\/\/www.lymphoma.ca\/wp-content\/uploads\/2010\/05\/ccan.png 400w, https:\/\/www.lymphoma.ca\/wp-content\/uploads\/2010\/05\/ccan-300x113.png 300w\" sizes=\"auto, (max-width: 300px) 100vw, 300px\" \/><\/a><\/p>\n<p><a href=\"https:\/\/www.partnershipagainstcancer.ca\/fr\/\" target=\"_blank\" rel=\"noopener noreferrer\"><img loading=\"lazy\" decoding=\"async\" class=\" size-full wp-image-183\" title=\"CPAC\" src=\"https:\/\/www.lymphoma.ca\/wp-content\/uploads\/2010\/05\/cpac1.png\" alt=\"CPAC logo\" width=\"300\" height=\"57\" srcset=\"https:\/\/www.lymphoma.ca\/wp-content\/uploads\/2010\/05\/cpac1.png 800w, https:\/\/www.lymphoma.ca\/wp-content\/uploads\/2010\/05\/cpac1-300x57.png 300w, https:\/\/www.lymphoma.ca\/wp-content\/uploads\/2010\/05\/cpac1-768x146.png 768w\" sizes=\"auto, (max-width: 300px) 100vw, 300px\" \/><\/a><\/p>\n<p><a href=\"http:\/\/www.lymphomacoalition.org\/\" target=\"_blank\" rel=\"noopener noreferrer\"><img loading=\"lazy\" decoding=\"async\" class=\" size-full wp-image-185\" title=\"Lymphoma Coalition\" src=\"https:\/\/www.lymphoma.ca\/wp-content\/uploads\/2010\/05\/lymphoma-coalition-logo.png\" alt=\"Lymphoma Coalition logo\" width=\"250\" height=\"136\" srcset=\"https:\/\/www.lymphoma.ca\/wp-content\/uploads\/2010\/05\/lymphoma-coalition-logo.png 587w, https:\/\/www.lymphoma.ca\/wp-content\/uploads\/2010\/05\/lymphoma-coalition-logo-300x164.png 300w\" sizes=\"auto, (max-width: 250px) 100vw, 250px\" \/><\/a><\/p>\n<p><a href=\"http:\/\/www.lymphoma.org\/\" target=\"_blank\" rel=\"noopener noreferrer\"><img loading=\"lazy\" decoding=\"async\" class=\" size-full wp-image-187\" title=\"Lymphoma Research Foundation \" src=\"https:\/\/www.lymphoma.ca\/wp-content\/uploads\/2010\/05\/lrf_logo_primary_rgb.png\" alt=\"Lymphoma Research Foundation logo\" width=\"250\" height=\"54\" srcset=\"https:\/\/www.lymphoma.ca\/wp-content\/uploads\/2010\/05\/lrf_logo_primary_rgb.png 1024w, https:\/\/www.lymphoma.ca\/wp-content\/uploads\/2010\/05\/lrf_logo_primary_rgb-300x65.png 300w, https:\/\/www.lymphoma.ca\/wp-content\/uploads\/2010\/05\/lrf_logo_primary_rgb-768x167.png 768w\" sizes=\"auto, (max-width: 250px) 100vw, 250px\" \/><\/a><\/p>\n<p><a href=\"http:\/\/www.cano-acio.ca\/\" target=\"_blank\" rel=\"noopener noreferrer\"><img loading=\"lazy\" decoding=\"async\" class=\" size-full wp-image-189\" title=\"CANO-ACIO\" src=\"https:\/\/www.lymphoma.ca\/wp-content\/uploads\/2010\/05\/cano1.png\" alt=\"CANO-ACIO logo\" width=\"300\" height=\"54\" srcset=\"https:\/\/www.lymphoma.ca\/wp-content\/uploads\/2010\/05\/cano1.png 540w, https:\/\/www.lymphoma.ca\/wp-content\/uploads\/2010\/05\/cano1-300x54.png 300w\" sizes=\"auto, (max-width: 300px) 100vw, 300px\" \/><\/a><\/p>\n<p><a href=\"https:\/\/cllpag.ca\/\"><img loading=\"lazy\" decoding=\"async\" class=\"alignnone size-full wp-image-7771\" src=\"https:\/\/www.lymphoma.ca\/wp-content\/uploads\/2020\/06\/CLL-PAG.jpg\" alt=\"Groupe de Defense des Patients de la LLC\" width=\"300\" height=\"95\" \/><\/a><\/p>\n<p><a href=\"https:\/\/survivornet.ca\/fr\/\"><img loading=\"lazy\" decoding=\"async\" class=\"alignnone size-full wp-image-7769\" src=\"https:\/\/www.lymphoma.ca\/wp-content\/uploads\/2020\/06\/CSNLogofr.png\" alt=\"Reseau Canadien des Survivant du Cancer\" width=\"290\" height=\"69\" \/><\/a><\/p>\n<p>CLL Society<\/p>\n<p>Waldenstrom\u2019s Macroglobulinemia Foundation of Canada (WMFC)<\/p>\n","protected":false},"excerpt":{"rendered":"<p>Les personnes qui nous appuient Depuis\u00a01998, le soutien re\u00e7u et la recherche accomplie au sein de Lymphome Canada pour les patients atteints de lymphome n\u2019auraient pas \u00e9t\u00e9 possibles sans le&#8230;<\/p>\n","protected":false},"author":6,"featured_media":177,"parent":389,"menu_order":2,"comment_status":"closed","ping_status":"closed","template":"page-sidebar.php","meta":{"_acf_changed":false,"footnotes":""},"categories":[],"tags":[],"class_list":["post-415","page","type-page","status-publish","has-post-thumbnail"],"acf":[],"yoast_head":"<!-- This site is optimized with the Yoast SEO plugin v26.7 - https:\/\/yoast.com\/wordpress\/plugins\/seo\/ -->\n<title>Nos sympathisants - Lymphoma Canada<\/title>\n<meta name=\"robots\" content=\"index, follow, max-snippet:-1, max-image-preview:large, max-video-preview:-1\" \/>\n<link rel=\"canonical\" href=\"https:\/\/www.lymphoma.ca\/fr\/a-notre-propos\/nos-sympathisants\/\" \/>\n<meta property=\"og:locale\" content=\"fr_FR\" \/>\n<meta property=\"og:type\" content=\"article\" \/>\n<meta property=\"og:title\" content=\"Nos sympathisants - Lymphoma Canada\" \/>\n<meta property=\"og:description\" content=\"Les personnes qui nous appuient Depuis\u00a01998, le soutien re\u00e7u et la recherche accomplie au sein de Lymphome Canada pour les patients atteints de lymphome n\u2019auraient pas \u00e9t\u00e9 possibles sans le...\" \/>\n<meta property=\"og:url\" content=\"https:\/\/www.lymphoma.ca\/fr\/a-notre-propos\/nos-sympathisants\/\" \/>\n<meta property=\"og:site_name\" content=\"Lymphoma Canada\" \/>\n<meta property=\"article:publisher\" content=\"https:\/\/www.facebook.com\/LymphomaCanada\" \/>\n<meta property=\"article:modified_time\" content=\"2026-02-10T19:48:17+00:00\" \/>\n<meta property=\"og:image\" content=\"https:\/\/www.lymphoma.ca\/wp-content\/uploads\/2010\/05\/cancertainty.png\" \/>\n\t<meta property=\"og:image:width\" content=\"1024\" \/>\n\t<meta property=\"og:image:height\" content=\"591\" \/>\n\t<meta property=\"og:image:type\" content=\"image\/png\" \/>\n<meta name=\"twitter:card\" content=\"summary_large_image\" \/>\n<meta name=\"twitter:site\" content=\"@lymphomacanada\" \/>\n<meta name=\"twitter:label1\" content=\"Dur\u00e9e de lecture estim\u00e9e\" \/>\n\t<meta name=\"twitter:data1\" content=\"4 minutes\" \/>\n<script type=\"application\/ld+json\" class=\"yoast-schema-graph\">{\"@context\":\"https:\/\/schema.org\",\"@graph\":[{\"@type\":\"WebPage\",\"@id\":\"https:\/\/www.lymphoma.ca\/fr\/a-notre-propos\/nos-sympathisants\/\",\"url\":\"https:\/\/www.lymphoma.ca\/fr\/a-notre-propos\/nos-sympathisants\/\",\"name\":\"Nos sympathisants - Lymphoma Canada\",\"isPartOf\":{\"@id\":\"https:\/\/www.lymphoma.ca\/fr\/#website\"},\"primaryImageOfPage\":{\"@id\":\"https:\/\/www.lymphoma.ca\/fr\/a-notre-propos\/nos-sympathisants\/#primaryimage\"},\"image\":{\"@id\":\"https:\/\/www.lymphoma.ca\/fr\/a-notre-propos\/nos-sympathisants\/#primaryimage\"},\"thumbnailUrl\":\"https:\/\/www.lymphoma.ca\/wp-content\/uploads\/2010\/05\/cancertainty.png\",\"datePublished\":\"2010-05-07T04:00:00+00:00\",\"dateModified\":\"2026-02-10T19:48:17+00:00\",\"breadcrumb\":{\"@id\":\"https:\/\/www.lymphoma.ca\/fr\/a-notre-propos\/nos-sympathisants\/#breadcrumb\"},\"inLanguage\":\"fr-FR\",\"potentialAction\":[{\"@type\":\"ReadAction\",\"target\":[\"https:\/\/www.lymphoma.ca\/fr\/a-notre-propos\/nos-sympathisants\/\"]}]},{\"@type\":\"ImageObject\",\"inLanguage\":\"fr-FR\",\"@id\":\"https:\/\/www.lymphoma.ca\/fr\/a-notre-propos\/nos-sympathisants\/#primaryimage\",\"url\":\"https:\/\/www.lymphoma.ca\/wp-content\/uploads\/2010\/05\/cancertainty.png\",\"contentUrl\":\"https:\/\/www.lymphoma.ca\/wp-content\/uploads\/2010\/05\/cancertainty.png\",\"width\":1024,\"height\":591,\"caption\":\"Cancertainty\"},{\"@type\":\"BreadcrumbList\",\"@id\":\"https:\/\/www.lymphoma.ca\/fr\/a-notre-propos\/nos-sympathisants\/#breadcrumb\",\"itemListElement\":[{\"@type\":\"ListItem\",\"position\":1,\"name\":\"Home\",\"item\":\"https:\/\/www.lymphoma.ca\/fr\/\"},{\"@type\":\"ListItem\",\"position\":2,\"name\":\"\u00c0 notre propos\",\"item\":\"https:\/\/www.lymphoma.ca\/fr\/a-notre-propos\/\"},{\"@type\":\"ListItem\",\"position\":3,\"name\":\"Nos sympathisants\"}]},{\"@type\":\"WebSite\",\"@id\":\"https:\/\/www.lymphoma.ca\/fr\/#website\",\"url\":\"https:\/\/www.lymphoma.ca\/fr\/\",\"name\":\"Lymphoma Canada\",\"description\":\"Information. Help. Hope.\",\"publisher\":{\"@id\":\"https:\/\/www.lymphoma.ca\/fr\/#organization\"},\"potentialAction\":[{\"@type\":\"SearchAction\",\"target\":{\"@type\":\"EntryPoint\",\"urlTemplate\":\"https:\/\/www.lymphoma.ca\/fr\/?s={search_term_string}\"},\"query-input\":{\"@type\":\"PropertyValueSpecification\",\"valueRequired\":true,\"valueName\":\"search_term_string\"}}],\"inLanguage\":\"fr-FR\"},{\"@type\":\"Organization\",\"@id\":\"https:\/\/www.lymphoma.ca\/fr\/#organization\",\"name\":\"Lymphoma Canada\",\"url\":\"https:\/\/www.lymphoma.ca\/fr\/\",\"logo\":{\"@type\":\"ImageObject\",\"inLanguage\":\"fr-FR\",\"@id\":\"https:\/\/www.lymphoma.ca\/fr\/#\/schema\/logo\/image\/\",\"url\":\"https:\/\/www.lymphoma.ca\/wp-content\/uploads\/2023\/05\/logo-lymphoma.jpg\",\"contentUrl\":\"https:\/\/www.lymphoma.ca\/wp-content\/uploads\/2023\/05\/logo-lymphoma.jpg\",\"width\":343,\"height\":343,\"caption\":\"Lymphoma Canada\"},\"image\":{\"@id\":\"https:\/\/www.lymphoma.ca\/fr\/#\/schema\/logo\/image\/\"},\"sameAs\":[\"https:\/\/www.facebook.com\/LymphomaCanada\",\"https:\/\/x.com\/lymphomacanada\",\"https:\/\/www.linkedin.com\/company\/lymphoma-canada\/\",\"http:\/\/instagram.com\/lymphomacanada\",\"http:\/\/www.youtube.com\/user\/LymphomaTV\"]}]}<\/script>\n<!-- \/ Yoast SEO plugin. -->","yoast_head_json":{"title":"Nos sympathisants - Lymphoma Canada","robots":{"index":"index","follow":"follow","max-snippet":"max-snippet:-1","max-image-preview":"max-image-preview:large","max-video-preview":"max-video-preview:-1"},"canonical":"https:\/\/www.lymphoma.ca\/fr\/a-notre-propos\/nos-sympathisants\/","og_locale":"fr_FR","og_type":"article","og_title":"Nos sympathisants - Lymphoma Canada","og_description":"Les personnes qui nous appuient Depuis\u00a01998, le soutien re\u00e7u et la recherche accomplie au sein de Lymphome Canada pour les patients atteints de lymphome n\u2019auraient pas \u00e9t\u00e9 possibles sans le...","og_url":"https:\/\/www.lymphoma.ca\/fr\/a-notre-propos\/nos-sympathisants\/","og_site_name":"Lymphoma Canada","article_publisher":"https:\/\/www.facebook.com\/LymphomaCanada","article_modified_time":"2026-02-10T19:48:17+00:00","og_image":[{"width":1024,"height":591,"url":"https:\/\/www.lymphoma.ca\/wp-content\/uploads\/2010\/05\/cancertainty.png","type":"image\/png"}],"twitter_card":"summary_large_image","twitter_site":"@lymphomacanada","twitter_misc":{"Dur\u00e9e de lecture estim\u00e9e":"4 minutes"},"schema":{"@context":"https:\/\/schema.org","@graph":[{"@type":"WebPage","@id":"https:\/\/www.lymphoma.ca\/fr\/a-notre-propos\/nos-sympathisants\/","url":"https:\/\/www.lymphoma.ca\/fr\/a-notre-propos\/nos-sympathisants\/","name":"Nos sympathisants - Lymphoma Canada","isPartOf":{"@id":"https:\/\/www.lymphoma.ca\/fr\/#website"},"primaryImageOfPage":{"@id":"https:\/\/www.lymphoma.ca\/fr\/a-notre-propos\/nos-sympathisants\/#primaryimage"},"image":{"@id":"https:\/\/www.lymphoma.ca\/fr\/a-notre-propos\/nos-sympathisants\/#primaryimage"},"thumbnailUrl":"https:\/\/www.lymphoma.ca\/wp-content\/uploads\/2010\/05\/cancertainty.png","datePublished":"2010-05-07T04:00:00+00:00","dateModified":"2026-02-10T19:48:17+00:00","breadcrumb":{"@id":"https:\/\/www.lymphoma.ca\/fr\/a-notre-propos\/nos-sympathisants\/#breadcrumb"},"inLanguage":"fr-FR","potentialAction":[{"@type":"ReadAction","target":["https:\/\/www.lymphoma.ca\/fr\/a-notre-propos\/nos-sympathisants\/"]}]},{"@type":"ImageObject","inLanguage":"fr-FR","@id":"https:\/\/www.lymphoma.ca\/fr\/a-notre-propos\/nos-sympathisants\/#primaryimage","url":"https:\/\/www.lymphoma.ca\/wp-content\/uploads\/2010\/05\/cancertainty.png","contentUrl":"https:\/\/www.lymphoma.ca\/wp-content\/uploads\/2010\/05\/cancertainty.png","width":1024,"height":591,"caption":"Cancertainty"},{"@type":"BreadcrumbList","@id":"https:\/\/www.lymphoma.ca\/fr\/a-notre-propos\/nos-sympathisants\/#breadcrumb","itemListElement":[{"@type":"ListItem","position":1,"name":"Home","item":"https:\/\/www.lymphoma.ca\/fr\/"},{"@type":"ListItem","position":2,"name":"\u00c0 notre propos","item":"https:\/\/www.lymphoma.ca\/fr\/a-notre-propos\/"},{"@type":"ListItem","position":3,"name":"Nos sympathisants"}]},{"@type":"WebSite","@id":"https:\/\/www.lymphoma.ca\/fr\/#website","url":"https:\/\/www.lymphoma.ca\/fr\/","name":"Lymphoma Canada","description":"Information. Help. Hope.","publisher":{"@id":"https:\/\/www.lymphoma.ca\/fr\/#organization"},"potentialAction":[{"@type":"SearchAction","target":{"@type":"EntryPoint","urlTemplate":"https:\/\/www.lymphoma.ca\/fr\/?s={search_term_string}"},"query-input":{"@type":"PropertyValueSpecification","valueRequired":true,"valueName":"search_term_string"}}],"inLanguage":"fr-FR"},{"@type":"Organization","@id":"https:\/\/www.lymphoma.ca\/fr\/#organization","name":"Lymphoma Canada","url":"https:\/\/www.lymphoma.ca\/fr\/","logo":{"@type":"ImageObject","inLanguage":"fr-FR","@id":"https:\/\/www.lymphoma.ca\/fr\/#\/schema\/logo\/image\/","url":"https:\/\/www.lymphoma.ca\/wp-content\/uploads\/2023\/05\/logo-lymphoma.jpg","contentUrl":"https:\/\/www.lymphoma.ca\/wp-content\/uploads\/2023\/05\/logo-lymphoma.jpg","width":343,"height":343,"caption":"Lymphoma Canada"},"image":{"@id":"https:\/\/www.lymphoma.ca\/fr\/#\/schema\/logo\/image\/"},"sameAs":["https:\/\/www.facebook.com\/LymphomaCanada","https:\/\/x.com\/lymphomacanada","https:\/\/www.linkedin.com\/company\/lymphoma-canada\/","http:\/\/instagram.com\/lymphomacanada","http:\/\/www.youtube.com\/user\/LymphomaTV"]}]}},"_links":{"self":[{"href":"https:\/\/www.lymphoma.ca\/fr\/wp-json\/wp\/v2\/pages\/415","targetHints":{"allow":["GET"]}}],"collection":[{"href":"https:\/\/www.lymphoma.ca\/fr\/wp-json\/wp\/v2\/pages"}],"about":[{"href":"https:\/\/www.lymphoma.ca\/fr\/wp-json\/wp\/v2\/types\/page"}],"author":[{"embeddable":true,"href":"https:\/\/www.lymphoma.ca\/fr\/wp-json\/wp\/v2\/users\/6"}],"replies":[{"embeddable":true,"href":"https:\/\/www.lymphoma.ca\/fr\/wp-json\/wp\/v2\/comments?post=415"}],"version-history":[{"count":18,"href":"https:\/\/www.lymphoma.ca\/fr\/wp-json\/wp\/v2\/pages\/415\/revisions"}],"predecessor-version":[{"id":19746,"href":"https:\/\/www.lymphoma.ca\/fr\/wp-json\/wp\/v2\/pages\/415\/revisions\/19746"}],"up":[{"embeddable":true,"href":"https:\/\/www.lymphoma.ca\/fr\/wp-json\/wp\/v2\/pages\/389"}],"wp:featuredmedia":[{"embeddable":true,"href":"https:\/\/www.lymphoma.ca\/fr\/wp-json\/wp\/v2\/media\/177"}],"wp:attachment":[{"href":"https:\/\/www.lymphoma.ca\/fr\/wp-json\/wp\/v2\/media?parent=415"}],"wp:term":[{"taxonomy":"category","embeddable":true,"href":"https:\/\/www.lymphoma.ca\/fr\/wp-json\/wp\/v2\/categories?post=415"},{"taxonomy":"post_tag","embeddable":true,"href":"https:\/\/www.lymphoma.ca\/fr\/wp-json\/wp\/v2\/tags?post=415"}],"curies":[{"name":"wp","href":"https:\/\/api.w.org\/{rel}","templated":true}]}}