{"id":423,"date":"2010-05-11T04:00:00","date_gmt":"2010-05-11T04:00:00","guid":{"rendered":"https:\/\/www.lymphoma.ca\/?page_id=423"},"modified":"2025-08-22T20:36:07","modified_gmt":"2025-08-22T20:36:07","slug":"systeme-lymphatique","status":"publish","type":"page","link":"https:\/\/www.lymphoma.ca\/fr\/le-lymphome\/lymphome-101\/systeme-lymphatique\/","title":{"rendered":"Syst\u00e8me lymphatique"},"content":{"rendered":"<h2>Qu\u2019est-ce que le syst\u00e8me lymphatique?<\/h2>\n<p>Le syst\u00e8me lymphatique constitue l\u2019une des parties les plus importantes du syst\u00e8me immunitaire, car il prot\u00e8ge le corps des maladies et des infections. C\u2019est un syst\u00e8me constitu\u00e9 de vaisseaux, de ganglions et d\u2019organes qui sont reli\u00e9s \u00e0 toutes les parties du corps porteuses de lymphe, un liquide transparent contenant des lymphocytes. Il semble souvent myst\u00e9rieux et insaisissable, car il ne re\u00e7oit pas la m\u00eame attention que les autres syst\u00e8mes du corps, comme le syst\u00e8me cardiovasculaire ou le syst\u00e8me digestif. Certaines personnes prennent probablement conscience de leurs ganglions lymphatiques dans le cou lorsque ceux-ci deviennent plus volumineux \u00e0 cause d\u2019un mal de gorge ou d\u2019une infection.<\/p>\n<p><img loading=\"lazy\" decoding=\"async\" class=\" size-full wp-image-420\" src=\"https:\/\/www.lymphoma.ca\/wp-content\/uploads\/2010\/05\/02_fr.jpg\" alt=\"Le syst\u00e8me lymphatique\" width=\"600\" height=\"585\" srcset=\"https:\/\/www.lymphoma.ca\/wp-content\/uploads\/2010\/05\/02_fr.jpg 600w, https:\/\/www.lymphoma.ca\/wp-content\/uploads\/2010\/05\/02_fr-300x293.jpg 300w\" sizes=\"auto, (max-width: 600px) 100vw, 600px\" \/><\/p>\n<p><span class=\"captionimage\">Le syst\u00e8me lymphatique<\/span><\/p>\n<p>Le syst\u00e8me lymphatique remplit des fonctions vitales. Le syst\u00e8me lymphatique est un r\u00e9seau principalement constitu\u00e9 de\u00a0:<\/p>\n<ul>\n<li>Ganglions lymphatiques\u00a0: de petits organes en forme de haricot qu\u2019on trouve dans tout le corps<\/li>\n<li>Vaisseaux lymphatiques\u00a0: des vaisseaux qui permettent au liquide lymphatique (qu\u2019on appelle aussi lymphe) de circuler dans tout le corps<\/li>\n<\/ul>\n<p>Les ganglions lymphatiques agissent comme des filtres pour la lymphe et les lymphocytes\u00a0: ils \u00e9cartent les bact\u00e9ries, les virus et d\u2019autres corps \u00e9trangers. On trouve des centaines de noeuds dans presque toutes les parties du corps, dont les coudes, l\u2019aine, le cou et les aisselles.<\/p>\n<p>Si un grand nombre de bact\u00e9ries sont filtr\u00e9es par le biais d\u2019un ganglion ou d\u2019une s\u00e9rie de ganglions, comme c\u2019est le cas lorsque votre gorge est infect\u00e9e, ils peuvent enfler et devenir sensibles au toucher. Dans la majorit\u00e9 des cas o\u00f9 les ganglions sont enfl\u00e9s, il s\u2019agit tout simplement de la r\u00e9action du syst\u00e8me immunitaire \u00e0 une infection et non d\u2019un cancer.<\/p>\n<p>Le cancer appara\u00eet lorsque des cellules anormales ne peuvent pas \u00eatre contr\u00f4l\u00e9es et continuent de grossir et de se multiplier.<\/p>\n<p><img loading=\"lazy\" decoding=\"async\" class=\" size-full wp-image-422\" src=\"https:\/\/www.lymphoma.ca\/wp-content\/uploads\/2010\/05\/03_fr.jpg\" alt=\"Un ganglion lymphatique\" width=\"600\" height=\"493\" srcset=\"https:\/\/www.lymphoma.ca\/wp-content\/uploads\/2010\/05\/03_fr.jpg 600w, https:\/\/www.lymphoma.ca\/wp-content\/uploads\/2010\/05\/03_fr-300x247.jpg 300w\" sizes=\"auto, (max-width: 600px) 100vw, 600px\" \/><\/p>\n<p><span class=\"captionimage\">Un ganglion lymphatique<\/span><\/p>\n<p>Parmi les organes (autres que les ganglions lymphatiques) que l\u2019on consid\u00e8re comme faisant partie du syst\u00e8me lymphatique, on trouve\u00a0:<\/p>\n<ul>\n<li>La moelle osseuse<\/li>\n<li>Le thymus<\/li>\n<li>Les amygdales<\/li>\n<li>La rate<\/li>\n<li>Le foie<\/li>\n<li>Les accumulations lymphocytaires \u00e0 l\u2019int\u00e9rieur des voies intestinales, respiratoires, g\u00e9nitales et urinaires.<\/li>\n<\/ul>\n<div id=\"section2\">\n<h2>Que sont les lymphocytes?<\/h2>\n<p>Les lymphocytes sont un type de globules blancs qui aident le corps \u00e0 combattre les infections; ils constituent un \u00e9l\u00e9ment majeur du syst\u00e8me lymphatique. Ils se d\u00e9veloppent dans le thymus et dans la moelle osseuse et sont transport\u00e9s dans le corps gr\u00e2ce \u00e0 la circulation sanguine et au syst\u00e8me lymphatique.<\/p>\n<p>On trouve des lymphocytes dans le sang. Cependant, la plus grande majorit\u00e9 d\u2019entre eux circulent normalement au sein du syst\u00e8me lymphatique. Les lymphocytes sont divis\u00e9s en deux cat\u00e9gories\u00a0: les lymphocytes\u00a0B et T (qu\u2019on appelle aussi cellules\u00a0B et T); ils s\u2019emploient \u00e0 combattre les infections et \u00e0 pr\u00e9venir les maladies. Ils font partie int\u00e9grante d\u2019un syst\u00e8me immunitaire en bonne sant\u00e9. Des lymphocytes\u00a0B qui fonctionnent normalement se transforment en cellules ultra-sp\u00e9cialis\u00e9es qu\u2019on appelle plasmocytes en pr\u00e9sence d\u2019une infection. Les plasmocytes fabriquent des anticorps qui s\u2019emploient \u00e0 combattre les infections et qui r\u00e9agissent aux toxines, aux bact\u00e9ries et \u00e0 certaines cellules canc\u00e9reuses. Le corps peut ainsi identifier et \u00e9carter ces substances ind\u00e9sirables. Cependant, certains envahisseurs parviennent \u00e0 \u00e9chapper aux lymphocytes\u00a0B en grossissant \u00e0 l\u2019int\u00e9rieur des cellules somatiques. C\u2019est \u00e0 ce moment que les lymphocytes\u00a0T entrent en jeu. Les lymphocytes\u00a0T attaquent directement les envahisseurs \u00e9trangers comme les bact\u00e9ries et les virus et ils tuent les cellules canc\u00e9reuses et les \u00e9liminent du corps.<\/p>\n<p>Apr\u00e8s la destruction de l\u2019envahisseur, les lymphocytes\u00a0B et T qui ont surv\u00e9cu deviennent des cellules m\u00e9moires sp\u00e9cialis\u00e9es qui restent aux aguets dans les ganglions lymphatiques, pr\u00eates \u00e0 attaquer en cas de nouvelle rencontre avec un certain antig\u00e8ne. On peut comparer ces cellules m\u00e9moires sp\u00e9ciales \u00e0 des gardes, car elles sont toujours aux aguets afin d\u2019emp\u00eacher un certain type d\u00e9nvahisseurs de prendre le contr\u00f4le du corps.<\/p>\n<\/div>\n<div id=\"section3\">\n<h2>Comment fonctionne le syst\u00e8me lymphatique?<\/h2>\n<p>Le syst\u00e8me lymphatique a trois fonctions principales\u00a0:<\/p>\n<p><strong>1. Faire circuler les liquides et r\u00e9guler leur niveau dans le corps\u00a0:<\/strong><br \/>\nTout exc\u00e8s de liquide qui s\u2019\u00e9chappe de la circulation sanguine est recueilli par le syst\u00e8me lymphatique et renvoy\u00e9. Ceci permet d\u2019emp\u00eacher la formation d\u2019oed\u00e8me (gonflement d\u00fb \u00e0 un exc\u00e8s de liquide) et maintient les niveaux de liquide dans le corps et dans la circulation sanguine \u00e0 des limites normales.<\/p>\n<p><strong>2. Absorber les graisses contenues dans le syst\u00e8me digestif\u00a0:<\/strong><br \/>\nles vaisseaux lymphatiques sp\u00e9ciaux, qu\u2019on appelle chylif\u00e8res, se situent \u00e0 l\u2019int\u00e9rieur du tube digestif et sont responsables d\u2019absorber les graisses et les vitamines liposolubles des aliments. Les graisses sont ensuite transport\u00e9es vers la circulation sanguine et utilis\u00e9es selon les besoins.<\/p>\n<p><strong>3. D\u00e9fendre le corps contre les infections\u00a0:<\/strong><br \/>\nLes vaisseaux du syst\u00e8me lymphatique d\u00e9placent le liquide lymphatique et les lymphocytes dans tout le corps. Le liquide lymphatique, qui voyage \u00e0 travers les vaisseaux lymphatiques, passe par les ganglions lymphatiques, qui sont principalement constitu\u00e9s de lymphocytes. Les lymphocytes servent \u00e0 filtrer le liquide lymphatique de tout d\u00e9bris, il \u00e9carte les bact\u00e9ries, les virus et tout autre corps \u00e9tranger. Le corps peut ainsi rester \u00e0 l\u2019abri des organismes envahisseurs et des infections par le fait m\u00eame.<\/p>\n<\/div>\n","protected":false},"excerpt":{"rendered":"<p>Qu\u2019est-ce que le syst\u00e8me lymphatique? Le syst\u00e8me lymphatique constitue l\u2019une des parties les plus importantes du syst\u00e8me immunitaire, car il prot\u00e8ge le corps des maladies et des infections. C\u2019est un&#8230;<\/p>\n","protected":false},"author":6,"featured_media":0,"parent":485,"menu_order":0,"comment_status":"closed","ping_status":"closed","template":"page-sidebar.php","meta":{"_acf_changed":false,"footnotes":""},"categories":[],"tags":[],"class_list":["post-423","page","type-page","status-publish"],"acf":[],"yoast_head":"<!-- This site is optimized with the Yoast SEO plugin v26.7 - https:\/\/yoast.com\/wordpress\/plugins\/seo\/ -->\n<title>Syst\u00e8me lymphatique - Lymphoma Canada<\/title>\n<meta name=\"robots\" content=\"index, follow, max-snippet:-1, max-image-preview:large, max-video-preview:-1\" \/>\n<link rel=\"canonical\" href=\"https:\/\/www.lymphoma.ca\/fr\/le-lymphome\/lymphome-101\/systeme-lymphatique\/\" \/>\n<meta property=\"og:locale\" content=\"fr_FR\" \/>\n<meta property=\"og:type\" content=\"article\" \/>\n<meta property=\"og:title\" content=\"Syst\u00e8me lymphatique - Lymphoma Canada\" \/>\n<meta property=\"og:description\" content=\"Qu\u2019est-ce que le syst\u00e8me lymphatique? Le syst\u00e8me lymphatique constitue l\u2019une des parties les plus importantes du syst\u00e8me immunitaire, car il prot\u00e8ge le corps des maladies et des infections. C\u2019est un...\" \/>\n<meta property=\"og:url\" content=\"https:\/\/www.lymphoma.ca\/fr\/le-lymphome\/lymphome-101\/systeme-lymphatique\/\" \/>\n<meta property=\"og:site_name\" content=\"Lymphoma Canada\" \/>\n<meta property=\"article:publisher\" content=\"https:\/\/www.facebook.com\/LymphomaCanada\" \/>\n<meta property=\"article:modified_time\" content=\"2025-08-22T20:36:07+00:00\" \/>\n<meta property=\"og:image\" content=\"https:\/\/www.lymphoma.ca\/wp-content\/uploads\/2010\/05\/02_fr.jpg\" \/>\n\t<meta property=\"og:image:width\" content=\"600\" \/>\n\t<meta property=\"og:image:height\" content=\"585\" \/>\n\t<meta property=\"og:image:type\" content=\"image\/jpeg\" \/>\n<meta name=\"twitter:card\" content=\"summary_large_image\" \/>\n<meta name=\"twitter:site\" content=\"@lymphomacanada\" \/>\n<meta name=\"twitter:label1\" content=\"Dur\u00e9e de lecture estim\u00e9e\" \/>\n\t<meta name=\"twitter:data1\" content=\"5 minutes\" \/>\n<script type=\"application\/ld+json\" class=\"yoast-schema-graph\">{\"@context\":\"https:\/\/schema.org\",\"@graph\":[{\"@type\":\"WebPage\",\"@id\":\"https:\/\/www.lymphoma.ca\/fr\/le-lymphome\/lymphome-101\/systeme-lymphatique\/\",\"url\":\"https:\/\/www.lymphoma.ca\/fr\/le-lymphome\/lymphome-101\/systeme-lymphatique\/\",\"name\":\"Syst\u00e8me lymphatique - Lymphoma Canada\",\"isPartOf\":{\"@id\":\"https:\/\/www.lymphoma.ca\/fr\/#website\"},\"primaryImageOfPage\":{\"@id\":\"https:\/\/www.lymphoma.ca\/fr\/le-lymphome\/lymphome-101\/systeme-lymphatique\/#primaryimage\"},\"image\":{\"@id\":\"https:\/\/www.lymphoma.ca\/fr\/le-lymphome\/lymphome-101\/systeme-lymphatique\/#primaryimage\"},\"thumbnailUrl\":\"https:\/\/www.lymphoma.ca\/wp-content\/uploads\/2010\/05\/02_fr.jpg\",\"datePublished\":\"2010-05-11T04:00:00+00:00\",\"dateModified\":\"2025-08-22T20:36:07+00:00\",\"breadcrumb\":{\"@id\":\"https:\/\/www.lymphoma.ca\/fr\/le-lymphome\/lymphome-101\/systeme-lymphatique\/#breadcrumb\"},\"inLanguage\":\"fr-FR\",\"potentialAction\":[{\"@type\":\"ReadAction\",\"target\":[\"https:\/\/www.lymphoma.ca\/fr\/le-lymphome\/lymphome-101\/systeme-lymphatique\/\"]}]},{\"@type\":\"ImageObject\",\"inLanguage\":\"fr-FR\",\"@id\":\"https:\/\/www.lymphoma.ca\/fr\/le-lymphome\/lymphome-101\/systeme-lymphatique\/#primaryimage\",\"url\":\"https:\/\/www.lymphoma.ca\/wp-content\/uploads\/2010\/05\/02_fr.jpg\",\"contentUrl\":\"https:\/\/www.lymphoma.ca\/wp-content\/uploads\/2010\/05\/02_fr.jpg\"},{\"@type\":\"BreadcrumbList\",\"@id\":\"https:\/\/www.lymphoma.ca\/fr\/le-lymphome\/lymphome-101\/systeme-lymphatique\/#breadcrumb\",\"itemListElement\":[{\"@type\":\"ListItem\",\"position\":1,\"name\":\"Home\",\"item\":\"https:\/\/www.lymphoma.ca\/fr\/\"},{\"@type\":\"ListItem\",\"position\":2,\"name\":\"Lymphome\",\"item\":\"https:\/\/www.lymphoma.ca\/fr\/le-lymphome\/\"},{\"@type\":\"ListItem\",\"position\":3,\"name\":\"Lymphome 101\",\"item\":\"https:\/\/www.lymphoma.ca\/fr\/le-lymphome\/lymphome-101\/\"},{\"@type\":\"ListItem\",\"position\":4,\"name\":\"Syst\u00e8me lymphatique\"}]},{\"@type\":\"WebSite\",\"@id\":\"https:\/\/www.lymphoma.ca\/fr\/#website\",\"url\":\"https:\/\/www.lymphoma.ca\/fr\/\",\"name\":\"Lymphoma Canada\",\"description\":\"Information. Help. Hope.\",\"publisher\":{\"@id\":\"https:\/\/www.lymphoma.ca\/fr\/#organization\"},\"potentialAction\":[{\"@type\":\"SearchAction\",\"target\":{\"@type\":\"EntryPoint\",\"urlTemplate\":\"https:\/\/www.lymphoma.ca\/fr\/?s={search_term_string}\"},\"query-input\":{\"@type\":\"PropertyValueSpecification\",\"valueRequired\":true,\"valueName\":\"search_term_string\"}}],\"inLanguage\":\"fr-FR\"},{\"@type\":\"Organization\",\"@id\":\"https:\/\/www.lymphoma.ca\/fr\/#organization\",\"name\":\"Lymphoma Canada\",\"url\":\"https:\/\/www.lymphoma.ca\/fr\/\",\"logo\":{\"@type\":\"ImageObject\",\"inLanguage\":\"fr-FR\",\"@id\":\"https:\/\/www.lymphoma.ca\/fr\/#\/schema\/logo\/image\/\",\"url\":\"https:\/\/www.lymphoma.ca\/wp-content\/uploads\/2023\/05\/logo-lymphoma.jpg\",\"contentUrl\":\"https:\/\/www.lymphoma.ca\/wp-content\/uploads\/2023\/05\/logo-lymphoma.jpg\",\"width\":343,\"height\":343,\"caption\":\"Lymphoma Canada\"},\"image\":{\"@id\":\"https:\/\/www.lymphoma.ca\/fr\/#\/schema\/logo\/image\/\"},\"sameAs\":[\"https:\/\/www.facebook.com\/LymphomaCanada\",\"https:\/\/x.com\/lymphomacanada\",\"https:\/\/www.linkedin.com\/company\/lymphoma-canada\/\",\"http:\/\/instagram.com\/lymphomacanada\",\"http:\/\/www.youtube.com\/user\/LymphomaTV\"]}]}<\/script>\n<!-- \/ Yoast SEO plugin. -->","yoast_head_json":{"title":"Syst\u00e8me lymphatique - Lymphoma Canada","robots":{"index":"index","follow":"follow","max-snippet":"max-snippet:-1","max-image-preview":"max-image-preview:large","max-video-preview":"max-video-preview:-1"},"canonical":"https:\/\/www.lymphoma.ca\/fr\/le-lymphome\/lymphome-101\/systeme-lymphatique\/","og_locale":"fr_FR","og_type":"article","og_title":"Syst\u00e8me lymphatique - Lymphoma Canada","og_description":"Qu\u2019est-ce que le syst\u00e8me lymphatique? Le syst\u00e8me lymphatique constitue l\u2019une des parties les plus importantes du syst\u00e8me immunitaire, car il prot\u00e8ge le corps des maladies et des infections. C\u2019est un...","og_url":"https:\/\/www.lymphoma.ca\/fr\/le-lymphome\/lymphome-101\/systeme-lymphatique\/","og_site_name":"Lymphoma Canada","article_publisher":"https:\/\/www.facebook.com\/LymphomaCanada","article_modified_time":"2025-08-22T20:36:07+00:00","og_image":[{"width":600,"height":585,"url":"https:\/\/www.lymphoma.ca\/wp-content\/uploads\/2010\/05\/02_fr.jpg","type":"image\/jpeg"}],"twitter_card":"summary_large_image","twitter_site":"@lymphomacanada","twitter_misc":{"Dur\u00e9e de lecture estim\u00e9e":"5 minutes"},"schema":{"@context":"https:\/\/schema.org","@graph":[{"@type":"WebPage","@id":"https:\/\/www.lymphoma.ca\/fr\/le-lymphome\/lymphome-101\/systeme-lymphatique\/","url":"https:\/\/www.lymphoma.ca\/fr\/le-lymphome\/lymphome-101\/systeme-lymphatique\/","name":"Syst\u00e8me lymphatique - Lymphoma Canada","isPartOf":{"@id":"https:\/\/www.lymphoma.ca\/fr\/#website"},"primaryImageOfPage":{"@id":"https:\/\/www.lymphoma.ca\/fr\/le-lymphome\/lymphome-101\/systeme-lymphatique\/#primaryimage"},"image":{"@id":"https:\/\/www.lymphoma.ca\/fr\/le-lymphome\/lymphome-101\/systeme-lymphatique\/#primaryimage"},"thumbnailUrl":"https:\/\/www.lymphoma.ca\/wp-content\/uploads\/2010\/05\/02_fr.jpg","datePublished":"2010-05-11T04:00:00+00:00","dateModified":"2025-08-22T20:36:07+00:00","breadcrumb":{"@id":"https:\/\/www.lymphoma.ca\/fr\/le-lymphome\/lymphome-101\/systeme-lymphatique\/#breadcrumb"},"inLanguage":"fr-FR","potentialAction":[{"@type":"ReadAction","target":["https:\/\/www.lymphoma.ca\/fr\/le-lymphome\/lymphome-101\/systeme-lymphatique\/"]}]},{"@type":"ImageObject","inLanguage":"fr-FR","@id":"https:\/\/www.lymphoma.ca\/fr\/le-lymphome\/lymphome-101\/systeme-lymphatique\/#primaryimage","url":"https:\/\/www.lymphoma.ca\/wp-content\/uploads\/2010\/05\/02_fr.jpg","contentUrl":"https:\/\/www.lymphoma.ca\/wp-content\/uploads\/2010\/05\/02_fr.jpg"},{"@type":"BreadcrumbList","@id":"https:\/\/www.lymphoma.ca\/fr\/le-lymphome\/lymphome-101\/systeme-lymphatique\/#breadcrumb","itemListElement":[{"@type":"ListItem","position":1,"name":"Home","item":"https:\/\/www.lymphoma.ca\/fr\/"},{"@type":"ListItem","position":2,"name":"Lymphome","item":"https:\/\/www.lymphoma.ca\/fr\/le-lymphome\/"},{"@type":"ListItem","position":3,"name":"Lymphome 101","item":"https:\/\/www.lymphoma.ca\/fr\/le-lymphome\/lymphome-101\/"},{"@type":"ListItem","position":4,"name":"Syst\u00e8me lymphatique"}]},{"@type":"WebSite","@id":"https:\/\/www.lymphoma.ca\/fr\/#website","url":"https:\/\/www.lymphoma.ca\/fr\/","name":"Lymphoma Canada","description":"Information. Help. Hope.","publisher":{"@id":"https:\/\/www.lymphoma.ca\/fr\/#organization"},"potentialAction":[{"@type":"SearchAction","target":{"@type":"EntryPoint","urlTemplate":"https:\/\/www.lymphoma.ca\/fr\/?s={search_term_string}"},"query-input":{"@type":"PropertyValueSpecification","valueRequired":true,"valueName":"search_term_string"}}],"inLanguage":"fr-FR"},{"@type":"Organization","@id":"https:\/\/www.lymphoma.ca\/fr\/#organization","name":"Lymphoma Canada","url":"https:\/\/www.lymphoma.ca\/fr\/","logo":{"@type":"ImageObject","inLanguage":"fr-FR","@id":"https:\/\/www.lymphoma.ca\/fr\/#\/schema\/logo\/image\/","url":"https:\/\/www.lymphoma.ca\/wp-content\/uploads\/2023\/05\/logo-lymphoma.jpg","contentUrl":"https:\/\/www.lymphoma.ca\/wp-content\/uploads\/2023\/05\/logo-lymphoma.jpg","width":343,"height":343,"caption":"Lymphoma Canada"},"image":{"@id":"https:\/\/www.lymphoma.ca\/fr\/#\/schema\/logo\/image\/"},"sameAs":["https:\/\/www.facebook.com\/LymphomaCanada","https:\/\/x.com\/lymphomacanada","https:\/\/www.linkedin.com\/company\/lymphoma-canada\/","http:\/\/instagram.com\/lymphomacanada","http:\/\/www.youtube.com\/user\/LymphomaTV"]}]}},"_links":{"self":[{"href":"https:\/\/www.lymphoma.ca\/fr\/wp-json\/wp\/v2\/pages\/423","targetHints":{"allow":["GET"]}}],"collection":[{"href":"https:\/\/www.lymphoma.ca\/fr\/wp-json\/wp\/v2\/pages"}],"about":[{"href":"https:\/\/www.lymphoma.ca\/fr\/wp-json\/wp\/v2\/types\/page"}],"author":[{"embeddable":true,"href":"https:\/\/www.lymphoma.ca\/fr\/wp-json\/wp\/v2\/users\/6"}],"replies":[{"embeddable":true,"href":"https:\/\/www.lymphoma.ca\/fr\/wp-json\/wp\/v2\/comments?post=423"}],"version-history":[{"count":4,"href":"https:\/\/www.lymphoma.ca\/fr\/wp-json\/wp\/v2\/pages\/423\/revisions"}],"predecessor-version":[{"id":19095,"href":"https:\/\/www.lymphoma.ca\/fr\/wp-json\/wp\/v2\/pages\/423\/revisions\/19095"}],"up":[{"embeddable":true,"href":"https:\/\/www.lymphoma.ca\/fr\/wp-json\/wp\/v2\/pages\/485"}],"wp:attachment":[{"href":"https:\/\/www.lymphoma.ca\/fr\/wp-json\/wp\/v2\/media?parent=423"}],"wp:term":[{"taxonomy":"category","embeddable":true,"href":"https:\/\/www.lymphoma.ca\/fr\/wp-json\/wp\/v2\/categories?post=423"},{"taxonomy":"post_tag","embeddable":true,"href":"https:\/\/www.lymphoma.ca\/fr\/wp-json\/wp\/v2\/tags?post=423"}],"curies":[{"name":"wp","href":"https:\/\/api.w.org\/{rel}","templated":true}]}}