{"id":4232,"date":"2020-02-05T19:35:24","date_gmt":"2020-02-05T19:35:24","guid":{"rendered":"https:\/\/www.lymphoma.ca\/?page_id=4232"},"modified":"2020-06-01T18:45:08","modified_gmt":"2020-06-01T18:45:08","slug":"ganglions-101","status":"publish","type":"page","link":"https:\/\/www.lymphoma.ca\/fr\/ganglions-101\/","title":{"rendered":"Ganglions 101"},"content":{"rendered":"[vc_row type=\u00a0\u00bbin_container\u00a0\u00bb full_screen_row_position=\u00a0\u00bbmiddle\u00a0\u00bb column_margin=\u00a0\u00bbdefault\u00a0\u00bb scene_position=\u00a0\u00bbcenter\u00a0\u00bb text_color=\u00a0\u00bbdark\u00a0\u00bb text_align=\u00a0\u00bbleft\u00a0\u00bb overlay_strength=\u00a0\u00bb0.3&Prime; shape_divider_position=\u00a0\u00bbbottom\u00a0\u00bb bg_image_animation=\u00a0\u00bbnone\u00a0\u00bb][vc_column column_padding=\u00a0\u00bbno-extra-padding\u00a0\u00bb column_padding_position=\u00a0\u00bball\u00a0\u00bb background_color_opacity=\u00a0\u00bb1&Prime; background_hover_color_opacity=\u00a0\u00bb1&Prime; column_link_target=\u00a0\u00bb_self\u00a0\u00bb column_shadow=\u00a0\u00bbnone\u00a0\u00bb column_border_radius=\u00a0\u00bbnone\u00a0\u00bb width=\u00a0\u00bb1\/1&Prime; tablet_width_inherit=\u00a0\u00bbdefault\u00a0\u00bb tablet_text_alignment=\u00a0\u00bbdefault\u00a0\u00bb phone_text_alignment=\u00a0\u00bbdefault\u00a0\u00bb overlay_strength=\u00a0\u00bb0.3&Prime; column_border_width=\u00a0\u00bbnone\u00a0\u00bb column_border_style=\u00a0\u00bbsolid\u00a0\u00bb bg_image_animation=\u00a0\u00bbnone\u00a0\u00bb][vc_column_text]Vous connaissez probablement la plupart des parties du corps humain et leur lien avec votre sant\u00e9. Cependant, comme la plupart des Canadiens, vos ganglions lymphatiques vous sont sans doute inconnus!<\/p>\n<p>Le temps est venu d&rsquo;apprendre \u00e0 conna\u00eetre vos ganglions et de d\u00e9couvrir toute l&rsquo;importance de votre syst\u00e8me lymphatique.[\/vc_column_text][\/vc_column][\/vc_row][vc_row type=\u00a0\u00bbin_container\u00a0\u00bb full_screen_row_position=\u00a0\u00bbmiddle\u00a0\u00bb column_margin=\u00a0\u00bbdefault\u00a0\u00bb scene_position=\u00a0\u00bbcenter\u00a0\u00bb text_color=\u00a0\u00bbdark\u00a0\u00bb text_align=\u00a0\u00bbleft\u00a0\u00bb overlay_strength=\u00a0\u00bb0.3&Prime; shape_divider_position=\u00a0\u00bbbottom\u00a0\u00bb bg_image_animation=\u00a0\u00bbnone\u00a0\u00bb][vc_column centered_text=\u00a0\u00bbtrue\u00a0\u00bb column_padding=\u00a0\u00bbno-extra-padding\u00a0\u00bb column_padding_position=\u00a0\u00bball\u00a0\u00bb background_color_opacity=\u00a0\u00bb1&Prime; background_hover_color_opacity=\u00a0\u00bb1&Prime; column_link_target=\u00a0\u00bb_self\u00a0\u00bb column_shadow=\u00a0\u00bbsmall_depth\u00a0\u00bb column_border_radius=\u00a0\u00bbnone\u00a0\u00bb boxed=\u00a0\u00bbtrue\u00a0\u00bb width=\u00a0\u00bb1\/3&Prime; tablet_width_inherit=\u00a0\u00bbdefault\u00a0\u00bb tablet_text_alignment=\u00a0\u00bbdefault\u00a0\u00bb phone_text_alignment=\u00a0\u00bbdefault\u00a0\u00bb overlay_strength=\u00a0\u00bb0.3&Prime; column_border_width=\u00a0\u00bbnone\u00a0\u00bb column_border_style=\u00a0\u00bbsolid\u00a0\u00bb bg_image_animation=\u00a0\u00bbnone\u00a0\u00bb][vc_column_text]\n<h2 class=\"block__title block-title\">Connaissez-Vous Vos Ganglions?<\/h2>\n[\/vc_column_text][nectar_icon icon_family=\u00a0\u00bbfontawesome\u00a0\u00bb icon_style=\u00a0\u00bbdefault\u00a0\u00bb icon_color=\u00a0\u00bbAccent-Color\u00a0\u00bb icon_padding=\u00a0\u00bb20px\u00a0\u00bb icon_fontawesome=\u00a0\u00bbfa fa-pencil-square-o\u00a0\u00bb icon_size=\u00a0\u00bb80&Prime;][vc_column_text]Cliquez ici pour tester vos connaissances sur les ganglions et sur le syst\u00e8me lymphatique.<\/p>\n<p>&nbsp;<\/p>\n[\/vc_column_text][nectar_btn size=\u00a0\u00bbmedium\u00a0\u00bb button_style=\u00a0\u00bbregular\u00a0\u00bb button_color_2=\u00a0\u00bbAccent-Color\u00a0\u00bb icon_family=\u00a0\u00bbnone\u00a0\u00bb text=\u00a0\u00bbLe quiz\u00a0\u00bb url=\u00a0\u00bbhttps:\/\/www.lymphoma.ca\/fr\/ganglions-101\/ganglions-101-quiz\/\u00a0\u00bb][\/vc_column][vc_column centered_text=\u00a0\u00bbtrue\u00a0\u00bb column_padding=\u00a0\u00bbno-extra-padding\u00a0\u00bb column_padding_position=\u00a0\u00bball\u00a0\u00bb background_color_opacity=\u00a0\u00bb1&Prime; background_hover_color_opacity=\u00a0\u00bb1&Prime; column_link_target=\u00a0\u00bb_self\u00a0\u00bb column_shadow=\u00a0\u00bbmedium_depth\u00a0\u00bb column_border_radius=\u00a0\u00bbnone\u00a0\u00bb boxed=\u00a0\u00bbtrue\u00a0\u00bb width=\u00a0\u00bb1\/3&Prime; tablet_width_inherit=\u00a0\u00bbdefault\u00a0\u00bb tablet_text_alignment=\u00a0\u00bbdefault\u00a0\u00bb phone_text_alignment=\u00a0\u00bbdefault\u00a0\u00bb overlay_strength=\u00a0\u00bb0.3&Prime; column_border_width=\u00a0\u00bbnone\u00a0\u00bb column_border_style=\u00a0\u00bbsolid\u00a0\u00bb bg_image_animation=\u00a0\u00bbnone\u00a0\u00bb][vc_column_text]\n<h2 class=\"block__title block-title\">Ce qu&rsquo;il faut savoir sur les ganglions lymphatiques&#8230;<\/h2>\n[\/vc_column_text][nectar_icon icon_family=\u00a0\u00bbfontawesome\u00a0\u00bb icon_style=\u00a0\u00bbdefault\u00a0\u00bb icon_color=\u00a0\u00bbAccent-Color\u00a0\u00bb icon_padding=\u00a0\u00bb20px\u00a0\u00bb icon_fontawesome=\u00a0\u00bbfa fa-question-circle-o\u00a0\u00bb icon_size=\u00a0\u00bb80&Prime;][vc_column_text]Cliquez ici pour conna\u00eetre tous les faits et pour en apprendre plus sur les ganglions et sur le syst\u00e8me lymphatique.<\/p>\n[\/vc_column_text][nectar_btn size=\u00a0\u00bbmedium\u00a0\u00bb button_style=\u00a0\u00bbregular\u00a0\u00bb button_color_2=\u00a0\u00bbAccent-Color\u00a0\u00bb icon_family=\u00a0\u00bbnone\u00a0\u00bb text=\u00a0\u00bbD\u00e9couvrez les faits\u00a0\u00bb url=\u00a0\u00bbhttps:\/\/www.lymphoma.ca\/fr\/ganglions-101\/ce-quil-faut-savoir-sur-les-ganglions-lymphatiques\/\u00a0\u00bb][\/vc_column][vc_column centered_text=\u00a0\u00bbtrue\u00a0\u00bb column_padding=\u00a0\u00bbno-extra-padding\u00a0\u00bb column_padding_position=\u00a0\u00bball\u00a0\u00bb background_color_opacity=\u00a0\u00bb1&Prime; background_hover_color_opacity=\u00a0\u00bb1&Prime; column_link_target=\u00a0\u00bb_self\u00a0\u00bb column_shadow=\u00a0\u00bbmedium_depth\u00a0\u00bb column_border_radius=\u00a0\u00bbnone\u00a0\u00bb boxed=\u00a0\u00bbtrue\u00a0\u00bb width=\u00a0\u00bb1\/3&Prime; tablet_width_inherit=\u00a0\u00bbdefault\u00a0\u00bb tablet_text_alignment=\u00a0\u00bbdefault\u00a0\u00bb phone_text_alignment=\u00a0\u00bbdefault\u00a0\u00bb overlay_strength=\u00a0\u00bb0.3&Prime; column_border_width=\u00a0\u00bbnone\u00a0\u00bb column_border_style=\u00a0\u00bbsolid\u00a0\u00bb bg_image_animation=\u00a0\u00bbnone\u00a0\u00bb][vc_column_text]\n<h2 class=\"block__title block-title\">Conna\u00eetre les signes et sympt\u00f4mes du lymphome&#8230;<\/h2>\n[\/vc_column_text][nectar_icon icon_family=\u00a0\u00bbfontawesome\u00a0\u00bb icon_style=\u00a0\u00bbdefault\u00a0\u00bb icon_color=\u00a0\u00bbAccent-Color\u00a0\u00bb icon_padding=\u00a0\u00bb20px\u00a0\u00bb icon_fontawesome=\u00a0\u00bbfa fa-user-md\u00a0\u00bb icon_size=\u00a0\u00bb80&Prime;][vc_column_text]L&rsquo;information est source de pouvoir et apprendre \u00e0 reconna\u00eetre les sympt\u00f4mes du lymphome permet un diagnostic pr\u00e9coce et am\u00e9liore les chances de succ\u00e8s th\u00e9rapeutique et de survie globale. Cliquez ici pour en savoir plus.[\/vc_column_text][nectar_btn size=\u00a0\u00bbmedium\u00a0\u00bb button_style=\u00a0\u00bbregular\u00a0\u00bb button_color_2=\u00a0\u00bbAccent-Color\u00a0\u00bb icon_family=\u00a0\u00bbnone\u00a0\u00bb text=\u00a0\u00bbEn savoir plus\u00a0\u00bb url=\u00a0\u00bbhttps:\/\/www.lymphoma.ca\/fr\/ganglions-101\/connaitre-les-signes-et-symptomes-du-lymphome\/\u00a0\u00bb][\/vc_column][\/vc_row]\n","protected":false},"excerpt":{"rendered":"<p>[vc_row type=\u00a0\u00bbin_container\u00a0\u00bb full_screen_row_position=\u00a0\u00bbmiddle\u00a0\u00bb column_margin=\u00a0\u00bbdefault\u00a0\u00bb scene_position=\u00a0\u00bbcenter\u00a0\u00bb text_color=\u00a0\u00bbdark\u00a0\u00bb text_align=\u00a0\u00bbleft\u00a0\u00bb overlay_strength=\u00a0\u00bb0.3&Prime; shape_divider_position=\u00a0\u00bbbottom\u00a0\u00bb bg_image_animation=\u00a0\u00bbnone\u00a0\u00bb][vc_column column_padding=\u00a0\u00bbno-extra-padding\u00a0\u00bb column_padding_position=\u00a0\u00bball\u00a0\u00bb background_color_opacity=\u00a0\u00bb1&Prime; background_hover_color_opacity=\u00a0\u00bb1&Prime; column_link_target=\u00a0\u00bb_self\u00a0\u00bb column_shadow=\u00a0\u00bbnone\u00a0\u00bb column_border_radius=\u00a0\u00bbnone\u00a0\u00bb width=\u00a0\u00bb1\/1&Prime; tablet_width_inherit=\u00a0\u00bbdefault\u00a0\u00bb tablet_text_alignment=\u00a0\u00bbdefault\u00a0\u00bb phone_text_alignment=\u00a0\u00bbdefault\u00a0\u00bb overlay_strength=\u00a0\u00bb0.3&Prime; column_border_width=\u00a0\u00bbnone\u00a0\u00bb column_border_style=\u00a0\u00bbsolid\u00a0\u00bb bg_image_animation=\u00a0\u00bbnone\u00a0\u00bb][vc_column_text]Vous connaissez probablement la plupart des&#8230;<\/p>\n","protected":false},"author":27,"featured_media":10534,"parent":0,"menu_order":48,"comment_status":"closed","ping_status":"closed","template":"","meta":{"_acf_changed":false,"footnotes":""},"categories":[],"tags":[],"class_list":["post-4232","page","type-page","status-publish","has-post-thumbnail"],"acf":[],"yoast_head":"<!-- This site is optimized with the Yoast SEO plugin v26.7 - https:\/\/yoast.com\/wordpress\/plugins\/seo\/ -->\n<title>Ganglions 101 - Lymphoma Canada<\/title>\n<meta name=\"robots\" content=\"index, follow, max-snippet:-1, max-image-preview:large, max-video-preview:-1\" \/>\n<link rel=\"canonical\" href=\"https:\/\/www.lymphoma.ca\/fr\/ganglions-101\/\" \/>\n<meta property=\"og:locale\" content=\"fr_FR\" \/>\n<meta property=\"og:type\" content=\"article\" \/>\n<meta property=\"og:title\" content=\"Ganglions 101 - Lymphoma Canada\" \/>\n<meta property=\"og:description\" content=\"[vc_row type=\u00a0\u00bbin_container\u00a0\u00bb full_screen_row_position=\u00a0\u00bbmiddle\u00a0\u00bb column_margin=\u00a0\u00bbdefault\u00a0\u00bb scene_position=\u00a0\u00bbcenter\u00a0\u00bb text_color=\u00a0\u00bbdark\u00a0\u00bb text_align=\u00a0\u00bbleft\u00a0\u00bb overlay_strength=\u00a0\u00bb0.3&Prime; shape_divider_position=\u00a0\u00bbbottom\u00a0\u00bb bg_image_animation=\u00a0\u00bbnone\u00a0\u00bb][vc_column column_padding=\u00a0\u00bbno-extra-padding\u00a0\u00bb column_padding_position=\u00a0\u00bball\u00a0\u00bb background_color_opacity=\u00a0\u00bb1&Prime; background_hover_color_opacity=\u00a0\u00bb1&Prime; column_link_target=\u00a0\u00bb_self\u00a0\u00bb column_shadow=\u00a0\u00bbnone\u00a0\u00bb column_border_radius=\u00a0\u00bbnone\u00a0\u00bb width=\u00a0\u00bb1\/1&Prime; tablet_width_inherit=\u00a0\u00bbdefault\u00a0\u00bb tablet_text_alignment=\u00a0\u00bbdefault\u00a0\u00bb phone_text_alignment=\u00a0\u00bbdefault\u00a0\u00bb overlay_strength=\u00a0\u00bb0.3&Prime; column_border_width=\u00a0\u00bbnone\u00a0\u00bb column_border_style=\u00a0\u00bbsolid\u00a0\u00bb bg_image_animation=\u00a0\u00bbnone\u00a0\u00bb][vc_column_text]Vous connaissez probablement la plupart des...\" \/>\n<meta property=\"og:url\" content=\"https:\/\/www.lymphoma.ca\/fr\/ganglions-101\/\" \/>\n<meta property=\"og:site_name\" content=\"Lymphoma Canada\" \/>\n<meta property=\"article:publisher\" content=\"https:\/\/www.facebook.com\/LymphomaCanada\" \/>\n<meta property=\"article:modified_time\" content=\"2020-06-01T18:45:08+00:00\" \/>\n<meta property=\"og:image\" content=\"https:\/\/www.lymphoma.ca\/wp-content\/uploads\/2021\/09\/iStock-529115174-scaled.jpg\" \/>\n\t<meta property=\"og:image:width\" content=\"2560\" \/>\n\t<meta property=\"og:image:height\" content=\"1707\" \/>\n\t<meta property=\"og:image:type\" content=\"image\/jpeg\" \/>\n<meta name=\"twitter:card\" content=\"summary_large_image\" \/>\n<meta name=\"twitter:site\" content=\"@lymphomacanada\" \/>\n<meta name=\"twitter:label1\" content=\"Dur\u00e9e de lecture estim\u00e9e\" \/>\n\t<meta name=\"twitter:data1\" content=\"3 minutes\" \/>\n<script type=\"application\/ld+json\" class=\"yoast-schema-graph\">{\"@context\":\"https:\/\/schema.org\",\"@graph\":[{\"@type\":\"WebPage\",\"@id\":\"https:\/\/www.lymphoma.ca\/fr\/ganglions-101\/\",\"url\":\"https:\/\/www.lymphoma.ca\/fr\/ganglions-101\/\",\"name\":\"Ganglions 101 - Lymphoma Canada\",\"isPartOf\":{\"@id\":\"https:\/\/www.lymphoma.ca\/fr\/#website\"},\"primaryImageOfPage\":{\"@id\":\"https:\/\/www.lymphoma.ca\/fr\/ganglions-101\/#primaryimage\"},\"image\":{\"@id\":\"https:\/\/www.lymphoma.ca\/fr\/ganglions-101\/#primaryimage\"},\"thumbnailUrl\":\"https:\/\/www.lymphoma.ca\/wp-content\/uploads\/2021\/09\/iStock-529115174-scaled.jpg\",\"datePublished\":\"2020-02-05T19:35:24+00:00\",\"dateModified\":\"2020-06-01T18:45:08+00:00\",\"breadcrumb\":{\"@id\":\"https:\/\/www.lymphoma.ca\/fr\/ganglions-101\/#breadcrumb\"},\"inLanguage\":\"fr-FR\",\"potentialAction\":[{\"@type\":\"ReadAction\",\"target\":[\"https:\/\/www.lymphoma.ca\/fr\/ganglions-101\/\"]}]},{\"@type\":\"ImageObject\",\"inLanguage\":\"fr-FR\",\"@id\":\"https:\/\/www.lymphoma.ca\/fr\/ganglions-101\/#primaryimage\",\"url\":\"https:\/\/www.lymphoma.ca\/wp-content\/uploads\/2021\/09\/iStock-529115174-scaled.jpg\",\"contentUrl\":\"https:\/\/www.lymphoma.ca\/wp-content\/uploads\/2021\/09\/iStock-529115174-scaled.jpg\",\"width\":2560,\"height\":1707,\"caption\":\"Doctor examining old patient lymph glands, throat inflammation\"},{\"@type\":\"BreadcrumbList\",\"@id\":\"https:\/\/www.lymphoma.ca\/fr\/ganglions-101\/#breadcrumb\",\"itemListElement\":[{\"@type\":\"ListItem\",\"position\":1,\"name\":\"Home\",\"item\":\"https:\/\/www.lymphoma.ca\/fr\/\"},{\"@type\":\"ListItem\",\"position\":2,\"name\":\"Ganglions 101\"}]},{\"@type\":\"WebSite\",\"@id\":\"https:\/\/www.lymphoma.ca\/fr\/#website\",\"url\":\"https:\/\/www.lymphoma.ca\/fr\/\",\"name\":\"Lymphoma Canada\",\"description\":\"Information. Help. Hope.\",\"publisher\":{\"@id\":\"https:\/\/www.lymphoma.ca\/fr\/#organization\"},\"potentialAction\":[{\"@type\":\"SearchAction\",\"target\":{\"@type\":\"EntryPoint\",\"urlTemplate\":\"https:\/\/www.lymphoma.ca\/fr\/?s={search_term_string}\"},\"query-input\":{\"@type\":\"PropertyValueSpecification\",\"valueRequired\":true,\"valueName\":\"search_term_string\"}}],\"inLanguage\":\"fr-FR\"},{\"@type\":\"Organization\",\"@id\":\"https:\/\/www.lymphoma.ca\/fr\/#organization\",\"name\":\"Lymphoma Canada\",\"url\":\"https:\/\/www.lymphoma.ca\/fr\/\",\"logo\":{\"@type\":\"ImageObject\",\"inLanguage\":\"fr-FR\",\"@id\":\"https:\/\/www.lymphoma.ca\/fr\/#\/schema\/logo\/image\/\",\"url\":\"https:\/\/www.lymphoma.ca\/wp-content\/uploads\/2023\/05\/logo-lymphoma.jpg\",\"contentUrl\":\"https:\/\/www.lymphoma.ca\/wp-content\/uploads\/2023\/05\/logo-lymphoma.jpg\",\"width\":343,\"height\":343,\"caption\":\"Lymphoma Canada\"},\"image\":{\"@id\":\"https:\/\/www.lymphoma.ca\/fr\/#\/schema\/logo\/image\/\"},\"sameAs\":[\"https:\/\/www.facebook.com\/LymphomaCanada\",\"https:\/\/x.com\/lymphomacanada\",\"https:\/\/www.linkedin.com\/company\/lymphoma-canada\/\",\"http:\/\/instagram.com\/lymphomacanada\",\"http:\/\/www.youtube.com\/user\/LymphomaTV\"]}]}<\/script>\n<!-- \/ Yoast SEO plugin. -->","yoast_head_json":{"title":"Ganglions 101 - Lymphoma Canada","robots":{"index":"index","follow":"follow","max-snippet":"max-snippet:-1","max-image-preview":"max-image-preview:large","max-video-preview":"max-video-preview:-1"},"canonical":"https:\/\/www.lymphoma.ca\/fr\/ganglions-101\/","og_locale":"fr_FR","og_type":"article","og_title":"Ganglions 101 - Lymphoma Canada","og_description":"[vc_row type=\u00a0\u00bbin_container\u00a0\u00bb full_screen_row_position=\u00a0\u00bbmiddle\u00a0\u00bb column_margin=\u00a0\u00bbdefault\u00a0\u00bb scene_position=\u00a0\u00bbcenter\u00a0\u00bb text_color=\u00a0\u00bbdark\u00a0\u00bb text_align=\u00a0\u00bbleft\u00a0\u00bb overlay_strength=\u00a0\u00bb0.3&Prime; shape_divider_position=\u00a0\u00bbbottom\u00a0\u00bb bg_image_animation=\u00a0\u00bbnone\u00a0\u00bb][vc_column column_padding=\u00a0\u00bbno-extra-padding\u00a0\u00bb column_padding_position=\u00a0\u00bball\u00a0\u00bb background_color_opacity=\u00a0\u00bb1&Prime; background_hover_color_opacity=\u00a0\u00bb1&Prime; column_link_target=\u00a0\u00bb_self\u00a0\u00bb column_shadow=\u00a0\u00bbnone\u00a0\u00bb column_border_radius=\u00a0\u00bbnone\u00a0\u00bb width=\u00a0\u00bb1\/1&Prime; tablet_width_inherit=\u00a0\u00bbdefault\u00a0\u00bb tablet_text_alignment=\u00a0\u00bbdefault\u00a0\u00bb phone_text_alignment=\u00a0\u00bbdefault\u00a0\u00bb overlay_strength=\u00a0\u00bb0.3&Prime; column_border_width=\u00a0\u00bbnone\u00a0\u00bb column_border_style=\u00a0\u00bbsolid\u00a0\u00bb bg_image_animation=\u00a0\u00bbnone\u00a0\u00bb][vc_column_text]Vous connaissez probablement la plupart des...","og_url":"https:\/\/www.lymphoma.ca\/fr\/ganglions-101\/","og_site_name":"Lymphoma Canada","article_publisher":"https:\/\/www.facebook.com\/LymphomaCanada","article_modified_time":"2020-06-01T18:45:08+00:00","og_image":[{"width":2560,"height":1707,"url":"https:\/\/www.lymphoma.ca\/wp-content\/uploads\/2021\/09\/iStock-529115174-scaled.jpg","type":"image\/jpeg"}],"twitter_card":"summary_large_image","twitter_site":"@lymphomacanada","twitter_misc":{"Dur\u00e9e de lecture estim\u00e9e":"3 minutes"},"schema":{"@context":"https:\/\/schema.org","@graph":[{"@type":"WebPage","@id":"https:\/\/www.lymphoma.ca\/fr\/ganglions-101\/","url":"https:\/\/www.lymphoma.ca\/fr\/ganglions-101\/","name":"Ganglions 101 - Lymphoma Canada","isPartOf":{"@id":"https:\/\/www.lymphoma.ca\/fr\/#website"},"primaryImageOfPage":{"@id":"https:\/\/www.lymphoma.ca\/fr\/ganglions-101\/#primaryimage"},"image":{"@id":"https:\/\/www.lymphoma.ca\/fr\/ganglions-101\/#primaryimage"},"thumbnailUrl":"https:\/\/www.lymphoma.ca\/wp-content\/uploads\/2021\/09\/iStock-529115174-scaled.jpg","datePublished":"2020-02-05T19:35:24+00:00","dateModified":"2020-06-01T18:45:08+00:00","breadcrumb":{"@id":"https:\/\/www.lymphoma.ca\/fr\/ganglions-101\/#breadcrumb"},"inLanguage":"fr-FR","potentialAction":[{"@type":"ReadAction","target":["https:\/\/www.lymphoma.ca\/fr\/ganglions-101\/"]}]},{"@type":"ImageObject","inLanguage":"fr-FR","@id":"https:\/\/www.lymphoma.ca\/fr\/ganglions-101\/#primaryimage","url":"https:\/\/www.lymphoma.ca\/wp-content\/uploads\/2021\/09\/iStock-529115174-scaled.jpg","contentUrl":"https:\/\/www.lymphoma.ca\/wp-content\/uploads\/2021\/09\/iStock-529115174-scaled.jpg","width":2560,"height":1707,"caption":"Doctor examining old patient lymph glands, throat inflammation"},{"@type":"BreadcrumbList","@id":"https:\/\/www.lymphoma.ca\/fr\/ganglions-101\/#breadcrumb","itemListElement":[{"@type":"ListItem","position":1,"name":"Home","item":"https:\/\/www.lymphoma.ca\/fr\/"},{"@type":"ListItem","position":2,"name":"Ganglions 101"}]},{"@type":"WebSite","@id":"https:\/\/www.lymphoma.ca\/fr\/#website","url":"https:\/\/www.lymphoma.ca\/fr\/","name":"Lymphoma Canada","description":"Information. Help. Hope.","publisher":{"@id":"https:\/\/www.lymphoma.ca\/fr\/#organization"},"potentialAction":[{"@type":"SearchAction","target":{"@type":"EntryPoint","urlTemplate":"https:\/\/www.lymphoma.ca\/fr\/?s={search_term_string}"},"query-input":{"@type":"PropertyValueSpecification","valueRequired":true,"valueName":"search_term_string"}}],"inLanguage":"fr-FR"},{"@type":"Organization","@id":"https:\/\/www.lymphoma.ca\/fr\/#organization","name":"Lymphoma Canada","url":"https:\/\/www.lymphoma.ca\/fr\/","logo":{"@type":"ImageObject","inLanguage":"fr-FR","@id":"https:\/\/www.lymphoma.ca\/fr\/#\/schema\/logo\/image\/","url":"https:\/\/www.lymphoma.ca\/wp-content\/uploads\/2023\/05\/logo-lymphoma.jpg","contentUrl":"https:\/\/www.lymphoma.ca\/wp-content\/uploads\/2023\/05\/logo-lymphoma.jpg","width":343,"height":343,"caption":"Lymphoma Canada"},"image":{"@id":"https:\/\/www.lymphoma.ca\/fr\/#\/schema\/logo\/image\/"},"sameAs":["https:\/\/www.facebook.com\/LymphomaCanada","https:\/\/x.com\/lymphomacanada","https:\/\/www.linkedin.com\/company\/lymphoma-canada\/","http:\/\/instagram.com\/lymphomacanada","http:\/\/www.youtube.com\/user\/LymphomaTV"]}]}},"_links":{"self":[{"href":"https:\/\/www.lymphoma.ca\/fr\/wp-json\/wp\/v2\/pages\/4232","targetHints":{"allow":["GET"]}}],"collection":[{"href":"https:\/\/www.lymphoma.ca\/fr\/wp-json\/wp\/v2\/pages"}],"about":[{"href":"https:\/\/www.lymphoma.ca\/fr\/wp-json\/wp\/v2\/types\/page"}],"author":[{"embeddable":true,"href":"https:\/\/www.lymphoma.ca\/fr\/wp-json\/wp\/v2\/users\/27"}],"replies":[{"embeddable":true,"href":"https:\/\/www.lymphoma.ca\/fr\/wp-json\/wp\/v2\/comments?post=4232"}],"version-history":[{"count":5,"href":"https:\/\/www.lymphoma.ca\/fr\/wp-json\/wp\/v2\/pages\/4232\/revisions"}],"predecessor-version":[{"id":7729,"href":"https:\/\/www.lymphoma.ca\/fr\/wp-json\/wp\/v2\/pages\/4232\/revisions\/7729"}],"wp:featuredmedia":[{"embeddable":true,"href":"https:\/\/www.lymphoma.ca\/fr\/wp-json\/wp\/v2\/media\/10534"}],"wp:attachment":[{"href":"https:\/\/www.lymphoma.ca\/fr\/wp-json\/wp\/v2\/media?parent=4232"}],"wp:term":[{"taxonomy":"category","embeddable":true,"href":"https:\/\/www.lymphoma.ca\/fr\/wp-json\/wp\/v2\/categories?post=4232"},{"taxonomy":"post_tag","embeddable":true,"href":"https:\/\/www.lymphoma.ca\/fr\/wp-json\/wp\/v2\/tags?post=4232"}],"curies":[{"name":"wp","href":"https:\/\/api.w.org\/{rel}","templated":true}]}}