{"id":424,"date":"2010-05-11T04:00:00","date_gmt":"2010-05-11T04:00:00","guid":{"rendered":"https:\/\/www.lymphoma.ca\/?page_id=424"},"modified":"2020-03-10T17:47:15","modified_gmt":"2020-03-10T17:47:15","slug":"le-lymphome","status":"publish","type":"page","link":"https:\/\/www.lymphoma.ca\/fr\/le-lymphome\/","title":{"rendered":"Lymphome"},"content":{"rendered":"<h2>Qu\u2019est-ce que le lymphome?<\/h2>\n<p>Le lymphome est un cancer du syst\u00e8me lymphatique. Dans le cas d\u2019un lymphome, une tumeur se d\u00e9veloppe \u00e0 cause d\u2019une croissance anormale et incontr\u00f4l\u00e9e de lymphocytes anormaux. Le syst\u00e8me lymphatique est pr\u00e9sent dans tout le corps et concerne de nombreux organes, c\u2019est pour cette raison qu\u2019il peut y avoir des tumeurs canc\u00e9reuses dans de nombreuses parties du corps. Le lymphome englobe une vari\u00e9t\u00e9 de cancers touchant le syst\u00e8me lymphatique, un r\u00e9seau important de glandes et de vaisseaux qui composent le syst\u00e8me immunitaire de l\u2019organisme; notre principale ligne de d\u00e9fense contre les maladies. Il existe deux cat\u00e9gories principales de lymphomes\u00a0: le lymphome de Hodgkin et le lymphome non hodgkinien (LNH).<\/p>\n<p>Le syst\u00e8me lymphatique fabrique et fait circuler la lymphe dans tout le corps. La lymphe est un liquide transparent et clair qui contient des lymphocytes, les globules blancs qui combattent les infections et les maladies. Le long du r\u00e9seau, on trouve des organes en forme de haricot qu\u2019on appelle les glandes ou ganglions lymphatiques. Les ganglions sont charg\u00e9s de la fabrication et du stockage de ces cellules qui combattent les infections. Les ganglions lymphatiques sont agglom\u00e9r\u00e9s dans le cou, sous les aisselles, dans l\u2019aine et l\u2019abdomen et peuvent gonfler et devenir sensibles lorsque le corps combat une infection (c\u2019est ce qui se produit dans le cas d\u2019une mononucl\u00e9ose ou d\u2019une pharyngite streptococcique).<\/p>\n<p>Lorsqu\u2019un lymphome se d\u00e9clare, certaines des cellules du syst\u00e8me lymphatique grossissent anormalement et de mani\u00e8re incontr\u00f4l\u00e9e. Elles peuvent finir par former une tumeur qui continue de grossir \u00e0 mesure que les cellules canc\u00e9reuses se reproduisent. Si toutes les cellules sont les m\u00eames, on les appelle malignes ou canc\u00e9reuses, parce qu\u2019elles continuent de grossir et endommagent les syst\u00e8mes qui composent le corps. \u00c0 cause de la pr\u00e9sence de tissus lymphatiques dans tout le corps, les cellules canc\u00e9reuses peuvent s\u2019\u00e9tendre \u00e0 d\u2019autres organes et m\u00eame dans les os.<\/p>\n<div id=\"section2\">\n<h2>Quelle est la cause d\u2019un lymphome?<\/h2>\n<p>La ou les causes d\u2019un lymphome restent en grande partie un myst\u00e8re. Une personne peut avoir des pr\u00e9dispositions g\u00e9n\u00e9tiques, ou la maladie peut \u00eatre d\u00e9clench\u00e9e par un facteur environnemental comme la pollution. Toutefois, il n\u2019existe aucune preuve suffisante permettant de fournir une r\u00e9ponse certaine. Il a \u00e9t\u00e9 d\u00e9montr\u00e9 que certains lymphomes non hodgkiniens du tube digestif tels que les lymphomes du tissu lympho\u00efde associ\u00e9 aux muqueuses (MALT) peuvent \u00eatre provoqu\u00e9s par une infection \u00e0 <em>Helicobacter pylori<\/em>. Il semble qu\u2019il existe \u00e9galement un lien avec le virus d\u2019Epstein-Barr et le d\u00e9placement des g\u00e8nes pour certaines formes du lymphome de Burkitt.<\/p>\n<\/div>\n<p>&nbsp;<\/p>\n","protected":false},"excerpt":{"rendered":"<p>Qu\u2019est-ce que le lymphome? Le lymphome est un cancer du syst\u00e8me lymphatique. Dans le cas d\u2019un lymphome, une tumeur se d\u00e9veloppe \u00e0 cause d\u2019une croissance anormale et incontr\u00f4l\u00e9e de lymphocytes&#8230;<\/p>\n","protected":false},"author":6,"featured_media":0,"parent":0,"menu_order":65,"comment_status":"closed","ping_status":"closed","template":"page-sidebar.php","meta":{"_acf_changed":false,"footnotes":""},"categories":[],"tags":[],"class_list":["post-424","page","type-page","status-publish"],"acf":[],"yoast_head":"<!-- This site is optimized with the Yoast SEO plugin v26.7 - https:\/\/yoast.com\/wordpress\/plugins\/seo\/ -->\n<title>Lymphome - Lymphoma Canada<\/title>\n<meta name=\"robots\" content=\"index, follow, max-snippet:-1, max-image-preview:large, max-video-preview:-1\" \/>\n<link rel=\"canonical\" href=\"https:\/\/www.lymphoma.ca\/fr\/le-lymphome\/\" \/>\n<meta property=\"og:locale\" content=\"fr_FR\" \/>\n<meta property=\"og:type\" content=\"article\" \/>\n<meta property=\"og:title\" content=\"Lymphome - Lymphoma Canada\" \/>\n<meta property=\"og:description\" content=\"Qu\u2019est-ce que le lymphome? Le lymphome est un cancer du syst\u00e8me lymphatique. Dans le cas d\u2019un lymphome, une tumeur se d\u00e9veloppe \u00e0 cause d\u2019une croissance anormale et incontr\u00f4l\u00e9e de lymphocytes...\" \/>\n<meta property=\"og:url\" content=\"https:\/\/www.lymphoma.ca\/fr\/le-lymphome\/\" \/>\n<meta property=\"og:site_name\" content=\"Lymphoma Canada\" \/>\n<meta property=\"article:publisher\" content=\"https:\/\/www.facebook.com\/LymphomaCanada\" \/>\n<meta property=\"article:modified_time\" content=\"2020-03-10T17:47:15+00:00\" \/>\n<meta name=\"twitter:card\" content=\"summary_large_image\" \/>\n<meta name=\"twitter:site\" content=\"@lymphomacanada\" \/>\n<meta name=\"twitter:label1\" content=\"Dur\u00e9e de lecture estim\u00e9e\" \/>\n\t<meta name=\"twitter:data1\" content=\"2 minutes\" \/>\n<script type=\"application\/ld+json\" class=\"yoast-schema-graph\">{\"@context\":\"https:\/\/schema.org\",\"@graph\":[{\"@type\":\"WebPage\",\"@id\":\"https:\/\/www.lymphoma.ca\/fr\/le-lymphome\/\",\"url\":\"https:\/\/www.lymphoma.ca\/fr\/le-lymphome\/\",\"name\":\"Lymphome - Lymphoma Canada\",\"isPartOf\":{\"@id\":\"https:\/\/www.lymphoma.ca\/fr\/#website\"},\"datePublished\":\"2010-05-11T04:00:00+00:00\",\"dateModified\":\"2020-03-10T17:47:15+00:00\",\"breadcrumb\":{\"@id\":\"https:\/\/www.lymphoma.ca\/fr\/le-lymphome\/#breadcrumb\"},\"inLanguage\":\"fr-FR\",\"potentialAction\":[{\"@type\":\"ReadAction\",\"target\":[\"https:\/\/www.lymphoma.ca\/fr\/le-lymphome\/\"]}]},{\"@type\":\"BreadcrumbList\",\"@id\":\"https:\/\/www.lymphoma.ca\/fr\/le-lymphome\/#breadcrumb\",\"itemListElement\":[{\"@type\":\"ListItem\",\"position\":1,\"name\":\"Home\",\"item\":\"https:\/\/www.lymphoma.ca\/fr\/\"},{\"@type\":\"ListItem\",\"position\":2,\"name\":\"Lymphome\"}]},{\"@type\":\"WebSite\",\"@id\":\"https:\/\/www.lymphoma.ca\/fr\/#website\",\"url\":\"https:\/\/www.lymphoma.ca\/fr\/\",\"name\":\"Lymphoma Canada\",\"description\":\"Information. Help. Hope.\",\"publisher\":{\"@id\":\"https:\/\/www.lymphoma.ca\/fr\/#organization\"},\"potentialAction\":[{\"@type\":\"SearchAction\",\"target\":{\"@type\":\"EntryPoint\",\"urlTemplate\":\"https:\/\/www.lymphoma.ca\/fr\/?s={search_term_string}\"},\"query-input\":{\"@type\":\"PropertyValueSpecification\",\"valueRequired\":true,\"valueName\":\"search_term_string\"}}],\"inLanguage\":\"fr-FR\"},{\"@type\":\"Organization\",\"@id\":\"https:\/\/www.lymphoma.ca\/fr\/#organization\",\"name\":\"Lymphoma Canada\",\"url\":\"https:\/\/www.lymphoma.ca\/fr\/\",\"logo\":{\"@type\":\"ImageObject\",\"inLanguage\":\"fr-FR\",\"@id\":\"https:\/\/www.lymphoma.ca\/fr\/#\/schema\/logo\/image\/\",\"url\":\"https:\/\/www.lymphoma.ca\/wp-content\/uploads\/2023\/05\/logo-lymphoma.jpg\",\"contentUrl\":\"https:\/\/www.lymphoma.ca\/wp-content\/uploads\/2023\/05\/logo-lymphoma.jpg\",\"width\":343,\"height\":343,\"caption\":\"Lymphoma Canada\"},\"image\":{\"@id\":\"https:\/\/www.lymphoma.ca\/fr\/#\/schema\/logo\/image\/\"},\"sameAs\":[\"https:\/\/www.facebook.com\/LymphomaCanada\",\"https:\/\/x.com\/lymphomacanada\",\"https:\/\/www.linkedin.com\/company\/lymphoma-canada\/\",\"http:\/\/instagram.com\/lymphomacanada\",\"http:\/\/www.youtube.com\/user\/LymphomaTV\"]}]}<\/script>\n<!-- \/ Yoast SEO plugin. -->","yoast_head_json":{"title":"Lymphome - Lymphoma Canada","robots":{"index":"index","follow":"follow","max-snippet":"max-snippet:-1","max-image-preview":"max-image-preview:large","max-video-preview":"max-video-preview:-1"},"canonical":"https:\/\/www.lymphoma.ca\/fr\/le-lymphome\/","og_locale":"fr_FR","og_type":"article","og_title":"Lymphome - Lymphoma Canada","og_description":"Qu\u2019est-ce que le lymphome? Le lymphome est un cancer du syst\u00e8me lymphatique. Dans le cas d\u2019un lymphome, une tumeur se d\u00e9veloppe \u00e0 cause d\u2019une croissance anormale et incontr\u00f4l\u00e9e de lymphocytes...","og_url":"https:\/\/www.lymphoma.ca\/fr\/le-lymphome\/","og_site_name":"Lymphoma Canada","article_publisher":"https:\/\/www.facebook.com\/LymphomaCanada","article_modified_time":"2020-03-10T17:47:15+00:00","twitter_card":"summary_large_image","twitter_site":"@lymphomacanada","twitter_misc":{"Dur\u00e9e de lecture estim\u00e9e":"2 minutes"},"schema":{"@context":"https:\/\/schema.org","@graph":[{"@type":"WebPage","@id":"https:\/\/www.lymphoma.ca\/fr\/le-lymphome\/","url":"https:\/\/www.lymphoma.ca\/fr\/le-lymphome\/","name":"Lymphome - Lymphoma Canada","isPartOf":{"@id":"https:\/\/www.lymphoma.ca\/fr\/#website"},"datePublished":"2010-05-11T04:00:00+00:00","dateModified":"2020-03-10T17:47:15+00:00","breadcrumb":{"@id":"https:\/\/www.lymphoma.ca\/fr\/le-lymphome\/#breadcrumb"},"inLanguage":"fr-FR","potentialAction":[{"@type":"ReadAction","target":["https:\/\/www.lymphoma.ca\/fr\/le-lymphome\/"]}]},{"@type":"BreadcrumbList","@id":"https:\/\/www.lymphoma.ca\/fr\/le-lymphome\/#breadcrumb","itemListElement":[{"@type":"ListItem","position":1,"name":"Home","item":"https:\/\/www.lymphoma.ca\/fr\/"},{"@type":"ListItem","position":2,"name":"Lymphome"}]},{"@type":"WebSite","@id":"https:\/\/www.lymphoma.ca\/fr\/#website","url":"https:\/\/www.lymphoma.ca\/fr\/","name":"Lymphoma Canada","description":"Information. Help. Hope.","publisher":{"@id":"https:\/\/www.lymphoma.ca\/fr\/#organization"},"potentialAction":[{"@type":"SearchAction","target":{"@type":"EntryPoint","urlTemplate":"https:\/\/www.lymphoma.ca\/fr\/?s={search_term_string}"},"query-input":{"@type":"PropertyValueSpecification","valueRequired":true,"valueName":"search_term_string"}}],"inLanguage":"fr-FR"},{"@type":"Organization","@id":"https:\/\/www.lymphoma.ca\/fr\/#organization","name":"Lymphoma Canada","url":"https:\/\/www.lymphoma.ca\/fr\/","logo":{"@type":"ImageObject","inLanguage":"fr-FR","@id":"https:\/\/www.lymphoma.ca\/fr\/#\/schema\/logo\/image\/","url":"https:\/\/www.lymphoma.ca\/wp-content\/uploads\/2023\/05\/logo-lymphoma.jpg","contentUrl":"https:\/\/www.lymphoma.ca\/wp-content\/uploads\/2023\/05\/logo-lymphoma.jpg","width":343,"height":343,"caption":"Lymphoma Canada"},"image":{"@id":"https:\/\/www.lymphoma.ca\/fr\/#\/schema\/logo\/image\/"},"sameAs":["https:\/\/www.facebook.com\/LymphomaCanada","https:\/\/x.com\/lymphomacanada","https:\/\/www.linkedin.com\/company\/lymphoma-canada\/","http:\/\/instagram.com\/lymphomacanada","http:\/\/www.youtube.com\/user\/LymphomaTV"]}]}},"_links":{"self":[{"href":"https:\/\/www.lymphoma.ca\/fr\/wp-json\/wp\/v2\/pages\/424","targetHints":{"allow":["GET"]}}],"collection":[{"href":"https:\/\/www.lymphoma.ca\/fr\/wp-json\/wp\/v2\/pages"}],"about":[{"href":"https:\/\/www.lymphoma.ca\/fr\/wp-json\/wp\/v2\/types\/page"}],"author":[{"embeddable":true,"href":"https:\/\/www.lymphoma.ca\/fr\/wp-json\/wp\/v2\/users\/6"}],"replies":[{"embeddable":true,"href":"https:\/\/www.lymphoma.ca\/fr\/wp-json\/wp\/v2\/comments?post=424"}],"version-history":[{"count":2,"href":"https:\/\/www.lymphoma.ca\/fr\/wp-json\/wp\/v2\/pages\/424\/revisions"}],"predecessor-version":[{"id":5681,"href":"https:\/\/www.lymphoma.ca\/fr\/wp-json\/wp\/v2\/pages\/424\/revisions\/5681"}],"wp:attachment":[{"href":"https:\/\/www.lymphoma.ca\/fr\/wp-json\/wp\/v2\/media?parent=424"}],"wp:term":[{"taxonomy":"category","embeddable":true,"href":"https:\/\/www.lymphoma.ca\/fr\/wp-json\/wp\/v2\/categories?post=424"},{"taxonomy":"post_tag","embeddable":true,"href":"https:\/\/www.lymphoma.ca\/fr\/wp-json\/wp\/v2\/tags?post=424"}],"curies":[{"name":"wp","href":"https:\/\/api.w.org\/{rel}","templated":true}]}}