{"id":427,"date":"2010-05-11T04:00:00","date_gmt":"2010-05-11T04:00:00","guid":{"rendered":"https:\/\/www.lymphoma.ca\/?page_id=427"},"modified":"2020-02-25T20:11:49","modified_gmt":"2020-02-25T20:11:49","slug":"maladie-de-hodgkin","status":"publish","type":"page","link":"https:\/\/www.lymphoma.ca\/fr\/le-lymphome\/le-lymphome-de-hodgkin\/maladie-de-hodgkin\/","title":{"rendered":"Maladie de Hodgkin"},"content":{"rendered":"<p>Les cellules canc\u00e9reuses ont tendance \u00e0 se reproduire et se d\u00e9velopper rapidement. Par cons\u00e9quent, m\u00eame si le cancer semble pr\u00e9sent seulement dans une tumeur ou une glande tum\u00e9fi\u00e9e, il se propage presque toujours. Pour tuer toutes les cellules lymphomateuses pr\u00e9sentes dans l\u2019organisme, un plan de traitement syst\u00e9mique de chimioth\u00e9rapie est la m\u00e9thode privil\u00e9gi\u00e9e.<\/p>\n<p>Le traitement recommand\u00e9 pour votre lymphome de Hodgkin d\u00e9pend principalement du stade d\u00e9termin\u00e9. Un lymphome de Hodgkin de stade pr\u00e9coce (stades&nbsp;IA et IIA) se traite g\u00e9n\u00e9ralement en combinant la chimioth\u00e9rapie et la radiation du champ dont il est question. Les personnes auxquelles ce type de traitement est prescrit commencent g\u00e9n\u00e9ralement par une br\u00e8ve cure de chimioth\u00e9rapie suivie d\u2019une cure de radiation du champ atteint. Ce type de radiation traite uniquement les ganglions lymphatiques hypertrophi\u00e9s et limite les d\u00e9g\u00e2ts caus\u00e9s aux tissus non atteints de la r\u00e9gion imm\u00e9diate. Certains patients pr\u00e9sentant un lymphome de Hodgkin de stade pr\u00e9coce peuvent \u00e9galement conna\u00eetre un traitement efficace par chimioth\u00e9rapie uniquement (selon la r\u00e9ponse observ\u00e9e apr\u00e8s la th\u00e9rapie initiale).<\/p>\n<p>Les personnes pr\u00e9sentant une maladie de stade pr\u00e9coce (stades&nbsp;III et IV) sont g\u00e9n\u00e9ralement soign\u00e9es par chimioth\u00e9rapie combin\u00e9e (chimioth\u00e9rapie comportant un certain nombre de m\u00e9dicaments diff\u00e9rents). Consulter les sections ci-apr\u00e8s pour plus de renseignements sur la chimioth\u00e9rapie et la radioth\u00e9rapie.<\/p>\n<p>D\u2019autres facteurs seront \u00e9galement pris en compte lors du choix du traitement qui vous est appropri\u00e9. Ce sont entre autres votre \u00e2ge, votre \u00e9tat de sant\u00e9 g\u00e9n\u00e9ral, la pr\u00e9sence ou non des sympt\u00f4mes de type B (expliqu\u00e9s plus haut), la taille de votre tumeur et la partie de l\u2019organisme affect\u00e9e. Les r\u00e9sultats de recherche collect\u00e9s aupr\u00e8s des centaines de personnes dans le monde ayant souffert d\u2019un lymphome de Hodgkin orientent le m\u00e9decin sur le choix du traitement appropri\u00e9 pour vous. Toutefois, souvenez-vous que toutes les personnes sont uniques. Dans l\u2019optique de vous faciliter le choix du meilleur traitement, votre m\u00e9decin tient compte de tous les renseignements fournis, y compris les d\u00e9tails de votre cas particulier.<\/p>\n<h2>Chimioth\u00e9rapie<\/h2>\n<p>La chimioth\u00e9rapie peut \u00eatre utilis\u00e9e comme un traitement ayant pour objectif d\u2019emp\u00eacher la propagation ou la croissance lente des cellules canc\u00e9reuses, de tuer les cellules canc\u00e9reuses qui se seraient propag\u00e9es vers d\u2019autres parties de l\u2019organisme, ou encore de soulager les sympt\u00f4mes. C\u2019est l\u2019utilisation des m\u00e9dicaments anticanc\u00e9reux puissants qui circulent dans le sang. La chimioth\u00e9rapie peut \u00eatre administr\u00e9e par voie orale ou intraveineuse et on y fait recours lorsque le cancer est pr\u00e9sent dans diverses parties du corps. Parfois, on prescrit une combinaison de m\u00e9dicaments afin d\u2019am\u00e9liorer les chances de r\u00e9ussite du traitement. Les noms des diff\u00e9rentes combinaisons sont commun\u00e9ment cr\u00e9\u00e9s \u00e0 partir des premi\u00e8res lettres de chacun des m\u00e9dicaments utilis\u00e9s. Une chimioth\u00e9rapie tr\u00e8s r\u00e9pandue utilis\u00e9e pour traiter le lymphome de Hodgkin est <strong>ABVD<\/strong> (Adriamycine, Bl\u00e9omycine, Vinblastine et Dacarbazine).<\/p>\n<p>Chaque m\u00e9dicament cible le cancer d\u2019une mani\u00e8re diff\u00e9rente; ce pourquoi, pour la destruction du lymphome, une combinaison de m\u00e9dicaments chimioth\u00e9rapeutiques est plus efficace qu\u2019un seul m\u00e9dicament.<\/p>\n<p>La chimioth\u00e9rapie est souvent administr\u00e9e en plusieurs cycles (ou cures) avec une p\u00e9riode de repos de quelques semaines entre chaque cycle. Ces pauses permettent \u00e0 l\u2019organisme de se remettre des effets secondaires de la chimioth\u00e9rapie.<\/p>\n<p>Un r\u00e9gime chimioth\u00e9rapeutique typique contre le lymphome de Hodgkin peut comprendre six cycles d\u2019une combinaison de m\u00e9dicaments administr\u00e9s sur une p\u00e9riode de six mois. Le nombre r\u00e9el de cycles chimioth\u00e9rapeutiques re\u00e7us d\u00e9pend du type et du stade de votre lymphome de Hodgkin, ainsi que de votre \u00e2ge et votre \u00e9tat de sant\u00e9 g\u00e9n\u00e9ral.<\/p>\n<h2>Radiation<\/h2>\n<p>La radiation est utilis\u00e9e sur des r\u00e9gions localis\u00e9es afin de d\u00e9truire des cellules canc\u00e9reuses pour emp\u00eacher qu\u2019elles ne se propagent. Le traitement \u00e0 base de rayons X est fr\u00e9quemment utilis\u00e9 en combinaison avec la chirurgie ou la chimioth\u00e9rapie. Il s\u2019applique habituellement au lymphome \u00e0 travers un faisceau de rayons X externe \u00e0 haute \u00e9nergie ou par des isotopes radioactifs. Seuls certains types de lymphomes r\u00e9pondent au traitement \u00e0 base de rayons X. Il incombe donc \u00e0 votre m\u00e9decin de d\u00e9terminer si la radiation est appropri\u00e9e dans votre cas.<\/p>\n<p>Le traitement externe \u00e0 base de radiation est sans douleur (similaire \u00e0 une \u00e9preuve de radiographie) et dure quelques minutes. G\u00e9n\u00e9ralement, une cure de traitement compl\u00e8te dure cinq jours par semaine sur une p\u00e9riode de quatre \u00e0 cinq semaines pour un patient en consultation externe, et varie selon le type de cancer, la taille de la tumeur et la partie de l\u2019organisme qui est affect\u00e9e.<\/p>\n<h2>Transplantation de cellules souches<\/h2>\n<p>La greffe des cellules souches (\u00e9galement appel\u00e9e greffe de cellules souches du sang p\u00e9riph\u00e9rique ou autologue de la moelle osseuse) peut \u00eatre utilis\u00e9e chez les patients souffrant d\u2019un lymphome de Hodgkin en r\u00e9cidive. Dans ce type de traitement, certaines des cellules de votre propre moelle osseuse sont extraites avant la chimioth\u00e9rapie et vous sont regreff\u00e9es par la suite. Les cellules souches sont un groupe de cellules pr\u00e9sentes dans la moelle osseuse qui sont immatures, se d\u00e9veloppent et se transforment en globules rouges, globules blancs et plaquettes.<\/p>\n<p>Souvenez-vous que vous \u00eates un partenaire dans le traitement de votre maladie et il est donc important de comprendre votre plan de traitement \u2013 pour celui que vous recevrez sous peu et pour un \u00e9ventuel traitement ult\u00e9rieur, en cas de n\u00e9cessit\u00e9. Dans certains cas, le premier traitement peut affecter le traitement suivant que vous pourrez recevoir. Pour voir un aper\u00e7u du cheminement du traitement, cliquez sur le lien suivant&nbsp;:<\/p>\n<p><a title=\"Cheminement du traitement du lymphome de Hodgkin\" href=\"https:\/\/www.lymphoma.ca\/wp-content\/uploads\/2010\/05\/diagnosis-hodgkin_lymphoma_fr.pdf\">Cheminement du traitement du lymphome de Hodgkin<\/a><\/p>\n<p>&nbsp;<\/p>\n","protected":false},"excerpt":{"rendered":"<p>Les cellules canc\u00e9reuses ont tendance \u00e0 se reproduire et se d\u00e9velopper rapidement. Par cons\u00e9quent, m\u00eame si le cancer semble pr\u00e9sent seulement dans une tumeur ou une glande tum\u00e9fi\u00e9e, il se&#8230;<\/p>\n","protected":false},"author":6,"featured_media":0,"parent":356,"menu_order":0,"comment_status":"closed","ping_status":"closed","template":"page-sidebar.php","meta":{"_acf_changed":false,"footnotes":""},"categories":[],"tags":[],"class_list":["post-427","page","type-page","status-publish"],"acf":[],"yoast_head":"<!-- This site is optimized with the Yoast SEO plugin v26.7 - https:\/\/yoast.com\/wordpress\/plugins\/seo\/ -->\n<title>Maladie de Hodgkin - Lymphoma Canada<\/title>\n<meta name=\"robots\" content=\"index, follow, max-snippet:-1, max-image-preview:large, max-video-preview:-1\" \/>\n<link rel=\"canonical\" href=\"https:\/\/www.lymphoma.ca\/lymphoma\/hodgkin-lymphoma\/treatment\/\" \/>\n<meta property=\"og:locale\" content=\"fr_FR\" \/>\n<meta property=\"og:type\" content=\"article\" \/>\n<meta property=\"og:title\" content=\"Maladie de Hodgkin - Lymphoma Canada\" \/>\n<meta property=\"og:description\" content=\"Les cellules canc\u00e9reuses ont tendance \u00e0 se reproduire et se d\u00e9velopper rapidement. Par cons\u00e9quent, m\u00eame si le cancer semble pr\u00e9sent seulement dans une tumeur ou une glande tum\u00e9fi\u00e9e, il se...\" \/>\n<meta property=\"og:url\" content=\"https:\/\/www.lymphoma.ca\/lymphoma\/hodgkin-lymphoma\/treatment\/\" \/>\n<meta property=\"og:site_name\" content=\"Lymphoma Canada\" \/>\n<meta property=\"article:publisher\" content=\"https:\/\/www.facebook.com\/LymphomaCanada\" \/>\n<meta property=\"article:modified_time\" content=\"2020-02-25T20:11:49+00:00\" \/>\n<meta name=\"twitter:card\" content=\"summary_large_image\" \/>\n<meta name=\"twitter:site\" content=\"@lymphomacanada\" \/>\n<meta name=\"twitter:label1\" content=\"Dur\u00e9e de lecture estim\u00e9e\" \/>\n\t<meta name=\"twitter:data1\" content=\"5 minutes\" \/>\n<script type=\"application\/ld+json\" class=\"yoast-schema-graph\">{\"@context\":\"https:\/\/schema.org\",\"@graph\":[{\"@type\":\"WebPage\",\"@id\":\"https:\/\/www.lymphoma.ca\/lymphoma\/hodgkin-lymphoma\/treatment\/\",\"url\":\"https:\/\/www.lymphoma.ca\/lymphoma\/hodgkin-lymphoma\/treatment\/\",\"name\":\"Maladie de Hodgkin - Lymphoma Canada\",\"isPartOf\":{\"@id\":\"https:\/\/www.lymphoma.ca\/fr\/#website\"},\"datePublished\":\"2010-05-11T04:00:00+00:00\",\"dateModified\":\"2020-02-25T20:11:49+00:00\",\"breadcrumb\":{\"@id\":\"https:\/\/www.lymphoma.ca\/lymphoma\/hodgkin-lymphoma\/treatment\/#breadcrumb\"},\"inLanguage\":\"fr-FR\",\"potentialAction\":[{\"@type\":\"ReadAction\",\"target\":[\"https:\/\/www.lymphoma.ca\/lymphoma\/hodgkin-lymphoma\/treatment\/\"]}]},{\"@type\":\"BreadcrumbList\",\"@id\":\"https:\/\/www.lymphoma.ca\/lymphoma\/hodgkin-lymphoma\/treatment\/#breadcrumb\",\"itemListElement\":[{\"@type\":\"ListItem\",\"position\":1,\"name\":\"Home\",\"item\":\"https:\/\/www.lymphoma.ca\/fr\/\"},{\"@type\":\"ListItem\",\"position\":2,\"name\":\"Lymphome\",\"item\":\"https:\/\/www.lymphoma.ca\/fr\/le-lymphome\/\"},{\"@type\":\"ListItem\",\"position\":3,\"name\":\"Le lymphome de Hodgkin\",\"item\":\"https:\/\/www.lymphoma.ca\/fr\/le-lymphome\/le-lymphome-de-hodgkin\/\"},{\"@type\":\"ListItem\",\"position\":4,\"name\":\"Maladie de Hodgkin\"}]},{\"@type\":\"WebSite\",\"@id\":\"https:\/\/www.lymphoma.ca\/fr\/#website\",\"url\":\"https:\/\/www.lymphoma.ca\/fr\/\",\"name\":\"Lymphoma Canada\",\"description\":\"Information. Help. Hope.\",\"publisher\":{\"@id\":\"https:\/\/www.lymphoma.ca\/fr\/#organization\"},\"potentialAction\":[{\"@type\":\"SearchAction\",\"target\":{\"@type\":\"EntryPoint\",\"urlTemplate\":\"https:\/\/www.lymphoma.ca\/fr\/?s={search_term_string}\"},\"query-input\":{\"@type\":\"PropertyValueSpecification\",\"valueRequired\":true,\"valueName\":\"search_term_string\"}}],\"inLanguage\":\"fr-FR\"},{\"@type\":\"Organization\",\"@id\":\"https:\/\/www.lymphoma.ca\/fr\/#organization\",\"name\":\"Lymphoma Canada\",\"url\":\"https:\/\/www.lymphoma.ca\/fr\/\",\"logo\":{\"@type\":\"ImageObject\",\"inLanguage\":\"fr-FR\",\"@id\":\"https:\/\/www.lymphoma.ca\/fr\/#\/schema\/logo\/image\/\",\"url\":\"https:\/\/www.lymphoma.ca\/wp-content\/uploads\/2023\/05\/logo-lymphoma.jpg\",\"contentUrl\":\"https:\/\/www.lymphoma.ca\/wp-content\/uploads\/2023\/05\/logo-lymphoma.jpg\",\"width\":343,\"height\":343,\"caption\":\"Lymphoma Canada\"},\"image\":{\"@id\":\"https:\/\/www.lymphoma.ca\/fr\/#\/schema\/logo\/image\/\"},\"sameAs\":[\"https:\/\/www.facebook.com\/LymphomaCanada\",\"https:\/\/x.com\/lymphomacanada\",\"https:\/\/www.linkedin.com\/company\/lymphoma-canada\/\",\"http:\/\/instagram.com\/lymphomacanada\",\"http:\/\/www.youtube.com\/user\/LymphomaTV\"]}]}<\/script>\n<!-- \/ Yoast SEO plugin. -->","yoast_head_json":{"title":"Maladie de Hodgkin - Lymphoma Canada","robots":{"index":"index","follow":"follow","max-snippet":"max-snippet:-1","max-image-preview":"max-image-preview:large","max-video-preview":"max-video-preview:-1"},"canonical":"https:\/\/www.lymphoma.ca\/lymphoma\/hodgkin-lymphoma\/treatment\/","og_locale":"fr_FR","og_type":"article","og_title":"Maladie de Hodgkin - Lymphoma Canada","og_description":"Les cellules canc\u00e9reuses ont tendance \u00e0 se reproduire et se d\u00e9velopper rapidement. Par cons\u00e9quent, m\u00eame si le cancer semble pr\u00e9sent seulement dans une tumeur ou une glande tum\u00e9fi\u00e9e, il se...","og_url":"https:\/\/www.lymphoma.ca\/lymphoma\/hodgkin-lymphoma\/treatment\/","og_site_name":"Lymphoma Canada","article_publisher":"https:\/\/www.facebook.com\/LymphomaCanada","article_modified_time":"2020-02-25T20:11:49+00:00","twitter_card":"summary_large_image","twitter_site":"@lymphomacanada","twitter_misc":{"Dur\u00e9e de lecture estim\u00e9e":"5 minutes"},"schema":{"@context":"https:\/\/schema.org","@graph":[{"@type":"WebPage","@id":"https:\/\/www.lymphoma.ca\/lymphoma\/hodgkin-lymphoma\/treatment\/","url":"https:\/\/www.lymphoma.ca\/lymphoma\/hodgkin-lymphoma\/treatment\/","name":"Maladie de Hodgkin - Lymphoma Canada","isPartOf":{"@id":"https:\/\/www.lymphoma.ca\/fr\/#website"},"datePublished":"2010-05-11T04:00:00+00:00","dateModified":"2020-02-25T20:11:49+00:00","breadcrumb":{"@id":"https:\/\/www.lymphoma.ca\/lymphoma\/hodgkin-lymphoma\/treatment\/#breadcrumb"},"inLanguage":"fr-FR","potentialAction":[{"@type":"ReadAction","target":["https:\/\/www.lymphoma.ca\/lymphoma\/hodgkin-lymphoma\/treatment\/"]}]},{"@type":"BreadcrumbList","@id":"https:\/\/www.lymphoma.ca\/lymphoma\/hodgkin-lymphoma\/treatment\/#breadcrumb","itemListElement":[{"@type":"ListItem","position":1,"name":"Home","item":"https:\/\/www.lymphoma.ca\/fr\/"},{"@type":"ListItem","position":2,"name":"Lymphome","item":"https:\/\/www.lymphoma.ca\/fr\/le-lymphome\/"},{"@type":"ListItem","position":3,"name":"Le lymphome de Hodgkin","item":"https:\/\/www.lymphoma.ca\/fr\/le-lymphome\/le-lymphome-de-hodgkin\/"},{"@type":"ListItem","position":4,"name":"Maladie de Hodgkin"}]},{"@type":"WebSite","@id":"https:\/\/www.lymphoma.ca\/fr\/#website","url":"https:\/\/www.lymphoma.ca\/fr\/","name":"Lymphoma Canada","description":"Information. Help. Hope.","publisher":{"@id":"https:\/\/www.lymphoma.ca\/fr\/#organization"},"potentialAction":[{"@type":"SearchAction","target":{"@type":"EntryPoint","urlTemplate":"https:\/\/www.lymphoma.ca\/fr\/?s={search_term_string}"},"query-input":{"@type":"PropertyValueSpecification","valueRequired":true,"valueName":"search_term_string"}}],"inLanguage":"fr-FR"},{"@type":"Organization","@id":"https:\/\/www.lymphoma.ca\/fr\/#organization","name":"Lymphoma Canada","url":"https:\/\/www.lymphoma.ca\/fr\/","logo":{"@type":"ImageObject","inLanguage":"fr-FR","@id":"https:\/\/www.lymphoma.ca\/fr\/#\/schema\/logo\/image\/","url":"https:\/\/www.lymphoma.ca\/wp-content\/uploads\/2023\/05\/logo-lymphoma.jpg","contentUrl":"https:\/\/www.lymphoma.ca\/wp-content\/uploads\/2023\/05\/logo-lymphoma.jpg","width":343,"height":343,"caption":"Lymphoma Canada"},"image":{"@id":"https:\/\/www.lymphoma.ca\/fr\/#\/schema\/logo\/image\/"},"sameAs":["https:\/\/www.facebook.com\/LymphomaCanada","https:\/\/x.com\/lymphomacanada","https:\/\/www.linkedin.com\/company\/lymphoma-canada\/","http:\/\/instagram.com\/lymphomacanada","http:\/\/www.youtube.com\/user\/LymphomaTV"]}]}},"_links":{"self":[{"href":"https:\/\/www.lymphoma.ca\/fr\/wp-json\/wp\/v2\/pages\/427","targetHints":{"allow":["GET"]}}],"collection":[{"href":"https:\/\/www.lymphoma.ca\/fr\/wp-json\/wp\/v2\/pages"}],"about":[{"href":"https:\/\/www.lymphoma.ca\/fr\/wp-json\/wp\/v2\/types\/page"}],"author":[{"embeddable":true,"href":"https:\/\/www.lymphoma.ca\/fr\/wp-json\/wp\/v2\/users\/6"}],"replies":[{"embeddable":true,"href":"https:\/\/www.lymphoma.ca\/fr\/wp-json\/wp\/v2\/comments?post=427"}],"version-history":[{"count":1,"href":"https:\/\/www.lymphoma.ca\/fr\/wp-json\/wp\/v2\/pages\/427\/revisions"}],"predecessor-version":[{"id":3286,"href":"https:\/\/www.lymphoma.ca\/fr\/wp-json\/wp\/v2\/pages\/427\/revisions\/3286"}],"up":[{"embeddable":true,"href":"https:\/\/www.lymphoma.ca\/fr\/wp-json\/wp\/v2\/pages\/356"}],"wp:attachment":[{"href":"https:\/\/www.lymphoma.ca\/fr\/wp-json\/wp\/v2\/media?parent=427"}],"wp:term":[{"taxonomy":"category","embeddable":true,"href":"https:\/\/www.lymphoma.ca\/fr\/wp-json\/wp\/v2\/categories?post=427"},{"taxonomy":"post_tag","embeddable":true,"href":"https:\/\/www.lymphoma.ca\/fr\/wp-json\/wp\/v2\/tags?post=427"}],"curies":[{"name":"wp","href":"https:\/\/api.w.org\/{rel}","templated":true}]}}