{"id":432,"date":"2010-05-11T04:00:00","date_gmt":"2010-05-11T04:00:00","guid":{"rendered":"https:\/\/www.lymphoma.ca\/?page_id=432"},"modified":"2020-02-25T20:30:42","modified_gmt":"2020-02-25T20:30:42","slug":"traitement-general-par-rayons-x","status":"publish","type":"page","link":"https:\/\/www.lymphoma.ca\/fr\/le-lymphome\/les-differents-types-de-lymphomes-non-hodgkiniens\/traitement\/traitement-general-par-rayons-x\/","title":{"rendered":"Traitement g\u00e9n\u00e9ral par rayons X"},"content":{"rendered":"<h2>Radiation<\/h2>\n<p>Le rayonnement est utilis\u00e9 sur des r\u00e9gions sp\u00e9cifiques afin de d\u00e9truire des cellules canc\u00e9reuses pour emp\u00eacher qu\u2019elles ne se propagent. Contrairement \u00e0 la chimioth\u00e9rapie qui est un traitement syst\u00e9mique (touche tout le corps), la radioth\u00e9rapie est un traitement localis\u00e9, ce qui signifie qu\u2019il ne traite que la zone du corps o\u00f9 se trouve le cancer. Le traitement \u00e0 base de rayons X est fr\u00e9quemment utilis\u00e9 en combinaison avec la chirurgie ou la chimioth\u00e9rapie. Il est habituellement appliqu\u00e9 au lymphome \u00e0 travers un faisceau externe de rayons X \u00e0 haute \u00e9nergie ou par des isotopes radioactifs. Seuls certains types de lymphomes r\u00e9pondent au traitement \u00e0 base de rayons X. Il incombe donc \u00e0 votre m\u00e9decin de d\u00e9terminer si la radiation est appropri\u00e9e dans votre cas.<\/p>\n<p>Un traitement aux rayons X externes ressemble \u00e0 une radiographie. Le rendez-vous pour le traitement dure habituellement plusieurs minutes, et dans un lymphome, un cycle de traitement complet dure g\u00e9n\u00e9ralement cinq jours par semaine pendant quatre \u00e0 cinq semaines, en consultation externe, et varie selon la taille et le type de cancer, et la partie de l\u2019organisme qui est affect\u00e9e.<\/p>\n<p>Comme avec tous les traitements, les effets secondaires varient d\u2019un patient \u00e0 l\u2019autre et d\u00e9pendent de la partie de l\u2019organisme qui est trait\u00e9e et de la quantit\u00e9 de rayons utilis\u00e9e.<\/p>\n<h2>Comment fonctionne la radioth\u00e9rapie?<\/h2>\n<p>Le traitement par rayons X (\u00e9galement appel\u00e9 radiation ou radioth\u00e9rapie) utilise des rayons X \u00e0 haute \u00e9nergie pour tuer les cellules canc\u00e9reuses. Les rayons X endommagent l\u2019ADN des cellules (le mat\u00e9riel g\u00e9n\u00e9tique de la cellule), ce qui emp\u00eache la cellule canc\u00e9reuse de se r\u00e9parer et qui entra\u00eene sa mort. Le rayonnement ne fait pas de distinction entre les cellules canc\u00e9reuses et les cellules non canc\u00e9reuses; les cellules saines de la zone affect\u00e9e seront donc \u00e9galement tu\u00e9es. Le traitement est toujours soigneusement planifi\u00e9 afin de garantir que les autres zones du corps seront affect\u00e9es le moins possible. Les cellules normales affect\u00e9es par la radiation ont une plus grande capacit\u00e9 \u00e0 gu\u00e9rir que les cellules lymphomateuses.<\/p>\n<h2>Comment est administr\u00e9e la radioth\u00e9rapie?<\/h2>\n<p>Un champ de rayonnement est la zone du corps marqu\u00e9e pour recevoir la radioth\u00e9rapie. Afin de d\u00e9limiter clairement ce champ, la peau est marqu\u00e9e avec de minuscules points d\u2019encre appel\u00e9s tatouages. On veille ainsi \u00e0 ce que la zone appropri\u00e9e soit marqu\u00e9e pour le rayonnement et que cette m\u00eame zone est trait\u00e9e \u00e0 chaque fois. Le rayonnement est g\u00e9n\u00e9ralement limit\u00e9 aux ganglions lymphatiques ou \u00e0 la zone \u00e0 proximit\u00e9 imm\u00e9diate. Le champ de rayonnement est diff\u00e9rent pour chaque personne et d\u00e9pend de nombreux facteurs, parmi lesquels le type de lymphome et l\u2019\u00e9tendue de la maladie. Les zones saines sont prot\u00e9g\u00e9es du rayonnement gr\u00e2ce \u00e0 des \u00e9crans de plomb semblables \u00e0 ceux que vous portez chez le dentiste pendant une radiographie. Le plomb bloque le passage des faisceaux de rayonnement parasite et les emp\u00eache d\u2019affecter l\u2019ADN des cellules normales.<\/p>\n<p><img loading=\"lazy\" decoding=\"async\" class=\" size-full wp-image-430\" src=\"https:\/\/www.lymphoma.ca\/wp-content\/uploads\/2010\/05\/13_fr.jpg\" alt=\"Champs de rayonnement\" title=\"Champs de rayonnement\" width=\"234\" height=\"250\" class=\"borderedimage\" srcset=\"https:\/\/www.lymphoma.ca\/wp-content\/uploads\/2010\/05\/13_fr.jpg 600w, https:\/\/www.lymphoma.ca\/wp-content\/uploads\/2010\/05\/13_fr-281x300.jpg 281w\" sizes=\"auto, (max-width: 234px) 100vw, 234px\" \/><\/p>\n<p class=\"captionimage\" style=\"font-size: 10px;\">Champs de rayonnement<\/p>\n<p>Au d\u00e9but de votre traitement, vous pouvez participer \u00e0 une session appel\u00e9e planification. Vous vous trouverez dans une pi\u00e8ce en compagnie d\u2019un technicien, d\u2019une infirmi\u00e8re et d\u2019un ou deux m\u00e9decins. Mis \u00e0 part le fait qu\u2019aucune source radioactive ne se trouvera dans la pi\u00e8ce, la session de planification sera tr\u00e8s semblable \u00e0 ce qui se produira lors de votre radioth\u00e9rapie. C\u2019est pour cette raison qu\u2019on l\u2019appelle souvent simulation.<\/p>\n<p>Avant le traitement par rayons X, vous serez soigneusement install\u00e9 sur une table de traitement, les parties de votre corps ne devant pas \u00eatre trait\u00e9es \u00e9tant prot\u00e9g\u00e9es. Vous devez rester allong\u00e9, compl\u00e8tement immobile, pendant tout le traitement. Souvent, un moule est cr\u00e9\u00e9, ou certains accessoires tels que des oreillers ou des couvertures enroul\u00e9es sont utilis\u00e9s pour limiter les mouvements. L\u2019imposante machine produisant le rayonnement se trouve au-dessus de la table de traitement. Le traitement r\u00e9el ne dure que quelques minutes et n\u2019est ni douloureux, ni inconfortable.<\/p>\n<p>La radioth\u00e9rapie est le plus souvent administr\u00e9e dans le cadre de soins ambulatoires. Vous risquez de devoir vous rendre \u00e0 l\u2019h\u00f4pital jusqu\u2019\u00e0 cinq fois par semaine au cours d\u2019un cycle de radioth\u00e9rapie. La dose totale estim\u00e9e adapt\u00e9e \u00e0 votre cas est divis\u00e9e et administr\u00e9e sur une dur\u00e9e d\u2019une \u00e0 six semaines. Chaque dose de rayonnement s\u2019appelle une fraction et l\u2019oncologue sp\u00e9cialiste en traitement par rayonnement prescrit un nombre total de fractions pour votre traitement sp\u00e9cifique.<\/p>\n<p>&nbsp;<\/p>\n","protected":false},"excerpt":{"rendered":"<p>Radiation Le rayonnement est utilis\u00e9 sur des r\u00e9gions sp\u00e9cifiques afin de d\u00e9truire des cellules canc\u00e9reuses pour emp\u00eacher qu\u2019elles ne se propagent. Contrairement \u00e0 la chimioth\u00e9rapie qui est un traitement syst\u00e9mique&#8230;<\/p>\n","protected":false},"author":6,"featured_media":430,"parent":469,"menu_order":6,"comment_status":"closed","ping_status":"closed","template":"page-sidebar.php","meta":{"_acf_changed":false,"footnotes":""},"categories":[],"tags":[],"class_list":["post-432","page","type-page","status-publish","has-post-thumbnail"],"acf":[],"yoast_head":"<!-- This site is optimized with the Yoast SEO plugin v26.7 - https:\/\/yoast.com\/wordpress\/plugins\/seo\/ -->\n<title>Traitement g\u00e9n\u00e9ral par rayons X - Lymphoma Canada<\/title>\n<meta name=\"robots\" content=\"index, follow, max-snippet:-1, max-image-preview:large, max-video-preview:-1\" \/>\n<link rel=\"canonical\" href=\"https:\/\/www.lymphoma.ca\/lymphoma\/non-hodgkin-lymphoma\/treatment\/general-radiation-treatment\/\" \/>\n<meta property=\"og:locale\" content=\"fr_FR\" \/>\n<meta property=\"og:type\" content=\"article\" \/>\n<meta property=\"og:title\" content=\"Traitement g\u00e9n\u00e9ral par rayons X - Lymphoma Canada\" \/>\n<meta property=\"og:description\" content=\"Radiation Le rayonnement est utilis\u00e9 sur des r\u00e9gions sp\u00e9cifiques afin de d\u00e9truire des cellules canc\u00e9reuses pour emp\u00eacher qu\u2019elles ne se propagent. Contrairement \u00e0 la chimioth\u00e9rapie qui est un traitement syst\u00e9mique...\" \/>\n<meta property=\"og:url\" content=\"https:\/\/www.lymphoma.ca\/lymphoma\/non-hodgkin-lymphoma\/treatment\/general-radiation-treatment\/\" \/>\n<meta property=\"og:site_name\" content=\"Lymphoma Canada\" \/>\n<meta property=\"article:publisher\" content=\"https:\/\/www.facebook.com\/LymphomaCanada\" \/>\n<meta property=\"article:modified_time\" content=\"2020-02-25T20:30:42+00:00\" \/>\n<meta property=\"og:image\" content=\"https:\/\/www.lymphoma.ca\/wp-content\/uploads\/2010\/05\/13_fr.jpg\" \/>\n\t<meta property=\"og:image:width\" content=\"600\" \/>\n\t<meta property=\"og:image:height\" content=\"640\" \/>\n\t<meta property=\"og:image:type\" content=\"image\/jpeg\" \/>\n<meta name=\"twitter:card\" content=\"summary_large_image\" \/>\n<meta name=\"twitter:site\" content=\"@lymphomacanada\" \/>\n<meta name=\"twitter:label1\" content=\"Dur\u00e9e de lecture estim\u00e9e\" \/>\n\t<meta name=\"twitter:data1\" content=\"4 minutes\" \/>\n<script type=\"application\/ld+json\" class=\"yoast-schema-graph\">{\"@context\":\"https:\/\/schema.org\",\"@graph\":[{\"@type\":\"WebPage\",\"@id\":\"https:\/\/www.lymphoma.ca\/lymphoma\/non-hodgkin-lymphoma\/treatment\/general-radiation-treatment\/\",\"url\":\"https:\/\/www.lymphoma.ca\/lymphoma\/non-hodgkin-lymphoma\/treatment\/general-radiation-treatment\/\",\"name\":\"Traitement g\u00e9n\u00e9ral par rayons X - Lymphoma Canada\",\"isPartOf\":{\"@id\":\"https:\/\/www.lymphoma.ca\/fr\/#website\"},\"primaryImageOfPage\":{\"@id\":\"https:\/\/www.lymphoma.ca\/lymphoma\/non-hodgkin-lymphoma\/treatment\/general-radiation-treatment\/#primaryimage\"},\"image\":{\"@id\":\"https:\/\/www.lymphoma.ca\/lymphoma\/non-hodgkin-lymphoma\/treatment\/general-radiation-treatment\/#primaryimage\"},\"thumbnailUrl\":\"https:\/\/www.lymphoma.ca\/wp-content\/uploads\/2010\/05\/13_fr.jpg\",\"datePublished\":\"2010-05-11T04:00:00+00:00\",\"dateModified\":\"2020-02-25T20:30:42+00:00\",\"breadcrumb\":{\"@id\":\"https:\/\/www.lymphoma.ca\/lymphoma\/non-hodgkin-lymphoma\/treatment\/general-radiation-treatment\/#breadcrumb\"},\"inLanguage\":\"fr-FR\",\"potentialAction\":[{\"@type\":\"ReadAction\",\"target\":[\"https:\/\/www.lymphoma.ca\/lymphoma\/non-hodgkin-lymphoma\/treatment\/general-radiation-treatment\/\"]}]},{\"@type\":\"ImageObject\",\"inLanguage\":\"fr-FR\",\"@id\":\"https:\/\/www.lymphoma.ca\/lymphoma\/non-hodgkin-lymphoma\/treatment\/general-radiation-treatment\/#primaryimage\",\"url\":\"https:\/\/www.lymphoma.ca\/wp-content\/uploads\/2010\/05\/13_fr.jpg\",\"contentUrl\":\"https:\/\/www.lymphoma.ca\/wp-content\/uploads\/2010\/05\/13_fr.jpg\",\"width\":600,\"height\":640,\"caption\":\"Champs de rayonnement\"},{\"@type\":\"BreadcrumbList\",\"@id\":\"https:\/\/www.lymphoma.ca\/lymphoma\/non-hodgkin-lymphoma\/treatment\/general-radiation-treatment\/#breadcrumb\",\"itemListElement\":[{\"@type\":\"ListItem\",\"position\":1,\"name\":\"Home\",\"item\":\"https:\/\/www.lymphoma.ca\/fr\/\"},{\"@type\":\"ListItem\",\"position\":2,\"name\":\"Lymphome\",\"item\":\"https:\/\/www.lymphoma.ca\/fr\/le-lymphome\/\"},{\"@type\":\"ListItem\",\"position\":3,\"name\":\"Les diff\u00e9rents types de lymphomes non hodgkiniens\",\"item\":\"https:\/\/www.lymphoma.ca\/fr\/le-lymphome\/les-differents-types-de-lymphomes-non-hodgkiniens\/\"},{\"@type\":\"ListItem\",\"position\":4,\"name\":\"Traitement\",\"item\":\"https:\/\/www.lymphoma.ca\/fr\/le-lymphome\/les-differents-types-de-lymphomes-non-hodgkiniens\/traitement\/\"},{\"@type\":\"ListItem\",\"position\":5,\"name\":\"Traitement g\u00e9n\u00e9ral par rayons X\"}]},{\"@type\":\"WebSite\",\"@id\":\"https:\/\/www.lymphoma.ca\/fr\/#website\",\"url\":\"https:\/\/www.lymphoma.ca\/fr\/\",\"name\":\"Lymphoma Canada\",\"description\":\"Information. Help. Hope.\",\"publisher\":{\"@id\":\"https:\/\/www.lymphoma.ca\/fr\/#organization\"},\"potentialAction\":[{\"@type\":\"SearchAction\",\"target\":{\"@type\":\"EntryPoint\",\"urlTemplate\":\"https:\/\/www.lymphoma.ca\/fr\/?s={search_term_string}\"},\"query-input\":{\"@type\":\"PropertyValueSpecification\",\"valueRequired\":true,\"valueName\":\"search_term_string\"}}],\"inLanguage\":\"fr-FR\"},{\"@type\":\"Organization\",\"@id\":\"https:\/\/www.lymphoma.ca\/fr\/#organization\",\"name\":\"Lymphoma Canada\",\"url\":\"https:\/\/www.lymphoma.ca\/fr\/\",\"logo\":{\"@type\":\"ImageObject\",\"inLanguage\":\"fr-FR\",\"@id\":\"https:\/\/www.lymphoma.ca\/fr\/#\/schema\/logo\/image\/\",\"url\":\"https:\/\/www.lymphoma.ca\/wp-content\/uploads\/2023\/05\/logo-lymphoma.jpg\",\"contentUrl\":\"https:\/\/www.lymphoma.ca\/wp-content\/uploads\/2023\/05\/logo-lymphoma.jpg\",\"width\":343,\"height\":343,\"caption\":\"Lymphoma Canada\"},\"image\":{\"@id\":\"https:\/\/www.lymphoma.ca\/fr\/#\/schema\/logo\/image\/\"},\"sameAs\":[\"https:\/\/www.facebook.com\/LymphomaCanada\",\"https:\/\/x.com\/lymphomacanada\",\"https:\/\/www.linkedin.com\/company\/lymphoma-canada\/\",\"http:\/\/instagram.com\/lymphomacanada\",\"http:\/\/www.youtube.com\/user\/LymphomaTV\"]}]}<\/script>\n<!-- \/ Yoast SEO plugin. -->","yoast_head_json":{"title":"Traitement g\u00e9n\u00e9ral par rayons X - Lymphoma Canada","robots":{"index":"index","follow":"follow","max-snippet":"max-snippet:-1","max-image-preview":"max-image-preview:large","max-video-preview":"max-video-preview:-1"},"canonical":"https:\/\/www.lymphoma.ca\/lymphoma\/non-hodgkin-lymphoma\/treatment\/general-radiation-treatment\/","og_locale":"fr_FR","og_type":"article","og_title":"Traitement g\u00e9n\u00e9ral par rayons X - Lymphoma Canada","og_description":"Radiation Le rayonnement est utilis\u00e9 sur des r\u00e9gions sp\u00e9cifiques afin de d\u00e9truire des cellules canc\u00e9reuses pour emp\u00eacher qu\u2019elles ne se propagent. Contrairement \u00e0 la chimioth\u00e9rapie qui est un traitement syst\u00e9mique...","og_url":"https:\/\/www.lymphoma.ca\/lymphoma\/non-hodgkin-lymphoma\/treatment\/general-radiation-treatment\/","og_site_name":"Lymphoma Canada","article_publisher":"https:\/\/www.facebook.com\/LymphomaCanada","article_modified_time":"2020-02-25T20:30:42+00:00","og_image":[{"width":600,"height":640,"url":"https:\/\/www.lymphoma.ca\/wp-content\/uploads\/2010\/05\/13_fr.jpg","type":"image\/jpeg"}],"twitter_card":"summary_large_image","twitter_site":"@lymphomacanada","twitter_misc":{"Dur\u00e9e de lecture estim\u00e9e":"4 minutes"},"schema":{"@context":"https:\/\/schema.org","@graph":[{"@type":"WebPage","@id":"https:\/\/www.lymphoma.ca\/lymphoma\/non-hodgkin-lymphoma\/treatment\/general-radiation-treatment\/","url":"https:\/\/www.lymphoma.ca\/lymphoma\/non-hodgkin-lymphoma\/treatment\/general-radiation-treatment\/","name":"Traitement g\u00e9n\u00e9ral par rayons X - Lymphoma Canada","isPartOf":{"@id":"https:\/\/www.lymphoma.ca\/fr\/#website"},"primaryImageOfPage":{"@id":"https:\/\/www.lymphoma.ca\/lymphoma\/non-hodgkin-lymphoma\/treatment\/general-radiation-treatment\/#primaryimage"},"image":{"@id":"https:\/\/www.lymphoma.ca\/lymphoma\/non-hodgkin-lymphoma\/treatment\/general-radiation-treatment\/#primaryimage"},"thumbnailUrl":"https:\/\/www.lymphoma.ca\/wp-content\/uploads\/2010\/05\/13_fr.jpg","datePublished":"2010-05-11T04:00:00+00:00","dateModified":"2020-02-25T20:30:42+00:00","breadcrumb":{"@id":"https:\/\/www.lymphoma.ca\/lymphoma\/non-hodgkin-lymphoma\/treatment\/general-radiation-treatment\/#breadcrumb"},"inLanguage":"fr-FR","potentialAction":[{"@type":"ReadAction","target":["https:\/\/www.lymphoma.ca\/lymphoma\/non-hodgkin-lymphoma\/treatment\/general-radiation-treatment\/"]}]},{"@type":"ImageObject","inLanguage":"fr-FR","@id":"https:\/\/www.lymphoma.ca\/lymphoma\/non-hodgkin-lymphoma\/treatment\/general-radiation-treatment\/#primaryimage","url":"https:\/\/www.lymphoma.ca\/wp-content\/uploads\/2010\/05\/13_fr.jpg","contentUrl":"https:\/\/www.lymphoma.ca\/wp-content\/uploads\/2010\/05\/13_fr.jpg","width":600,"height":640,"caption":"Champs de rayonnement"},{"@type":"BreadcrumbList","@id":"https:\/\/www.lymphoma.ca\/lymphoma\/non-hodgkin-lymphoma\/treatment\/general-radiation-treatment\/#breadcrumb","itemListElement":[{"@type":"ListItem","position":1,"name":"Home","item":"https:\/\/www.lymphoma.ca\/fr\/"},{"@type":"ListItem","position":2,"name":"Lymphome","item":"https:\/\/www.lymphoma.ca\/fr\/le-lymphome\/"},{"@type":"ListItem","position":3,"name":"Les diff\u00e9rents types de lymphomes non hodgkiniens","item":"https:\/\/www.lymphoma.ca\/fr\/le-lymphome\/les-differents-types-de-lymphomes-non-hodgkiniens\/"},{"@type":"ListItem","position":4,"name":"Traitement","item":"https:\/\/www.lymphoma.ca\/fr\/le-lymphome\/les-differents-types-de-lymphomes-non-hodgkiniens\/traitement\/"},{"@type":"ListItem","position":5,"name":"Traitement g\u00e9n\u00e9ral par rayons X"}]},{"@type":"WebSite","@id":"https:\/\/www.lymphoma.ca\/fr\/#website","url":"https:\/\/www.lymphoma.ca\/fr\/","name":"Lymphoma Canada","description":"Information. Help. Hope.","publisher":{"@id":"https:\/\/www.lymphoma.ca\/fr\/#organization"},"potentialAction":[{"@type":"SearchAction","target":{"@type":"EntryPoint","urlTemplate":"https:\/\/www.lymphoma.ca\/fr\/?s={search_term_string}"},"query-input":{"@type":"PropertyValueSpecification","valueRequired":true,"valueName":"search_term_string"}}],"inLanguage":"fr-FR"},{"@type":"Organization","@id":"https:\/\/www.lymphoma.ca\/fr\/#organization","name":"Lymphoma Canada","url":"https:\/\/www.lymphoma.ca\/fr\/","logo":{"@type":"ImageObject","inLanguage":"fr-FR","@id":"https:\/\/www.lymphoma.ca\/fr\/#\/schema\/logo\/image\/","url":"https:\/\/www.lymphoma.ca\/wp-content\/uploads\/2023\/05\/logo-lymphoma.jpg","contentUrl":"https:\/\/www.lymphoma.ca\/wp-content\/uploads\/2023\/05\/logo-lymphoma.jpg","width":343,"height":343,"caption":"Lymphoma Canada"},"image":{"@id":"https:\/\/www.lymphoma.ca\/fr\/#\/schema\/logo\/image\/"},"sameAs":["https:\/\/www.facebook.com\/LymphomaCanada","https:\/\/x.com\/lymphomacanada","https:\/\/www.linkedin.com\/company\/lymphoma-canada\/","http:\/\/instagram.com\/lymphomacanada","http:\/\/www.youtube.com\/user\/LymphomaTV"]}]}},"_links":{"self":[{"href":"https:\/\/www.lymphoma.ca\/fr\/wp-json\/wp\/v2\/pages\/432","targetHints":{"allow":["GET"]}}],"collection":[{"href":"https:\/\/www.lymphoma.ca\/fr\/wp-json\/wp\/v2\/pages"}],"about":[{"href":"https:\/\/www.lymphoma.ca\/fr\/wp-json\/wp\/v2\/types\/page"}],"author":[{"embeddable":true,"href":"https:\/\/www.lymphoma.ca\/fr\/wp-json\/wp\/v2\/users\/6"}],"replies":[{"embeddable":true,"href":"https:\/\/www.lymphoma.ca\/fr\/wp-json\/wp\/v2\/comments?post=432"}],"version-history":[{"count":1,"href":"https:\/\/www.lymphoma.ca\/fr\/wp-json\/wp\/v2\/pages\/432\/revisions"}],"predecessor-version":[{"id":3287,"href":"https:\/\/www.lymphoma.ca\/fr\/wp-json\/wp\/v2\/pages\/432\/revisions\/3287"}],"up":[{"embeddable":true,"href":"https:\/\/www.lymphoma.ca\/fr\/wp-json\/wp\/v2\/pages\/469"}],"wp:featuredmedia":[{"embeddable":true,"href":"https:\/\/www.lymphoma.ca\/fr\/wp-json\/wp\/v2\/media\/430"}],"wp:attachment":[{"href":"https:\/\/www.lymphoma.ca\/fr\/wp-json\/wp\/v2\/media?parent=432"}],"wp:term":[{"taxonomy":"category","embeddable":true,"href":"https:\/\/www.lymphoma.ca\/fr\/wp-json\/wp\/v2\/categories?post=432"},{"taxonomy":"post_tag","embeddable":true,"href":"https:\/\/www.lymphoma.ca\/fr\/wp-json\/wp\/v2\/tags?post=432"}],"curies":[{"name":"wp","href":"https:\/\/api.w.org\/{rel}","templated":true}]}}