{"id":435,"date":"2010-05-11T04:00:00","date_gmt":"2010-05-11T04:00:00","guid":{"rendered":"https:\/\/www.lymphoma.ca\/?page_id=435"},"modified":"2020-04-10T20:56:55","modified_gmt":"2020-04-10T20:56:55","slug":"traitement-general-par-chimiotherapie","status":"publish","type":"page","link":"https:\/\/www.lymphoma.ca\/fr\/le-lymphome\/les-differents-types-de-lymphomes-non-hodgkiniens\/traitement\/traitement-general-par-chimiotherapie\/","title":{"rendered":"Traitement g\u00e9n\u00e9ral par chimioth\u00e9rapie"},"content":{"rendered":"<h2>Chimioth\u00e9rapie<\/h2>\n<p>La chimioth\u00e9rapie est l\u2019utilisation de m\u00e9dicaments anticanc\u00e9reux puissants qui circulent dans le sang. Elle fonctionne en emp\u00eachant la multiplication des cellules lymphomateuses et en \u00e9liminant ou en r\u00e9duisant le nombre de cellules canc\u00e9reuses dans l\u2019organisme. La chimioth\u00e9rapie peut \u00eatre administr\u00e9e par voie orale ou intraveineuse et on y a recours lorsque le cancer est pr\u00e9sent dans diverses parties du corps. Parfois, on prescrit une combinaison de m\u00e9dicaments afin d\u2019am\u00e9liorer les chances de r\u00e9ussite du traitement. Apr\u00e8s une cure de chimioth\u00e9rapie pendant laquelle des m\u00e9dicaments sont administr\u00e9s, le patient effectue une p\u00e9riode de r\u00e9cup\u00e9ration. Ce cycle permet au corps de se reposer. Ensuite, une autre cure de m\u00e9dicaments est administr\u00e9e. La dur\u00e9e totale d\u2019une chimioth\u00e9rapie peut prendre de trois \u00e0 neuf mois. En fonction du type de cancer, la chimioth\u00e9rapie peut s\u2019av\u00e9rer efficace apr\u00e8s une chirurgie, en emp\u00eachant le retour du cancer. En fonction du type de cancer et de son stade, la chimioth\u00e9rapie peut \u00eatre utilis\u00e9e comme cure ayant pour objectif d\u2019emp\u00eacher la propagation ou de ralentir la croissance des cellules canc\u00e9reuses, de tuer les cellules canc\u00e9reuses qui se seraient propag\u00e9es vers d\u2019autres parties de l\u2019organisme, ou encore de soulager les sympt\u00f4mes.<br \/> Comme avec tous les traitements, les effets secondaires varient d\u2019un patient \u00e0 l\u2019autre et d\u00e9pendent de l\u2019intensit\u00e9 et de la dur\u00e9e du traitement. Consultez votre m\u00e9decin pour obtenir plus de renseignements sur les effets secondaires li\u00e9s \u00e0 la chimioth\u00e9rapie.<\/p>\n<h2>Comment fonctionne la chimioth\u00e9rapie?<\/h2>\n<p>La chimioth\u00e9rapie est une th\u00e9rapie syst\u00e9mique (affectant tout le corps) qui cible et tue les cellules se divisant rapidement dans le corps, telles que les cellules canc\u00e9reuses. Certaines cellules normales de l\u2019organisme se divisent aussi tr\u00e8s rapidement, et la chimioth\u00e9rapie peut endommager ces cellules saines. C\u2019est pourquoi la chimioth\u00e9rapie peut avoir des effets secondaires tels que la perte de cheveux, la diarrh\u00e9e, les naus\u00e9es et les vomissements. Tous les patients ne ressentent pas des effets secondaires de la chimioth\u00e9rapie; lorsque ces effets se produisent, ils sont souvent l\u00e9gers et peuvent \u00eatre efficacement trait\u00e9s. Consultez votre m\u00e9decin pour obtenir plus de renseignements sur les effets secondaires li\u00e9s \u00e0 la chimioth\u00e9rapie.<\/p>\n<p>Les m\u00e9dicaments de chimioth\u00e9rapie fonctionnent selon le principe voulant que les cellules canc\u00e9reuses sont toujours en train de se diviser et que les cellules normales, m\u00eame celles qui ont un taux de renouvellement rapide, se trouvent le plus souvent \u00e0 l\u2019\u00e9tat de repos dans le corps (elles ne sont pas en train de se diviser), et ne se divisent que lorsque cela est n\u00e9cessaire. La chimioth\u00e9rapie essaie d\u2019exploiter cette diff\u00e9rence entre les cellules normales et les cellules canc\u00e9reuses; elle attaque de pr\u00e9f\u00e9rence les cellules tumorales pendant leur division.<\/p>\n<p><img loading=\"lazy\" decoding=\"async\" class=\" size-full wp-image-433\" src=\"https:\/\/www.lymphoma.ca\/wp-content\/uploads\/2010\/05\/12_fr_0.jpg\" alt=\"Comment fonctionne la chimioth\u00e9rapie?\" title=\"chimioth\u00e9rapie\" width=\"304\" height=\"250\" class=\"borderedimage\" srcset=\"https:\/\/www.lymphoma.ca\/wp-content\/uploads\/2010\/05\/12_fr_0.jpg 600w, https:\/\/www.lymphoma.ca\/wp-content\/uploads\/2010\/05\/12_fr_0-300x247.jpg 300w\" sizes=\"auto, (max-width: 304px) 100vw, 304px\" \/><\/p>\n<p class=\"captionimage\">Comment fonctionne la chimioth\u00e9rapie?<\/p>\n<h2>Comment est administr\u00e9e la chimioth\u00e9rapie?<\/h2>\n<p>Chaque dose de chimioth\u00e9rapie ne tue qu\u2019une partie des cellules canc\u00e9reuses. La chimioth\u00e9rapie est par cons\u00e9quent souvent administr\u00e9e en plusieurs traitements, dans le but de d\u00e9truire le plus de cellules canc\u00e9reuses possible. Les traitements sont programm\u00e9s aussi fr\u00e9quemment que possible pour r\u00e9duire la croissance de la tumeur et obtenir le meilleur r\u00e9sultat possible.<\/p>\n<p>La chimioth\u00e9rapie est souvent administr\u00e9e en cycles, le traitement \u00e9tant donn\u00e9 pendant une certaine dur\u00e9e (p. ex., toutes les trois semaines), et elle est suivie par une p\u00e9riode de repos pendant laquelle aucun traitement n\u2019est donn\u00e9. La p\u00e9riode de repos permet aux cellules saines de r\u00e9cup\u00e9rer. La combinaison de la p\u00e9riode de traitement et de la p\u00e9riode de repos s\u2019appelle un cycle de chimioth\u00e9rapie. Une cure compl\u00e8te de chimioth\u00e9rapie (le nombre de cycles de chimioth\u00e9rapie administr\u00e9s au total, p. ex. six cycles) dure souvent plusieurs mois. La plupart des traitements de chimioth\u00e9rapie peuvent \u00eatre administr\u00e9s dans un service de soins ambulatoires. Les patients peuvent donc rentrer chez eux le jour m\u00eame.<\/p>\n<p>La chimioth\u00e9rapie peut \u00eatre administr\u00e9e sous diff\u00e9rentes formes&nbsp;: comprim\u00e9s, injections ou voie intraveineuse (directement dans la circulation sanguine au moyen d\u2019une aiguille pendant une certaine p\u00e9riode). Si vous devez recevoir de multiples cycles de chimioth\u00e9rapie par voie intraveineuse, votre m\u00e9decin peut vous conseiller de faire poser un cath\u00e9ter veineux. Un cath\u00e9ter veineux est un dispositif, g\u00e9n\u00e9ralement un tube souple ins\u00e9r\u00e9 dans une veine, facilitant l\u2019administration de m\u00e9dicaments injectables. Un cath\u00e9ter central est un cath\u00e9ter permanent g\u00e9n\u00e9ralement ins\u00e9r\u00e9 dans une veine en haut du thorax. Les cath\u00e9ters centraux ainsi que les cath\u00e9ters veineux peuvent rester en place; vous n\u2019avez donc pas besoin d\u2019une nouvelle aiguille \u00e0 chaque traitement par voie intraveineuse. Les cath\u00e9ters centraux ainsi que les cath\u00e9ters veineux peuvent aussi servir \u00e0 la transfusion de produits sanguins dans un patient ou faciliter le pr\u00e9l\u00e8vement de sang pour des tests.<\/p>\n<p>On d\u00e9finit souvent le cancer comme \u00e9tant chimiosensible ou chimior\u00e9sistant. Chimiosensible signifie que la tumeur est sensible \u00e0 la chimioth\u00e9rapie et que le traitement par chimioth\u00e9rapie parvient \u00e0 tuer les cellules canc\u00e9reuses, tandis que chimior\u00e9sistant signifie que la tumeur ne r\u00e9pond pas \u00e0 la chimioth\u00e9rapie et qu\u2019un autre traitement est n\u00e9cessaire.<\/p>\n","protected":false},"excerpt":{"rendered":"<p>Chimioth\u00e9rapie La chimioth\u00e9rapie est l\u2019utilisation de m\u00e9dicaments anticanc\u00e9reux puissants qui circulent dans le sang. Elle fonctionne en emp\u00eachant la multiplication des cellules lymphomateuses et en \u00e9liminant ou en r\u00e9duisant le&#8230;<\/p>\n","protected":false},"author":6,"featured_media":433,"parent":469,"menu_order":0,"comment_status":"closed","ping_status":"closed","template":"page-sidebar.php","meta":{"_acf_changed":false,"footnotes":""},"categories":[],"tags":[],"class_list":["post-435","page","type-page","status-publish","has-post-thumbnail"],"acf":[],"yoast_head":"<!-- This site is optimized with the Yoast SEO plugin v26.7 - https:\/\/yoast.com\/wordpress\/plugins\/seo\/ -->\n<title>Traitement g\u00e9n\u00e9ral par chimioth\u00e9rapie - Lymphoma Canada<\/title>\n<meta name=\"robots\" content=\"index, follow, max-snippet:-1, max-image-preview:large, max-video-preview:-1\" \/>\n<link rel=\"canonical\" href=\"https:\/\/www.lymphoma.ca\/fr\/le-lymphome\/les-differents-types-de-lymphomes-non-hodgkiniens\/traitement\/traitement-general-par-chimiotherapie\/\" \/>\n<meta property=\"og:locale\" content=\"fr_FR\" \/>\n<meta property=\"og:type\" content=\"article\" \/>\n<meta property=\"og:title\" content=\"Traitement g\u00e9n\u00e9ral par chimioth\u00e9rapie - Lymphoma Canada\" \/>\n<meta property=\"og:description\" content=\"Chimioth\u00e9rapie La chimioth\u00e9rapie est l\u2019utilisation de m\u00e9dicaments anticanc\u00e9reux puissants qui circulent dans le sang. Elle fonctionne en emp\u00eachant la multiplication des cellules lymphomateuses et en \u00e9liminant ou en r\u00e9duisant le...\" \/>\n<meta property=\"og:url\" content=\"https:\/\/www.lymphoma.ca\/fr\/le-lymphome\/les-differents-types-de-lymphomes-non-hodgkiniens\/traitement\/traitement-general-par-chimiotherapie\/\" \/>\n<meta property=\"og:site_name\" content=\"Lymphoma Canada\" \/>\n<meta property=\"article:publisher\" content=\"https:\/\/www.facebook.com\/LymphomaCanada\" \/>\n<meta property=\"article:modified_time\" content=\"2020-04-10T20:56:55+00:00\" \/>\n<meta property=\"og:image\" content=\"https:\/\/www.lymphoma.ca\/wp-content\/uploads\/2010\/05\/12_fr_0.jpg\" \/>\n\t<meta property=\"og:image:width\" content=\"600\" \/>\n\t<meta property=\"og:image:height\" content=\"493\" \/>\n\t<meta property=\"og:image:type\" content=\"image\/jpeg\" \/>\n<meta name=\"twitter:card\" content=\"summary_large_image\" \/>\n<meta name=\"twitter:site\" content=\"@lymphomacanada\" \/>\n<meta name=\"twitter:label1\" content=\"Dur\u00e9e de lecture estim\u00e9e\" \/>\n\t<meta name=\"twitter:data1\" content=\"5 minutes\" \/>\n<script type=\"application\/ld+json\" class=\"yoast-schema-graph\">{\"@context\":\"https:\/\/schema.org\",\"@graph\":[{\"@type\":\"WebPage\",\"@id\":\"https:\/\/www.lymphoma.ca\/fr\/le-lymphome\/les-differents-types-de-lymphomes-non-hodgkiniens\/traitement\/traitement-general-par-chimiotherapie\/\",\"url\":\"https:\/\/www.lymphoma.ca\/fr\/le-lymphome\/les-differents-types-de-lymphomes-non-hodgkiniens\/traitement\/traitement-general-par-chimiotherapie\/\",\"name\":\"Traitement g\u00e9n\u00e9ral par chimioth\u00e9rapie - Lymphoma Canada\",\"isPartOf\":{\"@id\":\"https:\/\/www.lymphoma.ca\/fr\/#website\"},\"primaryImageOfPage\":{\"@id\":\"https:\/\/www.lymphoma.ca\/fr\/le-lymphome\/les-differents-types-de-lymphomes-non-hodgkiniens\/traitement\/traitement-general-par-chimiotherapie\/#primaryimage\"},\"image\":{\"@id\":\"https:\/\/www.lymphoma.ca\/fr\/le-lymphome\/les-differents-types-de-lymphomes-non-hodgkiniens\/traitement\/traitement-general-par-chimiotherapie\/#primaryimage\"},\"thumbnailUrl\":\"https:\/\/www.lymphoma.ca\/wp-content\/uploads\/2010\/05\/12_fr_0.jpg\",\"datePublished\":\"2010-05-11T04:00:00+00:00\",\"dateModified\":\"2020-04-10T20:56:55+00:00\",\"breadcrumb\":{\"@id\":\"https:\/\/www.lymphoma.ca\/fr\/le-lymphome\/les-differents-types-de-lymphomes-non-hodgkiniens\/traitement\/traitement-general-par-chimiotherapie\/#breadcrumb\"},\"inLanguage\":\"fr-FR\",\"potentialAction\":[{\"@type\":\"ReadAction\",\"target\":[\"https:\/\/www.lymphoma.ca\/fr\/le-lymphome\/les-differents-types-de-lymphomes-non-hodgkiniens\/traitement\/traitement-general-par-chimiotherapie\/\"]}]},{\"@type\":\"ImageObject\",\"inLanguage\":\"fr-FR\",\"@id\":\"https:\/\/www.lymphoma.ca\/fr\/le-lymphome\/les-differents-types-de-lymphomes-non-hodgkiniens\/traitement\/traitement-general-par-chimiotherapie\/#primaryimage\",\"url\":\"https:\/\/www.lymphoma.ca\/wp-content\/uploads\/2010\/05\/12_fr_0.jpg\",\"contentUrl\":\"https:\/\/www.lymphoma.ca\/wp-content\/uploads\/2010\/05\/12_fr_0.jpg\",\"width\":600,\"height\":493,\"caption\":\"chimioth\u00e9rapie\"},{\"@type\":\"BreadcrumbList\",\"@id\":\"https:\/\/www.lymphoma.ca\/fr\/le-lymphome\/les-differents-types-de-lymphomes-non-hodgkiniens\/traitement\/traitement-general-par-chimiotherapie\/#breadcrumb\",\"itemListElement\":[{\"@type\":\"ListItem\",\"position\":1,\"name\":\"Home\",\"item\":\"https:\/\/www.lymphoma.ca\/fr\/\"},{\"@type\":\"ListItem\",\"position\":2,\"name\":\"Lymphome\",\"item\":\"https:\/\/www.lymphoma.ca\/fr\/le-lymphome\/\"},{\"@type\":\"ListItem\",\"position\":3,\"name\":\"Les diff\u00e9rents types de lymphomes non hodgkiniens\",\"item\":\"https:\/\/www.lymphoma.ca\/fr\/le-lymphome\/les-differents-types-de-lymphomes-non-hodgkiniens\/\"},{\"@type\":\"ListItem\",\"position\":4,\"name\":\"Traitement\",\"item\":\"https:\/\/www.lymphoma.ca\/fr\/le-lymphome\/les-differents-types-de-lymphomes-non-hodgkiniens\/traitement\/\"},{\"@type\":\"ListItem\",\"position\":5,\"name\":\"Traitement g\u00e9n\u00e9ral par chimioth\u00e9rapie\"}]},{\"@type\":\"WebSite\",\"@id\":\"https:\/\/www.lymphoma.ca\/fr\/#website\",\"url\":\"https:\/\/www.lymphoma.ca\/fr\/\",\"name\":\"Lymphoma Canada\",\"description\":\"Information. Help. Hope.\",\"publisher\":{\"@id\":\"https:\/\/www.lymphoma.ca\/fr\/#organization\"},\"potentialAction\":[{\"@type\":\"SearchAction\",\"target\":{\"@type\":\"EntryPoint\",\"urlTemplate\":\"https:\/\/www.lymphoma.ca\/fr\/?s={search_term_string}\"},\"query-input\":{\"@type\":\"PropertyValueSpecification\",\"valueRequired\":true,\"valueName\":\"search_term_string\"}}],\"inLanguage\":\"fr-FR\"},{\"@type\":\"Organization\",\"@id\":\"https:\/\/www.lymphoma.ca\/fr\/#organization\",\"name\":\"Lymphoma Canada\",\"url\":\"https:\/\/www.lymphoma.ca\/fr\/\",\"logo\":{\"@type\":\"ImageObject\",\"inLanguage\":\"fr-FR\",\"@id\":\"https:\/\/www.lymphoma.ca\/fr\/#\/schema\/logo\/image\/\",\"url\":\"https:\/\/www.lymphoma.ca\/wp-content\/uploads\/2023\/05\/logo-lymphoma.jpg\",\"contentUrl\":\"https:\/\/www.lymphoma.ca\/wp-content\/uploads\/2023\/05\/logo-lymphoma.jpg\",\"width\":343,\"height\":343,\"caption\":\"Lymphoma Canada\"},\"image\":{\"@id\":\"https:\/\/www.lymphoma.ca\/fr\/#\/schema\/logo\/image\/\"},\"sameAs\":[\"https:\/\/www.facebook.com\/LymphomaCanada\",\"https:\/\/x.com\/lymphomacanada\",\"https:\/\/www.linkedin.com\/company\/lymphoma-canada\/\",\"http:\/\/instagram.com\/lymphomacanada\",\"http:\/\/www.youtube.com\/user\/LymphomaTV\"]}]}<\/script>\n<!-- \/ Yoast SEO plugin. -->","yoast_head_json":{"title":"Traitement g\u00e9n\u00e9ral par chimioth\u00e9rapie - Lymphoma Canada","robots":{"index":"index","follow":"follow","max-snippet":"max-snippet:-1","max-image-preview":"max-image-preview:large","max-video-preview":"max-video-preview:-1"},"canonical":"https:\/\/www.lymphoma.ca\/fr\/le-lymphome\/les-differents-types-de-lymphomes-non-hodgkiniens\/traitement\/traitement-general-par-chimiotherapie\/","og_locale":"fr_FR","og_type":"article","og_title":"Traitement g\u00e9n\u00e9ral par chimioth\u00e9rapie - Lymphoma Canada","og_description":"Chimioth\u00e9rapie La chimioth\u00e9rapie est l\u2019utilisation de m\u00e9dicaments anticanc\u00e9reux puissants qui circulent dans le sang. Elle fonctionne en emp\u00eachant la multiplication des cellules lymphomateuses et en \u00e9liminant ou en r\u00e9duisant le...","og_url":"https:\/\/www.lymphoma.ca\/fr\/le-lymphome\/les-differents-types-de-lymphomes-non-hodgkiniens\/traitement\/traitement-general-par-chimiotherapie\/","og_site_name":"Lymphoma Canada","article_publisher":"https:\/\/www.facebook.com\/LymphomaCanada","article_modified_time":"2020-04-10T20:56:55+00:00","og_image":[{"width":600,"height":493,"url":"https:\/\/www.lymphoma.ca\/wp-content\/uploads\/2010\/05\/12_fr_0.jpg","type":"image\/jpeg"}],"twitter_card":"summary_large_image","twitter_site":"@lymphomacanada","twitter_misc":{"Dur\u00e9e de lecture estim\u00e9e":"5 minutes"},"schema":{"@context":"https:\/\/schema.org","@graph":[{"@type":"WebPage","@id":"https:\/\/www.lymphoma.ca\/fr\/le-lymphome\/les-differents-types-de-lymphomes-non-hodgkiniens\/traitement\/traitement-general-par-chimiotherapie\/","url":"https:\/\/www.lymphoma.ca\/fr\/le-lymphome\/les-differents-types-de-lymphomes-non-hodgkiniens\/traitement\/traitement-general-par-chimiotherapie\/","name":"Traitement g\u00e9n\u00e9ral par chimioth\u00e9rapie - Lymphoma Canada","isPartOf":{"@id":"https:\/\/www.lymphoma.ca\/fr\/#website"},"primaryImageOfPage":{"@id":"https:\/\/www.lymphoma.ca\/fr\/le-lymphome\/les-differents-types-de-lymphomes-non-hodgkiniens\/traitement\/traitement-general-par-chimiotherapie\/#primaryimage"},"image":{"@id":"https:\/\/www.lymphoma.ca\/fr\/le-lymphome\/les-differents-types-de-lymphomes-non-hodgkiniens\/traitement\/traitement-general-par-chimiotherapie\/#primaryimage"},"thumbnailUrl":"https:\/\/www.lymphoma.ca\/wp-content\/uploads\/2010\/05\/12_fr_0.jpg","datePublished":"2010-05-11T04:00:00+00:00","dateModified":"2020-04-10T20:56:55+00:00","breadcrumb":{"@id":"https:\/\/www.lymphoma.ca\/fr\/le-lymphome\/les-differents-types-de-lymphomes-non-hodgkiniens\/traitement\/traitement-general-par-chimiotherapie\/#breadcrumb"},"inLanguage":"fr-FR","potentialAction":[{"@type":"ReadAction","target":["https:\/\/www.lymphoma.ca\/fr\/le-lymphome\/les-differents-types-de-lymphomes-non-hodgkiniens\/traitement\/traitement-general-par-chimiotherapie\/"]}]},{"@type":"ImageObject","inLanguage":"fr-FR","@id":"https:\/\/www.lymphoma.ca\/fr\/le-lymphome\/les-differents-types-de-lymphomes-non-hodgkiniens\/traitement\/traitement-general-par-chimiotherapie\/#primaryimage","url":"https:\/\/www.lymphoma.ca\/wp-content\/uploads\/2010\/05\/12_fr_0.jpg","contentUrl":"https:\/\/www.lymphoma.ca\/wp-content\/uploads\/2010\/05\/12_fr_0.jpg","width":600,"height":493,"caption":"chimioth\u00e9rapie"},{"@type":"BreadcrumbList","@id":"https:\/\/www.lymphoma.ca\/fr\/le-lymphome\/les-differents-types-de-lymphomes-non-hodgkiniens\/traitement\/traitement-general-par-chimiotherapie\/#breadcrumb","itemListElement":[{"@type":"ListItem","position":1,"name":"Home","item":"https:\/\/www.lymphoma.ca\/fr\/"},{"@type":"ListItem","position":2,"name":"Lymphome","item":"https:\/\/www.lymphoma.ca\/fr\/le-lymphome\/"},{"@type":"ListItem","position":3,"name":"Les diff\u00e9rents types de lymphomes non hodgkiniens","item":"https:\/\/www.lymphoma.ca\/fr\/le-lymphome\/les-differents-types-de-lymphomes-non-hodgkiniens\/"},{"@type":"ListItem","position":4,"name":"Traitement","item":"https:\/\/www.lymphoma.ca\/fr\/le-lymphome\/les-differents-types-de-lymphomes-non-hodgkiniens\/traitement\/"},{"@type":"ListItem","position":5,"name":"Traitement g\u00e9n\u00e9ral par chimioth\u00e9rapie"}]},{"@type":"WebSite","@id":"https:\/\/www.lymphoma.ca\/fr\/#website","url":"https:\/\/www.lymphoma.ca\/fr\/","name":"Lymphoma Canada","description":"Information. Help. Hope.","publisher":{"@id":"https:\/\/www.lymphoma.ca\/fr\/#organization"},"potentialAction":[{"@type":"SearchAction","target":{"@type":"EntryPoint","urlTemplate":"https:\/\/www.lymphoma.ca\/fr\/?s={search_term_string}"},"query-input":{"@type":"PropertyValueSpecification","valueRequired":true,"valueName":"search_term_string"}}],"inLanguage":"fr-FR"},{"@type":"Organization","@id":"https:\/\/www.lymphoma.ca\/fr\/#organization","name":"Lymphoma Canada","url":"https:\/\/www.lymphoma.ca\/fr\/","logo":{"@type":"ImageObject","inLanguage":"fr-FR","@id":"https:\/\/www.lymphoma.ca\/fr\/#\/schema\/logo\/image\/","url":"https:\/\/www.lymphoma.ca\/wp-content\/uploads\/2023\/05\/logo-lymphoma.jpg","contentUrl":"https:\/\/www.lymphoma.ca\/wp-content\/uploads\/2023\/05\/logo-lymphoma.jpg","width":343,"height":343,"caption":"Lymphoma Canada"},"image":{"@id":"https:\/\/www.lymphoma.ca\/fr\/#\/schema\/logo\/image\/"},"sameAs":["https:\/\/www.facebook.com\/LymphomaCanada","https:\/\/x.com\/lymphomacanada","https:\/\/www.linkedin.com\/company\/lymphoma-canada\/","http:\/\/instagram.com\/lymphomacanada","http:\/\/www.youtube.com\/user\/LymphomaTV"]}]}},"_links":{"self":[{"href":"https:\/\/www.lymphoma.ca\/fr\/wp-json\/wp\/v2\/pages\/435","targetHints":{"allow":["GET"]}}],"collection":[{"href":"https:\/\/www.lymphoma.ca\/fr\/wp-json\/wp\/v2\/pages"}],"about":[{"href":"https:\/\/www.lymphoma.ca\/fr\/wp-json\/wp\/v2\/types\/page"}],"author":[{"embeddable":true,"href":"https:\/\/www.lymphoma.ca\/fr\/wp-json\/wp\/v2\/users\/6"}],"replies":[{"embeddable":true,"href":"https:\/\/www.lymphoma.ca\/fr\/wp-json\/wp\/v2\/comments?post=435"}],"version-history":[{"count":1,"href":"https:\/\/www.lymphoma.ca\/fr\/wp-json\/wp\/v2\/pages\/435\/revisions"}],"predecessor-version":[{"id":6238,"href":"https:\/\/www.lymphoma.ca\/fr\/wp-json\/wp\/v2\/pages\/435\/revisions\/6238"}],"up":[{"embeddable":true,"href":"https:\/\/www.lymphoma.ca\/fr\/wp-json\/wp\/v2\/pages\/469"}],"wp:featuredmedia":[{"embeddable":true,"href":"https:\/\/www.lymphoma.ca\/fr\/wp-json\/wp\/v2\/media\/433"}],"wp:attachment":[{"href":"https:\/\/www.lymphoma.ca\/fr\/wp-json\/wp\/v2\/media?parent=435"}],"wp:term":[{"taxonomy":"category","embeddable":true,"href":"https:\/\/www.lymphoma.ca\/fr\/wp-json\/wp\/v2\/categories?post=435"},{"taxonomy":"post_tag","embeddable":true,"href":"https:\/\/www.lymphoma.ca\/fr\/wp-json\/wp\/v2\/tags?post=435"}],"curies":[{"name":"wp","href":"https:\/\/api.w.org\/{rel}","templated":true}]}}