{"id":440,"date":"2010-05-12T04:00:00","date_gmt":"2010-05-12T04:00:00","guid":{"rendered":"https:\/\/www.lymphoma.ca\/?page_id=440"},"modified":"2020-02-26T14:44:49","modified_gmt":"2020-02-26T14:44:49","slug":"traitement-pour-le-lnh-agressif-en-recidive","status":"publish","type":"page","link":"https:\/\/www.lymphoma.ca\/fr\/le-lymphome\/les-differents-types-de-lymphomes-non-hodgkiniens\/lymphome-non-hodgkinien\/traitement-pour-le-lnh-agressif-en-recidive\/","title":{"rendered":"Traitement pour le LNH agressif en r\u00e9cidive"},"content":{"rendered":"<h2>Lymphome non hodgkinien agressif<\/h2>\n<p>Environ 20&nbsp;% des patients atteints de LNH agressif ne r\u00e9pondent pas au traitement, et 30&nbsp;% de ceux qui y r\u00e9pondent connaissent une r\u00e9cidive apr\u00e8s une r\u00e9mission. Bien que le traitement soit difficile, une gu\u00e9rison ou une r\u00e9mission peut \u00eatre obtenue dans jusqu\u2019\u00e0 50&nbsp;% des cas, avec un traitement de deuxi\u00e8me intention appel\u00e9 traitement de rattrapage. Un traitement de rattrapage d\u2019un LNH agressif consiste habituellement en une chimioth\u00e9rapie combin\u00e9e (chimioth\u00e9rapie par m\u00e9dicaments combin\u00e9s). Une chimioth\u00e9rapie \u00e0 forte dose et une greffe de cellules souches du sang p\u00e9riph\u00e9rique autologue peuvent \u00e9galement \u00eatre r\u00e9alis\u00e9es au besoin.<\/p>\n<p>Si ni la gu\u00e9rison, ni la r\u00e9mission ne sont possibles, le but est de soulager les sympt\u00f4mes. C\u2019est ce que l\u2019on appelle le traitement palliatif. Certains patients peuvent envisager de participer \u00e0 un essai clinique pour aider \u00e0 l\u2019\u00e9valuation d\u2019un nouveau traitement ou d\u2019une nouvelle combinaison de traitements.<\/p>\n<p> <\/p>\n","protected":false},"excerpt":{"rendered":"<p>Lymphome non hodgkinien agressif Environ 20&nbsp;% des patients atteints de LNH agressif ne r\u00e9pondent pas au traitement, et 30&nbsp;% de ceux qui y r\u00e9pondent connaissent une r\u00e9cidive apr\u00e8s une r\u00e9mission&#8230;.<\/p>\n","protected":false},"author":6,"featured_media":0,"parent":380,"menu_order":0,"comment_status":"closed","ping_status":"closed","template":"page-sidebar.php","meta":{"_acf_changed":false,"footnotes":""},"categories":[],"tags":[],"class_list":["post-440","page","type-page","status-publish"],"acf":[],"yoast_head":"<!-- This site is optimized with the Yoast SEO plugin v26.7 - https:\/\/yoast.com\/wordpress\/plugins\/seo\/ -->\n<title>Traitement pour le LNH agressif en r\u00e9cidive - Lymphoma Canada<\/title>\n<meta name=\"robots\" content=\"index, follow, max-snippet:-1, max-image-preview:large, max-video-preview:-1\" \/>\n<link rel=\"canonical\" href=\"https:\/\/www.lymphoma.ca\/lymphoma\/non-hodgkin-lymphoma\/treatment-goals\/treatment-for-relapsed-aggressive-nhl\/\" \/>\n<meta property=\"og:locale\" content=\"fr_FR\" \/>\n<meta property=\"og:type\" content=\"article\" \/>\n<meta property=\"og:title\" content=\"Traitement pour le LNH agressif en r\u00e9cidive - Lymphoma Canada\" \/>\n<meta property=\"og:description\" content=\"Lymphome non hodgkinien agressif Environ 20&nbsp;% des patients atteints de LNH agressif ne r\u00e9pondent pas au traitement, et 30&nbsp;% de ceux qui y r\u00e9pondent connaissent une r\u00e9cidive apr\u00e8s une r\u00e9mission....\" \/>\n<meta property=\"og:url\" content=\"https:\/\/www.lymphoma.ca\/lymphoma\/non-hodgkin-lymphoma\/treatment-goals\/treatment-for-relapsed-aggressive-nhl\/\" \/>\n<meta property=\"og:site_name\" content=\"Lymphoma Canada\" \/>\n<meta property=\"article:publisher\" content=\"https:\/\/www.facebook.com\/LymphomaCanada\" \/>\n<meta property=\"article:modified_time\" content=\"2020-02-26T14:44:49+00:00\" \/>\n<meta name=\"twitter:card\" content=\"summary_large_image\" \/>\n<meta name=\"twitter:site\" content=\"@lymphomacanada\" \/>\n<meta name=\"twitter:label1\" content=\"Dur\u00e9e de lecture estim\u00e9e\" \/>\n\t<meta name=\"twitter:data1\" content=\"1 minute\" \/>\n<script type=\"application\/ld+json\" class=\"yoast-schema-graph\">{\"@context\":\"https:\/\/schema.org\",\"@graph\":[{\"@type\":\"WebPage\",\"@id\":\"https:\/\/www.lymphoma.ca\/lymphoma\/non-hodgkin-lymphoma\/treatment-goals\/treatment-for-relapsed-aggressive-nhl\/\",\"url\":\"https:\/\/www.lymphoma.ca\/lymphoma\/non-hodgkin-lymphoma\/treatment-goals\/treatment-for-relapsed-aggressive-nhl\/\",\"name\":\"Traitement pour le LNH agressif en r\u00e9cidive - Lymphoma Canada\",\"isPartOf\":{\"@id\":\"https:\/\/www.lymphoma.ca\/fr\/#website\"},\"datePublished\":\"2010-05-12T04:00:00+00:00\",\"dateModified\":\"2020-02-26T14:44:49+00:00\",\"breadcrumb\":{\"@id\":\"https:\/\/www.lymphoma.ca\/lymphoma\/non-hodgkin-lymphoma\/treatment-goals\/treatment-for-relapsed-aggressive-nhl\/#breadcrumb\"},\"inLanguage\":\"fr-FR\",\"potentialAction\":[{\"@type\":\"ReadAction\",\"target\":[\"https:\/\/www.lymphoma.ca\/lymphoma\/non-hodgkin-lymphoma\/treatment-goals\/treatment-for-relapsed-aggressive-nhl\/\"]}]},{\"@type\":\"BreadcrumbList\",\"@id\":\"https:\/\/www.lymphoma.ca\/lymphoma\/non-hodgkin-lymphoma\/treatment-goals\/treatment-for-relapsed-aggressive-nhl\/#breadcrumb\",\"itemListElement\":[{\"@type\":\"ListItem\",\"position\":1,\"name\":\"Home\",\"item\":\"https:\/\/www.lymphoma.ca\/fr\/\"},{\"@type\":\"ListItem\",\"position\":2,\"name\":\"Lymphome\",\"item\":\"https:\/\/www.lymphoma.ca\/fr\/le-lymphome\/\"},{\"@type\":\"ListItem\",\"position\":3,\"name\":\"Les diff\u00e9rents types de lymphomes non hodgkiniens\",\"item\":\"https:\/\/www.lymphoma.ca\/fr\/le-lymphome\/les-differents-types-de-lymphomes-non-hodgkiniens\/\"},{\"@type\":\"ListItem\",\"position\":4,\"name\":\"Lymphome non-Hodgkinien\",\"item\":\"https:\/\/www.lymphoma.ca\/fr\/le-lymphome\/les-differents-types-de-lymphomes-non-hodgkiniens\/lymphome-non-hodgkinien\/\"},{\"@type\":\"ListItem\",\"position\":5,\"name\":\"Traitement pour le LNH agressif en r\u00e9cidive\"}]},{\"@type\":\"WebSite\",\"@id\":\"https:\/\/www.lymphoma.ca\/fr\/#website\",\"url\":\"https:\/\/www.lymphoma.ca\/fr\/\",\"name\":\"Lymphoma Canada\",\"description\":\"Information. Help. Hope.\",\"publisher\":{\"@id\":\"https:\/\/www.lymphoma.ca\/fr\/#organization\"},\"potentialAction\":[{\"@type\":\"SearchAction\",\"target\":{\"@type\":\"EntryPoint\",\"urlTemplate\":\"https:\/\/www.lymphoma.ca\/fr\/?s={search_term_string}\"},\"query-input\":{\"@type\":\"PropertyValueSpecification\",\"valueRequired\":true,\"valueName\":\"search_term_string\"}}],\"inLanguage\":\"fr-FR\"},{\"@type\":\"Organization\",\"@id\":\"https:\/\/www.lymphoma.ca\/fr\/#organization\",\"name\":\"Lymphoma Canada\",\"url\":\"https:\/\/www.lymphoma.ca\/fr\/\",\"logo\":{\"@type\":\"ImageObject\",\"inLanguage\":\"fr-FR\",\"@id\":\"https:\/\/www.lymphoma.ca\/fr\/#\/schema\/logo\/image\/\",\"url\":\"https:\/\/www.lymphoma.ca\/wp-content\/uploads\/2023\/05\/logo-lymphoma.jpg\",\"contentUrl\":\"https:\/\/www.lymphoma.ca\/wp-content\/uploads\/2023\/05\/logo-lymphoma.jpg\",\"width\":343,\"height\":343,\"caption\":\"Lymphoma Canada\"},\"image\":{\"@id\":\"https:\/\/www.lymphoma.ca\/fr\/#\/schema\/logo\/image\/\"},\"sameAs\":[\"https:\/\/www.facebook.com\/LymphomaCanada\",\"https:\/\/x.com\/lymphomacanada\",\"https:\/\/www.linkedin.com\/company\/lymphoma-canada\/\",\"http:\/\/instagram.com\/lymphomacanada\",\"http:\/\/www.youtube.com\/user\/LymphomaTV\"]}]}<\/script>\n<!-- \/ Yoast SEO plugin. -->","yoast_head_json":{"title":"Traitement pour le LNH agressif en r\u00e9cidive - Lymphoma Canada","robots":{"index":"index","follow":"follow","max-snippet":"max-snippet:-1","max-image-preview":"max-image-preview:large","max-video-preview":"max-video-preview:-1"},"canonical":"https:\/\/www.lymphoma.ca\/lymphoma\/non-hodgkin-lymphoma\/treatment-goals\/treatment-for-relapsed-aggressive-nhl\/","og_locale":"fr_FR","og_type":"article","og_title":"Traitement pour le LNH agressif en r\u00e9cidive - Lymphoma Canada","og_description":"Lymphome non hodgkinien agressif Environ 20&nbsp;% des patients atteints de LNH agressif ne r\u00e9pondent pas au traitement, et 30&nbsp;% de ceux qui y r\u00e9pondent connaissent une r\u00e9cidive apr\u00e8s une r\u00e9mission....","og_url":"https:\/\/www.lymphoma.ca\/lymphoma\/non-hodgkin-lymphoma\/treatment-goals\/treatment-for-relapsed-aggressive-nhl\/","og_site_name":"Lymphoma Canada","article_publisher":"https:\/\/www.facebook.com\/LymphomaCanada","article_modified_time":"2020-02-26T14:44:49+00:00","twitter_card":"summary_large_image","twitter_site":"@lymphomacanada","twitter_misc":{"Dur\u00e9e de lecture estim\u00e9e":"1 minute"},"schema":{"@context":"https:\/\/schema.org","@graph":[{"@type":"WebPage","@id":"https:\/\/www.lymphoma.ca\/lymphoma\/non-hodgkin-lymphoma\/treatment-goals\/treatment-for-relapsed-aggressive-nhl\/","url":"https:\/\/www.lymphoma.ca\/lymphoma\/non-hodgkin-lymphoma\/treatment-goals\/treatment-for-relapsed-aggressive-nhl\/","name":"Traitement pour le LNH agressif en r\u00e9cidive - Lymphoma Canada","isPartOf":{"@id":"https:\/\/www.lymphoma.ca\/fr\/#website"},"datePublished":"2010-05-12T04:00:00+00:00","dateModified":"2020-02-26T14:44:49+00:00","breadcrumb":{"@id":"https:\/\/www.lymphoma.ca\/lymphoma\/non-hodgkin-lymphoma\/treatment-goals\/treatment-for-relapsed-aggressive-nhl\/#breadcrumb"},"inLanguage":"fr-FR","potentialAction":[{"@type":"ReadAction","target":["https:\/\/www.lymphoma.ca\/lymphoma\/non-hodgkin-lymphoma\/treatment-goals\/treatment-for-relapsed-aggressive-nhl\/"]}]},{"@type":"BreadcrumbList","@id":"https:\/\/www.lymphoma.ca\/lymphoma\/non-hodgkin-lymphoma\/treatment-goals\/treatment-for-relapsed-aggressive-nhl\/#breadcrumb","itemListElement":[{"@type":"ListItem","position":1,"name":"Home","item":"https:\/\/www.lymphoma.ca\/fr\/"},{"@type":"ListItem","position":2,"name":"Lymphome","item":"https:\/\/www.lymphoma.ca\/fr\/le-lymphome\/"},{"@type":"ListItem","position":3,"name":"Les diff\u00e9rents types de lymphomes non hodgkiniens","item":"https:\/\/www.lymphoma.ca\/fr\/le-lymphome\/les-differents-types-de-lymphomes-non-hodgkiniens\/"},{"@type":"ListItem","position":4,"name":"Lymphome non-Hodgkinien","item":"https:\/\/www.lymphoma.ca\/fr\/le-lymphome\/les-differents-types-de-lymphomes-non-hodgkiniens\/lymphome-non-hodgkinien\/"},{"@type":"ListItem","position":5,"name":"Traitement pour le LNH agressif en r\u00e9cidive"}]},{"@type":"WebSite","@id":"https:\/\/www.lymphoma.ca\/fr\/#website","url":"https:\/\/www.lymphoma.ca\/fr\/","name":"Lymphoma Canada","description":"Information. Help. Hope.","publisher":{"@id":"https:\/\/www.lymphoma.ca\/fr\/#organization"},"potentialAction":[{"@type":"SearchAction","target":{"@type":"EntryPoint","urlTemplate":"https:\/\/www.lymphoma.ca\/fr\/?s={search_term_string}"},"query-input":{"@type":"PropertyValueSpecification","valueRequired":true,"valueName":"search_term_string"}}],"inLanguage":"fr-FR"},{"@type":"Organization","@id":"https:\/\/www.lymphoma.ca\/fr\/#organization","name":"Lymphoma Canada","url":"https:\/\/www.lymphoma.ca\/fr\/","logo":{"@type":"ImageObject","inLanguage":"fr-FR","@id":"https:\/\/www.lymphoma.ca\/fr\/#\/schema\/logo\/image\/","url":"https:\/\/www.lymphoma.ca\/wp-content\/uploads\/2023\/05\/logo-lymphoma.jpg","contentUrl":"https:\/\/www.lymphoma.ca\/wp-content\/uploads\/2023\/05\/logo-lymphoma.jpg","width":343,"height":343,"caption":"Lymphoma Canada"},"image":{"@id":"https:\/\/www.lymphoma.ca\/fr\/#\/schema\/logo\/image\/"},"sameAs":["https:\/\/www.facebook.com\/LymphomaCanada","https:\/\/x.com\/lymphomacanada","https:\/\/www.linkedin.com\/company\/lymphoma-canada\/","http:\/\/instagram.com\/lymphomacanada","http:\/\/www.youtube.com\/user\/LymphomaTV"]}]}},"_links":{"self":[{"href":"https:\/\/www.lymphoma.ca\/fr\/wp-json\/wp\/v2\/pages\/440","targetHints":{"allow":["GET"]}}],"collection":[{"href":"https:\/\/www.lymphoma.ca\/fr\/wp-json\/wp\/v2\/pages"}],"about":[{"href":"https:\/\/www.lymphoma.ca\/fr\/wp-json\/wp\/v2\/types\/page"}],"author":[{"embeddable":true,"href":"https:\/\/www.lymphoma.ca\/fr\/wp-json\/wp\/v2\/users\/6"}],"replies":[{"embeddable":true,"href":"https:\/\/www.lymphoma.ca\/fr\/wp-json\/wp\/v2\/comments?post=440"}],"version-history":[{"count":1,"href":"https:\/\/www.lymphoma.ca\/fr\/wp-json\/wp\/v2\/pages\/440\/revisions"}],"predecessor-version":[{"id":3283,"href":"https:\/\/www.lymphoma.ca\/fr\/wp-json\/wp\/v2\/pages\/440\/revisions\/3283"}],"up":[{"embeddable":true,"href":"https:\/\/www.lymphoma.ca\/fr\/wp-json\/wp\/v2\/pages\/380"}],"wp:attachment":[{"href":"https:\/\/www.lymphoma.ca\/fr\/wp-json\/wp\/v2\/media?parent=440"}],"wp:term":[{"taxonomy":"category","embeddable":true,"href":"https:\/\/www.lymphoma.ca\/fr\/wp-json\/wp\/v2\/categories?post=440"},{"taxonomy":"post_tag","embeddable":true,"href":"https:\/\/www.lymphoma.ca\/fr\/wp-json\/wp\/v2\/tags?post=440"}],"curies":[{"name":"wp","href":"https:\/\/api.w.org\/{rel}","templated":true}]}}