{"id":443,"date":"2010-05-12T04:00:00","date_gmt":"2010-05-12T04:00:00","guid":{"rendered":"https:\/\/www.lymphoma.ca\/?page_id=443"},"modified":"2010-05-12T04:00:00","modified_gmt":"2010-05-12T04:00:00","slug":"vih-et-lymphome","status":"publish","type":"page","link":"https:\/\/www.lymphoma.ca\/fr\/vih-et-lymphome\/","title":{"rendered":"VIH et lymphome"},"content":{"rendered":"<p>Un lymphome associ\u00e9 au SIDA est une maladie dans laquelle des cellules canc\u00e9reuses (malignes) se trouvent dans le syst\u00e8me lymphatique de patients atteints du virus de l&rsquo;immunod\u00e9ficience humaine (VIH) ou du syndrome de l&rsquo;immunod\u00e9ficience acquise (SIDA). Le SIDA est caus\u00e9 par le VIH, qui attaque et affaiblit le syst\u00e8me immunitaire. Des infections et d&rsquo;autres maladies peuvent alors envahir l&rsquo;organisme, et le syst\u00e8me immunitaire ne peut pas les combattre. L&rsquo;incidence de patients souffrant \u00e0 la fois de VIH et de lymphome est croissante. D&rsquo;apr\u00e8s la Lymphoma Research Foundation of America (LRFA\/fondation am\u00e9ricaine de recherche sur le lymphome), environ 30&nbsp;% des patients atteints du SIDA contractent un lymphome.<\/p>\n<p>Du fait que les patients atteints du SIDA vivent plus longtemps, il y a plus de risque que des maladies opportunistes moins courantes apparaissent. Les malignit\u00e9s associ\u00e9es au SIDA, en particulier le LNH, deviennent une \u00e9pid\u00e9mie dans une \u00e9pid\u00e9mie. Du fait que le syst\u00e8me immunitaire de l&rsquo;organisme est d\u00e9j\u00e0 affaibli par la maladie, le lymphome associ\u00e9 au SIDA a tendance \u00e0 se comporter diff\u00e9remment de celui qui ne l&rsquo;est pas. Peu de choses pouvant l&rsquo;arr\u00eater, le cancer se reproduit rapidement et s&rsquo;\u00e9tend, sans \u00eatre contr\u00f4l\u00e9, au-del\u00e0 des ganglions lymphatiques \u00e0 une vitesse acc\u00e9l\u00e9r\u00e9e. Le LNH est le lymphome le plus courant qui affecte les personnes porteuses du VIH\/SIDA. Il fait intervenir en premier lieu la prolif\u00e9ration incontr\u00f4l\u00e9e des lymphocytes&nbsp;B anormaux (lymphocytes responsables de la production d&rsquo;anticorps) et appara\u00eet fr\u00e9quemment sous forme de tumeurs ganglionnaires ou diffuses dans les tissus extraganglionnaires.<\/p>\n<p>D&rsquo;autres lymphomes tels que le lymphome de Hodgkin peuvent occasionnellement affecter des personnes porteuses du VIH\/SIDA, mais contrairement au LNH, leur incidence ne semble pas croissante. La principale diff\u00e9rence entre Hodgkin et le LNH est que le premier comprend presque toujours un type sp\u00e9cifique de cellule appel\u00e9e cellule de Reed-Sternberg (une grande cellule d&rsquo;origine inconnue comportant un noyau inhabituel \u00e0 deux lobes). Le lymphome de Hodgkin commence par des tumeurs ganglionnaires localis\u00e9es qui se diss\u00e9minent au fur et \u00e0 mesure de la progression de la maladie.<\/p>\n<p>Le LNH extraganglionnaire est tr\u00e8s r\u00e9pandu chez les personnes porteuses du VIH\/SIDA. On a rapport\u00e9 que le LNH peut appara\u00eetre pratiquement n&rsquo;importe o\u00f9 dans l&rsquo;organisme. Les sites extraganglionnaires les plus souvent touch\u00e9s sont le syst\u00e8me nerveux central (cerveau et moelle \u00e9pini\u00e8re), le tube digestif, la moelle osseuse et le foie. Le LNH est \u00e9galement apparu dans des sites inhabituels tels que l&rsquo;anus, le rectum, la bouche et d&rsquo;autres tissus mous.<\/p>\n<p>Pour une personne souffrant du SIDA, il peut \u00eatre difficile de reconna\u00eetre la pr\u00e9sence du LNH, car de nombreux sympt\u00f4mes sont semblables \u00e0 ceux des complications associ\u00e9es au SIDA, comprenant la fi\u00e8vre, les sueurs nocturnes et une perte de poids sup\u00e9rieure \u00e0 10&nbsp;%. Il est donc tr\u00e8s important de consulter un m\u00e9decin si l&rsquo;un de ces \u00e9tats persiste. Un diagnostic de lymphome ne peut \u00eatre confirm\u00e9 qu&rsquo;au moyen d&rsquo;une biopsie chirurgicale du tissu concern\u00e9.<\/p>\n<h2>VIH et lymphome&nbsp;: Pronostic<\/h2>\n<p>Le fait qu&rsquo;une personne survive ou non \u00e0 un LNH se fonde sur plusieurs facteurs. Bien que le LNH fasse partie des rares cancers \u00e0 comporter certains types pouvant r\u00e9ellement gu\u00e9rir, une immunod\u00e9ficience grave complique souvent la capacit\u00e9 d&rsquo;un patient \u00e0 tol\u00e9rer le traitement et \u00e0 y r\u00e9pondre. Gr\u00e2ce au traitement r\u00e9troviral tr\u00e8s actif (HAART, Highly Active Antiretroviral Therapy), des \u00e9tudes r\u00e9centes montrent que des patients s\u00e9ropositifs s&rsquo;en tirent presque aussi bien que les patients non s\u00e9ropositifs dans leur traitement contre le lymphome et leur survie.<\/p>\n<p>Pour obtenir plus de renseignements sur ce sujet, visitez <a target=\"_blank\" href=\"http:\/\/www.projinf.org\/fs\/lymphoma.html\" rel=\"noopener noreferrer\">www.projinf.org\/fs\/lymphoma.html<\/a><\/p>\n","protected":false},"excerpt":{"rendered":"<p>Un lymphome associ\u00e9 au SIDA est une maladie dans laquelle des cellules canc\u00e9reuses (malignes) se trouvent dans le syst\u00e8me lymphatique de patients atteints du virus de l&rsquo;immunod\u00e9ficience humaine (VIH) ou&#8230;<\/p>\n","protected":false},"author":6,"featured_media":0,"parent":0,"menu_order":93,"comment_status":"closed","ping_status":"closed","template":"","meta":{"_acf_changed":false,"footnotes":""},"categories":[],"tags":[],"class_list":["post-443","page","type-page","status-publish"],"acf":[],"yoast_head":"<!-- This site is optimized with the Yoast SEO plugin v26.7 - https:\/\/yoast.com\/wordpress\/plugins\/seo\/ -->\n<title>VIH et lymphome - Lymphoma Canada<\/title>\n<meta name=\"robots\" content=\"index, follow, max-snippet:-1, max-image-preview:large, max-video-preview:-1\" \/>\n<link rel=\"canonical\" href=\"https:\/\/www.lymphoma.ca\/fr\/vih-et-lymphome\/\" \/>\n<meta property=\"og:locale\" content=\"fr_FR\" \/>\n<meta property=\"og:type\" content=\"article\" \/>\n<meta property=\"og:title\" content=\"VIH et lymphome - Lymphoma Canada\" \/>\n<meta property=\"og:description\" content=\"Un lymphome associ\u00e9 au SIDA est une maladie dans laquelle des cellules canc\u00e9reuses (malignes) se trouvent dans le syst\u00e8me lymphatique de patients atteints du virus de l&rsquo;immunod\u00e9ficience humaine (VIH) ou...\" \/>\n<meta property=\"og:url\" content=\"https:\/\/www.lymphoma.ca\/fr\/vih-et-lymphome\/\" \/>\n<meta property=\"og:site_name\" content=\"Lymphoma Canada\" \/>\n<meta property=\"article:publisher\" content=\"https:\/\/www.facebook.com\/LymphomaCanada\" \/>\n<meta name=\"twitter:card\" content=\"summary_large_image\" \/>\n<meta name=\"twitter:site\" content=\"@lymphomacanada\" \/>\n<meta name=\"twitter:label1\" content=\"Dur\u00e9e de lecture estim\u00e9e\" \/>\n\t<meta name=\"twitter:data1\" content=\"3 minutes\" \/>\n<script type=\"application\/ld+json\" class=\"yoast-schema-graph\">{\"@context\":\"https:\/\/schema.org\",\"@graph\":[{\"@type\":\"WebPage\",\"@id\":\"https:\/\/www.lymphoma.ca\/fr\/vih-et-lymphome\/\",\"url\":\"https:\/\/www.lymphoma.ca\/fr\/vih-et-lymphome\/\",\"name\":\"VIH et lymphome - Lymphoma Canada\",\"isPartOf\":{\"@id\":\"https:\/\/www.lymphoma.ca\/fr\/#website\"},\"datePublished\":\"2010-05-12T04:00:00+00:00\",\"breadcrumb\":{\"@id\":\"https:\/\/www.lymphoma.ca\/fr\/vih-et-lymphome\/#breadcrumb\"},\"inLanguage\":\"fr-FR\",\"potentialAction\":[{\"@type\":\"ReadAction\",\"target\":[\"https:\/\/www.lymphoma.ca\/fr\/vih-et-lymphome\/\"]}]},{\"@type\":\"BreadcrumbList\",\"@id\":\"https:\/\/www.lymphoma.ca\/fr\/vih-et-lymphome\/#breadcrumb\",\"itemListElement\":[{\"@type\":\"ListItem\",\"position\":1,\"name\":\"Home\",\"item\":\"https:\/\/www.lymphoma.ca\/fr\/\"},{\"@type\":\"ListItem\",\"position\":2,\"name\":\"VIH et lymphome\"}]},{\"@type\":\"WebSite\",\"@id\":\"https:\/\/www.lymphoma.ca\/fr\/#website\",\"url\":\"https:\/\/www.lymphoma.ca\/fr\/\",\"name\":\"Lymphoma Canada\",\"description\":\"Information. Help. Hope.\",\"publisher\":{\"@id\":\"https:\/\/www.lymphoma.ca\/fr\/#organization\"},\"potentialAction\":[{\"@type\":\"SearchAction\",\"target\":{\"@type\":\"EntryPoint\",\"urlTemplate\":\"https:\/\/www.lymphoma.ca\/fr\/?s={search_term_string}\"},\"query-input\":{\"@type\":\"PropertyValueSpecification\",\"valueRequired\":true,\"valueName\":\"search_term_string\"}}],\"inLanguage\":\"fr-FR\"},{\"@type\":\"Organization\",\"@id\":\"https:\/\/www.lymphoma.ca\/fr\/#organization\",\"name\":\"Lymphoma Canada\",\"url\":\"https:\/\/www.lymphoma.ca\/fr\/\",\"logo\":{\"@type\":\"ImageObject\",\"inLanguage\":\"fr-FR\",\"@id\":\"https:\/\/www.lymphoma.ca\/fr\/#\/schema\/logo\/image\/\",\"url\":\"https:\/\/www.lymphoma.ca\/wp-content\/uploads\/2023\/05\/logo-lymphoma.jpg\",\"contentUrl\":\"https:\/\/www.lymphoma.ca\/wp-content\/uploads\/2023\/05\/logo-lymphoma.jpg\",\"width\":343,\"height\":343,\"caption\":\"Lymphoma Canada\"},\"image\":{\"@id\":\"https:\/\/www.lymphoma.ca\/fr\/#\/schema\/logo\/image\/\"},\"sameAs\":[\"https:\/\/www.facebook.com\/LymphomaCanada\",\"https:\/\/x.com\/lymphomacanada\",\"https:\/\/www.linkedin.com\/company\/lymphoma-canada\/\",\"http:\/\/instagram.com\/lymphomacanada\",\"http:\/\/www.youtube.com\/user\/LymphomaTV\"]}]}<\/script>\n<!-- \/ Yoast SEO plugin. -->","yoast_head_json":{"title":"VIH et lymphome - Lymphoma Canada","robots":{"index":"index","follow":"follow","max-snippet":"max-snippet:-1","max-image-preview":"max-image-preview:large","max-video-preview":"max-video-preview:-1"},"canonical":"https:\/\/www.lymphoma.ca\/fr\/vih-et-lymphome\/","og_locale":"fr_FR","og_type":"article","og_title":"VIH et lymphome - Lymphoma Canada","og_description":"Un lymphome associ\u00e9 au SIDA est une maladie dans laquelle des cellules canc\u00e9reuses (malignes) se trouvent dans le syst\u00e8me lymphatique de patients atteints du virus de l&rsquo;immunod\u00e9ficience humaine (VIH) ou...","og_url":"https:\/\/www.lymphoma.ca\/fr\/vih-et-lymphome\/","og_site_name":"Lymphoma Canada","article_publisher":"https:\/\/www.facebook.com\/LymphomaCanada","twitter_card":"summary_large_image","twitter_site":"@lymphomacanada","twitter_misc":{"Dur\u00e9e de lecture estim\u00e9e":"3 minutes"},"schema":{"@context":"https:\/\/schema.org","@graph":[{"@type":"WebPage","@id":"https:\/\/www.lymphoma.ca\/fr\/vih-et-lymphome\/","url":"https:\/\/www.lymphoma.ca\/fr\/vih-et-lymphome\/","name":"VIH et lymphome - Lymphoma Canada","isPartOf":{"@id":"https:\/\/www.lymphoma.ca\/fr\/#website"},"datePublished":"2010-05-12T04:00:00+00:00","breadcrumb":{"@id":"https:\/\/www.lymphoma.ca\/fr\/vih-et-lymphome\/#breadcrumb"},"inLanguage":"fr-FR","potentialAction":[{"@type":"ReadAction","target":["https:\/\/www.lymphoma.ca\/fr\/vih-et-lymphome\/"]}]},{"@type":"BreadcrumbList","@id":"https:\/\/www.lymphoma.ca\/fr\/vih-et-lymphome\/#breadcrumb","itemListElement":[{"@type":"ListItem","position":1,"name":"Home","item":"https:\/\/www.lymphoma.ca\/fr\/"},{"@type":"ListItem","position":2,"name":"VIH et lymphome"}]},{"@type":"WebSite","@id":"https:\/\/www.lymphoma.ca\/fr\/#website","url":"https:\/\/www.lymphoma.ca\/fr\/","name":"Lymphoma Canada","description":"Information. Help. Hope.","publisher":{"@id":"https:\/\/www.lymphoma.ca\/fr\/#organization"},"potentialAction":[{"@type":"SearchAction","target":{"@type":"EntryPoint","urlTemplate":"https:\/\/www.lymphoma.ca\/fr\/?s={search_term_string}"},"query-input":{"@type":"PropertyValueSpecification","valueRequired":true,"valueName":"search_term_string"}}],"inLanguage":"fr-FR"},{"@type":"Organization","@id":"https:\/\/www.lymphoma.ca\/fr\/#organization","name":"Lymphoma Canada","url":"https:\/\/www.lymphoma.ca\/fr\/","logo":{"@type":"ImageObject","inLanguage":"fr-FR","@id":"https:\/\/www.lymphoma.ca\/fr\/#\/schema\/logo\/image\/","url":"https:\/\/www.lymphoma.ca\/wp-content\/uploads\/2023\/05\/logo-lymphoma.jpg","contentUrl":"https:\/\/www.lymphoma.ca\/wp-content\/uploads\/2023\/05\/logo-lymphoma.jpg","width":343,"height":343,"caption":"Lymphoma Canada"},"image":{"@id":"https:\/\/www.lymphoma.ca\/fr\/#\/schema\/logo\/image\/"},"sameAs":["https:\/\/www.facebook.com\/LymphomaCanada","https:\/\/x.com\/lymphomacanada","https:\/\/www.linkedin.com\/company\/lymphoma-canada\/","http:\/\/instagram.com\/lymphomacanada","http:\/\/www.youtube.com\/user\/LymphomaTV"]}]}},"_links":{"self":[{"href":"https:\/\/www.lymphoma.ca\/fr\/wp-json\/wp\/v2\/pages\/443","targetHints":{"allow":["GET"]}}],"collection":[{"href":"https:\/\/www.lymphoma.ca\/fr\/wp-json\/wp\/v2\/pages"}],"about":[{"href":"https:\/\/www.lymphoma.ca\/fr\/wp-json\/wp\/v2\/types\/page"}],"author":[{"embeddable":true,"href":"https:\/\/www.lymphoma.ca\/fr\/wp-json\/wp\/v2\/users\/6"}],"replies":[{"embeddable":true,"href":"https:\/\/www.lymphoma.ca\/fr\/wp-json\/wp\/v2\/comments?post=443"}],"version-history":[{"count":0,"href":"https:\/\/www.lymphoma.ca\/fr\/wp-json\/wp\/v2\/pages\/443\/revisions"}],"wp:attachment":[{"href":"https:\/\/www.lymphoma.ca\/fr\/wp-json\/wp\/v2\/media?parent=443"}],"wp:term":[{"taxonomy":"category","embeddable":true,"href":"https:\/\/www.lymphoma.ca\/fr\/wp-json\/wp\/v2\/categories?post=443"},{"taxonomy":"post_tag","embeddable":true,"href":"https:\/\/www.lymphoma.ca\/fr\/wp-json\/wp\/v2\/tags?post=443"}],"curies":[{"name":"wp","href":"https:\/\/api.w.org\/{rel}","templated":true}]}}