{"id":444,"date":"2010-05-12T04:00:00","date_gmt":"2010-05-12T04:00:00","guid":{"rendered":"https:\/\/www.lymphoma.ca\/?page_id=444"},"modified":"2020-02-26T18:51:41","modified_gmt":"2020-02-26T18:51:41","slug":"conseils-pratiques-aux-aidants","status":"publish","type":"page","link":"https:\/\/www.lymphoma.ca\/fr\/cheminement-du-patient\/soutien-aux-aidants\/conseils-pratiques-aux-aidants\/","title":{"rendered":"Conseils pratiques aux aidants"},"content":{"rendered":"<h2>Astuces pratiques auxquelles il faut penser<\/h2>\n<h2>Visite chez le m\u00e9decin, \u00e0 l\u2019h\u00f4pital ou \u00e0 la clinique<\/h2>\n<p><strong><em>Demandez \u00e0 votre partenaire, ami ou parent s\u2019il aimerait que vous l\u2019accompagniez \u00e0 ses rendez-vous<\/em><\/strong><br \/> Les visites chez le m\u00e9decin, \u00e0 l\u2019h\u00f4pital ou \u00e0 la clinique peuvent parfois \u00eatre effrayantes pour quelqu\u2019un atteint d\u2019un lymphome, ainsi que pour ses aidants. Les personnes concern\u00e9es peuvent avoir de l\u2019appr\u00e9hension concernant ce qui se passera ou ce qu\u2019elles d\u00e9couvriront, et de nombreuses exp\u00e9riences peuvent \u00eatre nouvelles et d\u00e9routantes pour elles. Le fait que quelqu\u2019un de proche puisse l\u2019accompagner l\u2019aide souvent \u00e0 affronter la situation et signifie que vous pouvez \u00eatre l\u00e0 pour offrir votre soutien en cas de besoin.<\/p>\n<p><strong><em>Proposez de prendre des notes pendant les rendez-vous importants<\/em><\/strong><br \/> Les consultations chez le m\u00e9decin peuvent parfois \u00eatre tr\u00e8s perturbantes. Votre partenaire, parent ou ami devra absorber beaucoup renseignements nouveaux pendant un rendez-vous et il peut avoir du mal \u00e0 se souvenir de tout ce qu\u2019il doit savoir, particuli\u00e8rement parce que le fait de recevoir un diagnostic de lymphome constitue une charge \u00e9motionnelle lourde. En prenant des notes pendant un rendez-vous et en l\u2019aidant \u00e0 pr\u00e9parer toutes les questions qu\u2019il aimerait poser, vous \u00eates d\u2019un grand secours et votre ami ou parent appr\u00e9ciera sans doute votre aide.<\/p>\n<p><strong><em>Chargez-vous de pr\u00e9voir transport pour le d\u00e9placement au cabinet du m\u00e9decin, \u00e0 l\u2019h\u00f4pital ou \u00e0 la clinique<\/em><\/strong><br \/> Cet aspect peut sembler simple, mais pour votre partenaire, ami ou parent, le fait de savoir qu\u2019il n\u2019a pas \u00e0 se pr\u00e9occuper de la fa\u00e7on dont il va se rendre \u00e0 un rendez-vous et comment il en reviendra peut le soulager d\u2019un grand poids. Le jour d\u2019un rendez-vous, un patient doit penser \u00e0 des choses beaucoup plus importantes que la route \u00e0 faire, ou les bus ou trains \u00e0 prendre. Et surtout si votre partenaire, ami ou parent se rend \u00e0 son traitement, il risque de ne pas se sentir suffisamment bien apr\u00e8s le rendez-vous pour rentrer par ses propres moyens. C\u2019est pourquoi toute l\u2019aide que vous pourrez apporter pour l\u2019organisation du transport sera vraiment la bienvenue.<\/p>\n<p>Enfin, le simple fait d\u2019\u00eatre avec l\u2019\u00eatre cher, surtout juste apr\u00e8s le diagnostic, lorsque la charge \u00e9motionnelle est au plus haut et qu\u2019il se retrouve devant l\u2019inconnu, peut \u00eatre d\u2019un soutien \u00e9norme pour cette personne.<\/p>\n<h2>Aide pratique au quotidien<\/h2>\n<p>Parfois, votre partenaire, parent ou ami pourra avoir besoin d\u2019aide avec les t\u00e2ches quotidiennes. Les personnes atteintes d\u2019un lymphome peuvent se sentir souvent tr\u00e8s fatigu\u00e9es, ou se fatiguer tr\u00e8s rapidement. Comprendre cette r\u00e9alit\u00e9 et proposer d\u2019aider pour les t\u00e2ches quotidiennes de base telles que la cuisine, les courses ou le m\u00e9nage peuvent \u00eatre fortement appr\u00e9ci\u00e9s. Il est \u00e9galement important de ne pas leur demander d\u2019en faire trop pendant ces moments-l\u00e0. Gardez bien \u00e0 l\u2019esprit, toutefois, qu\u2019il y aura aussi des moments o\u00f9 votre ami ou parent se sentira raisonnablement bien et qu\u2019il pourra se prendre en charge seul. Essayez donc d\u2019\u00eatre sensible \u00e0 ce qu\u2019il ressent \u2013 soyez disponible quand il le faut, et permettez-lui de reprendre une vie normale le reste du temps.<\/p>\n<p>Vous pouvez aussi aider votre ami ou parent \u00e0 planifier son r\u00e9gime alimentaire et \u00e0 prendre en charge la pr\u00e9paration des repas. Les personnes atteintes d\u2019un lymphome perdent souvent du poids. Un manque d\u2019app\u00e9tit prolong\u00e9 et parfois des naus\u00e9es et des vomissements ne sont pas rares, surtout pendant le traitement. Il peut donc \u00eatre vraiment utile de vous assurer que votre partenaire, ami ou parent suit un r\u00e9gime bien \u00e9quilibr\u00e9. Si vous pouvez lui \u00e9viter de pr\u00e9parer ses repas et l\u2019encourager \u00e0 manger plusieurs petits repas dans la journ\u00e9e, il pourra peut-\u00eatre maintenir son app\u00e9tit.<\/p>\n","protected":false},"excerpt":{"rendered":"<p>Astuces pratiques auxquelles il faut penser Visite chez le m\u00e9decin, \u00e0 l\u2019h\u00f4pital ou \u00e0 la clinique Demandez \u00e0 votre partenaire, ami ou parent s\u2019il aimerait que vous l\u2019accompagniez \u00e0 ses&#8230;<\/p>\n","protected":false},"author":6,"featured_media":0,"parent":367,"menu_order":3,"comment_status":"closed","ping_status":"closed","template":"page-sidebar.php","meta":{"_acf_changed":false,"footnotes":""},"categories":[],"tags":[],"class_list":["post-444","page","type-page","status-publish"],"acf":[],"yoast_head":"<!-- This site is optimized with the Yoast SEO plugin v26.7 - https:\/\/yoast.com\/wordpress\/plugins\/seo\/ -->\n<title>Conseils pratiques aux aidants - Lymphoma Canada<\/title>\n<meta name=\"robots\" content=\"index, follow, max-snippet:-1, max-image-preview:large, max-video-preview:-1\" \/>\n<link rel=\"canonical\" href=\"https:\/\/www.lymphoma.ca\/fr\/cheminement-du-patient\/soutien-aux-aidants\/conseils-pratiques-aux-aidants\/\" \/>\n<meta property=\"og:locale\" content=\"fr_FR\" \/>\n<meta property=\"og:type\" content=\"article\" \/>\n<meta property=\"og:title\" content=\"Conseils pratiques aux aidants - Lymphoma Canada\" \/>\n<meta property=\"og:description\" content=\"Astuces pratiques auxquelles il faut penser Visite chez le m\u00e9decin, \u00e0 l\u2019h\u00f4pital ou \u00e0 la clinique Demandez \u00e0 votre partenaire, ami ou parent s\u2019il aimerait que vous l\u2019accompagniez \u00e0 ses...\" \/>\n<meta property=\"og:url\" content=\"https:\/\/www.lymphoma.ca\/fr\/cheminement-du-patient\/soutien-aux-aidants\/conseils-pratiques-aux-aidants\/\" \/>\n<meta property=\"og:site_name\" content=\"Lymphoma Canada\" \/>\n<meta property=\"article:publisher\" content=\"https:\/\/www.facebook.com\/LymphomaCanada\" \/>\n<meta property=\"article:modified_time\" content=\"2020-02-26T18:51:41+00:00\" \/>\n<meta name=\"twitter:card\" content=\"summary_large_image\" \/>\n<meta name=\"twitter:site\" content=\"@lymphomacanada\" \/>\n<meta name=\"twitter:label1\" content=\"Dur\u00e9e de lecture estim\u00e9e\" \/>\n\t<meta name=\"twitter:data1\" content=\"3 minutes\" \/>\n<script type=\"application\/ld+json\" class=\"yoast-schema-graph\">{\"@context\":\"https:\/\/schema.org\",\"@graph\":[{\"@type\":\"WebPage\",\"@id\":\"https:\/\/www.lymphoma.ca\/fr\/cheminement-du-patient\/soutien-aux-aidants\/conseils-pratiques-aux-aidants\/\",\"url\":\"https:\/\/www.lymphoma.ca\/fr\/cheminement-du-patient\/soutien-aux-aidants\/conseils-pratiques-aux-aidants\/\",\"name\":\"Conseils pratiques aux aidants - Lymphoma Canada\",\"isPartOf\":{\"@id\":\"https:\/\/www.lymphoma.ca\/fr\/#website\"},\"datePublished\":\"2010-05-12T04:00:00+00:00\",\"dateModified\":\"2020-02-26T18:51:41+00:00\",\"breadcrumb\":{\"@id\":\"https:\/\/www.lymphoma.ca\/fr\/cheminement-du-patient\/soutien-aux-aidants\/conseils-pratiques-aux-aidants\/#breadcrumb\"},\"inLanguage\":\"fr-FR\",\"potentialAction\":[{\"@type\":\"ReadAction\",\"target\":[\"https:\/\/www.lymphoma.ca\/fr\/cheminement-du-patient\/soutien-aux-aidants\/conseils-pratiques-aux-aidants\/\"]}]},{\"@type\":\"BreadcrumbList\",\"@id\":\"https:\/\/www.lymphoma.ca\/fr\/cheminement-du-patient\/soutien-aux-aidants\/conseils-pratiques-aux-aidants\/#breadcrumb\",\"itemListElement\":[{\"@type\":\"ListItem\",\"position\":1,\"name\":\"Home\",\"item\":\"https:\/\/www.lymphoma.ca\/fr\/\"},{\"@type\":\"ListItem\",\"position\":2,\"name\":\"Cheminement du patient\",\"item\":\"https:\/\/www.lymphoma.ca\/fr\/cheminement-du-patient\/\"},{\"@type\":\"ListItem\",\"position\":3,\"name\":\"Soutien aux aidants\",\"item\":\"https:\/\/www.lymphoma.ca\/fr\/cheminement-du-patient\/soutien-aux-aidants\/\"},{\"@type\":\"ListItem\",\"position\":4,\"name\":\"Conseils pratiques aux aidants\"}]},{\"@type\":\"WebSite\",\"@id\":\"https:\/\/www.lymphoma.ca\/fr\/#website\",\"url\":\"https:\/\/www.lymphoma.ca\/fr\/\",\"name\":\"Lymphoma Canada\",\"description\":\"Information. Help. Hope.\",\"publisher\":{\"@id\":\"https:\/\/www.lymphoma.ca\/fr\/#organization\"},\"potentialAction\":[{\"@type\":\"SearchAction\",\"target\":{\"@type\":\"EntryPoint\",\"urlTemplate\":\"https:\/\/www.lymphoma.ca\/fr\/?s={search_term_string}\"},\"query-input\":{\"@type\":\"PropertyValueSpecification\",\"valueRequired\":true,\"valueName\":\"search_term_string\"}}],\"inLanguage\":\"fr-FR\"},{\"@type\":\"Organization\",\"@id\":\"https:\/\/www.lymphoma.ca\/fr\/#organization\",\"name\":\"Lymphoma Canada\",\"url\":\"https:\/\/www.lymphoma.ca\/fr\/\",\"logo\":{\"@type\":\"ImageObject\",\"inLanguage\":\"fr-FR\",\"@id\":\"https:\/\/www.lymphoma.ca\/fr\/#\/schema\/logo\/image\/\",\"url\":\"https:\/\/www.lymphoma.ca\/wp-content\/uploads\/2023\/05\/logo-lymphoma.jpg\",\"contentUrl\":\"https:\/\/www.lymphoma.ca\/wp-content\/uploads\/2023\/05\/logo-lymphoma.jpg\",\"width\":343,\"height\":343,\"caption\":\"Lymphoma Canada\"},\"image\":{\"@id\":\"https:\/\/www.lymphoma.ca\/fr\/#\/schema\/logo\/image\/\"},\"sameAs\":[\"https:\/\/www.facebook.com\/LymphomaCanada\",\"https:\/\/x.com\/lymphomacanada\",\"https:\/\/www.linkedin.com\/company\/lymphoma-canada\/\",\"http:\/\/instagram.com\/lymphomacanada\",\"http:\/\/www.youtube.com\/user\/LymphomaTV\"]}]}<\/script>\n<!-- \/ Yoast SEO plugin. -->","yoast_head_json":{"title":"Conseils pratiques aux aidants - Lymphoma Canada","robots":{"index":"index","follow":"follow","max-snippet":"max-snippet:-1","max-image-preview":"max-image-preview:large","max-video-preview":"max-video-preview:-1"},"canonical":"https:\/\/www.lymphoma.ca\/fr\/cheminement-du-patient\/soutien-aux-aidants\/conseils-pratiques-aux-aidants\/","og_locale":"fr_FR","og_type":"article","og_title":"Conseils pratiques aux aidants - Lymphoma Canada","og_description":"Astuces pratiques auxquelles il faut penser Visite chez le m\u00e9decin, \u00e0 l\u2019h\u00f4pital ou \u00e0 la clinique Demandez \u00e0 votre partenaire, ami ou parent s\u2019il aimerait que vous l\u2019accompagniez \u00e0 ses...","og_url":"https:\/\/www.lymphoma.ca\/fr\/cheminement-du-patient\/soutien-aux-aidants\/conseils-pratiques-aux-aidants\/","og_site_name":"Lymphoma Canada","article_publisher":"https:\/\/www.facebook.com\/LymphomaCanada","article_modified_time":"2020-02-26T18:51:41+00:00","twitter_card":"summary_large_image","twitter_site":"@lymphomacanada","twitter_misc":{"Dur\u00e9e de lecture estim\u00e9e":"3 minutes"},"schema":{"@context":"https:\/\/schema.org","@graph":[{"@type":"WebPage","@id":"https:\/\/www.lymphoma.ca\/fr\/cheminement-du-patient\/soutien-aux-aidants\/conseils-pratiques-aux-aidants\/","url":"https:\/\/www.lymphoma.ca\/fr\/cheminement-du-patient\/soutien-aux-aidants\/conseils-pratiques-aux-aidants\/","name":"Conseils pratiques aux aidants - Lymphoma Canada","isPartOf":{"@id":"https:\/\/www.lymphoma.ca\/fr\/#website"},"datePublished":"2010-05-12T04:00:00+00:00","dateModified":"2020-02-26T18:51:41+00:00","breadcrumb":{"@id":"https:\/\/www.lymphoma.ca\/fr\/cheminement-du-patient\/soutien-aux-aidants\/conseils-pratiques-aux-aidants\/#breadcrumb"},"inLanguage":"fr-FR","potentialAction":[{"@type":"ReadAction","target":["https:\/\/www.lymphoma.ca\/fr\/cheminement-du-patient\/soutien-aux-aidants\/conseils-pratiques-aux-aidants\/"]}]},{"@type":"BreadcrumbList","@id":"https:\/\/www.lymphoma.ca\/fr\/cheminement-du-patient\/soutien-aux-aidants\/conseils-pratiques-aux-aidants\/#breadcrumb","itemListElement":[{"@type":"ListItem","position":1,"name":"Home","item":"https:\/\/www.lymphoma.ca\/fr\/"},{"@type":"ListItem","position":2,"name":"Cheminement du patient","item":"https:\/\/www.lymphoma.ca\/fr\/cheminement-du-patient\/"},{"@type":"ListItem","position":3,"name":"Soutien aux aidants","item":"https:\/\/www.lymphoma.ca\/fr\/cheminement-du-patient\/soutien-aux-aidants\/"},{"@type":"ListItem","position":4,"name":"Conseils pratiques aux aidants"}]},{"@type":"WebSite","@id":"https:\/\/www.lymphoma.ca\/fr\/#website","url":"https:\/\/www.lymphoma.ca\/fr\/","name":"Lymphoma Canada","description":"Information. Help. Hope.","publisher":{"@id":"https:\/\/www.lymphoma.ca\/fr\/#organization"},"potentialAction":[{"@type":"SearchAction","target":{"@type":"EntryPoint","urlTemplate":"https:\/\/www.lymphoma.ca\/fr\/?s={search_term_string}"},"query-input":{"@type":"PropertyValueSpecification","valueRequired":true,"valueName":"search_term_string"}}],"inLanguage":"fr-FR"},{"@type":"Organization","@id":"https:\/\/www.lymphoma.ca\/fr\/#organization","name":"Lymphoma Canada","url":"https:\/\/www.lymphoma.ca\/fr\/","logo":{"@type":"ImageObject","inLanguage":"fr-FR","@id":"https:\/\/www.lymphoma.ca\/fr\/#\/schema\/logo\/image\/","url":"https:\/\/www.lymphoma.ca\/wp-content\/uploads\/2023\/05\/logo-lymphoma.jpg","contentUrl":"https:\/\/www.lymphoma.ca\/wp-content\/uploads\/2023\/05\/logo-lymphoma.jpg","width":343,"height":343,"caption":"Lymphoma Canada"},"image":{"@id":"https:\/\/www.lymphoma.ca\/fr\/#\/schema\/logo\/image\/"},"sameAs":["https:\/\/www.facebook.com\/LymphomaCanada","https:\/\/x.com\/lymphomacanada","https:\/\/www.linkedin.com\/company\/lymphoma-canada\/","http:\/\/instagram.com\/lymphomacanada","http:\/\/www.youtube.com\/user\/LymphomaTV"]}]}},"_links":{"self":[{"href":"https:\/\/www.lymphoma.ca\/fr\/wp-json\/wp\/v2\/pages\/444","targetHints":{"allow":["GET"]}}],"collection":[{"href":"https:\/\/www.lymphoma.ca\/fr\/wp-json\/wp\/v2\/pages"}],"about":[{"href":"https:\/\/www.lymphoma.ca\/fr\/wp-json\/wp\/v2\/types\/page"}],"author":[{"embeddable":true,"href":"https:\/\/www.lymphoma.ca\/fr\/wp-json\/wp\/v2\/users\/6"}],"replies":[{"embeddable":true,"href":"https:\/\/www.lymphoma.ca\/fr\/wp-json\/wp\/v2\/comments?post=444"}],"version-history":[{"count":1,"href":"https:\/\/www.lymphoma.ca\/fr\/wp-json\/wp\/v2\/pages\/444\/revisions"}],"predecessor-version":[{"id":3291,"href":"https:\/\/www.lymphoma.ca\/fr\/wp-json\/wp\/v2\/pages\/444\/revisions\/3291"}],"up":[{"embeddable":true,"href":"https:\/\/www.lymphoma.ca\/fr\/wp-json\/wp\/v2\/pages\/367"}],"wp:attachment":[{"href":"https:\/\/www.lymphoma.ca\/fr\/wp-json\/wp\/v2\/media?parent=444"}],"wp:term":[{"taxonomy":"category","embeddable":true,"href":"https:\/\/www.lymphoma.ca\/fr\/wp-json\/wp\/v2\/categories?post=444"},{"taxonomy":"post_tag","embeddable":true,"href":"https:\/\/www.lymphoma.ca\/fr\/wp-json\/wp\/v2\/tags?post=444"}],"curies":[{"name":"wp","href":"https:\/\/api.w.org\/{rel}","templated":true}]}}