{"id":445,"date":"2010-05-12T04:00:00","date_gmt":"2010-05-12T04:00:00","guid":{"rendered":"https:\/\/www.lymphoma.ca\/?page_id=445"},"modified":"2021-08-26T19:22:24","modified_gmt":"2021-08-26T19:22:24","slug":"plaidoyer-public","status":"publish","type":"page","link":"https:\/\/www.lymphoma.ca\/fr\/plaidoyer-public\/","title":{"rendered":"Plaidoyer public"},"content":{"rendered":"<p>Le plaidoyer public est l\u2019acte qui consiste \u00e0 influencer les preneurs de d\u00e9cision et \u00e0 favoriser les modifications des lois et des autres politiques gouvernementales pour faire avancer la mission d\u2019une organisation particuli\u00e8re ou d\u2019un groupe particulier de personnes. Vous-m\u00eame, en tant que patient atteint d\u2019un lymphome, vous pouvez efficacement vous d\u00e9fendre en partageant votre histoire avec les preneurs de d\u00e9cision. Les repr\u00e9sentants \u00e9lus publiquement d\u00e9sirent vous \u00e9couter. En fait, vous \u00eates le patron de facto de vos l\u00e9gislateurs, et en tant qu\u2019\u00e9lecteur et contribuable, votre opinion a de l\u2019importance. Vous n\u2019avez pas besoin d\u2019\u00eatre un expert; il vous suffit de partager votre histoire et de formuler votre requ\u00eate.<\/p>\n<p>Le plaidoyer peut comprendre toute action, orale ou \u00e9crite, destin\u00e9e \u00e0 r\u00e9sumer et d\u00e9crire un probl\u00e8me particulier auquel un individu doit faire face. Il est destin\u00e9 \u00e0 susciter l\u2019int\u00e9r\u00eat et engendrer une action par une autre personne pour aider la personne \u00e0 r\u00e9soudre le probl\u00e8me sp\u00e9cifique. En cons\u00e9quence, un patient ou un aidant peut plaider en sa faveur face \u00e0 une personne (notamment directement \u00e0 une infirmi\u00e8re ou un m\u00e9decin), une institution (comme un h\u00f4pital, une clinique ou un organisme), ou une soci\u00e9t\u00e9 ou un corps constitu\u00e9 (notamment une compagnie d\u2019assurances ou un organisme provincial\/f\u00e9d\u00e9ral).<\/p>\n<p>Comment faire son plaidoyer\u00a0:<\/p>\n<ul>\n<li>Partagez votre histoire et soyez l\u2019ambassadeur du lymphome et de LC.<\/li>\n<li>Parlez \u00e0 vos amis, vos voisins, vos coll\u00e8gues de bureau, vos parents et votre gouvernement, et expliquez pourquoi la recherche sur le lymphome est importante.<\/li>\n<li>Participez \u00e0 des manifestations locales.<\/li>\n<li>Assistez \u00e0 des sessions p\u00e9dagogiques et des conf\u00e9rences organis\u00e9es par LC.<\/li>\n<li>Participez \u00e0 la journ\u00e9e de sensibilisation au lymphome, tous les 15\u00a0septembre.<\/li>\n<\/ul>\n<p>Votre d\u00e9put\u00e9 r\u00e9gional, votre d\u00e9put\u00e9 provincial et votre ministre de la Sant\u00e9 vous sont redevables.<\/p>\n<p><a title=\"Les coordonn\u00e9es de votre d\u00e9put\u00e9 provincial\" href=\"https:\/\/www.elections.ca\/scripts\/vis\/FindED?L=f&amp;PAGEID=20\">Cliquez ici<\/a> pour obtenir les coordonn\u00e9es de votre d\u00e9put\u00e9 provincial.<\/p>\n<p>Vous pouvez \u00e9galement trouver votre d\u00e9put\u00e9 \u00e0 la Chambre des communes <a title=\"Votre d\u00e9put\u00e9 \u00e0 la Chambre des communes\" href=\"https:\/\/www.noscommunes.ca\/Members\/fr\/recherche\" target=\"_blank\" rel=\"noopener noreferrer\">en utilisant votre code postal<\/a>.<\/p>\n<p>Lorsque vous saisirez votre code postal, le nom de votre d\u00e9put\u00e9 ainsi que ses coordonn\u00e9es s\u2019afficheront. Il est inutile d\u2019affranchir le courrier destin\u00e9 \u00e0 votre d\u00e9put\u00e9 en \u00e9crivant \u00e0 l\u2019adresse\u00a0:<\/p>\n<p>Chambre des communes<br \/>\nOttawa ON K0G 1A6<\/p>\n<p>Une lettre, un appel t\u00e9l\u00e9phonique, un courriel ou un rendez-vous en personne peut influencer votre repr\u00e9sentant \u00e9lu et l\u2019informera sur le sujet qui vous touche.<\/p>\n<p>Cliquez ici pour voir un exemple de lettre \u00e0 soumettre au gouvernement pour demander un financement pour ces traitements.<\/p>\n<ul>\n<li>Expliquez pourquoi ce probl\u00e8me vous touche tout particuli\u00e8rement; partagez votre histoire personnelle.<\/li>\n<li>Indiquez avec exactitude ce que vous d\u00e9sirez que votre repr\u00e9sentant \u00e9lu r\u00e9alise.<\/li>\n<li>Faites en sorte que votre lettre ne d\u00e9passe pas une page.<\/li>\n<li>Demandez un suivi.<\/li>\n<\/ul>\n<p>Informez-nous quand vous avez envoy\u00e9 une lettre; nous assurerons le suivi et vous tiendrons au courant. <a href=\"mailto:info@lymphoma.ca\">info@lymphoma.ca<\/a><\/p>\n<p>Ci-dessous se trouve une liste de sites Web utiles sur le plaidoyer contre le cancer\u00a0:<br \/>\n<a title=\"Cancer Advocacy Coalition Canada\" href=\"http:\/\/www.canceradvocacy.ca\/\" target=\"_blank\" rel=\"noopener noreferrer\">Cancer Advocacy Coalition Canada<\/a><br \/>\n<a title=\"Canadian Strategy for Cancer Control\" href=\"http:\/\/www.cancer.ca\/canada-wide\/how%20you%20can%20help\/take%20action\/advocacy%20what%20were%20doing\/cancer%20control.aspx\" target=\"_blank\" rel=\"noopener noreferrer\">Canadian Strategy for Cancer Control<\/a><br \/>\n<a title=\"Canadian Cancer Advocacy Network (CCAN)\" href=\"https:\/\/www.facebook.com\/Canadian-Cancer-Action-Network-CCAN-322970508083\/\" target=\"_blank\" rel=\"noopener noreferrer\">Canadian Cancer Advocacy Network (CCAN)<\/a><br \/>\n<a title=\"Partenariat canadien contre le cancer\" href=\"http:\/\/www.partnershipagainstcancer.ca\/\" target=\"_blank\" rel=\"noopener noreferrer\">Partenariat canadien contre le cancer<\/a><br \/>\nCanadian Cancer Drug Status<br \/>\n<a title=\"Chronic Disease Alliance of Canada (CDAC)\" href=\"http:\/\/www.cdpac.ca\/\" target=\"_blank\" rel=\"noopener noreferrer\">Chronic Disease Alliance of Canada (CDAC)<\/a><br \/>\n<a title=\"Lymphoma Coalition\" href=\"http:\/\/www.lymphomacoalition.org\/\" target=\"_blank\" rel=\"noopener noreferrer\">Lymphoma Coalition<\/a><br \/>\n<a title=\"Action Cancer Ontario\" href=\"http:\/\/www.cancercare.on.ca\/english\/home\/toolbox\/qualityguidelines\/diseasesite\/\" target=\"_blank\" rel=\"noopener noreferrer\">Action Cancer Ontario<\/a><\/p>\n","protected":false},"excerpt":{"rendered":"<p>Le plaidoyer public est l\u2019acte qui consiste \u00e0 influencer les preneurs de d\u00e9cision et \u00e0 favoriser les modifications des lois et des autres politiques gouvernementales pour faire avancer la mission&#8230;<\/p>\n","protected":false},"author":6,"featured_media":0,"parent":0,"menu_order":95,"comment_status":"closed","ping_status":"closed","template":"page-sidebar.php","meta":{"_acf_changed":false,"footnotes":""},"categories":[],"tags":[],"class_list":["post-445","page","type-page","status-publish"],"acf":[],"yoast_head":"<!-- This site is optimized with the Yoast SEO plugin v26.7 - https:\/\/yoast.com\/wordpress\/plugins\/seo\/ -->\n<title>Plaidoyer public - Lymphoma Canada<\/title>\n<meta name=\"robots\" content=\"index, follow, max-snippet:-1, max-image-preview:large, max-video-preview:-1\" \/>\n<link rel=\"canonical\" href=\"https:\/\/www.lymphoma.ca\/fr\/plaidoyer-public\/\" \/>\n<meta property=\"og:locale\" content=\"fr_FR\" \/>\n<meta property=\"og:type\" content=\"article\" \/>\n<meta property=\"og:title\" content=\"Plaidoyer public - Lymphoma Canada\" \/>\n<meta property=\"og:description\" content=\"Le plaidoyer public est l\u2019acte qui consiste \u00e0 influencer les preneurs de d\u00e9cision et \u00e0 favoriser les modifications des lois et des autres politiques gouvernementales pour faire avancer la mission...\" \/>\n<meta property=\"og:url\" content=\"https:\/\/www.lymphoma.ca\/fr\/plaidoyer-public\/\" \/>\n<meta property=\"og:site_name\" content=\"Lymphoma Canada\" \/>\n<meta property=\"article:publisher\" content=\"https:\/\/www.facebook.com\/LymphomaCanada\" \/>\n<meta property=\"article:modified_time\" content=\"2021-08-26T19:22:24+00:00\" \/>\n<meta name=\"twitter:card\" content=\"summary_large_image\" \/>\n<meta name=\"twitter:site\" content=\"@lymphomacanada\" \/>\n<meta name=\"twitter:label1\" content=\"Dur\u00e9e de lecture estim\u00e9e\" \/>\n\t<meta name=\"twitter:data1\" content=\"3 minutes\" \/>\n<script type=\"application\/ld+json\" class=\"yoast-schema-graph\">{\"@context\":\"https:\/\/schema.org\",\"@graph\":[{\"@type\":\"WebPage\",\"@id\":\"https:\/\/www.lymphoma.ca\/fr\/plaidoyer-public\/\",\"url\":\"https:\/\/www.lymphoma.ca\/fr\/plaidoyer-public\/\",\"name\":\"Plaidoyer public - Lymphoma Canada\",\"isPartOf\":{\"@id\":\"https:\/\/www.lymphoma.ca\/fr\/#website\"},\"datePublished\":\"2010-05-12T04:00:00+00:00\",\"dateModified\":\"2021-08-26T19:22:24+00:00\",\"breadcrumb\":{\"@id\":\"https:\/\/www.lymphoma.ca\/fr\/plaidoyer-public\/#breadcrumb\"},\"inLanguage\":\"fr-FR\",\"potentialAction\":[{\"@type\":\"ReadAction\",\"target\":[\"https:\/\/www.lymphoma.ca\/fr\/plaidoyer-public\/\"]}]},{\"@type\":\"BreadcrumbList\",\"@id\":\"https:\/\/www.lymphoma.ca\/fr\/plaidoyer-public\/#breadcrumb\",\"itemListElement\":[{\"@type\":\"ListItem\",\"position\":1,\"name\":\"Home\",\"item\":\"https:\/\/www.lymphoma.ca\/fr\/\"},{\"@type\":\"ListItem\",\"position\":2,\"name\":\"Plaidoyer public\"}]},{\"@type\":\"WebSite\",\"@id\":\"https:\/\/www.lymphoma.ca\/fr\/#website\",\"url\":\"https:\/\/www.lymphoma.ca\/fr\/\",\"name\":\"Lymphoma Canada\",\"description\":\"Information. Help. Hope.\",\"publisher\":{\"@id\":\"https:\/\/www.lymphoma.ca\/fr\/#organization\"},\"potentialAction\":[{\"@type\":\"SearchAction\",\"target\":{\"@type\":\"EntryPoint\",\"urlTemplate\":\"https:\/\/www.lymphoma.ca\/fr\/?s={search_term_string}\"},\"query-input\":{\"@type\":\"PropertyValueSpecification\",\"valueRequired\":true,\"valueName\":\"search_term_string\"}}],\"inLanguage\":\"fr-FR\"},{\"@type\":\"Organization\",\"@id\":\"https:\/\/www.lymphoma.ca\/fr\/#organization\",\"name\":\"Lymphoma Canada\",\"url\":\"https:\/\/www.lymphoma.ca\/fr\/\",\"logo\":{\"@type\":\"ImageObject\",\"inLanguage\":\"fr-FR\",\"@id\":\"https:\/\/www.lymphoma.ca\/fr\/#\/schema\/logo\/image\/\",\"url\":\"https:\/\/www.lymphoma.ca\/wp-content\/uploads\/2023\/05\/logo-lymphoma.jpg\",\"contentUrl\":\"https:\/\/www.lymphoma.ca\/wp-content\/uploads\/2023\/05\/logo-lymphoma.jpg\",\"width\":343,\"height\":343,\"caption\":\"Lymphoma Canada\"},\"image\":{\"@id\":\"https:\/\/www.lymphoma.ca\/fr\/#\/schema\/logo\/image\/\"},\"sameAs\":[\"https:\/\/www.facebook.com\/LymphomaCanada\",\"https:\/\/x.com\/lymphomacanada\",\"https:\/\/www.linkedin.com\/company\/lymphoma-canada\/\",\"http:\/\/instagram.com\/lymphomacanada\",\"http:\/\/www.youtube.com\/user\/LymphomaTV\"]}]}<\/script>\n<!-- \/ Yoast SEO plugin. -->","yoast_head_json":{"title":"Plaidoyer public - Lymphoma Canada","robots":{"index":"index","follow":"follow","max-snippet":"max-snippet:-1","max-image-preview":"max-image-preview:large","max-video-preview":"max-video-preview:-1"},"canonical":"https:\/\/www.lymphoma.ca\/fr\/plaidoyer-public\/","og_locale":"fr_FR","og_type":"article","og_title":"Plaidoyer public - Lymphoma Canada","og_description":"Le plaidoyer public est l\u2019acte qui consiste \u00e0 influencer les preneurs de d\u00e9cision et \u00e0 favoriser les modifications des lois et des autres politiques gouvernementales pour faire avancer la mission...","og_url":"https:\/\/www.lymphoma.ca\/fr\/plaidoyer-public\/","og_site_name":"Lymphoma Canada","article_publisher":"https:\/\/www.facebook.com\/LymphomaCanada","article_modified_time":"2021-08-26T19:22:24+00:00","twitter_card":"summary_large_image","twitter_site":"@lymphomacanada","twitter_misc":{"Dur\u00e9e de lecture estim\u00e9e":"3 minutes"},"schema":{"@context":"https:\/\/schema.org","@graph":[{"@type":"WebPage","@id":"https:\/\/www.lymphoma.ca\/fr\/plaidoyer-public\/","url":"https:\/\/www.lymphoma.ca\/fr\/plaidoyer-public\/","name":"Plaidoyer public - Lymphoma Canada","isPartOf":{"@id":"https:\/\/www.lymphoma.ca\/fr\/#website"},"datePublished":"2010-05-12T04:00:00+00:00","dateModified":"2021-08-26T19:22:24+00:00","breadcrumb":{"@id":"https:\/\/www.lymphoma.ca\/fr\/plaidoyer-public\/#breadcrumb"},"inLanguage":"fr-FR","potentialAction":[{"@type":"ReadAction","target":["https:\/\/www.lymphoma.ca\/fr\/plaidoyer-public\/"]}]},{"@type":"BreadcrumbList","@id":"https:\/\/www.lymphoma.ca\/fr\/plaidoyer-public\/#breadcrumb","itemListElement":[{"@type":"ListItem","position":1,"name":"Home","item":"https:\/\/www.lymphoma.ca\/fr\/"},{"@type":"ListItem","position":2,"name":"Plaidoyer public"}]},{"@type":"WebSite","@id":"https:\/\/www.lymphoma.ca\/fr\/#website","url":"https:\/\/www.lymphoma.ca\/fr\/","name":"Lymphoma Canada","description":"Information. Help. Hope.","publisher":{"@id":"https:\/\/www.lymphoma.ca\/fr\/#organization"},"potentialAction":[{"@type":"SearchAction","target":{"@type":"EntryPoint","urlTemplate":"https:\/\/www.lymphoma.ca\/fr\/?s={search_term_string}"},"query-input":{"@type":"PropertyValueSpecification","valueRequired":true,"valueName":"search_term_string"}}],"inLanguage":"fr-FR"},{"@type":"Organization","@id":"https:\/\/www.lymphoma.ca\/fr\/#organization","name":"Lymphoma Canada","url":"https:\/\/www.lymphoma.ca\/fr\/","logo":{"@type":"ImageObject","inLanguage":"fr-FR","@id":"https:\/\/www.lymphoma.ca\/fr\/#\/schema\/logo\/image\/","url":"https:\/\/www.lymphoma.ca\/wp-content\/uploads\/2023\/05\/logo-lymphoma.jpg","contentUrl":"https:\/\/www.lymphoma.ca\/wp-content\/uploads\/2023\/05\/logo-lymphoma.jpg","width":343,"height":343,"caption":"Lymphoma Canada"},"image":{"@id":"https:\/\/www.lymphoma.ca\/fr\/#\/schema\/logo\/image\/"},"sameAs":["https:\/\/www.facebook.com\/LymphomaCanada","https:\/\/x.com\/lymphomacanada","https:\/\/www.linkedin.com\/company\/lymphoma-canada\/","http:\/\/instagram.com\/lymphomacanada","http:\/\/www.youtube.com\/user\/LymphomaTV"]}]}},"_links":{"self":[{"href":"https:\/\/www.lymphoma.ca\/fr\/wp-json\/wp\/v2\/pages\/445","targetHints":{"allow":["GET"]}}],"collection":[{"href":"https:\/\/www.lymphoma.ca\/fr\/wp-json\/wp\/v2\/pages"}],"about":[{"href":"https:\/\/www.lymphoma.ca\/fr\/wp-json\/wp\/v2\/types\/page"}],"author":[{"embeddable":true,"href":"https:\/\/www.lymphoma.ca\/fr\/wp-json\/wp\/v2\/users\/6"}],"replies":[{"embeddable":true,"href":"https:\/\/www.lymphoma.ca\/fr\/wp-json\/wp\/v2\/comments?post=445"}],"version-history":[{"count":9,"href":"https:\/\/www.lymphoma.ca\/fr\/wp-json\/wp\/v2\/pages\/445\/revisions"}],"predecessor-version":[{"id":10344,"href":"https:\/\/www.lymphoma.ca\/fr\/wp-json\/wp\/v2\/pages\/445\/revisions\/10344"}],"wp:attachment":[{"href":"https:\/\/www.lymphoma.ca\/fr\/wp-json\/wp\/v2\/media?parent=445"}],"wp:term":[{"taxonomy":"category","embeddable":true,"href":"https:\/\/www.lymphoma.ca\/fr\/wp-json\/wp\/v2\/categories?post=445"},{"taxonomy":"post_tag","embeddable":true,"href":"https:\/\/www.lymphoma.ca\/fr\/wp-json\/wp\/v2\/tags?post=445"}],"curies":[{"name":"wp","href":"https:\/\/api.w.org\/{rel}","templated":true}]}}