{"id":446,"date":"2010-05-12T04:00:00","date_gmt":"2010-05-12T04:00:00","guid":{"rendered":"https:\/\/www.lymphoma.ca\/?page_id=446"},"modified":"2020-02-26T18:49:47","modified_gmt":"2020-02-26T18:49:47","slug":"principes-de-bases-des-soins-de-sante","status":"publish","type":"page","link":"https:\/\/www.lymphoma.ca\/fr\/cheminement-du-patient\/soutien-aux-aidants\/principes-de-bases-des-soins-de-sante\/","title":{"rendered":"Principes de bases des soins de sant\u00e9"},"content":{"rendered":"<p>Vous trouverez ci-apr\u00e8s quelques suggestions de base pour vous aider dans votre parcours d\u2019aidant.<\/p>\n<p>Si la personne dont vous vous occupez est un adulte, vous devez vous rappeler qu\u2019elle a le droit de prendre des d\u00e9cisions sur sa vie. Vous devez respecter ce droit, sauf si votre proche a perdu sa capacit\u00e9 \u00e0 prendre des d\u00e9cisions le concernant ou s\u2019il peut mettre les autres en danger par son comportement.<\/p>\n<h2>Proposez diff\u00e9rents choix chaque fois que c\u2019est possible<\/h2>\n<p>La capacit\u00e9 \u00e0 faire des choix est une libert\u00e9 fondamentale, proposez donc diff\u00e9rents choix chaque fois que c\u2019est possible, qu\u2019il s\u2019agisse de l\u2019endroit o\u00f9 vivre, des c\u00e9r\u00e9ales \u00e0 manger au petit-d\u00e9jeuner ou des v\u00eatements \u00e0 porter. Les choix nous permettent de nous exprimer. Du fait que les possibilit\u00e9s pour votre proche sont plus limit\u00e9es, par la perte de la sant\u00e9, les contraintes financi\u00e8res ou les pertes sociales, il vous est plus difficile de lui proposer des choix.<\/p>\n<h2>Ne faites que les choses que votre proche ne peut pas faire<\/h2>\n<p>Si votre proche est encore capable de faire certaines choses comme payer les factures ou pr\u00e9parer les repas, encouragez-le \u00e0 le faire. En aidant votre proche \u00e0 garder un sentiment d\u2019ind\u00e9pendance, vous lui ferez mieux accepter le fait d\u2019\u00eatre dans une situation de personne prise en charge.<\/p>\n<h2>Tenez vos promesses<\/h2>\n<p>De nombreuses personnes prises en charge trouvent qu\u2019il est difficile \u00e9motivement de devoir d\u00e9pendre des autres, et peuvent s\u2019inqui\u00e9ter de repr\u00e9senter un fardeau. C\u2019est pourquoi, avec tous ces sentiments mitig\u00e9s, votre proche devra pouvoir compter sur vous. Tenez vos promesses. N\u2019oubliez pas que votre proche a besoin de vous, m\u00eame s\u2019il ne le dit pas.<\/p>\n<h2>Prenez soin de vous<\/h2>\n<p>Ce conseil peut sembler \u00e9vident, mais les aidants s\u2019\u00e9puisent souvent en essayant de faire passer en priorit\u00e9 la responsabilit\u00e9 des soins, en plus des t\u00e2ches quotidiennes de base. S\u2019occuper d\u2019un proche tout en conservant son emploi peut conduire \u00e0 l\u2019\u00e9puisement. Si vous vous \u00e9puisez, vous risquez de prendre de mauvaises d\u00e9cisions ou de rejeter votre frustration sur votre proche. Alors, prenez soin de vous, prenez du temps pour faire ce que vous aimez, m\u00eame si vous devez par cons\u00e9quent dire non \u00e0 votre proche. Les aidants qui sont repos\u00e9s peuvent \u00eatre pr\u00e9sents \u00e0 long terme. Vous pouvez en lire plus sur ce sujet dans la section sur l\u2019importance de s\u2019occuper de soi.<\/p>\n<h2>Votre famille constitue votre premi\u00e8re ressource<\/h2>\n<p>Lorsqu\u2019un proche tombe malade, les courants \u00e9motifs peuvent \u00eatre tr\u00e8s forts. Certains membres de la famille voudront tout faire, tandis que d\u2019autres n\u2019en feront que tr\u00e8s peu \u00e0 moins qu\u2019on le leur demande. Pourtant, les conjoints, fr\u00e8res et s\u0153urs, enfants et autres parents peuvent faire beaucoup pour all\u00e9ger votre charge d\u2019aidant.<\/p>\n<h2>Autres sources de soutien<\/h2>\n<p>L\u2019\u00e9quipe de soins du patient peut \u00e9galement fournir du soutien \u00e0 l\u2019aidant. Parlez aux m\u00e9decins, infirmi\u00e8res, assistantes sociales, physioth\u00e9rapeutes, th\u00e9rapeutes occupationnels et autres membres de l\u2019\u00e9quipe de soins. Ces personnes sont l\u00e0 pour vous aider et aider le patient, alors rencontrez-les d\u00e8s que c\u2019est n\u00e9cessaire. \u00c0 aucun moment vous n\u2019\u00eates seul dans votre parcours d\u2019aidant.<\/p>\n<p>&nbsp; <\/p>\n","protected":false},"excerpt":{"rendered":"<p>Vous trouverez ci-apr\u00e8s quelques suggestions de base pour vous aider dans votre parcours d\u2019aidant. Si la personne dont vous vous occupez est un adulte, vous devez vous rappeler qu\u2019elle a&#8230;<\/p>\n","protected":false},"author":6,"featured_media":0,"parent":367,"menu_order":5,"comment_status":"closed","ping_status":"closed","template":"page-sidebar.php","meta":{"_acf_changed":false,"footnotes":""},"categories":[],"tags":[],"class_list":["post-446","page","type-page","status-publish"],"acf":[],"yoast_head":"<!-- This site is optimized with the Yoast SEO plugin v26.7 - https:\/\/yoast.com\/wordpress\/plugins\/seo\/ -->\n<title>Principes de bases des soins de sant\u00e9 - Lymphoma Canada<\/title>\n<meta name=\"robots\" content=\"index, follow, max-snippet:-1, max-image-preview:large, max-video-preview:-1\" \/>\n<link rel=\"canonical\" href=\"https:\/\/www.lymphoma.ca\/fr\/cheminement-du-patient\/soutien-aux-aidants\/principes-de-bases-des-soins-de-sante\/\" \/>\n<meta property=\"og:locale\" content=\"fr_FR\" \/>\n<meta property=\"og:type\" content=\"article\" \/>\n<meta property=\"og:title\" content=\"Principes de bases des soins de sant\u00e9 - Lymphoma Canada\" \/>\n<meta property=\"og:description\" content=\"Vous trouverez ci-apr\u00e8s quelques suggestions de base pour vous aider dans votre parcours d\u2019aidant. Si la personne dont vous vous occupez est un adulte, vous devez vous rappeler qu\u2019elle a...\" \/>\n<meta property=\"og:url\" content=\"https:\/\/www.lymphoma.ca\/fr\/cheminement-du-patient\/soutien-aux-aidants\/principes-de-bases-des-soins-de-sante\/\" \/>\n<meta property=\"og:site_name\" content=\"Lymphoma Canada\" \/>\n<meta property=\"article:publisher\" content=\"https:\/\/www.facebook.com\/LymphomaCanada\" \/>\n<meta property=\"article:modified_time\" content=\"2020-02-26T18:49:47+00:00\" \/>\n<meta name=\"twitter:card\" content=\"summary_large_image\" \/>\n<meta name=\"twitter:site\" content=\"@lymphomacanada\" \/>\n<meta name=\"twitter:label1\" content=\"Dur\u00e9e de lecture estim\u00e9e\" \/>\n\t<meta name=\"twitter:data1\" content=\"3 minutes\" \/>\n<script type=\"application\/ld+json\" class=\"yoast-schema-graph\">{\"@context\":\"https:\/\/schema.org\",\"@graph\":[{\"@type\":\"WebPage\",\"@id\":\"https:\/\/www.lymphoma.ca\/fr\/cheminement-du-patient\/soutien-aux-aidants\/principes-de-bases-des-soins-de-sante\/\",\"url\":\"https:\/\/www.lymphoma.ca\/fr\/cheminement-du-patient\/soutien-aux-aidants\/principes-de-bases-des-soins-de-sante\/\",\"name\":\"Principes de bases des soins de sant\u00e9 - Lymphoma Canada\",\"isPartOf\":{\"@id\":\"https:\/\/www.lymphoma.ca\/fr\/#website\"},\"datePublished\":\"2010-05-12T04:00:00+00:00\",\"dateModified\":\"2020-02-26T18:49:47+00:00\",\"breadcrumb\":{\"@id\":\"https:\/\/www.lymphoma.ca\/fr\/cheminement-du-patient\/soutien-aux-aidants\/principes-de-bases-des-soins-de-sante\/#breadcrumb\"},\"inLanguage\":\"fr-FR\",\"potentialAction\":[{\"@type\":\"ReadAction\",\"target\":[\"https:\/\/www.lymphoma.ca\/fr\/cheminement-du-patient\/soutien-aux-aidants\/principes-de-bases-des-soins-de-sante\/\"]}]},{\"@type\":\"BreadcrumbList\",\"@id\":\"https:\/\/www.lymphoma.ca\/fr\/cheminement-du-patient\/soutien-aux-aidants\/principes-de-bases-des-soins-de-sante\/#breadcrumb\",\"itemListElement\":[{\"@type\":\"ListItem\",\"position\":1,\"name\":\"Home\",\"item\":\"https:\/\/www.lymphoma.ca\/fr\/\"},{\"@type\":\"ListItem\",\"position\":2,\"name\":\"Cheminement du patient\",\"item\":\"https:\/\/www.lymphoma.ca\/fr\/cheminement-du-patient\/\"},{\"@type\":\"ListItem\",\"position\":3,\"name\":\"Soutien aux aidants\",\"item\":\"https:\/\/www.lymphoma.ca\/fr\/cheminement-du-patient\/soutien-aux-aidants\/\"},{\"@type\":\"ListItem\",\"position\":4,\"name\":\"Principes de bases des soins de sant\u00e9\"}]},{\"@type\":\"WebSite\",\"@id\":\"https:\/\/www.lymphoma.ca\/fr\/#website\",\"url\":\"https:\/\/www.lymphoma.ca\/fr\/\",\"name\":\"Lymphoma Canada\",\"description\":\"Information. Help. Hope.\",\"publisher\":{\"@id\":\"https:\/\/www.lymphoma.ca\/fr\/#organization\"},\"potentialAction\":[{\"@type\":\"SearchAction\",\"target\":{\"@type\":\"EntryPoint\",\"urlTemplate\":\"https:\/\/www.lymphoma.ca\/fr\/?s={search_term_string}\"},\"query-input\":{\"@type\":\"PropertyValueSpecification\",\"valueRequired\":true,\"valueName\":\"search_term_string\"}}],\"inLanguage\":\"fr-FR\"},{\"@type\":\"Organization\",\"@id\":\"https:\/\/www.lymphoma.ca\/fr\/#organization\",\"name\":\"Lymphoma Canada\",\"url\":\"https:\/\/www.lymphoma.ca\/fr\/\",\"logo\":{\"@type\":\"ImageObject\",\"inLanguage\":\"fr-FR\",\"@id\":\"https:\/\/www.lymphoma.ca\/fr\/#\/schema\/logo\/image\/\",\"url\":\"https:\/\/www.lymphoma.ca\/wp-content\/uploads\/2023\/05\/logo-lymphoma.jpg\",\"contentUrl\":\"https:\/\/www.lymphoma.ca\/wp-content\/uploads\/2023\/05\/logo-lymphoma.jpg\",\"width\":343,\"height\":343,\"caption\":\"Lymphoma Canada\"},\"image\":{\"@id\":\"https:\/\/www.lymphoma.ca\/fr\/#\/schema\/logo\/image\/\"},\"sameAs\":[\"https:\/\/www.facebook.com\/LymphomaCanada\",\"https:\/\/x.com\/lymphomacanada\",\"https:\/\/www.linkedin.com\/company\/lymphoma-canada\/\",\"http:\/\/instagram.com\/lymphomacanada\",\"http:\/\/www.youtube.com\/user\/LymphomaTV\"]}]}<\/script>\n<!-- \/ Yoast SEO plugin. -->","yoast_head_json":{"title":"Principes de bases des soins de sant\u00e9 - Lymphoma Canada","robots":{"index":"index","follow":"follow","max-snippet":"max-snippet:-1","max-image-preview":"max-image-preview:large","max-video-preview":"max-video-preview:-1"},"canonical":"https:\/\/www.lymphoma.ca\/fr\/cheminement-du-patient\/soutien-aux-aidants\/principes-de-bases-des-soins-de-sante\/","og_locale":"fr_FR","og_type":"article","og_title":"Principes de bases des soins de sant\u00e9 - Lymphoma Canada","og_description":"Vous trouverez ci-apr\u00e8s quelques suggestions de base pour vous aider dans votre parcours d\u2019aidant. Si la personne dont vous vous occupez est un adulte, vous devez vous rappeler qu\u2019elle a...","og_url":"https:\/\/www.lymphoma.ca\/fr\/cheminement-du-patient\/soutien-aux-aidants\/principes-de-bases-des-soins-de-sante\/","og_site_name":"Lymphoma Canada","article_publisher":"https:\/\/www.facebook.com\/LymphomaCanada","article_modified_time":"2020-02-26T18:49:47+00:00","twitter_card":"summary_large_image","twitter_site":"@lymphomacanada","twitter_misc":{"Dur\u00e9e de lecture estim\u00e9e":"3 minutes"},"schema":{"@context":"https:\/\/schema.org","@graph":[{"@type":"WebPage","@id":"https:\/\/www.lymphoma.ca\/fr\/cheminement-du-patient\/soutien-aux-aidants\/principes-de-bases-des-soins-de-sante\/","url":"https:\/\/www.lymphoma.ca\/fr\/cheminement-du-patient\/soutien-aux-aidants\/principes-de-bases-des-soins-de-sante\/","name":"Principes de bases des soins de sant\u00e9 - Lymphoma Canada","isPartOf":{"@id":"https:\/\/www.lymphoma.ca\/fr\/#website"},"datePublished":"2010-05-12T04:00:00+00:00","dateModified":"2020-02-26T18:49:47+00:00","breadcrumb":{"@id":"https:\/\/www.lymphoma.ca\/fr\/cheminement-du-patient\/soutien-aux-aidants\/principes-de-bases-des-soins-de-sante\/#breadcrumb"},"inLanguage":"fr-FR","potentialAction":[{"@type":"ReadAction","target":["https:\/\/www.lymphoma.ca\/fr\/cheminement-du-patient\/soutien-aux-aidants\/principes-de-bases-des-soins-de-sante\/"]}]},{"@type":"BreadcrumbList","@id":"https:\/\/www.lymphoma.ca\/fr\/cheminement-du-patient\/soutien-aux-aidants\/principes-de-bases-des-soins-de-sante\/#breadcrumb","itemListElement":[{"@type":"ListItem","position":1,"name":"Home","item":"https:\/\/www.lymphoma.ca\/fr\/"},{"@type":"ListItem","position":2,"name":"Cheminement du patient","item":"https:\/\/www.lymphoma.ca\/fr\/cheminement-du-patient\/"},{"@type":"ListItem","position":3,"name":"Soutien aux aidants","item":"https:\/\/www.lymphoma.ca\/fr\/cheminement-du-patient\/soutien-aux-aidants\/"},{"@type":"ListItem","position":4,"name":"Principes de bases des soins de sant\u00e9"}]},{"@type":"WebSite","@id":"https:\/\/www.lymphoma.ca\/fr\/#website","url":"https:\/\/www.lymphoma.ca\/fr\/","name":"Lymphoma Canada","description":"Information. Help. Hope.","publisher":{"@id":"https:\/\/www.lymphoma.ca\/fr\/#organization"},"potentialAction":[{"@type":"SearchAction","target":{"@type":"EntryPoint","urlTemplate":"https:\/\/www.lymphoma.ca\/fr\/?s={search_term_string}"},"query-input":{"@type":"PropertyValueSpecification","valueRequired":true,"valueName":"search_term_string"}}],"inLanguage":"fr-FR"},{"@type":"Organization","@id":"https:\/\/www.lymphoma.ca\/fr\/#organization","name":"Lymphoma Canada","url":"https:\/\/www.lymphoma.ca\/fr\/","logo":{"@type":"ImageObject","inLanguage":"fr-FR","@id":"https:\/\/www.lymphoma.ca\/fr\/#\/schema\/logo\/image\/","url":"https:\/\/www.lymphoma.ca\/wp-content\/uploads\/2023\/05\/logo-lymphoma.jpg","contentUrl":"https:\/\/www.lymphoma.ca\/wp-content\/uploads\/2023\/05\/logo-lymphoma.jpg","width":343,"height":343,"caption":"Lymphoma Canada"},"image":{"@id":"https:\/\/www.lymphoma.ca\/fr\/#\/schema\/logo\/image\/"},"sameAs":["https:\/\/www.facebook.com\/LymphomaCanada","https:\/\/x.com\/lymphomacanada","https:\/\/www.linkedin.com\/company\/lymphoma-canada\/","http:\/\/instagram.com\/lymphomacanada","http:\/\/www.youtube.com\/user\/LymphomaTV"]}]}},"_links":{"self":[{"href":"https:\/\/www.lymphoma.ca\/fr\/wp-json\/wp\/v2\/pages\/446","targetHints":{"allow":["GET"]}}],"collection":[{"href":"https:\/\/www.lymphoma.ca\/fr\/wp-json\/wp\/v2\/pages"}],"about":[{"href":"https:\/\/www.lymphoma.ca\/fr\/wp-json\/wp\/v2\/types\/page"}],"author":[{"embeddable":true,"href":"https:\/\/www.lymphoma.ca\/fr\/wp-json\/wp\/v2\/users\/6"}],"replies":[{"embeddable":true,"href":"https:\/\/www.lymphoma.ca\/fr\/wp-json\/wp\/v2\/comments?post=446"}],"version-history":[{"count":1,"href":"https:\/\/www.lymphoma.ca\/fr\/wp-json\/wp\/v2\/pages\/446\/revisions"}],"predecessor-version":[{"id":5231,"href":"https:\/\/www.lymphoma.ca\/fr\/wp-json\/wp\/v2\/pages\/446\/revisions\/5231"}],"up":[{"embeddable":true,"href":"https:\/\/www.lymphoma.ca\/fr\/wp-json\/wp\/v2\/pages\/367"}],"wp:attachment":[{"href":"https:\/\/www.lymphoma.ca\/fr\/wp-json\/wp\/v2\/media?parent=446"}],"wp:term":[{"taxonomy":"category","embeddable":true,"href":"https:\/\/www.lymphoma.ca\/fr\/wp-json\/wp\/v2\/categories?post=446"},{"taxonomy":"post_tag","embeddable":true,"href":"https:\/\/www.lymphoma.ca\/fr\/wp-json\/wp\/v2\/tags?post=446"}],"curies":[{"name":"wp","href":"https:\/\/api.w.org\/{rel}","templated":true}]}}