{"id":449,"date":"2010-05-14T04:00:00","date_gmt":"2010-05-14T04:00:00","guid":{"rendered":"https:\/\/www.lymphoma.ca\/?page_id=449"},"modified":"2020-02-26T18:55:21","modified_gmt":"2020-02-26T18:55:21","slug":"aidants-de-personnes-atteintes-dun-cancer-avance","status":"publish","type":"page","link":"https:\/\/www.lymphoma.ca\/fr\/cheminement-du-patient\/soutien-aux-aidants\/aidants-de-personnes-atteintes-dun-cancer-avance\/","title":{"rendered":"Aidants de personnes atteintes d\u2019un cancer avanc\u00e9"},"content":{"rendered":"<p>Il existe plusieurs fa\u00e7ons de prendre soin d\u2019une personne atteinte d\u2019un cancer \u00e0 un stade avanc\u00e9. La plus simple consiste \u00e0 tout simplement profiter de sa compagnie, lui tenir la main, regarder la t\u00e9l\u00e9vision avec elle, \u00e9couter de la musique, jouer aux cartes ou lui faire la lecture. Cependant, prendre soin de quelqu\u2019un peut inclure tant d\u2019autres choses.<\/p>\n<h2>L\u2019importance du toucher<\/h2>\n<p>Parfois, lorsque vous ne parvenez pas \u00e0 trouver les bons mots, le fait de serrer la main de la personne ou de la prendre dans vos bras peut \u00eatre tout aussi r\u00e9confortant. Le toucher est une mani\u00e8re puissante de communiquer. Il permet des sentiments de solitude et d\u2019isolement et c\u2019est une mani\u00e8re de montrer \u00e0 la personne \u00e0 quel point elle compte pour vous.<\/p>\n<h2>Prodiguer des soins physiques<\/h2>\n<p>Il est possible que vous deviez prodiguer les soins auparavant donn\u00e9s par les infirmi\u00e8res et tout autre professionnel de la sant\u00e9. Voici le genre de soins que vous serez peut-\u00eatre amen\u00e9 \u00e0 apprendre&nbsp;:<\/p>\n<ul>\n<li><strong>donner le bain&nbsp;:<\/strong> aider la personne \u00e0 entrer et \u00e0 sortir de la douche ou du bain, faire sa toilette \u00e0 l\u2019\u00e9ponge dans le lit.<\/li>\n<li><strong>soulever et d\u00e9placer&nbsp;:<\/strong> aider la personne \u00e0 s\u2019installer dans le lit ou sur une chaise ou \u00e0 se lever, d\u00e9placer les coussins et aider la personne \u00e0 se retourner dans le lit.<\/li>\n<li><strong>\u00e9limination et propret\u00e9&nbsp;:<\/strong> aider la personne \u00e0 aller aux toilettes et l\u2019aider \u00e0 se relever, l\u2019aider \u00e0 utiliser le bassin hygi\u00e9nique, les serviettes pour incontinent et les cath\u00e9ters.<\/li>\n<li><strong>soins buccaux&nbsp;:<\/strong> aider la personne \u00e0 se brosser les dents, lui humidifier les l\u00e8vres, lui rincer la bouche.<\/li>\n<li><strong>soins des cheveux, de la peau et des ongles&nbsp;:<\/strong> laver et s\u00e9cher les cheveux de la personne, lui hydrater la peau, lui couper les ongles d\u2019orteils et des doigts.<\/li>\n<li><strong>donner les m\u00e9dicaments&nbsp;:<\/strong> noter l\u2019heure de la prise des m\u00e9dicaments ainsi que des doses et du lieu o\u00f9 ils sont rang\u00e9s. Les m\u00e9dicaments peuvent \u00eatre sous forme de cachets, de sirops, d\u2019onguents, d\u2019a\u00e9rosols, de suppositoires ou d\u2019injections.<\/li>\n<\/ul>\n<p>Il est important d\u2019obtenir de l\u2019aide et de vous faire former si vous en avez besoin. Dans les h\u00f4pitaux, des brochures, des guides ainsi que d\u2019autres renseignements peuvent \u00eatre mis \u00e0 votre disposition pour que vous puissiez les emporter \u00e0 la maison.<\/p>\n<p>Si cela est n\u00e9cessaire, une infirmi\u00e8re \u00e0 domicile, un physioth\u00e9rapeute ou un ergoth\u00e9rapeute peuvent vous montrer comment effectuer certaines t\u00e2ches importantes. Ils peuvent \u00e9galement vous apporter du soutien par t\u00e9l\u00e9phone. Si les soins \u00e0 prodiguer deviennent trop lourds pour vous, pensez \u00e0 faire appel \u00e0 des aides \u00e0 domicile, des infirmi\u00e8res ou des personnes dispensant des services de soins personnels. En fonction de votre situation et du lieu o\u00f9 vous habitez, ces services seront peut-\u00eatre payants.<\/p>\n","protected":false},"excerpt":{"rendered":"<p>Il existe plusieurs fa\u00e7ons de prendre soin d\u2019une personne atteinte d\u2019un cancer \u00e0 un stade avanc\u00e9. La plus simple consiste \u00e0 tout simplement profiter de sa compagnie, lui tenir la&#8230;<\/p>\n","protected":false},"author":6,"featured_media":0,"parent":367,"menu_order":0,"comment_status":"closed","ping_status":"closed","template":"page-sidebar.php","meta":{"_acf_changed":false,"footnotes":""},"categories":[],"tags":[],"class_list":["post-449","page","type-page","status-publish"],"acf":[],"yoast_head":"<!-- This site is optimized with the Yoast SEO plugin v26.7 - https:\/\/yoast.com\/wordpress\/plugins\/seo\/ -->\n<title>Aidants de personnes atteintes d\u2019un cancer avanc\u00e9 - Lymphoma Canada<\/title>\n<meta name=\"robots\" content=\"index, follow, max-snippet:-1, max-image-preview:large, max-video-preview:-1\" \/>\n<link rel=\"canonical\" href=\"https:\/\/www.lymphoma.ca\/fr\/cheminement-du-patient\/soutien-aux-aidants\/aidants-de-personnes-atteintes-dun-cancer-avance\/\" \/>\n<meta property=\"og:locale\" content=\"fr_FR\" \/>\n<meta property=\"og:type\" content=\"article\" \/>\n<meta property=\"og:title\" content=\"Aidants de personnes atteintes d\u2019un cancer avanc\u00e9 - Lymphoma Canada\" \/>\n<meta property=\"og:description\" content=\"Il existe plusieurs fa\u00e7ons de prendre soin d\u2019une personne atteinte d\u2019un cancer \u00e0 un stade avanc\u00e9. La plus simple consiste \u00e0 tout simplement profiter de sa compagnie, lui tenir la...\" \/>\n<meta property=\"og:url\" content=\"https:\/\/www.lymphoma.ca\/fr\/cheminement-du-patient\/soutien-aux-aidants\/aidants-de-personnes-atteintes-dun-cancer-avance\/\" \/>\n<meta property=\"og:site_name\" content=\"Lymphoma Canada\" \/>\n<meta property=\"article:publisher\" content=\"https:\/\/www.facebook.com\/LymphomaCanada\" \/>\n<meta property=\"article:modified_time\" content=\"2020-02-26T18:55:21+00:00\" \/>\n<meta name=\"twitter:card\" content=\"summary_large_image\" \/>\n<meta name=\"twitter:site\" content=\"@lymphomacanada\" \/>\n<meta name=\"twitter:label1\" content=\"Dur\u00e9e de lecture estim\u00e9e\" \/>\n\t<meta name=\"twitter:data1\" content=\"2 minutes\" \/>\n<script type=\"application\/ld+json\" class=\"yoast-schema-graph\">{\"@context\":\"https:\/\/schema.org\",\"@graph\":[{\"@type\":\"WebPage\",\"@id\":\"https:\/\/www.lymphoma.ca\/fr\/cheminement-du-patient\/soutien-aux-aidants\/aidants-de-personnes-atteintes-dun-cancer-avance\/\",\"url\":\"https:\/\/www.lymphoma.ca\/fr\/cheminement-du-patient\/soutien-aux-aidants\/aidants-de-personnes-atteintes-dun-cancer-avance\/\",\"name\":\"Aidants de personnes atteintes d\u2019un cancer avanc\u00e9 - Lymphoma Canada\",\"isPartOf\":{\"@id\":\"https:\/\/www.lymphoma.ca\/fr\/#website\"},\"datePublished\":\"2010-05-14T04:00:00+00:00\",\"dateModified\":\"2020-02-26T18:55:21+00:00\",\"breadcrumb\":{\"@id\":\"https:\/\/www.lymphoma.ca\/fr\/cheminement-du-patient\/soutien-aux-aidants\/aidants-de-personnes-atteintes-dun-cancer-avance\/#breadcrumb\"},\"inLanguage\":\"fr-FR\",\"potentialAction\":[{\"@type\":\"ReadAction\",\"target\":[\"https:\/\/www.lymphoma.ca\/fr\/cheminement-du-patient\/soutien-aux-aidants\/aidants-de-personnes-atteintes-dun-cancer-avance\/\"]}]},{\"@type\":\"BreadcrumbList\",\"@id\":\"https:\/\/www.lymphoma.ca\/fr\/cheminement-du-patient\/soutien-aux-aidants\/aidants-de-personnes-atteintes-dun-cancer-avance\/#breadcrumb\",\"itemListElement\":[{\"@type\":\"ListItem\",\"position\":1,\"name\":\"Home\",\"item\":\"https:\/\/www.lymphoma.ca\/fr\/\"},{\"@type\":\"ListItem\",\"position\":2,\"name\":\"Cheminement du patient\",\"item\":\"https:\/\/www.lymphoma.ca\/fr\/cheminement-du-patient\/\"},{\"@type\":\"ListItem\",\"position\":3,\"name\":\"Soutien aux aidants\",\"item\":\"https:\/\/www.lymphoma.ca\/fr\/cheminement-du-patient\/soutien-aux-aidants\/\"},{\"@type\":\"ListItem\",\"position\":4,\"name\":\"Aidants de personnes atteintes d\u2019un cancer avanc\u00e9\"}]},{\"@type\":\"WebSite\",\"@id\":\"https:\/\/www.lymphoma.ca\/fr\/#website\",\"url\":\"https:\/\/www.lymphoma.ca\/fr\/\",\"name\":\"Lymphoma Canada\",\"description\":\"Information. Help. Hope.\",\"publisher\":{\"@id\":\"https:\/\/www.lymphoma.ca\/fr\/#organization\"},\"potentialAction\":[{\"@type\":\"SearchAction\",\"target\":{\"@type\":\"EntryPoint\",\"urlTemplate\":\"https:\/\/www.lymphoma.ca\/fr\/?s={search_term_string}\"},\"query-input\":{\"@type\":\"PropertyValueSpecification\",\"valueRequired\":true,\"valueName\":\"search_term_string\"}}],\"inLanguage\":\"fr-FR\"},{\"@type\":\"Organization\",\"@id\":\"https:\/\/www.lymphoma.ca\/fr\/#organization\",\"name\":\"Lymphoma Canada\",\"url\":\"https:\/\/www.lymphoma.ca\/fr\/\",\"logo\":{\"@type\":\"ImageObject\",\"inLanguage\":\"fr-FR\",\"@id\":\"https:\/\/www.lymphoma.ca\/fr\/#\/schema\/logo\/image\/\",\"url\":\"https:\/\/www.lymphoma.ca\/wp-content\/uploads\/2023\/05\/logo-lymphoma.jpg\",\"contentUrl\":\"https:\/\/www.lymphoma.ca\/wp-content\/uploads\/2023\/05\/logo-lymphoma.jpg\",\"width\":343,\"height\":343,\"caption\":\"Lymphoma Canada\"},\"image\":{\"@id\":\"https:\/\/www.lymphoma.ca\/fr\/#\/schema\/logo\/image\/\"},\"sameAs\":[\"https:\/\/www.facebook.com\/LymphomaCanada\",\"https:\/\/x.com\/lymphomacanada\",\"https:\/\/www.linkedin.com\/company\/lymphoma-canada\/\",\"http:\/\/instagram.com\/lymphomacanada\",\"http:\/\/www.youtube.com\/user\/LymphomaTV\"]}]}<\/script>\n<!-- \/ Yoast SEO plugin. -->","yoast_head_json":{"title":"Aidants de personnes atteintes d\u2019un cancer avanc\u00e9 - Lymphoma Canada","robots":{"index":"index","follow":"follow","max-snippet":"max-snippet:-1","max-image-preview":"max-image-preview:large","max-video-preview":"max-video-preview:-1"},"canonical":"https:\/\/www.lymphoma.ca\/fr\/cheminement-du-patient\/soutien-aux-aidants\/aidants-de-personnes-atteintes-dun-cancer-avance\/","og_locale":"fr_FR","og_type":"article","og_title":"Aidants de personnes atteintes d\u2019un cancer avanc\u00e9 - Lymphoma Canada","og_description":"Il existe plusieurs fa\u00e7ons de prendre soin d\u2019une personne atteinte d\u2019un cancer \u00e0 un stade avanc\u00e9. La plus simple consiste \u00e0 tout simplement profiter de sa compagnie, lui tenir la...","og_url":"https:\/\/www.lymphoma.ca\/fr\/cheminement-du-patient\/soutien-aux-aidants\/aidants-de-personnes-atteintes-dun-cancer-avance\/","og_site_name":"Lymphoma Canada","article_publisher":"https:\/\/www.facebook.com\/LymphomaCanada","article_modified_time":"2020-02-26T18:55:21+00:00","twitter_card":"summary_large_image","twitter_site":"@lymphomacanada","twitter_misc":{"Dur\u00e9e de lecture estim\u00e9e":"2 minutes"},"schema":{"@context":"https:\/\/schema.org","@graph":[{"@type":"WebPage","@id":"https:\/\/www.lymphoma.ca\/fr\/cheminement-du-patient\/soutien-aux-aidants\/aidants-de-personnes-atteintes-dun-cancer-avance\/","url":"https:\/\/www.lymphoma.ca\/fr\/cheminement-du-patient\/soutien-aux-aidants\/aidants-de-personnes-atteintes-dun-cancer-avance\/","name":"Aidants de personnes atteintes d\u2019un cancer avanc\u00e9 - Lymphoma Canada","isPartOf":{"@id":"https:\/\/www.lymphoma.ca\/fr\/#website"},"datePublished":"2010-05-14T04:00:00+00:00","dateModified":"2020-02-26T18:55:21+00:00","breadcrumb":{"@id":"https:\/\/www.lymphoma.ca\/fr\/cheminement-du-patient\/soutien-aux-aidants\/aidants-de-personnes-atteintes-dun-cancer-avance\/#breadcrumb"},"inLanguage":"fr-FR","potentialAction":[{"@type":"ReadAction","target":["https:\/\/www.lymphoma.ca\/fr\/cheminement-du-patient\/soutien-aux-aidants\/aidants-de-personnes-atteintes-dun-cancer-avance\/"]}]},{"@type":"BreadcrumbList","@id":"https:\/\/www.lymphoma.ca\/fr\/cheminement-du-patient\/soutien-aux-aidants\/aidants-de-personnes-atteintes-dun-cancer-avance\/#breadcrumb","itemListElement":[{"@type":"ListItem","position":1,"name":"Home","item":"https:\/\/www.lymphoma.ca\/fr\/"},{"@type":"ListItem","position":2,"name":"Cheminement du patient","item":"https:\/\/www.lymphoma.ca\/fr\/cheminement-du-patient\/"},{"@type":"ListItem","position":3,"name":"Soutien aux aidants","item":"https:\/\/www.lymphoma.ca\/fr\/cheminement-du-patient\/soutien-aux-aidants\/"},{"@type":"ListItem","position":4,"name":"Aidants de personnes atteintes d\u2019un cancer avanc\u00e9"}]},{"@type":"WebSite","@id":"https:\/\/www.lymphoma.ca\/fr\/#website","url":"https:\/\/www.lymphoma.ca\/fr\/","name":"Lymphoma Canada","description":"Information. Help. Hope.","publisher":{"@id":"https:\/\/www.lymphoma.ca\/fr\/#organization"},"potentialAction":[{"@type":"SearchAction","target":{"@type":"EntryPoint","urlTemplate":"https:\/\/www.lymphoma.ca\/fr\/?s={search_term_string}"},"query-input":{"@type":"PropertyValueSpecification","valueRequired":true,"valueName":"search_term_string"}}],"inLanguage":"fr-FR"},{"@type":"Organization","@id":"https:\/\/www.lymphoma.ca\/fr\/#organization","name":"Lymphoma Canada","url":"https:\/\/www.lymphoma.ca\/fr\/","logo":{"@type":"ImageObject","inLanguage":"fr-FR","@id":"https:\/\/www.lymphoma.ca\/fr\/#\/schema\/logo\/image\/","url":"https:\/\/www.lymphoma.ca\/wp-content\/uploads\/2023\/05\/logo-lymphoma.jpg","contentUrl":"https:\/\/www.lymphoma.ca\/wp-content\/uploads\/2023\/05\/logo-lymphoma.jpg","width":343,"height":343,"caption":"Lymphoma Canada"},"image":{"@id":"https:\/\/www.lymphoma.ca\/fr\/#\/schema\/logo\/image\/"},"sameAs":["https:\/\/www.facebook.com\/LymphomaCanada","https:\/\/x.com\/lymphomacanada","https:\/\/www.linkedin.com\/company\/lymphoma-canada\/","http:\/\/instagram.com\/lymphomacanada","http:\/\/www.youtube.com\/user\/LymphomaTV"]}]}},"_links":{"self":[{"href":"https:\/\/www.lymphoma.ca\/fr\/wp-json\/wp\/v2\/pages\/449","targetHints":{"allow":["GET"]}}],"collection":[{"href":"https:\/\/www.lymphoma.ca\/fr\/wp-json\/wp\/v2\/pages"}],"about":[{"href":"https:\/\/www.lymphoma.ca\/fr\/wp-json\/wp\/v2\/types\/page"}],"author":[{"embeddable":true,"href":"https:\/\/www.lymphoma.ca\/fr\/wp-json\/wp\/v2\/users\/6"}],"replies":[{"embeddable":true,"href":"https:\/\/www.lymphoma.ca\/fr\/wp-json\/wp\/v2\/comments?post=449"}],"version-history":[{"count":1,"href":"https:\/\/www.lymphoma.ca\/fr\/wp-json\/wp\/v2\/pages\/449\/revisions"}],"predecessor-version":[{"id":3294,"href":"https:\/\/www.lymphoma.ca\/fr\/wp-json\/wp\/v2\/pages\/449\/revisions\/3294"}],"up":[{"embeddable":true,"href":"https:\/\/www.lymphoma.ca\/fr\/wp-json\/wp\/v2\/pages\/367"}],"wp:attachment":[{"href":"https:\/\/www.lymphoma.ca\/fr\/wp-json\/wp\/v2\/media?parent=449"}],"wp:term":[{"taxonomy":"category","embeddable":true,"href":"https:\/\/www.lymphoma.ca\/fr\/wp-json\/wp\/v2\/categories?post=449"},{"taxonomy":"post_tag","embeddable":true,"href":"https:\/\/www.lymphoma.ca\/fr\/wp-json\/wp\/v2\/tags?post=449"}],"curies":[{"name":"wp","href":"https:\/\/api.w.org\/{rel}","templated":true}]}}