{"id":451,"date":"2010-05-14T04:00:00","date_gmt":"2010-05-14T04:00:00","guid":{"rendered":"https:\/\/www.lymphoma.ca\/?page_id=451"},"modified":"2020-02-26T18:41:49","modified_gmt":"2020-02-26T18:41:49","slug":"perte-et-deuil","status":"publish","type":"page","link":"https:\/\/www.lymphoma.ca\/fr\/cheminement-du-patient\/apercu-du-soutien\/perte-et-deuil\/","title":{"rendered":"Perte et deuil"},"content":{"rendered":"<p>Vous pouvez conna\u00eetre une perte chaque fois que quelque chose d\u2019important change concernant votre sant\u00e9, vos amiti\u00e9s ou votre aptitude \u00e0 travailler. Certaines pertes sont plus difficiles que d\u2019autres. Constater ces pertes, ou en faire leur deuil, peut faire partie de l\u2019exp\u00e9rience du cancer.<\/p>\n<p>Faire un deuil est plus \u00e9prouvant que de ressentir une simple tristesse. C\u2019est un processus naturel et pr\u00e9vu qui dure longtemps et qui peut comprendre une large gamme de r\u00e9actions, de pens\u00e9es et de sentiments. Chaque personne vit un deuil \u00e0 sa mani\u00e8re. Le deuil est unique \u00e0 chaque individu en ce qui a trait \u00e0 la dur\u00e9e, l\u2019intensit\u00e9 et la signification. M\u00eame deux personnes ayant les m\u00eames diagnostics et les m\u00eames traitements peuvent r\u00e9agir diff\u00e9remment \u00e0 ce qui se produit.<\/p>\n<p>La fa\u00e7on dont les personnes font leur deuil, le moment o\u00f9 elles le font et ce qui les peine, tout cela d\u00e9pend de nombreux facteurs. Il peut s\u2019agir de votre \u00e2ge ou de votre stade o\u00f9 vous en \u00eates dans la vie, de vos pr\u00e9c\u00e9dentes exp\u00e9riences de la perte et du deuil, et de l\u2019importance du soutien social dont vous disposez. De m\u00eame, le fait de savoir que des pertes pourront survenir peut \u00e9galement d\u00e9clencher des sentiments de deuil avant que la perte r\u00e9elle ne se produise.<\/p>\n<h2>Perte, deuil et lymphome<\/h2>\n<p>\u00catre diagnostiqu\u00e9 et trait\u00e9 pour un lymphome est traumatisant. Au d\u00e9but, vous avez tendance \u00e0 vous focaliser sur la r\u00e9solution des probl\u00e8mes, notamment la prise de rendez-vous le plus t\u00f4t possible, l\u2019annulation ou le report d\u2019autres engagements, le choix entre plusieurs options de traitement, et le traitement lui-m\u00eame. Lorsque le traitement continue ou se termine, vous pouvez vous rendre compte que vous avez des sentiments et des r\u00e9actions de deuil aux pertes que vous subissez.<\/p>\n<p>De nombreuses exp\u00e9riences de perte et de deuil se produisent pendant la p\u00e9riode du cancer, depuis le diagnostic jusqu\u2019au post-traitement, en passant par le traitement. La perte peut \u00eatre temporaire ou permanente, elle peut changer votre vie ou ne vous causer que de petits d\u00e9sagr\u00e9ments.<\/p>\n<p>Les exemples repris ci-dessous ont \u00e9t\u00e9 d\u00e9crits par des personnes atteintes d\u2019un lymphome&nbsp;:<\/p>\n<p><strong><em>Pertes physiques&nbsp;:<\/em><\/strong><\/p>\n<ul>\n<li>une partie de votre corps ou une fonction corporelle, y compris votre habilet\u00e9 \u00e0 r\u00e9fl\u00e9chir;<\/li>\n<li>des modifications sexuelles, comprenant l\u2019aptitude sexuelle et la fertilit\u00e9;<\/li>\n<li>l\u2019\u00e9nergie;<\/li>\n<li>une aptitude ou une comp\u00e9tence \u00e0 r\u00e9aliser certaines activit\u00e9s (p. ex., conduire);<\/li>\n<li>le confort physique d\u00fb au traitement ou aux sympt\u00f4mes.<\/li>\n<\/ul>\n<p><strong><em>Pertes \u00e9motionnelles\/spirituelles&nbsp;:<\/em><\/strong><\/p>\n<ul>\n<li>le sentiment de s\u00e9curit\u00e9 (dans votre sant\u00e9, dans votre avenir);<\/li>\n<li>le sentiment de contr\u00f4le ou d\u2019ind\u00e9pendance;<\/li>\n<li>l\u2019estime de soi ou un sentiment d\u2019identit\u00e9;<\/li>\n<li>la confiance en soi;<\/li>\n<li>des projets, des espoirs ou des r\u00eaves;<\/li>\n<li>la foi ou la spiritualit\u00e9;<\/li>\n<li>le sentiment que votre vie est s\u00fbre et pr\u00e9visible;<\/li>\n<li>les routines et le rythme, ou la vie \u00ab&nbsp;comme elle \u00e9tait avant&nbsp;\u00bb.<\/li>\n<\/ul>\n<p><strong><em>Pertes sociales\/relationnelles&nbsp;:<\/em><\/strong><\/p>\n<ul>\n<li>les relations avec les amis, les membres de la famille ou les coll\u00e8gues;<\/li>\n<li>les relations intimes;<\/li>\n<li>la perte de certains r\u00f4les (p. ex., vous ne pouvez plus subvenir aux besoins de votre famille, ou vous ne pouvez plus pr\u00e9parer les repas familiaux);<\/li>\n<li>la perte d\u2019autres personnes qui avaient le cancer et que vous avez connues pendant votre traitement.<\/li>\n<\/ul>\n<p><strong><em>Pertes financi\u00e8res&nbsp;:<\/em><\/strong><\/p>\n<ul>\n<li>l\u2019emploi ou les opportunit\u00e9s d\u2019emploi;<\/li>\n<li>la s\u00e9curit\u00e9 financi\u00e8re;<\/li>\n<li>l\u2019assurance;<\/li>\n<li>la capacit\u00e9 \u00e0 travailler.<\/li>\n<\/ul>\n<p>Le deuil peut persister des ann\u00e9es apr\u00e8s la fin du traitement. Exemples&nbsp;:<\/p>\n<ul>\n<li>des rappels sensoriels tels que le go\u00fbt ou l\u2019odorat;<\/li>\n<li>des rendez-vous m\u00e9dicaux routiniers;<\/li>\n<li>entendre parler d\u2019une personne qui avait un cancer et qui en est morte;<\/li>\n<li>des dates anniversaires (comme la date du diagnostic, la date de fin du traitement);<\/li>\n<li>des \u00e9v\u00e9nements importants en famille ou entre amis (dipl\u00f4mes, anniversaires, vacances);<\/li>\n<li>des pertes continues du fait des effets r\u00e9siduels ind\u00e9sirables du traitement.<\/li>\n<\/ul>\n<p>Un deuil non r\u00e9solu peut conduire \u00e0 la d\u00e9pression et vous emp\u00eacher d\u2019aller de l\u2019avant dans la vie. Si vous avez l\u2019impression que votre deuil interf\u00e8re avec votre qualit\u00e9 de vie ou que vos amis sont inquiets, pensez \u00e0 demander du soutien.<\/p>\n","protected":false},"excerpt":{"rendered":"<p>Vous pouvez conna\u00eetre une perte chaque fois que quelque chose d\u2019important change concernant votre sant\u00e9, vos amiti\u00e9s ou votre aptitude \u00e0 travailler. Certaines pertes sont plus difficiles que d\u2019autres. Constater&#8230;<\/p>\n","protected":false},"author":6,"featured_media":0,"parent":388,"menu_order":3,"comment_status":"closed","ping_status":"closed","template":"page-sidebar.php","meta":{"_acf_changed":false,"footnotes":""},"categories":[],"tags":[],"class_list":["post-451","page","type-page","status-publish"],"acf":[],"yoast_head":"<!-- This site is optimized with the Yoast SEO plugin v26.7 - https:\/\/yoast.com\/wordpress\/plugins\/seo\/ -->\n<title>Perte et deuil - Lymphoma Canada<\/title>\n<meta name=\"robots\" content=\"index, follow, max-snippet:-1, max-image-preview:large, max-video-preview:-1\" \/>\n<link rel=\"canonical\" href=\"https:\/\/www.lymphoma.ca\/fr\/cheminement-du-patient\/apercu-du-soutien\/perte-et-deuil\/\" \/>\n<meta property=\"og:locale\" content=\"fr_FR\" \/>\n<meta property=\"og:type\" content=\"article\" \/>\n<meta property=\"og:title\" content=\"Perte et deuil - Lymphoma Canada\" \/>\n<meta property=\"og:description\" content=\"Vous pouvez conna\u00eetre une perte chaque fois que quelque chose d\u2019important change concernant votre sant\u00e9, vos amiti\u00e9s ou votre aptitude \u00e0 travailler. Certaines pertes sont plus difficiles que d\u2019autres. Constater...\" \/>\n<meta property=\"og:url\" content=\"https:\/\/www.lymphoma.ca\/fr\/cheminement-du-patient\/apercu-du-soutien\/perte-et-deuil\/\" \/>\n<meta property=\"og:site_name\" content=\"Lymphoma Canada\" \/>\n<meta property=\"article:publisher\" content=\"https:\/\/www.facebook.com\/LymphomaCanada\" \/>\n<meta property=\"article:modified_time\" content=\"2020-02-26T18:41:49+00:00\" \/>\n<meta name=\"twitter:card\" content=\"summary_large_image\" \/>\n<meta name=\"twitter:site\" content=\"@lymphomacanada\" \/>\n<meta name=\"twitter:label1\" content=\"Dur\u00e9e de lecture estim\u00e9e\" \/>\n\t<meta name=\"twitter:data1\" content=\"4 minutes\" \/>\n<script type=\"application\/ld+json\" class=\"yoast-schema-graph\">{\"@context\":\"https:\/\/schema.org\",\"@graph\":[{\"@type\":\"WebPage\",\"@id\":\"https:\/\/www.lymphoma.ca\/fr\/cheminement-du-patient\/apercu-du-soutien\/perte-et-deuil\/\",\"url\":\"https:\/\/www.lymphoma.ca\/fr\/cheminement-du-patient\/apercu-du-soutien\/perte-et-deuil\/\",\"name\":\"Perte et deuil - Lymphoma Canada\",\"isPartOf\":{\"@id\":\"https:\/\/www.lymphoma.ca\/fr\/#website\"},\"datePublished\":\"2010-05-14T04:00:00+00:00\",\"dateModified\":\"2020-02-26T18:41:49+00:00\",\"breadcrumb\":{\"@id\":\"https:\/\/www.lymphoma.ca\/fr\/cheminement-du-patient\/apercu-du-soutien\/perte-et-deuil\/#breadcrumb\"},\"inLanguage\":\"fr-FR\",\"potentialAction\":[{\"@type\":\"ReadAction\",\"target\":[\"https:\/\/www.lymphoma.ca\/fr\/cheminement-du-patient\/apercu-du-soutien\/perte-et-deuil\/\"]}]},{\"@type\":\"BreadcrumbList\",\"@id\":\"https:\/\/www.lymphoma.ca\/fr\/cheminement-du-patient\/apercu-du-soutien\/perte-et-deuil\/#breadcrumb\",\"itemListElement\":[{\"@type\":\"ListItem\",\"position\":1,\"name\":\"Home\",\"item\":\"https:\/\/www.lymphoma.ca\/fr\/\"},{\"@type\":\"ListItem\",\"position\":2,\"name\":\"Cheminement du patient\",\"item\":\"https:\/\/www.lymphoma.ca\/fr\/cheminement-du-patient\/\"},{\"@type\":\"ListItem\",\"position\":3,\"name\":\"Aper\u00e7u du soutien\",\"item\":\"https:\/\/www.lymphoma.ca\/fr\/cheminement-du-patient\/apercu-du-soutien\/\"},{\"@type\":\"ListItem\",\"position\":4,\"name\":\"Perte et deuil\"}]},{\"@type\":\"WebSite\",\"@id\":\"https:\/\/www.lymphoma.ca\/fr\/#website\",\"url\":\"https:\/\/www.lymphoma.ca\/fr\/\",\"name\":\"Lymphoma Canada\",\"description\":\"Information. Help. Hope.\",\"publisher\":{\"@id\":\"https:\/\/www.lymphoma.ca\/fr\/#organization\"},\"potentialAction\":[{\"@type\":\"SearchAction\",\"target\":{\"@type\":\"EntryPoint\",\"urlTemplate\":\"https:\/\/www.lymphoma.ca\/fr\/?s={search_term_string}\"},\"query-input\":{\"@type\":\"PropertyValueSpecification\",\"valueRequired\":true,\"valueName\":\"search_term_string\"}}],\"inLanguage\":\"fr-FR\"},{\"@type\":\"Organization\",\"@id\":\"https:\/\/www.lymphoma.ca\/fr\/#organization\",\"name\":\"Lymphoma Canada\",\"url\":\"https:\/\/www.lymphoma.ca\/fr\/\",\"logo\":{\"@type\":\"ImageObject\",\"inLanguage\":\"fr-FR\",\"@id\":\"https:\/\/www.lymphoma.ca\/fr\/#\/schema\/logo\/image\/\",\"url\":\"https:\/\/www.lymphoma.ca\/wp-content\/uploads\/2023\/05\/logo-lymphoma.jpg\",\"contentUrl\":\"https:\/\/www.lymphoma.ca\/wp-content\/uploads\/2023\/05\/logo-lymphoma.jpg\",\"width\":343,\"height\":343,\"caption\":\"Lymphoma Canada\"},\"image\":{\"@id\":\"https:\/\/www.lymphoma.ca\/fr\/#\/schema\/logo\/image\/\"},\"sameAs\":[\"https:\/\/www.facebook.com\/LymphomaCanada\",\"https:\/\/x.com\/lymphomacanada\",\"https:\/\/www.linkedin.com\/company\/lymphoma-canada\/\",\"http:\/\/instagram.com\/lymphomacanada\",\"http:\/\/www.youtube.com\/user\/LymphomaTV\"]}]}<\/script>\n<!-- \/ Yoast SEO plugin. -->","yoast_head_json":{"title":"Perte et deuil - Lymphoma Canada","robots":{"index":"index","follow":"follow","max-snippet":"max-snippet:-1","max-image-preview":"max-image-preview:large","max-video-preview":"max-video-preview:-1"},"canonical":"https:\/\/www.lymphoma.ca\/fr\/cheminement-du-patient\/apercu-du-soutien\/perte-et-deuil\/","og_locale":"fr_FR","og_type":"article","og_title":"Perte et deuil - Lymphoma Canada","og_description":"Vous pouvez conna\u00eetre une perte chaque fois que quelque chose d\u2019important change concernant votre sant\u00e9, vos amiti\u00e9s ou votre aptitude \u00e0 travailler. Certaines pertes sont plus difficiles que d\u2019autres. Constater...","og_url":"https:\/\/www.lymphoma.ca\/fr\/cheminement-du-patient\/apercu-du-soutien\/perte-et-deuil\/","og_site_name":"Lymphoma Canada","article_publisher":"https:\/\/www.facebook.com\/LymphomaCanada","article_modified_time":"2020-02-26T18:41:49+00:00","twitter_card":"summary_large_image","twitter_site":"@lymphomacanada","twitter_misc":{"Dur\u00e9e de lecture estim\u00e9e":"4 minutes"},"schema":{"@context":"https:\/\/schema.org","@graph":[{"@type":"WebPage","@id":"https:\/\/www.lymphoma.ca\/fr\/cheminement-du-patient\/apercu-du-soutien\/perte-et-deuil\/","url":"https:\/\/www.lymphoma.ca\/fr\/cheminement-du-patient\/apercu-du-soutien\/perte-et-deuil\/","name":"Perte et deuil - Lymphoma Canada","isPartOf":{"@id":"https:\/\/www.lymphoma.ca\/fr\/#website"},"datePublished":"2010-05-14T04:00:00+00:00","dateModified":"2020-02-26T18:41:49+00:00","breadcrumb":{"@id":"https:\/\/www.lymphoma.ca\/fr\/cheminement-du-patient\/apercu-du-soutien\/perte-et-deuil\/#breadcrumb"},"inLanguage":"fr-FR","potentialAction":[{"@type":"ReadAction","target":["https:\/\/www.lymphoma.ca\/fr\/cheminement-du-patient\/apercu-du-soutien\/perte-et-deuil\/"]}]},{"@type":"BreadcrumbList","@id":"https:\/\/www.lymphoma.ca\/fr\/cheminement-du-patient\/apercu-du-soutien\/perte-et-deuil\/#breadcrumb","itemListElement":[{"@type":"ListItem","position":1,"name":"Home","item":"https:\/\/www.lymphoma.ca\/fr\/"},{"@type":"ListItem","position":2,"name":"Cheminement du patient","item":"https:\/\/www.lymphoma.ca\/fr\/cheminement-du-patient\/"},{"@type":"ListItem","position":3,"name":"Aper\u00e7u du soutien","item":"https:\/\/www.lymphoma.ca\/fr\/cheminement-du-patient\/apercu-du-soutien\/"},{"@type":"ListItem","position":4,"name":"Perte et deuil"}]},{"@type":"WebSite","@id":"https:\/\/www.lymphoma.ca\/fr\/#website","url":"https:\/\/www.lymphoma.ca\/fr\/","name":"Lymphoma Canada","description":"Information. Help. Hope.","publisher":{"@id":"https:\/\/www.lymphoma.ca\/fr\/#organization"},"potentialAction":[{"@type":"SearchAction","target":{"@type":"EntryPoint","urlTemplate":"https:\/\/www.lymphoma.ca\/fr\/?s={search_term_string}"},"query-input":{"@type":"PropertyValueSpecification","valueRequired":true,"valueName":"search_term_string"}}],"inLanguage":"fr-FR"},{"@type":"Organization","@id":"https:\/\/www.lymphoma.ca\/fr\/#organization","name":"Lymphoma Canada","url":"https:\/\/www.lymphoma.ca\/fr\/","logo":{"@type":"ImageObject","inLanguage":"fr-FR","@id":"https:\/\/www.lymphoma.ca\/fr\/#\/schema\/logo\/image\/","url":"https:\/\/www.lymphoma.ca\/wp-content\/uploads\/2023\/05\/logo-lymphoma.jpg","contentUrl":"https:\/\/www.lymphoma.ca\/wp-content\/uploads\/2023\/05\/logo-lymphoma.jpg","width":343,"height":343,"caption":"Lymphoma Canada"},"image":{"@id":"https:\/\/www.lymphoma.ca\/fr\/#\/schema\/logo\/image\/"},"sameAs":["https:\/\/www.facebook.com\/LymphomaCanada","https:\/\/x.com\/lymphomacanada","https:\/\/www.linkedin.com\/company\/lymphoma-canada\/","http:\/\/instagram.com\/lymphomacanada","http:\/\/www.youtube.com\/user\/LymphomaTV"]}]}},"_links":{"self":[{"href":"https:\/\/www.lymphoma.ca\/fr\/wp-json\/wp\/v2\/pages\/451","targetHints":{"allow":["GET"]}}],"collection":[{"href":"https:\/\/www.lymphoma.ca\/fr\/wp-json\/wp\/v2\/pages"}],"about":[{"href":"https:\/\/www.lymphoma.ca\/fr\/wp-json\/wp\/v2\/types\/page"}],"author":[{"embeddable":true,"href":"https:\/\/www.lymphoma.ca\/fr\/wp-json\/wp\/v2\/users\/6"}],"replies":[{"embeddable":true,"href":"https:\/\/www.lymphoma.ca\/fr\/wp-json\/wp\/v2\/comments?post=451"}],"version-history":[{"count":1,"href":"https:\/\/www.lymphoma.ca\/fr\/wp-json\/wp\/v2\/pages\/451\/revisions"}],"predecessor-version":[{"id":3272,"href":"https:\/\/www.lymphoma.ca\/fr\/wp-json\/wp\/v2\/pages\/451\/revisions\/3272"}],"up":[{"embeddable":true,"href":"https:\/\/www.lymphoma.ca\/fr\/wp-json\/wp\/v2\/pages\/388"}],"wp:attachment":[{"href":"https:\/\/www.lymphoma.ca\/fr\/wp-json\/wp\/v2\/media?parent=451"}],"wp:term":[{"taxonomy":"category","embeddable":true,"href":"https:\/\/www.lymphoma.ca\/fr\/wp-json\/wp\/v2\/categories?post=451"},{"taxonomy":"post_tag","embeddable":true,"href":"https:\/\/www.lymphoma.ca\/fr\/wp-json\/wp\/v2\/tags?post=451"}],"curies":[{"name":"wp","href":"https:\/\/api.w.org\/{rel}","templated":true}]}}