{"id":453,"date":"2010-05-14T04:00:00","date_gmt":"2010-05-14T04:00:00","guid":{"rendered":"https:\/\/www.lymphoma.ca\/?page_id=453"},"modified":"2020-02-26T18:38:25","modified_gmt":"2020-02-26T18:38:25","slug":"nutrition","status":"publish","type":"page","link":"https:\/\/www.lymphoma.ca\/fr\/cheminement-du-patient\/apercu-du-soutien\/nutrition\/","title":{"rendered":"Nutrition"},"content":{"rendered":"<h2>Pourquoi la nutrition est-elle importante?<\/h2>\n<p>La nutrition joue un r\u00f4le important pendant votre traitement contre le lymphome et votre r\u00e9tablissement. En mangeant correctement, vous\u00a0:<\/p>\n<ul>\n<li>pr\u00e9venez ou inversez la perte de poids;<\/li>\n<li>gardez un corps r\u00e9sistant pour pouvoir mieux g\u00e9rer les effets secondaires associ\u00e9s au traitement;<\/li>\n<li>combattez mieux l\u2019infection;<\/li>\n<li>obtenez de l\u2019\u00e9nergie pour acc\u00e9l\u00e9rer le r\u00e9tablissement.<\/li>\n<\/ul>\n<h2>Les traitements affecteront-ils mon alimentation?<\/h2>\n<p>Les traitements du lymphome peuvent parfois provoquer des effets secondaires pouvant affecter votre aptitude \u00e0 manger. Chaque personne \u00e9tant unique, les effets secondaires peuvent varier d\u2019une personne \u00e0 l\u2019autre. Presque tous les effets secondaires disparaissent quelques jours ou quelques semaines apr\u00e8s la fin du traitement.<\/p>\n<p><a href=\"https:\/\/www.lymphoma.ca\/fr\/cheminement-du-patient\/apercu-du-soutien\/nutrition\/alimentation-equilibree\/\" title=\"Alimentation \u00e9quilibr\u00e9e\">Si vous ne connaissez pas d\u2019effets secondaires pendant votre traitement, il est important que vous suiviez un r\u00e9gime bien \u00e9quilibr\u00e9.<\/a><\/p>\n<h2>Bien vous nourrir pendant votre lymphome<\/h2>\n<p>Les attitudes des personnes envers la nourriture pendant leur lymphome varient fortement. Certaines personnes continuent \u00e0 aimer manger et \u00e0 avoir bon app\u00e9tit. D\u2019autres trouvent qu\u2019ils sont incapables de bien manger alors que c\u2019est ce qu\u2019ils devraient faire. Les effets ind\u00e9sirables ou des \u00e9motions telles que la peur et l\u2019anxi\u00e9t\u00e9 peuvent entraver la facilit\u00e9 \u00e0 bien s\u2019alimenter. Pour vous aider \u00e0 bien manger pendant ces moments difficiles, vous devez\u00a0:<\/p>\n<ul>\n<li>essayer de pr\u00e9senter votre nourriture de fa\u00e7on attrayante sur l\u2019assiette pour la rendre plus app\u00e9tissante;<\/li>\n<li>faire en sorte que les repas soient des moments de d\u00e9tente et de plaisir. (Essayez la musique ou un \u00e9clairage tamis\u00e9.)<\/li>\n<li>Essayez des aliments diff\u00e9rents. Ceux qui n\u2019\u00e9taient pas bons auparavant peuvent maintenant vous plaire.<\/li>\n<li>Rappelez-vous que les difficult\u00e9s \u00e0 s\u2019alimenter ne sont que passag\u00e8res. Essayez d\u2019\u00eatre patient et n\u2019oubliez pas que vous retrouverez le plaisir de manger, peut-\u00eatre m\u00eame d\u00e8s demain.<\/li>\n<\/ul>\n<p>Essayez de choisir des aliments aussi \u00e9quilibr\u00e9s et vari\u00e9s que possible, de sorte que votre organisme obtienne tous les nutriments dont il a besoin. La perte de poids est courante chez les patients atteints d\u2019un lymphome, mais une prise de poids est \u00e9galement possible. De nombreuses personnes atteintes d\u2019un lymphome, particuli\u00e8rement celles qui perdent du poids ou dont les effets secondaires affectent leur capacit\u00e9 \u00e0 bien manger, doivent modifier leurs habitudes alimentaires, peut-\u00eatre en ajoutant des prot\u00e9ines et des calories \u00e0 leur alimentation.<\/p>\n<h2>Comment un di\u00e9t\u00e9ticien peut-il m\u2019aider?<\/h2>\n<p>Les di\u00e9t\u00e9ticiens aident les patients qui connaissent des difficult\u00e9s \u00e0 manger pendant leur traitement du lymphome, notamment\u00a0:<\/p>\n<ul>\n<li>faible app\u00e9tit entra\u00eenant une perte de poids<\/li>\n<li>naus\u00e9e<\/li>\n<li>difficult\u00e9s \u00e0 mastiquer et \u00e0 avaler<\/li>\n<li>diarrh\u00e9e<\/li>\n<li>constipation<\/li>\n<li>changement du go\u00fbt des aliments<\/li>\n<\/ul>\n<p>Le di\u00e9t\u00e9ticien peut vous rencontrer, avec votre famille\/aidant pour\u00a0:<\/p>\n<ul>\n<li>d\u00e9finir vos objectifs nutritionnels;<\/li>\n<li>apporter des suggestions pratiques pour r\u00e9pondre \u00e0 vos besoins nutritionnels;<\/li>\n<li>fournir un soin de suivi le cas \u00e9ch\u00e9ant pendant votre traitement.<\/li>\n<\/ul>\n<p>Certains centres anticanc\u00e9reux proposent des s\u00e9ances de conseil en nutrition en groupe \u00e0 l\u2019intention des personnes qui se posent des questions sur la nutrition relativement \u00e0 leur lymphome.<\/p>\n<h2>Liens utiles<\/h2>\n<ul>\n<li><a href=\"http:\/\/www.cancer.ca\/British%20Columbia-Yukon\/About%20cancer\/Coping%20with%20cancer\/Nutrition.aspx?sc_lang=en\" target=\"_blank\" rel=\"noopener noreferrer\" title=\"Bien manger pendant votre cancer-SCC\">Bien manger pendant votre cancer\u00a0: Soci\u00e9t\u00e9 canadienne du cancer &#8211; SCC<\/a><\/li>\n<li><a href=\"http:\/\/www.cancer.org\/docroot\/MBC\/MBC_6.asp\" target=\"_blank\" rel=\"noopener noreferrer\" title=\"Nutrition pour les personnes atteintes d\u2019un cancer-ACS\">Nutrition pour les personnes atteintes d\u2019un cancer\u00a0: American Cancer Society &#8211; ACS (soci\u00e9t\u00e9 am\u00e9ricaine du cancer)<\/a><\/li>\n<li><a href=\"http:\/\/www.cancer.gov\/cancertopics\/pdq\/supportivecare\/nutrition\/patient\/allpages\" target=\"_blank\" rel=\"noopener noreferrer\" title=\"Nutrition et soin anticanc\u00e9reux-NCI\">Nutrition et soin anticanc\u00e9reux\u00a0: National Cancer Institute &#8211; NCI (institut national du cancer, \u00c9-U)<\/a><\/li>\n<\/ul>\n","protected":false},"excerpt":{"rendered":"<p>Pourquoi la nutrition est-elle importante? La nutrition joue un r\u00f4le important pendant votre traitement contre le lymphome et votre r\u00e9tablissement. En mangeant correctement, vous\u00a0: pr\u00e9venez ou inversez la perte de&#8230;<\/p>\n","protected":false},"author":6,"featured_media":0,"parent":388,"menu_order":5,"comment_status":"closed","ping_status":"closed","template":"page-sidebar.php","meta":{"_acf_changed":false,"footnotes":""},"categories":[],"tags":[],"class_list":["post-453","page","type-page","status-publish"],"acf":[],"yoast_head":"<!-- This site is optimized with the Yoast SEO plugin v26.7 - https:\/\/yoast.com\/wordpress\/plugins\/seo\/ -->\n<title>Nutrition - Lymphoma Canada<\/title>\n<meta name=\"robots\" content=\"index, follow, max-snippet:-1, max-image-preview:large, max-video-preview:-1\" \/>\n<link rel=\"canonical\" href=\"https:\/\/www.lymphoma.ca\/fr\/cheminement-du-patient\/apercu-du-soutien\/nutrition\/\" \/>\n<meta property=\"og:locale\" content=\"fr_FR\" \/>\n<meta property=\"og:type\" content=\"article\" \/>\n<meta property=\"og:title\" content=\"Nutrition - Lymphoma Canada\" \/>\n<meta property=\"og:description\" content=\"Pourquoi la nutrition est-elle importante? La nutrition joue un r\u00f4le important pendant votre traitement contre le lymphome et votre r\u00e9tablissement. En mangeant correctement, vous\u00a0: pr\u00e9venez ou inversez la perte de...\" \/>\n<meta property=\"og:url\" content=\"https:\/\/www.lymphoma.ca\/fr\/cheminement-du-patient\/apercu-du-soutien\/nutrition\/\" \/>\n<meta property=\"og:site_name\" content=\"Lymphoma Canada\" \/>\n<meta property=\"article:publisher\" content=\"https:\/\/www.facebook.com\/LymphomaCanada\" \/>\n<meta property=\"article:modified_time\" content=\"2020-02-26T18:38:25+00:00\" \/>\n<meta name=\"twitter:card\" content=\"summary_large_image\" \/>\n<meta name=\"twitter:site\" content=\"@lymphomacanada\" \/>\n<meta name=\"twitter:label1\" content=\"Dur\u00e9e de lecture estim\u00e9e\" \/>\n\t<meta name=\"twitter:data1\" content=\"3 minutes\" \/>\n<script type=\"application\/ld+json\" class=\"yoast-schema-graph\">{\"@context\":\"https:\/\/schema.org\",\"@graph\":[{\"@type\":\"WebPage\",\"@id\":\"https:\/\/www.lymphoma.ca\/fr\/cheminement-du-patient\/apercu-du-soutien\/nutrition\/\",\"url\":\"https:\/\/www.lymphoma.ca\/fr\/cheminement-du-patient\/apercu-du-soutien\/nutrition\/\",\"name\":\"Nutrition - Lymphoma Canada\",\"isPartOf\":{\"@id\":\"https:\/\/www.lymphoma.ca\/fr\/#website\"},\"datePublished\":\"2010-05-14T04:00:00+00:00\",\"dateModified\":\"2020-02-26T18:38:25+00:00\",\"breadcrumb\":{\"@id\":\"https:\/\/www.lymphoma.ca\/fr\/cheminement-du-patient\/apercu-du-soutien\/nutrition\/#breadcrumb\"},\"inLanguage\":\"fr-FR\",\"potentialAction\":[{\"@type\":\"ReadAction\",\"target\":[\"https:\/\/www.lymphoma.ca\/fr\/cheminement-du-patient\/apercu-du-soutien\/nutrition\/\"]}]},{\"@type\":\"BreadcrumbList\",\"@id\":\"https:\/\/www.lymphoma.ca\/fr\/cheminement-du-patient\/apercu-du-soutien\/nutrition\/#breadcrumb\",\"itemListElement\":[{\"@type\":\"ListItem\",\"position\":1,\"name\":\"Home\",\"item\":\"https:\/\/www.lymphoma.ca\/fr\/\"},{\"@type\":\"ListItem\",\"position\":2,\"name\":\"Cheminement du patient\",\"item\":\"https:\/\/www.lymphoma.ca\/fr\/cheminement-du-patient\/\"},{\"@type\":\"ListItem\",\"position\":3,\"name\":\"Aper\u00e7u du soutien\",\"item\":\"https:\/\/www.lymphoma.ca\/fr\/cheminement-du-patient\/apercu-du-soutien\/\"},{\"@type\":\"ListItem\",\"position\":4,\"name\":\"Nutrition\"}]},{\"@type\":\"WebSite\",\"@id\":\"https:\/\/www.lymphoma.ca\/fr\/#website\",\"url\":\"https:\/\/www.lymphoma.ca\/fr\/\",\"name\":\"Lymphoma Canada\",\"description\":\"Information. Help. Hope.\",\"publisher\":{\"@id\":\"https:\/\/www.lymphoma.ca\/fr\/#organization\"},\"potentialAction\":[{\"@type\":\"SearchAction\",\"target\":{\"@type\":\"EntryPoint\",\"urlTemplate\":\"https:\/\/www.lymphoma.ca\/fr\/?s={search_term_string}\"},\"query-input\":{\"@type\":\"PropertyValueSpecification\",\"valueRequired\":true,\"valueName\":\"search_term_string\"}}],\"inLanguage\":\"fr-FR\"},{\"@type\":\"Organization\",\"@id\":\"https:\/\/www.lymphoma.ca\/fr\/#organization\",\"name\":\"Lymphoma Canada\",\"url\":\"https:\/\/www.lymphoma.ca\/fr\/\",\"logo\":{\"@type\":\"ImageObject\",\"inLanguage\":\"fr-FR\",\"@id\":\"https:\/\/www.lymphoma.ca\/fr\/#\/schema\/logo\/image\/\",\"url\":\"https:\/\/www.lymphoma.ca\/wp-content\/uploads\/2023\/05\/logo-lymphoma.jpg\",\"contentUrl\":\"https:\/\/www.lymphoma.ca\/wp-content\/uploads\/2023\/05\/logo-lymphoma.jpg\",\"width\":343,\"height\":343,\"caption\":\"Lymphoma Canada\"},\"image\":{\"@id\":\"https:\/\/www.lymphoma.ca\/fr\/#\/schema\/logo\/image\/\"},\"sameAs\":[\"https:\/\/www.facebook.com\/LymphomaCanada\",\"https:\/\/x.com\/lymphomacanada\",\"https:\/\/www.linkedin.com\/company\/lymphoma-canada\/\",\"http:\/\/instagram.com\/lymphomacanada\",\"http:\/\/www.youtube.com\/user\/LymphomaTV\"]}]}<\/script>\n<!-- \/ Yoast SEO plugin. -->","yoast_head_json":{"title":"Nutrition - Lymphoma Canada","robots":{"index":"index","follow":"follow","max-snippet":"max-snippet:-1","max-image-preview":"max-image-preview:large","max-video-preview":"max-video-preview:-1"},"canonical":"https:\/\/www.lymphoma.ca\/fr\/cheminement-du-patient\/apercu-du-soutien\/nutrition\/","og_locale":"fr_FR","og_type":"article","og_title":"Nutrition - Lymphoma Canada","og_description":"Pourquoi la nutrition est-elle importante? La nutrition joue un r\u00f4le important pendant votre traitement contre le lymphome et votre r\u00e9tablissement. En mangeant correctement, vous\u00a0: pr\u00e9venez ou inversez la perte de...","og_url":"https:\/\/www.lymphoma.ca\/fr\/cheminement-du-patient\/apercu-du-soutien\/nutrition\/","og_site_name":"Lymphoma Canada","article_publisher":"https:\/\/www.facebook.com\/LymphomaCanada","article_modified_time":"2020-02-26T18:38:25+00:00","twitter_card":"summary_large_image","twitter_site":"@lymphomacanada","twitter_misc":{"Dur\u00e9e de lecture estim\u00e9e":"3 minutes"},"schema":{"@context":"https:\/\/schema.org","@graph":[{"@type":"WebPage","@id":"https:\/\/www.lymphoma.ca\/fr\/cheminement-du-patient\/apercu-du-soutien\/nutrition\/","url":"https:\/\/www.lymphoma.ca\/fr\/cheminement-du-patient\/apercu-du-soutien\/nutrition\/","name":"Nutrition - Lymphoma Canada","isPartOf":{"@id":"https:\/\/www.lymphoma.ca\/fr\/#website"},"datePublished":"2010-05-14T04:00:00+00:00","dateModified":"2020-02-26T18:38:25+00:00","breadcrumb":{"@id":"https:\/\/www.lymphoma.ca\/fr\/cheminement-du-patient\/apercu-du-soutien\/nutrition\/#breadcrumb"},"inLanguage":"fr-FR","potentialAction":[{"@type":"ReadAction","target":["https:\/\/www.lymphoma.ca\/fr\/cheminement-du-patient\/apercu-du-soutien\/nutrition\/"]}]},{"@type":"BreadcrumbList","@id":"https:\/\/www.lymphoma.ca\/fr\/cheminement-du-patient\/apercu-du-soutien\/nutrition\/#breadcrumb","itemListElement":[{"@type":"ListItem","position":1,"name":"Home","item":"https:\/\/www.lymphoma.ca\/fr\/"},{"@type":"ListItem","position":2,"name":"Cheminement du patient","item":"https:\/\/www.lymphoma.ca\/fr\/cheminement-du-patient\/"},{"@type":"ListItem","position":3,"name":"Aper\u00e7u du soutien","item":"https:\/\/www.lymphoma.ca\/fr\/cheminement-du-patient\/apercu-du-soutien\/"},{"@type":"ListItem","position":4,"name":"Nutrition"}]},{"@type":"WebSite","@id":"https:\/\/www.lymphoma.ca\/fr\/#website","url":"https:\/\/www.lymphoma.ca\/fr\/","name":"Lymphoma Canada","description":"Information. Help. Hope.","publisher":{"@id":"https:\/\/www.lymphoma.ca\/fr\/#organization"},"potentialAction":[{"@type":"SearchAction","target":{"@type":"EntryPoint","urlTemplate":"https:\/\/www.lymphoma.ca\/fr\/?s={search_term_string}"},"query-input":{"@type":"PropertyValueSpecification","valueRequired":true,"valueName":"search_term_string"}}],"inLanguage":"fr-FR"},{"@type":"Organization","@id":"https:\/\/www.lymphoma.ca\/fr\/#organization","name":"Lymphoma Canada","url":"https:\/\/www.lymphoma.ca\/fr\/","logo":{"@type":"ImageObject","inLanguage":"fr-FR","@id":"https:\/\/www.lymphoma.ca\/fr\/#\/schema\/logo\/image\/","url":"https:\/\/www.lymphoma.ca\/wp-content\/uploads\/2023\/05\/logo-lymphoma.jpg","contentUrl":"https:\/\/www.lymphoma.ca\/wp-content\/uploads\/2023\/05\/logo-lymphoma.jpg","width":343,"height":343,"caption":"Lymphoma Canada"},"image":{"@id":"https:\/\/www.lymphoma.ca\/fr\/#\/schema\/logo\/image\/"},"sameAs":["https:\/\/www.facebook.com\/LymphomaCanada","https:\/\/x.com\/lymphomacanada","https:\/\/www.linkedin.com\/company\/lymphoma-canada\/","http:\/\/instagram.com\/lymphomacanada","http:\/\/www.youtube.com\/user\/LymphomaTV"]}]}},"_links":{"self":[{"href":"https:\/\/www.lymphoma.ca\/fr\/wp-json\/wp\/v2\/pages\/453","targetHints":{"allow":["GET"]}}],"collection":[{"href":"https:\/\/www.lymphoma.ca\/fr\/wp-json\/wp\/v2\/pages"}],"about":[{"href":"https:\/\/www.lymphoma.ca\/fr\/wp-json\/wp\/v2\/types\/page"}],"author":[{"embeddable":true,"href":"https:\/\/www.lymphoma.ca\/fr\/wp-json\/wp\/v2\/users\/6"}],"replies":[{"embeddable":true,"href":"https:\/\/www.lymphoma.ca\/fr\/wp-json\/wp\/v2\/comments?post=453"}],"version-history":[{"count":5,"href":"https:\/\/www.lymphoma.ca\/fr\/wp-json\/wp\/v2\/pages\/453\/revisions"}],"predecessor-version":[{"id":5226,"href":"https:\/\/www.lymphoma.ca\/fr\/wp-json\/wp\/v2\/pages\/453\/revisions\/5226"}],"up":[{"embeddable":true,"href":"https:\/\/www.lymphoma.ca\/fr\/wp-json\/wp\/v2\/pages\/388"}],"wp:attachment":[{"href":"https:\/\/www.lymphoma.ca\/fr\/wp-json\/wp\/v2\/media?parent=453"}],"wp:term":[{"taxonomy":"category","embeddable":true,"href":"https:\/\/www.lymphoma.ca\/fr\/wp-json\/wp\/v2\/categories?post=453"},{"taxonomy":"post_tag","embeddable":true,"href":"https:\/\/www.lymphoma.ca\/fr\/wp-json\/wp\/v2\/tags?post=453"}],"curies":[{"name":"wp","href":"https:\/\/api.w.org\/{rel}","templated":true}]}}