{"id":455,"date":"2010-05-14T04:00:00","date_gmt":"2010-05-14T04:00:00","guid":{"rendered":"https:\/\/www.lymphoma.ca\/?page_id=455"},"modified":"2020-02-26T18:34:36","modified_gmt":"2020-02-26T18:34:36","slug":"alimentation-equilibree","status":"publish","type":"page","link":"https:\/\/www.lymphoma.ca\/fr\/cheminement-du-patient\/apercu-du-soutien\/nutrition\/alimentation-equilibree\/","title":{"rendered":"Alimentation \u00e9quilibr\u00e9e"},"content":{"rendered":"<p>Une alimentation qui vous maintient en bonne sant\u00e9 alors que vous combattez le cancer comprend des prot\u00e9ines, des glucides, des graisses, de l&rsquo;eau, des vitamines et des min\u00e9raux. Le r\u00f4le de ces nutriments est expos\u00e9 ci-dessous.<\/p>\n<h2>Prot\u00e9ines<\/h2>\n<p>Les prot\u00e9ines favorisent la croissance, la r\u00e9paration des tissus corporels et le maintien d&rsquo;un syst\u00e8me immunitaire sain. Une alimentation pauvre en prot\u00e9ines peut prolonger la p\u00e9riode de r\u00e9tablissement apr\u00e8s la maladie et diminuer la r\u00e9sistance \u00e0 l&rsquo;infection. La chirurgie, la chimioth\u00e9rapie et la radioth\u00e9rapie peuvent augmenter les besoins de votre organisme en prot\u00e9ines. De bonnes sources de prot\u00e9ines comprennent la viande maigre, le poisson, la volaille, les produits laitiers, les noix, les haricots secs, les pois et les lentilles.<\/p>\n<h2>Glucides et graisses<\/h2>\n<p>Ce sont les nutriments qui fournissent le carburant (calories) dont votre organisme a besoin. La quantit\u00e9 de calories pour chaque personne varie selon l&rsquo;\u00e2ge, la taille et l&rsquo;activit\u00e9 physique. Les sources de glucides comprennent les fruits, les l\u00e9gumes, le pain, les p\u00e2tes, les c\u00e9r\u00e9ales, les haricots secs, les pois et les lentilles. Les sources de graisses comprennent le beurre, la margarine, les huiles, les noix, les graines, et la graisse des viandes, des poissons et de la volaille.<\/p>\n<h2>Vitamines et min\u00e9raux<\/h2>\n<p>Les vitamines et les min\u00e9raux garantissent une bonne croissance et un bon d\u00e9veloppement. Ils permettent \u00e9galement \u00e0 l&rsquo;organisme d&rsquo;utiliser l&rsquo;\u00e9nergie (les calories) apport\u00e9e par les aliments. Une alimentation \u00e9quilibr\u00e9e comportant suffisamment de calories et de prot\u00e9ines apporte normalement suffisamment de vitamines et de min\u00e9raux. Parfois, vous aurez du mal \u00e0 respecter un r\u00e9gime alimentaire \u00e9quilibr\u00e9 pendant votre traitement anticanc\u00e9reux. Si cette situation persiste, le m\u00e9decin ou le di\u00e9t\u00e9ticien peut vous conseiller un suppl\u00e9ment quotidien de vitamines et min\u00e9raux.<\/p>\n<h2>Eau<\/h2>\n<p>L&rsquo;eau et les liquides sont essentiels pour la sant\u00e9, y compris pour la fonction immunitaire. Si vous n&rsquo;arrivez pas \u00e0 boire suffisamment de liquides en raison des effets secondaires du traitement tels que les vomissements ou les diarrh\u00e9es, vous risquez de vous d\u00e9shydrater. Votre \u00e9quipe de soins peut vous aider \u00e0 g\u00e9rer ces effets secondaires et vous donner des indications sur la quantit\u00e9 de liquides dont vous avez besoin chaque jour pour pr\u00e9venir la d\u00e9shydratation.<\/p>\n<p><\/p>\n","protected":false},"excerpt":{"rendered":"<p>Une alimentation qui vous maintient en bonne sant\u00e9 alors que vous combattez le cancer comprend des prot\u00e9ines, des glucides, des graisses, de l&rsquo;eau, des vitamines et des min\u00e9raux. Le r\u00f4le&#8230;<\/p>\n","protected":false},"author":6,"featured_media":0,"parent":453,"menu_order":0,"comment_status":"closed","ping_status":"closed","template":"page-sidebar.php","meta":{"_acf_changed":false,"footnotes":""},"categories":[],"tags":[],"class_list":["post-455","page","type-page","status-publish"],"acf":[],"yoast_head":"<!-- This site is optimized with the Yoast SEO plugin v26.7 - https:\/\/yoast.com\/wordpress\/plugins\/seo\/ -->\n<title>Alimentation \u00e9quilibr\u00e9e - Lymphoma Canada<\/title>\n<meta name=\"robots\" content=\"index, follow, max-snippet:-1, max-image-preview:large, max-video-preview:-1\" \/>\n<link rel=\"canonical\" href=\"https:\/\/www.lymphoma.ca\/fr\/cheminement-du-patient\/apercu-du-soutien\/nutrition\/alimentation-equilibree\/\" \/>\n<meta property=\"og:locale\" content=\"fr_FR\" \/>\n<meta property=\"og:type\" content=\"article\" \/>\n<meta property=\"og:title\" content=\"Alimentation \u00e9quilibr\u00e9e - Lymphoma Canada\" \/>\n<meta property=\"og:description\" content=\"Une alimentation qui vous maintient en bonne sant\u00e9 alors que vous combattez le cancer comprend des prot\u00e9ines, des glucides, des graisses, de l&rsquo;eau, des vitamines et des min\u00e9raux. Le r\u00f4le...\" \/>\n<meta property=\"og:url\" content=\"https:\/\/www.lymphoma.ca\/fr\/cheminement-du-patient\/apercu-du-soutien\/nutrition\/alimentation-equilibree\/\" \/>\n<meta property=\"og:site_name\" content=\"Lymphoma Canada\" \/>\n<meta property=\"article:publisher\" content=\"https:\/\/www.facebook.com\/LymphomaCanada\" \/>\n<meta property=\"article:modified_time\" content=\"2020-02-26T18:34:36+00:00\" \/>\n<meta name=\"twitter:card\" content=\"summary_large_image\" \/>\n<meta name=\"twitter:site\" content=\"@lymphomacanada\" \/>\n<meta name=\"twitter:label1\" content=\"Dur\u00e9e de lecture estim\u00e9e\" \/>\n\t<meta name=\"twitter:data1\" content=\"2 minutes\" \/>\n<script type=\"application\/ld+json\" class=\"yoast-schema-graph\">{\"@context\":\"https:\/\/schema.org\",\"@graph\":[{\"@type\":\"WebPage\",\"@id\":\"https:\/\/www.lymphoma.ca\/fr\/cheminement-du-patient\/apercu-du-soutien\/nutrition\/alimentation-equilibree\/\",\"url\":\"https:\/\/www.lymphoma.ca\/fr\/cheminement-du-patient\/apercu-du-soutien\/nutrition\/alimentation-equilibree\/\",\"name\":\"Alimentation \u00e9quilibr\u00e9e - Lymphoma Canada\",\"isPartOf\":{\"@id\":\"https:\/\/www.lymphoma.ca\/fr\/#website\"},\"datePublished\":\"2010-05-14T04:00:00+00:00\",\"dateModified\":\"2020-02-26T18:34:36+00:00\",\"breadcrumb\":{\"@id\":\"https:\/\/www.lymphoma.ca\/fr\/cheminement-du-patient\/apercu-du-soutien\/nutrition\/alimentation-equilibree\/#breadcrumb\"},\"inLanguage\":\"fr-FR\",\"potentialAction\":[{\"@type\":\"ReadAction\",\"target\":[\"https:\/\/www.lymphoma.ca\/fr\/cheminement-du-patient\/apercu-du-soutien\/nutrition\/alimentation-equilibree\/\"]}]},{\"@type\":\"BreadcrumbList\",\"@id\":\"https:\/\/www.lymphoma.ca\/fr\/cheminement-du-patient\/apercu-du-soutien\/nutrition\/alimentation-equilibree\/#breadcrumb\",\"itemListElement\":[{\"@type\":\"ListItem\",\"position\":1,\"name\":\"Home\",\"item\":\"https:\/\/www.lymphoma.ca\/fr\/\"},{\"@type\":\"ListItem\",\"position\":2,\"name\":\"Cheminement du patient\",\"item\":\"https:\/\/www.lymphoma.ca\/fr\/cheminement-du-patient\/\"},{\"@type\":\"ListItem\",\"position\":3,\"name\":\"Aper\u00e7u du soutien\",\"item\":\"https:\/\/www.lymphoma.ca\/fr\/cheminement-du-patient\/apercu-du-soutien\/\"},{\"@type\":\"ListItem\",\"position\":4,\"name\":\"Nutrition\",\"item\":\"https:\/\/www.lymphoma.ca\/fr\/cheminement-du-patient\/apercu-du-soutien\/nutrition\/\"},{\"@type\":\"ListItem\",\"position\":5,\"name\":\"Alimentation \u00e9quilibr\u00e9e\"}]},{\"@type\":\"WebSite\",\"@id\":\"https:\/\/www.lymphoma.ca\/fr\/#website\",\"url\":\"https:\/\/www.lymphoma.ca\/fr\/\",\"name\":\"Lymphoma Canada\",\"description\":\"Information. Help. Hope.\",\"publisher\":{\"@id\":\"https:\/\/www.lymphoma.ca\/fr\/#organization\"},\"potentialAction\":[{\"@type\":\"SearchAction\",\"target\":{\"@type\":\"EntryPoint\",\"urlTemplate\":\"https:\/\/www.lymphoma.ca\/fr\/?s={search_term_string}\"},\"query-input\":{\"@type\":\"PropertyValueSpecification\",\"valueRequired\":true,\"valueName\":\"search_term_string\"}}],\"inLanguage\":\"fr-FR\"},{\"@type\":\"Organization\",\"@id\":\"https:\/\/www.lymphoma.ca\/fr\/#organization\",\"name\":\"Lymphoma Canada\",\"url\":\"https:\/\/www.lymphoma.ca\/fr\/\",\"logo\":{\"@type\":\"ImageObject\",\"inLanguage\":\"fr-FR\",\"@id\":\"https:\/\/www.lymphoma.ca\/fr\/#\/schema\/logo\/image\/\",\"url\":\"https:\/\/www.lymphoma.ca\/wp-content\/uploads\/2023\/05\/logo-lymphoma.jpg\",\"contentUrl\":\"https:\/\/www.lymphoma.ca\/wp-content\/uploads\/2023\/05\/logo-lymphoma.jpg\",\"width\":343,\"height\":343,\"caption\":\"Lymphoma Canada\"},\"image\":{\"@id\":\"https:\/\/www.lymphoma.ca\/fr\/#\/schema\/logo\/image\/\"},\"sameAs\":[\"https:\/\/www.facebook.com\/LymphomaCanada\",\"https:\/\/x.com\/lymphomacanada\",\"https:\/\/www.linkedin.com\/company\/lymphoma-canada\/\",\"http:\/\/instagram.com\/lymphomacanada\",\"http:\/\/www.youtube.com\/user\/LymphomaTV\"]}]}<\/script>\n<!-- \/ Yoast SEO plugin. -->","yoast_head_json":{"title":"Alimentation \u00e9quilibr\u00e9e - Lymphoma Canada","robots":{"index":"index","follow":"follow","max-snippet":"max-snippet:-1","max-image-preview":"max-image-preview:large","max-video-preview":"max-video-preview:-1"},"canonical":"https:\/\/www.lymphoma.ca\/fr\/cheminement-du-patient\/apercu-du-soutien\/nutrition\/alimentation-equilibree\/","og_locale":"fr_FR","og_type":"article","og_title":"Alimentation \u00e9quilibr\u00e9e - Lymphoma Canada","og_description":"Une alimentation qui vous maintient en bonne sant\u00e9 alors que vous combattez le cancer comprend des prot\u00e9ines, des glucides, des graisses, de l&rsquo;eau, des vitamines et des min\u00e9raux. Le r\u00f4le...","og_url":"https:\/\/www.lymphoma.ca\/fr\/cheminement-du-patient\/apercu-du-soutien\/nutrition\/alimentation-equilibree\/","og_site_name":"Lymphoma Canada","article_publisher":"https:\/\/www.facebook.com\/LymphomaCanada","article_modified_time":"2020-02-26T18:34:36+00:00","twitter_card":"summary_large_image","twitter_site":"@lymphomacanada","twitter_misc":{"Dur\u00e9e de lecture estim\u00e9e":"2 minutes"},"schema":{"@context":"https:\/\/schema.org","@graph":[{"@type":"WebPage","@id":"https:\/\/www.lymphoma.ca\/fr\/cheminement-du-patient\/apercu-du-soutien\/nutrition\/alimentation-equilibree\/","url":"https:\/\/www.lymphoma.ca\/fr\/cheminement-du-patient\/apercu-du-soutien\/nutrition\/alimentation-equilibree\/","name":"Alimentation \u00e9quilibr\u00e9e - Lymphoma Canada","isPartOf":{"@id":"https:\/\/www.lymphoma.ca\/fr\/#website"},"datePublished":"2010-05-14T04:00:00+00:00","dateModified":"2020-02-26T18:34:36+00:00","breadcrumb":{"@id":"https:\/\/www.lymphoma.ca\/fr\/cheminement-du-patient\/apercu-du-soutien\/nutrition\/alimentation-equilibree\/#breadcrumb"},"inLanguage":"fr-FR","potentialAction":[{"@type":"ReadAction","target":["https:\/\/www.lymphoma.ca\/fr\/cheminement-du-patient\/apercu-du-soutien\/nutrition\/alimentation-equilibree\/"]}]},{"@type":"BreadcrumbList","@id":"https:\/\/www.lymphoma.ca\/fr\/cheminement-du-patient\/apercu-du-soutien\/nutrition\/alimentation-equilibree\/#breadcrumb","itemListElement":[{"@type":"ListItem","position":1,"name":"Home","item":"https:\/\/www.lymphoma.ca\/fr\/"},{"@type":"ListItem","position":2,"name":"Cheminement du patient","item":"https:\/\/www.lymphoma.ca\/fr\/cheminement-du-patient\/"},{"@type":"ListItem","position":3,"name":"Aper\u00e7u du soutien","item":"https:\/\/www.lymphoma.ca\/fr\/cheminement-du-patient\/apercu-du-soutien\/"},{"@type":"ListItem","position":4,"name":"Nutrition","item":"https:\/\/www.lymphoma.ca\/fr\/cheminement-du-patient\/apercu-du-soutien\/nutrition\/"},{"@type":"ListItem","position":5,"name":"Alimentation \u00e9quilibr\u00e9e"}]},{"@type":"WebSite","@id":"https:\/\/www.lymphoma.ca\/fr\/#website","url":"https:\/\/www.lymphoma.ca\/fr\/","name":"Lymphoma Canada","description":"Information. Help. Hope.","publisher":{"@id":"https:\/\/www.lymphoma.ca\/fr\/#organization"},"potentialAction":[{"@type":"SearchAction","target":{"@type":"EntryPoint","urlTemplate":"https:\/\/www.lymphoma.ca\/fr\/?s={search_term_string}"},"query-input":{"@type":"PropertyValueSpecification","valueRequired":true,"valueName":"search_term_string"}}],"inLanguage":"fr-FR"},{"@type":"Organization","@id":"https:\/\/www.lymphoma.ca\/fr\/#organization","name":"Lymphoma Canada","url":"https:\/\/www.lymphoma.ca\/fr\/","logo":{"@type":"ImageObject","inLanguage":"fr-FR","@id":"https:\/\/www.lymphoma.ca\/fr\/#\/schema\/logo\/image\/","url":"https:\/\/www.lymphoma.ca\/wp-content\/uploads\/2023\/05\/logo-lymphoma.jpg","contentUrl":"https:\/\/www.lymphoma.ca\/wp-content\/uploads\/2023\/05\/logo-lymphoma.jpg","width":343,"height":343,"caption":"Lymphoma Canada"},"image":{"@id":"https:\/\/www.lymphoma.ca\/fr\/#\/schema\/logo\/image\/"},"sameAs":["https:\/\/www.facebook.com\/LymphomaCanada","https:\/\/x.com\/lymphomacanada","https:\/\/www.linkedin.com\/company\/lymphoma-canada\/","http:\/\/instagram.com\/lymphomacanada","http:\/\/www.youtube.com\/user\/LymphomaTV"]}]}},"_links":{"self":[{"href":"https:\/\/www.lymphoma.ca\/fr\/wp-json\/wp\/v2\/pages\/455","targetHints":{"allow":["GET"]}}],"collection":[{"href":"https:\/\/www.lymphoma.ca\/fr\/wp-json\/wp\/v2\/pages"}],"about":[{"href":"https:\/\/www.lymphoma.ca\/fr\/wp-json\/wp\/v2\/types\/page"}],"author":[{"embeddable":true,"href":"https:\/\/www.lymphoma.ca\/fr\/wp-json\/wp\/v2\/users\/6"}],"replies":[{"embeddable":true,"href":"https:\/\/www.lymphoma.ca\/fr\/wp-json\/wp\/v2\/comments?post=455"}],"version-history":[{"count":1,"href":"https:\/\/www.lymphoma.ca\/fr\/wp-json\/wp\/v2\/pages\/455\/revisions"}],"predecessor-version":[{"id":5219,"href":"https:\/\/www.lymphoma.ca\/fr\/wp-json\/wp\/v2\/pages\/455\/revisions\/5219"}],"up":[{"embeddable":true,"href":"https:\/\/www.lymphoma.ca\/fr\/wp-json\/wp\/v2\/pages\/453"}],"wp:attachment":[{"href":"https:\/\/www.lymphoma.ca\/fr\/wp-json\/wp\/v2\/media?parent=455"}],"wp:term":[{"taxonomy":"category","embeddable":true,"href":"https:\/\/www.lymphoma.ca\/fr\/wp-json\/wp\/v2\/categories?post=455"},{"taxonomy":"post_tag","embeddable":true,"href":"https:\/\/www.lymphoma.ca\/fr\/wp-json\/wp\/v2\/tags?post=455"}],"curies":[{"name":"wp","href":"https:\/\/api.w.org\/{rel}","templated":true}]}}