{"id":457,"date":"2010-05-14T04:00:00","date_gmt":"2010-05-14T04:00:00","guid":{"rendered":"https:\/\/www.lymphoma.ca\/?page_id=457"},"modified":"2020-02-26T16:19:04","modified_gmt":"2020-02-26T16:19:04","slug":"parler-de-son-cancer","status":"publish","type":"page","link":"https:\/\/www.lymphoma.ca\/fr\/cheminement-du-patient\/apercu-du-soutien\/parler-de-son-cancer\/","title":{"rendered":"Parler de son cancer"},"content":{"rendered":"<p>L\u2019une des choses les plus difficiles \u00e0 faire, lorsque l\u2019on a eu un diagnostic de lymphome, consiste \u00e0 dire aux autres que vous avez un cancer. Le cancer peut affecter l\u2019esprit humain autant que le corps. Il peut mettre \u00e0 l\u2019\u00e9preuve vos valeurs, vos croyances et vos objectifs. Souvenez-vous que vous n\u2019\u00eates pas seul(e). Votre \u00e9quipe de soins vous aidera \u00e0 g\u00e9rer vos sentiments et vos \u00e9motions. Ce type de soutien repr\u00e9sente une part importante du traitement de votre lymphome.<\/p>\n<p>Il peut \u00eatre tr\u00e8s difficile de dire aux personnes que vous avez un lymphome (et de leur expliquer votre traitement). Vous devez d\u00e9cider \u00e0 qui vous voulez le dire, et ce que vous voulez leur dire.<\/p>\n<div id=\"section1\">\n<h2>Le dire aux membres de la famille et aux amis<\/h2>\n<p>Les quelques suggestions suivantes vous aideront \u00e0 parler de votre cancer avec votre famille et vos amis.<\/p>\n<ul>\n<li>Faites le premier pas en r\u00e9v\u00e9lant aux autres votre lymphome. Les personnes risquent de ne pas savoir quoi dire, ou de craindre de vous poser des questions de peur de vous bouleverser.<\/li>\n<li>Simplifiez les choses en ayant une conversation priv\u00e9e et calme, en fermant la porte, en \u00e9teignant la t\u00e9l\u00e9vision et en vous assurant que vous ne serez pas d\u00e9rang\u00e9s. Vous pouvez vous faire aider par quelqu\u2019un qui conna\u00eet d\u00e9j\u00e0 le diagnostic.<\/li>\n<li>Parlez de fa\u00e7on \u00e0 vous faire comprendre, en particulier avec les enfants.<\/li>\n<li>Donnez les renseignements progressivement et veillez \u00e0 ce que la personne comprenne.<\/li>\n<li>Ne vous inqui\u00e9tez pas des moments de silence. Tenir les mains de l\u2019autre personne ou \u00eatre silencieusement assis c\u00f4te \u00e0 c\u00f4te peut signifier plus que des mots.<\/li>\n<li>Soyez le plus honn\u00eate possible sur vos sentiments. Les autres risquent de ressentir les m\u00eames \u00e9motions que vous.<\/li>\n<li>Dites-leur \u00e0 quoi ils doivent s\u2019attendre pendant votre traitement, et ce que vous attendez de leur part.<\/li>\n<li>S\u2019ils veulent vous aider, dites-leur de quelle fa\u00e7on.<\/li>\n<li>Pr\u00e9parez-vous aux questions difficiles.<\/li>\n<li>Encouragez les membres de votre famille \u00e0 parler \u00e0 votre \u00e9quipe de soins de leurs questions ou pr\u00e9occupations.<\/li>\n<\/ul>\n<\/div>\n<div id=\"section2\">\n<h2> Le dire \u00e0 des enfants<\/h2>\n<p>Parler de votre cancer \u00e0 des enfants peut \u00eatre tr\u00e8s difficile, et bouleversant tant pour vous que pour l\u2019enfant. Toutefois, le fait que les enfants soient au courant de la situation et qu\u2019ils sachent ce qui se passe d\u00e8s le d\u00e9but peut constituer un tr\u00e8s grand soutien pour eux et les aider (comme pour vous) \u00e0 mieux faire face \u00e0 la maladie. Votre \u00e9quipe de soins peut vous adresser \u00e0 des sp\u00e9cialistes qui vous aideront \u00e0 expliquer \u00e0 vos enfants votre lymphome et vos traitements.<\/p>\n<p>Le lymphome et le cancer affectent les sentiments et les \u00e9motions de toute la famille, et un enfant a le droit de savoir tout ce qui affecte la famille. Les enfants sentent quand quelque chose ne va pas, car ils sont tr\u00e8s sensibles \u00e0 la tension et au stress. Si vous essayez de les prot\u00e9ger en ne disant rien, ils peuvent craindre que quelque chose de pire encore ne soit en train de se produire, ou ils peuvent se sentir trahis s\u2019ils apprennent la nouvelle de quelqu\u2019un d\u2019autre. Par ailleurs, ne pas parler du lymphome peut sugg\u00e9rer que c\u2019est un sujet trop terrible \u00e0 aborder, et peut amener les enfants \u00e0 avoir une peur exag\u00e9r\u00e9e du cancer ou de la maladie par la suite.<\/p>\n<p> Les enfants qui connaissent la situation peuvent vous apporter un certain confort. Vous n\u2019aurez pas \u00e0 surveiller sans cesse vos paroles, ni \u00e0 vous sentir cachottier(\u00e8re) ou \u00e0 l\u2019\u00e9cart au sein de votre propre famille. La transparence peut vous aider tous \u00e0 vous rapprocher. De m\u00eame, les enfants ont une capacit\u00e9 \u00e0 g\u00e9rer la v\u00e9rit\u00e9 que les adultes sous-estiment souvent. Ne pas savoir certaines choses peut les rendre anxieux. M\u00eame des v\u00e9rit\u00e9s tr\u00e8s tristes vaudront mieux que l\u2019incertitude de ne pas savoir ce qui se passe. Nous ne pouvons pas les emp\u00eacher de se sentir tristes, mais si nous partageons nos sentiments et que nous les informons sur ce qui se passe, nous pouvons les soutenir dans leur tristesse.<\/p>\n<p>Le fait de parler de cancer dans la famille peut \u00eatre l\u2019occasion pour les enfants d\u2019apprendre des choses sur le corps, le cancer, le traitement et la gu\u00e9rison. Ils peuvent apprendre combien les personnes sont fortes pendant les moments difficiles et comment g\u00e9rer les sentiments difficiles.<\/p>\n<p><strong><em>Qui doit le dire \u00e0 mes enfants?<\/em><\/strong><br \/> En tant que parent, si vous vous en sentez capable, il est toujours pr\u00e9f\u00e9rable que vous le disiez vous-m\u00eame aux enfants. C\u2019est tr\u00e8s difficile \u00e0 faire et il n\u2019existe pas de moyen facile de le dire. Il n\u2019y a pas de honte \u00e0 \u00eatre boulevers\u00e9(e) ou \u00e0 pleurer. En vous voyant pleurer, votre enfant voit qu\u2019il peut pleurer lui aussi, et pleurer ensemble peut vous r\u00e9conforter pendant que vous partagez vos sentiments. Vous saurez si vous pouvez leur apprendre la nouvelle. Si vous ne vous en sentez pas capable, votre partenaire ou un proche tel qu\u2019un grand-parent peut le faire. Une infirmi\u00e8re, votre m\u00e9decin ou un membre de l\u2019\u00e9quipe professionnelle s\u2019occupant de vous peut \u00e9galement participer \u00e0 cette annonce. Il est important que vous sachiez ce qui a \u00e9t\u00e9 dit \u00e0 votre enfant et il peut \u00eatre utile que vous soyez pr\u00e9sent au moment de la nouvelle.<\/p>\n<p><strong><em>Quand dois-je le dire \u00e0 mes enfants?<\/em><\/strong><br \/> Apr\u00e8s avoir re\u00e7u le diagnostic, expliquer ce qui ne va pas peut vous aider. Vous n\u2019\u00eates pas oblig\u00e9 de tout dire en une fois. Vous pouvez ne donner qu\u2019une partie des renseignements \u00e0 la fois. Avant le d\u00e9but du traitement et pendant celui-ci, vous pouvez expliquer ce qu\u2019est le traitement et comment il est donn\u00e9. Vous pouvez \u00e9galement parler des effets secondaires et de tout changement du traitement, dire si les choses seront diff\u00e9rentes \u00e0 la maison, ou comment vous vous sentez. Certains traitements peuvent vous fatiguer \u00e9norm\u00e9ment et vous rendre irritable. Expliquer cette r\u00e9alit\u00e9 \u00e0 vos enfants peut \u00eatre b\u00e9n\u00e9fique, ils sauront ainsi que le traitement peut affecter votre comportement et votre attitude envers eux. Essayez de garder les renseignements adapt\u00e9s \u00e0 la situation en cours. Il peut \u00eatre pr\u00e9f\u00e9rable d\u2019avertir les enfants que quelque chose va se passer, comme une scintigraphie ou un traitement, peu de temps avant, mais pas trop \u00e0 l\u2019avance non plus. \u00c0 la fin de votre traitement, expliquez \u00e0 vos enfants que vous leur parlerez de votre sant\u00e9 et de tout changement. Soyez dispos\u00e9 \u00e0 parler d\u00e8s que votre enfant pose des questions ou semble pr\u00e9occup\u00e9 par votre \u00e9tat.<\/p>\n<p><strong><em>Dans quelle mesure dois-je parler \u00e0 mes enfants?<\/em><\/strong><br \/> Les enfants doivent \u00eatre inform\u00e9s de fa\u00e7on qu\u2019ils puissent comprendre. Dites-leur ce qui s\u2019est pass\u00e9, comme quelques d\u00e9tails de base sur le cancer. Soyez honn\u00eate et laissez-leur savoir dans quelle mesure la situation affecte vos sentiments et vos \u00e9motions, et donnez des renseignements factuels sur le cancer et les traitements. N\u2019ayez pas peur d\u2019utiliser le mot cancer. Soyez clair(e) et direct(e) et ne cr\u00e9ez pas le sentiment que le cancer doit \u00eatre un secret en utilisant des termes tels que \u00ab&nbsp;le mauvais mal&nbsp;\u00bb. Rassurez les enfants en leur disant que ce n\u2019est pas contagieux. Expliquez ce qui va se passer par la suite, par exemple comment il va \u00eatre trait\u00e9. Laissez-les avec des sentiments d\u2019espoir selon lesquels m\u00eame si vous \u00eates boulevers\u00e9 actuellement, les choses vont s\u2019am\u00e9liorer. Rassurez-les en leur disant que vous les aimerez toujours et prendrez toujours soin d\u2019eux, mais expliquez de quelle fa\u00e7on leurs vies risquent de changer puisque le traitement peut perturber les habitudes. Dites-leur qui va s\u2019occuper d\u2019eux, le cas \u00e9ch\u00e9ant.<\/p>\n<p>Laissez-leur poser des questions et \u00e9coutez-les, vous pourrez ainsi savoir ce qu\u2019ils peuvent surmonter et r\u00e9pondre simplement \u00e0 leurs questions. Demandez-leur s\u2019ils sont inquiets \u00e0 propos de quelque chose en particulier et levez tout malentendu \u00e9ventuel.<\/p>\n<p>Et surtout, dites-leur combien vous les aimez et que ce n\u2019est pas leur faute si vous avez le cancer, car les enfants peuvent penser que le cancer est leur faute et qu\u2019ils ont fait quelque chose de mal.<\/p>\n<\/div>\n<div id=\"section3\">\n<h2>Le dire aux coll\u00e8gues et aux employ\u00e9s<\/h2>\n<p>Que vous soyez la personne atteinte du lymphome ou l\u2019aidant, le dire au travail est une d\u00e9cision tr\u00e8s personnelle. Au travail, il peut \u00eatre difficile de garder son cancer secret, surtout si vous vous absentez longtemps ou que votre apparence change. Votre d\u00e9cision d\u2019informer vos coll\u00e8gues d\u00e9pendra de plusieurs crit\u00e8res&nbsp;:<\/p>\n<ul>\n<li>votre relation avec eux et l\u2019importance de votre vie priv\u00e9e; votre \u00e9ventuelle confiance envers eux et si vous les consid\u00e9rez comme des amis;<\/li>\n<li>la culture d\u2019entreprise de votre soci\u00e9t\u00e9; la nature de l\u2019environnement; familiale ou strictement professionnelle;<\/li>\n<li>une exp\u00e9rience pr\u00e9c\u00e9dente avec la maladie au bureau; la fa\u00e7on dont les personnes ont r\u00e9agi lorsque quelqu\u2019un d\u2019autre du bureau a \u00e9t\u00e9 malade.<\/li>\n<\/ul>\n<p>Si le lymphome et le traitement ont une incidence sur votre aptitude \u00e0 faire votre travail, vous devrez s\u00fbrement informer votre patron et les personnes avec lesquelles vous collaborez \u00e9troitement. Ils devront savoir si vous devez vous absenter, si votre productivit\u00e9 en sera affect\u00e9e ou si vous devrez changer votre fa\u00e7on de travailler. Si vous \u00eates le patron, vous pouvez avoir \u00e0 expliquer la situation \u00e0 certains employ\u00e9s, si ce n\u2019est la totalit\u00e9 des employ\u00e9s, surtout si les activit\u00e9s quotidiennes de la soci\u00e9t\u00e9 s\u2019en trouveront affect\u00e9es.<\/p>\n<p>Si vous ne savez pas par o\u00f9 commencer ou que vous vous pr\u00e9occupez de la r\u00e9action de votre employeur, commencez par le service des ressources humaines relevant du directeur du personnel. Leur exp\u00e9rience peut vous appuyer et vous guider tout au long du processus de r\u00e9v\u00e9lation.<\/p>\n<p>C\u2019est peut-\u00eatre une bonne id\u00e9e d\u2019attendre de conna\u00eetre les d\u00e9tails de votre calendrier de traitement avant d\u2019informer vos coll\u00e8gues de travail. Vous serez alors en mesure de leur dire \u00e0 quel moment vous vous absenterez et pour combien de temps. Gardez bien \u00e0 l\u2019esprit que plus vous pr\u00e9viendrez les personnes \u00e0 l\u2019avance, plus vous pourrez vous organiser pour vous faire remplacer pendant votre absence, et pr\u00e9voir ainsi vos absences montre \u00e0 votre patron et \u00e0 vos coll\u00e8gues que vous \u00eates engag\u00e9s dans votre travail.<\/p>\n<p>N\u2019h\u00e9sitez pas \u00e0 demander le type de soutien dont vous avez besoin. Par exemple, vous pouvez ne pas vouloir parler du cancer pendant le travail. Vous pouvez toujours demander \u00e0 un coll\u00e8gue digne de confiance de laisser les autres savoir que vous pr\u00e9f\u00e9rez vous concentrer sur votre travail plut\u00f4t que sur le cancer.<\/p>\n<\/div>\n<div id=\"section4\">\n<h2>R\u00e9pondre aux r\u00e9actions<\/h2>\n<p>Les personnes r\u00e9agissent tr\u00e8s diff\u00e9remment aux mauvaises nouvelles. Certaines personnes sauront exactement quoi dire et faire, et il sera facile de leur parler. Elles sauront comment vous soutenir tout au long de votre maladie et de votre traitement.<\/p>\n<p>D\u2019autres peuvent avoir une r\u00e9action incompr\u00e9hensible. Certaines peuvent penser que le cancer est une peine de mort automatique. En apprenant les traitements actuels et les d\u00e9marches possibles, leurs craintes pourront s\u2019amoindrir et elles pourront retrouver espoir.<\/p>\n<p>Les personnes vous c\u00f4toyant peuvent penser qu\u2019elles vous prot\u00e8gent en ne parlant pas ouvertement et franchement du lymphome, m\u00eame lorsque vous voulez en parler. Parfois, les personnes peuvent mettre du temps \u00e0 accepter le cancer, ou elles peuvent vouloir \u00eatre trop press\u00e9es \u00e0 le comprendre et le g\u00e9rer. Il peut \u00eatre utile de leur parler directement et franchement de ce que vous ressentez et de ce dont vous avez besoin.<\/p>\n<p>Certaines personnes pourront s\u2019\u00e9loigner de vous et vous pourrez vous sentir bless\u00e9(e). Cet \u00e9loignement ne signifie pas qu\u2019elles ne se soucient pas de vous, mais plut\u00f4t qu\u2019elles ne se sentent pas capables de g\u00e9rer la situation. Elles peuvent avoir peur de vous voir malade ou souffrir. Elles peuvent se sentir menac\u00e9es par la maladie ou craindre de dire ce qu\u2019il ne faut pas, ou encore de ne pas pouvoir aider. Si vous vous en sentez capable, vous pouvez essayer d\u2019appeler un ami ou un proche qui se montre absent, ou de lui \u00e9crire un courriel. Vous pouvez leur apprendre ce qui se passe et leur dire que vous aimeriez les voir. Essayez de leur demander de vous rendre des services pratiques; ils se sentiront utiles et la prochaine fois qu\u2019ils auront la force d\u2019appeler ou de passer vous voir. Parfois, les personnes ont juste besoin de savoir comment elles peuvent aider. Dans certaines situations, vous aurez peut-\u00eatre \u00e0 accepter que certaines personnes puissent \u00eatre incapables de g\u00e9rer le cancer et, m\u00eame si c\u2019est bouleversant, souvenez-vous que vous n\u2019avez rien fait de mal. Elles restent \u00e0 l\u2019\u00e9cart simplement parce qu\u2019elles ne sont pas capables d\u2019accepter ni de g\u00e9rer votre situation difficile.<\/p>\n<\/div>\n<p>&nbsp;<\/p>\n","protected":false},"excerpt":{"rendered":"<p>L\u2019une des choses les plus difficiles \u00e0 faire, lorsque l\u2019on a eu un diagnostic de lymphome, consiste \u00e0 dire aux autres que vous avez un cancer. Le cancer peut affecter&#8230;<\/p>\n","protected":false},"author":6,"featured_media":0,"parent":388,"menu_order":7,"comment_status":"closed","ping_status":"closed","template":"page-sidebar.php","meta":{"_acf_changed":false,"footnotes":""},"categories":[],"tags":[],"class_list":["post-457","page","type-page","status-publish"],"acf":[],"yoast_head":"<!-- This site is optimized with the Yoast SEO plugin v26.7 - https:\/\/yoast.com\/wordpress\/plugins\/seo\/ -->\n<title>Parler de son cancer - Lymphoma Canada<\/title>\n<meta name=\"robots\" content=\"index, follow, max-snippet:-1, max-image-preview:large, max-video-preview:-1\" \/>\n<link rel=\"canonical\" href=\"https:\/\/www.lymphoma.ca\/patient-experience\/coping-with-cancer\/talking-about-your-cancer\/\" \/>\n<meta property=\"og:locale\" content=\"fr_FR\" \/>\n<meta property=\"og:type\" content=\"article\" \/>\n<meta property=\"og:title\" content=\"Parler de son cancer - Lymphoma Canada\" \/>\n<meta property=\"og:description\" content=\"L\u2019une des choses les plus difficiles \u00e0 faire, lorsque l\u2019on a eu un diagnostic de lymphome, consiste \u00e0 dire aux autres que vous avez un cancer. Le cancer peut affecter...\" \/>\n<meta property=\"og:url\" content=\"https:\/\/www.lymphoma.ca\/patient-experience\/coping-with-cancer\/talking-about-your-cancer\/\" \/>\n<meta property=\"og:site_name\" content=\"Lymphoma Canada\" \/>\n<meta property=\"article:publisher\" content=\"https:\/\/www.facebook.com\/LymphomaCanada\" \/>\n<meta property=\"article:modified_time\" content=\"2020-02-26T16:19:04+00:00\" \/>\n<meta name=\"twitter:card\" content=\"summary_large_image\" \/>\n<meta name=\"twitter:site\" content=\"@lymphomacanada\" \/>\n<meta name=\"twitter:label1\" content=\"Dur\u00e9e de lecture estim\u00e9e\" \/>\n\t<meta name=\"twitter:data1\" content=\"11 minutes\" \/>\n<script type=\"application\/ld+json\" class=\"yoast-schema-graph\">{\"@context\":\"https:\/\/schema.org\",\"@graph\":[{\"@type\":\"WebPage\",\"@id\":\"https:\/\/www.lymphoma.ca\/patient-experience\/coping-with-cancer\/talking-about-your-cancer\/\",\"url\":\"https:\/\/www.lymphoma.ca\/patient-experience\/coping-with-cancer\/talking-about-your-cancer\/\",\"name\":\"Parler de son cancer - Lymphoma Canada\",\"isPartOf\":{\"@id\":\"https:\/\/www.lymphoma.ca\/fr\/#website\"},\"datePublished\":\"2010-05-14T04:00:00+00:00\",\"dateModified\":\"2020-02-26T16:19:04+00:00\",\"breadcrumb\":{\"@id\":\"https:\/\/www.lymphoma.ca\/patient-experience\/coping-with-cancer\/talking-about-your-cancer\/#breadcrumb\"},\"inLanguage\":\"fr-FR\",\"potentialAction\":[{\"@type\":\"ReadAction\",\"target\":[\"https:\/\/www.lymphoma.ca\/patient-experience\/coping-with-cancer\/talking-about-your-cancer\/\"]}]},{\"@type\":\"BreadcrumbList\",\"@id\":\"https:\/\/www.lymphoma.ca\/patient-experience\/coping-with-cancer\/talking-about-your-cancer\/#breadcrumb\",\"itemListElement\":[{\"@type\":\"ListItem\",\"position\":1,\"name\":\"Home\",\"item\":\"https:\/\/www.lymphoma.ca\/fr\/\"},{\"@type\":\"ListItem\",\"position\":2,\"name\":\"Cheminement du patient\",\"item\":\"https:\/\/www.lymphoma.ca\/fr\/cheminement-du-patient\/\"},{\"@type\":\"ListItem\",\"position\":3,\"name\":\"Aper\u00e7u du soutien\",\"item\":\"https:\/\/www.lymphoma.ca\/fr\/cheminement-du-patient\/apercu-du-soutien\/\"},{\"@type\":\"ListItem\",\"position\":4,\"name\":\"Parler de son cancer\"}]},{\"@type\":\"WebSite\",\"@id\":\"https:\/\/www.lymphoma.ca\/fr\/#website\",\"url\":\"https:\/\/www.lymphoma.ca\/fr\/\",\"name\":\"Lymphoma Canada\",\"description\":\"Information. Help. Hope.\",\"publisher\":{\"@id\":\"https:\/\/www.lymphoma.ca\/fr\/#organization\"},\"potentialAction\":[{\"@type\":\"SearchAction\",\"target\":{\"@type\":\"EntryPoint\",\"urlTemplate\":\"https:\/\/www.lymphoma.ca\/fr\/?s={search_term_string}\"},\"query-input\":{\"@type\":\"PropertyValueSpecification\",\"valueRequired\":true,\"valueName\":\"search_term_string\"}}],\"inLanguage\":\"fr-FR\"},{\"@type\":\"Organization\",\"@id\":\"https:\/\/www.lymphoma.ca\/fr\/#organization\",\"name\":\"Lymphoma Canada\",\"url\":\"https:\/\/www.lymphoma.ca\/fr\/\",\"logo\":{\"@type\":\"ImageObject\",\"inLanguage\":\"fr-FR\",\"@id\":\"https:\/\/www.lymphoma.ca\/fr\/#\/schema\/logo\/image\/\",\"url\":\"https:\/\/www.lymphoma.ca\/wp-content\/uploads\/2023\/05\/logo-lymphoma.jpg\",\"contentUrl\":\"https:\/\/www.lymphoma.ca\/wp-content\/uploads\/2023\/05\/logo-lymphoma.jpg\",\"width\":343,\"height\":343,\"caption\":\"Lymphoma Canada\"},\"image\":{\"@id\":\"https:\/\/www.lymphoma.ca\/fr\/#\/schema\/logo\/image\/\"},\"sameAs\":[\"https:\/\/www.facebook.com\/LymphomaCanada\",\"https:\/\/x.com\/lymphomacanada\",\"https:\/\/www.linkedin.com\/company\/lymphoma-canada\/\",\"http:\/\/instagram.com\/lymphomacanada\",\"http:\/\/www.youtube.com\/user\/LymphomaTV\"]}]}<\/script>\n<!-- \/ Yoast SEO plugin. -->","yoast_head_json":{"title":"Parler de son cancer - Lymphoma Canada","robots":{"index":"index","follow":"follow","max-snippet":"max-snippet:-1","max-image-preview":"max-image-preview:large","max-video-preview":"max-video-preview:-1"},"canonical":"https:\/\/www.lymphoma.ca\/patient-experience\/coping-with-cancer\/talking-about-your-cancer\/","og_locale":"fr_FR","og_type":"article","og_title":"Parler de son cancer - Lymphoma Canada","og_description":"L\u2019une des choses les plus difficiles \u00e0 faire, lorsque l\u2019on a eu un diagnostic de lymphome, consiste \u00e0 dire aux autres que vous avez un cancer. Le cancer peut affecter...","og_url":"https:\/\/www.lymphoma.ca\/patient-experience\/coping-with-cancer\/talking-about-your-cancer\/","og_site_name":"Lymphoma Canada","article_publisher":"https:\/\/www.facebook.com\/LymphomaCanada","article_modified_time":"2020-02-26T16:19:04+00:00","twitter_card":"summary_large_image","twitter_site":"@lymphomacanada","twitter_misc":{"Dur\u00e9e de lecture estim\u00e9e":"11 minutes"},"schema":{"@context":"https:\/\/schema.org","@graph":[{"@type":"WebPage","@id":"https:\/\/www.lymphoma.ca\/patient-experience\/coping-with-cancer\/talking-about-your-cancer\/","url":"https:\/\/www.lymphoma.ca\/patient-experience\/coping-with-cancer\/talking-about-your-cancer\/","name":"Parler de son cancer - Lymphoma Canada","isPartOf":{"@id":"https:\/\/www.lymphoma.ca\/fr\/#website"},"datePublished":"2010-05-14T04:00:00+00:00","dateModified":"2020-02-26T16:19:04+00:00","breadcrumb":{"@id":"https:\/\/www.lymphoma.ca\/patient-experience\/coping-with-cancer\/talking-about-your-cancer\/#breadcrumb"},"inLanguage":"fr-FR","potentialAction":[{"@type":"ReadAction","target":["https:\/\/www.lymphoma.ca\/patient-experience\/coping-with-cancer\/talking-about-your-cancer\/"]}]},{"@type":"BreadcrumbList","@id":"https:\/\/www.lymphoma.ca\/patient-experience\/coping-with-cancer\/talking-about-your-cancer\/#breadcrumb","itemListElement":[{"@type":"ListItem","position":1,"name":"Home","item":"https:\/\/www.lymphoma.ca\/fr\/"},{"@type":"ListItem","position":2,"name":"Cheminement du patient","item":"https:\/\/www.lymphoma.ca\/fr\/cheminement-du-patient\/"},{"@type":"ListItem","position":3,"name":"Aper\u00e7u du soutien","item":"https:\/\/www.lymphoma.ca\/fr\/cheminement-du-patient\/apercu-du-soutien\/"},{"@type":"ListItem","position":4,"name":"Parler de son cancer"}]},{"@type":"WebSite","@id":"https:\/\/www.lymphoma.ca\/fr\/#website","url":"https:\/\/www.lymphoma.ca\/fr\/","name":"Lymphoma Canada","description":"Information. Help. Hope.","publisher":{"@id":"https:\/\/www.lymphoma.ca\/fr\/#organization"},"potentialAction":[{"@type":"SearchAction","target":{"@type":"EntryPoint","urlTemplate":"https:\/\/www.lymphoma.ca\/fr\/?s={search_term_string}"},"query-input":{"@type":"PropertyValueSpecification","valueRequired":true,"valueName":"search_term_string"}}],"inLanguage":"fr-FR"},{"@type":"Organization","@id":"https:\/\/www.lymphoma.ca\/fr\/#organization","name":"Lymphoma Canada","url":"https:\/\/www.lymphoma.ca\/fr\/","logo":{"@type":"ImageObject","inLanguage":"fr-FR","@id":"https:\/\/www.lymphoma.ca\/fr\/#\/schema\/logo\/image\/","url":"https:\/\/www.lymphoma.ca\/wp-content\/uploads\/2023\/05\/logo-lymphoma.jpg","contentUrl":"https:\/\/www.lymphoma.ca\/wp-content\/uploads\/2023\/05\/logo-lymphoma.jpg","width":343,"height":343,"caption":"Lymphoma Canada"},"image":{"@id":"https:\/\/www.lymphoma.ca\/fr\/#\/schema\/logo\/image\/"},"sameAs":["https:\/\/www.facebook.com\/LymphomaCanada","https:\/\/x.com\/lymphomacanada","https:\/\/www.linkedin.com\/company\/lymphoma-canada\/","http:\/\/instagram.com\/lymphomacanada","http:\/\/www.youtube.com\/user\/LymphomaTV"]}]}},"_links":{"self":[{"href":"https:\/\/www.lymphoma.ca\/fr\/wp-json\/wp\/v2\/pages\/457","targetHints":{"allow":["GET"]}}],"collection":[{"href":"https:\/\/www.lymphoma.ca\/fr\/wp-json\/wp\/v2\/pages"}],"about":[{"href":"https:\/\/www.lymphoma.ca\/fr\/wp-json\/wp\/v2\/types\/page"}],"author":[{"embeddable":true,"href":"https:\/\/www.lymphoma.ca\/fr\/wp-json\/wp\/v2\/users\/6"}],"replies":[{"embeddable":true,"href":"https:\/\/www.lymphoma.ca\/fr\/wp-json\/wp\/v2\/comments?post=457"}],"version-history":[{"count":1,"href":"https:\/\/www.lymphoma.ca\/fr\/wp-json\/wp\/v2\/pages\/457\/revisions"}],"predecessor-version":[{"id":3258,"href":"https:\/\/www.lymphoma.ca\/fr\/wp-json\/wp\/v2\/pages\/457\/revisions\/3258"}],"up":[{"embeddable":true,"href":"https:\/\/www.lymphoma.ca\/fr\/wp-json\/wp\/v2\/pages\/388"}],"wp:attachment":[{"href":"https:\/\/www.lymphoma.ca\/fr\/wp-json\/wp\/v2\/media?parent=457"}],"wp:term":[{"taxonomy":"category","embeddable":true,"href":"https:\/\/www.lymphoma.ca\/fr\/wp-json\/wp\/v2\/categories?post=457"},{"taxonomy":"post_tag","embeddable":true,"href":"https:\/\/www.lymphoma.ca\/fr\/wp-json\/wp\/v2\/tags?post=457"}],"curies":[{"name":"wp","href":"https:\/\/api.w.org\/{rel}","templated":true}]}}