{"id":458,"date":"2010-05-14T04:00:00","date_gmt":"2010-05-14T04:00:00","guid":{"rendered":"https:\/\/www.lymphoma.ca\/?page_id=458"},"modified":"2020-01-07T17:23:10","modified_gmt":"2020-01-07T17:23:10","slug":"prendre-soin-de-soi-lorsquon-est-aidant","status":"publish","type":"page","link":"https:\/\/www.lymphoma.ca\/fr\/cheminement-du-patient\/soutien-aux-aidants\/prendre-soin-de-soi-lorsquon-est-aidant\/","title":{"rendered":"Prendre soin de soi lorsqu\u2019on est aidant"},"content":{"rendered":"<h2>Les aidants ne sont pas seuls<\/h2>\n<p>Il est tout \u00e0 fait normal que vous vous sentiez coupable d\u2019avoir des pr\u00e9occupations et des soucis de votre c\u00f4t\u00e9 alors que votre partenaire, ami ou parent doit vivre avec un lymphome. Mais il n\u2019y a aucune raison que vous \u00e9prouviez de la culpabilit\u00e9. Il est \u00e9galement tr\u00e8s courant de se sentir isol\u00e9 et seul lorsque l\u2019on se concentre sur les soins \u00e0 prodiguer \u00e0 une personne malade, surtout si l\u2019on ne peut pas conserver le r\u00e9seau social que l\u2019on avait avant que son partenaire, ami ou parent devienne malade. Souvenez-vous que vous n\u2019\u00eates pas seul. Il existe de nombreuses sources de soutien pour les aidants. L\u2019\u00e9quipe de soins du patient et m\u00eame votre m\u00e9decin de famille pourront vous conseiller. Il existe \u00e9galement de nombreuses organisations et de nombreux groupes de soutien, tant au niveau local que national, pouvant apporter une aide pratique et \u00e9motionnelle. Vous pouvez m\u00eame partager votre histoire et lire celle de patients atteints d\u2019un lymphome et de leurs aidants sur ce site Web.<\/p>\n<h2>S\u2019occuper de soi est important<\/h2>\n<p>De nombreux aidants consacrent tellement de temps et d\u2019efforts pour r\u00e9pondre aux besoins de la personne atteinte d\u2019un lymphome, qu\u2019ils n\u00e9gligent de s\u2019occuper correctement d\u2019eux-m\u00eames. Parfois, les aidants peuvent aussi se sentir coupables de prendre du temps pour eux, comme s\u2019ils laissaient tomber leurs amis, parents ou partenaires. Il est important que vous vous souveniez qu\u2019il n\u2019y a aucune raison de vous sentir coupable de vous occuper de votre propre sant\u00e9. Il n\u2019est humainement pas possible d\u2019apporter les meilleurs soins \u00e0 quelqu\u2019un si vous-m\u00eame \u00eates physiquement ou \u00e9motivement \u00e9puis\u00e9.<\/p>\n<p>Si vous ne vous sentez pas bien, allez voir le m\u00e9decin, m\u00eame s\u2019il peut \u00eatre tentant de consid\u00e9rer votre propre maladie comme si elle \u00e9tait moins importante. Et veillez \u00e0 manger correctement et \u00e0 dormir suffisamment. Passez \u00e9galement du temps avec d\u2019autres personnes que celle dont vous prenez soin. Sortez chaque jour pour faire une pause, en allant magasiner, en allant vous promener, en lisant un livre ou en continuant votre passe-temps ou les cours auxquels vous \u00eates inscrits.<\/p>\n<p>Ne pensez pas que vous devez tout faire vous-m\u00eame pour votre partenaire, parent ou ami. Si vous estimez avoir besoin d\u2019aide, n\u2019h\u00e9sitez pas \u00e0 le dire. Souvenez-vous que d\u2019autres amis ou membres de la famille sont peut-\u00eatre trop timides pour se proposer et qu\u2019ils attendent simplement que vous le leur demandiez. Accepter l\u2019aide d\u2019amis ou de la famille peut vous \u00eatre tr\u00e8s b\u00e9n\u00e9fique. Par exemple, vous pouvez essayer de faire en sorte qu\u2019un autre ami ou un autre membre de la famille du patient vous \u00ab&nbsp;remplace&nbsp;\u00bb de temps en temps. Vous aurez ainsi du temps pour vous-m\u00eame, ou pour un cong\u00e9 bien m\u00e9rit\u00e9.<\/p>\n","protected":false},"excerpt":{"rendered":"<p>Les aidants ne sont pas seuls Il est tout \u00e0 fait normal que vous vous sentiez coupable d\u2019avoir des pr\u00e9occupations et des soucis de votre c\u00f4t\u00e9 alors que votre partenaire,&#8230;<\/p>\n","protected":false},"author":6,"featured_media":0,"parent":367,"menu_order":4,"comment_status":"closed","ping_status":"closed","template":"page-sidebar.php","meta":{"_acf_changed":false,"footnotes":""},"categories":[],"tags":[],"class_list":["post-458","page","type-page","status-publish"],"acf":[],"yoast_head":"<!-- This site is optimized with the Yoast SEO plugin v26.7 - https:\/\/yoast.com\/wordpress\/plugins\/seo\/ -->\n<title>Prendre soin de soi lorsqu\u2019on est aidant - Lymphoma Canada<\/title>\n<meta name=\"robots\" content=\"index, follow, max-snippet:-1, max-image-preview:large, max-video-preview:-1\" \/>\n<link rel=\"canonical\" href=\"https:\/\/www.lymphoma.ca\/fr\/cheminement-du-patient\/soutien-aux-aidants\/prendre-soin-de-soi-lorsquon-est-aidant\/\" \/>\n<meta property=\"og:locale\" content=\"fr_FR\" \/>\n<meta property=\"og:type\" content=\"article\" \/>\n<meta property=\"og:title\" content=\"Prendre soin de soi lorsqu\u2019on est aidant - Lymphoma Canada\" \/>\n<meta property=\"og:description\" content=\"Les aidants ne sont pas seuls Il est tout \u00e0 fait normal que vous vous sentiez coupable d\u2019avoir des pr\u00e9occupations et des soucis de votre c\u00f4t\u00e9 alors que votre partenaire,...\" \/>\n<meta property=\"og:url\" content=\"https:\/\/www.lymphoma.ca\/fr\/cheminement-du-patient\/soutien-aux-aidants\/prendre-soin-de-soi-lorsquon-est-aidant\/\" \/>\n<meta property=\"og:site_name\" content=\"Lymphoma Canada\" \/>\n<meta property=\"article:publisher\" content=\"https:\/\/www.facebook.com\/LymphomaCanada\" \/>\n<meta property=\"article:modified_time\" content=\"2020-01-07T17:23:10+00:00\" \/>\n<meta name=\"twitter:card\" content=\"summary_large_image\" \/>\n<meta name=\"twitter:site\" content=\"@lymphomacanada\" \/>\n<meta name=\"twitter:label1\" content=\"Dur\u00e9e de lecture estim\u00e9e\" \/>\n\t<meta name=\"twitter:data1\" content=\"2 minutes\" \/>\n<script type=\"application\/ld+json\" class=\"yoast-schema-graph\">{\"@context\":\"https:\/\/schema.org\",\"@graph\":[{\"@type\":\"WebPage\",\"@id\":\"https:\/\/www.lymphoma.ca\/fr\/cheminement-du-patient\/soutien-aux-aidants\/prendre-soin-de-soi-lorsquon-est-aidant\/\",\"url\":\"https:\/\/www.lymphoma.ca\/fr\/cheminement-du-patient\/soutien-aux-aidants\/prendre-soin-de-soi-lorsquon-est-aidant\/\",\"name\":\"Prendre soin de soi lorsqu\u2019on est aidant - Lymphoma Canada\",\"isPartOf\":{\"@id\":\"https:\/\/www.lymphoma.ca\/fr\/#website\"},\"datePublished\":\"2010-05-14T04:00:00+00:00\",\"dateModified\":\"2020-01-07T17:23:10+00:00\",\"breadcrumb\":{\"@id\":\"https:\/\/www.lymphoma.ca\/fr\/cheminement-du-patient\/soutien-aux-aidants\/prendre-soin-de-soi-lorsquon-est-aidant\/#breadcrumb\"},\"inLanguage\":\"fr-FR\",\"potentialAction\":[{\"@type\":\"ReadAction\",\"target\":[\"https:\/\/www.lymphoma.ca\/fr\/cheminement-du-patient\/soutien-aux-aidants\/prendre-soin-de-soi-lorsquon-est-aidant\/\"]}]},{\"@type\":\"BreadcrumbList\",\"@id\":\"https:\/\/www.lymphoma.ca\/fr\/cheminement-du-patient\/soutien-aux-aidants\/prendre-soin-de-soi-lorsquon-est-aidant\/#breadcrumb\",\"itemListElement\":[{\"@type\":\"ListItem\",\"position\":1,\"name\":\"Home\",\"item\":\"https:\/\/www.lymphoma.ca\/fr\/\"},{\"@type\":\"ListItem\",\"position\":2,\"name\":\"Cheminement du patient\",\"item\":\"https:\/\/www.lymphoma.ca\/fr\/cheminement-du-patient\/\"},{\"@type\":\"ListItem\",\"position\":3,\"name\":\"Soutien aux aidants\",\"item\":\"https:\/\/www.lymphoma.ca\/fr\/cheminement-du-patient\/soutien-aux-aidants\/\"},{\"@type\":\"ListItem\",\"position\":4,\"name\":\"Prendre soin de soi lorsqu\u2019on est aidant\"}]},{\"@type\":\"WebSite\",\"@id\":\"https:\/\/www.lymphoma.ca\/fr\/#website\",\"url\":\"https:\/\/www.lymphoma.ca\/fr\/\",\"name\":\"Lymphoma Canada\",\"description\":\"Information. Help. Hope.\",\"publisher\":{\"@id\":\"https:\/\/www.lymphoma.ca\/fr\/#organization\"},\"potentialAction\":[{\"@type\":\"SearchAction\",\"target\":{\"@type\":\"EntryPoint\",\"urlTemplate\":\"https:\/\/www.lymphoma.ca\/fr\/?s={search_term_string}\"},\"query-input\":{\"@type\":\"PropertyValueSpecification\",\"valueRequired\":true,\"valueName\":\"search_term_string\"}}],\"inLanguage\":\"fr-FR\"},{\"@type\":\"Organization\",\"@id\":\"https:\/\/www.lymphoma.ca\/fr\/#organization\",\"name\":\"Lymphoma Canada\",\"url\":\"https:\/\/www.lymphoma.ca\/fr\/\",\"logo\":{\"@type\":\"ImageObject\",\"inLanguage\":\"fr-FR\",\"@id\":\"https:\/\/www.lymphoma.ca\/fr\/#\/schema\/logo\/image\/\",\"url\":\"https:\/\/www.lymphoma.ca\/wp-content\/uploads\/2023\/05\/logo-lymphoma.jpg\",\"contentUrl\":\"https:\/\/www.lymphoma.ca\/wp-content\/uploads\/2023\/05\/logo-lymphoma.jpg\",\"width\":343,\"height\":343,\"caption\":\"Lymphoma Canada\"},\"image\":{\"@id\":\"https:\/\/www.lymphoma.ca\/fr\/#\/schema\/logo\/image\/\"},\"sameAs\":[\"https:\/\/www.facebook.com\/LymphomaCanada\",\"https:\/\/x.com\/lymphomacanada\",\"https:\/\/www.linkedin.com\/company\/lymphoma-canada\/\",\"http:\/\/instagram.com\/lymphomacanada\",\"http:\/\/www.youtube.com\/user\/LymphomaTV\"]}]}<\/script>\n<!-- \/ Yoast SEO plugin. -->","yoast_head_json":{"title":"Prendre soin de soi lorsqu\u2019on est aidant - Lymphoma Canada","robots":{"index":"index","follow":"follow","max-snippet":"max-snippet:-1","max-image-preview":"max-image-preview:large","max-video-preview":"max-video-preview:-1"},"canonical":"https:\/\/www.lymphoma.ca\/fr\/cheminement-du-patient\/soutien-aux-aidants\/prendre-soin-de-soi-lorsquon-est-aidant\/","og_locale":"fr_FR","og_type":"article","og_title":"Prendre soin de soi lorsqu\u2019on est aidant - Lymphoma Canada","og_description":"Les aidants ne sont pas seuls Il est tout \u00e0 fait normal que vous vous sentiez coupable d\u2019avoir des pr\u00e9occupations et des soucis de votre c\u00f4t\u00e9 alors que votre partenaire,...","og_url":"https:\/\/www.lymphoma.ca\/fr\/cheminement-du-patient\/soutien-aux-aidants\/prendre-soin-de-soi-lorsquon-est-aidant\/","og_site_name":"Lymphoma Canada","article_publisher":"https:\/\/www.facebook.com\/LymphomaCanada","article_modified_time":"2020-01-07T17:23:10+00:00","twitter_card":"summary_large_image","twitter_site":"@lymphomacanada","twitter_misc":{"Dur\u00e9e de lecture estim\u00e9e":"2 minutes"},"schema":{"@context":"https:\/\/schema.org","@graph":[{"@type":"WebPage","@id":"https:\/\/www.lymphoma.ca\/fr\/cheminement-du-patient\/soutien-aux-aidants\/prendre-soin-de-soi-lorsquon-est-aidant\/","url":"https:\/\/www.lymphoma.ca\/fr\/cheminement-du-patient\/soutien-aux-aidants\/prendre-soin-de-soi-lorsquon-est-aidant\/","name":"Prendre soin de soi lorsqu\u2019on est aidant - Lymphoma Canada","isPartOf":{"@id":"https:\/\/www.lymphoma.ca\/fr\/#website"},"datePublished":"2010-05-14T04:00:00+00:00","dateModified":"2020-01-07T17:23:10+00:00","breadcrumb":{"@id":"https:\/\/www.lymphoma.ca\/fr\/cheminement-du-patient\/soutien-aux-aidants\/prendre-soin-de-soi-lorsquon-est-aidant\/#breadcrumb"},"inLanguage":"fr-FR","potentialAction":[{"@type":"ReadAction","target":["https:\/\/www.lymphoma.ca\/fr\/cheminement-du-patient\/soutien-aux-aidants\/prendre-soin-de-soi-lorsquon-est-aidant\/"]}]},{"@type":"BreadcrumbList","@id":"https:\/\/www.lymphoma.ca\/fr\/cheminement-du-patient\/soutien-aux-aidants\/prendre-soin-de-soi-lorsquon-est-aidant\/#breadcrumb","itemListElement":[{"@type":"ListItem","position":1,"name":"Home","item":"https:\/\/www.lymphoma.ca\/fr\/"},{"@type":"ListItem","position":2,"name":"Cheminement du patient","item":"https:\/\/www.lymphoma.ca\/fr\/cheminement-du-patient\/"},{"@type":"ListItem","position":3,"name":"Soutien aux aidants","item":"https:\/\/www.lymphoma.ca\/fr\/cheminement-du-patient\/soutien-aux-aidants\/"},{"@type":"ListItem","position":4,"name":"Prendre soin de soi lorsqu\u2019on est aidant"}]},{"@type":"WebSite","@id":"https:\/\/www.lymphoma.ca\/fr\/#website","url":"https:\/\/www.lymphoma.ca\/fr\/","name":"Lymphoma Canada","description":"Information. Help. Hope.","publisher":{"@id":"https:\/\/www.lymphoma.ca\/fr\/#organization"},"potentialAction":[{"@type":"SearchAction","target":{"@type":"EntryPoint","urlTemplate":"https:\/\/www.lymphoma.ca\/fr\/?s={search_term_string}"},"query-input":{"@type":"PropertyValueSpecification","valueRequired":true,"valueName":"search_term_string"}}],"inLanguage":"fr-FR"},{"@type":"Organization","@id":"https:\/\/www.lymphoma.ca\/fr\/#organization","name":"Lymphoma Canada","url":"https:\/\/www.lymphoma.ca\/fr\/","logo":{"@type":"ImageObject","inLanguage":"fr-FR","@id":"https:\/\/www.lymphoma.ca\/fr\/#\/schema\/logo\/image\/","url":"https:\/\/www.lymphoma.ca\/wp-content\/uploads\/2023\/05\/logo-lymphoma.jpg","contentUrl":"https:\/\/www.lymphoma.ca\/wp-content\/uploads\/2023\/05\/logo-lymphoma.jpg","width":343,"height":343,"caption":"Lymphoma Canada"},"image":{"@id":"https:\/\/www.lymphoma.ca\/fr\/#\/schema\/logo\/image\/"},"sameAs":["https:\/\/www.facebook.com\/LymphomaCanada","https:\/\/x.com\/lymphomacanada","https:\/\/www.linkedin.com\/company\/lymphoma-canada\/","http:\/\/instagram.com\/lymphomacanada","http:\/\/www.youtube.com\/user\/LymphomaTV"]}]}},"_links":{"self":[{"href":"https:\/\/www.lymphoma.ca\/fr\/wp-json\/wp\/v2\/pages\/458","targetHints":{"allow":["GET"]}}],"collection":[{"href":"https:\/\/www.lymphoma.ca\/fr\/wp-json\/wp\/v2\/pages"}],"about":[{"href":"https:\/\/www.lymphoma.ca\/fr\/wp-json\/wp\/v2\/types\/page"}],"author":[{"embeddable":true,"href":"https:\/\/www.lymphoma.ca\/fr\/wp-json\/wp\/v2\/users\/6"}],"replies":[{"embeddable":true,"href":"https:\/\/www.lymphoma.ca\/fr\/wp-json\/wp\/v2\/comments?post=458"}],"version-history":[{"count":1,"href":"https:\/\/www.lymphoma.ca\/fr\/wp-json\/wp\/v2\/pages\/458\/revisions"}],"predecessor-version":[{"id":3293,"href":"https:\/\/www.lymphoma.ca\/fr\/wp-json\/wp\/v2\/pages\/458\/revisions\/3293"}],"up":[{"embeddable":true,"href":"https:\/\/www.lymphoma.ca\/fr\/wp-json\/wp\/v2\/pages\/367"}],"wp:attachment":[{"href":"https:\/\/www.lymphoma.ca\/fr\/wp-json\/wp\/v2\/media?parent=458"}],"wp:term":[{"taxonomy":"category","embeddable":true,"href":"https:\/\/www.lymphoma.ca\/fr\/wp-json\/wp\/v2\/categories?post=458"},{"taxonomy":"post_tag","embeddable":true,"href":"https:\/\/www.lymphoma.ca\/fr\/wp-json\/wp\/v2\/tags?post=458"}],"curies":[{"name":"wp","href":"https:\/\/api.w.org\/{rel}","templated":true}]}}