{"id":461,"date":"2010-05-17T04:00:00","date_gmt":"2010-05-17T04:00:00","guid":{"rendered":"https:\/\/www.lymphoma.ca\/?page_id=461"},"modified":"2010-05-17T04:00:00","modified_gmt":"2010-05-17T04:00:00","slug":"ministeres-de-la-sante-par-provinces","status":"publish","type":"page","link":"https:\/\/www.lymphoma.ca\/fr\/ministeres-de-la-sante-par-provinces\/","title":{"rendered":"Minist\u00e8res de la Sant\u00e9 par provinces"},"content":{"rendered":"<p>Vous pouvez leur sugg\u00e9rer de d\u00e9penser plus d&rsquo;argent dans la recherche sur le lymphome ou leur demander pourquoi un nouveau traitement sp\u00e9cifique contre le lymphome n&rsquo;est pas approuv\u00e9. Vous pouvez demander de discuter avec eux pour mieux comprendre comment fonctionne le processus du syst\u00e8me d&rsquo;approbation.<\/p>\n<p><\/p>\n<h2>ALBERTA<\/h2>\n<div style=\"float: left; width: 205px;\"><strong>Premier Ministre<\/strong><br \/>\nPremier Ed Stelmach<br \/>\nRoom 307, Legislature Bldg.<br \/>\n10800 97 Avenue<br \/>\nEdmonton, AB <br \/>\nT5K 2B6<\/p>\n<p>T\u00e9l\u00e9phone&nbsp;: 780&nbsp;427-2251<br \/>\nT\u00e9l\u00e9copie&nbsp;: 780&nbsp;427-1349<\/div>\n<div style=\"float: left; width: 205px;\"><strong>Minist\u00e8re de la Sant\u00e9<\/strong><br \/>\nHonourable Gene Zwozdesky<br \/>\nMinister of Health and Wellness<br \/>\n#208 Legislature Building<br \/>\n10800 97 Avenue<br \/>\nEdmonton, AB<br \/>\nT5K 2B6<\/p>\n<p>T\u00e9l\u00e9phone&nbsp;: 780&nbsp;427-3665<br \/>\nT\u00e9l\u00e9copie&nbsp;: 780&nbsp;415-0961<\/div>\n<div style=\"float: left; width: 205px;\"><strong>Maires<\/strong><br \/>\nMayor Stephen Mandel<br \/>\n2nd Floor, City Hall<br \/>\n1 Sir Winston Churchill Square<br \/>\nEdmonton, AB<br \/>\nT5J 2R7<\/p>\n<p>T\u00e9l\u00e9phone&nbsp;: 780&nbsp;496-8100<br \/>\nT\u00e9l\u00e9copie&nbsp;: 780&nbsp;496-8292<\/p>\n<p>Mayor Dave Bronconnier<br \/>\nP.O. Box 2100, Station M<br \/>\nCalgary, AB<br \/>\nT2P 2M5<\/p>\n<p>T\u00e9l\u00e9phone&nbsp;: 403&nbsp;268-5622<br \/>\nT\u00e9l\u00e9copie&nbsp;: 403&nbsp;268-8130<br \/>\nCourriel&nbsp;: <a href=\"mailto:themayor@calgary.ca\">themayor@calgary.ca<\/a><\/div>\n<div class=\"clear\"><\/div>\n<h2>COLOMBIE-BRITANNIQUE<\/h2>\n<div style=\"float: left; width: 205px;\"><strong>Premier Ministre<\/strong><br \/>\nPremier Gordon Campbell<br \/>\nPO Box 9041<br \/>\nStn Prov Govt<br \/>\nVictoria, BC<br \/>\nV8W 9E1<\/p>\n<p>T\u00e9l\u00e9phone&nbsp;: 250&nbsp;387-1715<br \/>\nT\u00e9l\u00e9copie&nbsp;: 250&nbsp;387-0087<\/div>\n<div style=\"float: left; width: 205px;\"><strong>Minist\u00e8re de la Sant\u00e9<\/strong><br \/>\nHonourable Kevin Falcon<br \/>\nMinistry Of Health Services<br \/>\n1515 Blanshard Street<br \/>\nVictoria BC<br \/>\nV8W&nbsp;3C8<\/p>\n<p>T\u00e9l\u00e9phone&nbsp;: Appel sans frais en C.-B.&nbsp;:<br \/>\n800&nbsp;465-4911<br \/>\n\u00c0 Victoria&nbsp;: 250&nbsp;952-1742<\/div>\n<div style=\"float: left; width: 205px;\"><strong>Maire<\/strong><br \/>\nMayor Gregor Robertson<br \/>\nVancouver City Hall<br \/>\n453 West 12th Avenue<br \/>\nVancouver, BC<br \/>\nV5Y 1V4<\/p>\n<p>T\u00e9l\u00e9phone&nbsp;: 604&nbsp;873-7621<br \/>\nT\u00e9l\u00e9copie&nbsp;: 604&nbsp;873-7685<br \/>\nCourriel&nbsp;: <a href=\"mailto:gregor.robertson@vancouver.ca\">gregor.robertson@vancouver.ca<\/a><\/div>\n<div class=\"clear\"><\/div>\n<h2>MANITOBA<\/h2>\n<div style=\"float: left; width: 205px;\"><strong>Premier Ministre<\/strong><br \/>\nPremier Greg Selinger<br \/>\n204 Legislative Building<br \/>\n450 Broadway<br \/>\nWinnipeg, MB<br \/>\nR3C&nbsp;0V8<\/p>\n<p>T\u00e9l\u00e9phone&nbsp;: 204&nbsp;945-3714<br \/>\nT\u00e9l\u00e9copie&nbsp;: 204&nbsp;949-1484<br \/>\nCourriel&nbsp;: <br \/>\n<a href=\"mailto:premier@leg.gov.mg.ca\">premier@leg.gov.mg.ca<\/a><\/div>\n<div style=\"float: left; width: 205px;\"><strong>Minist\u00e8re de la Sant\u00e9<\/strong><br \/>\nHonourable Theresa Oswald<br \/>\nMinister of Health<br \/>\nRoom 302, Legislative Building<br \/>\n450 Broadway<br \/>\nWinnipeg, MB<br \/>\nR3C OV8<\/p>\n<p>T\u00e9l\u00e9phone&nbsp;: 204&nbsp;945-3731<br \/>\nT\u00e9l\u00e9copie&nbsp;: 204&nbsp;945-0441<br \/>\nCourriel&nbsp;: <a href=\"mailto:minhlt@leg.gov.mb.ca\">minhlt@leg.gov.mb.ca<\/a><\/div>\n<div style=\"float: left; width: 205px;\"><strong>Maire<\/strong><br \/>\nMayor Sam Katz<br \/>\n510 Main Street<br \/>\nWinnipeg, MB<br \/>\nR3B&nbsp;1B9<\/p>\n<p>T\u00e9l\u00e9phone&nbsp;: 204&nbsp;986-5665<br \/>\nT\u00e9l\u00e9copie&nbsp;: 204&nbsp;949-0566<\/div>\n<div class=\"clear\"><\/div>\n<h2>NOUVEAU-BRUNSWICK<\/h2>\n<div style=\"float: left; width: 205px;\"><strong>Premier Ministre<\/strong><br \/>\nPremier Shawn Graham<br \/>\nCentennial Building<br \/>\nPO Box 6000<br \/>\nFredericton, NB<br \/>\nE3B&nbsp;5H1<\/p>\n<p>T\u00e9l\u00e9phone&nbsp;: 506&nbsp;453-2144<br \/>\nT\u00e9l\u00e9copie&nbsp;: 506&nbsp;453-7407<br \/>\nCourriel&nbsp;: <a href=\"mailto:premier@gnb.ca\">premier@gnb.ca<\/a><\/div>\n<div style=\"float: left; width: 205px;\"><strong>Minist\u00e8re de la Sant\u00e9<\/strong><br \/>\nHonourable Mary Schryer<br \/>\nMinister of Health<br \/>\nHSBC Place<br \/>\nP.O. Box 5100<br \/>\nFredericton, NB<br \/>\nE3B&nbsp;5G8<\/p>\n<p>T\u00e9l\u00e9phone&nbsp;: 506&nbsp;457-4800<br \/>\nT\u00e9l\u00e9copie&nbsp;: 506&nbsp;453-5243<br \/>\nCourriel&nbsp;: <a href=\"mailto:dh-ms@gnb.ca\">dh-ms@gnb.ca<\/a><\/div>\n<div style=\"float: left; width: 205px;\"><strong>Maires<\/strong><br \/>\nMayor Brad S. Woodside<br \/>\nP.O. Box 130,<br \/>\nFredericton, NB<br \/>\nE3B 4Y7<\/p>\n<p>T\u00e9l\u00e9phone&nbsp;: 506&nbsp;460-2085<br \/>\nT\u00e9l\u00e9copie&nbsp;: 506&nbsp;460-2134<\/p>\n<p>Mayor George LeBlanc<br \/>\n655 Main St.<br \/>\nMoncton, NB<br \/>\nE1C&nbsp;1E8<\/p>\n<p>T\u00e9l\u00e9phone&nbsp;: 506&nbsp;856-4343<br \/>\nCourriel&nbsp;: <a href=\"mailto:info.mayor@moncton.ca\">info.mayor@moncton.ca<\/a><\/div>\n<div class=\"clear\"><\/div>\n<h2>TERRE-NEUVE<\/h2>\n<div style=\"float: left; width: 205px;\"><strong>Premier Ministre<\/strong><br \/>\nPremier Danny Williams<br \/>\nConfederation Building,<br \/>\nEast Block<br \/>\nP.O. Box 8700<br \/>\nSt. John&rsquo;s, NL<br \/>\nA1B&nbsp;4J6<\/p>\n<p>T\u00e9l\u00e9phone&nbsp;: 709&nbsp;729-3570<br \/>\nT\u00e9l\u00e9copie&nbsp;: 709&nbsp;729-5875<br \/>\nCourriel&nbsp;: <a href=\"mailto:premier@gov.nl.ca\">premier@gov.nl.ca<\/a><\/div>\n<div style=\"float: left; width: 205px;\"><strong>Minist\u00e8re de la Sant\u00e9<\/strong><br \/>\nHonourable Jerome P. Kennedy<br \/>\nMinister of Health and Community Services<br \/>\nConfederation Building, West Block<br \/>\nPO Box 8700<br \/>\nSt. John&rsquo;s, NL<br \/>\nA1B&nbsp;4J6<\/p>\n<p>T\u00e9l\u00e9phone&nbsp;: 709&nbsp;729-3124<br \/>\nCourriel&nbsp;: <a href=\"mailto:jeromekennedy@gov.nl.ca\">jeromekennedy@gov.nl.ca<\/a><\/div>\n<div style=\"float: left; width: 205px;\"><strong>Maire<\/strong><br \/>\nMayor Dennis O&rsquo;Keefe<br \/>\n10 New Gower Street<br \/>\nP.O. Box 908<br \/>\nSt. John&rsquo;s, NL<br \/>\nA1C&nbsp;5M2<\/p>\n<p>T\u00e9l\u00e9phone&nbsp;: 709&nbsp;576-8477<br \/>\nT\u00e9l\u00e9copie&nbsp;: 709&nbsp;576-8250<br \/>\nCourriel&nbsp;: <a href=\"mailto:dokeefe@stjohns.ca\">dokeefe@stjohns.ca<\/a><\/div>\n<div class=\"clear\"><\/div>\n<h2>NOUVELLE-\u00c9COSSE<\/h2>\n<div style=\"float: left; width: 205px;\"><strong>Premier Ministre<\/strong><br \/>\nPremier Darrell Dexter<br \/>\nPO Box&nbsp;726<br \/>\nHalifax, NS <br \/>\nB3J&nbsp;2T3<\/p>\n<p>T\u00e9l\u00e9phone&nbsp;: 902&nbsp;424-6600<br \/>\nLigne de messages sans frais&nbsp;: 1&nbsp;800&nbsp;267-1993<br \/>\nCourriel&nbsp;: <a href=\"mailto:premier@gnb.ns.ca\">premier@gnb.ns.ca<\/a><\/div>\n<div style=\"float: left; width: 205px;\"><strong>Minist\u00e8re de la Sant\u00e9<\/strong><br \/>\nHonourable Maureen <br \/>\nMacDonald<br \/>\nMinister of Health<br \/>\n4th Floor, Joseph <br \/>\nHowe Building<br \/>\n1690 Hollis Street,<br \/>\nP.O. Box 488<br \/>\nHalifax, NS <br \/>\nB3J&nbsp;2R8 <\/p>\n<p>T\u00e9l\u00e9phone&nbsp;: 902&nbsp;424-3377<br \/>\nT\u00e9l\u00e9copie&nbsp;: 902&nbsp;424-0559<br \/>\nCourriel&nbsp;: <a href=\"mailto:health.minister@gov.ns.ca\">health.minister@gov.ns.ca<\/a><\/div>\n<div style=\"float: left; width: 205px;\"><strong>Maire<\/strong><br \/>\nMayor Peter J. Kelly<br \/>\nHalifax Regional Municipality<br \/>\nOffice of the Mayor<br \/>\n1841 Argyle Street<br \/>\nP.O. Box 1749<br \/>\nHalifax, NS <br \/>\nB3J&nbsp;3A5<\/p>\n<p>T\u00e9l\u00e9phone&nbsp;: 902&nbsp;490-4010<br \/>\nT\u00e9l\u00e9copie&nbsp;: 902&nbsp;490-4012<br \/>\nCourriel&nbsp;: <a href=\"mailto:kellyp@halifax.ca\">kellyp@halifax.ca<\/a><\/div>\n<div class=\"clear\"><\/div>\n<h2>ONTARIO<\/h2>\n<div style=\"float: left; width: 205px;\"><strong>Premier Ministre<\/strong><br \/>\nPremier Dalton McGuinty<br \/>\nLegislative Building<br \/>\nQueen&rsquo;s Park<br \/>\nToronto ON <br \/>\nM7A&nbsp;1A1<\/p>\n<p>T\u00e9l\u00e9copie&nbsp;: 416&nbsp;325-3745<\/p><\/div>\n<div style=\"float: left; width: 205px;\"><strong>Minist\u00e8re de la Sant\u00e9<\/strong><br \/>\nHonourable Deb Matthews<br \/>\nMinister of Health &amp; Long Term Care<br \/>\n10th Floor, Hepburn Block<br \/>\n80&nbsp;Grosvenor Street<br \/>\nToronto, ON <br \/>\nM7A&nbsp;2C4 <\/p>\n<p>T\u00e9l\u00e9phone&nbsp;: 416&nbsp;327-4300<br \/>\nT\u00e9l\u00e9copie&nbsp;: 416 326-1571<br \/>\nCourriel&nbsp;: <a href=\"mailto:ccu.moh@ontario.ca\">ccu.moh@ontario.ca<\/a><\/div>\n<div style=\"float: left; width: 205px;\"><strong>Maires<\/strong><br \/>\nMayor David Miller<br \/>\nToronto City Hall, 2nd Floor, <br \/>\n100 Queen Street West<br \/>\nToronto, ON <br \/>\nM5H&nbsp;2N2<\/p>\n<p>T\u00e9l\u00e9phone&nbsp;: 416&nbsp;397-2489<br \/>\nT\u00e9l\u00e9copie&nbsp;: 416&nbsp;696-3687<br \/>\nCourriel&nbsp;: <a href=\"mailto:mayor_miller@toronto.ca\">mayor_miller@toronto.ca<\/a> <\/p>\n<p>Mayor Larry O&rsquo;Brien<br \/>\nOttawa City Hall<br \/>\n110 Laurier Avenue West<br \/>\nOttawa, ON <br \/>\nK1P&nbsp;1J1<\/p>\n<p>T\u00e9l\u00e9phone&nbsp;: 613&nbsp;580-2496<br \/>\nT\u00e9l\u00e9copie&nbsp;: 613&nbsp;580-2509<br \/>\nCourriel&nbsp;: <a href=\"mailto:Larry.OBrien@ottawa.ca\">Larry.OBrien@ottawa.ca<\/a><\/div>\n<div class=\"clear\"><\/div>\n<h2>\u00ceLE-DU-PRINCE-\u00c9DOUARD<\/h2>\n<div style=\"float: left; width: 205px;\"><strong>Premier Ministre<\/strong><br \/>\nPremier Robert W. J. Ghiz<br \/>\n5th Floor South, <br \/>\nShaw Building<br \/>\n95 Rochford Street<br \/>\nP.O. Box&nbsp;2000<br \/>\nCharlottetown, PEI <br \/>\nC1A&nbsp;7N8 <\/p>\n<p>T\u00e9l\u00e9phone&nbsp;: 902&nbsp;368-4400<br \/>\nT\u00e9l\u00e9copie&nbsp;: 902&nbsp;368-4416<br \/>\nCourriel&nbsp;: <a href=\"mailto:premier@gov.pe.ca\">premier@gov.pe.ca<\/a><\/div>\n<div style=\"float: left; width: 205px;\"><strong>Minist\u00e8re de la Sant\u00e9<\/strong><br \/>\nHonourable Carolyn Bertram<br \/>\nMinister of Health and Wellness<br \/>\nPO Box 2000<br \/>\n105 Rochford Street, 4th Floor<br \/>\nCharlottetown, PE <br \/>\nC1A&nbsp;7N8<\/p>\n<p>T\u00e9l\u00e9phone&nbsp;: 902&nbsp;368-6130<br \/>\nT\u00e9l\u00e9copie&nbsp;: 902&nbsp;368-6136<\/div>\n<div style=\"float: left; width: 205px;\"><strong>Maires<\/strong><br \/>\nMayor Clifford J. Lee<br \/>\n199 Queen Street<br \/>\nCharlottetown, PEI <br \/>\nC1A&nbsp;7K2<\/p>\n<p>T\u00e9l\u00e9phone&nbsp;: 902&nbsp;566-5548<br \/>\nT\u00e9l\u00e9copie&nbsp;: 902&nbsp;566-4701<br \/>\nCourriel&nbsp;: <a href=\"mailto:mayor@city.charlottetown.pe.ca\">mayor@city.charlottetown.pe.ca<\/a> <\/p>\n<p>Mayor Basil Stewart<br \/>\n275 Fitzroy Street<br \/>\nSummerside, PEI <br \/>\nC1N&nbsp;1H9<\/div>\n<div class=\"clear\"><\/div>\n<h2>QU\u00c9BEC<\/h2>\n<div style=\"float: left; width: 205px;\"><strong>Premier Ministre<\/strong><br \/>\nM. Le Premier Ministre Jean Charest<br \/>\n\u00c9difice Honor\u00e9-Mercier, <br \/>\n3e \u00e9tage<br \/>\n835, boulevard Ren\u00e9-<br \/>\nL\u00e9vesque Est<br \/>\nQu\u00e9bec, QC <br \/>\nG1A&nbsp;1B4<\/p>\n<p>T\u00e9l\u00e9phone&nbsp;: 418&nbsp;643-5321<br \/>\nT\u00e9l\u00e9copie&nbsp;: 418&nbsp; 643-3924<\/div>\n<div style=\"float: left; width: 205px;\"><strong>Minist\u00e8re de la Sant\u00e9<\/strong><br \/>\nHonorable Dr Yves Bolduc<br \/>\nMinistre de la Sant\u00e9 et des Services Sociaux <br \/>\n1075, chemin Sainte-Foy, 15e \u00e9tage<br \/>\n\u00c9difice Catherine-de-Longpr\u00e9<br \/>\nQu\u00e9bec, QC <br \/>\nG1S&nbsp;2M1<\/p>\n<p>T\u00e9l\u00e9phone&nbsp;: 418&nbsp;266-7171<br \/>\nT\u00e9l\u00e9copie&nbsp;: 418 266-7197<\/p>\n<p>ou <\/p>\n<p>2021 Union<br \/>\n10e \u00e9tage, Suite 10.051<br \/>\nMontr\u00e9al, QC <br \/>\nH3A&nbsp;2S9<br \/>\nT\u00e9l\u00e9phone&nbsp;: 514&nbsp;873-3700<br \/>\nT\u00e9l\u00e9copie&nbsp;: 514&nbsp;873-7488<\/p>\n<p>Courriel&nbsp;: <a href=\"mailto:ministre@msss.gouv.qc.ca\">ministre@msss.gouv.qc.ca<\/a><\/div>\n<div style=\"float: left; width: 205px;\"><strong>Maires<\/strong><br \/>\nM. Le Maire R\u00e9gis Labeaume<br \/>\nBureau du Maire, H\u00f4tel de Ville<br \/>\n312-2 rue des Jardins<br \/>\nQu\u00e9bec, QC <br \/>\nG1R&nbsp;4S9<\/p>\n<p>T\u00e9l\u00e9phone&nbsp;: 418&nbsp;641-6434<br \/>\nT\u00e9l\u00e9copie&nbsp;: 418&nbsp;641-6318<\/p>\n<p>M. Le Maire G\u00e9rald Tremblay<br \/>\nH\u00f4tel de Ville<br \/>\n275 rue Notre-Dame Est<br \/>\nMontr\u00e9al, QC <br \/>\nH2Y&nbsp;1C6<\/p>\n<p>T\u00e9l\u00e9phone&nbsp;: 514&nbsp;872-3101<br \/>\nT\u00e9l\u00e9copie&nbsp;: 514&nbsp;872-4059<\/div>\n<div class=\"clear\"><\/div>\n<h2>SASKATCHEWAN<\/h2>\n<div style=\"float: left; width: 205px;\"><strong>Premier Ministre<\/strong><br \/>\nPremier Brad Wall<br \/>\n226 Legislative Building<br \/>\nRegina, SK <br \/>\nS4S&nbsp;0B3<\/p>\n<p>T\u00e9l\u00e9phone&nbsp;: 306&nbsp;787-9433<br \/>\nT\u00e9l\u00e9copie&nbsp;: 306&nbsp;787-0885<br \/>\nCourriel&nbsp;: <a href=\"mailto:premier@gov.sk.ca\">premier@gov.sk.ca<\/a><\/div>\n<div style=\"float: left; width: 205px;\"><strong>Minist\u00e8re de la Sant\u00e9<\/strong><br \/>\nHonourable Don McMorris<br \/>\nMinister of Health <br \/>\nRoom 302, Legislative Building <br \/>\n2405 Legislative Drive <br \/>\nRegina, SK <br \/>\nS4S&nbsp;0B3 <\/p>\n<p>T\u00e9l\u00e9phone&nbsp;: 306&nbsp;787-7345<\/p><\/div>\n<div style=\"float: left; width: 205px;\"><strong>Maires<\/strong><br \/>\nHis Worship Donald J. Atchison<br \/>\nOffice of the Mayor<br \/>\n222 Third Avenue North<br \/>\nSaskatoon, SK <br \/>\nS7K&nbsp;0J5<\/p>\n<p>T\u00e9l\u00e9phone&nbsp;: 306&nbsp;975-3202<br \/>\nT\u00e9l\u00e9copie&nbsp;: 306&nbsp;975-3144<\/p>\n<p>Mayor Pat Fiacco<br \/>\nMayor&rsquo;s Office<br \/>\nCity of Regina <br \/>\nPO Box&nbsp;1790<br \/>\nRegina, SK <br \/>\nS4P&nbsp;3C8<\/p>\n<p>T\u00e9l\u00e9phone&nbsp;: 306&nbsp;777-7339<br \/>\nT\u00e9l\u00e9copie&nbsp;: 306&nbsp;777-6824<br \/>\nCourriel&nbsp;: <a href=\"mailto:Service_Regina@regina.ca\">Service_Regina@regina.ca<\/a><\/div>\n<div class=\"clear\"><\/div>\n<p><\/p>\n","protected":false},"excerpt":{"rendered":"<p>Vous pouvez leur sugg\u00e9rer de d\u00e9penser plus d&rsquo;argent dans la recherche sur le lymphome ou leur demander pourquoi un nouveau traitement sp\u00e9cifique contre le lymphome n&rsquo;est pas approuv\u00e9. Vous pouvez&#8230;<\/p>\n","protected":false},"author":6,"featured_media":0,"parent":0,"menu_order":80,"comment_status":"closed","ping_status":"closed","template":"","meta":{"_acf_changed":false,"footnotes":""},"categories":[],"tags":[],"class_list":["post-461","page","type-page","status-publish"],"acf":[],"yoast_head":"<!-- This site is optimized with the Yoast SEO plugin v26.7 - https:\/\/yoast.com\/wordpress\/plugins\/seo\/ -->\n<title>Minist\u00e8res de la Sant\u00e9 par provinces - Lymphoma Canada<\/title>\n<meta name=\"robots\" content=\"index, follow, max-snippet:-1, max-image-preview:large, max-video-preview:-1\" \/>\n<link rel=\"canonical\" href=\"https:\/\/www.lymphoma.ca\/fr\/ministeres-de-la-sante-par-provinces\/\" \/>\n<meta property=\"og:locale\" content=\"fr_FR\" \/>\n<meta property=\"og:type\" content=\"article\" \/>\n<meta property=\"og:title\" content=\"Minist\u00e8res de la Sant\u00e9 par provinces - Lymphoma Canada\" \/>\n<meta property=\"og:description\" content=\"Vous pouvez leur sugg\u00e9rer de d\u00e9penser plus d&rsquo;argent dans la recherche sur le lymphome ou leur demander pourquoi un nouveau traitement sp\u00e9cifique contre le lymphome n&rsquo;est pas approuv\u00e9. Vous pouvez...\" \/>\n<meta property=\"og:url\" content=\"https:\/\/www.lymphoma.ca\/fr\/ministeres-de-la-sante-par-provinces\/\" \/>\n<meta property=\"og:site_name\" content=\"Lymphoma Canada\" \/>\n<meta property=\"article:publisher\" content=\"https:\/\/www.facebook.com\/LymphomaCanada\" \/>\n<meta name=\"twitter:card\" content=\"summary_large_image\" \/>\n<meta name=\"twitter:site\" content=\"@lymphomacanada\" \/>\n<meta name=\"twitter:label1\" content=\"Dur\u00e9e de lecture estim\u00e9e\" \/>\n\t<meta name=\"twitter:data1\" content=\"7 minutes\" \/>\n<script type=\"application\/ld+json\" class=\"yoast-schema-graph\">{\"@context\":\"https:\/\/schema.org\",\"@graph\":[{\"@type\":\"WebPage\",\"@id\":\"https:\/\/www.lymphoma.ca\/fr\/ministeres-de-la-sante-par-provinces\/\",\"url\":\"https:\/\/www.lymphoma.ca\/fr\/ministeres-de-la-sante-par-provinces\/\",\"name\":\"Minist\u00e8res de la Sant\u00e9 par provinces - Lymphoma Canada\",\"isPartOf\":{\"@id\":\"https:\/\/www.lymphoma.ca\/fr\/#website\"},\"datePublished\":\"2010-05-17T04:00:00+00:00\",\"breadcrumb\":{\"@id\":\"https:\/\/www.lymphoma.ca\/fr\/ministeres-de-la-sante-par-provinces\/#breadcrumb\"},\"inLanguage\":\"fr-FR\",\"potentialAction\":[{\"@type\":\"ReadAction\",\"target\":[\"https:\/\/www.lymphoma.ca\/fr\/ministeres-de-la-sante-par-provinces\/\"]}]},{\"@type\":\"BreadcrumbList\",\"@id\":\"https:\/\/www.lymphoma.ca\/fr\/ministeres-de-la-sante-par-provinces\/#breadcrumb\",\"itemListElement\":[{\"@type\":\"ListItem\",\"position\":1,\"name\":\"Home\",\"item\":\"https:\/\/www.lymphoma.ca\/fr\/\"},{\"@type\":\"ListItem\",\"position\":2,\"name\":\"Minist\u00e8res de la Sant\u00e9 par provinces\"}]},{\"@type\":\"WebSite\",\"@id\":\"https:\/\/www.lymphoma.ca\/fr\/#website\",\"url\":\"https:\/\/www.lymphoma.ca\/fr\/\",\"name\":\"Lymphoma Canada\",\"description\":\"Information. Help. Hope.\",\"publisher\":{\"@id\":\"https:\/\/www.lymphoma.ca\/fr\/#organization\"},\"potentialAction\":[{\"@type\":\"SearchAction\",\"target\":{\"@type\":\"EntryPoint\",\"urlTemplate\":\"https:\/\/www.lymphoma.ca\/fr\/?s={search_term_string}\"},\"query-input\":{\"@type\":\"PropertyValueSpecification\",\"valueRequired\":true,\"valueName\":\"search_term_string\"}}],\"inLanguage\":\"fr-FR\"},{\"@type\":\"Organization\",\"@id\":\"https:\/\/www.lymphoma.ca\/fr\/#organization\",\"name\":\"Lymphoma Canada\",\"url\":\"https:\/\/www.lymphoma.ca\/fr\/\",\"logo\":{\"@type\":\"ImageObject\",\"inLanguage\":\"fr-FR\",\"@id\":\"https:\/\/www.lymphoma.ca\/fr\/#\/schema\/logo\/image\/\",\"url\":\"https:\/\/www.lymphoma.ca\/wp-content\/uploads\/2023\/05\/logo-lymphoma.jpg\",\"contentUrl\":\"https:\/\/www.lymphoma.ca\/wp-content\/uploads\/2023\/05\/logo-lymphoma.jpg\",\"width\":343,\"height\":343,\"caption\":\"Lymphoma Canada\"},\"image\":{\"@id\":\"https:\/\/www.lymphoma.ca\/fr\/#\/schema\/logo\/image\/\"},\"sameAs\":[\"https:\/\/www.facebook.com\/LymphomaCanada\",\"https:\/\/x.com\/lymphomacanada\",\"https:\/\/www.linkedin.com\/company\/lymphoma-canada\/\",\"http:\/\/instagram.com\/lymphomacanada\",\"http:\/\/www.youtube.com\/user\/LymphomaTV\"]}]}<\/script>\n<!-- \/ Yoast SEO plugin. -->","yoast_head_json":{"title":"Minist\u00e8res de la Sant\u00e9 par provinces - Lymphoma Canada","robots":{"index":"index","follow":"follow","max-snippet":"max-snippet:-1","max-image-preview":"max-image-preview:large","max-video-preview":"max-video-preview:-1"},"canonical":"https:\/\/www.lymphoma.ca\/fr\/ministeres-de-la-sante-par-provinces\/","og_locale":"fr_FR","og_type":"article","og_title":"Minist\u00e8res de la Sant\u00e9 par provinces - Lymphoma Canada","og_description":"Vous pouvez leur sugg\u00e9rer de d\u00e9penser plus d&rsquo;argent dans la recherche sur le lymphome ou leur demander pourquoi un nouveau traitement sp\u00e9cifique contre le lymphome n&rsquo;est pas approuv\u00e9. Vous pouvez...","og_url":"https:\/\/www.lymphoma.ca\/fr\/ministeres-de-la-sante-par-provinces\/","og_site_name":"Lymphoma Canada","article_publisher":"https:\/\/www.facebook.com\/LymphomaCanada","twitter_card":"summary_large_image","twitter_site":"@lymphomacanada","twitter_misc":{"Dur\u00e9e de lecture estim\u00e9e":"7 minutes"},"schema":{"@context":"https:\/\/schema.org","@graph":[{"@type":"WebPage","@id":"https:\/\/www.lymphoma.ca\/fr\/ministeres-de-la-sante-par-provinces\/","url":"https:\/\/www.lymphoma.ca\/fr\/ministeres-de-la-sante-par-provinces\/","name":"Minist\u00e8res de la Sant\u00e9 par provinces - Lymphoma Canada","isPartOf":{"@id":"https:\/\/www.lymphoma.ca\/fr\/#website"},"datePublished":"2010-05-17T04:00:00+00:00","breadcrumb":{"@id":"https:\/\/www.lymphoma.ca\/fr\/ministeres-de-la-sante-par-provinces\/#breadcrumb"},"inLanguage":"fr-FR","potentialAction":[{"@type":"ReadAction","target":["https:\/\/www.lymphoma.ca\/fr\/ministeres-de-la-sante-par-provinces\/"]}]},{"@type":"BreadcrumbList","@id":"https:\/\/www.lymphoma.ca\/fr\/ministeres-de-la-sante-par-provinces\/#breadcrumb","itemListElement":[{"@type":"ListItem","position":1,"name":"Home","item":"https:\/\/www.lymphoma.ca\/fr\/"},{"@type":"ListItem","position":2,"name":"Minist\u00e8res de la Sant\u00e9 par provinces"}]},{"@type":"WebSite","@id":"https:\/\/www.lymphoma.ca\/fr\/#website","url":"https:\/\/www.lymphoma.ca\/fr\/","name":"Lymphoma Canada","description":"Information. Help. Hope.","publisher":{"@id":"https:\/\/www.lymphoma.ca\/fr\/#organization"},"potentialAction":[{"@type":"SearchAction","target":{"@type":"EntryPoint","urlTemplate":"https:\/\/www.lymphoma.ca\/fr\/?s={search_term_string}"},"query-input":{"@type":"PropertyValueSpecification","valueRequired":true,"valueName":"search_term_string"}}],"inLanguage":"fr-FR"},{"@type":"Organization","@id":"https:\/\/www.lymphoma.ca\/fr\/#organization","name":"Lymphoma Canada","url":"https:\/\/www.lymphoma.ca\/fr\/","logo":{"@type":"ImageObject","inLanguage":"fr-FR","@id":"https:\/\/www.lymphoma.ca\/fr\/#\/schema\/logo\/image\/","url":"https:\/\/www.lymphoma.ca\/wp-content\/uploads\/2023\/05\/logo-lymphoma.jpg","contentUrl":"https:\/\/www.lymphoma.ca\/wp-content\/uploads\/2023\/05\/logo-lymphoma.jpg","width":343,"height":343,"caption":"Lymphoma Canada"},"image":{"@id":"https:\/\/www.lymphoma.ca\/fr\/#\/schema\/logo\/image\/"},"sameAs":["https:\/\/www.facebook.com\/LymphomaCanada","https:\/\/x.com\/lymphomacanada","https:\/\/www.linkedin.com\/company\/lymphoma-canada\/","http:\/\/instagram.com\/lymphomacanada","http:\/\/www.youtube.com\/user\/LymphomaTV"]}]}},"_links":{"self":[{"href":"https:\/\/www.lymphoma.ca\/fr\/wp-json\/wp\/v2\/pages\/461","targetHints":{"allow":["GET"]}}],"collection":[{"href":"https:\/\/www.lymphoma.ca\/fr\/wp-json\/wp\/v2\/pages"}],"about":[{"href":"https:\/\/www.lymphoma.ca\/fr\/wp-json\/wp\/v2\/types\/page"}],"author":[{"embeddable":true,"href":"https:\/\/www.lymphoma.ca\/fr\/wp-json\/wp\/v2\/users\/6"}],"replies":[{"embeddable":true,"href":"https:\/\/www.lymphoma.ca\/fr\/wp-json\/wp\/v2\/comments?post=461"}],"version-history":[{"count":0,"href":"https:\/\/www.lymphoma.ca\/fr\/wp-json\/wp\/v2\/pages\/461\/revisions"}],"wp:attachment":[{"href":"https:\/\/www.lymphoma.ca\/fr\/wp-json\/wp\/v2\/media?parent=461"}],"wp:term":[{"taxonomy":"category","embeddable":true,"href":"https:\/\/www.lymphoma.ca\/fr\/wp-json\/wp\/v2\/categories?post=461"},{"taxonomy":"post_tag","embeddable":true,"href":"https:\/\/www.lymphoma.ca\/fr\/wp-json\/wp\/v2\/tags?post=461"}],"curies":[{"name":"wp","href":"https:\/\/api.w.org\/{rel}","templated":true}]}}