{"id":462,"date":"2010-05-17T04:00:00","date_gmt":"2010-05-17T04:00:00","guid":{"rendered":"https:\/\/www.lymphoma.ca\/?page_id=462"},"modified":"2010-05-17T04:00:00","modified_gmt":"2010-05-17T04:00:00","slug":"exemples-de-lettres-de-plaidoyer","status":"publish","type":"page","link":"https:\/\/www.lymphoma.ca\/fr\/exemples-de-lettres-de-plaidoyer\/","title":{"rendered":"Exemples de lettres de plaidoyer"},"content":{"rendered":"<h2>Exemples de lettres<\/h2>\n<p>Vous trouverez ici quelques exemples de lettres \u00e0 utiliser si vous d\u00e9sirez \u00e9crire au gouvernement pour demander l\u2019acc\u00e8s \u00e0 un traitement qui n\u2019est pas financ\u00e9 dans votre province ou pour demander que plus d\u2019argent soit investi dans la recherche sur le lymphome.<\/p>\n<h2>Exemple de lettre &#8211; G\u00e9n\u00e9ral<\/h2>\n[Votre nom] [Adresse] [Ville, Province, Code postal]\n<p> [Date]\n<p> [L\u2019honorable (Nom complet)] [Titre] [Service] [Adresse] [Ville, Province, Code postal]\n<p> Madame, Monsieur [Nom du destinataire]\u00a0:<\/p>\n<ul>\n<li>Pr\u00e9sentez-vous. Ins\u00e9rez un court paragraphe expliquant qui vous \u00eates.<\/li>\n<\/ul>\n<p>Exemple\u00a0: Depuis xxx mois\/xxx ann\u00e9es, je me bats contre un lymphome non hodgkinien qui est un type grave de cancer affectant mon syst\u00e8me lymphatique.<\/p>\n<ul>\n<li>Dites pourquoi vous \u00e9crivez. Partagez votre histoire. D\u00e9crivez votre situation.<\/li>\n<\/ul>\n<p>Exemple\u00a0: Je re\u00e7ois actuellement des traitements traditionnels qui, je l\u2019esp\u00e8re, seront efficaces. J\u2019ai r\u00e9cemment pris connaissance de certaines options de traitement suppl\u00e9mentaires qui augmenteront mes chances de survie. J\u2019ai \u00e9galement appris, pour des raisons que je ne saisis pas totalement, que ce traitement n\u2019est pas universellement disponible au Canada. Je vous demande de bien vouloir financer (ins\u00e9rez ici le traitement demand\u00e9) dans la province de (ins\u00e9rez ici votre province). Malheureusement, ces traitements ne sont pas disponibles dans notre province. J\u2019insiste pour que vous mettiez en place les mesures progressistes n\u00e9cessaires pour garantir \u00e0 tous les Canadiens un acc\u00e8s \u00e9galitaire aux m\u00e9dicaments pouvant leur sauver la vie.<\/p>\n<ul>\n<li>R\u00e9p\u00e9tez votre situation\/requ\u00eate de fa\u00e7on r\u00e9sum\u00e9e. Demandez une r\u00e9ponse.<\/li>\n<\/ul>\n<p>Exemple\u00a0: Ma qualit\u00e9 de vie sera prolong\u00e9e et am\u00e9lior\u00e9e si je peux avoir acc\u00e8s \u00e0 ce m\u00e9dicament. Je d\u00e9sire b\u00e9n\u00e9ficier des m\u00eames opportunit\u00e9s que mes concitoyens canadiens. Je d\u00e9sire acc\u00e9der au m\u00eame droit de vivre. J\u2019esp\u00e8re recevoir bient\u00f4t une r\u00e9ponse de votre part.<\/p>\n<p>Sinc\u00e8res salutations,<br \/> [Votre nom]\n<h2>Exemple de lettre &#8211; Radioimmunoth\u00e9rapie<\/h2>\n[Votre nom] [Adresse] [Ville, Province, Code postal]\n<p> [Date]\n<p> [L\u2019honorable (Nom complet)] [Titre, Service] [Adresse] [Ville, Province, Code postal]\n<p> Madame, Monsieur [Nom du destinataire]\u00a0:<br \/> Objet\u00a0: radioimmunoth\u00e9rapie, Zevalin et Bexxar<\/p>\n<p> Depuis xxx mois\/xxx ann\u00e9es, je me bats contre un XXX, une forme de lymphome non hodgkinien, qui est un type grave de cancer affectant mon syst\u00e8me lymphatique. J\u2019ai compris qu\u2019avec une r\u00e9cidive du lymphome, je risque de ne pas \u00eatre trait\u00e9(e) avec le Rituxan si je l\u2019ai d\u00e9j\u00e0 re\u00e7u pendant mon traitement initial et si j\u2019habite en dehors des provinces admissibles; en cons\u00e9quence, la seule option de traitement qui s\u2019offre \u00e0 moi est la chimioth\u00e9rapie, qui peut ou non m\u2019amener \u00e0 la r\u00e9mission. Je viens d\u2019apprendre que Sant\u00e9 Canada a homologu\u00e9 des options de traitement suppl\u00e9mentaires que notre province ne finance pas. Ce traitement s\u2019appelle la radioimmunoth\u00e9rapie.<\/p>\n<p> Pour des raisons que je ne saisis pas totalement, ce traitement n\u2019est pas offert \u00e0 tous les patients au Canada. Malheureusement pour moi, il n\u2019est pas disponible dans notre province, ce qui signifie que je recevrai un traitement de qualit\u00e9 inf\u00e9rieure. J\u2019insiste pour que vous mettiez en place les mesures progressistes n\u00e9cessaires pour garantir \u00e0 tous un acc\u00e8s \u00e9galitaire aux m\u00e9dicaments de radioimmunoth\u00e9rapie; Bexxar et Zevalin.<\/p>\n<p> Je d\u00e9sire b\u00e9n\u00e9ficier des m\u00eames opportunit\u00e9s que mes concitoyens canadiens, en substance, je d\u00e9sire acc\u00e9der au m\u00eame droit de vivre. J\u2019esp\u00e8re recevoir tr\u00e8s rapidement de vos nouvelles concernant les actions qui seront entreprises pour garantir que l\u2019approbation de financement sera examin\u00e9e.<\/p>\n<p> Sinc\u00e8res salutations,<br \/> [Votre nom]\n<h2>Exemple de lettre &#8211; Deuxi\u00e8me traitement au Rituxan<\/h2>\n[Votre nom] [Adresse] [Ville, Province, Code postal]\n<p> [Date]\n<p> [L\u2019honorable (Nom complet)] [Titre] [Service] [Adresse] [Ville, Province, Code postal]\n<p> Madame, Monsieur [Nom du destinataire]\u00a0:<br \/> Depuis (XX) mois\/ann\u00e9es, je me bats contre un lymphome folliculaire non hodgkinien qui est un type grave de cancer affectant mes globules blancs et mon syst\u00e8me lymphatique.<\/p>\n<p> Je viens de r\u00e9cidiver et j\u2019ai \u00e9galement appris que certaines options de traitement fonctionneraient plus efficacement que la chimioth\u00e9rapie traditionnelle seule. De ce que j\u2019ai pu comprendre, le Rituxan ayant \u00e9t\u00e9 utilis\u00e9 pour me traiter apr\u00e8s mon premier diagnostic, il n\u2019est plus possible pour moi d\u2019en b\u00e9n\u00e9ficier en tant que produit de deuxi\u00e8me traitement. Un traitement suppl\u00e9mentaire avec le Rituxan pourrait augmenter mes chances de survie, c\u2019est pourquoi j\u2019insiste pour que vous mettiez en place les mesures progressistes n\u00e9cessaires pour financer ce traitement m\u00e9dicamenteux dans notre province.<\/p>\n<p> Ma qualit\u00e9 de vie sera prolong\u00e9e et am\u00e9lior\u00e9e si je peux avoir acc\u00e8s \u00e0 un deuxi\u00e8me traitement au Rituxan. Je d\u00e9sire b\u00e9n\u00e9ficier des m\u00eames opportunit\u00e9s que mes concitoyens canadiens. Je d\u00e9sire acc\u00e9der au m\u00eame droit de vivre. J\u2019esp\u00e8re recevoir bient\u00f4t une r\u00e9ponse de votre part.<\/p>\n<p> Sinc\u00e8res salutations,<br \/> [Votre nom]\n<h2>Exemple de lettre &#8211; Campath<\/h2>\n[Votre nom] [Adresse] [Ville, Province, Code postal]\n<p> [Date]\n<p> [L\u2019honorable (Nom complet)] [Titre] [Service] [Adresse] [Ville, Province, Code postal]\n<p> Madame, Monsieur [Nom du destinataire]\u00a0:<br \/> Depuis (XX) mois\/ann\u00e9es, je me bats contre une leuc\u00e9mie lymphocytique chronique (LLC) qui est un type grave de cancer affectant mes globules blancs et mon syst\u00e8me lymphatique.<\/p>\n<p> Je re\u00e7ois actuellement des traitements traditionnels qui, je l\u2019esp\u00e8re, seront efficaces. Je viens d\u2019apprendre l\u2019existence d\u2019une nouvelle option de traitement appel\u00e9e Campath, qui est diff\u00e9rente de la chimioth\u00e9rapie. Il s\u2019agit d\u2019une th\u00e9rapie par anticorps monoclonal, qui fonctionne en ciblant un antig\u00e8ne sp\u00e9cifique se trouvant sur les lymphocytes anormaux. Le Campath peut augmenter mes chances de survie, mais pour des raisons que je ne saisis pas totalement, ce traitement n\u2019est pas disponible \u00e0 tous les patients au Canada. Malheureusement, ces traitements ne sont pas disponibles dans notre province. J\u2019insiste pour que vous mettiez en place les mesures progressistes n\u00e9cessaires pour garantir \u00e0 tous les Canadiens un acc\u00e8s \u00e9galitaire aux m\u00e9dicaments pouvant leur sauver la vie.<\/p>\n<p> Ma qualit\u00e9 de vie sera prolong\u00e9e et am\u00e9lior\u00e9e si je peux b\u00e9n\u00e9ficier du Campath. Je d\u00e9sire b\u00e9n\u00e9ficier des m\u00eames opportunit\u00e9s que mes concitoyens canadiens. Je d\u00e9sire acc\u00e9der au m\u00eame droit de vivre. J\u2019esp\u00e8re recevoir bient\u00f4t une r\u00e9ponse de votre part.<\/p>\n<p> Sinc\u00e8res salutations,<br \/> [Votre nom]\n<h2>Exemple de lettre &#8211; Recherche sur le lymphome de Hodgkin<\/h2>\n[Votre nom] [Adresse] [Ville, Province, Code postal]\n<p> [Date]\n<p> [L\u2019honorable (Nom complet)] [Titre] [Service] [Adresse] [Ville, Province, Code postal]\n<p> Madame, Monsieur [Nom du destinataire]\u00a0:<br \/> Depuis (XX) mois\/ann\u00e9es, je vis avec un lymphome de Hodgkin, qui est un type de cancer affectant mes globules blancs et mon syst\u00e8me lymphatique. Il est inqui\u00e9tant de constater que l\u2019on se pr\u00e9occupe si peu de ce type de cancer alors qu\u2019il touche autant de jeunes personnes au Canada, et nous n\u2019en savons m\u00eame pas la cause. Nous savons qu\u2019il est de plus en plus fr\u00e9quent et nous ne faisons rien pour emp\u00eacher qu\u2019il devienne un probl\u00e8me bien plus grave.<\/p>\n<p> Je voudrais que le gouvernement canadien consacre plus d\u2019argent \u00e0 la recherche et qu\u2019il encourage les recherches dans ce domaine. J\u2019esp\u00e8re recevoir bient\u00f4t une r\u00e9ponse de votre part.<\/p>\n<p> Sinc\u00e8res salutations,<br \/> [Votre nom]\n","protected":false},"excerpt":{"rendered":"<p>Exemples de lettres Vous trouverez ici quelques exemples de lettres \u00e0 utiliser si vous d\u00e9sirez \u00e9crire au gouvernement pour demander l\u2019acc\u00e8s \u00e0 un traitement qui n\u2019est pas financ\u00e9 dans votre&#8230;<\/p>\n","protected":false},"author":6,"featured_media":0,"parent":0,"menu_order":100,"comment_status":"closed","ping_status":"closed","template":"","meta":{"_acf_changed":false,"footnotes":""},"categories":[],"tags":[],"class_list":["post-462","page","type-page","status-publish"],"acf":[],"yoast_head":"<!-- This site is optimized with the Yoast SEO plugin v26.7 - https:\/\/yoast.com\/wordpress\/plugins\/seo\/ -->\n<title>Exemples de lettres de plaidoyer - Lymphoma Canada<\/title>\n<meta name=\"robots\" content=\"index, follow, max-snippet:-1, max-image-preview:large, max-video-preview:-1\" \/>\n<link rel=\"canonical\" href=\"https:\/\/www.lymphoma.ca\/fr\/exemples-de-lettres-de-plaidoyer\/\" \/>\n<meta property=\"og:locale\" content=\"fr_FR\" \/>\n<meta property=\"og:type\" content=\"article\" \/>\n<meta property=\"og:title\" content=\"Exemples de lettres de plaidoyer - Lymphoma Canada\" \/>\n<meta property=\"og:description\" content=\"Exemples de lettres Vous trouverez ici quelques exemples de lettres \u00e0 utiliser si vous d\u00e9sirez \u00e9crire au gouvernement pour demander l\u2019acc\u00e8s \u00e0 un traitement qui n\u2019est pas financ\u00e9 dans votre...\" \/>\n<meta property=\"og:url\" content=\"https:\/\/www.lymphoma.ca\/fr\/exemples-de-lettres-de-plaidoyer\/\" \/>\n<meta property=\"og:site_name\" content=\"Lymphoma Canada\" \/>\n<meta property=\"article:publisher\" content=\"https:\/\/www.facebook.com\/LymphomaCanada\" \/>\n<meta name=\"twitter:card\" content=\"summary_large_image\" \/>\n<meta name=\"twitter:site\" content=\"@lymphomacanada\" \/>\n<meta name=\"twitter:label1\" content=\"Dur\u00e9e de lecture estim\u00e9e\" \/>\n\t<meta name=\"twitter:data1\" content=\"6 minutes\" \/>\n<script type=\"application\/ld+json\" class=\"yoast-schema-graph\">{\"@context\":\"https:\/\/schema.org\",\"@graph\":[{\"@type\":\"WebPage\",\"@id\":\"https:\/\/www.lymphoma.ca\/fr\/exemples-de-lettres-de-plaidoyer\/\",\"url\":\"https:\/\/www.lymphoma.ca\/fr\/exemples-de-lettres-de-plaidoyer\/\",\"name\":\"Exemples de lettres de plaidoyer - Lymphoma Canada\",\"isPartOf\":{\"@id\":\"https:\/\/www.lymphoma.ca\/fr\/#website\"},\"datePublished\":\"2010-05-17T04:00:00+00:00\",\"breadcrumb\":{\"@id\":\"https:\/\/www.lymphoma.ca\/fr\/exemples-de-lettres-de-plaidoyer\/#breadcrumb\"},\"inLanguage\":\"fr-FR\",\"potentialAction\":[{\"@type\":\"ReadAction\",\"target\":[\"https:\/\/www.lymphoma.ca\/fr\/exemples-de-lettres-de-plaidoyer\/\"]}]},{\"@type\":\"BreadcrumbList\",\"@id\":\"https:\/\/www.lymphoma.ca\/fr\/exemples-de-lettres-de-plaidoyer\/#breadcrumb\",\"itemListElement\":[{\"@type\":\"ListItem\",\"position\":1,\"name\":\"Home\",\"item\":\"https:\/\/www.lymphoma.ca\/fr\/\"},{\"@type\":\"ListItem\",\"position\":2,\"name\":\"Exemples de lettres de plaidoyer\"}]},{\"@type\":\"WebSite\",\"@id\":\"https:\/\/www.lymphoma.ca\/fr\/#website\",\"url\":\"https:\/\/www.lymphoma.ca\/fr\/\",\"name\":\"Lymphoma Canada\",\"description\":\"Information. Help. Hope.\",\"publisher\":{\"@id\":\"https:\/\/www.lymphoma.ca\/fr\/#organization\"},\"potentialAction\":[{\"@type\":\"SearchAction\",\"target\":{\"@type\":\"EntryPoint\",\"urlTemplate\":\"https:\/\/www.lymphoma.ca\/fr\/?s={search_term_string}\"},\"query-input\":{\"@type\":\"PropertyValueSpecification\",\"valueRequired\":true,\"valueName\":\"search_term_string\"}}],\"inLanguage\":\"fr-FR\"},{\"@type\":\"Organization\",\"@id\":\"https:\/\/www.lymphoma.ca\/fr\/#organization\",\"name\":\"Lymphoma Canada\",\"url\":\"https:\/\/www.lymphoma.ca\/fr\/\",\"logo\":{\"@type\":\"ImageObject\",\"inLanguage\":\"fr-FR\",\"@id\":\"https:\/\/www.lymphoma.ca\/fr\/#\/schema\/logo\/image\/\",\"url\":\"https:\/\/www.lymphoma.ca\/wp-content\/uploads\/2023\/05\/logo-lymphoma.jpg\",\"contentUrl\":\"https:\/\/www.lymphoma.ca\/wp-content\/uploads\/2023\/05\/logo-lymphoma.jpg\",\"width\":343,\"height\":343,\"caption\":\"Lymphoma Canada\"},\"image\":{\"@id\":\"https:\/\/www.lymphoma.ca\/fr\/#\/schema\/logo\/image\/\"},\"sameAs\":[\"https:\/\/www.facebook.com\/LymphomaCanada\",\"https:\/\/x.com\/lymphomacanada\",\"https:\/\/www.linkedin.com\/company\/lymphoma-canada\/\",\"http:\/\/instagram.com\/lymphomacanada\",\"http:\/\/www.youtube.com\/user\/LymphomaTV\"]}]}<\/script>\n<!-- \/ Yoast SEO plugin. -->","yoast_head_json":{"title":"Exemples de lettres de plaidoyer - Lymphoma Canada","robots":{"index":"index","follow":"follow","max-snippet":"max-snippet:-1","max-image-preview":"max-image-preview:large","max-video-preview":"max-video-preview:-1"},"canonical":"https:\/\/www.lymphoma.ca\/fr\/exemples-de-lettres-de-plaidoyer\/","og_locale":"fr_FR","og_type":"article","og_title":"Exemples de lettres de plaidoyer - Lymphoma Canada","og_description":"Exemples de lettres Vous trouverez ici quelques exemples de lettres \u00e0 utiliser si vous d\u00e9sirez \u00e9crire au gouvernement pour demander l\u2019acc\u00e8s \u00e0 un traitement qui n\u2019est pas financ\u00e9 dans votre...","og_url":"https:\/\/www.lymphoma.ca\/fr\/exemples-de-lettres-de-plaidoyer\/","og_site_name":"Lymphoma Canada","article_publisher":"https:\/\/www.facebook.com\/LymphomaCanada","twitter_card":"summary_large_image","twitter_site":"@lymphomacanada","twitter_misc":{"Dur\u00e9e de lecture estim\u00e9e":"6 minutes"},"schema":{"@context":"https:\/\/schema.org","@graph":[{"@type":"WebPage","@id":"https:\/\/www.lymphoma.ca\/fr\/exemples-de-lettres-de-plaidoyer\/","url":"https:\/\/www.lymphoma.ca\/fr\/exemples-de-lettres-de-plaidoyer\/","name":"Exemples de lettres de plaidoyer - Lymphoma Canada","isPartOf":{"@id":"https:\/\/www.lymphoma.ca\/fr\/#website"},"datePublished":"2010-05-17T04:00:00+00:00","breadcrumb":{"@id":"https:\/\/www.lymphoma.ca\/fr\/exemples-de-lettres-de-plaidoyer\/#breadcrumb"},"inLanguage":"fr-FR","potentialAction":[{"@type":"ReadAction","target":["https:\/\/www.lymphoma.ca\/fr\/exemples-de-lettres-de-plaidoyer\/"]}]},{"@type":"BreadcrumbList","@id":"https:\/\/www.lymphoma.ca\/fr\/exemples-de-lettres-de-plaidoyer\/#breadcrumb","itemListElement":[{"@type":"ListItem","position":1,"name":"Home","item":"https:\/\/www.lymphoma.ca\/fr\/"},{"@type":"ListItem","position":2,"name":"Exemples de lettres de plaidoyer"}]},{"@type":"WebSite","@id":"https:\/\/www.lymphoma.ca\/fr\/#website","url":"https:\/\/www.lymphoma.ca\/fr\/","name":"Lymphoma Canada","description":"Information. Help. Hope.","publisher":{"@id":"https:\/\/www.lymphoma.ca\/fr\/#organization"},"potentialAction":[{"@type":"SearchAction","target":{"@type":"EntryPoint","urlTemplate":"https:\/\/www.lymphoma.ca\/fr\/?s={search_term_string}"},"query-input":{"@type":"PropertyValueSpecification","valueRequired":true,"valueName":"search_term_string"}}],"inLanguage":"fr-FR"},{"@type":"Organization","@id":"https:\/\/www.lymphoma.ca\/fr\/#organization","name":"Lymphoma Canada","url":"https:\/\/www.lymphoma.ca\/fr\/","logo":{"@type":"ImageObject","inLanguage":"fr-FR","@id":"https:\/\/www.lymphoma.ca\/fr\/#\/schema\/logo\/image\/","url":"https:\/\/www.lymphoma.ca\/wp-content\/uploads\/2023\/05\/logo-lymphoma.jpg","contentUrl":"https:\/\/www.lymphoma.ca\/wp-content\/uploads\/2023\/05\/logo-lymphoma.jpg","width":343,"height":343,"caption":"Lymphoma Canada"},"image":{"@id":"https:\/\/www.lymphoma.ca\/fr\/#\/schema\/logo\/image\/"},"sameAs":["https:\/\/www.facebook.com\/LymphomaCanada","https:\/\/x.com\/lymphomacanada","https:\/\/www.linkedin.com\/company\/lymphoma-canada\/","http:\/\/instagram.com\/lymphomacanada","http:\/\/www.youtube.com\/user\/LymphomaTV"]}]}},"_links":{"self":[{"href":"https:\/\/www.lymphoma.ca\/fr\/wp-json\/wp\/v2\/pages\/462","targetHints":{"allow":["GET"]}}],"collection":[{"href":"https:\/\/www.lymphoma.ca\/fr\/wp-json\/wp\/v2\/pages"}],"about":[{"href":"https:\/\/www.lymphoma.ca\/fr\/wp-json\/wp\/v2\/types\/page"}],"author":[{"embeddable":true,"href":"https:\/\/www.lymphoma.ca\/fr\/wp-json\/wp\/v2\/users\/6"}],"replies":[{"embeddable":true,"href":"https:\/\/www.lymphoma.ca\/fr\/wp-json\/wp\/v2\/comments?post=462"}],"version-history":[{"count":0,"href":"https:\/\/www.lymphoma.ca\/fr\/wp-json\/wp\/v2\/pages\/462\/revisions"}],"wp:attachment":[{"href":"https:\/\/www.lymphoma.ca\/fr\/wp-json\/wp\/v2\/media?parent=462"}],"wp:term":[{"taxonomy":"category","embeddable":true,"href":"https:\/\/www.lymphoma.ca\/fr\/wp-json\/wp\/v2\/categories?post=462"},{"taxonomy":"post_tag","embeddable":true,"href":"https:\/\/www.lymphoma.ca\/fr\/wp-json\/wp\/v2\/tags?post=462"}],"curies":[{"name":"wp","href":"https:\/\/api.w.org\/{rel}","templated":true}]}}