{"id":468,"date":"2010-06-09T04:00:00","date_gmt":"2010-06-09T04:00:00","guid":{"rendered":"https:\/\/www.lymphoma.ca\/?page_id=468"},"modified":"2010-06-09T04:00:00","modified_gmt":"2010-06-09T04:00:00","slug":"le-role-des-amis-du-patient","status":"publish","type":"page","link":"https:\/\/www.lymphoma.ca\/fr\/le-role-des-amis-du-patient\/","title":{"rendered":"Le r\u00f4le des amis du patient"},"content":{"rendered":"<p>Le soutien de la famille et des amis peut contribuer \u00e0 l\u2019\u00e9tat d\u2019esprit positif d\u2019un patient \u00e0 la suite du diagnostic d\u2019un lymphome. De nombreuses personnes ne savent pas comment agir face \u00e0 un ami atteint de cancer et craignent de dire ou de faire quelque chose de travers. Voici comment les amis peuvent aider\u00a0:<\/p>\n<div id=\"section1\">\n<h2>Soyez une oreille attentive.<\/h2>\n<p>Soyez disponible pour votre ami(e) et faites-lui savoir que vous \u00eates l\u00e0, que vous tenez \u00e0 lui\/elle et dites-lui de ne pas h\u00e9siter \u00e0 vous parler de son \u00e9preuve. Lorsque votre ami(e) se sent pr\u00eat(e) \u00e0 parler, laissez-le\/la faire. Il est important de l\u2019\u00e9couter sans chercher \u00e0 r\u00e9soudre les probl\u00e8mes. Le plus souvent, les patients ont besoin d\u2019une oreille attentive et non de quelqu\u2019un qui cherche \u00e0 r\u00e9soudre leurs probl\u00e8mes. Soyez \u00e9galement attentif \u00e0 la fa\u00e7on dont il\/elle parle, et pas seulement \u00e0 ce qu\u2019il\/elle dit. Essayez de comprendre ce qu\u2019il\/elle veut exprimer mais n\u2019arrive pas \u00e0 dire.<\/p>\n<\/div>\n<div id=\"section2\">\n<h2>Apaisez-le\/la lorsqu\u2019il\/elle se sent coupable ou se fait des reproches.<\/h2>\n<p>De nombreux patients se reprochent leur diagnostic. Ils pensent que s\u2019ils s\u2019\u00e9taient mieux aliment\u00e9s, s\u2019ils avaient fait du sport ou avaient mieux g\u00e9r\u00e9 leur stress, ils n\u2019auraient pas eu de cancer. Il est important que l\u2019ami soit capable d\u2019apporter le soutien n\u00e9cessaire lorsqu\u2019il s\u2019agit de convaincre le patient qu\u2019il n\u2019a rien \u00e0 se reprocher. Cela encourage les patients \u00e0 prendre soin d\u2019eux-m\u00eames, \u00e0 avoir une attitude proactive face au traitement et \u00e0 ne pas se sentir d\u00e9sesp\u00e9r\u00e9s.<\/p>\n<\/div>\n<div id=\"section3\">\n<h2>Aidez le patient dans sa routine quotidienne.<\/h2>\n<p>Lorsque ce dernier passe du diagnostic au traitement, ou va plus loin encore, les amis peuvent apporter un soutien plus concret, tout particuli\u00e8rement pendant le traitement, o\u00f9 le corps du patient est soumis \u00e0 une rude \u00e9preuve et o\u00f9 le patient est limit\u00e9 dans ses activit\u00e9s. Quelques exemples de ce que peut faire un ami\u00a0: \u00eatre disponible pour prendre soin des enfants ou aider \u00e0 pr\u00e9parer les repas ou \u00e0 faire les courses. Le genre d\u2019aide que recherche un patient chez ses amis d\u00e9pend du patient lui-m\u00eame. En outre, certaines personnes atteintes de cancer pourraient h\u00e9siter \u00e0 demander de l\u2019aide; dans ce cas un ami doit se montrer plus proactif et prendre l\u2019initiative. D\u2019autres peuvent se sentir suffisamment autonomes et pr\u00e9f\u00e8rent accomplir leurs t\u00e2ches quotidiennes par eux-m\u00eames, aussi longtemps qu\u2019ils le peuvent.<\/p>\n<\/div>\n<div id=\"section4\">\n<h2>Le r\u00f4le des coll\u00e8gues<\/h2>\n<p>Les coll\u00e8gues et les connaissances peuvent \u00e9galement apporter leur soutien au patient du lymphome, en lui montrant qu\u2019ils se sentent concern\u00e9s et en lui proposant raisonnablement leur assistance, comme pour terminer une t\u00e2che au travail ou pour un remplacement, au besoin. La seule chose que des amis ne devraient pas faire est de sous-estimer le r\u00f4le qu\u2019ils jouent dans la r\u00e9cup\u00e9ration du patient. En b\u00e9n\u00e9ficiant du soutien social dont il a besoin, le patient fait plus facilement face \u00e0 sa maladie.<\/p>\n<\/div>\n","protected":false},"excerpt":{"rendered":"<p>Le soutien de la famille et des amis peut contribuer \u00e0 l\u2019\u00e9tat d\u2019esprit positif d\u2019un patient \u00e0 la suite du diagnostic d\u2019un lymphome. De nombreuses personnes ne savent pas comment&#8230;<\/p>\n","protected":false},"author":6,"featured_media":0,"parent":0,"menu_order":97,"comment_status":"closed","ping_status":"closed","template":"","meta":{"_acf_changed":false,"footnotes":""},"categories":[],"tags":[],"class_list":["post-468","page","type-page","status-publish"],"acf":[],"yoast_head":"<!-- This site is optimized with the Yoast SEO plugin v26.7 - https:\/\/yoast.com\/wordpress\/plugins\/seo\/ -->\n<title>Le r\u00f4le des amis du patient - Lymphoma Canada<\/title>\n<meta name=\"robots\" content=\"index, follow, max-snippet:-1, max-image-preview:large, max-video-preview:-1\" \/>\n<link rel=\"canonical\" href=\"https:\/\/www.lymphoma.ca\/fr\/le-role-des-amis-du-patient\/\" \/>\n<meta property=\"og:locale\" content=\"fr_FR\" \/>\n<meta property=\"og:type\" content=\"article\" \/>\n<meta property=\"og:title\" content=\"Le r\u00f4le des amis du patient - Lymphoma Canada\" \/>\n<meta property=\"og:description\" content=\"Le soutien de la famille et des amis peut contribuer \u00e0 l\u2019\u00e9tat d\u2019esprit positif d\u2019un patient \u00e0 la suite du diagnostic d\u2019un lymphome. De nombreuses personnes ne savent pas comment...\" \/>\n<meta property=\"og:url\" content=\"https:\/\/www.lymphoma.ca\/fr\/le-role-des-amis-du-patient\/\" \/>\n<meta property=\"og:site_name\" content=\"Lymphoma Canada\" \/>\n<meta property=\"article:publisher\" content=\"https:\/\/www.facebook.com\/LymphomaCanada\" \/>\n<meta name=\"twitter:card\" content=\"summary_large_image\" \/>\n<meta name=\"twitter:site\" content=\"@lymphomacanada\" \/>\n<meta name=\"twitter:label1\" content=\"Dur\u00e9e de lecture estim\u00e9e\" \/>\n\t<meta name=\"twitter:data1\" content=\"3 minutes\" \/>\n<script type=\"application\/ld+json\" class=\"yoast-schema-graph\">{\"@context\":\"https:\/\/schema.org\",\"@graph\":[{\"@type\":\"WebPage\",\"@id\":\"https:\/\/www.lymphoma.ca\/fr\/le-role-des-amis-du-patient\/\",\"url\":\"https:\/\/www.lymphoma.ca\/fr\/le-role-des-amis-du-patient\/\",\"name\":\"Le r\u00f4le des amis du patient - Lymphoma Canada\",\"isPartOf\":{\"@id\":\"https:\/\/www.lymphoma.ca\/fr\/#website\"},\"datePublished\":\"2010-06-09T04:00:00+00:00\",\"breadcrumb\":{\"@id\":\"https:\/\/www.lymphoma.ca\/fr\/le-role-des-amis-du-patient\/#breadcrumb\"},\"inLanguage\":\"fr-FR\",\"potentialAction\":[{\"@type\":\"ReadAction\",\"target\":[\"https:\/\/www.lymphoma.ca\/fr\/le-role-des-amis-du-patient\/\"]}]},{\"@type\":\"BreadcrumbList\",\"@id\":\"https:\/\/www.lymphoma.ca\/fr\/le-role-des-amis-du-patient\/#breadcrumb\",\"itemListElement\":[{\"@type\":\"ListItem\",\"position\":1,\"name\":\"Home\",\"item\":\"https:\/\/www.lymphoma.ca\/fr\/\"},{\"@type\":\"ListItem\",\"position\":2,\"name\":\"Le r\u00f4le des amis du patient\"}]},{\"@type\":\"WebSite\",\"@id\":\"https:\/\/www.lymphoma.ca\/fr\/#website\",\"url\":\"https:\/\/www.lymphoma.ca\/fr\/\",\"name\":\"Lymphoma Canada\",\"description\":\"Information. Help. Hope.\",\"publisher\":{\"@id\":\"https:\/\/www.lymphoma.ca\/fr\/#organization\"},\"potentialAction\":[{\"@type\":\"SearchAction\",\"target\":{\"@type\":\"EntryPoint\",\"urlTemplate\":\"https:\/\/www.lymphoma.ca\/fr\/?s={search_term_string}\"},\"query-input\":{\"@type\":\"PropertyValueSpecification\",\"valueRequired\":true,\"valueName\":\"search_term_string\"}}],\"inLanguage\":\"fr-FR\"},{\"@type\":\"Organization\",\"@id\":\"https:\/\/www.lymphoma.ca\/fr\/#organization\",\"name\":\"Lymphoma Canada\",\"url\":\"https:\/\/www.lymphoma.ca\/fr\/\",\"logo\":{\"@type\":\"ImageObject\",\"inLanguage\":\"fr-FR\",\"@id\":\"https:\/\/www.lymphoma.ca\/fr\/#\/schema\/logo\/image\/\",\"url\":\"https:\/\/www.lymphoma.ca\/wp-content\/uploads\/2023\/05\/logo-lymphoma.jpg\",\"contentUrl\":\"https:\/\/www.lymphoma.ca\/wp-content\/uploads\/2023\/05\/logo-lymphoma.jpg\",\"width\":343,\"height\":343,\"caption\":\"Lymphoma Canada\"},\"image\":{\"@id\":\"https:\/\/www.lymphoma.ca\/fr\/#\/schema\/logo\/image\/\"},\"sameAs\":[\"https:\/\/www.facebook.com\/LymphomaCanada\",\"https:\/\/x.com\/lymphomacanada\",\"https:\/\/www.linkedin.com\/company\/lymphoma-canada\/\",\"http:\/\/instagram.com\/lymphomacanada\",\"http:\/\/www.youtube.com\/user\/LymphomaTV\"]}]}<\/script>\n<!-- \/ Yoast SEO plugin. -->","yoast_head_json":{"title":"Le r\u00f4le des amis du patient - Lymphoma Canada","robots":{"index":"index","follow":"follow","max-snippet":"max-snippet:-1","max-image-preview":"max-image-preview:large","max-video-preview":"max-video-preview:-1"},"canonical":"https:\/\/www.lymphoma.ca\/fr\/le-role-des-amis-du-patient\/","og_locale":"fr_FR","og_type":"article","og_title":"Le r\u00f4le des amis du patient - Lymphoma Canada","og_description":"Le soutien de la famille et des amis peut contribuer \u00e0 l\u2019\u00e9tat d\u2019esprit positif d\u2019un patient \u00e0 la suite du diagnostic d\u2019un lymphome. De nombreuses personnes ne savent pas comment...","og_url":"https:\/\/www.lymphoma.ca\/fr\/le-role-des-amis-du-patient\/","og_site_name":"Lymphoma Canada","article_publisher":"https:\/\/www.facebook.com\/LymphomaCanada","twitter_card":"summary_large_image","twitter_site":"@lymphomacanada","twitter_misc":{"Dur\u00e9e de lecture estim\u00e9e":"3 minutes"},"schema":{"@context":"https:\/\/schema.org","@graph":[{"@type":"WebPage","@id":"https:\/\/www.lymphoma.ca\/fr\/le-role-des-amis-du-patient\/","url":"https:\/\/www.lymphoma.ca\/fr\/le-role-des-amis-du-patient\/","name":"Le r\u00f4le des amis du patient - Lymphoma Canada","isPartOf":{"@id":"https:\/\/www.lymphoma.ca\/fr\/#website"},"datePublished":"2010-06-09T04:00:00+00:00","breadcrumb":{"@id":"https:\/\/www.lymphoma.ca\/fr\/le-role-des-amis-du-patient\/#breadcrumb"},"inLanguage":"fr-FR","potentialAction":[{"@type":"ReadAction","target":["https:\/\/www.lymphoma.ca\/fr\/le-role-des-amis-du-patient\/"]}]},{"@type":"BreadcrumbList","@id":"https:\/\/www.lymphoma.ca\/fr\/le-role-des-amis-du-patient\/#breadcrumb","itemListElement":[{"@type":"ListItem","position":1,"name":"Home","item":"https:\/\/www.lymphoma.ca\/fr\/"},{"@type":"ListItem","position":2,"name":"Le r\u00f4le des amis du patient"}]},{"@type":"WebSite","@id":"https:\/\/www.lymphoma.ca\/fr\/#website","url":"https:\/\/www.lymphoma.ca\/fr\/","name":"Lymphoma Canada","description":"Information. Help. Hope.","publisher":{"@id":"https:\/\/www.lymphoma.ca\/fr\/#organization"},"potentialAction":[{"@type":"SearchAction","target":{"@type":"EntryPoint","urlTemplate":"https:\/\/www.lymphoma.ca\/fr\/?s={search_term_string}"},"query-input":{"@type":"PropertyValueSpecification","valueRequired":true,"valueName":"search_term_string"}}],"inLanguage":"fr-FR"},{"@type":"Organization","@id":"https:\/\/www.lymphoma.ca\/fr\/#organization","name":"Lymphoma Canada","url":"https:\/\/www.lymphoma.ca\/fr\/","logo":{"@type":"ImageObject","inLanguage":"fr-FR","@id":"https:\/\/www.lymphoma.ca\/fr\/#\/schema\/logo\/image\/","url":"https:\/\/www.lymphoma.ca\/wp-content\/uploads\/2023\/05\/logo-lymphoma.jpg","contentUrl":"https:\/\/www.lymphoma.ca\/wp-content\/uploads\/2023\/05\/logo-lymphoma.jpg","width":343,"height":343,"caption":"Lymphoma Canada"},"image":{"@id":"https:\/\/www.lymphoma.ca\/fr\/#\/schema\/logo\/image\/"},"sameAs":["https:\/\/www.facebook.com\/LymphomaCanada","https:\/\/x.com\/lymphomacanada","https:\/\/www.linkedin.com\/company\/lymphoma-canada\/","http:\/\/instagram.com\/lymphomacanada","http:\/\/www.youtube.com\/user\/LymphomaTV"]}]}},"_links":{"self":[{"href":"https:\/\/www.lymphoma.ca\/fr\/wp-json\/wp\/v2\/pages\/468","targetHints":{"allow":["GET"]}}],"collection":[{"href":"https:\/\/www.lymphoma.ca\/fr\/wp-json\/wp\/v2\/pages"}],"about":[{"href":"https:\/\/www.lymphoma.ca\/fr\/wp-json\/wp\/v2\/types\/page"}],"author":[{"embeddable":true,"href":"https:\/\/www.lymphoma.ca\/fr\/wp-json\/wp\/v2\/users\/6"}],"replies":[{"embeddable":true,"href":"https:\/\/www.lymphoma.ca\/fr\/wp-json\/wp\/v2\/comments?post=468"}],"version-history":[{"count":0,"href":"https:\/\/www.lymphoma.ca\/fr\/wp-json\/wp\/v2\/pages\/468\/revisions"}],"wp:attachment":[{"href":"https:\/\/www.lymphoma.ca\/fr\/wp-json\/wp\/v2\/media?parent=468"}],"wp:term":[{"taxonomy":"category","embeddable":true,"href":"https:\/\/www.lymphoma.ca\/fr\/wp-json\/wp\/v2\/categories?post=468"},{"taxonomy":"post_tag","embeddable":true,"href":"https:\/\/www.lymphoma.ca\/fr\/wp-json\/wp\/v2\/tags?post=468"}],"curies":[{"name":"wp","href":"https:\/\/api.w.org\/{rel}","templated":true}]}}