{"id":477,"date":"2012-09-07T04:00:00","date_gmt":"2012-09-07T04:00:00","guid":{"rendered":"https:\/\/www.lymphoma.ca\/?page_id=477"},"modified":"2012-09-07T04:00:00","modified_gmt":"2012-09-07T04:00:00","slug":"sondage-aupres-des-patients-atteints-dun-lymphome-2012","status":"publish","type":"page","link":"https:\/\/www.lymphoma.ca\/fr\/sondage-aupres-des-patients-atteints-dun-lymphome-2012\/","title":{"rendered":"Sondage aupr\u00e8s des patients atteints d\u2019un lymphome, 2012"},"content":{"rendered":"<p>La Fondation Lymphome Canada effectue un sondage tr\u00e8s important \u00e0 l&rsquo;\u00e9chelle nationale. Le principal objectif de celui-ci est de mieux comprendre l&rsquo;exp\u00e9rience des patients et de cibler les domaines vers lesquels les prochains programmes et initiatives seront orient\u00e9s. <\/p>\n<p>Le questionnaire en ligne peut \u00eatre compl\u00e8tement anonyme et ne devrait pas vous prendre plus de 15 minutes \u00e0 remplir.<\/p>\n<p>Si vous avez re\u00e7u un diagnostic de lymphome, nous vous invitons \u00e0 r\u00e9pondre au sondage en cliquant sur le lien ci dessous:<\/p>\n<p><a href=\"http:\/\/fluidsurveys.com\/s\/2012ps1\/?l=fr\">Cliquez ici pour le sondage aupr\u00e8s des patients atteints d&rsquo;un lymphome, 2012<\/a><\/p>\n<p>Nous vous remercions d&rsquo;avance pour votre participation.<\/p>\n<p>Veuillez agr\u00e9er, Madame, Monsieur, nos salutations les plus cordiales.<\/p>\n<p>\nSue Robson<br \/>\nDirectrice administrative<\/p>\n","protected":false},"excerpt":{"rendered":"<p>La Fondation Lymphome Canada effectue un sondage tr\u00e8s important \u00e0 l&rsquo;\u00e9chelle nationale. Le principal objectif de celui-ci est de mieux comprendre l&rsquo;exp\u00e9rience des patients et de cibler les domaines vers&#8230;<\/p>\n","protected":false},"author":6,"featured_media":0,"parent":0,"menu_order":101,"comment_status":"closed","ping_status":"closed","template":"","meta":{"_acf_changed":false,"footnotes":""},"categories":[],"tags":[],"class_list":["post-477","page","type-page","status-publish"],"acf":[],"yoast_head":"<!-- This site is optimized with the Yoast SEO plugin v26.7 - https:\/\/yoast.com\/wordpress\/plugins\/seo\/ -->\n<title>Sondage aupr\u00e8s des patients atteints d\u2019un lymphome, 2012 - Lymphoma Canada<\/title>\n<meta name=\"robots\" content=\"index, follow, max-snippet:-1, max-image-preview:large, max-video-preview:-1\" \/>\n<link rel=\"canonical\" href=\"https:\/\/www.lymphoma.ca\/2012-lymphoma-patient-survey\/\" \/>\n<meta property=\"og:locale\" content=\"fr_FR\" \/>\n<meta property=\"og:type\" content=\"article\" \/>\n<meta property=\"og:title\" content=\"Sondage aupr\u00e8s des patients atteints d\u2019un lymphome, 2012 - Lymphoma Canada\" \/>\n<meta property=\"og:description\" content=\"La Fondation Lymphome Canada effectue un sondage tr\u00e8s important \u00e0 l&rsquo;\u00e9chelle nationale. Le principal objectif de celui-ci est de mieux comprendre l&rsquo;exp\u00e9rience des patients et de cibler les domaines vers...\" \/>\n<meta property=\"og:url\" content=\"https:\/\/www.lymphoma.ca\/2012-lymphoma-patient-survey\/\" \/>\n<meta property=\"og:site_name\" content=\"Lymphoma Canada\" \/>\n<meta property=\"article:publisher\" content=\"https:\/\/www.facebook.com\/LymphomaCanada\" \/>\n<meta name=\"twitter:card\" content=\"summary_large_image\" \/>\n<meta name=\"twitter:site\" content=\"@lymphomacanada\" \/>\n<meta name=\"twitter:label1\" content=\"Dur\u00e9e de lecture estim\u00e9e\" \/>\n\t<meta name=\"twitter:data1\" content=\"1 minute\" \/>\n<script type=\"application\/ld+json\" class=\"yoast-schema-graph\">{\"@context\":\"https:\/\/schema.org\",\"@graph\":[{\"@type\":\"WebPage\",\"@id\":\"https:\/\/www.lymphoma.ca\/2012-lymphoma-patient-survey\/\",\"url\":\"https:\/\/www.lymphoma.ca\/2012-lymphoma-patient-survey\/\",\"name\":\"Sondage aupr\u00e8s des patients atteints d\u2019un lymphome, 2012 - Lymphoma Canada\",\"isPartOf\":{\"@id\":\"https:\/\/www.lymphoma.ca\/fr\/#website\"},\"datePublished\":\"2012-09-07T04:00:00+00:00\",\"breadcrumb\":{\"@id\":\"https:\/\/www.lymphoma.ca\/2012-lymphoma-patient-survey\/#breadcrumb\"},\"inLanguage\":\"fr-FR\",\"potentialAction\":[{\"@type\":\"ReadAction\",\"target\":[\"https:\/\/www.lymphoma.ca\/2012-lymphoma-patient-survey\/\"]}]},{\"@type\":\"BreadcrumbList\",\"@id\":\"https:\/\/www.lymphoma.ca\/2012-lymphoma-patient-survey\/#breadcrumb\",\"itemListElement\":[{\"@type\":\"ListItem\",\"position\":1,\"name\":\"Home\",\"item\":\"https:\/\/www.lymphoma.ca\/fr\/\"},{\"@type\":\"ListItem\",\"position\":2,\"name\":\"Sondage aupr\u00e8s des patients atteints d\u2019un lymphome, 2012\"}]},{\"@type\":\"WebSite\",\"@id\":\"https:\/\/www.lymphoma.ca\/fr\/#website\",\"url\":\"https:\/\/www.lymphoma.ca\/fr\/\",\"name\":\"Lymphoma Canada\",\"description\":\"Information. Help. Hope.\",\"publisher\":{\"@id\":\"https:\/\/www.lymphoma.ca\/fr\/#organization\"},\"potentialAction\":[{\"@type\":\"SearchAction\",\"target\":{\"@type\":\"EntryPoint\",\"urlTemplate\":\"https:\/\/www.lymphoma.ca\/fr\/?s={search_term_string}\"},\"query-input\":{\"@type\":\"PropertyValueSpecification\",\"valueRequired\":true,\"valueName\":\"search_term_string\"}}],\"inLanguage\":\"fr-FR\"},{\"@type\":\"Organization\",\"@id\":\"https:\/\/www.lymphoma.ca\/fr\/#organization\",\"name\":\"Lymphoma Canada\",\"url\":\"https:\/\/www.lymphoma.ca\/fr\/\",\"logo\":{\"@type\":\"ImageObject\",\"inLanguage\":\"fr-FR\",\"@id\":\"https:\/\/www.lymphoma.ca\/fr\/#\/schema\/logo\/image\/\",\"url\":\"https:\/\/www.lymphoma.ca\/wp-content\/uploads\/2023\/05\/logo-lymphoma.jpg\",\"contentUrl\":\"https:\/\/www.lymphoma.ca\/wp-content\/uploads\/2023\/05\/logo-lymphoma.jpg\",\"width\":343,\"height\":343,\"caption\":\"Lymphoma Canada\"},\"image\":{\"@id\":\"https:\/\/www.lymphoma.ca\/fr\/#\/schema\/logo\/image\/\"},\"sameAs\":[\"https:\/\/www.facebook.com\/LymphomaCanada\",\"https:\/\/x.com\/lymphomacanada\",\"https:\/\/www.linkedin.com\/company\/lymphoma-canada\/\",\"http:\/\/instagram.com\/lymphomacanada\",\"http:\/\/www.youtube.com\/user\/LymphomaTV\"]}]}<\/script>\n<!-- \/ Yoast SEO plugin. -->","yoast_head_json":{"title":"Sondage aupr\u00e8s des patients atteints d\u2019un lymphome, 2012 - Lymphoma Canada","robots":{"index":"index","follow":"follow","max-snippet":"max-snippet:-1","max-image-preview":"max-image-preview:large","max-video-preview":"max-video-preview:-1"},"canonical":"https:\/\/www.lymphoma.ca\/2012-lymphoma-patient-survey\/","og_locale":"fr_FR","og_type":"article","og_title":"Sondage aupr\u00e8s des patients atteints d\u2019un lymphome, 2012 - Lymphoma Canada","og_description":"La Fondation Lymphome Canada effectue un sondage tr\u00e8s important \u00e0 l&rsquo;\u00e9chelle nationale. Le principal objectif de celui-ci est de mieux comprendre l&rsquo;exp\u00e9rience des patients et de cibler les domaines vers...","og_url":"https:\/\/www.lymphoma.ca\/2012-lymphoma-patient-survey\/","og_site_name":"Lymphoma Canada","article_publisher":"https:\/\/www.facebook.com\/LymphomaCanada","twitter_card":"summary_large_image","twitter_site":"@lymphomacanada","twitter_misc":{"Dur\u00e9e de lecture estim\u00e9e":"1 minute"},"schema":{"@context":"https:\/\/schema.org","@graph":[{"@type":"WebPage","@id":"https:\/\/www.lymphoma.ca\/2012-lymphoma-patient-survey\/","url":"https:\/\/www.lymphoma.ca\/2012-lymphoma-patient-survey\/","name":"Sondage aupr\u00e8s des patients atteints d\u2019un lymphome, 2012 - Lymphoma Canada","isPartOf":{"@id":"https:\/\/www.lymphoma.ca\/fr\/#website"},"datePublished":"2012-09-07T04:00:00+00:00","breadcrumb":{"@id":"https:\/\/www.lymphoma.ca\/2012-lymphoma-patient-survey\/#breadcrumb"},"inLanguage":"fr-FR","potentialAction":[{"@type":"ReadAction","target":["https:\/\/www.lymphoma.ca\/2012-lymphoma-patient-survey\/"]}]},{"@type":"BreadcrumbList","@id":"https:\/\/www.lymphoma.ca\/2012-lymphoma-patient-survey\/#breadcrumb","itemListElement":[{"@type":"ListItem","position":1,"name":"Home","item":"https:\/\/www.lymphoma.ca\/fr\/"},{"@type":"ListItem","position":2,"name":"Sondage aupr\u00e8s des patients atteints d\u2019un lymphome, 2012"}]},{"@type":"WebSite","@id":"https:\/\/www.lymphoma.ca\/fr\/#website","url":"https:\/\/www.lymphoma.ca\/fr\/","name":"Lymphoma Canada","description":"Information. Help. Hope.","publisher":{"@id":"https:\/\/www.lymphoma.ca\/fr\/#organization"},"potentialAction":[{"@type":"SearchAction","target":{"@type":"EntryPoint","urlTemplate":"https:\/\/www.lymphoma.ca\/fr\/?s={search_term_string}"},"query-input":{"@type":"PropertyValueSpecification","valueRequired":true,"valueName":"search_term_string"}}],"inLanguage":"fr-FR"},{"@type":"Organization","@id":"https:\/\/www.lymphoma.ca\/fr\/#organization","name":"Lymphoma Canada","url":"https:\/\/www.lymphoma.ca\/fr\/","logo":{"@type":"ImageObject","inLanguage":"fr-FR","@id":"https:\/\/www.lymphoma.ca\/fr\/#\/schema\/logo\/image\/","url":"https:\/\/www.lymphoma.ca\/wp-content\/uploads\/2023\/05\/logo-lymphoma.jpg","contentUrl":"https:\/\/www.lymphoma.ca\/wp-content\/uploads\/2023\/05\/logo-lymphoma.jpg","width":343,"height":343,"caption":"Lymphoma Canada"},"image":{"@id":"https:\/\/www.lymphoma.ca\/fr\/#\/schema\/logo\/image\/"},"sameAs":["https:\/\/www.facebook.com\/LymphomaCanada","https:\/\/x.com\/lymphomacanada","https:\/\/www.linkedin.com\/company\/lymphoma-canada\/","http:\/\/instagram.com\/lymphomacanada","http:\/\/www.youtube.com\/user\/LymphomaTV"]}]}},"_links":{"self":[{"href":"https:\/\/www.lymphoma.ca\/fr\/wp-json\/wp\/v2\/pages\/477","targetHints":{"allow":["GET"]}}],"collection":[{"href":"https:\/\/www.lymphoma.ca\/fr\/wp-json\/wp\/v2\/pages"}],"about":[{"href":"https:\/\/www.lymphoma.ca\/fr\/wp-json\/wp\/v2\/types\/page"}],"author":[{"embeddable":true,"href":"https:\/\/www.lymphoma.ca\/fr\/wp-json\/wp\/v2\/users\/6"}],"replies":[{"embeddable":true,"href":"https:\/\/www.lymphoma.ca\/fr\/wp-json\/wp\/v2\/comments?post=477"}],"version-history":[{"count":0,"href":"https:\/\/www.lymphoma.ca\/fr\/wp-json\/wp\/v2\/pages\/477\/revisions"}],"wp:attachment":[{"href":"https:\/\/www.lymphoma.ca\/fr\/wp-json\/wp\/v2\/media?parent=477"}],"wp:term":[{"taxonomy":"category","embeddable":true,"href":"https:\/\/www.lymphoma.ca\/fr\/wp-json\/wp\/v2\/categories?post=477"},{"taxonomy":"post_tag","embeddable":true,"href":"https:\/\/www.lymphoma.ca\/fr\/wp-json\/wp\/v2\/tags?post=477"}],"curies":[{"name":"wp","href":"https:\/\/api.w.org\/{rel}","templated":true}]}}