{"id":520,"date":"2013-04-25T02:08:21","date_gmt":"2013-04-25T02:08:21","guid":{"rendered":"https:\/\/www.lymphoma.ca\/?page_id=520"},"modified":"2020-04-17T18:41:37","modified_gmt":"2020-04-17T18:41:37","slug":"legs","status":"publish","type":"page","link":"https:\/\/www.lymphoma.ca\/fr\/facons-de-donner\/dons-planifies\/legs\/","title":{"rendered":"Legs"},"content":{"rendered":"<h2>Nous vous remercions de consid\u00e9rer Lymphome Canada dans votre testament.<\/h2>\n<p>C\u2019est une des fa\u00e7ons les plus simples de profiter des dons planifi\u00e9s que tout un chacun peut r\u00e9aliser.<\/p>\n<p>Vous pouvez pr\u00e9voir un legs testamentaire pour une somme sp\u00e9cifique, un actif particulier ou un pourcentage de vos biens. Un legs testamentaire peut entrainer une r\u00e9duction importante des taxes et imp\u00f4ts sur vos biens, car le produit du REER et les gains capitaux seront impos\u00e9s selon la valeur figurant sur votre d\u00e9claration finale.<\/p>\n<p>Nombreux sont ceux qui ignorent la possibilit\u00e9 de laisser le reste de la succession \u00e0 Lymphome Canada apr\u00e8s avoir r\u00e9alis\u00e9 tous les autres legs. Cette forme de \u00ab\u00a0legs r\u00e9siduel\u00a0\u00bb vous permet de contribuer m\u00eame si vous ne pensez pas \u00eatre riche. L\u2019Association canadienne des professionnels en dons planifi\u00e9s a soulign\u00e9 que les organismes de bienfaisance auraient des millions de dollars de plus \u00e0 leur disposition par ann\u00e9e si chaque adulte au Canada r\u00e9digeait son testament et pr\u00e9voyait un legs de $100 \u00e0 un organisme de bienfaisance.<\/p>\n<p>Une autre alternative est de laisser une somme sous forme de \u00ab\u00a0legs \u00e9ventuel\u00a0\u00bb. Vous l\u00e9guez ainsi une partie de votre patrimoine \u00e0 Lymphome Canada, si le b\u00e9n\u00e9ficiaire original ne vous survit pas. Cela vous permet de soutenir Lymphoma Canada par votre patrimoine et \u00e9vitera que vos biens soient redistribu\u00e9s par le gouvernement.<\/p>\n<p>Pour obtenir davantage de renseignements sur les legs testamentaire, ou pour nous informer que vous avez fait mention de Lymphome Canada dans votre testament, veuillez contacter vous au 1-866-659-5522 \u00a0ou par courriel \u00e0 <a title=\"LC Francis adresse de courriel\" href=\"https:\/\/www.lymphoma.ca\/fr\/webform\/renseignement@lymphoma.ca%20%20\">renseignement@lymphoma.ca<\/a>.<\/p>\n<p>&nbsp;<\/p>\n","protected":false},"excerpt":{"rendered":"<p>Nous vous remercions de consid\u00e9rer Lymphome Canada dans votre testament. C\u2019est une des fa\u00e7ons les plus simples de profiter des dons planifi\u00e9s que tout un chacun peut r\u00e9aliser. Vous pouvez&#8230;<\/p>\n","protected":false},"author":1,"featured_media":0,"parent":504,"menu_order":1,"comment_status":"closed","ping_status":"closed","template":"page-sidebar.php","meta":{"_acf_changed":false,"footnotes":""},"categories":[],"tags":[],"class_list":["post-520","page","type-page","status-publish"],"acf":[],"yoast_head":"<!-- This site is optimized with the Yoast SEO plugin v26.7 - https:\/\/yoast.com\/wordpress\/plugins\/seo\/ -->\n<title>Legs - Lymphoma Canada<\/title>\n<meta name=\"robots\" content=\"index, follow, max-snippet:-1, max-image-preview:large, max-video-preview:-1\" \/>\n<link rel=\"canonical\" href=\"https:\/\/www.lymphoma.ca\/fr\/facons-de-donner\/dons-planifies\/legs\/\" \/>\n<meta property=\"og:locale\" content=\"fr_FR\" \/>\n<meta property=\"og:type\" content=\"article\" \/>\n<meta property=\"og:title\" content=\"Legs - Lymphoma Canada\" \/>\n<meta property=\"og:description\" content=\"Nous vous remercions de consid\u00e9rer Lymphome Canada dans votre testament. C\u2019est une des fa\u00e7ons les plus simples de profiter des dons planifi\u00e9s que tout un chacun peut r\u00e9aliser. Vous pouvez...\" \/>\n<meta property=\"og:url\" content=\"https:\/\/www.lymphoma.ca\/fr\/facons-de-donner\/dons-planifies\/legs\/\" \/>\n<meta property=\"og:site_name\" content=\"Lymphoma Canada\" \/>\n<meta property=\"article:publisher\" content=\"https:\/\/www.facebook.com\/LymphomaCanada\" \/>\n<meta property=\"article:modified_time\" content=\"2020-04-17T18:41:37+00:00\" \/>\n<meta name=\"twitter:card\" content=\"summary_large_image\" \/>\n<meta name=\"twitter:site\" content=\"@lymphomacanada\" \/>\n<meta name=\"twitter:label1\" content=\"Dur\u00e9e de lecture estim\u00e9e\" \/>\n\t<meta name=\"twitter:data1\" content=\"1 minute\" \/>\n<script type=\"application\/ld+json\" class=\"yoast-schema-graph\">{\"@context\":\"https:\/\/schema.org\",\"@graph\":[{\"@type\":\"WebPage\",\"@id\":\"https:\/\/www.lymphoma.ca\/fr\/facons-de-donner\/dons-planifies\/legs\/\",\"url\":\"https:\/\/www.lymphoma.ca\/fr\/facons-de-donner\/dons-planifies\/legs\/\",\"name\":\"Legs - Lymphoma Canada\",\"isPartOf\":{\"@id\":\"https:\/\/www.lymphoma.ca\/fr\/#website\"},\"datePublished\":\"2013-04-25T02:08:21+00:00\",\"dateModified\":\"2020-04-17T18:41:37+00:00\",\"breadcrumb\":{\"@id\":\"https:\/\/www.lymphoma.ca\/fr\/facons-de-donner\/dons-planifies\/legs\/#breadcrumb\"},\"inLanguage\":\"fr-FR\",\"potentialAction\":[{\"@type\":\"ReadAction\",\"target\":[\"https:\/\/www.lymphoma.ca\/fr\/facons-de-donner\/dons-planifies\/legs\/\"]}]},{\"@type\":\"BreadcrumbList\",\"@id\":\"https:\/\/www.lymphoma.ca\/fr\/facons-de-donner\/dons-planifies\/legs\/#breadcrumb\",\"itemListElement\":[{\"@type\":\"ListItem\",\"position\":1,\"name\":\"Home\",\"item\":\"https:\/\/www.lymphoma.ca\/fr\/\"},{\"@type\":\"ListItem\",\"position\":2,\"name\":\"Fa\u00e7ons de donner\",\"item\":\"https:\/\/www.lymphoma.ca\/fr\/facons-de-donner\/\"},{\"@type\":\"ListItem\",\"position\":3,\"name\":\"Dons planifi\u00e9s\",\"item\":\"https:\/\/www.lymphoma.ca\/fr\/facons-de-donner\/dons-planifies\/\"},{\"@type\":\"ListItem\",\"position\":4,\"name\":\"Legs\"}]},{\"@type\":\"WebSite\",\"@id\":\"https:\/\/www.lymphoma.ca\/fr\/#website\",\"url\":\"https:\/\/www.lymphoma.ca\/fr\/\",\"name\":\"Lymphoma Canada\",\"description\":\"Information. Help. Hope.\",\"publisher\":{\"@id\":\"https:\/\/www.lymphoma.ca\/fr\/#organization\"},\"potentialAction\":[{\"@type\":\"SearchAction\",\"target\":{\"@type\":\"EntryPoint\",\"urlTemplate\":\"https:\/\/www.lymphoma.ca\/fr\/?s={search_term_string}\"},\"query-input\":{\"@type\":\"PropertyValueSpecification\",\"valueRequired\":true,\"valueName\":\"search_term_string\"}}],\"inLanguage\":\"fr-FR\"},{\"@type\":\"Organization\",\"@id\":\"https:\/\/www.lymphoma.ca\/fr\/#organization\",\"name\":\"Lymphoma Canada\",\"url\":\"https:\/\/www.lymphoma.ca\/fr\/\",\"logo\":{\"@type\":\"ImageObject\",\"inLanguage\":\"fr-FR\",\"@id\":\"https:\/\/www.lymphoma.ca\/fr\/#\/schema\/logo\/image\/\",\"url\":\"https:\/\/www.lymphoma.ca\/wp-content\/uploads\/2023\/05\/logo-lymphoma.jpg\",\"contentUrl\":\"https:\/\/www.lymphoma.ca\/wp-content\/uploads\/2023\/05\/logo-lymphoma.jpg\",\"width\":343,\"height\":343,\"caption\":\"Lymphoma Canada\"},\"image\":{\"@id\":\"https:\/\/www.lymphoma.ca\/fr\/#\/schema\/logo\/image\/\"},\"sameAs\":[\"https:\/\/www.facebook.com\/LymphomaCanada\",\"https:\/\/x.com\/lymphomacanada\",\"https:\/\/www.linkedin.com\/company\/lymphoma-canada\/\",\"http:\/\/instagram.com\/lymphomacanada\",\"http:\/\/www.youtube.com\/user\/LymphomaTV\"]}]}<\/script>\n<!-- \/ Yoast SEO plugin. -->","yoast_head_json":{"title":"Legs - Lymphoma Canada","robots":{"index":"index","follow":"follow","max-snippet":"max-snippet:-1","max-image-preview":"max-image-preview:large","max-video-preview":"max-video-preview:-1"},"canonical":"https:\/\/www.lymphoma.ca\/fr\/facons-de-donner\/dons-planifies\/legs\/","og_locale":"fr_FR","og_type":"article","og_title":"Legs - Lymphoma Canada","og_description":"Nous vous remercions de consid\u00e9rer Lymphome Canada dans votre testament. C\u2019est une des fa\u00e7ons les plus simples de profiter des dons planifi\u00e9s que tout un chacun peut r\u00e9aliser. Vous pouvez...","og_url":"https:\/\/www.lymphoma.ca\/fr\/facons-de-donner\/dons-planifies\/legs\/","og_site_name":"Lymphoma Canada","article_publisher":"https:\/\/www.facebook.com\/LymphomaCanada","article_modified_time":"2020-04-17T18:41:37+00:00","twitter_card":"summary_large_image","twitter_site":"@lymphomacanada","twitter_misc":{"Dur\u00e9e de lecture estim\u00e9e":"1 minute"},"schema":{"@context":"https:\/\/schema.org","@graph":[{"@type":"WebPage","@id":"https:\/\/www.lymphoma.ca\/fr\/facons-de-donner\/dons-planifies\/legs\/","url":"https:\/\/www.lymphoma.ca\/fr\/facons-de-donner\/dons-planifies\/legs\/","name":"Legs - Lymphoma Canada","isPartOf":{"@id":"https:\/\/www.lymphoma.ca\/fr\/#website"},"datePublished":"2013-04-25T02:08:21+00:00","dateModified":"2020-04-17T18:41:37+00:00","breadcrumb":{"@id":"https:\/\/www.lymphoma.ca\/fr\/facons-de-donner\/dons-planifies\/legs\/#breadcrumb"},"inLanguage":"fr-FR","potentialAction":[{"@type":"ReadAction","target":["https:\/\/www.lymphoma.ca\/fr\/facons-de-donner\/dons-planifies\/legs\/"]}]},{"@type":"BreadcrumbList","@id":"https:\/\/www.lymphoma.ca\/fr\/facons-de-donner\/dons-planifies\/legs\/#breadcrumb","itemListElement":[{"@type":"ListItem","position":1,"name":"Home","item":"https:\/\/www.lymphoma.ca\/fr\/"},{"@type":"ListItem","position":2,"name":"Fa\u00e7ons de donner","item":"https:\/\/www.lymphoma.ca\/fr\/facons-de-donner\/"},{"@type":"ListItem","position":3,"name":"Dons planifi\u00e9s","item":"https:\/\/www.lymphoma.ca\/fr\/facons-de-donner\/dons-planifies\/"},{"@type":"ListItem","position":4,"name":"Legs"}]},{"@type":"WebSite","@id":"https:\/\/www.lymphoma.ca\/fr\/#website","url":"https:\/\/www.lymphoma.ca\/fr\/","name":"Lymphoma Canada","description":"Information. Help. Hope.","publisher":{"@id":"https:\/\/www.lymphoma.ca\/fr\/#organization"},"potentialAction":[{"@type":"SearchAction","target":{"@type":"EntryPoint","urlTemplate":"https:\/\/www.lymphoma.ca\/fr\/?s={search_term_string}"},"query-input":{"@type":"PropertyValueSpecification","valueRequired":true,"valueName":"search_term_string"}}],"inLanguage":"fr-FR"},{"@type":"Organization","@id":"https:\/\/www.lymphoma.ca\/fr\/#organization","name":"Lymphoma Canada","url":"https:\/\/www.lymphoma.ca\/fr\/","logo":{"@type":"ImageObject","inLanguage":"fr-FR","@id":"https:\/\/www.lymphoma.ca\/fr\/#\/schema\/logo\/image\/","url":"https:\/\/www.lymphoma.ca\/wp-content\/uploads\/2023\/05\/logo-lymphoma.jpg","contentUrl":"https:\/\/www.lymphoma.ca\/wp-content\/uploads\/2023\/05\/logo-lymphoma.jpg","width":343,"height":343,"caption":"Lymphoma Canada"},"image":{"@id":"https:\/\/www.lymphoma.ca\/fr\/#\/schema\/logo\/image\/"},"sameAs":["https:\/\/www.facebook.com\/LymphomaCanada","https:\/\/x.com\/lymphomacanada","https:\/\/www.linkedin.com\/company\/lymphoma-canada\/","http:\/\/instagram.com\/lymphomacanada","http:\/\/www.youtube.com\/user\/LymphomaTV"]}]}},"_links":{"self":[{"href":"https:\/\/www.lymphoma.ca\/fr\/wp-json\/wp\/v2\/pages\/520","targetHints":{"allow":["GET"]}}],"collection":[{"href":"https:\/\/www.lymphoma.ca\/fr\/wp-json\/wp\/v2\/pages"}],"about":[{"href":"https:\/\/www.lymphoma.ca\/fr\/wp-json\/wp\/v2\/types\/page"}],"author":[{"embeddable":true,"href":"https:\/\/www.lymphoma.ca\/fr\/wp-json\/wp\/v2\/users\/1"}],"replies":[{"embeddable":true,"href":"https:\/\/www.lymphoma.ca\/fr\/wp-json\/wp\/v2\/comments?post=520"}],"version-history":[{"count":3,"href":"https:\/\/www.lymphoma.ca\/fr\/wp-json\/wp\/v2\/pages\/520\/revisions"}],"predecessor-version":[{"id":6447,"href":"https:\/\/www.lymphoma.ca\/fr\/wp-json\/wp\/v2\/pages\/520\/revisions\/6447"}],"up":[{"embeddable":true,"href":"https:\/\/www.lymphoma.ca\/fr\/wp-json\/wp\/v2\/pages\/504"}],"wp:attachment":[{"href":"https:\/\/www.lymphoma.ca\/fr\/wp-json\/wp\/v2\/media?parent=520"}],"wp:term":[{"taxonomy":"category","embeddable":true,"href":"https:\/\/www.lymphoma.ca\/fr\/wp-json\/wp\/v2\/categories?post=520"},{"taxonomy":"post_tag","embeddable":true,"href":"https:\/\/www.lymphoma.ca\/fr\/wp-json\/wp\/v2\/tags?post=520"}],"curies":[{"name":"wp","href":"https:\/\/api.w.org\/{rel}","templated":true}]}}