{"id":521,"date":"2013-04-25T02:10:14","date_gmt":"2013-04-25T02:10:14","guid":{"rendered":"https:\/\/www.lymphoma.ca\/?page_id=521"},"modified":"2020-02-27T17:07:30","modified_gmt":"2020-02-27T17:07:30","slug":"assurance-vie","status":"publish","type":"page","link":"https:\/\/www.lymphoma.ca\/fr\/facons-de-donner\/dons-planifies\/assurance-vie\/","title":{"rendered":"Assurance vie"},"content":{"rendered":"<h2>L\u2019Assurance-vie \u2013 une fa\u00e7on abordable de pr\u00e9voir un legs<\/h2>\n<p>Une assurance-vie offre une alternative abordable de laisser un h\u00e9ritage susceptible de transformer des vies m\u00eame apr\u00e8s votre mort. Il y a plusieurs possibilit\u00e9s pour vous servir d\u2019une assurance-vie dans le cadre de votre don planifi\u00e9.<\/p>\n<h3>Faites don d\u2019une de vos polices d\u2019assurance-vie \u00e0 Lymphome Canada<\/h3>\n<p>Vous avez le choix de nommer Lymphome Canada en tant que b\u00e9n\u00e9ficiaire d\u2019une police d\u2019assurance-vie qui se trouve dans votre possession. Vous gardez le contr\u00f4le sur la police tandis que Lymphome Canada en re\u00e7oit les droits lors de votre d\u00e9c\u00e8s.<\/p>\n<p>Comme vous demeurez propri\u00e9taire de la police, tout changement du b\u00e9n\u00e9ficiaire sera effectu\u00e9 quand vous le d\u00e9sirez. Vous pouvez obtenir une d\u00e9duction fiscale sur les primes que vous payez, mais lors de votre d\u00e9c\u00e8s, c\u2019est Lymphome Canada qui sera en mesure d\u2019\u00e9tablir un re\u00e7u pour votre patrimoine. Par ce biais, l\u2019imp\u00f4t sur le revenu de votre patrimoine sera r\u00e9duit, car les gains capitaux et le produit du REER seront impos\u00e9s par rapport \u00e0 la valeur de votre d\u00e9claration finale.<\/p>\n<h3>&nbsp;Faire don d\u2019une police enti\u00e8rement acquitt\u00e9e en la transf\u00e9rant \u00e0 Lymphome Canada<\/h3>\n<p>Parfois, on constate que notre situation financi\u00e8re change. Peut-\u00eatre poss\u00e8de-t-on des polices d\u2019assurances-vie acquitt\u00e9es dont on n\u2019a plus besoin. Dans ce cas, vous pouvez transf\u00e9rer la propri\u00e9t\u00e9 de la police enti\u00e8rement acquitt\u00e9e \u00e0 Lymphome Canada en d\u00e9signant l\u2019organisme comme b\u00e9n\u00e9ficiaire. Ce transfert \u00e9tant irr\u00e9vocable, la propri\u00e9t\u00e9 de la police est transmise d\u00e9finitivement \u00e0 Lymphome Canada. Le donateur obtiendra imm\u00e9diatement un re\u00e7u pour la valeur de rachat de la police.<\/p>\n<h3>Faire don d\u2019une police partiellement acquitt\u00e9e en la transf\u00e9rant \u00e0 Lymphome Canada<\/h3>\n<p>Une autre alternative est de transf\u00e9rer une nouvelle police ou une police partiellement acquitt\u00e9e \u00e0 Lymphome Canada en d\u00e9signant l\u2019organisme comme propri\u00e9taire et b\u00e9n\u00e9ficiaire. Ce transfert \u00e9tant irr\u00e9vocable, le contr\u00f4le de la police passe aux mains de Lymphome Canada et, par cons\u00e9quent, vous n\u2019avez plus le droit d\u2019en changer le b\u00e9n\u00e9ficiaire. N\u00e9anmoins, vous continuerez \u00e0 payer les primes pour la police et, chaque ann\u00e9e, ces paiements figureront en tant que dons sur votre d\u00e9claration de revenus.<\/p>\n<p><strong>&nbsp;<\/strong><\/p>\n","protected":false},"excerpt":{"rendered":"<p>L\u2019Assurance-vie \u2013 une fa\u00e7on abordable de pr\u00e9voir un legs Une assurance-vie offre une alternative abordable de laisser un h\u00e9ritage susceptible de transformer des vies m\u00eame apr\u00e8s votre mort. Il y&#8230;<\/p>\n","protected":false},"author":1,"featured_media":0,"parent":504,"menu_order":2,"comment_status":"closed","ping_status":"closed","template":"page-sidebar.php","meta":{"_acf_changed":false,"footnotes":""},"categories":[],"tags":[],"class_list":["post-521","page","type-page","status-publish"],"acf":[],"yoast_head":"<!-- This site is optimized with the Yoast SEO plugin v26.7 - https:\/\/yoast.com\/wordpress\/plugins\/seo\/ -->\n<title>Assurance vie - Lymphoma Canada<\/title>\n<meta name=\"robots\" content=\"index, follow, max-snippet:-1, max-image-preview:large, max-video-preview:-1\" \/>\n<link rel=\"canonical\" href=\"https:\/\/www.lymphoma.ca\/fr\/facons-de-donner\/dons-planifies\/assurance-vie\/\" \/>\n<meta property=\"og:locale\" content=\"fr_FR\" \/>\n<meta property=\"og:type\" content=\"article\" \/>\n<meta property=\"og:title\" content=\"Assurance vie - Lymphoma Canada\" \/>\n<meta property=\"og:description\" content=\"L\u2019Assurance-vie \u2013 une fa\u00e7on abordable de pr\u00e9voir un legs Une assurance-vie offre une alternative abordable de laisser un h\u00e9ritage susceptible de transformer des vies m\u00eame apr\u00e8s votre mort. Il y...\" \/>\n<meta property=\"og:url\" content=\"https:\/\/www.lymphoma.ca\/fr\/facons-de-donner\/dons-planifies\/assurance-vie\/\" \/>\n<meta property=\"og:site_name\" content=\"Lymphoma Canada\" \/>\n<meta property=\"article:publisher\" content=\"https:\/\/www.facebook.com\/LymphomaCanada\" \/>\n<meta property=\"article:modified_time\" content=\"2020-02-27T17:07:30+00:00\" \/>\n<meta name=\"twitter:card\" content=\"summary_large_image\" \/>\n<meta name=\"twitter:site\" content=\"@lymphomacanada\" \/>\n<meta name=\"twitter:label1\" content=\"Dur\u00e9e de lecture estim\u00e9e\" \/>\n\t<meta name=\"twitter:data1\" content=\"2 minutes\" \/>\n<script type=\"application\/ld+json\" class=\"yoast-schema-graph\">{\"@context\":\"https:\/\/schema.org\",\"@graph\":[{\"@type\":\"WebPage\",\"@id\":\"https:\/\/www.lymphoma.ca\/fr\/facons-de-donner\/dons-planifies\/assurance-vie\/\",\"url\":\"https:\/\/www.lymphoma.ca\/fr\/facons-de-donner\/dons-planifies\/assurance-vie\/\",\"name\":\"Assurance vie - Lymphoma Canada\",\"isPartOf\":{\"@id\":\"https:\/\/www.lymphoma.ca\/fr\/#website\"},\"datePublished\":\"2013-04-25T02:10:14+00:00\",\"dateModified\":\"2020-02-27T17:07:30+00:00\",\"breadcrumb\":{\"@id\":\"https:\/\/www.lymphoma.ca\/fr\/facons-de-donner\/dons-planifies\/assurance-vie\/#breadcrumb\"},\"inLanguage\":\"fr-FR\",\"potentialAction\":[{\"@type\":\"ReadAction\",\"target\":[\"https:\/\/www.lymphoma.ca\/fr\/facons-de-donner\/dons-planifies\/assurance-vie\/\"]}]},{\"@type\":\"BreadcrumbList\",\"@id\":\"https:\/\/www.lymphoma.ca\/fr\/facons-de-donner\/dons-planifies\/assurance-vie\/#breadcrumb\",\"itemListElement\":[{\"@type\":\"ListItem\",\"position\":1,\"name\":\"Home\",\"item\":\"https:\/\/www.lymphoma.ca\/fr\/\"},{\"@type\":\"ListItem\",\"position\":2,\"name\":\"Fa\u00e7ons de donner\",\"item\":\"https:\/\/www.lymphoma.ca\/fr\/facons-de-donner\/\"},{\"@type\":\"ListItem\",\"position\":3,\"name\":\"Dons planifi\u00e9s\",\"item\":\"https:\/\/www.lymphoma.ca\/fr\/facons-de-donner\/dons-planifies\/\"},{\"@type\":\"ListItem\",\"position\":4,\"name\":\"Assurance vie\"}]},{\"@type\":\"WebSite\",\"@id\":\"https:\/\/www.lymphoma.ca\/fr\/#website\",\"url\":\"https:\/\/www.lymphoma.ca\/fr\/\",\"name\":\"Lymphoma Canada\",\"description\":\"Information. Help. Hope.\",\"publisher\":{\"@id\":\"https:\/\/www.lymphoma.ca\/fr\/#organization\"},\"potentialAction\":[{\"@type\":\"SearchAction\",\"target\":{\"@type\":\"EntryPoint\",\"urlTemplate\":\"https:\/\/www.lymphoma.ca\/fr\/?s={search_term_string}\"},\"query-input\":{\"@type\":\"PropertyValueSpecification\",\"valueRequired\":true,\"valueName\":\"search_term_string\"}}],\"inLanguage\":\"fr-FR\"},{\"@type\":\"Organization\",\"@id\":\"https:\/\/www.lymphoma.ca\/fr\/#organization\",\"name\":\"Lymphoma Canada\",\"url\":\"https:\/\/www.lymphoma.ca\/fr\/\",\"logo\":{\"@type\":\"ImageObject\",\"inLanguage\":\"fr-FR\",\"@id\":\"https:\/\/www.lymphoma.ca\/fr\/#\/schema\/logo\/image\/\",\"url\":\"https:\/\/www.lymphoma.ca\/wp-content\/uploads\/2023\/05\/logo-lymphoma.jpg\",\"contentUrl\":\"https:\/\/www.lymphoma.ca\/wp-content\/uploads\/2023\/05\/logo-lymphoma.jpg\",\"width\":343,\"height\":343,\"caption\":\"Lymphoma Canada\"},\"image\":{\"@id\":\"https:\/\/www.lymphoma.ca\/fr\/#\/schema\/logo\/image\/\"},\"sameAs\":[\"https:\/\/www.facebook.com\/LymphomaCanada\",\"https:\/\/x.com\/lymphomacanada\",\"https:\/\/www.linkedin.com\/company\/lymphoma-canada\/\",\"http:\/\/instagram.com\/lymphomacanada\",\"http:\/\/www.youtube.com\/user\/LymphomaTV\"]}]}<\/script>\n<!-- \/ Yoast SEO plugin. -->","yoast_head_json":{"title":"Assurance vie - Lymphoma Canada","robots":{"index":"index","follow":"follow","max-snippet":"max-snippet:-1","max-image-preview":"max-image-preview:large","max-video-preview":"max-video-preview:-1"},"canonical":"https:\/\/www.lymphoma.ca\/fr\/facons-de-donner\/dons-planifies\/assurance-vie\/","og_locale":"fr_FR","og_type":"article","og_title":"Assurance vie - Lymphoma Canada","og_description":"L\u2019Assurance-vie \u2013 une fa\u00e7on abordable de pr\u00e9voir un legs Une assurance-vie offre une alternative abordable de laisser un h\u00e9ritage susceptible de transformer des vies m\u00eame apr\u00e8s votre mort. Il y...","og_url":"https:\/\/www.lymphoma.ca\/fr\/facons-de-donner\/dons-planifies\/assurance-vie\/","og_site_name":"Lymphoma Canada","article_publisher":"https:\/\/www.facebook.com\/LymphomaCanada","article_modified_time":"2020-02-27T17:07:30+00:00","twitter_card":"summary_large_image","twitter_site":"@lymphomacanada","twitter_misc":{"Dur\u00e9e de lecture estim\u00e9e":"2 minutes"},"schema":{"@context":"https:\/\/schema.org","@graph":[{"@type":"WebPage","@id":"https:\/\/www.lymphoma.ca\/fr\/facons-de-donner\/dons-planifies\/assurance-vie\/","url":"https:\/\/www.lymphoma.ca\/fr\/facons-de-donner\/dons-planifies\/assurance-vie\/","name":"Assurance vie - Lymphoma Canada","isPartOf":{"@id":"https:\/\/www.lymphoma.ca\/fr\/#website"},"datePublished":"2013-04-25T02:10:14+00:00","dateModified":"2020-02-27T17:07:30+00:00","breadcrumb":{"@id":"https:\/\/www.lymphoma.ca\/fr\/facons-de-donner\/dons-planifies\/assurance-vie\/#breadcrumb"},"inLanguage":"fr-FR","potentialAction":[{"@type":"ReadAction","target":["https:\/\/www.lymphoma.ca\/fr\/facons-de-donner\/dons-planifies\/assurance-vie\/"]}]},{"@type":"BreadcrumbList","@id":"https:\/\/www.lymphoma.ca\/fr\/facons-de-donner\/dons-planifies\/assurance-vie\/#breadcrumb","itemListElement":[{"@type":"ListItem","position":1,"name":"Home","item":"https:\/\/www.lymphoma.ca\/fr\/"},{"@type":"ListItem","position":2,"name":"Fa\u00e7ons de donner","item":"https:\/\/www.lymphoma.ca\/fr\/facons-de-donner\/"},{"@type":"ListItem","position":3,"name":"Dons planifi\u00e9s","item":"https:\/\/www.lymphoma.ca\/fr\/facons-de-donner\/dons-planifies\/"},{"@type":"ListItem","position":4,"name":"Assurance vie"}]},{"@type":"WebSite","@id":"https:\/\/www.lymphoma.ca\/fr\/#website","url":"https:\/\/www.lymphoma.ca\/fr\/","name":"Lymphoma Canada","description":"Information. Help. Hope.","publisher":{"@id":"https:\/\/www.lymphoma.ca\/fr\/#organization"},"potentialAction":[{"@type":"SearchAction","target":{"@type":"EntryPoint","urlTemplate":"https:\/\/www.lymphoma.ca\/fr\/?s={search_term_string}"},"query-input":{"@type":"PropertyValueSpecification","valueRequired":true,"valueName":"search_term_string"}}],"inLanguage":"fr-FR"},{"@type":"Organization","@id":"https:\/\/www.lymphoma.ca\/fr\/#organization","name":"Lymphoma Canada","url":"https:\/\/www.lymphoma.ca\/fr\/","logo":{"@type":"ImageObject","inLanguage":"fr-FR","@id":"https:\/\/www.lymphoma.ca\/fr\/#\/schema\/logo\/image\/","url":"https:\/\/www.lymphoma.ca\/wp-content\/uploads\/2023\/05\/logo-lymphoma.jpg","contentUrl":"https:\/\/www.lymphoma.ca\/wp-content\/uploads\/2023\/05\/logo-lymphoma.jpg","width":343,"height":343,"caption":"Lymphoma Canada"},"image":{"@id":"https:\/\/www.lymphoma.ca\/fr\/#\/schema\/logo\/image\/"},"sameAs":["https:\/\/www.facebook.com\/LymphomaCanada","https:\/\/x.com\/lymphomacanada","https:\/\/www.linkedin.com\/company\/lymphoma-canada\/","http:\/\/instagram.com\/lymphomacanada","http:\/\/www.youtube.com\/user\/LymphomaTV"]}]}},"_links":{"self":[{"href":"https:\/\/www.lymphoma.ca\/fr\/wp-json\/wp\/v2\/pages\/521","targetHints":{"allow":["GET"]}}],"collection":[{"href":"https:\/\/www.lymphoma.ca\/fr\/wp-json\/wp\/v2\/pages"}],"about":[{"href":"https:\/\/www.lymphoma.ca\/fr\/wp-json\/wp\/v2\/types\/page"}],"author":[{"embeddable":true,"href":"https:\/\/www.lymphoma.ca\/fr\/wp-json\/wp\/v2\/users\/1"}],"replies":[{"embeddable":true,"href":"https:\/\/www.lymphoma.ca\/fr\/wp-json\/wp\/v2\/comments?post=521"}],"version-history":[{"count":1,"href":"https:\/\/www.lymphoma.ca\/fr\/wp-json\/wp\/v2\/pages\/521\/revisions"}],"predecessor-version":[{"id":5288,"href":"https:\/\/www.lymphoma.ca\/fr\/wp-json\/wp\/v2\/pages\/521\/revisions\/5288"}],"up":[{"embeddable":true,"href":"https:\/\/www.lymphoma.ca\/fr\/wp-json\/wp\/v2\/pages\/504"}],"wp:attachment":[{"href":"https:\/\/www.lymphoma.ca\/fr\/wp-json\/wp\/v2\/media?parent=521"}],"wp:term":[{"taxonomy":"category","embeddable":true,"href":"https:\/\/www.lymphoma.ca\/fr\/wp-json\/wp\/v2\/categories?post=521"},{"taxonomy":"post_tag","embeddable":true,"href":"https:\/\/www.lymphoma.ca\/fr\/wp-json\/wp\/v2\/tags?post=521"}],"curies":[{"name":"wp","href":"https:\/\/api.w.org\/{rel}","templated":true}]}}