{"id":522,"date":"2013-04-25T02:11:04","date_gmt":"2013-04-25T02:11:04","guid":{"rendered":"https:\/\/www.lymphoma.ca\/?page_id=522"},"modified":"2020-02-27T17:08:37","modified_gmt":"2020-02-27T17:08:37","slug":"actions","status":"publish","type":"page","link":"https:\/\/www.lymphoma.ca\/fr\/facons-de-donner\/dons-planifies\/actions\/","title":{"rendered":"Actions"},"content":{"rendered":"<h2>Le don d&rsquo;actions \u00e0 Lymphome Canada<strong><\/strong><\/h2>\n<p>Donner des actions \u00e0 Lymphome Canada peut \u00eatre une mani\u00e8re simple et rentable de donner.<\/p>\n<p>Vous pouvez transf\u00e9rer les actions par voie \u00e9lectronique \u00e0 Lymphome Canada et nous vous remettrons un re\u00e7u fiscal qui repr\u00e9sentera leur juste valeur de march\u00e9. Si la valeur de ces actions a augment\u00e9, il n&rsquo;y aura pas d&rsquo;imp\u00f4t sur les gains en capital. Vous ne paierez aucun imp\u00f4t sur l&rsquo;augmentation de la valeur \u00e0 partir du moment o\u00f9 vous avez pris possession jusqu&rsquo;au moment o\u00f9 vous nous avez transf\u00e9r\u00e9 les actions et vous obtiendrez le cr\u00e9dit fiscal repr\u00e9sentant le montant plus \u00e9lev\u00e9.<\/p>\n<p>Si vous laissez des actions, des parts ou des valeurs \u00e0 Lymphome Canada dans votre testament, votre succession profitera des m\u00eames avantages fiscaux.<\/p>\n<p>Pour \u00e9viter de payer de l&rsquo;imp\u00f4t sur les gains en capital, vous devez transf\u00e9rer vos actions directement \u00e0 Lymphome Canada et ne pas les encaisser pr\u00e9alablement.<\/p>\n","protected":false},"excerpt":{"rendered":"<p>Le don d&rsquo;actions \u00e0 Lymphome Canada Donner des actions \u00e0 Lymphome Canada peut \u00eatre une mani\u00e8re simple et rentable de donner. Vous pouvez transf\u00e9rer les actions par voie \u00e9lectronique \u00e0&#8230;<\/p>\n","protected":false},"author":1,"featured_media":0,"parent":504,"menu_order":3,"comment_status":"closed","ping_status":"closed","template":"page-sidebar.php","meta":{"_acf_changed":false,"footnotes":""},"categories":[],"tags":[],"class_list":["post-522","page","type-page","status-publish"],"acf":[],"yoast_head":"<!-- This site is optimized with the Yoast SEO plugin v26.7 - https:\/\/yoast.com\/wordpress\/plugins\/seo\/ -->\n<title>Actions - Lymphoma Canada<\/title>\n<meta name=\"robots\" content=\"index, follow, max-snippet:-1, max-image-preview:large, max-video-preview:-1\" \/>\n<link rel=\"canonical\" href=\"https:\/\/www.lymphoma.ca\/fr\/facons-de-donner\/dons-planifies\/actions\/\" \/>\n<meta property=\"og:locale\" content=\"fr_FR\" \/>\n<meta property=\"og:type\" content=\"article\" \/>\n<meta property=\"og:title\" content=\"Actions - Lymphoma Canada\" \/>\n<meta property=\"og:description\" content=\"Le don d&rsquo;actions \u00e0 Lymphome Canada Donner des actions \u00e0 Lymphome Canada peut \u00eatre une mani\u00e8re simple et rentable de donner. Vous pouvez transf\u00e9rer les actions par voie \u00e9lectronique \u00e0...\" \/>\n<meta property=\"og:url\" content=\"https:\/\/www.lymphoma.ca\/fr\/facons-de-donner\/dons-planifies\/actions\/\" \/>\n<meta property=\"og:site_name\" content=\"Lymphoma Canada\" \/>\n<meta property=\"article:publisher\" content=\"https:\/\/www.facebook.com\/LymphomaCanada\" \/>\n<meta property=\"article:modified_time\" content=\"2020-02-27T17:08:37+00:00\" \/>\n<meta name=\"twitter:card\" content=\"summary_large_image\" \/>\n<meta name=\"twitter:site\" content=\"@lymphomacanada\" \/>\n<meta name=\"twitter:label1\" content=\"Dur\u00e9e de lecture estim\u00e9e\" \/>\n\t<meta name=\"twitter:data1\" content=\"1 minute\" \/>\n<script type=\"application\/ld+json\" class=\"yoast-schema-graph\">{\"@context\":\"https:\/\/schema.org\",\"@graph\":[{\"@type\":\"WebPage\",\"@id\":\"https:\/\/www.lymphoma.ca\/fr\/facons-de-donner\/dons-planifies\/actions\/\",\"url\":\"https:\/\/www.lymphoma.ca\/fr\/facons-de-donner\/dons-planifies\/actions\/\",\"name\":\"Actions - Lymphoma Canada\",\"isPartOf\":{\"@id\":\"https:\/\/www.lymphoma.ca\/fr\/#website\"},\"datePublished\":\"2013-04-25T02:11:04+00:00\",\"dateModified\":\"2020-02-27T17:08:37+00:00\",\"breadcrumb\":{\"@id\":\"https:\/\/www.lymphoma.ca\/fr\/facons-de-donner\/dons-planifies\/actions\/#breadcrumb\"},\"inLanguage\":\"fr-FR\",\"potentialAction\":[{\"@type\":\"ReadAction\",\"target\":[\"https:\/\/www.lymphoma.ca\/fr\/facons-de-donner\/dons-planifies\/actions\/\"]}]},{\"@type\":\"BreadcrumbList\",\"@id\":\"https:\/\/www.lymphoma.ca\/fr\/facons-de-donner\/dons-planifies\/actions\/#breadcrumb\",\"itemListElement\":[{\"@type\":\"ListItem\",\"position\":1,\"name\":\"Home\",\"item\":\"https:\/\/www.lymphoma.ca\/fr\/\"},{\"@type\":\"ListItem\",\"position\":2,\"name\":\"Fa\u00e7ons de donner\",\"item\":\"https:\/\/www.lymphoma.ca\/fr\/facons-de-donner\/\"},{\"@type\":\"ListItem\",\"position\":3,\"name\":\"Dons planifi\u00e9s\",\"item\":\"https:\/\/www.lymphoma.ca\/fr\/facons-de-donner\/dons-planifies\/\"},{\"@type\":\"ListItem\",\"position\":4,\"name\":\"Actions\"}]},{\"@type\":\"WebSite\",\"@id\":\"https:\/\/www.lymphoma.ca\/fr\/#website\",\"url\":\"https:\/\/www.lymphoma.ca\/fr\/\",\"name\":\"Lymphoma Canada\",\"description\":\"Information. Help. Hope.\",\"publisher\":{\"@id\":\"https:\/\/www.lymphoma.ca\/fr\/#organization\"},\"potentialAction\":[{\"@type\":\"SearchAction\",\"target\":{\"@type\":\"EntryPoint\",\"urlTemplate\":\"https:\/\/www.lymphoma.ca\/fr\/?s={search_term_string}\"},\"query-input\":{\"@type\":\"PropertyValueSpecification\",\"valueRequired\":true,\"valueName\":\"search_term_string\"}}],\"inLanguage\":\"fr-FR\"},{\"@type\":\"Organization\",\"@id\":\"https:\/\/www.lymphoma.ca\/fr\/#organization\",\"name\":\"Lymphoma Canada\",\"url\":\"https:\/\/www.lymphoma.ca\/fr\/\",\"logo\":{\"@type\":\"ImageObject\",\"inLanguage\":\"fr-FR\",\"@id\":\"https:\/\/www.lymphoma.ca\/fr\/#\/schema\/logo\/image\/\",\"url\":\"https:\/\/www.lymphoma.ca\/wp-content\/uploads\/2023\/05\/logo-lymphoma.jpg\",\"contentUrl\":\"https:\/\/www.lymphoma.ca\/wp-content\/uploads\/2023\/05\/logo-lymphoma.jpg\",\"width\":343,\"height\":343,\"caption\":\"Lymphoma Canada\"},\"image\":{\"@id\":\"https:\/\/www.lymphoma.ca\/fr\/#\/schema\/logo\/image\/\"},\"sameAs\":[\"https:\/\/www.facebook.com\/LymphomaCanada\",\"https:\/\/x.com\/lymphomacanada\",\"https:\/\/www.linkedin.com\/company\/lymphoma-canada\/\",\"http:\/\/instagram.com\/lymphomacanada\",\"http:\/\/www.youtube.com\/user\/LymphomaTV\"]}]}<\/script>\n<!-- \/ Yoast SEO plugin. -->","yoast_head_json":{"title":"Actions - Lymphoma Canada","robots":{"index":"index","follow":"follow","max-snippet":"max-snippet:-1","max-image-preview":"max-image-preview:large","max-video-preview":"max-video-preview:-1"},"canonical":"https:\/\/www.lymphoma.ca\/fr\/facons-de-donner\/dons-planifies\/actions\/","og_locale":"fr_FR","og_type":"article","og_title":"Actions - Lymphoma Canada","og_description":"Le don d&rsquo;actions \u00e0 Lymphome Canada Donner des actions \u00e0 Lymphome Canada peut \u00eatre une mani\u00e8re simple et rentable de donner. Vous pouvez transf\u00e9rer les actions par voie \u00e9lectronique \u00e0...","og_url":"https:\/\/www.lymphoma.ca\/fr\/facons-de-donner\/dons-planifies\/actions\/","og_site_name":"Lymphoma Canada","article_publisher":"https:\/\/www.facebook.com\/LymphomaCanada","article_modified_time":"2020-02-27T17:08:37+00:00","twitter_card":"summary_large_image","twitter_site":"@lymphomacanada","twitter_misc":{"Dur\u00e9e de lecture estim\u00e9e":"1 minute"},"schema":{"@context":"https:\/\/schema.org","@graph":[{"@type":"WebPage","@id":"https:\/\/www.lymphoma.ca\/fr\/facons-de-donner\/dons-planifies\/actions\/","url":"https:\/\/www.lymphoma.ca\/fr\/facons-de-donner\/dons-planifies\/actions\/","name":"Actions - Lymphoma Canada","isPartOf":{"@id":"https:\/\/www.lymphoma.ca\/fr\/#website"},"datePublished":"2013-04-25T02:11:04+00:00","dateModified":"2020-02-27T17:08:37+00:00","breadcrumb":{"@id":"https:\/\/www.lymphoma.ca\/fr\/facons-de-donner\/dons-planifies\/actions\/#breadcrumb"},"inLanguage":"fr-FR","potentialAction":[{"@type":"ReadAction","target":["https:\/\/www.lymphoma.ca\/fr\/facons-de-donner\/dons-planifies\/actions\/"]}]},{"@type":"BreadcrumbList","@id":"https:\/\/www.lymphoma.ca\/fr\/facons-de-donner\/dons-planifies\/actions\/#breadcrumb","itemListElement":[{"@type":"ListItem","position":1,"name":"Home","item":"https:\/\/www.lymphoma.ca\/fr\/"},{"@type":"ListItem","position":2,"name":"Fa\u00e7ons de donner","item":"https:\/\/www.lymphoma.ca\/fr\/facons-de-donner\/"},{"@type":"ListItem","position":3,"name":"Dons planifi\u00e9s","item":"https:\/\/www.lymphoma.ca\/fr\/facons-de-donner\/dons-planifies\/"},{"@type":"ListItem","position":4,"name":"Actions"}]},{"@type":"WebSite","@id":"https:\/\/www.lymphoma.ca\/fr\/#website","url":"https:\/\/www.lymphoma.ca\/fr\/","name":"Lymphoma Canada","description":"Information. Help. Hope.","publisher":{"@id":"https:\/\/www.lymphoma.ca\/fr\/#organization"},"potentialAction":[{"@type":"SearchAction","target":{"@type":"EntryPoint","urlTemplate":"https:\/\/www.lymphoma.ca\/fr\/?s={search_term_string}"},"query-input":{"@type":"PropertyValueSpecification","valueRequired":true,"valueName":"search_term_string"}}],"inLanguage":"fr-FR"},{"@type":"Organization","@id":"https:\/\/www.lymphoma.ca\/fr\/#organization","name":"Lymphoma Canada","url":"https:\/\/www.lymphoma.ca\/fr\/","logo":{"@type":"ImageObject","inLanguage":"fr-FR","@id":"https:\/\/www.lymphoma.ca\/fr\/#\/schema\/logo\/image\/","url":"https:\/\/www.lymphoma.ca\/wp-content\/uploads\/2023\/05\/logo-lymphoma.jpg","contentUrl":"https:\/\/www.lymphoma.ca\/wp-content\/uploads\/2023\/05\/logo-lymphoma.jpg","width":343,"height":343,"caption":"Lymphoma Canada"},"image":{"@id":"https:\/\/www.lymphoma.ca\/fr\/#\/schema\/logo\/image\/"},"sameAs":["https:\/\/www.facebook.com\/LymphomaCanada","https:\/\/x.com\/lymphomacanada","https:\/\/www.linkedin.com\/company\/lymphoma-canada\/","http:\/\/instagram.com\/lymphomacanada","http:\/\/www.youtube.com\/user\/LymphomaTV"]}]}},"_links":{"self":[{"href":"https:\/\/www.lymphoma.ca\/fr\/wp-json\/wp\/v2\/pages\/522","targetHints":{"allow":["GET"]}}],"collection":[{"href":"https:\/\/www.lymphoma.ca\/fr\/wp-json\/wp\/v2\/pages"}],"about":[{"href":"https:\/\/www.lymphoma.ca\/fr\/wp-json\/wp\/v2\/types\/page"}],"author":[{"embeddable":true,"href":"https:\/\/www.lymphoma.ca\/fr\/wp-json\/wp\/v2\/users\/1"}],"replies":[{"embeddable":true,"href":"https:\/\/www.lymphoma.ca\/fr\/wp-json\/wp\/v2\/comments?post=522"}],"version-history":[{"count":1,"href":"https:\/\/www.lymphoma.ca\/fr\/wp-json\/wp\/v2\/pages\/522\/revisions"}],"predecessor-version":[{"id":5289,"href":"https:\/\/www.lymphoma.ca\/fr\/wp-json\/wp\/v2\/pages\/522\/revisions\/5289"}],"up":[{"embeddable":true,"href":"https:\/\/www.lymphoma.ca\/fr\/wp-json\/wp\/v2\/pages\/504"}],"wp:attachment":[{"href":"https:\/\/www.lymphoma.ca\/fr\/wp-json\/wp\/v2\/media?parent=522"}],"wp:term":[{"taxonomy":"category","embeddable":true,"href":"https:\/\/www.lymphoma.ca\/fr\/wp-json\/wp\/v2\/categories?post=522"},{"taxonomy":"post_tag","embeddable":true,"href":"https:\/\/www.lymphoma.ca\/fr\/wp-json\/wp\/v2\/tags?post=522"}],"curies":[{"name":"wp","href":"https:\/\/api.w.org\/{rel}","templated":true}]}}