{"id":524,"date":"2013-04-25T02:12:44","date_gmt":"2013-04-25T02:12:44","guid":{"rendered":"https:\/\/www.lymphoma.ca\/?page_id=524"},"modified":"2020-02-27T17:10:36","modified_gmt":"2020-02-27T17:10:36","slug":"fiducie-residuaire-de-bienfaisance","status":"publish","type":"page","link":"https:\/\/www.lymphoma.ca\/fr\/facons-de-donner\/dons-planifies\/fiducie-residuaire-de-bienfaisance\/","title":{"rendered":"Fiducie r\u00e9siduaire de bienfaisance"},"content":{"rendered":"<h2>Fiducie r\u00e9siduaire de bienfaisance<\/h2>\n<h3>Laisser un h\u00e9ritage tout en conservant des revenues garanties \u00e0 vie<\/h3>\n<p>Une fiducie r\u00e9siduaire de bienfaisance peut s\u2019av\u00e9rer un outil efficace pour la gestion de votre patrimoine si vous disposez d\u2019actifs comme des titres ou biens immobiliers dont la valeur a consid\u00e9rablement augment\u00e9. La fiducie vous assure des revenus \u00e0 vie et des b\u00e9n\u00e9fices fiscaux imm\u00e9diats. En m\u00eame temps, vous avez la garantie que vos biens soutiendront la mission de Lymphome Canada et la certitude de laisser un h\u00e9ritage derri\u00e8re vous.<\/p>\n<h3>Le fonctionnement d\u2019une fiducie:<\/h3>\n<p>Vous \u00e9tablissez la fiducie et contribuez r\u00e9guli\u00e8rement de l\u2019argent ou des biens \u00e0 cette fiducie.<\/p>\n<p>Vous d\u00e9signez un b\u00e9n\u00e9ficiaire du revenu, et c\u2019est cette personne qui re\u00e7oit le revenu g\u00e9n\u00e9r\u00e9 par la fiducie. Ceci se poursuit tout au long de la vie du b\u00e9n\u00e9ficiaire ou pendant le nombre d\u2019ann\u00e9es fix\u00e9 dans le contrat. Si vous le souhaitez, vous pouvez vous d\u00e9signer vous-m\u00eame en tant que b\u00e9n\u00e9ficiaire du revenu.<\/p>\n<p>Les biens que vous destinez \u00e0 la fiducie y resteront sans que personne ne puisse y toucher.<\/p>\n<p>Vous recevez un re\u00e7u fiscal pour la valeur des biens que vous l\u00e9guez \u00e0 la fiducie.<\/p>\n<p>Lymphome Canada obtiendra les biens lors du d\u00e9c\u00e8s du b\u00e9n\u00e9ficiaire ou apr\u00e8s le nombre convenu d\u2019ann\u00e9es.<\/p>\n","protected":false},"excerpt":{"rendered":"<p>Fiducie r\u00e9siduaire de bienfaisance Laisser un h\u00e9ritage tout en conservant des revenues garanties \u00e0 vie Une fiducie r\u00e9siduaire de bienfaisance peut s\u2019av\u00e9rer un outil efficace pour la gestion de votre&#8230;<\/p>\n","protected":false},"author":1,"featured_media":0,"parent":504,"menu_order":5,"comment_status":"closed","ping_status":"closed","template":"page-sidebar.php","meta":{"_acf_changed":false,"footnotes":""},"categories":[],"tags":[],"class_list":["post-524","page","type-page","status-publish"],"acf":[],"yoast_head":"<!-- This site is optimized with the Yoast SEO plugin v26.7 - https:\/\/yoast.com\/wordpress\/plugins\/seo\/ -->\n<title>Fiducie r\u00e9siduaire de bienfaisance - Lymphoma Canada<\/title>\n<meta name=\"robots\" content=\"index, follow, max-snippet:-1, max-image-preview:large, max-video-preview:-1\" \/>\n<link rel=\"canonical\" href=\"https:\/\/www.lymphoma.ca\/fr\/facons-de-donner\/dons-planifies\/fiducie-residuaire-de-bienfaisance\/\" \/>\n<meta property=\"og:locale\" content=\"fr_FR\" \/>\n<meta property=\"og:type\" content=\"article\" \/>\n<meta property=\"og:title\" content=\"Fiducie r\u00e9siduaire de bienfaisance - Lymphoma Canada\" \/>\n<meta property=\"og:description\" content=\"Fiducie r\u00e9siduaire de bienfaisance Laisser un h\u00e9ritage tout en conservant des revenues garanties \u00e0 vie Une fiducie r\u00e9siduaire de bienfaisance peut s\u2019av\u00e9rer un outil efficace pour la gestion de votre...\" \/>\n<meta property=\"og:url\" content=\"https:\/\/www.lymphoma.ca\/fr\/facons-de-donner\/dons-planifies\/fiducie-residuaire-de-bienfaisance\/\" \/>\n<meta property=\"og:site_name\" content=\"Lymphoma Canada\" \/>\n<meta property=\"article:publisher\" content=\"https:\/\/www.facebook.com\/LymphomaCanada\" \/>\n<meta property=\"article:modified_time\" content=\"2020-02-27T17:10:36+00:00\" \/>\n<meta name=\"twitter:card\" content=\"summary_large_image\" \/>\n<meta name=\"twitter:site\" content=\"@lymphomacanada\" \/>\n<meta name=\"twitter:label1\" content=\"Dur\u00e9e de lecture estim\u00e9e\" \/>\n\t<meta name=\"twitter:data1\" content=\"1 minute\" \/>\n<script type=\"application\/ld+json\" class=\"yoast-schema-graph\">{\"@context\":\"https:\/\/schema.org\",\"@graph\":[{\"@type\":\"WebPage\",\"@id\":\"https:\/\/www.lymphoma.ca\/fr\/facons-de-donner\/dons-planifies\/fiducie-residuaire-de-bienfaisance\/\",\"url\":\"https:\/\/www.lymphoma.ca\/fr\/facons-de-donner\/dons-planifies\/fiducie-residuaire-de-bienfaisance\/\",\"name\":\"Fiducie r\u00e9siduaire de bienfaisance - Lymphoma Canada\",\"isPartOf\":{\"@id\":\"https:\/\/www.lymphoma.ca\/fr\/#website\"},\"datePublished\":\"2013-04-25T02:12:44+00:00\",\"dateModified\":\"2020-02-27T17:10:36+00:00\",\"breadcrumb\":{\"@id\":\"https:\/\/www.lymphoma.ca\/fr\/facons-de-donner\/dons-planifies\/fiducie-residuaire-de-bienfaisance\/#breadcrumb\"},\"inLanguage\":\"fr-FR\",\"potentialAction\":[{\"@type\":\"ReadAction\",\"target\":[\"https:\/\/www.lymphoma.ca\/fr\/facons-de-donner\/dons-planifies\/fiducie-residuaire-de-bienfaisance\/\"]}]},{\"@type\":\"BreadcrumbList\",\"@id\":\"https:\/\/www.lymphoma.ca\/fr\/facons-de-donner\/dons-planifies\/fiducie-residuaire-de-bienfaisance\/#breadcrumb\",\"itemListElement\":[{\"@type\":\"ListItem\",\"position\":1,\"name\":\"Home\",\"item\":\"https:\/\/www.lymphoma.ca\/fr\/\"},{\"@type\":\"ListItem\",\"position\":2,\"name\":\"Fa\u00e7ons de donner\",\"item\":\"https:\/\/www.lymphoma.ca\/fr\/facons-de-donner\/\"},{\"@type\":\"ListItem\",\"position\":3,\"name\":\"Dons planifi\u00e9s\",\"item\":\"https:\/\/www.lymphoma.ca\/fr\/facons-de-donner\/dons-planifies\/\"},{\"@type\":\"ListItem\",\"position\":4,\"name\":\"Fiducie r\u00e9siduaire de bienfaisance\"}]},{\"@type\":\"WebSite\",\"@id\":\"https:\/\/www.lymphoma.ca\/fr\/#website\",\"url\":\"https:\/\/www.lymphoma.ca\/fr\/\",\"name\":\"Lymphoma Canada\",\"description\":\"Information. Help. Hope.\",\"publisher\":{\"@id\":\"https:\/\/www.lymphoma.ca\/fr\/#organization\"},\"potentialAction\":[{\"@type\":\"SearchAction\",\"target\":{\"@type\":\"EntryPoint\",\"urlTemplate\":\"https:\/\/www.lymphoma.ca\/fr\/?s={search_term_string}\"},\"query-input\":{\"@type\":\"PropertyValueSpecification\",\"valueRequired\":true,\"valueName\":\"search_term_string\"}}],\"inLanguage\":\"fr-FR\"},{\"@type\":\"Organization\",\"@id\":\"https:\/\/www.lymphoma.ca\/fr\/#organization\",\"name\":\"Lymphoma Canada\",\"url\":\"https:\/\/www.lymphoma.ca\/fr\/\",\"logo\":{\"@type\":\"ImageObject\",\"inLanguage\":\"fr-FR\",\"@id\":\"https:\/\/www.lymphoma.ca\/fr\/#\/schema\/logo\/image\/\",\"url\":\"https:\/\/www.lymphoma.ca\/wp-content\/uploads\/2023\/05\/logo-lymphoma.jpg\",\"contentUrl\":\"https:\/\/www.lymphoma.ca\/wp-content\/uploads\/2023\/05\/logo-lymphoma.jpg\",\"width\":343,\"height\":343,\"caption\":\"Lymphoma Canada\"},\"image\":{\"@id\":\"https:\/\/www.lymphoma.ca\/fr\/#\/schema\/logo\/image\/\"},\"sameAs\":[\"https:\/\/www.facebook.com\/LymphomaCanada\",\"https:\/\/x.com\/lymphomacanada\",\"https:\/\/www.linkedin.com\/company\/lymphoma-canada\/\",\"http:\/\/instagram.com\/lymphomacanada\",\"http:\/\/www.youtube.com\/user\/LymphomaTV\"]}]}<\/script>\n<!-- \/ Yoast SEO plugin. -->","yoast_head_json":{"title":"Fiducie r\u00e9siduaire de bienfaisance - Lymphoma Canada","robots":{"index":"index","follow":"follow","max-snippet":"max-snippet:-1","max-image-preview":"max-image-preview:large","max-video-preview":"max-video-preview:-1"},"canonical":"https:\/\/www.lymphoma.ca\/fr\/facons-de-donner\/dons-planifies\/fiducie-residuaire-de-bienfaisance\/","og_locale":"fr_FR","og_type":"article","og_title":"Fiducie r\u00e9siduaire de bienfaisance - Lymphoma Canada","og_description":"Fiducie r\u00e9siduaire de bienfaisance Laisser un h\u00e9ritage tout en conservant des revenues garanties \u00e0 vie Une fiducie r\u00e9siduaire de bienfaisance peut s\u2019av\u00e9rer un outil efficace pour la gestion de votre...","og_url":"https:\/\/www.lymphoma.ca\/fr\/facons-de-donner\/dons-planifies\/fiducie-residuaire-de-bienfaisance\/","og_site_name":"Lymphoma Canada","article_publisher":"https:\/\/www.facebook.com\/LymphomaCanada","article_modified_time":"2020-02-27T17:10:36+00:00","twitter_card":"summary_large_image","twitter_site":"@lymphomacanada","twitter_misc":{"Dur\u00e9e de lecture estim\u00e9e":"1 minute"},"schema":{"@context":"https:\/\/schema.org","@graph":[{"@type":"WebPage","@id":"https:\/\/www.lymphoma.ca\/fr\/facons-de-donner\/dons-planifies\/fiducie-residuaire-de-bienfaisance\/","url":"https:\/\/www.lymphoma.ca\/fr\/facons-de-donner\/dons-planifies\/fiducie-residuaire-de-bienfaisance\/","name":"Fiducie r\u00e9siduaire de bienfaisance - Lymphoma Canada","isPartOf":{"@id":"https:\/\/www.lymphoma.ca\/fr\/#website"},"datePublished":"2013-04-25T02:12:44+00:00","dateModified":"2020-02-27T17:10:36+00:00","breadcrumb":{"@id":"https:\/\/www.lymphoma.ca\/fr\/facons-de-donner\/dons-planifies\/fiducie-residuaire-de-bienfaisance\/#breadcrumb"},"inLanguage":"fr-FR","potentialAction":[{"@type":"ReadAction","target":["https:\/\/www.lymphoma.ca\/fr\/facons-de-donner\/dons-planifies\/fiducie-residuaire-de-bienfaisance\/"]}]},{"@type":"BreadcrumbList","@id":"https:\/\/www.lymphoma.ca\/fr\/facons-de-donner\/dons-planifies\/fiducie-residuaire-de-bienfaisance\/#breadcrumb","itemListElement":[{"@type":"ListItem","position":1,"name":"Home","item":"https:\/\/www.lymphoma.ca\/fr\/"},{"@type":"ListItem","position":2,"name":"Fa\u00e7ons de donner","item":"https:\/\/www.lymphoma.ca\/fr\/facons-de-donner\/"},{"@type":"ListItem","position":3,"name":"Dons planifi\u00e9s","item":"https:\/\/www.lymphoma.ca\/fr\/facons-de-donner\/dons-planifies\/"},{"@type":"ListItem","position":4,"name":"Fiducie r\u00e9siduaire de bienfaisance"}]},{"@type":"WebSite","@id":"https:\/\/www.lymphoma.ca\/fr\/#website","url":"https:\/\/www.lymphoma.ca\/fr\/","name":"Lymphoma Canada","description":"Information. Help. Hope.","publisher":{"@id":"https:\/\/www.lymphoma.ca\/fr\/#organization"},"potentialAction":[{"@type":"SearchAction","target":{"@type":"EntryPoint","urlTemplate":"https:\/\/www.lymphoma.ca\/fr\/?s={search_term_string}"},"query-input":{"@type":"PropertyValueSpecification","valueRequired":true,"valueName":"search_term_string"}}],"inLanguage":"fr-FR"},{"@type":"Organization","@id":"https:\/\/www.lymphoma.ca\/fr\/#organization","name":"Lymphoma Canada","url":"https:\/\/www.lymphoma.ca\/fr\/","logo":{"@type":"ImageObject","inLanguage":"fr-FR","@id":"https:\/\/www.lymphoma.ca\/fr\/#\/schema\/logo\/image\/","url":"https:\/\/www.lymphoma.ca\/wp-content\/uploads\/2023\/05\/logo-lymphoma.jpg","contentUrl":"https:\/\/www.lymphoma.ca\/wp-content\/uploads\/2023\/05\/logo-lymphoma.jpg","width":343,"height":343,"caption":"Lymphoma Canada"},"image":{"@id":"https:\/\/www.lymphoma.ca\/fr\/#\/schema\/logo\/image\/"},"sameAs":["https:\/\/www.facebook.com\/LymphomaCanada","https:\/\/x.com\/lymphomacanada","https:\/\/www.linkedin.com\/company\/lymphoma-canada\/","http:\/\/instagram.com\/lymphomacanada","http:\/\/www.youtube.com\/user\/LymphomaTV"]}]}},"_links":{"self":[{"href":"https:\/\/www.lymphoma.ca\/fr\/wp-json\/wp\/v2\/pages\/524","targetHints":{"allow":["GET"]}}],"collection":[{"href":"https:\/\/www.lymphoma.ca\/fr\/wp-json\/wp\/v2\/pages"}],"about":[{"href":"https:\/\/www.lymphoma.ca\/fr\/wp-json\/wp\/v2\/types\/page"}],"author":[{"embeddable":true,"href":"https:\/\/www.lymphoma.ca\/fr\/wp-json\/wp\/v2\/users\/1"}],"replies":[{"embeddable":true,"href":"https:\/\/www.lymphoma.ca\/fr\/wp-json\/wp\/v2\/comments?post=524"}],"version-history":[{"count":1,"href":"https:\/\/www.lymphoma.ca\/fr\/wp-json\/wp\/v2\/pages\/524\/revisions"}],"predecessor-version":[{"id":5291,"href":"https:\/\/www.lymphoma.ca\/fr\/wp-json\/wp\/v2\/pages\/524\/revisions\/5291"}],"up":[{"embeddable":true,"href":"https:\/\/www.lymphoma.ca\/fr\/wp-json\/wp\/v2\/pages\/504"}],"wp:attachment":[{"href":"https:\/\/www.lymphoma.ca\/fr\/wp-json\/wp\/v2\/media?parent=524"}],"wp:term":[{"taxonomy":"category","embeddable":true,"href":"https:\/\/www.lymphoma.ca\/fr\/wp-json\/wp\/v2\/categories?post=524"},{"taxonomy":"post_tag","embeddable":true,"href":"https:\/\/www.lymphoma.ca\/fr\/wp-json\/wp\/v2\/tags?post=524"}],"curies":[{"name":"wp","href":"https:\/\/api.w.org\/{rel}","templated":true}]}}