{"id":525,"date":"2013-04-25T02:13:48","date_gmt":"2013-04-25T02:13:48","guid":{"rendered":"https:\/\/www.lymphoma.ca\/?page_id=525"},"modified":"2020-02-27T17:11:23","modified_gmt":"2020-02-27T17:11:23","slug":"le-don-dinteret-residuel","status":"publish","type":"page","link":"https:\/\/www.lymphoma.ca\/fr\/facons-de-donner\/dons-planifies\/le-don-dinteret-residuel\/","title":{"rendered":"Le don d&rsquo;int\u00e9r\u00eat r\u00e9siduel"},"content":{"rendered":"<h2>Un don d\u2019int\u00e9r\u00eat r\u00e9siduel<\/h2>\n<p>Cette variante d\u2019un don planifi\u00e9 vous permet de donner des biens non seulement aujourd\u2019hui, mais aussi d\u2019en profiter pendant le reste de votre vie. Nous vous \u00e9mettons imm\u00e9diatement un re\u00e7u d\u2019imp\u00f4t pour don de bienfaisance. Par ce biais, vous pouvez faire don de terres, d\u2019immobilier, d\u2019\u0153uvres d\u2019art ou d\u2019autres objets de valeur. Le nombre d\u2019ann\u00e9es pendant lesquelles vous voulez garder un int\u00e9r\u00eat dans la propri\u00e9t\u00e9 ainsi que l\u2019actuelle valeur marchande seront consid\u00e9r\u00e9s lors de la d\u00e9termination de la valeur figurant sur votre re\u00e7u fiscal. Si la somme sur le re\u00e7u d\u00e9passe les 75% de votre revenu de l\u2019ann\u00e9e au cours de laquelle vous faites le don, vous pouvez reporter prospectivement le surplus du cr\u00e9dit d\u2019imp\u00f4t sur une p\u00e9riode allant jusqu\u2019\u00e0 cinq ans.<\/p>\n","protected":false},"excerpt":{"rendered":"<p>Un don d\u2019int\u00e9r\u00eat r\u00e9siduel Cette variante d\u2019un don planifi\u00e9 vous permet de donner des biens non seulement aujourd\u2019hui, mais aussi d\u2019en profiter pendant le reste de votre vie. Nous vous&#8230;<\/p>\n","protected":false},"author":1,"featured_media":0,"parent":504,"menu_order":0,"comment_status":"closed","ping_status":"closed","template":"page-sidebar.php","meta":{"_acf_changed":false,"footnotes":""},"categories":[],"tags":[],"class_list":["post-525","page","type-page","status-publish"],"acf":[],"yoast_head":"<!-- This site is optimized with the Yoast SEO plugin v26.7 - https:\/\/yoast.com\/wordpress\/plugins\/seo\/ -->\n<title>Le don d&#039;int\u00e9r\u00eat r\u00e9siduel - Lymphoma Canada<\/title>\n<meta name=\"robots\" content=\"index, follow, max-snippet:-1, max-image-preview:large, max-video-preview:-1\" \/>\n<link rel=\"canonical\" href=\"https:\/\/www.lymphoma.ca\/fr\/facons-de-donner\/dons-planifies\/le-don-dinteret-residuel\/\" \/>\n<meta property=\"og:locale\" content=\"fr_FR\" \/>\n<meta property=\"og:type\" content=\"article\" \/>\n<meta property=\"og:title\" content=\"Le don d&#039;int\u00e9r\u00eat r\u00e9siduel - Lymphoma Canada\" \/>\n<meta property=\"og:description\" content=\"Un don d\u2019int\u00e9r\u00eat r\u00e9siduel Cette variante d\u2019un don planifi\u00e9 vous permet de donner des biens non seulement aujourd\u2019hui, mais aussi d\u2019en profiter pendant le reste de votre vie. Nous vous...\" \/>\n<meta property=\"og:url\" content=\"https:\/\/www.lymphoma.ca\/fr\/facons-de-donner\/dons-planifies\/le-don-dinteret-residuel\/\" \/>\n<meta property=\"og:site_name\" content=\"Lymphoma Canada\" \/>\n<meta property=\"article:publisher\" content=\"https:\/\/www.facebook.com\/LymphomaCanada\" \/>\n<meta property=\"article:modified_time\" content=\"2020-02-27T17:11:23+00:00\" \/>\n<meta name=\"twitter:card\" content=\"summary_large_image\" \/>\n<meta name=\"twitter:site\" content=\"@lymphomacanada\" \/>\n<meta name=\"twitter:label1\" content=\"Dur\u00e9e de lecture estim\u00e9e\" \/>\n\t<meta name=\"twitter:data1\" content=\"1 minute\" \/>\n<script type=\"application\/ld+json\" class=\"yoast-schema-graph\">{\"@context\":\"https:\/\/schema.org\",\"@graph\":[{\"@type\":\"WebPage\",\"@id\":\"https:\/\/www.lymphoma.ca\/fr\/facons-de-donner\/dons-planifies\/le-don-dinteret-residuel\/\",\"url\":\"https:\/\/www.lymphoma.ca\/fr\/facons-de-donner\/dons-planifies\/le-don-dinteret-residuel\/\",\"name\":\"Le don d'int\u00e9r\u00eat r\u00e9siduel - Lymphoma Canada\",\"isPartOf\":{\"@id\":\"https:\/\/www.lymphoma.ca\/fr\/#website\"},\"datePublished\":\"2013-04-25T02:13:48+00:00\",\"dateModified\":\"2020-02-27T17:11:23+00:00\",\"breadcrumb\":{\"@id\":\"https:\/\/www.lymphoma.ca\/fr\/facons-de-donner\/dons-planifies\/le-don-dinteret-residuel\/#breadcrumb\"},\"inLanguage\":\"fr-FR\",\"potentialAction\":[{\"@type\":\"ReadAction\",\"target\":[\"https:\/\/www.lymphoma.ca\/fr\/facons-de-donner\/dons-planifies\/le-don-dinteret-residuel\/\"]}]},{\"@type\":\"BreadcrumbList\",\"@id\":\"https:\/\/www.lymphoma.ca\/fr\/facons-de-donner\/dons-planifies\/le-don-dinteret-residuel\/#breadcrumb\",\"itemListElement\":[{\"@type\":\"ListItem\",\"position\":1,\"name\":\"Home\",\"item\":\"https:\/\/www.lymphoma.ca\/fr\/\"},{\"@type\":\"ListItem\",\"position\":2,\"name\":\"Fa\u00e7ons de donner\",\"item\":\"https:\/\/www.lymphoma.ca\/fr\/facons-de-donner\/\"},{\"@type\":\"ListItem\",\"position\":3,\"name\":\"Dons planifi\u00e9s\",\"item\":\"https:\/\/www.lymphoma.ca\/fr\/facons-de-donner\/dons-planifies\/\"},{\"@type\":\"ListItem\",\"position\":4,\"name\":\"Le don d&rsquo;int\u00e9r\u00eat r\u00e9siduel\"}]},{\"@type\":\"WebSite\",\"@id\":\"https:\/\/www.lymphoma.ca\/fr\/#website\",\"url\":\"https:\/\/www.lymphoma.ca\/fr\/\",\"name\":\"Lymphoma Canada\",\"description\":\"Information. Help. Hope.\",\"publisher\":{\"@id\":\"https:\/\/www.lymphoma.ca\/fr\/#organization\"},\"potentialAction\":[{\"@type\":\"SearchAction\",\"target\":{\"@type\":\"EntryPoint\",\"urlTemplate\":\"https:\/\/www.lymphoma.ca\/fr\/?s={search_term_string}\"},\"query-input\":{\"@type\":\"PropertyValueSpecification\",\"valueRequired\":true,\"valueName\":\"search_term_string\"}}],\"inLanguage\":\"fr-FR\"},{\"@type\":\"Organization\",\"@id\":\"https:\/\/www.lymphoma.ca\/fr\/#organization\",\"name\":\"Lymphoma Canada\",\"url\":\"https:\/\/www.lymphoma.ca\/fr\/\",\"logo\":{\"@type\":\"ImageObject\",\"inLanguage\":\"fr-FR\",\"@id\":\"https:\/\/www.lymphoma.ca\/fr\/#\/schema\/logo\/image\/\",\"url\":\"https:\/\/www.lymphoma.ca\/wp-content\/uploads\/2023\/05\/logo-lymphoma.jpg\",\"contentUrl\":\"https:\/\/www.lymphoma.ca\/wp-content\/uploads\/2023\/05\/logo-lymphoma.jpg\",\"width\":343,\"height\":343,\"caption\":\"Lymphoma Canada\"},\"image\":{\"@id\":\"https:\/\/www.lymphoma.ca\/fr\/#\/schema\/logo\/image\/\"},\"sameAs\":[\"https:\/\/www.facebook.com\/LymphomaCanada\",\"https:\/\/x.com\/lymphomacanada\",\"https:\/\/www.linkedin.com\/company\/lymphoma-canada\/\",\"http:\/\/instagram.com\/lymphomacanada\",\"http:\/\/www.youtube.com\/user\/LymphomaTV\"]}]}<\/script>\n<!-- \/ Yoast SEO plugin. -->","yoast_head_json":{"title":"Le don d'int\u00e9r\u00eat r\u00e9siduel - Lymphoma Canada","robots":{"index":"index","follow":"follow","max-snippet":"max-snippet:-1","max-image-preview":"max-image-preview:large","max-video-preview":"max-video-preview:-1"},"canonical":"https:\/\/www.lymphoma.ca\/fr\/facons-de-donner\/dons-planifies\/le-don-dinteret-residuel\/","og_locale":"fr_FR","og_type":"article","og_title":"Le don d'int\u00e9r\u00eat r\u00e9siduel - Lymphoma Canada","og_description":"Un don d\u2019int\u00e9r\u00eat r\u00e9siduel Cette variante d\u2019un don planifi\u00e9 vous permet de donner des biens non seulement aujourd\u2019hui, mais aussi d\u2019en profiter pendant le reste de votre vie. Nous vous...","og_url":"https:\/\/www.lymphoma.ca\/fr\/facons-de-donner\/dons-planifies\/le-don-dinteret-residuel\/","og_site_name":"Lymphoma Canada","article_publisher":"https:\/\/www.facebook.com\/LymphomaCanada","article_modified_time":"2020-02-27T17:11:23+00:00","twitter_card":"summary_large_image","twitter_site":"@lymphomacanada","twitter_misc":{"Dur\u00e9e de lecture estim\u00e9e":"1 minute"},"schema":{"@context":"https:\/\/schema.org","@graph":[{"@type":"WebPage","@id":"https:\/\/www.lymphoma.ca\/fr\/facons-de-donner\/dons-planifies\/le-don-dinteret-residuel\/","url":"https:\/\/www.lymphoma.ca\/fr\/facons-de-donner\/dons-planifies\/le-don-dinteret-residuel\/","name":"Le don d'int\u00e9r\u00eat r\u00e9siduel - Lymphoma Canada","isPartOf":{"@id":"https:\/\/www.lymphoma.ca\/fr\/#website"},"datePublished":"2013-04-25T02:13:48+00:00","dateModified":"2020-02-27T17:11:23+00:00","breadcrumb":{"@id":"https:\/\/www.lymphoma.ca\/fr\/facons-de-donner\/dons-planifies\/le-don-dinteret-residuel\/#breadcrumb"},"inLanguage":"fr-FR","potentialAction":[{"@type":"ReadAction","target":["https:\/\/www.lymphoma.ca\/fr\/facons-de-donner\/dons-planifies\/le-don-dinteret-residuel\/"]}]},{"@type":"BreadcrumbList","@id":"https:\/\/www.lymphoma.ca\/fr\/facons-de-donner\/dons-planifies\/le-don-dinteret-residuel\/#breadcrumb","itemListElement":[{"@type":"ListItem","position":1,"name":"Home","item":"https:\/\/www.lymphoma.ca\/fr\/"},{"@type":"ListItem","position":2,"name":"Fa\u00e7ons de donner","item":"https:\/\/www.lymphoma.ca\/fr\/facons-de-donner\/"},{"@type":"ListItem","position":3,"name":"Dons planifi\u00e9s","item":"https:\/\/www.lymphoma.ca\/fr\/facons-de-donner\/dons-planifies\/"},{"@type":"ListItem","position":4,"name":"Le don d&rsquo;int\u00e9r\u00eat r\u00e9siduel"}]},{"@type":"WebSite","@id":"https:\/\/www.lymphoma.ca\/fr\/#website","url":"https:\/\/www.lymphoma.ca\/fr\/","name":"Lymphoma Canada","description":"Information. Help. Hope.","publisher":{"@id":"https:\/\/www.lymphoma.ca\/fr\/#organization"},"potentialAction":[{"@type":"SearchAction","target":{"@type":"EntryPoint","urlTemplate":"https:\/\/www.lymphoma.ca\/fr\/?s={search_term_string}"},"query-input":{"@type":"PropertyValueSpecification","valueRequired":true,"valueName":"search_term_string"}}],"inLanguage":"fr-FR"},{"@type":"Organization","@id":"https:\/\/www.lymphoma.ca\/fr\/#organization","name":"Lymphoma Canada","url":"https:\/\/www.lymphoma.ca\/fr\/","logo":{"@type":"ImageObject","inLanguage":"fr-FR","@id":"https:\/\/www.lymphoma.ca\/fr\/#\/schema\/logo\/image\/","url":"https:\/\/www.lymphoma.ca\/wp-content\/uploads\/2023\/05\/logo-lymphoma.jpg","contentUrl":"https:\/\/www.lymphoma.ca\/wp-content\/uploads\/2023\/05\/logo-lymphoma.jpg","width":343,"height":343,"caption":"Lymphoma Canada"},"image":{"@id":"https:\/\/www.lymphoma.ca\/fr\/#\/schema\/logo\/image\/"},"sameAs":["https:\/\/www.facebook.com\/LymphomaCanada","https:\/\/x.com\/lymphomacanada","https:\/\/www.linkedin.com\/company\/lymphoma-canada\/","http:\/\/instagram.com\/lymphomacanada","http:\/\/www.youtube.com\/user\/LymphomaTV"]}]}},"_links":{"self":[{"href":"https:\/\/www.lymphoma.ca\/fr\/wp-json\/wp\/v2\/pages\/525","targetHints":{"allow":["GET"]}}],"collection":[{"href":"https:\/\/www.lymphoma.ca\/fr\/wp-json\/wp\/v2\/pages"}],"about":[{"href":"https:\/\/www.lymphoma.ca\/fr\/wp-json\/wp\/v2\/types\/page"}],"author":[{"embeddable":true,"href":"https:\/\/www.lymphoma.ca\/fr\/wp-json\/wp\/v2\/users\/1"}],"replies":[{"embeddable":true,"href":"https:\/\/www.lymphoma.ca\/fr\/wp-json\/wp\/v2\/comments?post=525"}],"version-history":[{"count":1,"href":"https:\/\/www.lymphoma.ca\/fr\/wp-json\/wp\/v2\/pages\/525\/revisions"}],"predecessor-version":[{"id":5292,"href":"https:\/\/www.lymphoma.ca\/fr\/wp-json\/wp\/v2\/pages\/525\/revisions\/5292"}],"up":[{"embeddable":true,"href":"https:\/\/www.lymphoma.ca\/fr\/wp-json\/wp\/v2\/pages\/504"}],"wp:attachment":[{"href":"https:\/\/www.lymphoma.ca\/fr\/wp-json\/wp\/v2\/media?parent=525"}],"wp:term":[{"taxonomy":"category","embeddable":true,"href":"https:\/\/www.lymphoma.ca\/fr\/wp-json\/wp\/v2\/categories?post=525"},{"taxonomy":"post_tag","embeddable":true,"href":"https:\/\/www.lymphoma.ca\/fr\/wp-json\/wp\/v2\/tags?post=525"}],"curies":[{"name":"wp","href":"https:\/\/api.w.org\/{rel}","templated":true}]}}